{"id":49729,"date":"2025-03-17T10:47:02","date_gmt":"2025-03-17T09:47:02","guid":{"rendered":"https:\/\/product-guide.org\/produkt\/alpina-haga-radhelm-51-56-cm-11-white-gloss-sportolino\/"},"modified":"2025-03-17T10:47:03","modified_gmt":"2025-03-17T09:47:03","slug":"alpina-haga-radhelm-51-56-cm-11-white-gloss-sportolino","status":"publish","type":"product","link":"https:\/\/product-guide.org\/en\/produkt\/alpina-haga-radhelm-51-56-cm-11-white-gloss-sportolino\/","title":{"rendered":"Alpina Haga Radhelm (51-56 cm, 11 white gloss) | Sportolino"},"content":{"rendered":"<p>Der Alpina Haga Radhelm verbindet Eigenschaften wie sportlich, dynamisch und gleichzeitig reduziert. Gemacht f\u00fcr aktive Pendler und urbane Radler mit hohen Anspr\u00fcchen an den eigenen Stil und Sicherheit. Dank Hi-EPS, einer perfekten Passform und der Inmould-Bauweise sch\u00fctzt der Fahrradhelm im Falle eines Aufpralls. Eine im Lieferumfang enthaltene R\u00fcckleuchte ist gut positioniert, der Tr\u00e4ger wird von anderen Verkehrsteilnehmern fr\u00fcher gesehen. Durch die Helmstege wird ein leichter &#8230;<\/p>\n","protected":false},"excerpt":{"rendered":"<p>Der Alpina Haga Radhelm verbindet Eigenschaften wie sportlich, dynamisch und gleichzeitig reduziert. Gemacht f\u00fcr aktive Pendler und urbane Radler mit hohen Anspr\u00fcchen an den eigenen Stil und Sicherheit. Dank Hi-EPS, einer perfekten Passform und der Inmould-Bauweise sch\u00fctzt der Fahrradhelm im Falle eines Aufpralls. Eine im Lieferumfang enthaltene R\u00fcckleuchte ist gut positioniert, der Tr\u00e4ger wird von [&hellip;]<\/p>\n","protected":false},"featured_media":49728,"template":"","meta":{"_gspb_post_css":""},"store":[],"product_brand":[1371],"product_cat":[1290],"product_tag":[],"class_list":{"0":"post-49729","1":"product","2":"type-product","3":"status-publish","4":"has-post-thumbnail","6":"product_brand-sportolino-de","7":"product_cat-uncategorized","9":"first","10":"instock","11":"shipping-taxable","12":"purchasable","13":"product-type-simple"},"yoast_head":"<!-- This site is optimized with the Yoast SEO plugin v24.6 - https:\/\/yoast.com\/wordpress\/plugins\/seo\/ -->\n<title>Alpina Haga Radhelm (51-56 cm, 11 white gloss) | Sportolino | Product-Guide.org<\/title>\n<meta name=\"description\" content=\"Alpina Haga Radhelm (51-56 cm, 11 white gloss) | Sportolino gefunden von Product-Guide.org\" \/>\n<meta name=\"robots\" content=\"index, follow, max-snippet:-1, max-image-preview:large, max-video-preview:-1\" \/>\n<link rel=\"canonical\" href=\"https:\/\/product-guide.org\/en\/produkt\/alpina-haga-radhelm-51-56-cm-11-white-gloss-sportolino\/\" \/>\n<meta property=\"og:locale\" content=\"en_GB\" \/>\n<meta property=\"og:type\" content=\"article\" \/>\n<meta property=\"og:title\" content=\"Alpina Haga Radhelm (51-56 cm, 11 white gloss) | Sportolino | Product-Guide.org\" \/>\n<meta property=\"og:description\" content=\"Alpina Haga Radhelm (51-56 cm, 11 white gloss) | Sportolino gefunden von Product-Guide.org\" \/>\n<meta property=\"og:url\" content=\"https:\/\/product-guide.org\/en\/produkt\/alpina-haga-radhelm-51-56-cm-11-white-gloss-sportolino\/\" \/>\n<meta property=\"og:site_name\" content=\"Product-Guide.org\" \/>\n<meta property=\"article:modified_time\" content=\"2025-03-17T09:47:03+00:00\" \/>\n<meta name=\"twitter:card\" content=\"summary_large_image\" \/>\n<script type=\"application\/ld+json\" class=\"yoast-schema-graph\">{\"@context\":\"https:\/\/schema.org\",\"@graph\":[{\"@type\":\"WebPage\",\"@id\":\"https:\/\/product-guide.org\/produkt\/alpina-haga-radhelm-51-56-cm-11-white-gloss-sportolino\/\",\"url\":\"https:\/\/product-guide.org\/produkt\/alpina-haga-radhelm-51-56-cm-11-white-gloss-sportolino\/\",\"name\":\"Alpina Haga Radhelm (51-56 cm, 11 white gloss) | Sportolino | Product-Guide.org\",\"isPartOf\":{\"@id\":\"https:\/\/product-guide.org\/#website\"},\"primaryImageOfPage\":{\"@id\":\"https:\/\/product-guide.org\/produkt\/alpina-haga-radhelm-51-56-cm-11-white-gloss-sportolino\/#primaryimage\"},\"image\":{\"@id\":\"https:\/\/product-guide.org\/produkt\/alpina-haga-radhelm-51-56-cm-11-white-gloss-sportolino\/#primaryimage\"},\"thumbnailUrl\":\"https:\/\/product-guide.org\/wp-content\/uploads\/2025\/03\/A9742111_20250306.jpg\",\"datePublished\":\"2025-03-17T09:47:02+00:00\",\"dateModified\":\"2025-03-17T09:47:03+00:00\",\"description\":\"Alpina Haga Radhelm (51-56 cm, 11 white gloss) | Sportolino gefunden von Product-Guide.org\",\"breadcrumb\":{\"@id\":\"https:\/\/product-guide.org\/produkt\/alpina-haga-radhelm-51-56-cm-11-white-gloss-sportolino\/#breadcrumb\"},\"inLanguage\":\"en-GB\",\"potentialAction\":[{\"@type\":\"ReadAction\",\"target\":[\"https:\/\/product-guide.org\/produkt\/alpina-haga-radhelm-51-56-cm-11-white-gloss-sportolino\/\"]}]},{\"@type\":\"ImageObject\",\"inLanguage\":\"en-GB\",\"@id\":\"https:\/\/product-guide.org\/produkt\/alpina-haga-radhelm-51-56-cm-11-white-gloss-sportolino\/#primaryimage\",\"url\":\"https:\/\/product-guide.org\/wp-content\/uploads\/2025\/03\/A9742111_20250306.jpg\",\"contentUrl\":\"https:\/\/product-guide.org\/wp-content\/uploads\/2025\/03\/A9742111_20250306.jpg\",\"width\":1434,\"height\":1500},{\"@type\":\"BreadcrumbList\",\"@id\":\"https:\/\/product-guide.org\/produkt\/alpina-haga-radhelm-51-56-cm-11-white-gloss-sportolino\/#breadcrumb\",\"itemListElement\":[{\"@type\":\"ListItem\",\"position\":1,\"name\":\"Home\",\"item\":\"https:\/\/product-guide.org\/\"},{\"@type\":\"ListItem\",\"position\":2,\"name\":\"Ergebnisse\",\"item\":\"https:\/\/product-guide.org\/de\/ergebnisse\/\"},{\"@type\":\"ListItem\",\"position\":3,\"name\":\"Alpina Haga Radhelm (51-56 cm, 11 white gloss) | Sportolino\"}]},{\"@type\":\"WebSite\",\"@id\":\"https:\/\/product-guide.org\/#website\",\"url\":\"https:\/\/product-guide.org\/\",\"name\":\"Product-Guide.org\",\"description\":\"What Product are you looking for?\",\"publisher\":{\"@id\":\"https:\/\/product-guide.org\/#organization\"},\"potentialAction\":[{\"@type\":\"SearchAction\",\"target\":{\"@type\":\"EntryPoint\",\"urlTemplate\":\"https:\/\/product-guide.org\/?s={search_term_string}\"},\"query-input\":{\"@type\":\"PropertyValueSpecification\",\"valueRequired\":true,\"valueName\":\"search_term_string\"}}],\"inLanguage\":\"en-GB\"},{\"@type\":\"Organization\",\"@id\":\"https:\/\/product-guide.org\/#organization\",\"name\":\"Product-Guide.org\",\"url\":\"https:\/\/product-guide.org\/\",\"logo\":{\"@type\":\"ImageObject\",\"inLanguage\":\"en-GB\",\"@id\":\"https:\/\/product-guide.org\/#\/schema\/logo\/image\/\",\"url\":\"https:\/\/product-guide.org\/wp-content\/uploads\/2022\/07\/logo_transparent_background.png\",\"contentUrl\":\"https:\/\/product-guide.org\/wp-content\/uploads\/2022\/07\/logo_transparent_background.png\",\"width\":3400,\"height\":1132,\"caption\":\"Product-Guide.org\"},\"image\":{\"@id\":\"https:\/\/product-guide.org\/#\/schema\/logo\/image\/\"}}]}<\/script>\n<!-- \/ Yoast SEO plugin. -->","yoast_head_json":{"title":"Alpina Haga Radhelm (51-56 cm, 11 white gloss) | Sportolino | Product-Guide.org","description":"Alpina Haga Radhelm (51-56 cm, 11 white gloss) | Sportolino gefunden von Product-Guide.org","robots":{"index":"index","follow":"follow","max-snippet":"max-snippet:-1","max-image-preview":"max-image-preview:large","max-video-preview":"max-video-preview:-1"},"canonical":"https:\/\/product-guide.org\/en\/produkt\/alpina-haga-radhelm-51-56-cm-11-white-gloss-sportolino\/","og_locale":"en_GB","og_type":"article","og_title":"Alpina Haga Radhelm (51-56 cm, 11 white gloss) | Sportolino | Product-Guide.org","og_description":"Alpina Haga Radhelm (51-56 cm, 11 white gloss) | Sportolino gefunden von Product-Guide.org","og_url":"https:\/\/product-guide.org\/en\/produkt\/alpina-haga-radhelm-51-56-cm-11-white-gloss-sportolino\/","og_site_name":"Product-Guide.org","article_modified_time":"2025-03-17T09:47:03+00:00","twitter_card":"summary_large_image","schema":{"@context":"https:\/\/schema.org","@graph":[{"@type":"WebPage","@id":"https:\/\/product-guide.org\/produkt\/alpina-haga-radhelm-51-56-cm-11-white-gloss-sportolino\/","url":"https:\/\/product-guide.org\/produkt\/alpina-haga-radhelm-51-56-cm-11-white-gloss-sportolino\/","name":"Alpina Haga Radhelm (51-56 cm, 11 white gloss) | Sportolino | Product-Guide.org","isPartOf":{"@id":"https:\/\/product-guide.org\/#website"},"primaryImageOfPage":{"@id":"https:\/\/product-guide.org\/produkt\/alpina-haga-radhelm-51-56-cm-11-white-gloss-sportolino\/#primaryimage"},"image":{"@id":"https:\/\/product-guide.org\/produkt\/alpina-haga-radhelm-51-56-cm-11-white-gloss-sportolino\/#primaryimage"},"thumbnailUrl":"https:\/\/product-guide.org\/wp-content\/uploads\/2025\/03\/A9742111_20250306.jpg","datePublished":"2025-03-17T09:47:02+00:00","dateModified":"2025-03-17T09:47:03+00:00","description":"Alpina Haga Radhelm (51-56 cm, 11 white gloss) | Sportolino gefunden von Product-Guide.org","breadcrumb":{"@id":"https:\/\/product-guide.org\/produkt\/alpina-haga-radhelm-51-56-cm-11-white-gloss-sportolino\/#breadcrumb"},"inLanguage":"en-GB","potentialAction":[{"@type":"ReadAction","target":["https:\/\/product-guide.org\/produkt\/alpina-haga-radhelm-51-56-cm-11-white-gloss-sportolino\/"]}]},{"@type":"ImageObject","inLanguage":"en-GB","@id":"https:\/\/product-guide.org\/produkt\/alpina-haga-radhelm-51-56-cm-11-white-gloss-sportolino\/#primaryimage","url":"https:\/\/product-guide.org\/wp-content\/uploads\/2025\/03\/A9742111_20250306.jpg","contentUrl":"https:\/\/product-guide.org\/wp-content\/uploads\/2025\/03\/A9742111_20250306.jpg","width":1434,"height":1500},{"@type":"BreadcrumbList","@id":"https:\/\/product-guide.org\/produkt\/alpina-haga-radhelm-51-56-cm-11-white-gloss-sportolino\/#breadcrumb","itemListElement":[{"@type":"ListItem","position":1,"name":"Home","item":"https:\/\/product-guide.org\/"},{"@type":"ListItem","position":2,"name":"Ergebnisse","item":"https:\/\/product-guide.org\/de\/ergebnisse\/"},{"@type":"ListItem","position":3,"name":"Alpina Haga Radhelm (51-56 cm, 11 white gloss) | Sportolino"}]},{"@type":"WebSite","@id":"https:\/\/product-guide.org\/#website","url":"https:\/\/product-guide.org\/","name":"Product-Guide.org","description":"What Product are you looking for?","publisher":{"@id":"https:\/\/product-guide.org\/#organization"},"potentialAction":[{"@type":"SearchAction","target":{"@type":"EntryPoint","urlTemplate":"https:\/\/product-guide.org\/?s={search_term_string}"},"query-input":{"@type":"PropertyValueSpecification","valueRequired":true,"valueName":"search_term_string"}}],"inLanguage":"en-GB"},{"@type":"Organization","@id":"https:\/\/product-guide.org\/#organization","name":"Product-Guide.org","url":"https:\/\/product-guide.org\/","logo":{"@type":"ImageObject","inLanguage":"en-GB","@id":"https:\/\/product-guide.org\/#\/schema\/logo\/image\/","url":"https:\/\/product-guide.org\/wp-content\/uploads\/2022\/07\/logo_transparent_background.png","contentUrl":"https:\/\/product-guide.org\/wp-content\/uploads\/2022\/07\/logo_transparent_background.png","width":3400,"height":1132,"caption":"Product-Guide.org"},"image":{"@id":"https:\/\/product-guide.org\/#\/schema\/logo\/image\/"}}]}},"_links":{"self":[{"href":"https:\/\/product-guide.org\/en\/wp-json\/wp\/v2\/product\/49729","targetHints":{"allow":["GET"]}}],"collection":[{"href":"https:\/\/product-guide.org\/en\/wp-json\/wp\/v2\/product"}],"about":[{"href":"https:\/\/product-guide.org\/en\/wp-json\/wp\/v2\/types\/product"}],"wp:featuredmedia":[{"embeddable":true,"href":"https:\/\/product-guide.org\/en\/wp-json\/wp\/v2\/media\/49728"}],"wp:attachment":[{"href":"https:\/\/product-guide.org\/en\/wp-json\/wp\/v2\/media?parent=49729"}],"wp:term":[{"taxonomy":"store","embeddable":true,"href":"https:\/\/product-guide.org\/en\/wp-json\/wp\/v2\/store?post=49729"},{"taxonomy":"product_brand","embeddable":true,"href":"https:\/\/product-guide.org\/en\/wp-json\/wp\/v2\/product_brand?post=49729"},{"taxonomy":"product_cat","embeddable":true,"href":"https:\/\/product-guide.org\/en\/wp-json\/wp\/v2\/product_cat?post=49729"},{"taxonomy":"product_tag","embeddable":true,"href":"https:\/\/product-guide.org\/en\/wp-json\/wp\/v2\/product_tag?post=49729"}],"curies":[{"name":"wp","href":"https:\/\/api.w.org\/{rel}","templated":true}]}}