{"id":49741,"date":"2025-03-17T10:47:10","date_gmt":"2025-03-17T09:47:10","guid":{"rendered":"https:\/\/product-guide.org\/produkt\/alpina-mythos-3-0-l-e-fahrradhelm-57-62-cm-91-coffee-grey-matt-sportolino\/"},"modified":"2025-03-17T10:47:11","modified_gmt":"2025-03-17T09:47:11","slug":"alpina-mythos-3-0-l-e-fahrradhelm-57-62-cm-91-coffee-grey-matt-sportolino","status":"publish","type":"product","link":"https:\/\/product-guide.org\/en\/produkt\/alpina-mythos-3-0-l-e-fahrradhelm-57-62-cm-91-coffee-grey-matt-sportolino\/","title":{"rendered":"Alpina Mythos 3.0 L.E. Fahrradhelm (57-62 cm, 91 coffee\/grey matt) | Sportolino"},"content":{"rendered":"<p>Ausgezeichneter Kopfschutz f\u00fcr Style bewusste Biker, der Alpina Mythos 3.0 L.E. Fahrradhelm. Der Radhelm in verschiedenen Trendfarben und besonders gut bel\u00fcftet, mit 25 Bel\u00fcftungs\u00f6ffnungen. Durch das neue Runsystem Ergo Pro kann der Helm mittels Komfort-Drehknopf individuell auf die jeweilige Kopfgr\u00f6\u00dfe angepasst werden. Das System verf\u00fcgt zus\u00e4tzlich \u00fcber Druck verteilende Kopfst\u00fctzen. Ein Steckschild sch\u00fctzt das Gesicht sowohl vor spritzendem Dreck als auch vor &#8230;<\/p>\n","protected":false},"excerpt":{"rendered":"<p>Ausgezeichneter Kopfschutz f\u00fcr Style bewusste Biker, der Alpina Mythos 3.0 L.E. Fahrradhelm. Der Radhelm in verschiedenen Trendfarben und besonders gut bel\u00fcftet, mit 25 Bel\u00fcftungs\u00f6ffnungen. Durch das neue Runsystem Ergo Pro kann der Helm mittels Komfort-Drehknopf individuell auf die jeweilige Kopfgr\u00f6\u00dfe angepasst werden. Das System verf\u00fcgt zus\u00e4tzlich \u00fcber Druck verteilende Kopfst\u00fctzen. Ein Steckschild sch\u00fctzt das Gesicht [&hellip;]<\/p>\n","protected":false},"featured_media":49740,"template":"","meta":{"_gspb_post_css":""},"store":[],"product_brand":[1371],"product_cat":[1290],"product_tag":[],"class_list":{"0":"post-49741","1":"product","2":"type-product","3":"status-publish","4":"has-post-thumbnail","6":"product_brand-sportolino-de","7":"product_cat-uncategorized","9":"first","10":"instock","11":"shipping-taxable","12":"purchasable","13":"product-type-simple"},"yoast_head":"<!-- This site is optimized with the Yoast SEO plugin v24.6 - https:\/\/yoast.com\/wordpress\/plugins\/seo\/ -->\n<title>Alpina Mythos 3.0 L.E. Fahrradhelm (57-62 cm, 91 coffee\/grey matt) | Sportolino | Product-Guide.org<\/title>\n<meta name=\"description\" content=\"Alpina Mythos 3.0 L.E. Fahrradhelm (57-62 cm, 91 coffee\/grey matt) | Sportolino gefunden von Product-Guide.org\" \/>\n<meta name=\"robots\" content=\"index, follow, max-snippet:-1, max-image-preview:large, max-video-preview:-1\" \/>\n<link rel=\"canonical\" href=\"https:\/\/product-guide.org\/en\/produkt\/alpina-mythos-3-0-l-e-fahrradhelm-57-62-cm-91-coffee-grey-matt-sportolino\/\" \/>\n<meta property=\"og:locale\" content=\"en_GB\" \/>\n<meta property=\"og:type\" content=\"article\" \/>\n<meta property=\"og:title\" content=\"Alpina Mythos 3.0 L.E. Fahrradhelm (57-62 cm, 91 coffee\/grey matt) | Sportolino | Product-Guide.org\" \/>\n<meta property=\"og:description\" content=\"Alpina Mythos 3.0 L.E. Fahrradhelm (57-62 cm, 91 coffee\/grey matt) | Sportolino gefunden von Product-Guide.org\" \/>\n<meta property=\"og:url\" content=\"https:\/\/product-guide.org\/en\/produkt\/alpina-mythos-3-0-l-e-fahrradhelm-57-62-cm-91-coffee-grey-matt-sportolino\/\" \/>\n<meta property=\"og:site_name\" content=\"Product-Guide.org\" \/>\n<meta property=\"article:modified_time\" content=\"2025-03-17T09:47:11+00:00\" \/>\n<meta name=\"twitter:card\" content=\"summary_large_image\" \/>\n<script type=\"application\/ld+json\" class=\"yoast-schema-graph\">{\"@context\":\"https:\/\/schema.org\",\"@graph\":[{\"@type\":\"WebPage\",\"@id\":\"https:\/\/product-guide.org\/produkt\/alpina-mythos-3-0-l-e-fahrradhelm-57-62-cm-91-coffee-grey-matt-sportolino\/\",\"url\":\"https:\/\/product-guide.org\/produkt\/alpina-mythos-3-0-l-e-fahrradhelm-57-62-cm-91-coffee-grey-matt-sportolino\/\",\"name\":\"Alpina Mythos 3.0 L.E. Fahrradhelm (57-62 cm, 91 coffee\/grey matt) | Sportolino | Product-Guide.org\",\"isPartOf\":{\"@id\":\"https:\/\/product-guide.org\/#website\"},\"primaryImageOfPage\":{\"@id\":\"https:\/\/product-guide.org\/produkt\/alpina-mythos-3-0-l-e-fahrradhelm-57-62-cm-91-coffee-grey-matt-sportolino\/#primaryimage\"},\"image\":{\"@id\":\"https:\/\/product-guide.org\/produkt\/alpina-mythos-3-0-l-e-fahrradhelm-57-62-cm-91-coffee-grey-matt-sportolino\/#primaryimage\"},\"thumbnailUrl\":\"https:\/\/product-guide.org\/wp-content\/uploads\/2025\/03\/A9713_X_38_Main_20200914.jpg\",\"datePublished\":\"2025-03-17T09:47:10+00:00\",\"dateModified\":\"2025-03-17T09:47:11+00:00\",\"description\":\"Alpina Mythos 3.0 L.E. Fahrradhelm (57-62 cm, 91 coffee\/grey matt) | Sportolino gefunden von Product-Guide.org\",\"breadcrumb\":{\"@id\":\"https:\/\/product-guide.org\/produkt\/alpina-mythos-3-0-l-e-fahrradhelm-57-62-cm-91-coffee-grey-matt-sportolino\/#breadcrumb\"},\"inLanguage\":\"en-GB\",\"potentialAction\":[{\"@type\":\"ReadAction\",\"target\":[\"https:\/\/product-guide.org\/produkt\/alpina-mythos-3-0-l-e-fahrradhelm-57-62-cm-91-coffee-grey-matt-sportolino\/\"]}]},{\"@type\":\"ImageObject\",\"inLanguage\":\"en-GB\",\"@id\":\"https:\/\/product-guide.org\/produkt\/alpina-mythos-3-0-l-e-fahrradhelm-57-62-cm-91-coffee-grey-matt-sportolino\/#primaryimage\",\"url\":\"https:\/\/product-guide.org\/wp-content\/uploads\/2025\/03\/A9713_X_38_Main_20200914.jpg\",\"contentUrl\":\"https:\/\/product-guide.org\/wp-content\/uploads\/2025\/03\/A9713_X_38_Main_20200914.jpg\",\"width\":1489,\"height\":1500},{\"@type\":\"BreadcrumbList\",\"@id\":\"https:\/\/product-guide.org\/produkt\/alpina-mythos-3-0-l-e-fahrradhelm-57-62-cm-91-coffee-grey-matt-sportolino\/#breadcrumb\",\"itemListElement\":[{\"@type\":\"ListItem\",\"position\":1,\"name\":\"Home\",\"item\":\"https:\/\/product-guide.org\/\"},{\"@type\":\"ListItem\",\"position\":2,\"name\":\"Ergebnisse\",\"item\":\"https:\/\/product-guide.org\/de\/ergebnisse\/\"},{\"@type\":\"ListItem\",\"position\":3,\"name\":\"Alpina Mythos 3.0 L.E. Fahrradhelm (57-62 cm, 91 coffee\/grey matt) | Sportolino\"}]},{\"@type\":\"WebSite\",\"@id\":\"https:\/\/product-guide.org\/#website\",\"url\":\"https:\/\/product-guide.org\/\",\"name\":\"Product-Guide.org\",\"description\":\"What Product are you looking for?\",\"publisher\":{\"@id\":\"https:\/\/product-guide.org\/#organization\"},\"potentialAction\":[{\"@type\":\"SearchAction\",\"target\":{\"@type\":\"EntryPoint\",\"urlTemplate\":\"https:\/\/product-guide.org\/?s={search_term_string}\"},\"query-input\":{\"@type\":\"PropertyValueSpecification\",\"valueRequired\":true,\"valueName\":\"search_term_string\"}}],\"inLanguage\":\"en-GB\"},{\"@type\":\"Organization\",\"@id\":\"https:\/\/product-guide.org\/#organization\",\"name\":\"Product-Guide.org\",\"url\":\"https:\/\/product-guide.org\/\",\"logo\":{\"@type\":\"ImageObject\",\"inLanguage\":\"en-GB\",\"@id\":\"https:\/\/product-guide.org\/#\/schema\/logo\/image\/\",\"url\":\"https:\/\/product-guide.org\/wp-content\/uploads\/2022\/07\/logo_transparent_background.png\",\"contentUrl\":\"https:\/\/product-guide.org\/wp-content\/uploads\/2022\/07\/logo_transparent_background.png\",\"width\":3400,\"height\":1132,\"caption\":\"Product-Guide.org\"},\"image\":{\"@id\":\"https:\/\/product-guide.org\/#\/schema\/logo\/image\/\"}}]}<\/script>\n<!-- \/ Yoast SEO plugin. -->","yoast_head_json":{"title":"Alpina Mythos 3.0 L.E. Fahrradhelm (57-62 cm, 91 coffee\/grey matt) | Sportolino | Product-Guide.org","description":"Alpina Mythos 3.0 L.E. Fahrradhelm (57-62 cm, 91 coffee\/grey matt) | Sportolino gefunden von Product-Guide.org","robots":{"index":"index","follow":"follow","max-snippet":"max-snippet:-1","max-image-preview":"max-image-preview:large","max-video-preview":"max-video-preview:-1"},"canonical":"https:\/\/product-guide.org\/en\/produkt\/alpina-mythos-3-0-l-e-fahrradhelm-57-62-cm-91-coffee-grey-matt-sportolino\/","og_locale":"en_GB","og_type":"article","og_title":"Alpina Mythos 3.0 L.E. Fahrradhelm (57-62 cm, 91 coffee\/grey matt) | Sportolino | Product-Guide.org","og_description":"Alpina Mythos 3.0 L.E. Fahrradhelm (57-62 cm, 91 coffee\/grey matt) | Sportolino gefunden von Product-Guide.org","og_url":"https:\/\/product-guide.org\/en\/produkt\/alpina-mythos-3-0-l-e-fahrradhelm-57-62-cm-91-coffee-grey-matt-sportolino\/","og_site_name":"Product-Guide.org","article_modified_time":"2025-03-17T09:47:11+00:00","twitter_card":"summary_large_image","schema":{"@context":"https:\/\/schema.org","@graph":[{"@type":"WebPage","@id":"https:\/\/product-guide.org\/produkt\/alpina-mythos-3-0-l-e-fahrradhelm-57-62-cm-91-coffee-grey-matt-sportolino\/","url":"https:\/\/product-guide.org\/produkt\/alpina-mythos-3-0-l-e-fahrradhelm-57-62-cm-91-coffee-grey-matt-sportolino\/","name":"Alpina Mythos 3.0 L.E. Fahrradhelm (57-62 cm, 91 coffee\/grey matt) | Sportolino | Product-Guide.org","isPartOf":{"@id":"https:\/\/product-guide.org\/#website"},"primaryImageOfPage":{"@id":"https:\/\/product-guide.org\/produkt\/alpina-mythos-3-0-l-e-fahrradhelm-57-62-cm-91-coffee-grey-matt-sportolino\/#primaryimage"},"image":{"@id":"https:\/\/product-guide.org\/produkt\/alpina-mythos-3-0-l-e-fahrradhelm-57-62-cm-91-coffee-grey-matt-sportolino\/#primaryimage"},"thumbnailUrl":"https:\/\/product-guide.org\/wp-content\/uploads\/2025\/03\/A9713_X_38_Main_20200914.jpg","datePublished":"2025-03-17T09:47:10+00:00","dateModified":"2025-03-17T09:47:11+00:00","description":"Alpina Mythos 3.0 L.E. Fahrradhelm (57-62 cm, 91 coffee\/grey matt) | Sportolino gefunden von Product-Guide.org","breadcrumb":{"@id":"https:\/\/product-guide.org\/produkt\/alpina-mythos-3-0-l-e-fahrradhelm-57-62-cm-91-coffee-grey-matt-sportolino\/#breadcrumb"},"inLanguage":"en-GB","potentialAction":[{"@type":"ReadAction","target":["https:\/\/product-guide.org\/produkt\/alpina-mythos-3-0-l-e-fahrradhelm-57-62-cm-91-coffee-grey-matt-sportolino\/"]}]},{"@type":"ImageObject","inLanguage":"en-GB","@id":"https:\/\/product-guide.org\/produkt\/alpina-mythos-3-0-l-e-fahrradhelm-57-62-cm-91-coffee-grey-matt-sportolino\/#primaryimage","url":"https:\/\/product-guide.org\/wp-content\/uploads\/2025\/03\/A9713_X_38_Main_20200914.jpg","contentUrl":"https:\/\/product-guide.org\/wp-content\/uploads\/2025\/03\/A9713_X_38_Main_20200914.jpg","width":1489,"height":1500},{"@type":"BreadcrumbList","@id":"https:\/\/product-guide.org\/produkt\/alpina-mythos-3-0-l-e-fahrradhelm-57-62-cm-91-coffee-grey-matt-sportolino\/#breadcrumb","itemListElement":[{"@type":"ListItem","position":1,"name":"Home","item":"https:\/\/product-guide.org\/"},{"@type":"ListItem","position":2,"name":"Ergebnisse","item":"https:\/\/product-guide.org\/de\/ergebnisse\/"},{"@type":"ListItem","position":3,"name":"Alpina Mythos 3.0 L.E. Fahrradhelm (57-62 cm, 91 coffee\/grey matt) | Sportolino"}]},{"@type":"WebSite","@id":"https:\/\/product-guide.org\/#website","url":"https:\/\/product-guide.org\/","name":"Product-Guide.org","description":"What Product are you looking for?","publisher":{"@id":"https:\/\/product-guide.org\/#organization"},"potentialAction":[{"@type":"SearchAction","target":{"@type":"EntryPoint","urlTemplate":"https:\/\/product-guide.org\/?s={search_term_string}"},"query-input":{"@type":"PropertyValueSpecification","valueRequired":true,"valueName":"search_term_string"}}],"inLanguage":"en-GB"},{"@type":"Organization","@id":"https:\/\/product-guide.org\/#organization","name":"Product-Guide.org","url":"https:\/\/product-guide.org\/","logo":{"@type":"ImageObject","inLanguage":"en-GB","@id":"https:\/\/product-guide.org\/#\/schema\/logo\/image\/","url":"https:\/\/product-guide.org\/wp-content\/uploads\/2022\/07\/logo_transparent_background.png","contentUrl":"https:\/\/product-guide.org\/wp-content\/uploads\/2022\/07\/logo_transparent_background.png","width":3400,"height":1132,"caption":"Product-Guide.org"},"image":{"@id":"https:\/\/product-guide.org\/#\/schema\/logo\/image\/"}}]}},"_links":{"self":[{"href":"https:\/\/product-guide.org\/en\/wp-json\/wp\/v2\/product\/49741","targetHints":{"allow":["GET"]}}],"collection":[{"href":"https:\/\/product-guide.org\/en\/wp-json\/wp\/v2\/product"}],"about":[{"href":"https:\/\/product-guide.org\/en\/wp-json\/wp\/v2\/types\/product"}],"wp:featuredmedia":[{"embeddable":true,"href":"https:\/\/product-guide.org\/en\/wp-json\/wp\/v2\/media\/49740"}],"wp:attachment":[{"href":"https:\/\/product-guide.org\/en\/wp-json\/wp\/v2\/media?parent=49741"}],"wp:term":[{"taxonomy":"store","embeddable":true,"href":"https:\/\/product-guide.org\/en\/wp-json\/wp\/v2\/store?post=49741"},{"taxonomy":"product_brand","embeddable":true,"href":"https:\/\/product-guide.org\/en\/wp-json\/wp\/v2\/product_brand?post=49741"},{"taxonomy":"product_cat","embeddable":true,"href":"https:\/\/product-guide.org\/en\/wp-json\/wp\/v2\/product_cat?post=49741"},{"taxonomy":"product_tag","embeddable":true,"href":"https:\/\/product-guide.org\/en\/wp-json\/wp\/v2\/product_tag?post=49741"}],"curies":[{"name":"wp","href":"https:\/\/api.w.org\/{rel}","templated":true}]}}