{"id":49754,"date":"2025-03-17T10:47:20","date_gmt":"2025-03-17T09:47:20","guid":{"rendered":"https:\/\/product-guide.org\/produkt\/alpina-parana-radhelm-58-63-cm-31-black-matt-sportolino\/"},"modified":"2025-03-17T10:47:21","modified_gmt":"2025-03-17T09:47:21","slug":"alpina-parana-radhelm-58-63-cm-31-black-matt-sportolino","status":"publish","type":"product","link":"https:\/\/product-guide.org\/en\/produkt\/alpina-parana-radhelm-58-63-cm-31-black-matt-sportolino\/","title":{"rendered":"Alpina Parana Radhelm (58-63 cm, 31 black matt) | Sportolino"},"content":{"rendered":"<p>Ein Tourenrad-Helm f\u00fcr sportliche Radler mit hohen Anspr\u00fcchen an den eigenen Stil und die eigene Sicherheit. Dank Hi-EPS und der Inmould-Bauweise ist der Alpina Parana sehr leicht, gleichzeitig sch\u00fctzt er den Kopf im Falle eines Aufpralls. Die bew\u00e4hrte Passform sorgt daf\u00fcr, dass der Fahrradhelm optimal sitzt, nicht rutscht, nichts zwickt. Mit dem Anpassungssystem Run System Ergo Flex+ l\u00e4sst sich der Radhelm individuell anpassen. Durch die dynamisch designten Helmstege wird nicht &#8230;<\/p>\n","protected":false},"excerpt":{"rendered":"<p>Ein Tourenrad-Helm f\u00fcr sportliche Radler mit hohen Anspr\u00fcchen an den eigenen Stil und die eigene Sicherheit. Dank Hi-EPS und der Inmould-Bauweise ist der Alpina Parana sehr leicht, gleichzeitig sch\u00fctzt er den Kopf im Falle eines Aufpralls. Die bew\u00e4hrte Passform sorgt daf\u00fcr, dass der Fahrradhelm optimal sitzt, nicht rutscht, nichts zwickt. Mit dem Anpassungssystem Run System [&hellip;]<\/p>\n","protected":false},"featured_media":49752,"template":"","meta":{"_gspb_post_css":""},"store":[],"product_brand":[1371],"product_cat":[1290],"product_tag":[],"class_list":{"0":"post-49754","1":"product","2":"type-product","3":"status-publish","4":"has-post-thumbnail","6":"product_brand-sportolino-de","7":"product_cat-uncategorized","9":"first","10":"instock","11":"shipping-taxable","12":"purchasable","13":"product-type-simple"},"yoast_head":"<!-- This site is optimized with the Yoast SEO plugin v24.6 - https:\/\/yoast.com\/wordpress\/plugins\/seo\/ -->\n<title>Alpina Parana Radhelm (58-63 cm, 31 black matt) | Sportolino | Product-Guide.org<\/title>\n<meta name=\"description\" content=\"Alpina Parana Radhelm (58-63 cm, 31 black matt) | Sportolino gefunden von Product-Guide.org\" \/>\n<meta name=\"robots\" content=\"index, follow, max-snippet:-1, max-image-preview:large, max-video-preview:-1\" \/>\n<link rel=\"canonical\" href=\"https:\/\/product-guide.org\/en\/produkt\/alpina-parana-radhelm-58-63-cm-31-black-matt-sportolino\/\" \/>\n<meta property=\"og:locale\" content=\"en_GB\" \/>\n<meta property=\"og:type\" content=\"article\" \/>\n<meta property=\"og:title\" content=\"Alpina Parana Radhelm (58-63 cm, 31 black matt) | Sportolino | Product-Guide.org\" \/>\n<meta property=\"og:description\" content=\"Alpina Parana Radhelm (58-63 cm, 31 black matt) | Sportolino gefunden von Product-Guide.org\" \/>\n<meta property=\"og:url\" content=\"https:\/\/product-guide.org\/en\/produkt\/alpina-parana-radhelm-58-63-cm-31-black-matt-sportolino\/\" \/>\n<meta property=\"og:site_name\" content=\"Product-Guide.org\" \/>\n<meta property=\"article:modified_time\" content=\"2025-03-17T09:47:21+00:00\" \/>\n<meta name=\"twitter:card\" content=\"summary_large_image\" \/>\n<script type=\"application\/ld+json\" class=\"yoast-schema-graph\">{\"@context\":\"https:\/\/schema.org\",\"@graph\":[{\"@type\":\"WebPage\",\"@id\":\"https:\/\/product-guide.org\/produkt\/alpina-parana-radhelm-58-63-cm-31-black-matt-sportolino\/\",\"url\":\"https:\/\/product-guide.org\/produkt\/alpina-parana-radhelm-58-63-cm-31-black-matt-sportolino\/\",\"name\":\"Alpina Parana Radhelm (58-63 cm, 31 black matt) | Sportolino | Product-Guide.org\",\"isPartOf\":{\"@id\":\"https:\/\/product-guide.org\/#website\"},\"primaryImageOfPage\":{\"@id\":\"https:\/\/product-guide.org\/produkt\/alpina-parana-radhelm-58-63-cm-31-black-matt-sportolino\/#primaryimage\"},\"image\":{\"@id\":\"https:\/\/product-guide.org\/produkt\/alpina-parana-radhelm-58-63-cm-31-black-matt-sportolino\/#primaryimage\"},\"thumbnailUrl\":\"https:\/\/product-guide.org\/wp-content\/uploads\/2025\/03\/A9755_X_30_Main_20200924.jpg\",\"datePublished\":\"2025-03-17T09:47:20+00:00\",\"dateModified\":\"2025-03-17T09:47:21+00:00\",\"description\":\"Alpina Parana Radhelm (58-63 cm, 31 black matt) | Sportolino gefunden von Product-Guide.org\",\"breadcrumb\":{\"@id\":\"https:\/\/product-guide.org\/produkt\/alpina-parana-radhelm-58-63-cm-31-black-matt-sportolino\/#breadcrumb\"},\"inLanguage\":\"en-GB\",\"potentialAction\":[{\"@type\":\"ReadAction\",\"target\":[\"https:\/\/product-guide.org\/produkt\/alpina-parana-radhelm-58-63-cm-31-black-matt-sportolino\/\"]}]},{\"@type\":\"ImageObject\",\"inLanguage\":\"en-GB\",\"@id\":\"https:\/\/product-guide.org\/produkt\/alpina-parana-radhelm-58-63-cm-31-black-matt-sportolino\/#primaryimage\",\"url\":\"https:\/\/product-guide.org\/wp-content\/uploads\/2025\/03\/A9755_X_30_Main_20200924.jpg\",\"contentUrl\":\"https:\/\/product-guide.org\/wp-content\/uploads\/2025\/03\/A9755_X_30_Main_20200924.jpg\",\"width\":1443,\"height\":1500},{\"@type\":\"BreadcrumbList\",\"@id\":\"https:\/\/product-guide.org\/produkt\/alpina-parana-radhelm-58-63-cm-31-black-matt-sportolino\/#breadcrumb\",\"itemListElement\":[{\"@type\":\"ListItem\",\"position\":1,\"name\":\"Home\",\"item\":\"https:\/\/product-guide.org\/\"},{\"@type\":\"ListItem\",\"position\":2,\"name\":\"Ergebnisse\",\"item\":\"https:\/\/product-guide.org\/de\/ergebnisse\/\"},{\"@type\":\"ListItem\",\"position\":3,\"name\":\"Alpina Parana Radhelm (58-63 cm, 31 black matt) | Sportolino\"}]},{\"@type\":\"WebSite\",\"@id\":\"https:\/\/product-guide.org\/#website\",\"url\":\"https:\/\/product-guide.org\/\",\"name\":\"Product-Guide.org\",\"description\":\"What Product are you looking for?\",\"publisher\":{\"@id\":\"https:\/\/product-guide.org\/#organization\"},\"potentialAction\":[{\"@type\":\"SearchAction\",\"target\":{\"@type\":\"EntryPoint\",\"urlTemplate\":\"https:\/\/product-guide.org\/?s={search_term_string}\"},\"query-input\":{\"@type\":\"PropertyValueSpecification\",\"valueRequired\":true,\"valueName\":\"search_term_string\"}}],\"inLanguage\":\"en-GB\"},{\"@type\":\"Organization\",\"@id\":\"https:\/\/product-guide.org\/#organization\",\"name\":\"Product-Guide.org\",\"url\":\"https:\/\/product-guide.org\/\",\"logo\":{\"@type\":\"ImageObject\",\"inLanguage\":\"en-GB\",\"@id\":\"https:\/\/product-guide.org\/#\/schema\/logo\/image\/\",\"url\":\"https:\/\/product-guide.org\/wp-content\/uploads\/2022\/07\/logo_transparent_background.png\",\"contentUrl\":\"https:\/\/product-guide.org\/wp-content\/uploads\/2022\/07\/logo_transparent_background.png\",\"width\":3400,\"height\":1132,\"caption\":\"Product-Guide.org\"},\"image\":{\"@id\":\"https:\/\/product-guide.org\/#\/schema\/logo\/image\/\"}}]}<\/script>\n<!-- \/ Yoast SEO plugin. -->","yoast_head_json":{"title":"Alpina Parana Radhelm (58-63 cm, 31 black matt) | Sportolino | Product-Guide.org","description":"Alpina Parana Radhelm (58-63 cm, 31 black matt) | Sportolino gefunden von Product-Guide.org","robots":{"index":"index","follow":"follow","max-snippet":"max-snippet:-1","max-image-preview":"max-image-preview:large","max-video-preview":"max-video-preview:-1"},"canonical":"https:\/\/product-guide.org\/en\/produkt\/alpina-parana-radhelm-58-63-cm-31-black-matt-sportolino\/","og_locale":"en_GB","og_type":"article","og_title":"Alpina Parana Radhelm (58-63 cm, 31 black matt) | Sportolino | Product-Guide.org","og_description":"Alpina Parana Radhelm (58-63 cm, 31 black matt) | Sportolino gefunden von Product-Guide.org","og_url":"https:\/\/product-guide.org\/en\/produkt\/alpina-parana-radhelm-58-63-cm-31-black-matt-sportolino\/","og_site_name":"Product-Guide.org","article_modified_time":"2025-03-17T09:47:21+00:00","twitter_card":"summary_large_image","schema":{"@context":"https:\/\/schema.org","@graph":[{"@type":"WebPage","@id":"https:\/\/product-guide.org\/produkt\/alpina-parana-radhelm-58-63-cm-31-black-matt-sportolino\/","url":"https:\/\/product-guide.org\/produkt\/alpina-parana-radhelm-58-63-cm-31-black-matt-sportolino\/","name":"Alpina Parana Radhelm (58-63 cm, 31 black matt) | Sportolino | Product-Guide.org","isPartOf":{"@id":"https:\/\/product-guide.org\/#website"},"primaryImageOfPage":{"@id":"https:\/\/product-guide.org\/produkt\/alpina-parana-radhelm-58-63-cm-31-black-matt-sportolino\/#primaryimage"},"image":{"@id":"https:\/\/product-guide.org\/produkt\/alpina-parana-radhelm-58-63-cm-31-black-matt-sportolino\/#primaryimage"},"thumbnailUrl":"https:\/\/product-guide.org\/wp-content\/uploads\/2025\/03\/A9755_X_30_Main_20200924.jpg","datePublished":"2025-03-17T09:47:20+00:00","dateModified":"2025-03-17T09:47:21+00:00","description":"Alpina Parana Radhelm (58-63 cm, 31 black matt) | Sportolino gefunden von Product-Guide.org","breadcrumb":{"@id":"https:\/\/product-guide.org\/produkt\/alpina-parana-radhelm-58-63-cm-31-black-matt-sportolino\/#breadcrumb"},"inLanguage":"en-GB","potentialAction":[{"@type":"ReadAction","target":["https:\/\/product-guide.org\/produkt\/alpina-parana-radhelm-58-63-cm-31-black-matt-sportolino\/"]}]},{"@type":"ImageObject","inLanguage":"en-GB","@id":"https:\/\/product-guide.org\/produkt\/alpina-parana-radhelm-58-63-cm-31-black-matt-sportolino\/#primaryimage","url":"https:\/\/product-guide.org\/wp-content\/uploads\/2025\/03\/A9755_X_30_Main_20200924.jpg","contentUrl":"https:\/\/product-guide.org\/wp-content\/uploads\/2025\/03\/A9755_X_30_Main_20200924.jpg","width":1443,"height":1500},{"@type":"BreadcrumbList","@id":"https:\/\/product-guide.org\/produkt\/alpina-parana-radhelm-58-63-cm-31-black-matt-sportolino\/#breadcrumb","itemListElement":[{"@type":"ListItem","position":1,"name":"Home","item":"https:\/\/product-guide.org\/"},{"@type":"ListItem","position":2,"name":"Ergebnisse","item":"https:\/\/product-guide.org\/de\/ergebnisse\/"},{"@type":"ListItem","position":3,"name":"Alpina Parana Radhelm (58-63 cm, 31 black matt) | Sportolino"}]},{"@type":"WebSite","@id":"https:\/\/product-guide.org\/#website","url":"https:\/\/product-guide.org\/","name":"Product-Guide.org","description":"What Product are you looking for?","publisher":{"@id":"https:\/\/product-guide.org\/#organization"},"potentialAction":[{"@type":"SearchAction","target":{"@type":"EntryPoint","urlTemplate":"https:\/\/product-guide.org\/?s={search_term_string}"},"query-input":{"@type":"PropertyValueSpecification","valueRequired":true,"valueName":"search_term_string"}}],"inLanguage":"en-GB"},{"@type":"Organization","@id":"https:\/\/product-guide.org\/#organization","name":"Product-Guide.org","url":"https:\/\/product-guide.org\/","logo":{"@type":"ImageObject","inLanguage":"en-GB","@id":"https:\/\/product-guide.org\/#\/schema\/logo\/image\/","url":"https:\/\/product-guide.org\/wp-content\/uploads\/2022\/07\/logo_transparent_background.png","contentUrl":"https:\/\/product-guide.org\/wp-content\/uploads\/2022\/07\/logo_transparent_background.png","width":3400,"height":1132,"caption":"Product-Guide.org"},"image":{"@id":"https:\/\/product-guide.org\/#\/schema\/logo\/image\/"}}]}},"_links":{"self":[{"href":"https:\/\/product-guide.org\/en\/wp-json\/wp\/v2\/product\/49754","targetHints":{"allow":["GET"]}}],"collection":[{"href":"https:\/\/product-guide.org\/en\/wp-json\/wp\/v2\/product"}],"about":[{"href":"https:\/\/product-guide.org\/en\/wp-json\/wp\/v2\/types\/product"}],"wp:featuredmedia":[{"embeddable":true,"href":"https:\/\/product-guide.org\/en\/wp-json\/wp\/v2\/media\/49752"}],"wp:attachment":[{"href":"https:\/\/product-guide.org\/en\/wp-json\/wp\/v2\/media?parent=49754"}],"wp:term":[{"taxonomy":"store","embeddable":true,"href":"https:\/\/product-guide.org\/en\/wp-json\/wp\/v2\/store?post=49754"},{"taxonomy":"product_brand","embeddable":true,"href":"https:\/\/product-guide.org\/en\/wp-json\/wp\/v2\/product_brand?post=49754"},{"taxonomy":"product_cat","embeddable":true,"href":"https:\/\/product-guide.org\/en\/wp-json\/wp\/v2\/product_cat?post=49754"},{"taxonomy":"product_tag","embeddable":true,"href":"https:\/\/product-guide.org\/en\/wp-json\/wp\/v2\/product_tag?post=49754"}],"curies":[{"name":"wp","href":"https:\/\/api.w.org\/{rel}","templated":true}]}}