{"id":49760,"date":"2025-03-17T10:47:24","date_gmt":"2025-03-17T09:47:24","guid":{"rendered":"https:\/\/product-guide.org\/produkt\/alpina-ximo-flash-kinderfahrradhelm-49-54-cm-87-retro-matt-sportolino\/"},"modified":"2025-03-17T10:47:24","modified_gmt":"2025-03-17T09:47:24","slug":"alpina-ximo-flash-kinderfahrradhelm-49-54-cm-87-retro-matt-sportolino","status":"publish","type":"product","link":"https:\/\/product-guide.org\/en\/produkt\/alpina-ximo-flash-kinderfahrradhelm-49-54-cm-87-retro-matt-sportolino\/","title":{"rendered":"Alpina Ximo Flash Kinderfahrradhelm (49-54 cm, 87 retro matt) | Sportolino"},"content":{"rendered":"<p>Ideal f\u00fcr unsere Kleinen an kalten Tagen, der Alpina Ximo Flash Kinderfahrradhelm. Im Nackenbereich tief gezogen, um Schutz zu bieten. Zu diesem Helm kann optional ein Wintercap aus Microfleece bestellt werden, dieses h\u00e4lt den Kopf extra sch\u00f6n warm. Reflektierende Aufkleber und ein h\u00f6her angebrachtes, abnehmbares Multi-Fit Light sorgen f\u00fcr mehr Sichtbarkeit. Ausreichend Luftzufuhr erfolgt durch die L\u00fcftungs\u00f6ffnungen. Gut geeignet auch f\u00fcr Kindersitze und \u2013anh\u00e4nger.<\/p>\n","protected":false},"excerpt":{"rendered":"<p>Ideal f\u00fcr unsere Kleinen an kalten Tagen, der Alpina Ximo Flash Kinderfahrradhelm. Im Nackenbereich tief gezogen, um Schutz zu bieten. Zu diesem Helm kann optional ein Wintercap aus Microfleece bestellt werden, dieses h\u00e4lt den Kopf extra sch\u00f6n warm. Reflektierende Aufkleber und ein h\u00f6her angebrachtes, abnehmbares Multi-Fit Light sorgen f\u00fcr mehr Sichtbarkeit. Ausreichend Luftzufuhr erfolgt durch [&hellip;]<\/p>\n","protected":false},"featured_media":49758,"template":"","meta":{"_gspb_post_css":""},"store":[],"product_brand":[1371],"product_cat":[1290],"product_tag":[],"class_list":{"0":"post-49760","1":"product","2":"type-product","3":"status-publish","4":"has-post-thumbnail","6":"product_brand-sportolino-de","7":"product_cat-uncategorized","9":"first","10":"instock","11":"shipping-taxable","12":"purchasable","13":"product-type-simple"},"yoast_head":"<!-- This site is optimized with the Yoast SEO plugin v24.6 - https:\/\/yoast.com\/wordpress\/plugins\/seo\/ -->\n<title>Alpina Ximo Flash Kinderfahrradhelm (49-54 cm, 87 retro matt) | Sportolino | Product-Guide.org<\/title>\n<meta name=\"description\" content=\"Alpina Ximo Flash Kinderfahrradhelm (49-54 cm, 87 retro matt) | Sportolino gefunden von Product-Guide.org\" \/>\n<meta name=\"robots\" content=\"index, follow, max-snippet:-1, max-image-preview:large, max-video-preview:-1\" \/>\n<link rel=\"canonical\" href=\"https:\/\/product-guide.org\/en\/produkt\/alpina-ximo-flash-kinderfahrradhelm-49-54-cm-87-retro-matt-sportolino\/\" \/>\n<meta property=\"og:locale\" content=\"en_GB\" \/>\n<meta property=\"og:type\" content=\"article\" \/>\n<meta property=\"og:title\" content=\"Alpina Ximo Flash Kinderfahrradhelm (49-54 cm, 87 retro matt) | Sportolino | Product-Guide.org\" \/>\n<meta property=\"og:description\" content=\"Alpina Ximo Flash Kinderfahrradhelm (49-54 cm, 87 retro matt) | Sportolino gefunden von Product-Guide.org\" \/>\n<meta property=\"og:url\" content=\"https:\/\/product-guide.org\/en\/produkt\/alpina-ximo-flash-kinderfahrradhelm-49-54-cm-87-retro-matt-sportolino\/\" \/>\n<meta property=\"og:site_name\" content=\"Product-Guide.org\" \/>\n<meta name=\"twitter:card\" content=\"summary_large_image\" \/>\n<script type=\"application\/ld+json\" class=\"yoast-schema-graph\">{\"@context\":\"https:\/\/schema.org\",\"@graph\":[{\"@type\":\"WebPage\",\"@id\":\"https:\/\/product-guide.org\/produkt\/alpina-ximo-flash-kinderfahrradhelm-49-54-cm-87-retro-matt-sportolino\/\",\"url\":\"https:\/\/product-guide.org\/produkt\/alpina-ximo-flash-kinderfahrradhelm-49-54-cm-87-retro-matt-sportolino\/\",\"name\":\"Alpina Ximo Flash Kinderfahrradhelm (49-54 cm, 87 retro matt) | Sportolino | Product-Guide.org\",\"isPartOf\":{\"@id\":\"https:\/\/product-guide.org\/#website\"},\"primaryImageOfPage\":{\"@id\":\"https:\/\/product-guide.org\/produkt\/alpina-ximo-flash-kinderfahrradhelm-49-54-cm-87-retro-matt-sportolino\/#primaryimage\"},\"image\":{\"@id\":\"https:\/\/product-guide.org\/produkt\/alpina-ximo-flash-kinderfahrradhelm-49-54-cm-87-retro-matt-sportolino\/#primaryimage\"},\"thumbnailUrl\":\"https:\/\/product-guide.org\/wp-content\/uploads\/2025\/03\/A9710_X_87_Main_20250306.jpg\",\"datePublished\":\"2025-03-17T09:47:24+00:00\",\"description\":\"Alpina Ximo Flash Kinderfahrradhelm (49-54 cm, 87 retro matt) | Sportolino gefunden von Product-Guide.org\",\"breadcrumb\":{\"@id\":\"https:\/\/product-guide.org\/produkt\/alpina-ximo-flash-kinderfahrradhelm-49-54-cm-87-retro-matt-sportolino\/#breadcrumb\"},\"inLanguage\":\"en-GB\",\"potentialAction\":[{\"@type\":\"ReadAction\",\"target\":[\"https:\/\/product-guide.org\/produkt\/alpina-ximo-flash-kinderfahrradhelm-49-54-cm-87-retro-matt-sportolino\/\"]}]},{\"@type\":\"ImageObject\",\"inLanguage\":\"en-GB\",\"@id\":\"https:\/\/product-guide.org\/produkt\/alpina-ximo-flash-kinderfahrradhelm-49-54-cm-87-retro-matt-sportolino\/#primaryimage\",\"url\":\"https:\/\/product-guide.org\/wp-content\/uploads\/2025\/03\/A9710_X_87_Main_20250306.jpg\",\"contentUrl\":\"https:\/\/product-guide.org\/wp-content\/uploads\/2025\/03\/A9710_X_87_Main_20250306.jpg\",\"width\":1476,\"height\":1500},{\"@type\":\"BreadcrumbList\",\"@id\":\"https:\/\/product-guide.org\/produkt\/alpina-ximo-flash-kinderfahrradhelm-49-54-cm-87-retro-matt-sportolino\/#breadcrumb\",\"itemListElement\":[{\"@type\":\"ListItem\",\"position\":1,\"name\":\"Home\",\"item\":\"https:\/\/product-guide.org\/\"},{\"@type\":\"ListItem\",\"position\":2,\"name\":\"Ergebnisse\",\"item\":\"https:\/\/product-guide.org\/de\/ergebnisse\/\"},{\"@type\":\"ListItem\",\"position\":3,\"name\":\"Alpina Ximo Flash Kinderfahrradhelm (49-54 cm, 87 retro matt) | Sportolino\"}]},{\"@type\":\"WebSite\",\"@id\":\"https:\/\/product-guide.org\/#website\",\"url\":\"https:\/\/product-guide.org\/\",\"name\":\"Product-Guide.org\",\"description\":\"What Product are you looking for?\",\"publisher\":{\"@id\":\"https:\/\/product-guide.org\/#organization\"},\"potentialAction\":[{\"@type\":\"SearchAction\",\"target\":{\"@type\":\"EntryPoint\",\"urlTemplate\":\"https:\/\/product-guide.org\/?s={search_term_string}\"},\"query-input\":{\"@type\":\"PropertyValueSpecification\",\"valueRequired\":true,\"valueName\":\"search_term_string\"}}],\"inLanguage\":\"en-GB\"},{\"@type\":\"Organization\",\"@id\":\"https:\/\/product-guide.org\/#organization\",\"name\":\"Product-Guide.org\",\"url\":\"https:\/\/product-guide.org\/\",\"logo\":{\"@type\":\"ImageObject\",\"inLanguage\":\"en-GB\",\"@id\":\"https:\/\/product-guide.org\/#\/schema\/logo\/image\/\",\"url\":\"https:\/\/product-guide.org\/wp-content\/uploads\/2022\/07\/logo_transparent_background.png\",\"contentUrl\":\"https:\/\/product-guide.org\/wp-content\/uploads\/2022\/07\/logo_transparent_background.png\",\"width\":3400,\"height\":1132,\"caption\":\"Product-Guide.org\"},\"image\":{\"@id\":\"https:\/\/product-guide.org\/#\/schema\/logo\/image\/\"}}]}<\/script>\n<!-- \/ Yoast SEO plugin. -->","yoast_head_json":{"title":"Alpina Ximo Flash Kinderfahrradhelm (49-54 cm, 87 retro matt) | Sportolino | Product-Guide.org","description":"Alpina Ximo Flash Kinderfahrradhelm (49-54 cm, 87 retro matt) | Sportolino gefunden von Product-Guide.org","robots":{"index":"index","follow":"follow","max-snippet":"max-snippet:-1","max-image-preview":"max-image-preview:large","max-video-preview":"max-video-preview:-1"},"canonical":"https:\/\/product-guide.org\/en\/produkt\/alpina-ximo-flash-kinderfahrradhelm-49-54-cm-87-retro-matt-sportolino\/","og_locale":"en_GB","og_type":"article","og_title":"Alpina Ximo Flash Kinderfahrradhelm (49-54 cm, 87 retro matt) | Sportolino | Product-Guide.org","og_description":"Alpina Ximo Flash Kinderfahrradhelm (49-54 cm, 87 retro matt) | Sportolino gefunden von Product-Guide.org","og_url":"https:\/\/product-guide.org\/en\/produkt\/alpina-ximo-flash-kinderfahrradhelm-49-54-cm-87-retro-matt-sportolino\/","og_site_name":"Product-Guide.org","twitter_card":"summary_large_image","schema":{"@context":"https:\/\/schema.org","@graph":[{"@type":"WebPage","@id":"https:\/\/product-guide.org\/produkt\/alpina-ximo-flash-kinderfahrradhelm-49-54-cm-87-retro-matt-sportolino\/","url":"https:\/\/product-guide.org\/produkt\/alpina-ximo-flash-kinderfahrradhelm-49-54-cm-87-retro-matt-sportolino\/","name":"Alpina Ximo Flash Kinderfahrradhelm (49-54 cm, 87 retro matt) | Sportolino | Product-Guide.org","isPartOf":{"@id":"https:\/\/product-guide.org\/#website"},"primaryImageOfPage":{"@id":"https:\/\/product-guide.org\/produkt\/alpina-ximo-flash-kinderfahrradhelm-49-54-cm-87-retro-matt-sportolino\/#primaryimage"},"image":{"@id":"https:\/\/product-guide.org\/produkt\/alpina-ximo-flash-kinderfahrradhelm-49-54-cm-87-retro-matt-sportolino\/#primaryimage"},"thumbnailUrl":"https:\/\/product-guide.org\/wp-content\/uploads\/2025\/03\/A9710_X_87_Main_20250306.jpg","datePublished":"2025-03-17T09:47:24+00:00","description":"Alpina Ximo Flash Kinderfahrradhelm (49-54 cm, 87 retro matt) | Sportolino gefunden von Product-Guide.org","breadcrumb":{"@id":"https:\/\/product-guide.org\/produkt\/alpina-ximo-flash-kinderfahrradhelm-49-54-cm-87-retro-matt-sportolino\/#breadcrumb"},"inLanguage":"en-GB","potentialAction":[{"@type":"ReadAction","target":["https:\/\/product-guide.org\/produkt\/alpina-ximo-flash-kinderfahrradhelm-49-54-cm-87-retro-matt-sportolino\/"]}]},{"@type":"ImageObject","inLanguage":"en-GB","@id":"https:\/\/product-guide.org\/produkt\/alpina-ximo-flash-kinderfahrradhelm-49-54-cm-87-retro-matt-sportolino\/#primaryimage","url":"https:\/\/product-guide.org\/wp-content\/uploads\/2025\/03\/A9710_X_87_Main_20250306.jpg","contentUrl":"https:\/\/product-guide.org\/wp-content\/uploads\/2025\/03\/A9710_X_87_Main_20250306.jpg","width":1476,"height":1500},{"@type":"BreadcrumbList","@id":"https:\/\/product-guide.org\/produkt\/alpina-ximo-flash-kinderfahrradhelm-49-54-cm-87-retro-matt-sportolino\/#breadcrumb","itemListElement":[{"@type":"ListItem","position":1,"name":"Home","item":"https:\/\/product-guide.org\/"},{"@type":"ListItem","position":2,"name":"Ergebnisse","item":"https:\/\/product-guide.org\/de\/ergebnisse\/"},{"@type":"ListItem","position":3,"name":"Alpina Ximo Flash Kinderfahrradhelm (49-54 cm, 87 retro matt) | Sportolino"}]},{"@type":"WebSite","@id":"https:\/\/product-guide.org\/#website","url":"https:\/\/product-guide.org\/","name":"Product-Guide.org","description":"What Product are you looking for?","publisher":{"@id":"https:\/\/product-guide.org\/#organization"},"potentialAction":[{"@type":"SearchAction","target":{"@type":"EntryPoint","urlTemplate":"https:\/\/product-guide.org\/?s={search_term_string}"},"query-input":{"@type":"PropertyValueSpecification","valueRequired":true,"valueName":"search_term_string"}}],"inLanguage":"en-GB"},{"@type":"Organization","@id":"https:\/\/product-guide.org\/#organization","name":"Product-Guide.org","url":"https:\/\/product-guide.org\/","logo":{"@type":"ImageObject","inLanguage":"en-GB","@id":"https:\/\/product-guide.org\/#\/schema\/logo\/image\/","url":"https:\/\/product-guide.org\/wp-content\/uploads\/2022\/07\/logo_transparent_background.png","contentUrl":"https:\/\/product-guide.org\/wp-content\/uploads\/2022\/07\/logo_transparent_background.png","width":3400,"height":1132,"caption":"Product-Guide.org"},"image":{"@id":"https:\/\/product-guide.org\/#\/schema\/logo\/image\/"}}]}},"_links":{"self":[{"href":"https:\/\/product-guide.org\/en\/wp-json\/wp\/v2\/product\/49760","targetHints":{"allow":["GET"]}}],"collection":[{"href":"https:\/\/product-guide.org\/en\/wp-json\/wp\/v2\/product"}],"about":[{"href":"https:\/\/product-guide.org\/en\/wp-json\/wp\/v2\/types\/product"}],"wp:featuredmedia":[{"embeddable":true,"href":"https:\/\/product-guide.org\/en\/wp-json\/wp\/v2\/media\/49758"}],"wp:attachment":[{"href":"https:\/\/product-guide.org\/en\/wp-json\/wp\/v2\/media?parent=49760"}],"wp:term":[{"taxonomy":"store","embeddable":true,"href":"https:\/\/product-guide.org\/en\/wp-json\/wp\/v2\/store?post=49760"},{"taxonomy":"product_brand","embeddable":true,"href":"https:\/\/product-guide.org\/en\/wp-json\/wp\/v2\/product_brand?post=49760"},{"taxonomy":"product_cat","embeddable":true,"href":"https:\/\/product-guide.org\/en\/wp-json\/wp\/v2\/product_cat?post=49760"},{"taxonomy":"product_tag","embeddable":true,"href":"https:\/\/product-guide.org\/en\/wp-json\/wp\/v2\/product_tag?post=49760"}],"curies":[{"name":"wp","href":"https:\/\/api.w.org\/{rel}","templated":true}]}}