{"id":49765,"date":"2025-03-17T10:47:28","date_gmt":"2025-03-17T09:47:28","guid":{"rendered":"https:\/\/product-guide.org\/produkt\/alpina-zupo-set-skihelm-skibrille-scarabeo-51-55-cm-60-light-rose-matt-inkl-scarabeo-sportolino\/"},"modified":"2025-03-17T10:47:28","modified_gmt":"2025-03-17T09:47:28","slug":"alpina-zupo-set-skihelm-skibrille-scarabeo-51-55-cm-60-light-rose-matt-inkl-scarabeo-sportolino","status":"publish","type":"product","link":"https:\/\/product-guide.org\/en\/produkt\/alpina-zupo-set-skihelm-skibrille-scarabeo-51-55-cm-60-light-rose-matt-inkl-scarabeo-sportolino\/","title":{"rendered":"Alpina Zupo Set Skihelm + Skibrille Scarabeo (51-55 cm, 60 light rose matt inkl. Scarabeo) | Sportolino"},"content":{"rendered":"<p>Die gro\u00dfen Nachwuchsskifahrer sind optimal ausger\u00fcstet, mit dem aktuellen Alpina Zupo Set Skihelm + Skibrille Scarabeo. Gefertigt in Hardshell Technologie, die im Falle eines Aufpralls sch\u00fctzt. Weiche Ohren, ein angenehmes sowie herausnehmbares Innenpolster und ein w\u00e4rmender Nackenschutz sorgen f\u00fcr maximalen Tragekomfort. Sollte es an warmen Skitagen im Helm zu hei\u00df werden, kann durch ein intelligentes Bel\u00fcftungssystem frische Luft zugef\u00fchrt werden. Ein gro\u00dfes Sichtfeld, ein &#8230;<\/p>\n","protected":false},"excerpt":{"rendered":"<p>Die gro\u00dfen Nachwuchsskifahrer sind optimal ausger\u00fcstet, mit dem aktuellen Alpina Zupo Set Skihelm + Skibrille Scarabeo. Gefertigt in Hardshell Technologie, die im Falle eines Aufpralls sch\u00fctzt. Weiche Ohren, ein angenehmes sowie herausnehmbares Innenpolster und ein w\u00e4rmender Nackenschutz sorgen f\u00fcr maximalen Tragekomfort. Sollte es an warmen Skitagen im Helm zu hei\u00df werden, kann durch ein intelligentes [&hellip;]<\/p>\n","protected":false},"featured_media":49764,"template":"","meta":{"_gspb_post_css":""},"store":[],"product_brand":[1371],"product_cat":[1290],"product_tag":[],"class_list":{"0":"post-49765","1":"product","2":"type-product","3":"status-publish","4":"has-post-thumbnail","6":"product_brand-sportolino-de","7":"product_cat-uncategorized","9":"first","10":"instock","11":"shipping-taxable","12":"purchasable","13":"product-type-simple"},"yoast_head":"<!-- This site is optimized with the Yoast SEO plugin v24.6 - https:\/\/yoast.com\/wordpress\/plugins\/seo\/ -->\n<title>Alpina Zupo Set Skihelm + Skibrille Scarabeo (51-55 cm, 60 light rose matt inkl. Scarabeo) | Sportolino | Product-Guide.org<\/title>\n<meta name=\"description\" content=\"Alpina Zupo Set Skihelm + Skibrille Scarabeo (51-55 cm, 60 light rose matt inkl. Scarabeo) | Sportolino gefunden von Product-Guide.org\" \/>\n<meta name=\"robots\" content=\"index, follow, max-snippet:-1, max-image-preview:large, max-video-preview:-1\" \/>\n<link rel=\"canonical\" href=\"https:\/\/product-guide.org\/en\/produkt\/alpina-zupo-set-skihelm-skibrille-scarabeo-51-55-cm-60-light-rose-matt-inkl-scarabeo-sportolino\/\" \/>\n<meta property=\"og:locale\" content=\"en_GB\" \/>\n<meta property=\"og:type\" content=\"article\" \/>\n<meta property=\"og:title\" content=\"Alpina Zupo Set Skihelm + Skibrille Scarabeo (51-55 cm, 60 light rose matt inkl. Scarabeo) | Sportolino | Product-Guide.org\" \/>\n<meta property=\"og:description\" content=\"Alpina Zupo Set Skihelm + Skibrille Scarabeo (51-55 cm, 60 light rose matt inkl. Scarabeo) | Sportolino gefunden von Product-Guide.org\" \/>\n<meta property=\"og:url\" content=\"https:\/\/product-guide.org\/en\/produkt\/alpina-zupo-set-skihelm-skibrille-scarabeo-51-55-cm-60-light-rose-matt-inkl-scarabeo-sportolino\/\" \/>\n<meta property=\"og:site_name\" content=\"Product-Guide.org\" \/>\n<meta name=\"twitter:card\" content=\"summary_large_image\" \/>\n<script type=\"application\/ld+json\" class=\"yoast-schema-graph\">{\"@context\":\"https:\/\/schema.org\",\"@graph\":[{\"@type\":\"WebPage\",\"@id\":\"https:\/\/product-guide.org\/produkt\/alpina-zupo-set-skihelm-skibrille-scarabeo-51-55-cm-60-light-rose-matt-inkl-scarabeo-sportolino\/\",\"url\":\"https:\/\/product-guide.org\/produkt\/alpina-zupo-set-skihelm-skibrille-scarabeo-51-55-cm-60-light-rose-matt-inkl-scarabeo-sportolino\/\",\"name\":\"Alpina Zupo Set Skihelm + Skibrille Scarabeo (51-55 cm, 60 light rose matt inkl. Scarabeo) | Sportolino | Product-Guide.org\",\"isPartOf\":{\"@id\":\"https:\/\/product-guide.org\/#website\"},\"primaryImageOfPage\":{\"@id\":\"https:\/\/product-guide.org\/produkt\/alpina-zupo-set-skihelm-skibrille-scarabeo-51-55-cm-60-light-rose-matt-inkl-scarabeo-sportolino\/#primaryimage\"},\"image\":{\"@id\":\"https:\/\/product-guide.org\/produkt\/alpina-zupo-set-skihelm-skibrille-scarabeo-51-55-cm-60-light-rose-matt-inkl-scarabeo-sportolino\/#primaryimage\"},\"thumbnailUrl\":\"https:\/\/product-guide.org\/wp-content\/uploads\/2025\/03\/A9240_X_60_Main_20221102.jpg\",\"datePublished\":\"2025-03-17T09:47:28+00:00\",\"description\":\"Alpina Zupo Set Skihelm + Skibrille Scarabeo (51-55 cm, 60 light rose matt inkl. Scarabeo) | Sportolino gefunden von Product-Guide.org\",\"breadcrumb\":{\"@id\":\"https:\/\/product-guide.org\/produkt\/alpina-zupo-set-skihelm-skibrille-scarabeo-51-55-cm-60-light-rose-matt-inkl-scarabeo-sportolino\/#breadcrumb\"},\"inLanguage\":\"en-GB\",\"potentialAction\":[{\"@type\":\"ReadAction\",\"target\":[\"https:\/\/product-guide.org\/produkt\/alpina-zupo-set-skihelm-skibrille-scarabeo-51-55-cm-60-light-rose-matt-inkl-scarabeo-sportolino\/\"]}]},{\"@type\":\"ImageObject\",\"inLanguage\":\"en-GB\",\"@id\":\"https:\/\/product-guide.org\/produkt\/alpina-zupo-set-skihelm-skibrille-scarabeo-51-55-cm-60-light-rose-matt-inkl-scarabeo-sportolino\/#primaryimage\",\"url\":\"https:\/\/product-guide.org\/wp-content\/uploads\/2025\/03\/A9240_X_60_Main_20221102.jpg\",\"contentUrl\":\"https:\/\/product-guide.org\/wp-content\/uploads\/2025\/03\/A9240_X_60_Main_20221102.jpg\",\"width\":1369,\"height\":1500},{\"@type\":\"BreadcrumbList\",\"@id\":\"https:\/\/product-guide.org\/produkt\/alpina-zupo-set-skihelm-skibrille-scarabeo-51-55-cm-60-light-rose-matt-inkl-scarabeo-sportolino\/#breadcrumb\",\"itemListElement\":[{\"@type\":\"ListItem\",\"position\":1,\"name\":\"Home\",\"item\":\"https:\/\/product-guide.org\/\"},{\"@type\":\"ListItem\",\"position\":2,\"name\":\"Ergebnisse\",\"item\":\"https:\/\/product-guide.org\/de\/ergebnisse\/\"},{\"@type\":\"ListItem\",\"position\":3,\"name\":\"Alpina Zupo Set Skihelm + Skibrille Scarabeo (51-55 cm, 60 light rose matt inkl. Scarabeo) | Sportolino\"}]},{\"@type\":\"WebSite\",\"@id\":\"https:\/\/product-guide.org\/#website\",\"url\":\"https:\/\/product-guide.org\/\",\"name\":\"Product-Guide.org\",\"description\":\"What Product are you looking for?\",\"publisher\":{\"@id\":\"https:\/\/product-guide.org\/#organization\"},\"potentialAction\":[{\"@type\":\"SearchAction\",\"target\":{\"@type\":\"EntryPoint\",\"urlTemplate\":\"https:\/\/product-guide.org\/?s={search_term_string}\"},\"query-input\":{\"@type\":\"PropertyValueSpecification\",\"valueRequired\":true,\"valueName\":\"search_term_string\"}}],\"inLanguage\":\"en-GB\"},{\"@type\":\"Organization\",\"@id\":\"https:\/\/product-guide.org\/#organization\",\"name\":\"Product-Guide.org\",\"url\":\"https:\/\/product-guide.org\/\",\"logo\":{\"@type\":\"ImageObject\",\"inLanguage\":\"en-GB\",\"@id\":\"https:\/\/product-guide.org\/#\/schema\/logo\/image\/\",\"url\":\"https:\/\/product-guide.org\/wp-content\/uploads\/2022\/07\/logo_transparent_background.png\",\"contentUrl\":\"https:\/\/product-guide.org\/wp-content\/uploads\/2022\/07\/logo_transparent_background.png\",\"width\":3400,\"height\":1132,\"caption\":\"Product-Guide.org\"},\"image\":{\"@id\":\"https:\/\/product-guide.org\/#\/schema\/logo\/image\/\"}}]}<\/script>\n<!-- \/ Yoast SEO plugin. -->","yoast_head_json":{"title":"Alpina Zupo Set Skihelm + Skibrille Scarabeo (51-55 cm, 60 light rose matt inkl. Scarabeo) | Sportolino | Product-Guide.org","description":"Alpina Zupo Set Skihelm + Skibrille Scarabeo (51-55 cm, 60 light rose matt inkl. Scarabeo) | Sportolino gefunden von Product-Guide.org","robots":{"index":"index","follow":"follow","max-snippet":"max-snippet:-1","max-image-preview":"max-image-preview:large","max-video-preview":"max-video-preview:-1"},"canonical":"https:\/\/product-guide.org\/en\/produkt\/alpina-zupo-set-skihelm-skibrille-scarabeo-51-55-cm-60-light-rose-matt-inkl-scarabeo-sportolino\/","og_locale":"en_GB","og_type":"article","og_title":"Alpina Zupo Set Skihelm + Skibrille Scarabeo (51-55 cm, 60 light rose matt inkl. Scarabeo) | Sportolino | Product-Guide.org","og_description":"Alpina Zupo Set Skihelm + Skibrille Scarabeo (51-55 cm, 60 light rose matt inkl. Scarabeo) | Sportolino gefunden von Product-Guide.org","og_url":"https:\/\/product-guide.org\/en\/produkt\/alpina-zupo-set-skihelm-skibrille-scarabeo-51-55-cm-60-light-rose-matt-inkl-scarabeo-sportolino\/","og_site_name":"Product-Guide.org","twitter_card":"summary_large_image","schema":{"@context":"https:\/\/schema.org","@graph":[{"@type":"WebPage","@id":"https:\/\/product-guide.org\/produkt\/alpina-zupo-set-skihelm-skibrille-scarabeo-51-55-cm-60-light-rose-matt-inkl-scarabeo-sportolino\/","url":"https:\/\/product-guide.org\/produkt\/alpina-zupo-set-skihelm-skibrille-scarabeo-51-55-cm-60-light-rose-matt-inkl-scarabeo-sportolino\/","name":"Alpina Zupo Set Skihelm + Skibrille Scarabeo (51-55 cm, 60 light rose matt inkl. Scarabeo) | Sportolino | Product-Guide.org","isPartOf":{"@id":"https:\/\/product-guide.org\/#website"},"primaryImageOfPage":{"@id":"https:\/\/product-guide.org\/produkt\/alpina-zupo-set-skihelm-skibrille-scarabeo-51-55-cm-60-light-rose-matt-inkl-scarabeo-sportolino\/#primaryimage"},"image":{"@id":"https:\/\/product-guide.org\/produkt\/alpina-zupo-set-skihelm-skibrille-scarabeo-51-55-cm-60-light-rose-matt-inkl-scarabeo-sportolino\/#primaryimage"},"thumbnailUrl":"https:\/\/product-guide.org\/wp-content\/uploads\/2025\/03\/A9240_X_60_Main_20221102.jpg","datePublished":"2025-03-17T09:47:28+00:00","description":"Alpina Zupo Set Skihelm + Skibrille Scarabeo (51-55 cm, 60 light rose matt inkl. Scarabeo) | Sportolino gefunden von Product-Guide.org","breadcrumb":{"@id":"https:\/\/product-guide.org\/produkt\/alpina-zupo-set-skihelm-skibrille-scarabeo-51-55-cm-60-light-rose-matt-inkl-scarabeo-sportolino\/#breadcrumb"},"inLanguage":"en-GB","potentialAction":[{"@type":"ReadAction","target":["https:\/\/product-guide.org\/produkt\/alpina-zupo-set-skihelm-skibrille-scarabeo-51-55-cm-60-light-rose-matt-inkl-scarabeo-sportolino\/"]}]},{"@type":"ImageObject","inLanguage":"en-GB","@id":"https:\/\/product-guide.org\/produkt\/alpina-zupo-set-skihelm-skibrille-scarabeo-51-55-cm-60-light-rose-matt-inkl-scarabeo-sportolino\/#primaryimage","url":"https:\/\/product-guide.org\/wp-content\/uploads\/2025\/03\/A9240_X_60_Main_20221102.jpg","contentUrl":"https:\/\/product-guide.org\/wp-content\/uploads\/2025\/03\/A9240_X_60_Main_20221102.jpg","width":1369,"height":1500},{"@type":"BreadcrumbList","@id":"https:\/\/product-guide.org\/produkt\/alpina-zupo-set-skihelm-skibrille-scarabeo-51-55-cm-60-light-rose-matt-inkl-scarabeo-sportolino\/#breadcrumb","itemListElement":[{"@type":"ListItem","position":1,"name":"Home","item":"https:\/\/product-guide.org\/"},{"@type":"ListItem","position":2,"name":"Ergebnisse","item":"https:\/\/product-guide.org\/de\/ergebnisse\/"},{"@type":"ListItem","position":3,"name":"Alpina Zupo Set Skihelm + Skibrille Scarabeo (51-55 cm, 60 light rose matt inkl. Scarabeo) | Sportolino"}]},{"@type":"WebSite","@id":"https:\/\/product-guide.org\/#website","url":"https:\/\/product-guide.org\/","name":"Product-Guide.org","description":"What Product are you looking for?","publisher":{"@id":"https:\/\/product-guide.org\/#organization"},"potentialAction":[{"@type":"SearchAction","target":{"@type":"EntryPoint","urlTemplate":"https:\/\/product-guide.org\/?s={search_term_string}"},"query-input":{"@type":"PropertyValueSpecification","valueRequired":true,"valueName":"search_term_string"}}],"inLanguage":"en-GB"},{"@type":"Organization","@id":"https:\/\/product-guide.org\/#organization","name":"Product-Guide.org","url":"https:\/\/product-guide.org\/","logo":{"@type":"ImageObject","inLanguage":"en-GB","@id":"https:\/\/product-guide.org\/#\/schema\/logo\/image\/","url":"https:\/\/product-guide.org\/wp-content\/uploads\/2022\/07\/logo_transparent_background.png","contentUrl":"https:\/\/product-guide.org\/wp-content\/uploads\/2022\/07\/logo_transparent_background.png","width":3400,"height":1132,"caption":"Product-Guide.org"},"image":{"@id":"https:\/\/product-guide.org\/#\/schema\/logo\/image\/"}}]}},"_links":{"self":[{"href":"https:\/\/product-guide.org\/en\/wp-json\/wp\/v2\/product\/49765","targetHints":{"allow":["GET"]}}],"collection":[{"href":"https:\/\/product-guide.org\/en\/wp-json\/wp\/v2\/product"}],"about":[{"href":"https:\/\/product-guide.org\/en\/wp-json\/wp\/v2\/types\/product"}],"wp:featuredmedia":[{"embeddable":true,"href":"https:\/\/product-guide.org\/en\/wp-json\/wp\/v2\/media\/49764"}],"wp:attachment":[{"href":"https:\/\/product-guide.org\/en\/wp-json\/wp\/v2\/media?parent=49765"}],"wp:term":[{"taxonomy":"store","embeddable":true,"href":"https:\/\/product-guide.org\/en\/wp-json\/wp\/v2\/store?post=49765"},{"taxonomy":"product_brand","embeddable":true,"href":"https:\/\/product-guide.org\/en\/wp-json\/wp\/v2\/product_brand?post=49765"},{"taxonomy":"product_cat","embeddable":true,"href":"https:\/\/product-guide.org\/en\/wp-json\/wp\/v2\/product_cat?post=49765"},{"taxonomy":"product_tag","embeddable":true,"href":"https:\/\/product-guide.org\/en\/wp-json\/wp\/v2\/product_tag?post=49765"}],"curies":[{"name":"wp","href":"https:\/\/api.w.org\/{rel}","templated":true}]}}