{"id":49767,"date":"2025-03-17T10:47:30","date_gmt":"2025-03-17T09:47:30","guid":{"rendered":"https:\/\/product-guide.org\/produkt\/atomic-savor-gt-amid-visor-hd-skihelm-51-55-cm-green-sportolino\/"},"modified":"2025-03-17T10:47:30","modified_gmt":"2025-03-17T09:47:30","slug":"atomic-savor-gt-amid-visor-hd-skihelm-51-55-cm-green-sportolino","status":"publish","type":"product","link":"https:\/\/product-guide.org\/en\/produkt\/atomic-savor-gt-amid-visor-hd-skihelm-51-55-cm-green-sportolino\/","title":{"rendered":"Atomic Savor GT Amid Visor HD Skihelm (51-55 cm, green) | Sportolino"},"content":{"rendered":"<p>Seine HD Technologie sorgt bei allen Bedingungen f\u00fcr erstklassige Kontrastsicht, die Visor ID Scheibe ist nahtlos in den Helm integriert. Dadurch entsteht ein unglaublich weites Sichtfeld, ferner sind Skifahrer zuverl\u00e4ssig gegen Wind und Schnee gesch\u00fctzt. Der Savor Skihelm \u00fcberzeugt mit Dreifachschutz, bestehend aus Tri-Brid Schale, Holo Core und AMID (Multi-directional Impact Deflector) f\u00fcr bis zu 40% h\u00f6heren Aufprallschutz, als die Industrie-Sicherheitsnorm fordert. Obendrein ist &#8230;<\/p>\n","protected":false},"excerpt":{"rendered":"<p>Seine HD Technologie sorgt bei allen Bedingungen f\u00fcr erstklassige Kontrastsicht, die Visor ID Scheibe ist nahtlos in den Helm integriert. Dadurch entsteht ein unglaublich weites Sichtfeld, ferner sind Skifahrer zuverl\u00e4ssig gegen Wind und Schnee gesch\u00fctzt. Der Savor Skihelm \u00fcberzeugt mit Dreifachschutz, bestehend aus Tri-Brid Schale, Holo Core und AMID (Multi-directional Impact Deflector) f\u00fcr bis zu [&hellip;]<\/p>\n","protected":false},"featured_media":49766,"template":"","meta":{"_gspb_post_css":""},"store":[],"product_brand":[1371],"product_cat":[1290],"product_tag":[],"class_list":{"0":"post-49767","1":"product","2":"type-product","3":"status-publish","4":"has-post-thumbnail","6":"product_brand-sportolino-de","7":"product_cat-uncategorized","9":"first","10":"instock","11":"shipping-taxable","12":"purchasable","13":"product-type-simple"},"yoast_head":"<!-- This site is optimized with the Yoast SEO plugin v24.6 - https:\/\/yoast.com\/wordpress\/plugins\/seo\/ -->\n<title>Atomic Savor GT Amid Visor HD Skihelm (51-55 cm, green) | Sportolino | Product-Guide.org<\/title>\n<meta name=\"description\" content=\"Atomic Savor GT Amid Visor HD Skihelm (51-55 cm, green) | Sportolino gefunden von Product-Guide.org\" \/>\n<meta name=\"robots\" content=\"index, follow, max-snippet:-1, max-image-preview:large, max-video-preview:-1\" \/>\n<link rel=\"canonical\" href=\"https:\/\/product-guide.org\/en\/produkt\/atomic-savor-gt-amid-visor-hd-skihelm-51-55-cm-green-sportolino\/\" \/>\n<meta property=\"og:locale\" content=\"en_GB\" \/>\n<meta property=\"og:type\" content=\"article\" \/>\n<meta property=\"og:title\" content=\"Atomic Savor GT Amid Visor HD Skihelm (51-55 cm, green) | Sportolino | Product-Guide.org\" \/>\n<meta property=\"og:description\" content=\"Atomic Savor GT Amid Visor HD Skihelm (51-55 cm, green) | Sportolino gefunden von Product-Guide.org\" \/>\n<meta property=\"og:url\" content=\"https:\/\/product-guide.org\/en\/produkt\/atomic-savor-gt-amid-visor-hd-skihelm-51-55-cm-green-sportolino\/\" \/>\n<meta property=\"og:site_name\" content=\"Product-Guide.org\" \/>\n<meta name=\"twitter:card\" content=\"summary_large_image\" \/>\n<script type=\"application\/ld+json\" class=\"yoast-schema-graph\">{\"@context\":\"https:\/\/schema.org\",\"@graph\":[{\"@type\":\"WebPage\",\"@id\":\"https:\/\/product-guide.org\/produkt\/atomic-savor-gt-amid-visor-hd-skihelm-51-55-cm-green-sportolino\/\",\"url\":\"https:\/\/product-guide.org\/produkt\/atomic-savor-gt-amid-visor-hd-skihelm-51-55-cm-green-sportolino\/\",\"name\":\"Atomic Savor GT Amid Visor HD Skihelm (51-55 cm, green) | Sportolino | Product-Guide.org\",\"isPartOf\":{\"@id\":\"https:\/\/product-guide.org\/#website\"},\"primaryImageOfPage\":{\"@id\":\"https:\/\/product-guide.org\/produkt\/atomic-savor-gt-amid-visor-hd-skihelm-51-55-cm-green-sportolino\/#primaryimage\"},\"image\":{\"@id\":\"https:\/\/product-guide.org\/produkt\/atomic-savor-gt-amid-visor-hd-skihelm-51-55-cm-green-sportolino\/#primaryimage\"},\"thumbnailUrl\":\"https:\/\/product-guide.org\/wp-content\/uploads\/2025\/03\/AN5006542_20240912_1.jpg\",\"datePublished\":\"2025-03-17T09:47:30+00:00\",\"description\":\"Atomic Savor GT Amid Visor HD Skihelm (51-55 cm, green) | Sportolino gefunden von Product-Guide.org\",\"breadcrumb\":{\"@id\":\"https:\/\/product-guide.org\/produkt\/atomic-savor-gt-amid-visor-hd-skihelm-51-55-cm-green-sportolino\/#breadcrumb\"},\"inLanguage\":\"en-GB\",\"potentialAction\":[{\"@type\":\"ReadAction\",\"target\":[\"https:\/\/product-guide.org\/produkt\/atomic-savor-gt-amid-visor-hd-skihelm-51-55-cm-green-sportolino\/\"]}]},{\"@type\":\"ImageObject\",\"inLanguage\":\"en-GB\",\"@id\":\"https:\/\/product-guide.org\/produkt\/atomic-savor-gt-amid-visor-hd-skihelm-51-55-cm-green-sportolino\/#primaryimage\",\"url\":\"https:\/\/product-guide.org\/wp-content\/uploads\/2025\/03\/AN5006542_20240912_1.jpg\",\"contentUrl\":\"https:\/\/product-guide.org\/wp-content\/uploads\/2025\/03\/AN5006542_20240912_1.jpg\",\"width\":1354,\"height\":1500},{\"@type\":\"BreadcrumbList\",\"@id\":\"https:\/\/product-guide.org\/produkt\/atomic-savor-gt-amid-visor-hd-skihelm-51-55-cm-green-sportolino\/#breadcrumb\",\"itemListElement\":[{\"@type\":\"ListItem\",\"position\":1,\"name\":\"Home\",\"item\":\"https:\/\/product-guide.org\/\"},{\"@type\":\"ListItem\",\"position\":2,\"name\":\"Ergebnisse\",\"item\":\"https:\/\/product-guide.org\/de\/ergebnisse\/\"},{\"@type\":\"ListItem\",\"position\":3,\"name\":\"Atomic Savor GT Amid Visor HD Skihelm (51-55 cm, green) | Sportolino\"}]},{\"@type\":\"WebSite\",\"@id\":\"https:\/\/product-guide.org\/#website\",\"url\":\"https:\/\/product-guide.org\/\",\"name\":\"Product-Guide.org\",\"description\":\"What Product are you looking for?\",\"publisher\":{\"@id\":\"https:\/\/product-guide.org\/#organization\"},\"potentialAction\":[{\"@type\":\"SearchAction\",\"target\":{\"@type\":\"EntryPoint\",\"urlTemplate\":\"https:\/\/product-guide.org\/?s={search_term_string}\"},\"query-input\":{\"@type\":\"PropertyValueSpecification\",\"valueRequired\":true,\"valueName\":\"search_term_string\"}}],\"inLanguage\":\"en-GB\"},{\"@type\":\"Organization\",\"@id\":\"https:\/\/product-guide.org\/#organization\",\"name\":\"Product-Guide.org\",\"url\":\"https:\/\/product-guide.org\/\",\"logo\":{\"@type\":\"ImageObject\",\"inLanguage\":\"en-GB\",\"@id\":\"https:\/\/product-guide.org\/#\/schema\/logo\/image\/\",\"url\":\"https:\/\/product-guide.org\/wp-content\/uploads\/2022\/07\/logo_transparent_background.png\",\"contentUrl\":\"https:\/\/product-guide.org\/wp-content\/uploads\/2022\/07\/logo_transparent_background.png\",\"width\":3400,\"height\":1132,\"caption\":\"Product-Guide.org\"},\"image\":{\"@id\":\"https:\/\/product-guide.org\/#\/schema\/logo\/image\/\"}}]}<\/script>\n<!-- \/ Yoast SEO plugin. -->","yoast_head_json":{"title":"Atomic Savor GT Amid Visor HD Skihelm (51-55 cm, green) | Sportolino | Product-Guide.org","description":"Atomic Savor GT Amid Visor HD Skihelm (51-55 cm, green) | Sportolino gefunden von Product-Guide.org","robots":{"index":"index","follow":"follow","max-snippet":"max-snippet:-1","max-image-preview":"max-image-preview:large","max-video-preview":"max-video-preview:-1"},"canonical":"https:\/\/product-guide.org\/en\/produkt\/atomic-savor-gt-amid-visor-hd-skihelm-51-55-cm-green-sportolino\/","og_locale":"en_GB","og_type":"article","og_title":"Atomic Savor GT Amid Visor HD Skihelm (51-55 cm, green) | Sportolino | Product-Guide.org","og_description":"Atomic Savor GT Amid Visor HD Skihelm (51-55 cm, green) | Sportolino gefunden von Product-Guide.org","og_url":"https:\/\/product-guide.org\/en\/produkt\/atomic-savor-gt-amid-visor-hd-skihelm-51-55-cm-green-sportolino\/","og_site_name":"Product-Guide.org","twitter_card":"summary_large_image","schema":{"@context":"https:\/\/schema.org","@graph":[{"@type":"WebPage","@id":"https:\/\/product-guide.org\/produkt\/atomic-savor-gt-amid-visor-hd-skihelm-51-55-cm-green-sportolino\/","url":"https:\/\/product-guide.org\/produkt\/atomic-savor-gt-amid-visor-hd-skihelm-51-55-cm-green-sportolino\/","name":"Atomic Savor GT Amid Visor HD Skihelm (51-55 cm, green) | Sportolino | Product-Guide.org","isPartOf":{"@id":"https:\/\/product-guide.org\/#website"},"primaryImageOfPage":{"@id":"https:\/\/product-guide.org\/produkt\/atomic-savor-gt-amid-visor-hd-skihelm-51-55-cm-green-sportolino\/#primaryimage"},"image":{"@id":"https:\/\/product-guide.org\/produkt\/atomic-savor-gt-amid-visor-hd-skihelm-51-55-cm-green-sportolino\/#primaryimage"},"thumbnailUrl":"https:\/\/product-guide.org\/wp-content\/uploads\/2025\/03\/AN5006542_20240912_1.jpg","datePublished":"2025-03-17T09:47:30+00:00","description":"Atomic Savor GT Amid Visor HD Skihelm (51-55 cm, green) | Sportolino gefunden von Product-Guide.org","breadcrumb":{"@id":"https:\/\/product-guide.org\/produkt\/atomic-savor-gt-amid-visor-hd-skihelm-51-55-cm-green-sportolino\/#breadcrumb"},"inLanguage":"en-GB","potentialAction":[{"@type":"ReadAction","target":["https:\/\/product-guide.org\/produkt\/atomic-savor-gt-amid-visor-hd-skihelm-51-55-cm-green-sportolino\/"]}]},{"@type":"ImageObject","inLanguage":"en-GB","@id":"https:\/\/product-guide.org\/produkt\/atomic-savor-gt-amid-visor-hd-skihelm-51-55-cm-green-sportolino\/#primaryimage","url":"https:\/\/product-guide.org\/wp-content\/uploads\/2025\/03\/AN5006542_20240912_1.jpg","contentUrl":"https:\/\/product-guide.org\/wp-content\/uploads\/2025\/03\/AN5006542_20240912_1.jpg","width":1354,"height":1500},{"@type":"BreadcrumbList","@id":"https:\/\/product-guide.org\/produkt\/atomic-savor-gt-amid-visor-hd-skihelm-51-55-cm-green-sportolino\/#breadcrumb","itemListElement":[{"@type":"ListItem","position":1,"name":"Home","item":"https:\/\/product-guide.org\/"},{"@type":"ListItem","position":2,"name":"Ergebnisse","item":"https:\/\/product-guide.org\/de\/ergebnisse\/"},{"@type":"ListItem","position":3,"name":"Atomic Savor GT Amid Visor HD Skihelm (51-55 cm, green) | Sportolino"}]},{"@type":"WebSite","@id":"https:\/\/product-guide.org\/#website","url":"https:\/\/product-guide.org\/","name":"Product-Guide.org","description":"What Product are you looking for?","publisher":{"@id":"https:\/\/product-guide.org\/#organization"},"potentialAction":[{"@type":"SearchAction","target":{"@type":"EntryPoint","urlTemplate":"https:\/\/product-guide.org\/?s={search_term_string}"},"query-input":{"@type":"PropertyValueSpecification","valueRequired":true,"valueName":"search_term_string"}}],"inLanguage":"en-GB"},{"@type":"Organization","@id":"https:\/\/product-guide.org\/#organization","name":"Product-Guide.org","url":"https:\/\/product-guide.org\/","logo":{"@type":"ImageObject","inLanguage":"en-GB","@id":"https:\/\/product-guide.org\/#\/schema\/logo\/image\/","url":"https:\/\/product-guide.org\/wp-content\/uploads\/2022\/07\/logo_transparent_background.png","contentUrl":"https:\/\/product-guide.org\/wp-content\/uploads\/2022\/07\/logo_transparent_background.png","width":3400,"height":1132,"caption":"Product-Guide.org"},"image":{"@id":"https:\/\/product-guide.org\/#\/schema\/logo\/image\/"}}]}},"_links":{"self":[{"href":"https:\/\/product-guide.org\/en\/wp-json\/wp\/v2\/product\/49767","targetHints":{"allow":["GET"]}}],"collection":[{"href":"https:\/\/product-guide.org\/en\/wp-json\/wp\/v2\/product"}],"about":[{"href":"https:\/\/product-guide.org\/en\/wp-json\/wp\/v2\/types\/product"}],"wp:featuredmedia":[{"embeddable":true,"href":"https:\/\/product-guide.org\/en\/wp-json\/wp\/v2\/media\/49766"}],"wp:attachment":[{"href":"https:\/\/product-guide.org\/en\/wp-json\/wp\/v2\/media?parent=49767"}],"wp:term":[{"taxonomy":"store","embeddable":true,"href":"https:\/\/product-guide.org\/en\/wp-json\/wp\/v2\/store?post=49767"},{"taxonomy":"product_brand","embeddable":true,"href":"https:\/\/product-guide.org\/en\/wp-json\/wp\/v2\/product_brand?post=49767"},{"taxonomy":"product_cat","embeddable":true,"href":"https:\/\/product-guide.org\/en\/wp-json\/wp\/v2\/product_cat?post=49767"},{"taxonomy":"product_tag","embeddable":true,"href":"https:\/\/product-guide.org\/en\/wp-json\/wp\/v2\/product_tag?post=49767"}],"curies":[{"name":"wp","href":"https:\/\/api.w.org\/{rel}","templated":true}]}}