{"id":49769,"date":"2025-03-17T10:47:31","date_gmt":"2025-03-17T09:47:31","guid":{"rendered":"https:\/\/product-guide.org\/produkt\/jack-wolfskin-acs-hike-30-pack-wanderrucksack-1010-night-blue-sportolino\/"},"modified":"2025-03-17T10:47:31","modified_gmt":"2025-03-17T09:47:31","slug":"jack-wolfskin-acs-hike-30-pack-wanderrucksack-1010-night-blue-sportolino","status":"publish","type":"product","link":"https:\/\/product-guide.org\/en\/produkt\/jack-wolfskin-acs-hike-30-pack-wanderrucksack-1010-night-blue-sportolino\/","title":{"rendered":"Jack Wolfskin ACS Hike 30 Pack Wanderrucksack (1010 night blue) | Sportolino"},"content":{"rendered":"<p>Ein klassischer Wanderrucksack, f\u00fcr Tages-oder Mehrtagestouren, der Jack Wolfskin ACS Hike 34 Pack Rucksack. Er \u00fcberzeugt durch variable Staum\u00f6glichkeiten sowie hohen Tragekomfort. Das flexible und stabile Tragesystem gew\u00e4hrt eine gute Bel\u00fcftung des R\u00fcckens sowie optimale Lastverteilung. Das Gep\u00e4ck wird im gro\u00dfen Packsack mit Bodenfach sinnvoll und gleichm\u00e4\u00dfig verstaut. Kleinteile finden im Deckelfach, der vertikalen Fronttasche sowie in der Rei\u00dfverschlusstasche am H\u00fcftgurt &#8230;<\/p>\n","protected":false},"excerpt":{"rendered":"<p>Ein klassischer Wanderrucksack, f\u00fcr Tages-oder Mehrtagestouren, der Jack Wolfskin ACS Hike 34 Pack Rucksack. Er \u00fcberzeugt durch variable Staum\u00f6glichkeiten sowie hohen Tragekomfort. Das flexible und stabile Tragesystem gew\u00e4hrt eine gute Bel\u00fcftung des R\u00fcckens sowie optimale Lastverteilung. Das Gep\u00e4ck wird im gro\u00dfen Packsack mit Bodenfach sinnvoll und gleichm\u00e4\u00dfig verstaut. Kleinteile finden im Deckelfach, der vertikalen Fronttasche [&hellip;]<\/p>\n","protected":false},"featured_media":49768,"template":"","meta":{"_gspb_post_css":""},"store":[],"product_brand":[1371],"product_cat":[1290],"product_tag":[],"class_list":{"0":"post-49769","1":"product","2":"type-product","3":"status-publish","4":"has-post-thumbnail","6":"product_brand-sportolino-de","7":"product_cat-uncategorized","9":"first","10":"instock","11":"shipping-taxable","12":"purchasable","13":"product-type-simple"},"yoast_head":"<!-- This site is optimized with the Yoast SEO plugin v24.6 - https:\/\/yoast.com\/wordpress\/plugins\/seo\/ -->\n<title>Jack Wolfskin ACS Hike 30 Pack Wanderrucksack (1010 night blue) | Sportolino | Product-Guide.org<\/title>\n<meta name=\"description\" content=\"Jack Wolfskin ACS Hike 30 Pack Wanderrucksack (1010 night blue) | Sportolino gefunden von Product-Guide.org\" \/>\n<meta name=\"robots\" content=\"index, follow, max-snippet:-1, max-image-preview:large, max-video-preview:-1\" \/>\n<link rel=\"canonical\" href=\"https:\/\/product-guide.org\/en\/produkt\/jack-wolfskin-acs-hike-30-pack-wanderrucksack-1010-night-blue-sportolino\/\" \/>\n<meta property=\"og:locale\" content=\"en_GB\" \/>\n<meta property=\"og:type\" content=\"article\" \/>\n<meta property=\"og:title\" content=\"Jack Wolfskin ACS Hike 30 Pack Wanderrucksack (1010 night blue) | Sportolino | Product-Guide.org\" \/>\n<meta property=\"og:description\" content=\"Jack Wolfskin ACS Hike 30 Pack Wanderrucksack (1010 night blue) | Sportolino gefunden von Product-Guide.org\" \/>\n<meta property=\"og:url\" content=\"https:\/\/product-guide.org\/en\/produkt\/jack-wolfskin-acs-hike-30-pack-wanderrucksack-1010-night-blue-sportolino\/\" \/>\n<meta property=\"og:site_name\" content=\"Product-Guide.org\" \/>\n<meta name=\"twitter:card\" content=\"summary_large_image\" \/>\n<script type=\"application\/ld+json\" class=\"yoast-schema-graph\">{\"@context\":\"https:\/\/schema.org\",\"@graph\":[{\"@type\":\"WebPage\",\"@id\":\"https:\/\/product-guide.org\/produkt\/jack-wolfskin-acs-hike-30-pack-wanderrucksack-1010-night-blue-sportolino\/\",\"url\":\"https:\/\/product-guide.org\/produkt\/jack-wolfskin-acs-hike-30-pack-wanderrucksack-1010-night-blue-sportolino\/\",\"name\":\"Jack Wolfskin ACS Hike 30 Pack Wanderrucksack (1010 night blue) | Sportolino | Product-Guide.org\",\"isPartOf\":{\"@id\":\"https:\/\/product-guide.org\/#website\"},\"primaryImageOfPage\":{\"@id\":\"https:\/\/product-guide.org\/produkt\/jack-wolfskin-acs-hike-30-pack-wanderrucksack-1010-night-blue-sportolino\/#primaryimage\"},\"image\":{\"@id\":\"https:\/\/product-guide.org\/produkt\/jack-wolfskin-acs-hike-30-pack-wanderrucksack-1010-night-blue-sportolino\/#primaryimage\"},\"thumbnailUrl\":\"https:\/\/product-guide.org\/wp-content\/uploads\/2025\/03\/jack_wolfskin_rs_20180824.jpg\",\"datePublished\":\"2025-03-17T09:47:31+00:00\",\"description\":\"Jack Wolfskin ACS Hike 30 Pack Wanderrucksack (1010 night blue) | Sportolino gefunden von Product-Guide.org\",\"breadcrumb\":{\"@id\":\"https:\/\/product-guide.org\/produkt\/jack-wolfskin-acs-hike-30-pack-wanderrucksack-1010-night-blue-sportolino\/#breadcrumb\"},\"inLanguage\":\"en-GB\",\"potentialAction\":[{\"@type\":\"ReadAction\",\"target\":[\"https:\/\/product-guide.org\/produkt\/jack-wolfskin-acs-hike-30-pack-wanderrucksack-1010-night-blue-sportolino\/\"]}]},{\"@type\":\"ImageObject\",\"inLanguage\":\"en-GB\",\"@id\":\"https:\/\/product-guide.org\/produkt\/jack-wolfskin-acs-hike-30-pack-wanderrucksack-1010-night-blue-sportolino\/#primaryimage\",\"url\":\"https:\/\/product-guide.org\/wp-content\/uploads\/2025\/03\/jack_wolfskin_rs_20180824.jpg\",\"contentUrl\":\"https:\/\/product-guide.org\/wp-content\/uploads\/2025\/03\/jack_wolfskin_rs_20180824.jpg\",\"width\":791,\"height\":1500},{\"@type\":\"BreadcrumbList\",\"@id\":\"https:\/\/product-guide.org\/produkt\/jack-wolfskin-acs-hike-30-pack-wanderrucksack-1010-night-blue-sportolino\/#breadcrumb\",\"itemListElement\":[{\"@type\":\"ListItem\",\"position\":1,\"name\":\"Home\",\"item\":\"https:\/\/product-guide.org\/\"},{\"@type\":\"ListItem\",\"position\":2,\"name\":\"Ergebnisse\",\"item\":\"https:\/\/product-guide.org\/de\/ergebnisse\/\"},{\"@type\":\"ListItem\",\"position\":3,\"name\":\"Jack Wolfskin ACS Hike 30 Pack Wanderrucksack (1010 night blue) | Sportolino\"}]},{\"@type\":\"WebSite\",\"@id\":\"https:\/\/product-guide.org\/#website\",\"url\":\"https:\/\/product-guide.org\/\",\"name\":\"Product-Guide.org\",\"description\":\"What Product are you looking for?\",\"publisher\":{\"@id\":\"https:\/\/product-guide.org\/#organization\"},\"potentialAction\":[{\"@type\":\"SearchAction\",\"target\":{\"@type\":\"EntryPoint\",\"urlTemplate\":\"https:\/\/product-guide.org\/?s={search_term_string}\"},\"query-input\":{\"@type\":\"PropertyValueSpecification\",\"valueRequired\":true,\"valueName\":\"search_term_string\"}}],\"inLanguage\":\"en-GB\"},{\"@type\":\"Organization\",\"@id\":\"https:\/\/product-guide.org\/#organization\",\"name\":\"Product-Guide.org\",\"url\":\"https:\/\/product-guide.org\/\",\"logo\":{\"@type\":\"ImageObject\",\"inLanguage\":\"en-GB\",\"@id\":\"https:\/\/product-guide.org\/#\/schema\/logo\/image\/\",\"url\":\"https:\/\/product-guide.org\/wp-content\/uploads\/2022\/07\/logo_transparent_background.png\",\"contentUrl\":\"https:\/\/product-guide.org\/wp-content\/uploads\/2022\/07\/logo_transparent_background.png\",\"width\":3400,\"height\":1132,\"caption\":\"Product-Guide.org\"},\"image\":{\"@id\":\"https:\/\/product-guide.org\/#\/schema\/logo\/image\/\"}}]}<\/script>\n<!-- \/ Yoast SEO plugin. -->","yoast_head_json":{"title":"Jack Wolfskin ACS Hike 30 Pack Wanderrucksack (1010 night blue) | Sportolino | Product-Guide.org","description":"Jack Wolfskin ACS Hike 30 Pack Wanderrucksack (1010 night blue) | Sportolino gefunden von Product-Guide.org","robots":{"index":"index","follow":"follow","max-snippet":"max-snippet:-1","max-image-preview":"max-image-preview:large","max-video-preview":"max-video-preview:-1"},"canonical":"https:\/\/product-guide.org\/en\/produkt\/jack-wolfskin-acs-hike-30-pack-wanderrucksack-1010-night-blue-sportolino\/","og_locale":"en_GB","og_type":"article","og_title":"Jack Wolfskin ACS Hike 30 Pack Wanderrucksack (1010 night blue) | Sportolino | Product-Guide.org","og_description":"Jack Wolfskin ACS Hike 30 Pack Wanderrucksack (1010 night blue) | Sportolino gefunden von Product-Guide.org","og_url":"https:\/\/product-guide.org\/en\/produkt\/jack-wolfskin-acs-hike-30-pack-wanderrucksack-1010-night-blue-sportolino\/","og_site_name":"Product-Guide.org","twitter_card":"summary_large_image","schema":{"@context":"https:\/\/schema.org","@graph":[{"@type":"WebPage","@id":"https:\/\/product-guide.org\/produkt\/jack-wolfskin-acs-hike-30-pack-wanderrucksack-1010-night-blue-sportolino\/","url":"https:\/\/product-guide.org\/produkt\/jack-wolfskin-acs-hike-30-pack-wanderrucksack-1010-night-blue-sportolino\/","name":"Jack Wolfskin ACS Hike 30 Pack Wanderrucksack (1010 night blue) | Sportolino | Product-Guide.org","isPartOf":{"@id":"https:\/\/product-guide.org\/#website"},"primaryImageOfPage":{"@id":"https:\/\/product-guide.org\/produkt\/jack-wolfskin-acs-hike-30-pack-wanderrucksack-1010-night-blue-sportolino\/#primaryimage"},"image":{"@id":"https:\/\/product-guide.org\/produkt\/jack-wolfskin-acs-hike-30-pack-wanderrucksack-1010-night-blue-sportolino\/#primaryimage"},"thumbnailUrl":"https:\/\/product-guide.org\/wp-content\/uploads\/2025\/03\/jack_wolfskin_rs_20180824.jpg","datePublished":"2025-03-17T09:47:31+00:00","description":"Jack Wolfskin ACS Hike 30 Pack Wanderrucksack (1010 night blue) | Sportolino gefunden von Product-Guide.org","breadcrumb":{"@id":"https:\/\/product-guide.org\/produkt\/jack-wolfskin-acs-hike-30-pack-wanderrucksack-1010-night-blue-sportolino\/#breadcrumb"},"inLanguage":"en-GB","potentialAction":[{"@type":"ReadAction","target":["https:\/\/product-guide.org\/produkt\/jack-wolfskin-acs-hike-30-pack-wanderrucksack-1010-night-blue-sportolino\/"]}]},{"@type":"ImageObject","inLanguage":"en-GB","@id":"https:\/\/product-guide.org\/produkt\/jack-wolfskin-acs-hike-30-pack-wanderrucksack-1010-night-blue-sportolino\/#primaryimage","url":"https:\/\/product-guide.org\/wp-content\/uploads\/2025\/03\/jack_wolfskin_rs_20180824.jpg","contentUrl":"https:\/\/product-guide.org\/wp-content\/uploads\/2025\/03\/jack_wolfskin_rs_20180824.jpg","width":791,"height":1500},{"@type":"BreadcrumbList","@id":"https:\/\/product-guide.org\/produkt\/jack-wolfskin-acs-hike-30-pack-wanderrucksack-1010-night-blue-sportolino\/#breadcrumb","itemListElement":[{"@type":"ListItem","position":1,"name":"Home","item":"https:\/\/product-guide.org\/"},{"@type":"ListItem","position":2,"name":"Ergebnisse","item":"https:\/\/product-guide.org\/de\/ergebnisse\/"},{"@type":"ListItem","position":3,"name":"Jack Wolfskin ACS Hike 30 Pack Wanderrucksack (1010 night blue) | Sportolino"}]},{"@type":"WebSite","@id":"https:\/\/product-guide.org\/#website","url":"https:\/\/product-guide.org\/","name":"Product-Guide.org","description":"What Product are you looking for?","publisher":{"@id":"https:\/\/product-guide.org\/#organization"},"potentialAction":[{"@type":"SearchAction","target":{"@type":"EntryPoint","urlTemplate":"https:\/\/product-guide.org\/?s={search_term_string}"},"query-input":{"@type":"PropertyValueSpecification","valueRequired":true,"valueName":"search_term_string"}}],"inLanguage":"en-GB"},{"@type":"Organization","@id":"https:\/\/product-guide.org\/#organization","name":"Product-Guide.org","url":"https:\/\/product-guide.org\/","logo":{"@type":"ImageObject","inLanguage":"en-GB","@id":"https:\/\/product-guide.org\/#\/schema\/logo\/image\/","url":"https:\/\/product-guide.org\/wp-content\/uploads\/2022\/07\/logo_transparent_background.png","contentUrl":"https:\/\/product-guide.org\/wp-content\/uploads\/2022\/07\/logo_transparent_background.png","width":3400,"height":1132,"caption":"Product-Guide.org"},"image":{"@id":"https:\/\/product-guide.org\/#\/schema\/logo\/image\/"}}]}},"_links":{"self":[{"href":"https:\/\/product-guide.org\/en\/wp-json\/wp\/v2\/product\/49769","targetHints":{"allow":["GET"]}}],"collection":[{"href":"https:\/\/product-guide.org\/en\/wp-json\/wp\/v2\/product"}],"about":[{"href":"https:\/\/product-guide.org\/en\/wp-json\/wp\/v2\/types\/product"}],"wp:featuredmedia":[{"embeddable":true,"href":"https:\/\/product-guide.org\/en\/wp-json\/wp\/v2\/media\/49768"}],"wp:attachment":[{"href":"https:\/\/product-guide.org\/en\/wp-json\/wp\/v2\/media?parent=49769"}],"wp:term":[{"taxonomy":"store","embeddable":true,"href":"https:\/\/product-guide.org\/en\/wp-json\/wp\/v2\/store?post=49769"},{"taxonomy":"product_brand","embeddable":true,"href":"https:\/\/product-guide.org\/en\/wp-json\/wp\/v2\/product_brand?post=49769"},{"taxonomy":"product_cat","embeddable":true,"href":"https:\/\/product-guide.org\/en\/wp-json\/wp\/v2\/product_cat?post=49769"},{"taxonomy":"product_tag","embeddable":true,"href":"https:\/\/product-guide.org\/en\/wp-json\/wp\/v2\/product_tag?post=49769"}],"curies":[{"name":"wp","href":"https:\/\/api.w.org\/{rel}","templated":true}]}}