{"id":49779,"date":"2025-03-17T10:47:38","date_gmt":"2025-03-17T09:47:38","guid":{"rendered":"https:\/\/product-guide.org\/produkt\/uvex-kid-3-kinder-fahrradhelm-51-55-cm-06-scary-pink-sportolino\/"},"modified":"2025-03-17T10:47:39","modified_gmt":"2025-03-17T09:47:39","slug":"uvex-kid-3-kinder-fahrradhelm-51-55-cm-06-scary-pink-sportolino","status":"publish","type":"product","link":"https:\/\/product-guide.org\/en\/produkt\/uvex-kid-3-kinder-fahrradhelm-51-55-cm-06-scary-pink-sportolino\/","title":{"rendered":"uvex Kid 3 Kinder-Fahrradhelm (51-55 cm, 06 scary pink) | Sportolino"},"content":{"rendered":"<p>Mit dem uvex Kid 3 Fahrradhelm haben Kids maximale Sicherheit, bei perfekten Anpassungsm\u00f6glichkeiten. Ideal ist der Helm f\u00fcr aktive Kinder, die gerne mit dem Bike, Board oder Skates unterwegs sind. Ein perfekter Sitz f\u00fcr viele Kopfformen wird durch das IAS-Gr\u00f6\u00dfenverstellsystem und die 10 mm dicken Zusatzpolster gew\u00e4hrt. Herausnehmbare und waschbare Polsterung mit antibakterieller Spezialveredelung.<\/p>\n","protected":false},"excerpt":{"rendered":"<p>Mit dem uvex Kid 3 Fahrradhelm haben Kids maximale Sicherheit, bei perfekten Anpassungsm\u00f6glichkeiten. Ideal ist der Helm f\u00fcr aktive Kinder, die gerne mit dem Bike, Board oder Skates unterwegs sind. Ein perfekter Sitz f\u00fcr viele Kopfformen wird durch das IAS-Gr\u00f6\u00dfenverstellsystem und die 10 mm dicken Zusatzpolster gew\u00e4hrt. Herausnehmbare und waschbare Polsterung mit antibakterieller Spezialveredelung.<\/p>\n","protected":false},"featured_media":49777,"template":"","meta":{"_gspb_post_css":""},"store":[],"product_brand":[1371],"product_cat":[1290],"product_tag":[],"class_list":{"0":"post-49779","1":"product","2":"type-product","3":"status-publish","4":"has-post-thumbnail","6":"product_brand-sportolino-de","7":"product_cat-uncategorized","9":"first","10":"instock","11":"shipping-taxable","12":"purchasable","13":"product-type-simple"},"yoast_head":"<!-- This site is optimized with the Yoast SEO plugin v24.6 - https:\/\/yoast.com\/wordpress\/plugins\/seo\/ -->\n<title>uvex Kid 3 Kinder-Fahrradhelm (51-55 cm, 06 scary pink) | Sportolino | Product-Guide.org<\/title>\n<meta name=\"description\" content=\"uvex Kid 3 Kinder-Fahrradhelm (51-55 cm, 06 scary pink) | Sportolino gefunden von Product-Guide.org\" \/>\n<meta name=\"robots\" content=\"index, follow, max-snippet:-1, max-image-preview:large, max-video-preview:-1\" \/>\n<link rel=\"canonical\" href=\"https:\/\/product-guide.org\/en\/produkt\/uvex-kid-3-kinder-fahrradhelm-51-55-cm-06-scary-pink-sportolino\/\" \/>\n<meta property=\"og:locale\" content=\"en_GB\" \/>\n<meta property=\"og:type\" content=\"article\" \/>\n<meta property=\"og:title\" content=\"uvex Kid 3 Kinder-Fahrradhelm (51-55 cm, 06 scary pink) | Sportolino | Product-Guide.org\" \/>\n<meta property=\"og:description\" content=\"uvex Kid 3 Kinder-Fahrradhelm (51-55 cm, 06 scary pink) | Sportolino gefunden von Product-Guide.org\" \/>\n<meta property=\"og:url\" content=\"https:\/\/product-guide.org\/en\/produkt\/uvex-kid-3-kinder-fahrradhelm-51-55-cm-06-scary-pink-sportolino\/\" \/>\n<meta property=\"og:site_name\" content=\"Product-Guide.org\" \/>\n<meta property=\"article:modified_time\" content=\"2025-03-17T09:47:39+00:00\" \/>\n<meta name=\"twitter:card\" content=\"summary_large_image\" \/>\n<script type=\"application\/ld+json\" class=\"yoast-schema-graph\">{\"@context\":\"https:\/\/schema.org\",\"@graph\":[{\"@type\":\"WebPage\",\"@id\":\"https:\/\/product-guide.org\/produkt\/uvex-kid-3-kinder-fahrradhelm-51-55-cm-06-scary-pink-sportolino\/\",\"url\":\"https:\/\/product-guide.org\/produkt\/uvex-kid-3-kinder-fahrradhelm-51-55-cm-06-scary-pink-sportolino\/\",\"name\":\"uvex Kid 3 Kinder-Fahrradhelm (51-55 cm, 06 scary pink) | Sportolino | Product-Guide.org\",\"isPartOf\":{\"@id\":\"https:\/\/product-guide.org\/#website\"},\"primaryImageOfPage\":{\"@id\":\"https:\/\/product-guide.org\/produkt\/uvex-kid-3-kinder-fahrradhelm-51-55-cm-06-scary-pink-sportolino\/#primaryimage\"},\"image\":{\"@id\":\"https:\/\/product-guide.org\/produkt\/uvex-kid-3-kinder-fahrradhelm-51-55-cm-06-scary-pink-sportolino\/#primaryimage\"},\"thumbnailUrl\":\"https:\/\/product-guide.org\/wp-content\/uploads\/2025\/03\/uvex_kid3_S41481906_20151027_xl.jpg\",\"datePublished\":\"2025-03-17T09:47:38+00:00\",\"dateModified\":\"2025-03-17T09:47:39+00:00\",\"description\":\"uvex Kid 3 Kinder-Fahrradhelm (51-55 cm, 06 scary pink) | Sportolino gefunden von Product-Guide.org\",\"breadcrumb\":{\"@id\":\"https:\/\/product-guide.org\/produkt\/uvex-kid-3-kinder-fahrradhelm-51-55-cm-06-scary-pink-sportolino\/#breadcrumb\"},\"inLanguage\":\"en-GB\",\"potentialAction\":[{\"@type\":\"ReadAction\",\"target\":[\"https:\/\/product-guide.org\/produkt\/uvex-kid-3-kinder-fahrradhelm-51-55-cm-06-scary-pink-sportolino\/\"]}]},{\"@type\":\"ImageObject\",\"inLanguage\":\"en-GB\",\"@id\":\"https:\/\/product-guide.org\/produkt\/uvex-kid-3-kinder-fahrradhelm-51-55-cm-06-scary-pink-sportolino\/#primaryimage\",\"url\":\"https:\/\/product-guide.org\/wp-content\/uploads\/2025\/03\/uvex_kid3_S41481906_20151027_xl.jpg\",\"contentUrl\":\"https:\/\/product-guide.org\/wp-content\/uploads\/2025\/03\/uvex_kid3_S41481906_20151027_xl.jpg\",\"width\":1286,\"height\":1500},{\"@type\":\"BreadcrumbList\",\"@id\":\"https:\/\/product-guide.org\/produkt\/uvex-kid-3-kinder-fahrradhelm-51-55-cm-06-scary-pink-sportolino\/#breadcrumb\",\"itemListElement\":[{\"@type\":\"ListItem\",\"position\":1,\"name\":\"Home\",\"item\":\"https:\/\/product-guide.org\/\"},{\"@type\":\"ListItem\",\"position\":2,\"name\":\"Ergebnisse\",\"item\":\"https:\/\/product-guide.org\/de\/ergebnisse\/\"},{\"@type\":\"ListItem\",\"position\":3,\"name\":\"uvex Kid 3 Kinder-Fahrradhelm (51-55 cm, 06 scary pink) | Sportolino\"}]},{\"@type\":\"WebSite\",\"@id\":\"https:\/\/product-guide.org\/#website\",\"url\":\"https:\/\/product-guide.org\/\",\"name\":\"Product-Guide.org\",\"description\":\"What Product are you looking for?\",\"publisher\":{\"@id\":\"https:\/\/product-guide.org\/#organization\"},\"potentialAction\":[{\"@type\":\"SearchAction\",\"target\":{\"@type\":\"EntryPoint\",\"urlTemplate\":\"https:\/\/product-guide.org\/?s={search_term_string}\"},\"query-input\":{\"@type\":\"PropertyValueSpecification\",\"valueRequired\":true,\"valueName\":\"search_term_string\"}}],\"inLanguage\":\"en-GB\"},{\"@type\":\"Organization\",\"@id\":\"https:\/\/product-guide.org\/#organization\",\"name\":\"Product-Guide.org\",\"url\":\"https:\/\/product-guide.org\/\",\"logo\":{\"@type\":\"ImageObject\",\"inLanguage\":\"en-GB\",\"@id\":\"https:\/\/product-guide.org\/#\/schema\/logo\/image\/\",\"url\":\"https:\/\/product-guide.org\/wp-content\/uploads\/2022\/07\/logo_transparent_background.png\",\"contentUrl\":\"https:\/\/product-guide.org\/wp-content\/uploads\/2022\/07\/logo_transparent_background.png\",\"width\":3400,\"height\":1132,\"caption\":\"Product-Guide.org\"},\"image\":{\"@id\":\"https:\/\/product-guide.org\/#\/schema\/logo\/image\/\"}}]}<\/script>\n<!-- \/ Yoast SEO plugin. -->","yoast_head_json":{"title":"uvex Kid 3 Kinder-Fahrradhelm (51-55 cm, 06 scary pink) | Sportolino | Product-Guide.org","description":"uvex Kid 3 Kinder-Fahrradhelm (51-55 cm, 06 scary pink) | Sportolino gefunden von Product-Guide.org","robots":{"index":"index","follow":"follow","max-snippet":"max-snippet:-1","max-image-preview":"max-image-preview:large","max-video-preview":"max-video-preview:-1"},"canonical":"https:\/\/product-guide.org\/en\/produkt\/uvex-kid-3-kinder-fahrradhelm-51-55-cm-06-scary-pink-sportolino\/","og_locale":"en_GB","og_type":"article","og_title":"uvex Kid 3 Kinder-Fahrradhelm (51-55 cm, 06 scary pink) | Sportolino | Product-Guide.org","og_description":"uvex Kid 3 Kinder-Fahrradhelm (51-55 cm, 06 scary pink) | Sportolino gefunden von Product-Guide.org","og_url":"https:\/\/product-guide.org\/en\/produkt\/uvex-kid-3-kinder-fahrradhelm-51-55-cm-06-scary-pink-sportolino\/","og_site_name":"Product-Guide.org","article_modified_time":"2025-03-17T09:47:39+00:00","twitter_card":"summary_large_image","schema":{"@context":"https:\/\/schema.org","@graph":[{"@type":"WebPage","@id":"https:\/\/product-guide.org\/produkt\/uvex-kid-3-kinder-fahrradhelm-51-55-cm-06-scary-pink-sportolino\/","url":"https:\/\/product-guide.org\/produkt\/uvex-kid-3-kinder-fahrradhelm-51-55-cm-06-scary-pink-sportolino\/","name":"uvex Kid 3 Kinder-Fahrradhelm (51-55 cm, 06 scary pink) | Sportolino | Product-Guide.org","isPartOf":{"@id":"https:\/\/product-guide.org\/#website"},"primaryImageOfPage":{"@id":"https:\/\/product-guide.org\/produkt\/uvex-kid-3-kinder-fahrradhelm-51-55-cm-06-scary-pink-sportolino\/#primaryimage"},"image":{"@id":"https:\/\/product-guide.org\/produkt\/uvex-kid-3-kinder-fahrradhelm-51-55-cm-06-scary-pink-sportolino\/#primaryimage"},"thumbnailUrl":"https:\/\/product-guide.org\/wp-content\/uploads\/2025\/03\/uvex_kid3_S41481906_20151027_xl.jpg","datePublished":"2025-03-17T09:47:38+00:00","dateModified":"2025-03-17T09:47:39+00:00","description":"uvex Kid 3 Kinder-Fahrradhelm (51-55 cm, 06 scary pink) | Sportolino gefunden von Product-Guide.org","breadcrumb":{"@id":"https:\/\/product-guide.org\/produkt\/uvex-kid-3-kinder-fahrradhelm-51-55-cm-06-scary-pink-sportolino\/#breadcrumb"},"inLanguage":"en-GB","potentialAction":[{"@type":"ReadAction","target":["https:\/\/product-guide.org\/produkt\/uvex-kid-3-kinder-fahrradhelm-51-55-cm-06-scary-pink-sportolino\/"]}]},{"@type":"ImageObject","inLanguage":"en-GB","@id":"https:\/\/product-guide.org\/produkt\/uvex-kid-3-kinder-fahrradhelm-51-55-cm-06-scary-pink-sportolino\/#primaryimage","url":"https:\/\/product-guide.org\/wp-content\/uploads\/2025\/03\/uvex_kid3_S41481906_20151027_xl.jpg","contentUrl":"https:\/\/product-guide.org\/wp-content\/uploads\/2025\/03\/uvex_kid3_S41481906_20151027_xl.jpg","width":1286,"height":1500},{"@type":"BreadcrumbList","@id":"https:\/\/product-guide.org\/produkt\/uvex-kid-3-kinder-fahrradhelm-51-55-cm-06-scary-pink-sportolino\/#breadcrumb","itemListElement":[{"@type":"ListItem","position":1,"name":"Home","item":"https:\/\/product-guide.org\/"},{"@type":"ListItem","position":2,"name":"Ergebnisse","item":"https:\/\/product-guide.org\/de\/ergebnisse\/"},{"@type":"ListItem","position":3,"name":"uvex Kid 3 Kinder-Fahrradhelm (51-55 cm, 06 scary pink) | Sportolino"}]},{"@type":"WebSite","@id":"https:\/\/product-guide.org\/#website","url":"https:\/\/product-guide.org\/","name":"Product-Guide.org","description":"What Product are you looking for?","publisher":{"@id":"https:\/\/product-guide.org\/#organization"},"potentialAction":[{"@type":"SearchAction","target":{"@type":"EntryPoint","urlTemplate":"https:\/\/product-guide.org\/?s={search_term_string}"},"query-input":{"@type":"PropertyValueSpecification","valueRequired":true,"valueName":"search_term_string"}}],"inLanguage":"en-GB"},{"@type":"Organization","@id":"https:\/\/product-guide.org\/#organization","name":"Product-Guide.org","url":"https:\/\/product-guide.org\/","logo":{"@type":"ImageObject","inLanguage":"en-GB","@id":"https:\/\/product-guide.org\/#\/schema\/logo\/image\/","url":"https:\/\/product-guide.org\/wp-content\/uploads\/2022\/07\/logo_transparent_background.png","contentUrl":"https:\/\/product-guide.org\/wp-content\/uploads\/2022\/07\/logo_transparent_background.png","width":3400,"height":1132,"caption":"Product-Guide.org"},"image":{"@id":"https:\/\/product-guide.org\/#\/schema\/logo\/image\/"}}]}},"_links":{"self":[{"href":"https:\/\/product-guide.org\/en\/wp-json\/wp\/v2\/product\/49779","targetHints":{"allow":["GET"]}}],"collection":[{"href":"https:\/\/product-guide.org\/en\/wp-json\/wp\/v2\/product"}],"about":[{"href":"https:\/\/product-guide.org\/en\/wp-json\/wp\/v2\/types\/product"}],"wp:featuredmedia":[{"embeddable":true,"href":"https:\/\/product-guide.org\/en\/wp-json\/wp\/v2\/media\/49777"}],"wp:attachment":[{"href":"https:\/\/product-guide.org\/en\/wp-json\/wp\/v2\/media?parent=49779"}],"wp:term":[{"taxonomy":"store","embeddable":true,"href":"https:\/\/product-guide.org\/en\/wp-json\/wp\/v2\/store?post=49779"},{"taxonomy":"product_brand","embeddable":true,"href":"https:\/\/product-guide.org\/en\/wp-json\/wp\/v2\/product_brand?post=49779"},{"taxonomy":"product_cat","embeddable":true,"href":"https:\/\/product-guide.org\/en\/wp-json\/wp\/v2\/product_cat?post=49779"},{"taxonomy":"product_tag","embeddable":true,"href":"https:\/\/product-guide.org\/en\/wp-json\/wp\/v2\/product_tag?post=49779"}],"curies":[{"name":"wp","href":"https:\/\/api.w.org\/{rel}","templated":true}]}}