{"id":49791,"date":"2025-03-17T10:47:49","date_gmt":"2025-03-17T09:47:49","guid":{"rendered":"https:\/\/product-guide.org\/produkt\/uvex-g-gl-3000-take-off-skibrille-brillentrager-2130-black-matt-mirror-gold-clear-rose-s2-s3-sportolino\/"},"modified":"2025-03-17T10:47:49","modified_gmt":"2025-03-17T09:47:49","slug":"uvex-g-gl-3000-take-off-skibrille-brillentrager-2130-black-matt-mirror-gold-clear-rose-s2-s3-sportolino","status":"publish","type":"product","link":"https:\/\/product-guide.org\/en\/produkt\/uvex-g-gl-3000-take-off-skibrille-brillentrager-2130-black-matt-mirror-gold-clear-rose-s2-s3-sportolino\/","title":{"rendered":"uvex g.gl 3000 Take Off Skibrille Brillentr\u00e4ger (2130 black matt, mirror gold\/clear\/rose (S2\/S3)) | Sportolino"},"content":{"rendered":"<p>Beste Sicht und Ausstattung, sch\u00f6nes Design, die uvex g.gl 3000 Take Off Brillentr\u00e4gerskibrille. Der Name ist Programm, gut geeignet ist die Skibrille f\u00fcr Brillentr\u00e4ger, je nach Gr\u00f6\u00dfe der optischen Brille. \u00c4ndern sich die Wetterverh\u00e4ltnisse, dann einfach die Wechselscheibe von der Basis-Doppelscheibe abnehmen oder wieder aufsetzen. Mit einer kratzfesten und beschlagfreien Scheibe ausgestattet, f\u00fcr fast alle Wettersituationen. Mit nahezu rahmenlosem Design ein noch gr\u00f6\u00dferes &#8230;<\/p>\n","protected":false},"excerpt":{"rendered":"<p>Beste Sicht und Ausstattung, sch\u00f6nes Design, die uvex g.gl 3000 Take Off Brillentr\u00e4gerskibrille. Der Name ist Programm, gut geeignet ist die Skibrille f\u00fcr Brillentr\u00e4ger, je nach Gr\u00f6\u00dfe der optischen Brille. \u00c4ndern sich die Wetterverh\u00e4ltnisse, dann einfach die Wechselscheibe von der Basis-Doppelscheibe abnehmen oder wieder aufsetzen. Mit einer kratzfesten und beschlagfreien Scheibe ausgestattet, f\u00fcr fast alle [&hellip;]<\/p>\n","protected":false},"featured_media":49790,"template":"","meta":{"_gspb_post_css":""},"store":[],"product_brand":[1371],"product_cat":[1290],"product_tag":[],"class_list":{"0":"post-49791","1":"product","2":"type-product","3":"status-publish","4":"has-post-thumbnail","6":"product_brand-sportolino-de","7":"product_cat-uncategorized","9":"first","10":"instock","11":"shipping-taxable","12":"purchasable","13":"product-type-simple"},"yoast_head":"<!-- This site is optimized with the Yoast SEO plugin v24.6 - https:\/\/yoast.com\/wordpress\/plugins\/seo\/ -->\n<title>uvex g.gl 3000 Take Off Skibrille Brillentr\u00e4ger (2130 black matt, mirror gold\/clear\/rose (S2\/S3)) | Sportolino | Product-Guide.org<\/title>\n<meta name=\"description\" content=\"uvex g.gl 3000 Take Off Skibrille Brillentr\u00e4ger (2130 black matt, mirror gold\/clear\/rose (S2\/S3)) | Sportolino gefunden von Product-Guide.org\" \/>\n<meta name=\"robots\" content=\"index, follow, max-snippet:-1, max-image-preview:large, max-video-preview:-1\" \/>\n<link rel=\"canonical\" href=\"https:\/\/product-guide.org\/en\/produkt\/uvex-g-gl-3000-take-off-skibrille-brillentrager-2130-black-matt-mirror-gold-clear-rose-s2-s3-sportolino\/\" \/>\n<meta property=\"og:locale\" content=\"en_GB\" \/>\n<meta property=\"og:type\" content=\"article\" \/>\n<meta property=\"og:title\" content=\"uvex g.gl 3000 Take Off Skibrille Brillentr\u00e4ger (2130 black matt, mirror gold\/clear\/rose (S2\/S3)) | Sportolino | Product-Guide.org\" \/>\n<meta property=\"og:description\" content=\"uvex g.gl 3000 Take Off Skibrille Brillentr\u00e4ger (2130 black matt, mirror gold\/clear\/rose (S2\/S3)) | Sportolino gefunden von Product-Guide.org\" \/>\n<meta property=\"og:url\" content=\"https:\/\/product-guide.org\/en\/produkt\/uvex-g-gl-3000-take-off-skibrille-brillentrager-2130-black-matt-mirror-gold-clear-rose-s2-s3-sportolino\/\" \/>\n<meta property=\"og:site_name\" content=\"Product-Guide.org\" \/>\n<meta name=\"twitter:card\" content=\"summary_large_image\" \/>\n<script type=\"application\/ld+json\" class=\"yoast-schema-graph\">{\"@context\":\"https:\/\/schema.org\",\"@graph\":[{\"@type\":\"WebPage\",\"@id\":\"https:\/\/product-guide.org\/produkt\/uvex-g-gl-3000-take-off-skibrille-brillentrager-2130-black-matt-mirror-gold-clear-rose-s2-s3-sportolino\/\",\"url\":\"https:\/\/product-guide.org\/produkt\/uvex-g-gl-3000-take-off-skibrille-brillentrager-2130-black-matt-mirror-gold-clear-rose-s2-s3-sportolino\/\",\"name\":\"uvex g.gl 3000 Take Off Skibrille Brillentr\u00e4ger (2130 black matt, mirror gold\/clear\/rose (S2\/S3)) | Sportolino | Product-Guide.org\",\"isPartOf\":{\"@id\":\"https:\/\/product-guide.org\/#website\"},\"primaryImageOfPage\":{\"@id\":\"https:\/\/product-guide.org\/produkt\/uvex-g-gl-3000-take-off-skibrille-brillentrager-2130-black-matt-mirror-gold-clear-rose-s2-s3-sportolino\/#primaryimage\"},\"image\":{\"@id\":\"https:\/\/product-guide.org\/produkt\/uvex-g-gl-3000-take-off-skibrille-brillentrager-2130-black-matt-mirror-gold-clear-rose-s2-s3-sportolino\/#primaryimage\"},\"thumbnailUrl\":\"https:\/\/product-guide.org\/wp-content\/uploads\/2025\/03\/S5513312130_Main_20190918.jpg\",\"datePublished\":\"2025-03-17T09:47:49+00:00\",\"description\":\"uvex g.gl 3000 Take Off Skibrille Brillentr\u00e4ger (2130 black matt, mirror gold\/clear\/rose (S2\/S3)) | Sportolino gefunden von Product-Guide.org\",\"breadcrumb\":{\"@id\":\"https:\/\/product-guide.org\/produkt\/uvex-g-gl-3000-take-off-skibrille-brillentrager-2130-black-matt-mirror-gold-clear-rose-s2-s3-sportolino\/#breadcrumb\"},\"inLanguage\":\"en-GB\",\"potentialAction\":[{\"@type\":\"ReadAction\",\"target\":[\"https:\/\/product-guide.org\/produkt\/uvex-g-gl-3000-take-off-skibrille-brillentrager-2130-black-matt-mirror-gold-clear-rose-s2-s3-sportolino\/\"]}]},{\"@type\":\"ImageObject\",\"inLanguage\":\"en-GB\",\"@id\":\"https:\/\/product-guide.org\/produkt\/uvex-g-gl-3000-take-off-skibrille-brillentrager-2130-black-matt-mirror-gold-clear-rose-s2-s3-sportolino\/#primaryimage\",\"url\":\"https:\/\/product-guide.org\/wp-content\/uploads\/2025\/03\/S5513312130_Main_20190918.jpg\",\"contentUrl\":\"https:\/\/product-guide.org\/wp-content\/uploads\/2025\/03\/S5513312130_Main_20190918.jpg\",\"width\":1500,\"height\":773},{\"@type\":\"BreadcrumbList\",\"@id\":\"https:\/\/product-guide.org\/produkt\/uvex-g-gl-3000-take-off-skibrille-brillentrager-2130-black-matt-mirror-gold-clear-rose-s2-s3-sportolino\/#breadcrumb\",\"itemListElement\":[{\"@type\":\"ListItem\",\"position\":1,\"name\":\"Home\",\"item\":\"https:\/\/product-guide.org\/\"},{\"@type\":\"ListItem\",\"position\":2,\"name\":\"Ergebnisse\",\"item\":\"https:\/\/product-guide.org\/de\/ergebnisse\/\"},{\"@type\":\"ListItem\",\"position\":3,\"name\":\"uvex g.gl 3000 Take Off Skibrille Brillentr\u00e4ger (2130 black matt, mirror gold\/clear\/rose (S2\/S3)) | Sportolino\"}]},{\"@type\":\"WebSite\",\"@id\":\"https:\/\/product-guide.org\/#website\",\"url\":\"https:\/\/product-guide.org\/\",\"name\":\"Product-Guide.org\",\"description\":\"What Product are you looking for?\",\"publisher\":{\"@id\":\"https:\/\/product-guide.org\/#organization\"},\"potentialAction\":[{\"@type\":\"SearchAction\",\"target\":{\"@type\":\"EntryPoint\",\"urlTemplate\":\"https:\/\/product-guide.org\/?s={search_term_string}\"},\"query-input\":{\"@type\":\"PropertyValueSpecification\",\"valueRequired\":true,\"valueName\":\"search_term_string\"}}],\"inLanguage\":\"en-GB\"},{\"@type\":\"Organization\",\"@id\":\"https:\/\/product-guide.org\/#organization\",\"name\":\"Product-Guide.org\",\"url\":\"https:\/\/product-guide.org\/\",\"logo\":{\"@type\":\"ImageObject\",\"inLanguage\":\"en-GB\",\"@id\":\"https:\/\/product-guide.org\/#\/schema\/logo\/image\/\",\"url\":\"https:\/\/product-guide.org\/wp-content\/uploads\/2022\/07\/logo_transparent_background.png\",\"contentUrl\":\"https:\/\/product-guide.org\/wp-content\/uploads\/2022\/07\/logo_transparent_background.png\",\"width\":3400,\"height\":1132,\"caption\":\"Product-Guide.org\"},\"image\":{\"@id\":\"https:\/\/product-guide.org\/#\/schema\/logo\/image\/\"}}]}<\/script>\n<!-- \/ Yoast SEO plugin. -->","yoast_head_json":{"title":"uvex g.gl 3000 Take Off Skibrille Brillentr\u00e4ger (2130 black matt, mirror gold\/clear\/rose (S2\/S3)) | Sportolino | Product-Guide.org","description":"uvex g.gl 3000 Take Off Skibrille Brillentr\u00e4ger (2130 black matt, mirror gold\/clear\/rose (S2\/S3)) | Sportolino gefunden von Product-Guide.org","robots":{"index":"index","follow":"follow","max-snippet":"max-snippet:-1","max-image-preview":"max-image-preview:large","max-video-preview":"max-video-preview:-1"},"canonical":"https:\/\/product-guide.org\/en\/produkt\/uvex-g-gl-3000-take-off-skibrille-brillentrager-2130-black-matt-mirror-gold-clear-rose-s2-s3-sportolino\/","og_locale":"en_GB","og_type":"article","og_title":"uvex g.gl 3000 Take Off Skibrille Brillentr\u00e4ger (2130 black matt, mirror gold\/clear\/rose (S2\/S3)) | Sportolino | Product-Guide.org","og_description":"uvex g.gl 3000 Take Off Skibrille Brillentr\u00e4ger (2130 black matt, mirror gold\/clear\/rose (S2\/S3)) | Sportolino gefunden von Product-Guide.org","og_url":"https:\/\/product-guide.org\/en\/produkt\/uvex-g-gl-3000-take-off-skibrille-brillentrager-2130-black-matt-mirror-gold-clear-rose-s2-s3-sportolino\/","og_site_name":"Product-Guide.org","twitter_card":"summary_large_image","schema":{"@context":"https:\/\/schema.org","@graph":[{"@type":"WebPage","@id":"https:\/\/product-guide.org\/produkt\/uvex-g-gl-3000-take-off-skibrille-brillentrager-2130-black-matt-mirror-gold-clear-rose-s2-s3-sportolino\/","url":"https:\/\/product-guide.org\/produkt\/uvex-g-gl-3000-take-off-skibrille-brillentrager-2130-black-matt-mirror-gold-clear-rose-s2-s3-sportolino\/","name":"uvex g.gl 3000 Take Off Skibrille Brillentr\u00e4ger (2130 black matt, mirror gold\/clear\/rose (S2\/S3)) | Sportolino | Product-Guide.org","isPartOf":{"@id":"https:\/\/product-guide.org\/#website"},"primaryImageOfPage":{"@id":"https:\/\/product-guide.org\/produkt\/uvex-g-gl-3000-take-off-skibrille-brillentrager-2130-black-matt-mirror-gold-clear-rose-s2-s3-sportolino\/#primaryimage"},"image":{"@id":"https:\/\/product-guide.org\/produkt\/uvex-g-gl-3000-take-off-skibrille-brillentrager-2130-black-matt-mirror-gold-clear-rose-s2-s3-sportolino\/#primaryimage"},"thumbnailUrl":"https:\/\/product-guide.org\/wp-content\/uploads\/2025\/03\/S5513312130_Main_20190918.jpg","datePublished":"2025-03-17T09:47:49+00:00","description":"uvex g.gl 3000 Take Off Skibrille Brillentr\u00e4ger (2130 black matt, mirror gold\/clear\/rose (S2\/S3)) | Sportolino gefunden von Product-Guide.org","breadcrumb":{"@id":"https:\/\/product-guide.org\/produkt\/uvex-g-gl-3000-take-off-skibrille-brillentrager-2130-black-matt-mirror-gold-clear-rose-s2-s3-sportolino\/#breadcrumb"},"inLanguage":"en-GB","potentialAction":[{"@type":"ReadAction","target":["https:\/\/product-guide.org\/produkt\/uvex-g-gl-3000-take-off-skibrille-brillentrager-2130-black-matt-mirror-gold-clear-rose-s2-s3-sportolino\/"]}]},{"@type":"ImageObject","inLanguage":"en-GB","@id":"https:\/\/product-guide.org\/produkt\/uvex-g-gl-3000-take-off-skibrille-brillentrager-2130-black-matt-mirror-gold-clear-rose-s2-s3-sportolino\/#primaryimage","url":"https:\/\/product-guide.org\/wp-content\/uploads\/2025\/03\/S5513312130_Main_20190918.jpg","contentUrl":"https:\/\/product-guide.org\/wp-content\/uploads\/2025\/03\/S5513312130_Main_20190918.jpg","width":1500,"height":773},{"@type":"BreadcrumbList","@id":"https:\/\/product-guide.org\/produkt\/uvex-g-gl-3000-take-off-skibrille-brillentrager-2130-black-matt-mirror-gold-clear-rose-s2-s3-sportolino\/#breadcrumb","itemListElement":[{"@type":"ListItem","position":1,"name":"Home","item":"https:\/\/product-guide.org\/"},{"@type":"ListItem","position":2,"name":"Ergebnisse","item":"https:\/\/product-guide.org\/de\/ergebnisse\/"},{"@type":"ListItem","position":3,"name":"uvex g.gl 3000 Take Off Skibrille Brillentr\u00e4ger (2130 black matt, mirror gold\/clear\/rose (S2\/S3)) | Sportolino"}]},{"@type":"WebSite","@id":"https:\/\/product-guide.org\/#website","url":"https:\/\/product-guide.org\/","name":"Product-Guide.org","description":"What Product are you looking for?","publisher":{"@id":"https:\/\/product-guide.org\/#organization"},"potentialAction":[{"@type":"SearchAction","target":{"@type":"EntryPoint","urlTemplate":"https:\/\/product-guide.org\/?s={search_term_string}"},"query-input":{"@type":"PropertyValueSpecification","valueRequired":true,"valueName":"search_term_string"}}],"inLanguage":"en-GB"},{"@type":"Organization","@id":"https:\/\/product-guide.org\/#organization","name":"Product-Guide.org","url":"https:\/\/product-guide.org\/","logo":{"@type":"ImageObject","inLanguage":"en-GB","@id":"https:\/\/product-guide.org\/#\/schema\/logo\/image\/","url":"https:\/\/product-guide.org\/wp-content\/uploads\/2022\/07\/logo_transparent_background.png","contentUrl":"https:\/\/product-guide.org\/wp-content\/uploads\/2022\/07\/logo_transparent_background.png","width":3400,"height":1132,"caption":"Product-Guide.org"},"image":{"@id":"https:\/\/product-guide.org\/#\/schema\/logo\/image\/"}}]}},"_links":{"self":[{"href":"https:\/\/product-guide.org\/en\/wp-json\/wp\/v2\/product\/49791","targetHints":{"allow":["GET"]}}],"collection":[{"href":"https:\/\/product-guide.org\/en\/wp-json\/wp\/v2\/product"}],"about":[{"href":"https:\/\/product-guide.org\/en\/wp-json\/wp\/v2\/types\/product"}],"wp:featuredmedia":[{"embeddable":true,"href":"https:\/\/product-guide.org\/en\/wp-json\/wp\/v2\/media\/49790"}],"wp:attachment":[{"href":"https:\/\/product-guide.org\/en\/wp-json\/wp\/v2\/media?parent=49791"}],"wp:term":[{"taxonomy":"store","embeddable":true,"href":"https:\/\/product-guide.org\/en\/wp-json\/wp\/v2\/store?post=49791"},{"taxonomy":"product_brand","embeddable":true,"href":"https:\/\/product-guide.org\/en\/wp-json\/wp\/v2\/product_brand?post=49791"},{"taxonomy":"product_cat","embeddable":true,"href":"https:\/\/product-guide.org\/en\/wp-json\/wp\/v2\/product_cat?post=49791"},{"taxonomy":"product_tag","embeddable":true,"href":"https:\/\/product-guide.org\/en\/wp-json\/wp\/v2\/product_tag?post=49791"}],"curies":[{"name":"wp","href":"https:\/\/api.w.org\/{rel}","templated":true}]}}