{"id":49867,"date":"2025-03-17T10:48:58","date_gmt":"2025-03-17T09:48:58","guid":{"rendered":"https:\/\/product-guide.org\/produkt\/wolters-kluwer-steuersparerklarung-plus-2025-steuerjahr-2024-esd-download-windows-und-mac-mysoftware\/"},"modified":"2025-03-17T10:48:58","modified_gmt":"2025-03-17T09:48:58","slug":"wolters-kluwer-steuersparerklarung-plus-2025-steuerjahr-2024-esd-download-windows-und-mac-mysoftware","status":"publish","type":"product","link":"https:\/\/product-guide.org\/en\/produkt\/wolters-kluwer-steuersparerklarung-plus-2025-steuerjahr-2024-esd-download-windows-und-mac-mysoftware\/","title":{"rendered":"Wolters Kluwer SteuerSparErkl\u00e4rung Plus 2025 (Steuerjahr 2024), ESD (Download), Windows und Mac | mysoftware"},"content":{"rendered":"<p>Liefert Tipps und Tricks sowie Zugriff auf eine riesige Datenbank mit Steuerwissen Pr\u00fcft den Steuerbescheid auf Fehler, Vollst\u00e4ndigkeit und Plausibilit\u00e4t F\u00fchrt im Frage-und-Antwort-Stil durch die Steuererkl\u00e4rungGeeignet f\u00fcr PC und Mac<\/p>\n","protected":false},"excerpt":{"rendered":"<p>Liefert Tipps und Tricks sowie Zugriff auf eine riesige Datenbank mit Steuerwissen Pr\u00fcft den Steuerbescheid auf Fehler, Vollst\u00e4ndigkeit und Plausibilit\u00e4t F\u00fchrt im Frage-und-Antwort-Stil durch die Steuererkl\u00e4rungGeeignet f\u00fcr PC und Mac<\/p>\n","protected":false},"featured_media":49866,"template":"","meta":{"_gspb_post_css":""},"store":[],"product_brand":[1372],"product_cat":[1290],"product_tag":[],"class_list":{"0":"post-49867","1":"product","2":"type-product","3":"status-publish","4":"has-post-thumbnail","6":"product_brand-mysoftware-de","7":"product_cat-uncategorized","9":"first","10":"instock","11":"shipping-taxable","12":"purchasable","13":"product-type-simple"},"yoast_head":"<!-- This site is optimized with the Yoast SEO plugin v24.6 - https:\/\/yoast.com\/wordpress\/plugins\/seo\/ -->\n<title>Wolters Kluwer SteuerSparErkl\u00e4rung Plus 2025 (Steuerjahr 2024), ESD (Download), Windows und Mac | mysoftware | Product-Guide.org<\/title>\n<meta name=\"description\" content=\"Wolters Kluwer SteuerSparErkl\u00e4rung Plus 2025 (Steuerjahr 2024), ESD (Download), Windows und Mac | mysoftware gefunden von Product-Guide.org\" \/>\n<meta name=\"robots\" content=\"index, follow, max-snippet:-1, max-image-preview:large, max-video-preview:-1\" \/>\n<link rel=\"canonical\" href=\"https:\/\/product-guide.org\/en\/produkt\/wolters-kluwer-steuersparerklarung-plus-2025-steuerjahr-2024-esd-download-windows-und-mac-mysoftware\/\" \/>\n<meta property=\"og:locale\" content=\"en_GB\" \/>\n<meta property=\"og:type\" content=\"article\" \/>\n<meta property=\"og:title\" content=\"Wolters Kluwer SteuerSparErkl\u00e4rung Plus 2025 (Steuerjahr 2024), ESD (Download), Windows und Mac | mysoftware | Product-Guide.org\" \/>\n<meta property=\"og:description\" content=\"Wolters Kluwer SteuerSparErkl\u00e4rung Plus 2025 (Steuerjahr 2024), ESD (Download), Windows und Mac | mysoftware gefunden von Product-Guide.org\" \/>\n<meta property=\"og:url\" content=\"https:\/\/product-guide.org\/en\/produkt\/wolters-kluwer-steuersparerklarung-plus-2025-steuerjahr-2024-esd-download-windows-und-mac-mysoftware\/\" \/>\n<meta property=\"og:site_name\" content=\"Product-Guide.org\" \/>\n<meta name=\"twitter:card\" content=\"summary_large_image\" \/>\n<script type=\"application\/ld+json\" class=\"yoast-schema-graph\">{\"@context\":\"https:\/\/schema.org\",\"@graph\":[{\"@type\":\"WebPage\",\"@id\":\"https:\/\/product-guide.org\/produkt\/wolters-kluwer-steuersparerklarung-plus-2025-steuerjahr-2024-esd-download-windows-und-mac-mysoftware\/\",\"url\":\"https:\/\/product-guide.org\/produkt\/wolters-kluwer-steuersparerklarung-plus-2025-steuerjahr-2024-esd-download-windows-und-mac-mysoftware\/\",\"name\":\"Wolters Kluwer SteuerSparErkl\u00e4rung Plus 2025 (Steuerjahr 2024), ESD (Download), Windows und Mac | mysoftware | Product-Guide.org\",\"isPartOf\":{\"@id\":\"https:\/\/product-guide.org\/#website\"},\"primaryImageOfPage\":{\"@id\":\"https:\/\/product-guide.org\/produkt\/wolters-kluwer-steuersparerklarung-plus-2025-steuerjahr-2024-esd-download-windows-und-mac-mysoftware\/#primaryimage\"},\"image\":{\"@id\":\"https:\/\/product-guide.org\/produkt\/wolters-kluwer-steuersparerklarung-plus-2025-steuerjahr-2024-esd-download-windows-und-mac-mysoftware\/#primaryimage\"},\"thumbnailUrl\":\"https:\/\/product-guide.org\/wp-content\/uploads\/2025\/03\/Steuersparerklaerung-2025-plus.webp\",\"datePublished\":\"2025-03-17T09:48:58+00:00\",\"description\":\"Wolters Kluwer SteuerSparErkl\u00e4rung Plus 2025 (Steuerjahr 2024), ESD (Download), Windows und Mac | mysoftware gefunden von Product-Guide.org\",\"breadcrumb\":{\"@id\":\"https:\/\/product-guide.org\/produkt\/wolters-kluwer-steuersparerklarung-plus-2025-steuerjahr-2024-esd-download-windows-und-mac-mysoftware\/#breadcrumb\"},\"inLanguage\":\"en-GB\",\"potentialAction\":[{\"@type\":\"ReadAction\",\"target\":[\"https:\/\/product-guide.org\/produkt\/wolters-kluwer-steuersparerklarung-plus-2025-steuerjahr-2024-esd-download-windows-und-mac-mysoftware\/\"]}]},{\"@type\":\"ImageObject\",\"inLanguage\":\"en-GB\",\"@id\":\"https:\/\/product-guide.org\/produkt\/wolters-kluwer-steuersparerklarung-plus-2025-steuerjahr-2024-esd-download-windows-und-mac-mysoftware\/#primaryimage\",\"url\":\"https:\/\/product-guide.org\/wp-content\/uploads\/2025\/03\/Steuersparerklaerung-2025-plus.webp\",\"contentUrl\":\"https:\/\/product-guide.org\/wp-content\/uploads\/2025\/03\/Steuersparerklaerung-2025-plus.webp\",\"width\":733,\"height\":1000},{\"@type\":\"BreadcrumbList\",\"@id\":\"https:\/\/product-guide.org\/produkt\/wolters-kluwer-steuersparerklarung-plus-2025-steuerjahr-2024-esd-download-windows-und-mac-mysoftware\/#breadcrumb\",\"itemListElement\":[{\"@type\":\"ListItem\",\"position\":1,\"name\":\"Home\",\"item\":\"https:\/\/product-guide.org\/\"},{\"@type\":\"ListItem\",\"position\":2,\"name\":\"Ergebnisse\",\"item\":\"https:\/\/product-guide.org\/de\/ergebnisse\/\"},{\"@type\":\"ListItem\",\"position\":3,\"name\":\"Wolters Kluwer SteuerSparErkl\u00e4rung Plus 2025 (Steuerjahr 2024), ESD (Download), Windows und Mac | mysoftware\"}]},{\"@type\":\"WebSite\",\"@id\":\"https:\/\/product-guide.org\/#website\",\"url\":\"https:\/\/product-guide.org\/\",\"name\":\"Product-Guide.org\",\"description\":\"What Product are you looking for?\",\"publisher\":{\"@id\":\"https:\/\/product-guide.org\/#organization\"},\"potentialAction\":[{\"@type\":\"SearchAction\",\"target\":{\"@type\":\"EntryPoint\",\"urlTemplate\":\"https:\/\/product-guide.org\/?s={search_term_string}\"},\"query-input\":{\"@type\":\"PropertyValueSpecification\",\"valueRequired\":true,\"valueName\":\"search_term_string\"}}],\"inLanguage\":\"en-GB\"},{\"@type\":\"Organization\",\"@id\":\"https:\/\/product-guide.org\/#organization\",\"name\":\"Product-Guide.org\",\"url\":\"https:\/\/product-guide.org\/\",\"logo\":{\"@type\":\"ImageObject\",\"inLanguage\":\"en-GB\",\"@id\":\"https:\/\/product-guide.org\/#\/schema\/logo\/image\/\",\"url\":\"https:\/\/product-guide.org\/wp-content\/uploads\/2022\/07\/logo_transparent_background.png\",\"contentUrl\":\"https:\/\/product-guide.org\/wp-content\/uploads\/2022\/07\/logo_transparent_background.png\",\"width\":3400,\"height\":1132,\"caption\":\"Product-Guide.org\"},\"image\":{\"@id\":\"https:\/\/product-guide.org\/#\/schema\/logo\/image\/\"}}]}<\/script>\n<!-- \/ Yoast SEO plugin. -->","yoast_head_json":{"title":"Wolters Kluwer SteuerSparErkl\u00e4rung Plus 2025 (Steuerjahr 2024), ESD (Download), Windows und Mac | mysoftware | Product-Guide.org","description":"Wolters Kluwer SteuerSparErkl\u00e4rung Plus 2025 (Steuerjahr 2024), ESD (Download), Windows und Mac | mysoftware gefunden von Product-Guide.org","robots":{"index":"index","follow":"follow","max-snippet":"max-snippet:-1","max-image-preview":"max-image-preview:large","max-video-preview":"max-video-preview:-1"},"canonical":"https:\/\/product-guide.org\/en\/produkt\/wolters-kluwer-steuersparerklarung-plus-2025-steuerjahr-2024-esd-download-windows-und-mac-mysoftware\/","og_locale":"en_GB","og_type":"article","og_title":"Wolters Kluwer SteuerSparErkl\u00e4rung Plus 2025 (Steuerjahr 2024), ESD (Download), Windows und Mac | mysoftware | Product-Guide.org","og_description":"Wolters Kluwer SteuerSparErkl\u00e4rung Plus 2025 (Steuerjahr 2024), ESD (Download), Windows und Mac | mysoftware gefunden von Product-Guide.org","og_url":"https:\/\/product-guide.org\/en\/produkt\/wolters-kluwer-steuersparerklarung-plus-2025-steuerjahr-2024-esd-download-windows-und-mac-mysoftware\/","og_site_name":"Product-Guide.org","twitter_card":"summary_large_image","schema":{"@context":"https:\/\/schema.org","@graph":[{"@type":"WebPage","@id":"https:\/\/product-guide.org\/produkt\/wolters-kluwer-steuersparerklarung-plus-2025-steuerjahr-2024-esd-download-windows-und-mac-mysoftware\/","url":"https:\/\/product-guide.org\/produkt\/wolters-kluwer-steuersparerklarung-plus-2025-steuerjahr-2024-esd-download-windows-und-mac-mysoftware\/","name":"Wolters Kluwer SteuerSparErkl\u00e4rung Plus 2025 (Steuerjahr 2024), ESD (Download), Windows und Mac | mysoftware | Product-Guide.org","isPartOf":{"@id":"https:\/\/product-guide.org\/#website"},"primaryImageOfPage":{"@id":"https:\/\/product-guide.org\/produkt\/wolters-kluwer-steuersparerklarung-plus-2025-steuerjahr-2024-esd-download-windows-und-mac-mysoftware\/#primaryimage"},"image":{"@id":"https:\/\/product-guide.org\/produkt\/wolters-kluwer-steuersparerklarung-plus-2025-steuerjahr-2024-esd-download-windows-und-mac-mysoftware\/#primaryimage"},"thumbnailUrl":"https:\/\/product-guide.org\/wp-content\/uploads\/2025\/03\/Steuersparerklaerung-2025-plus.webp","datePublished":"2025-03-17T09:48:58+00:00","description":"Wolters Kluwer SteuerSparErkl\u00e4rung Plus 2025 (Steuerjahr 2024), ESD (Download), Windows und Mac | mysoftware gefunden von Product-Guide.org","breadcrumb":{"@id":"https:\/\/product-guide.org\/produkt\/wolters-kluwer-steuersparerklarung-plus-2025-steuerjahr-2024-esd-download-windows-und-mac-mysoftware\/#breadcrumb"},"inLanguage":"en-GB","potentialAction":[{"@type":"ReadAction","target":["https:\/\/product-guide.org\/produkt\/wolters-kluwer-steuersparerklarung-plus-2025-steuerjahr-2024-esd-download-windows-und-mac-mysoftware\/"]}]},{"@type":"ImageObject","inLanguage":"en-GB","@id":"https:\/\/product-guide.org\/produkt\/wolters-kluwer-steuersparerklarung-plus-2025-steuerjahr-2024-esd-download-windows-und-mac-mysoftware\/#primaryimage","url":"https:\/\/product-guide.org\/wp-content\/uploads\/2025\/03\/Steuersparerklaerung-2025-plus.webp","contentUrl":"https:\/\/product-guide.org\/wp-content\/uploads\/2025\/03\/Steuersparerklaerung-2025-plus.webp","width":733,"height":1000},{"@type":"BreadcrumbList","@id":"https:\/\/product-guide.org\/produkt\/wolters-kluwer-steuersparerklarung-plus-2025-steuerjahr-2024-esd-download-windows-und-mac-mysoftware\/#breadcrumb","itemListElement":[{"@type":"ListItem","position":1,"name":"Home","item":"https:\/\/product-guide.org\/"},{"@type":"ListItem","position":2,"name":"Ergebnisse","item":"https:\/\/product-guide.org\/de\/ergebnisse\/"},{"@type":"ListItem","position":3,"name":"Wolters Kluwer SteuerSparErkl\u00e4rung Plus 2025 (Steuerjahr 2024), ESD (Download), Windows und Mac | mysoftware"}]},{"@type":"WebSite","@id":"https:\/\/product-guide.org\/#website","url":"https:\/\/product-guide.org\/","name":"Product-Guide.org","description":"What Product are you looking for?","publisher":{"@id":"https:\/\/product-guide.org\/#organization"},"potentialAction":[{"@type":"SearchAction","target":{"@type":"EntryPoint","urlTemplate":"https:\/\/product-guide.org\/?s={search_term_string}"},"query-input":{"@type":"PropertyValueSpecification","valueRequired":true,"valueName":"search_term_string"}}],"inLanguage":"en-GB"},{"@type":"Organization","@id":"https:\/\/product-guide.org\/#organization","name":"Product-Guide.org","url":"https:\/\/product-guide.org\/","logo":{"@type":"ImageObject","inLanguage":"en-GB","@id":"https:\/\/product-guide.org\/#\/schema\/logo\/image\/","url":"https:\/\/product-guide.org\/wp-content\/uploads\/2022\/07\/logo_transparent_background.png","contentUrl":"https:\/\/product-guide.org\/wp-content\/uploads\/2022\/07\/logo_transparent_background.png","width":3400,"height":1132,"caption":"Product-Guide.org"},"image":{"@id":"https:\/\/product-guide.org\/#\/schema\/logo\/image\/"}}]}},"_links":{"self":[{"href":"https:\/\/product-guide.org\/en\/wp-json\/wp\/v2\/product\/49867","targetHints":{"allow":["GET"]}}],"collection":[{"href":"https:\/\/product-guide.org\/en\/wp-json\/wp\/v2\/product"}],"about":[{"href":"https:\/\/product-guide.org\/en\/wp-json\/wp\/v2\/types\/product"}],"wp:featuredmedia":[{"embeddable":true,"href":"https:\/\/product-guide.org\/en\/wp-json\/wp\/v2\/media\/49866"}],"wp:attachment":[{"href":"https:\/\/product-guide.org\/en\/wp-json\/wp\/v2\/media?parent=49867"}],"wp:term":[{"taxonomy":"store","embeddable":true,"href":"https:\/\/product-guide.org\/en\/wp-json\/wp\/v2\/store?post=49867"},{"taxonomy":"product_brand","embeddable":true,"href":"https:\/\/product-guide.org\/en\/wp-json\/wp\/v2\/product_brand?post=49867"},{"taxonomy":"product_cat","embeddable":true,"href":"https:\/\/product-guide.org\/en\/wp-json\/wp\/v2\/product_cat?post=49867"},{"taxonomy":"product_tag","embeddable":true,"href":"https:\/\/product-guide.org\/en\/wp-json\/wp\/v2\/product_tag?post=49867"}],"curies":[{"name":"wp","href":"https:\/\/api.w.org\/{rel}","templated":true}]}}