{"id":49897,"date":"2025-03-17T10:49:26","date_gmt":"2025-03-17T09:49:26","guid":{"rendered":"https:\/\/product-guide.org\/produkt\/milchkannchen-etruscan-geliebtes-zuhause-de\/"},"modified":"2025-03-17T10:49:26","modified_gmt":"2025-03-17T09:49:26","slug":"milchkannchen-etruscan-geliebtes-zuhause-de","status":"publish","type":"product","link":"https:\/\/product-guide.org\/en\/produkt\/milchkannchen-etruscan-geliebtes-zuhause-de\/","title":{"rendered":"Milchk\u00e4nnchen Etruscan | Geliebtes Zuhause DE"},"content":{"rendered":"<p>Gl\u00e4nzender Eyecatcher: Milchk\u00e4nnchen aus Edelstahl Das etruskische K\u00e4nnchen \u2013 eine moderne Interpretation des klassischen r\u00f6mischen Gef\u00e4\u00dfes \u2013 serviert Milch oder Sahne mit minimalistischer Eleganz. Das zierliche Design von Audo Copenhagen ist aus hochglanzpoliertem Edelstahl geformt und passt mit seiner reflektierenden Oberfl\u00e4che auf jeden gedeckten Tisch. Das perfekt proportionierte Gef\u00e4\u00df mit breitem Ausgussrand liegt gut in der Hand und ist nicht nur sch\u00f6n anzusehen, sondern auch angenehm zu benutzen.<\/p>\n","protected":false},"excerpt":{"rendered":"<p>Gl\u00e4nzender Eyecatcher: Milchk\u00e4nnchen aus Edelstahl Das etruskische K\u00e4nnchen \u2013 eine moderne Interpretation des klassischen r\u00f6mischen Gef\u00e4\u00dfes \u2013 serviert Milch oder Sahne mit minimalistischer Eleganz. Das zierliche Design von Audo Copenhagen ist aus hochglanzpoliertem Edelstahl geformt und passt mit seiner reflektierenden Oberfl\u00e4che auf jeden gedeckten Tisch. Das perfekt proportionierte Gef\u00e4\u00df mit breitem Ausgussrand liegt gut in [&hellip;]<\/p>\n","protected":false},"featured_media":49896,"template":"","meta":{"_gspb_post_css":""},"store":[],"product_brand":[1373],"product_cat":[1290],"product_tag":[],"class_list":{"0":"post-49897","1":"product","2":"type-product","3":"status-publish","4":"has-post-thumbnail","6":"product_brand-geliebtes-zuhause-de-at","7":"product_cat-uncategorized","9":"first","10":"instock","11":"shipping-taxable","12":"purchasable","13":"product-type-simple"},"yoast_head":"<!-- This site is optimized with the Yoast SEO plugin v24.6 - https:\/\/yoast.com\/wordpress\/plugins\/seo\/ -->\n<title>Milchk\u00e4nnchen Etruscan | Geliebtes Zuhause DE | Product-Guide.org<\/title>\n<meta name=\"description\" content=\"Milchk\u00e4nnchen Etruscan | Geliebtes Zuhause DE gefunden von Product-Guide.org\" \/>\n<meta name=\"robots\" content=\"index, follow, max-snippet:-1, max-image-preview:large, max-video-preview:-1\" \/>\n<link rel=\"canonical\" href=\"https:\/\/product-guide.org\/en\/produkt\/milchkannchen-etruscan-geliebtes-zuhause-de\/\" \/>\n<meta property=\"og:locale\" content=\"en_GB\" \/>\n<meta property=\"og:type\" content=\"article\" \/>\n<meta property=\"og:title\" content=\"Milchk\u00e4nnchen Etruscan | Geliebtes Zuhause DE | Product-Guide.org\" \/>\n<meta property=\"og:description\" content=\"Milchk\u00e4nnchen Etruscan | Geliebtes Zuhause DE gefunden von Product-Guide.org\" \/>\n<meta property=\"og:url\" content=\"https:\/\/product-guide.org\/en\/produkt\/milchkannchen-etruscan-geliebtes-zuhause-de\/\" \/>\n<meta property=\"og:site_name\" content=\"Product-Guide.org\" \/>\n<meta name=\"twitter:card\" content=\"summary_large_image\" \/>\n<script type=\"application\/ld+json\" class=\"yoast-schema-graph\">{\"@context\":\"https:\/\/schema.org\",\"@graph\":[{\"@type\":\"WebPage\",\"@id\":\"https:\/\/product-guide.org\/produkt\/milchkannchen-etruscan-geliebtes-zuhause-de\/\",\"url\":\"https:\/\/product-guide.org\/produkt\/milchkannchen-etruscan-geliebtes-zuhause-de\/\",\"name\":\"Milchk\u00e4nnchen Etruscan | Geliebtes Zuhause DE | Product-Guide.org\",\"isPartOf\":{\"@id\":\"https:\/\/product-guide.org\/#website\"},\"primaryImageOfPage\":{\"@id\":\"https:\/\/product-guide.org\/produkt\/milchkannchen-etruscan-geliebtes-zuhause-de\/#primaryimage\"},\"image\":{\"@id\":\"https:\/\/product-guide.org\/produkt\/milchkannchen-etruscan-geliebtes-zuhause-de\/#primaryimage\"},\"thumbnailUrl\":\"https:\/\/product-guide.org\/wp-content\/uploads\/2025\/03\/milchkaennchen-etruscan-305137-6242fad085356.jpg\",\"datePublished\":\"2025-03-17T09:49:26+00:00\",\"description\":\"Milchk\u00e4nnchen Etruscan | Geliebtes Zuhause DE gefunden von Product-Guide.org\",\"breadcrumb\":{\"@id\":\"https:\/\/product-guide.org\/produkt\/milchkannchen-etruscan-geliebtes-zuhause-de\/#breadcrumb\"},\"inLanguage\":\"en-GB\",\"potentialAction\":[{\"@type\":\"ReadAction\",\"target\":[\"https:\/\/product-guide.org\/produkt\/milchkannchen-etruscan-geliebtes-zuhause-de\/\"]}]},{\"@type\":\"ImageObject\",\"inLanguage\":\"en-GB\",\"@id\":\"https:\/\/product-guide.org\/produkt\/milchkannchen-etruscan-geliebtes-zuhause-de\/#primaryimage\",\"url\":\"https:\/\/product-guide.org\/wp-content\/uploads\/2025\/03\/milchkaennchen-etruscan-305137-6242fad085356.jpg\",\"contentUrl\":\"https:\/\/product-guide.org\/wp-content\/uploads\/2025\/03\/milchkaennchen-etruscan-305137-6242fad085356.jpg\",\"width\":1195,\"height\":1483},{\"@type\":\"BreadcrumbList\",\"@id\":\"https:\/\/product-guide.org\/produkt\/milchkannchen-etruscan-geliebtes-zuhause-de\/#breadcrumb\",\"itemListElement\":[{\"@type\":\"ListItem\",\"position\":1,\"name\":\"Home\",\"item\":\"https:\/\/product-guide.org\/\"},{\"@type\":\"ListItem\",\"position\":2,\"name\":\"Ergebnisse\",\"item\":\"https:\/\/product-guide.org\/de\/ergebnisse\/\"},{\"@type\":\"ListItem\",\"position\":3,\"name\":\"Milchk\u00e4nnchen Etruscan | Geliebtes Zuhause DE\"}]},{\"@type\":\"WebSite\",\"@id\":\"https:\/\/product-guide.org\/#website\",\"url\":\"https:\/\/product-guide.org\/\",\"name\":\"Product-Guide.org\",\"description\":\"What Product are you looking for?\",\"publisher\":{\"@id\":\"https:\/\/product-guide.org\/#organization\"},\"potentialAction\":[{\"@type\":\"SearchAction\",\"target\":{\"@type\":\"EntryPoint\",\"urlTemplate\":\"https:\/\/product-guide.org\/?s={search_term_string}\"},\"query-input\":{\"@type\":\"PropertyValueSpecification\",\"valueRequired\":true,\"valueName\":\"search_term_string\"}}],\"inLanguage\":\"en-GB\"},{\"@type\":\"Organization\",\"@id\":\"https:\/\/product-guide.org\/#organization\",\"name\":\"Product-Guide.org\",\"url\":\"https:\/\/product-guide.org\/\",\"logo\":{\"@type\":\"ImageObject\",\"inLanguage\":\"en-GB\",\"@id\":\"https:\/\/product-guide.org\/#\/schema\/logo\/image\/\",\"url\":\"https:\/\/product-guide.org\/wp-content\/uploads\/2022\/07\/logo_transparent_background.png\",\"contentUrl\":\"https:\/\/product-guide.org\/wp-content\/uploads\/2022\/07\/logo_transparent_background.png\",\"width\":3400,\"height\":1132,\"caption\":\"Product-Guide.org\"},\"image\":{\"@id\":\"https:\/\/product-guide.org\/#\/schema\/logo\/image\/\"}}]}<\/script>\n<!-- \/ Yoast SEO plugin. -->","yoast_head_json":{"title":"Milchk\u00e4nnchen Etruscan | Geliebtes Zuhause DE | Product-Guide.org","description":"Milchk\u00e4nnchen Etruscan | Geliebtes Zuhause DE gefunden von Product-Guide.org","robots":{"index":"index","follow":"follow","max-snippet":"max-snippet:-1","max-image-preview":"max-image-preview:large","max-video-preview":"max-video-preview:-1"},"canonical":"https:\/\/product-guide.org\/en\/produkt\/milchkannchen-etruscan-geliebtes-zuhause-de\/","og_locale":"en_GB","og_type":"article","og_title":"Milchk\u00e4nnchen Etruscan | Geliebtes Zuhause DE | Product-Guide.org","og_description":"Milchk\u00e4nnchen Etruscan | Geliebtes Zuhause DE gefunden von Product-Guide.org","og_url":"https:\/\/product-guide.org\/en\/produkt\/milchkannchen-etruscan-geliebtes-zuhause-de\/","og_site_name":"Product-Guide.org","twitter_card":"summary_large_image","schema":{"@context":"https:\/\/schema.org","@graph":[{"@type":"WebPage","@id":"https:\/\/product-guide.org\/produkt\/milchkannchen-etruscan-geliebtes-zuhause-de\/","url":"https:\/\/product-guide.org\/produkt\/milchkannchen-etruscan-geliebtes-zuhause-de\/","name":"Milchk\u00e4nnchen Etruscan | Geliebtes Zuhause DE | Product-Guide.org","isPartOf":{"@id":"https:\/\/product-guide.org\/#website"},"primaryImageOfPage":{"@id":"https:\/\/product-guide.org\/produkt\/milchkannchen-etruscan-geliebtes-zuhause-de\/#primaryimage"},"image":{"@id":"https:\/\/product-guide.org\/produkt\/milchkannchen-etruscan-geliebtes-zuhause-de\/#primaryimage"},"thumbnailUrl":"https:\/\/product-guide.org\/wp-content\/uploads\/2025\/03\/milchkaennchen-etruscan-305137-6242fad085356.jpg","datePublished":"2025-03-17T09:49:26+00:00","description":"Milchk\u00e4nnchen Etruscan | Geliebtes Zuhause DE gefunden von Product-Guide.org","breadcrumb":{"@id":"https:\/\/product-guide.org\/produkt\/milchkannchen-etruscan-geliebtes-zuhause-de\/#breadcrumb"},"inLanguage":"en-GB","potentialAction":[{"@type":"ReadAction","target":["https:\/\/product-guide.org\/produkt\/milchkannchen-etruscan-geliebtes-zuhause-de\/"]}]},{"@type":"ImageObject","inLanguage":"en-GB","@id":"https:\/\/product-guide.org\/produkt\/milchkannchen-etruscan-geliebtes-zuhause-de\/#primaryimage","url":"https:\/\/product-guide.org\/wp-content\/uploads\/2025\/03\/milchkaennchen-etruscan-305137-6242fad085356.jpg","contentUrl":"https:\/\/product-guide.org\/wp-content\/uploads\/2025\/03\/milchkaennchen-etruscan-305137-6242fad085356.jpg","width":1195,"height":1483},{"@type":"BreadcrumbList","@id":"https:\/\/product-guide.org\/produkt\/milchkannchen-etruscan-geliebtes-zuhause-de\/#breadcrumb","itemListElement":[{"@type":"ListItem","position":1,"name":"Home","item":"https:\/\/product-guide.org\/"},{"@type":"ListItem","position":2,"name":"Ergebnisse","item":"https:\/\/product-guide.org\/de\/ergebnisse\/"},{"@type":"ListItem","position":3,"name":"Milchk\u00e4nnchen Etruscan | Geliebtes Zuhause DE"}]},{"@type":"WebSite","@id":"https:\/\/product-guide.org\/#website","url":"https:\/\/product-guide.org\/","name":"Product-Guide.org","description":"What Product are you looking for?","publisher":{"@id":"https:\/\/product-guide.org\/#organization"},"potentialAction":[{"@type":"SearchAction","target":{"@type":"EntryPoint","urlTemplate":"https:\/\/product-guide.org\/?s={search_term_string}"},"query-input":{"@type":"PropertyValueSpecification","valueRequired":true,"valueName":"search_term_string"}}],"inLanguage":"en-GB"},{"@type":"Organization","@id":"https:\/\/product-guide.org\/#organization","name":"Product-Guide.org","url":"https:\/\/product-guide.org\/","logo":{"@type":"ImageObject","inLanguage":"en-GB","@id":"https:\/\/product-guide.org\/#\/schema\/logo\/image\/","url":"https:\/\/product-guide.org\/wp-content\/uploads\/2022\/07\/logo_transparent_background.png","contentUrl":"https:\/\/product-guide.org\/wp-content\/uploads\/2022\/07\/logo_transparent_background.png","width":3400,"height":1132,"caption":"Product-Guide.org"},"image":{"@id":"https:\/\/product-guide.org\/#\/schema\/logo\/image\/"}}]}},"_links":{"self":[{"href":"https:\/\/product-guide.org\/en\/wp-json\/wp\/v2\/product\/49897","targetHints":{"allow":["GET"]}}],"collection":[{"href":"https:\/\/product-guide.org\/en\/wp-json\/wp\/v2\/product"}],"about":[{"href":"https:\/\/product-guide.org\/en\/wp-json\/wp\/v2\/types\/product"}],"wp:featuredmedia":[{"embeddable":true,"href":"https:\/\/product-guide.org\/en\/wp-json\/wp\/v2\/media\/49896"}],"wp:attachment":[{"href":"https:\/\/product-guide.org\/en\/wp-json\/wp\/v2\/media?parent=49897"}],"wp:term":[{"taxonomy":"store","embeddable":true,"href":"https:\/\/product-guide.org\/en\/wp-json\/wp\/v2\/store?post=49897"},{"taxonomy":"product_brand","embeddable":true,"href":"https:\/\/product-guide.org\/en\/wp-json\/wp\/v2\/product_brand?post=49897"},{"taxonomy":"product_cat","embeddable":true,"href":"https:\/\/product-guide.org\/en\/wp-json\/wp\/v2\/product_cat?post=49897"},{"taxonomy":"product_tag","embeddable":true,"href":"https:\/\/product-guide.org\/en\/wp-json\/wp\/v2\/product_tag?post=49897"}],"curies":[{"name":"wp","href":"https:\/\/api.w.org\/{rel}","templated":true}]}}