{"id":49951,"date":"2025-03-17T10:50:08","date_gmt":"2025-03-17T09:50:08","guid":{"rendered":"https:\/\/product-guide.org\/produkt\/adventskalender-sand-geliebtes-zuhause-de\/"},"modified":"2025-03-17T10:50:08","modified_gmt":"2025-03-17T09:50:08","slug":"adventskalender-sand-geliebtes-zuhause-de","status":"publish","type":"product","link":"https:\/\/product-guide.org\/en\/produkt\/adventskalender-sand-geliebtes-zuhause-de\/","title":{"rendered":"Adventskalender sand | Geliebtes Zuhause DE"},"content":{"rendered":"<p>Weihnachts-Countdown: Baumwoll-Adventskalender zum Selbstbef\u00fcllen Der stimmungsvolle Kalender von ferm LIVING bietet alle Jahre wieder eine stilvolle Basis f\u00fcr Deinen selbstgemachten Adventskalender: Gutscheine, Briefchen, Naschereien &#8230; Das h\u00fcbsche Haus aus Baumwolle ist so schlicht gemacht, dass es sich \u00fcberall perfekt einf\u00fcgt und viele Jahre lang ein hei\u00dfgeliebtes Highlight im Advent sein wird. Jetzt fehlen nur noch die Geschenke.<\/p>\n","protected":false},"excerpt":{"rendered":"<p>Weihnachts-Countdown: Baumwoll-Adventskalender zum Selbstbef\u00fcllen Der stimmungsvolle Kalender von ferm LIVING bietet alle Jahre wieder eine stilvolle Basis f\u00fcr Deinen selbstgemachten Adventskalender: Gutscheine, Briefchen, Naschereien &#8230; Das h\u00fcbsche Haus aus Baumwolle ist so schlicht gemacht, dass es sich \u00fcberall perfekt einf\u00fcgt und viele Jahre lang ein hei\u00dfgeliebtes Highlight im Advent sein wird. Jetzt fehlen nur noch [&hellip;]<\/p>\n","protected":false},"featured_media":49950,"template":"","meta":{"_gspb_post_css":""},"store":[],"product_brand":[1373],"product_cat":[1290],"product_tag":[],"class_list":{"0":"post-49951","1":"product","2":"type-product","3":"status-publish","4":"has-post-thumbnail","6":"product_brand-geliebtes-zuhause-de-at","7":"product_cat-uncategorized","9":"first","10":"instock","11":"shipping-taxable","12":"purchasable","13":"product-type-simple"},"yoast_head":"<!-- This site is optimized with the Yoast SEO plugin v24.6 - https:\/\/yoast.com\/wordpress\/plugins\/seo\/ -->\n<title>Adventskalender sand | Geliebtes Zuhause DE | Product-Guide.org<\/title>\n<meta name=\"description\" content=\"Adventskalender sand | Geliebtes Zuhause DE gefunden von Product-Guide.org\" \/>\n<meta name=\"robots\" content=\"index, follow, max-snippet:-1, max-image-preview:large, max-video-preview:-1\" \/>\n<link rel=\"canonical\" href=\"https:\/\/product-guide.org\/en\/produkt\/adventskalender-sand-geliebtes-zuhause-de\/\" \/>\n<meta property=\"og:locale\" content=\"en_GB\" \/>\n<meta property=\"og:type\" content=\"article\" \/>\n<meta property=\"og:title\" content=\"Adventskalender sand | Geliebtes Zuhause DE | Product-Guide.org\" \/>\n<meta property=\"og:description\" content=\"Adventskalender sand | Geliebtes Zuhause DE gefunden von Product-Guide.org\" \/>\n<meta property=\"og:url\" content=\"https:\/\/product-guide.org\/en\/produkt\/adventskalender-sand-geliebtes-zuhause-de\/\" \/>\n<meta property=\"og:site_name\" content=\"Product-Guide.org\" \/>\n<meta name=\"twitter:card\" content=\"summary_large_image\" \/>\n<script type=\"application\/ld+json\" class=\"yoast-schema-graph\">{\"@context\":\"https:\/\/schema.org\",\"@graph\":[{\"@type\":\"WebPage\",\"@id\":\"https:\/\/product-guide.org\/produkt\/adventskalender-sand-geliebtes-zuhause-de\/\",\"url\":\"https:\/\/product-guide.org\/produkt\/adventskalender-sand-geliebtes-zuhause-de\/\",\"name\":\"Adventskalender sand | Geliebtes Zuhause DE | Product-Guide.org\",\"isPartOf\":{\"@id\":\"https:\/\/product-guide.org\/#website\"},\"primaryImageOfPage\":{\"@id\":\"https:\/\/product-guide.org\/produkt\/adventskalender-sand-geliebtes-zuhause-de\/#primaryimage\"},\"image\":{\"@id\":\"https:\/\/product-guide.org\/produkt\/adventskalender-sand-geliebtes-zuhause-de\/#primaryimage\"},\"thumbnailUrl\":\"https:\/\/product-guide.org\/wp-content\/uploads\/2025\/03\/adventskalender-197186-5ffeefd07b94f.jpg\",\"datePublished\":\"2025-03-17T09:50:08+00:00\",\"description\":\"Adventskalender sand | Geliebtes Zuhause DE gefunden von Product-Guide.org\",\"breadcrumb\":{\"@id\":\"https:\/\/product-guide.org\/produkt\/adventskalender-sand-geliebtes-zuhause-de\/#breadcrumb\"},\"inLanguage\":\"en-GB\",\"potentialAction\":[{\"@type\":\"ReadAction\",\"target\":[\"https:\/\/product-guide.org\/produkt\/adventskalender-sand-geliebtes-zuhause-de\/\"]}]},{\"@type\":\"ImageObject\",\"inLanguage\":\"en-GB\",\"@id\":\"https:\/\/product-guide.org\/produkt\/adventskalender-sand-geliebtes-zuhause-de\/#primaryimage\",\"url\":\"https:\/\/product-guide.org\/wp-content\/uploads\/2025\/03\/adventskalender-197186-5ffeefd07b94f.jpg\",\"contentUrl\":\"https:\/\/product-guide.org\/wp-content\/uploads\/2025\/03\/adventskalender-197186-5ffeefd07b94f.jpg\",\"width\":1195,\"height\":1483},{\"@type\":\"BreadcrumbList\",\"@id\":\"https:\/\/product-guide.org\/produkt\/adventskalender-sand-geliebtes-zuhause-de\/#breadcrumb\",\"itemListElement\":[{\"@type\":\"ListItem\",\"position\":1,\"name\":\"Home\",\"item\":\"https:\/\/product-guide.org\/\"},{\"@type\":\"ListItem\",\"position\":2,\"name\":\"Ergebnisse\",\"item\":\"https:\/\/product-guide.org\/de\/ergebnisse\/\"},{\"@type\":\"ListItem\",\"position\":3,\"name\":\"Adventskalender sand | Geliebtes Zuhause DE\"}]},{\"@type\":\"WebSite\",\"@id\":\"https:\/\/product-guide.org\/#website\",\"url\":\"https:\/\/product-guide.org\/\",\"name\":\"Product-Guide.org\",\"description\":\"What Product are you looking for?\",\"publisher\":{\"@id\":\"https:\/\/product-guide.org\/#organization\"},\"potentialAction\":[{\"@type\":\"SearchAction\",\"target\":{\"@type\":\"EntryPoint\",\"urlTemplate\":\"https:\/\/product-guide.org\/?s={search_term_string}\"},\"query-input\":{\"@type\":\"PropertyValueSpecification\",\"valueRequired\":true,\"valueName\":\"search_term_string\"}}],\"inLanguage\":\"en-GB\"},{\"@type\":\"Organization\",\"@id\":\"https:\/\/product-guide.org\/#organization\",\"name\":\"Product-Guide.org\",\"url\":\"https:\/\/product-guide.org\/\",\"logo\":{\"@type\":\"ImageObject\",\"inLanguage\":\"en-GB\",\"@id\":\"https:\/\/product-guide.org\/#\/schema\/logo\/image\/\",\"url\":\"https:\/\/product-guide.org\/wp-content\/uploads\/2022\/07\/logo_transparent_background.png\",\"contentUrl\":\"https:\/\/product-guide.org\/wp-content\/uploads\/2022\/07\/logo_transparent_background.png\",\"width\":3400,\"height\":1132,\"caption\":\"Product-Guide.org\"},\"image\":{\"@id\":\"https:\/\/product-guide.org\/#\/schema\/logo\/image\/\"}}]}<\/script>\n<!-- \/ Yoast SEO plugin. -->","yoast_head_json":{"title":"Adventskalender sand | Geliebtes Zuhause DE | Product-Guide.org","description":"Adventskalender sand | Geliebtes Zuhause DE gefunden von Product-Guide.org","robots":{"index":"index","follow":"follow","max-snippet":"max-snippet:-1","max-image-preview":"max-image-preview:large","max-video-preview":"max-video-preview:-1"},"canonical":"https:\/\/product-guide.org\/en\/produkt\/adventskalender-sand-geliebtes-zuhause-de\/","og_locale":"en_GB","og_type":"article","og_title":"Adventskalender sand | Geliebtes Zuhause DE | Product-Guide.org","og_description":"Adventskalender sand | Geliebtes Zuhause DE gefunden von Product-Guide.org","og_url":"https:\/\/product-guide.org\/en\/produkt\/adventskalender-sand-geliebtes-zuhause-de\/","og_site_name":"Product-Guide.org","twitter_card":"summary_large_image","schema":{"@context":"https:\/\/schema.org","@graph":[{"@type":"WebPage","@id":"https:\/\/product-guide.org\/produkt\/adventskalender-sand-geliebtes-zuhause-de\/","url":"https:\/\/product-guide.org\/produkt\/adventskalender-sand-geliebtes-zuhause-de\/","name":"Adventskalender sand | Geliebtes Zuhause DE | Product-Guide.org","isPartOf":{"@id":"https:\/\/product-guide.org\/#website"},"primaryImageOfPage":{"@id":"https:\/\/product-guide.org\/produkt\/adventskalender-sand-geliebtes-zuhause-de\/#primaryimage"},"image":{"@id":"https:\/\/product-guide.org\/produkt\/adventskalender-sand-geliebtes-zuhause-de\/#primaryimage"},"thumbnailUrl":"https:\/\/product-guide.org\/wp-content\/uploads\/2025\/03\/adventskalender-197186-5ffeefd07b94f.jpg","datePublished":"2025-03-17T09:50:08+00:00","description":"Adventskalender sand | Geliebtes Zuhause DE gefunden von Product-Guide.org","breadcrumb":{"@id":"https:\/\/product-guide.org\/produkt\/adventskalender-sand-geliebtes-zuhause-de\/#breadcrumb"},"inLanguage":"en-GB","potentialAction":[{"@type":"ReadAction","target":["https:\/\/product-guide.org\/produkt\/adventskalender-sand-geliebtes-zuhause-de\/"]}]},{"@type":"ImageObject","inLanguage":"en-GB","@id":"https:\/\/product-guide.org\/produkt\/adventskalender-sand-geliebtes-zuhause-de\/#primaryimage","url":"https:\/\/product-guide.org\/wp-content\/uploads\/2025\/03\/adventskalender-197186-5ffeefd07b94f.jpg","contentUrl":"https:\/\/product-guide.org\/wp-content\/uploads\/2025\/03\/adventskalender-197186-5ffeefd07b94f.jpg","width":1195,"height":1483},{"@type":"BreadcrumbList","@id":"https:\/\/product-guide.org\/produkt\/adventskalender-sand-geliebtes-zuhause-de\/#breadcrumb","itemListElement":[{"@type":"ListItem","position":1,"name":"Home","item":"https:\/\/product-guide.org\/"},{"@type":"ListItem","position":2,"name":"Ergebnisse","item":"https:\/\/product-guide.org\/de\/ergebnisse\/"},{"@type":"ListItem","position":3,"name":"Adventskalender sand | Geliebtes Zuhause DE"}]},{"@type":"WebSite","@id":"https:\/\/product-guide.org\/#website","url":"https:\/\/product-guide.org\/","name":"Product-Guide.org","description":"What Product are you looking for?","publisher":{"@id":"https:\/\/product-guide.org\/#organization"},"potentialAction":[{"@type":"SearchAction","target":{"@type":"EntryPoint","urlTemplate":"https:\/\/product-guide.org\/?s={search_term_string}"},"query-input":{"@type":"PropertyValueSpecification","valueRequired":true,"valueName":"search_term_string"}}],"inLanguage":"en-GB"},{"@type":"Organization","@id":"https:\/\/product-guide.org\/#organization","name":"Product-Guide.org","url":"https:\/\/product-guide.org\/","logo":{"@type":"ImageObject","inLanguage":"en-GB","@id":"https:\/\/product-guide.org\/#\/schema\/logo\/image\/","url":"https:\/\/product-guide.org\/wp-content\/uploads\/2022\/07\/logo_transparent_background.png","contentUrl":"https:\/\/product-guide.org\/wp-content\/uploads\/2022\/07\/logo_transparent_background.png","width":3400,"height":1132,"caption":"Product-Guide.org"},"image":{"@id":"https:\/\/product-guide.org\/#\/schema\/logo\/image\/"}}]}},"_links":{"self":[{"href":"https:\/\/product-guide.org\/en\/wp-json\/wp\/v2\/product\/49951","targetHints":{"allow":["GET"]}}],"collection":[{"href":"https:\/\/product-guide.org\/en\/wp-json\/wp\/v2\/product"}],"about":[{"href":"https:\/\/product-guide.org\/en\/wp-json\/wp\/v2\/types\/product"}],"wp:featuredmedia":[{"embeddable":true,"href":"https:\/\/product-guide.org\/en\/wp-json\/wp\/v2\/media\/49950"}],"wp:attachment":[{"href":"https:\/\/product-guide.org\/en\/wp-json\/wp\/v2\/media?parent=49951"}],"wp:term":[{"taxonomy":"store","embeddable":true,"href":"https:\/\/product-guide.org\/en\/wp-json\/wp\/v2\/store?post=49951"},{"taxonomy":"product_brand","embeddable":true,"href":"https:\/\/product-guide.org\/en\/wp-json\/wp\/v2\/product_brand?post=49951"},{"taxonomy":"product_cat","embeddable":true,"href":"https:\/\/product-guide.org\/en\/wp-json\/wp\/v2\/product_cat?post=49951"},{"taxonomy":"product_tag","embeddable":true,"href":"https:\/\/product-guide.org\/en\/wp-json\/wp\/v2\/product_tag?post=49951"}],"curies":[{"name":"wp","href":"https:\/\/api.w.org\/{rel}","templated":true}]}}