{"id":49977,"date":"2025-03-17T10:50:28","date_gmt":"2025-03-17T09:50:28","guid":{"rendered":"https:\/\/product-guide.org\/produkt\/duschvorhang-light-stone-geliebtes-zuhause-de\/"},"modified":"2025-03-17T10:50:28","modified_gmt":"2025-03-17T09:50:28","slug":"duschvorhang-light-stone-geliebtes-zuhause-de","status":"publish","type":"product","link":"https:\/\/product-guide.org\/en\/produkt\/duschvorhang-light-stone-geliebtes-zuhause-de\/","title":{"rendered":"Duschvorhang light stone | Geliebtes Zuhause DE"},"content":{"rendered":"<p>Die sch\u00f6nen Seiten: schlichter Duschvorhang aus zertifizierter Bio-Baumwolle Eine gute Dusche tut immer gut. Und der perfekte Duschvorhang ist sch\u00f6n, aus 100 % Bio-Baumwolle, wasserabweisend, klebt nicht am K\u00f6rper uuund endlich bei Humdakin erh\u00e4ltlich. Den modernen 150 x 200 cm gro\u00dfen Vorhang, der noch mit einem Acrylfinish veredelt wurde, gibt es wahlweise in vier verschiedenen und nat\u00fcrlichen Farben, sodass Du ihn wirklich perfekt auf Deine restliche Einrichtung abstimmen kannst. Eine einfache Erg\u00e4nzung, die Dein Badezimmer so viel sch\u00f6ner macht. . Die d\u00e4nische Marke HUMDAKIN bringt moderne Reinigungsmittel, Wohnbedarf und Pflegeprodukte in Einklang mit allergikerfreundlichen Rezepturen, sch\u00f6nem Design und einer nachhaltigen Denkweise.<\/p>\n","protected":false},"excerpt":{"rendered":"<p>Die sch\u00f6nen Seiten: schlichter Duschvorhang aus zertifizierter Bio-Baumwolle Eine gute Dusche tut immer gut. Und der perfekte Duschvorhang ist sch\u00f6n, aus 100 % Bio-Baumwolle, wasserabweisend, klebt nicht am K\u00f6rper uuund endlich bei Humdakin erh\u00e4ltlich. Den modernen 150 x 200 cm gro\u00dfen Vorhang, der noch mit einem Acrylfinish veredelt wurde, gibt es wahlweise in vier verschiedenen [&hellip;]<\/p>\n","protected":false},"featured_media":49976,"template":"","meta":{"_gspb_post_css":""},"store":[],"product_brand":[1373],"product_cat":[1290],"product_tag":[],"class_list":{"0":"post-49977","1":"product","2":"type-product","3":"status-publish","4":"has-post-thumbnail","6":"product_brand-geliebtes-zuhause-de-at","7":"product_cat-uncategorized","9":"first","10":"instock","11":"shipping-taxable","12":"purchasable","13":"product-type-simple"},"yoast_head":"<!-- This site is optimized with the Yoast SEO plugin v24.6 - https:\/\/yoast.com\/wordpress\/plugins\/seo\/ -->\n<title>Duschvorhang light stone | Geliebtes Zuhause DE | Product-Guide.org<\/title>\n<meta name=\"description\" content=\"Duschvorhang light stone | Geliebtes Zuhause DE gefunden von Product-Guide.org\" \/>\n<meta name=\"robots\" content=\"index, follow, max-snippet:-1, max-image-preview:large, max-video-preview:-1\" \/>\n<link rel=\"canonical\" href=\"https:\/\/product-guide.org\/en\/produkt\/duschvorhang-light-stone-geliebtes-zuhause-de\/\" \/>\n<meta property=\"og:locale\" content=\"en_GB\" \/>\n<meta property=\"og:type\" content=\"article\" \/>\n<meta property=\"og:title\" content=\"Duschvorhang light stone | Geliebtes Zuhause DE | Product-Guide.org\" \/>\n<meta property=\"og:description\" content=\"Duschvorhang light stone | Geliebtes Zuhause DE gefunden von Product-Guide.org\" \/>\n<meta property=\"og:url\" content=\"https:\/\/product-guide.org\/en\/produkt\/duschvorhang-light-stone-geliebtes-zuhause-de\/\" \/>\n<meta property=\"og:site_name\" content=\"Product-Guide.org\" \/>\n<meta name=\"twitter:card\" content=\"summary_large_image\" \/>\n<script type=\"application\/ld+json\" class=\"yoast-schema-graph\">{\"@context\":\"https:\/\/schema.org\",\"@graph\":[{\"@type\":\"WebPage\",\"@id\":\"https:\/\/product-guide.org\/produkt\/duschvorhang-light-stone-geliebtes-zuhause-de\/\",\"url\":\"https:\/\/product-guide.org\/produkt\/duschvorhang-light-stone-geliebtes-zuhause-de\/\",\"name\":\"Duschvorhang light stone | Geliebtes Zuhause DE | Product-Guide.org\",\"isPartOf\":{\"@id\":\"https:\/\/product-guide.org\/#website\"},\"primaryImageOfPage\":{\"@id\":\"https:\/\/product-guide.org\/produkt\/duschvorhang-light-stone-geliebtes-zuhause-de\/#primaryimage\"},\"image\":{\"@id\":\"https:\/\/product-guide.org\/produkt\/duschvorhang-light-stone-geliebtes-zuhause-de\/#primaryimage\"},\"thumbnailUrl\":\"https:\/\/product-guide.org\/wp-content\/uploads\/2025\/03\/duschvorhang-296095-61dc296a1eab0.jpg\",\"datePublished\":\"2025-03-17T09:50:28+00:00\",\"description\":\"Duschvorhang light stone | Geliebtes Zuhause DE gefunden von Product-Guide.org\",\"breadcrumb\":{\"@id\":\"https:\/\/product-guide.org\/produkt\/duschvorhang-light-stone-geliebtes-zuhause-de\/#breadcrumb\"},\"inLanguage\":\"en-GB\",\"potentialAction\":[{\"@type\":\"ReadAction\",\"target\":[\"https:\/\/product-guide.org\/produkt\/duschvorhang-light-stone-geliebtes-zuhause-de\/\"]}]},{\"@type\":\"ImageObject\",\"inLanguage\":\"en-GB\",\"@id\":\"https:\/\/product-guide.org\/produkt\/duschvorhang-light-stone-geliebtes-zuhause-de\/#primaryimage\",\"url\":\"https:\/\/product-guide.org\/wp-content\/uploads\/2025\/03\/duschvorhang-296095-61dc296a1eab0.jpg\",\"contentUrl\":\"https:\/\/product-guide.org\/wp-content\/uploads\/2025\/03\/duschvorhang-296095-61dc296a1eab0.jpg\",\"width\":1195,\"height\":1483},{\"@type\":\"BreadcrumbList\",\"@id\":\"https:\/\/product-guide.org\/produkt\/duschvorhang-light-stone-geliebtes-zuhause-de\/#breadcrumb\",\"itemListElement\":[{\"@type\":\"ListItem\",\"position\":1,\"name\":\"Home\",\"item\":\"https:\/\/product-guide.org\/\"},{\"@type\":\"ListItem\",\"position\":2,\"name\":\"Ergebnisse\",\"item\":\"https:\/\/product-guide.org\/de\/ergebnisse\/\"},{\"@type\":\"ListItem\",\"position\":3,\"name\":\"Duschvorhang light stone | Geliebtes Zuhause DE\"}]},{\"@type\":\"WebSite\",\"@id\":\"https:\/\/product-guide.org\/#website\",\"url\":\"https:\/\/product-guide.org\/\",\"name\":\"Product-Guide.org\",\"description\":\"What Product are you looking for?\",\"publisher\":{\"@id\":\"https:\/\/product-guide.org\/#organization\"},\"potentialAction\":[{\"@type\":\"SearchAction\",\"target\":{\"@type\":\"EntryPoint\",\"urlTemplate\":\"https:\/\/product-guide.org\/?s={search_term_string}\"},\"query-input\":{\"@type\":\"PropertyValueSpecification\",\"valueRequired\":true,\"valueName\":\"search_term_string\"}}],\"inLanguage\":\"en-GB\"},{\"@type\":\"Organization\",\"@id\":\"https:\/\/product-guide.org\/#organization\",\"name\":\"Product-Guide.org\",\"url\":\"https:\/\/product-guide.org\/\",\"logo\":{\"@type\":\"ImageObject\",\"inLanguage\":\"en-GB\",\"@id\":\"https:\/\/product-guide.org\/#\/schema\/logo\/image\/\",\"url\":\"https:\/\/product-guide.org\/wp-content\/uploads\/2022\/07\/logo_transparent_background.png\",\"contentUrl\":\"https:\/\/product-guide.org\/wp-content\/uploads\/2022\/07\/logo_transparent_background.png\",\"width\":3400,\"height\":1132,\"caption\":\"Product-Guide.org\"},\"image\":{\"@id\":\"https:\/\/product-guide.org\/#\/schema\/logo\/image\/\"}}]}<\/script>\n<!-- \/ Yoast SEO plugin. -->","yoast_head_json":{"title":"Duschvorhang light stone | Geliebtes Zuhause DE | Product-Guide.org","description":"Duschvorhang light stone | Geliebtes Zuhause DE gefunden von Product-Guide.org","robots":{"index":"index","follow":"follow","max-snippet":"max-snippet:-1","max-image-preview":"max-image-preview:large","max-video-preview":"max-video-preview:-1"},"canonical":"https:\/\/product-guide.org\/en\/produkt\/duschvorhang-light-stone-geliebtes-zuhause-de\/","og_locale":"en_GB","og_type":"article","og_title":"Duschvorhang light stone | Geliebtes Zuhause DE | Product-Guide.org","og_description":"Duschvorhang light stone | Geliebtes Zuhause DE gefunden von Product-Guide.org","og_url":"https:\/\/product-guide.org\/en\/produkt\/duschvorhang-light-stone-geliebtes-zuhause-de\/","og_site_name":"Product-Guide.org","twitter_card":"summary_large_image","schema":{"@context":"https:\/\/schema.org","@graph":[{"@type":"WebPage","@id":"https:\/\/product-guide.org\/produkt\/duschvorhang-light-stone-geliebtes-zuhause-de\/","url":"https:\/\/product-guide.org\/produkt\/duschvorhang-light-stone-geliebtes-zuhause-de\/","name":"Duschvorhang light stone | Geliebtes Zuhause DE | Product-Guide.org","isPartOf":{"@id":"https:\/\/product-guide.org\/#website"},"primaryImageOfPage":{"@id":"https:\/\/product-guide.org\/produkt\/duschvorhang-light-stone-geliebtes-zuhause-de\/#primaryimage"},"image":{"@id":"https:\/\/product-guide.org\/produkt\/duschvorhang-light-stone-geliebtes-zuhause-de\/#primaryimage"},"thumbnailUrl":"https:\/\/product-guide.org\/wp-content\/uploads\/2025\/03\/duschvorhang-296095-61dc296a1eab0.jpg","datePublished":"2025-03-17T09:50:28+00:00","description":"Duschvorhang light stone | Geliebtes Zuhause DE gefunden von Product-Guide.org","breadcrumb":{"@id":"https:\/\/product-guide.org\/produkt\/duschvorhang-light-stone-geliebtes-zuhause-de\/#breadcrumb"},"inLanguage":"en-GB","potentialAction":[{"@type":"ReadAction","target":["https:\/\/product-guide.org\/produkt\/duschvorhang-light-stone-geliebtes-zuhause-de\/"]}]},{"@type":"ImageObject","inLanguage":"en-GB","@id":"https:\/\/product-guide.org\/produkt\/duschvorhang-light-stone-geliebtes-zuhause-de\/#primaryimage","url":"https:\/\/product-guide.org\/wp-content\/uploads\/2025\/03\/duschvorhang-296095-61dc296a1eab0.jpg","contentUrl":"https:\/\/product-guide.org\/wp-content\/uploads\/2025\/03\/duschvorhang-296095-61dc296a1eab0.jpg","width":1195,"height":1483},{"@type":"BreadcrumbList","@id":"https:\/\/product-guide.org\/produkt\/duschvorhang-light-stone-geliebtes-zuhause-de\/#breadcrumb","itemListElement":[{"@type":"ListItem","position":1,"name":"Home","item":"https:\/\/product-guide.org\/"},{"@type":"ListItem","position":2,"name":"Ergebnisse","item":"https:\/\/product-guide.org\/de\/ergebnisse\/"},{"@type":"ListItem","position":3,"name":"Duschvorhang light stone | Geliebtes Zuhause DE"}]},{"@type":"WebSite","@id":"https:\/\/product-guide.org\/#website","url":"https:\/\/product-guide.org\/","name":"Product-Guide.org","description":"What Product are you looking for?","publisher":{"@id":"https:\/\/product-guide.org\/#organization"},"potentialAction":[{"@type":"SearchAction","target":{"@type":"EntryPoint","urlTemplate":"https:\/\/product-guide.org\/?s={search_term_string}"},"query-input":{"@type":"PropertyValueSpecification","valueRequired":true,"valueName":"search_term_string"}}],"inLanguage":"en-GB"},{"@type":"Organization","@id":"https:\/\/product-guide.org\/#organization","name":"Product-Guide.org","url":"https:\/\/product-guide.org\/","logo":{"@type":"ImageObject","inLanguage":"en-GB","@id":"https:\/\/product-guide.org\/#\/schema\/logo\/image\/","url":"https:\/\/product-guide.org\/wp-content\/uploads\/2022\/07\/logo_transparent_background.png","contentUrl":"https:\/\/product-guide.org\/wp-content\/uploads\/2022\/07\/logo_transparent_background.png","width":3400,"height":1132,"caption":"Product-Guide.org"},"image":{"@id":"https:\/\/product-guide.org\/#\/schema\/logo\/image\/"}}]}},"_links":{"self":[{"href":"https:\/\/product-guide.org\/en\/wp-json\/wp\/v2\/product\/49977","targetHints":{"allow":["GET"]}}],"collection":[{"href":"https:\/\/product-guide.org\/en\/wp-json\/wp\/v2\/product"}],"about":[{"href":"https:\/\/product-guide.org\/en\/wp-json\/wp\/v2\/types\/product"}],"wp:featuredmedia":[{"embeddable":true,"href":"https:\/\/product-guide.org\/en\/wp-json\/wp\/v2\/media\/49976"}],"wp:attachment":[{"href":"https:\/\/product-guide.org\/en\/wp-json\/wp\/v2\/media?parent=49977"}],"wp:term":[{"taxonomy":"store","embeddable":true,"href":"https:\/\/product-guide.org\/en\/wp-json\/wp\/v2\/store?post=49977"},{"taxonomy":"product_brand","embeddable":true,"href":"https:\/\/product-guide.org\/en\/wp-json\/wp\/v2\/product_brand?post=49977"},{"taxonomy":"product_cat","embeddable":true,"href":"https:\/\/product-guide.org\/en\/wp-json\/wp\/v2\/product_cat?post=49977"},{"taxonomy":"product_tag","embeddable":true,"href":"https:\/\/product-guide.org\/en\/wp-json\/wp\/v2\/product_tag?post=49977"}],"curies":[{"name":"wp","href":"https:\/\/api.w.org\/{rel}","templated":true}]}}