{"id":50140,"date":"2025-03-17T10:52:21","date_gmt":"2025-03-17T09:52:21","guid":{"rendered":"https:\/\/product-guide.org\/produkt\/rundbecher-klar-250-ml-mit-deckel-pp-tiefkuhl-microwellengeeignet-250-stk-verpackungsteam\/"},"modified":"2025-03-17T10:52:21","modified_gmt":"2025-03-17T09:52:21","slug":"rundbecher-klar-250-ml-mit-deckel-pp-tiefkuhl-microwellengeeignet-250-stk-verpackungsteam","status":"publish","type":"product","link":"https:\/\/product-guide.org\/en\/produkt\/rundbecher-klar-250-ml-mit-deckel-pp-tiefkuhl-microwellengeeignet-250-stk-verpackungsteam\/","title":{"rendered":"Rundbecher klar 250 ml mit Deckel PP tiefk\u00fchl- microwellengeeignet, 250 Stk. | Verpackungsteam"},"content":{"rendered":"<p>Diese Einweg Rundbecher bieten vielf\u00e4ltige und vorteilhafte Verwendungsm\u00f6glichkeiten. Ideal sind die Feinkostbecher f\u00fcr halbfeste Lebensmittel bzw. Lebensmittel mit Fl\u00fcssigkeiten wie z.B. Fleischsalate, Salate mit Vinigrette oder Dips. Wir empfehlen Ihnen die Verwendung z.B. als Verkaufsbox im professionellen Handel f\u00fcr Metzgerei, B\u00e4ckerei und Imbiss, oder im Privatbereich als Pausenbox, auf langen Urlaubsfahren, f\u00fcrs Camping oder Picknick als &#8230;.<\/p>\n","protected":false},"excerpt":{"rendered":"<p>Diese Einweg Rundbecher bieten vielf\u00e4ltige und vorteilhafte Verwendungsm\u00f6glichkeiten. Ideal sind die Feinkostbecher f\u00fcr halbfeste Lebensmittel bzw. Lebensmittel mit Fl\u00fcssigkeiten wie z.B. Fleischsalate, Salate mit Vinigrette oder Dips. Wir empfehlen Ihnen die Verwendung z.B. als Verkaufsbox im professionellen Handel f\u00fcr Metzgerei, B\u00e4ckerei und Imbiss, oder im Privatbereich als Pausenbox, auf langen Urlaubsfahren, f\u00fcrs Camping oder Picknick [&hellip;]<\/p>\n","protected":false},"featured_media":50139,"template":"","meta":{"_gspb_post_css":""},"store":[],"product_brand":[1375],"product_cat":[1290],"product_tag":[],"class_list":{"0":"post-50140","1":"product","2":"type-product","3":"status-publish","4":"has-post-thumbnail","6":"product_brand-verpackungsteam","7":"product_cat-uncategorized","9":"first","10":"instock","11":"shipping-taxable","12":"purchasable","13":"product-type-simple"},"yoast_head":"<!-- This site is optimized with the Yoast SEO plugin v24.6 - https:\/\/yoast.com\/wordpress\/plugins\/seo\/ -->\n<title>Rundbecher klar 250 ml mit Deckel PP tiefk\u00fchl- microwellengeeignet, 250 Stk. | Verpackungsteam | Product-Guide.org<\/title>\n<meta name=\"description\" content=\"Rundbecher klar 250 ml mit Deckel PP tiefk\u00fchl- microwellengeeignet, 250 Stk. | Verpackungsteam gefunden von Product-Guide.org\" \/>\n<meta name=\"robots\" content=\"index, follow, max-snippet:-1, max-image-preview:large, max-video-preview:-1\" \/>\n<link rel=\"canonical\" href=\"https:\/\/product-guide.org\/en\/produkt\/rundbecher-klar-250-ml-mit-deckel-pp-tiefkuhl-microwellengeeignet-250-stk-verpackungsteam\/\" \/>\n<meta property=\"og:locale\" content=\"en_GB\" \/>\n<meta property=\"og:type\" content=\"article\" \/>\n<meta property=\"og:title\" content=\"Rundbecher klar 250 ml mit Deckel PP tiefk\u00fchl- microwellengeeignet, 250 Stk. | Verpackungsteam | Product-Guide.org\" \/>\n<meta property=\"og:description\" content=\"Rundbecher klar 250 ml mit Deckel PP tiefk\u00fchl- microwellengeeignet, 250 Stk. | Verpackungsteam gefunden von Product-Guide.org\" \/>\n<meta property=\"og:url\" content=\"https:\/\/product-guide.org\/en\/produkt\/rundbecher-klar-250-ml-mit-deckel-pp-tiefkuhl-microwellengeeignet-250-stk-verpackungsteam\/\" \/>\n<meta property=\"og:site_name\" content=\"Product-Guide.org\" \/>\n<meta name=\"twitter:card\" content=\"summary_large_image\" \/>\n<script type=\"application\/ld+json\" class=\"yoast-schema-graph\">{\"@context\":\"https:\/\/schema.org\",\"@graph\":[{\"@type\":\"WebPage\",\"@id\":\"https:\/\/product-guide.org\/produkt\/rundbecher-klar-250-ml-mit-deckel-pp-tiefkuhl-microwellengeeignet-250-stk-verpackungsteam\/\",\"url\":\"https:\/\/product-guide.org\/produkt\/rundbecher-klar-250-ml-mit-deckel-pp-tiefkuhl-microwellengeeignet-250-stk-verpackungsteam\/\",\"name\":\"Rundbecher klar 250 ml mit Deckel PP tiefk\u00fchl- microwellengeeignet, 250 Stk. | Verpackungsteam | Product-Guide.org\",\"isPartOf\":{\"@id\":\"https:\/\/product-guide.org\/#website\"},\"primaryImageOfPage\":{\"@id\":\"https:\/\/product-guide.org\/produkt\/rundbecher-klar-250-ml-mit-deckel-pp-tiefkuhl-microwellengeeignet-250-stk-verpackungsteam\/#primaryimage\"},\"image\":{\"@id\":\"https:\/\/product-guide.org\/produkt\/rundbecher-klar-250-ml-mit-deckel-pp-tiefkuhl-microwellengeeignet-250-stk-verpackungsteam\/#primaryimage\"},\"thumbnailUrl\":\"https:\/\/product-guide.org\/wp-content\/uploads\/2025\/03\/WX-Z0427.jpg\",\"datePublished\":\"2025-03-17T09:52:21+00:00\",\"description\":\"Rundbecher klar 250 ml mit Deckel PP tiefk\u00fchl- microwellengeeignet, 250 Stk. | Verpackungsteam gefunden von Product-Guide.org\",\"breadcrumb\":{\"@id\":\"https:\/\/product-guide.org\/produkt\/rundbecher-klar-250-ml-mit-deckel-pp-tiefkuhl-microwellengeeignet-250-stk-verpackungsteam\/#breadcrumb\"},\"inLanguage\":\"en-GB\",\"potentialAction\":[{\"@type\":\"ReadAction\",\"target\":[\"https:\/\/product-guide.org\/produkt\/rundbecher-klar-250-ml-mit-deckel-pp-tiefkuhl-microwellengeeignet-250-stk-verpackungsteam\/\"]}]},{\"@type\":\"ImageObject\",\"inLanguage\":\"en-GB\",\"@id\":\"https:\/\/product-guide.org\/produkt\/rundbecher-klar-250-ml-mit-deckel-pp-tiefkuhl-microwellengeeignet-250-stk-verpackungsteam\/#primaryimage\",\"url\":\"https:\/\/product-guide.org\/wp-content\/uploads\/2025\/03\/WX-Z0427.jpg\",\"contentUrl\":\"https:\/\/product-guide.org\/wp-content\/uploads\/2025\/03\/WX-Z0427.jpg\",\"width\":180,\"height\":180},{\"@type\":\"BreadcrumbList\",\"@id\":\"https:\/\/product-guide.org\/produkt\/rundbecher-klar-250-ml-mit-deckel-pp-tiefkuhl-microwellengeeignet-250-stk-verpackungsteam\/#breadcrumb\",\"itemListElement\":[{\"@type\":\"ListItem\",\"position\":1,\"name\":\"Home\",\"item\":\"https:\/\/product-guide.org\/\"},{\"@type\":\"ListItem\",\"position\":2,\"name\":\"Ergebnisse\",\"item\":\"https:\/\/product-guide.org\/de\/ergebnisse\/\"},{\"@type\":\"ListItem\",\"position\":3,\"name\":\"Rundbecher klar 250 ml mit Deckel PP tiefk\u00fchl- microwellengeeignet, 250 Stk. | Verpackungsteam\"}]},{\"@type\":\"WebSite\",\"@id\":\"https:\/\/product-guide.org\/#website\",\"url\":\"https:\/\/product-guide.org\/\",\"name\":\"Product-Guide.org\",\"description\":\"What Product are you looking for?\",\"publisher\":{\"@id\":\"https:\/\/product-guide.org\/#organization\"},\"potentialAction\":[{\"@type\":\"SearchAction\",\"target\":{\"@type\":\"EntryPoint\",\"urlTemplate\":\"https:\/\/product-guide.org\/?s={search_term_string}\"},\"query-input\":{\"@type\":\"PropertyValueSpecification\",\"valueRequired\":true,\"valueName\":\"search_term_string\"}}],\"inLanguage\":\"en-GB\"},{\"@type\":\"Organization\",\"@id\":\"https:\/\/product-guide.org\/#organization\",\"name\":\"Product-Guide.org\",\"url\":\"https:\/\/product-guide.org\/\",\"logo\":{\"@type\":\"ImageObject\",\"inLanguage\":\"en-GB\",\"@id\":\"https:\/\/product-guide.org\/#\/schema\/logo\/image\/\",\"url\":\"https:\/\/product-guide.org\/wp-content\/uploads\/2022\/07\/logo_transparent_background.png\",\"contentUrl\":\"https:\/\/product-guide.org\/wp-content\/uploads\/2022\/07\/logo_transparent_background.png\",\"width\":3400,\"height\":1132,\"caption\":\"Product-Guide.org\"},\"image\":{\"@id\":\"https:\/\/product-guide.org\/#\/schema\/logo\/image\/\"}}]}<\/script>\n<!-- \/ Yoast SEO plugin. -->","yoast_head_json":{"title":"Rundbecher klar 250 ml mit Deckel PP tiefk\u00fchl- microwellengeeignet, 250 Stk. | Verpackungsteam | Product-Guide.org","description":"Rundbecher klar 250 ml mit Deckel PP tiefk\u00fchl- microwellengeeignet, 250 Stk. | Verpackungsteam gefunden von Product-Guide.org","robots":{"index":"index","follow":"follow","max-snippet":"max-snippet:-1","max-image-preview":"max-image-preview:large","max-video-preview":"max-video-preview:-1"},"canonical":"https:\/\/product-guide.org\/en\/produkt\/rundbecher-klar-250-ml-mit-deckel-pp-tiefkuhl-microwellengeeignet-250-stk-verpackungsteam\/","og_locale":"en_GB","og_type":"article","og_title":"Rundbecher klar 250 ml mit Deckel PP tiefk\u00fchl- microwellengeeignet, 250 Stk. | Verpackungsteam | Product-Guide.org","og_description":"Rundbecher klar 250 ml mit Deckel PP tiefk\u00fchl- microwellengeeignet, 250 Stk. | Verpackungsteam gefunden von Product-Guide.org","og_url":"https:\/\/product-guide.org\/en\/produkt\/rundbecher-klar-250-ml-mit-deckel-pp-tiefkuhl-microwellengeeignet-250-stk-verpackungsteam\/","og_site_name":"Product-Guide.org","twitter_card":"summary_large_image","schema":{"@context":"https:\/\/schema.org","@graph":[{"@type":"WebPage","@id":"https:\/\/product-guide.org\/produkt\/rundbecher-klar-250-ml-mit-deckel-pp-tiefkuhl-microwellengeeignet-250-stk-verpackungsteam\/","url":"https:\/\/product-guide.org\/produkt\/rundbecher-klar-250-ml-mit-deckel-pp-tiefkuhl-microwellengeeignet-250-stk-verpackungsteam\/","name":"Rundbecher klar 250 ml mit Deckel PP tiefk\u00fchl- microwellengeeignet, 250 Stk. | Verpackungsteam | Product-Guide.org","isPartOf":{"@id":"https:\/\/product-guide.org\/#website"},"primaryImageOfPage":{"@id":"https:\/\/product-guide.org\/produkt\/rundbecher-klar-250-ml-mit-deckel-pp-tiefkuhl-microwellengeeignet-250-stk-verpackungsteam\/#primaryimage"},"image":{"@id":"https:\/\/product-guide.org\/produkt\/rundbecher-klar-250-ml-mit-deckel-pp-tiefkuhl-microwellengeeignet-250-stk-verpackungsteam\/#primaryimage"},"thumbnailUrl":"https:\/\/product-guide.org\/wp-content\/uploads\/2025\/03\/WX-Z0427.jpg","datePublished":"2025-03-17T09:52:21+00:00","description":"Rundbecher klar 250 ml mit Deckel PP tiefk\u00fchl- microwellengeeignet, 250 Stk. | Verpackungsteam gefunden von Product-Guide.org","breadcrumb":{"@id":"https:\/\/product-guide.org\/produkt\/rundbecher-klar-250-ml-mit-deckel-pp-tiefkuhl-microwellengeeignet-250-stk-verpackungsteam\/#breadcrumb"},"inLanguage":"en-GB","potentialAction":[{"@type":"ReadAction","target":["https:\/\/product-guide.org\/produkt\/rundbecher-klar-250-ml-mit-deckel-pp-tiefkuhl-microwellengeeignet-250-stk-verpackungsteam\/"]}]},{"@type":"ImageObject","inLanguage":"en-GB","@id":"https:\/\/product-guide.org\/produkt\/rundbecher-klar-250-ml-mit-deckel-pp-tiefkuhl-microwellengeeignet-250-stk-verpackungsteam\/#primaryimage","url":"https:\/\/product-guide.org\/wp-content\/uploads\/2025\/03\/WX-Z0427.jpg","contentUrl":"https:\/\/product-guide.org\/wp-content\/uploads\/2025\/03\/WX-Z0427.jpg","width":180,"height":180},{"@type":"BreadcrumbList","@id":"https:\/\/product-guide.org\/produkt\/rundbecher-klar-250-ml-mit-deckel-pp-tiefkuhl-microwellengeeignet-250-stk-verpackungsteam\/#breadcrumb","itemListElement":[{"@type":"ListItem","position":1,"name":"Home","item":"https:\/\/product-guide.org\/"},{"@type":"ListItem","position":2,"name":"Ergebnisse","item":"https:\/\/product-guide.org\/de\/ergebnisse\/"},{"@type":"ListItem","position":3,"name":"Rundbecher klar 250 ml mit Deckel PP tiefk\u00fchl- microwellengeeignet, 250 Stk. | Verpackungsteam"}]},{"@type":"WebSite","@id":"https:\/\/product-guide.org\/#website","url":"https:\/\/product-guide.org\/","name":"Product-Guide.org","description":"What Product are you looking for?","publisher":{"@id":"https:\/\/product-guide.org\/#organization"},"potentialAction":[{"@type":"SearchAction","target":{"@type":"EntryPoint","urlTemplate":"https:\/\/product-guide.org\/?s={search_term_string}"},"query-input":{"@type":"PropertyValueSpecification","valueRequired":true,"valueName":"search_term_string"}}],"inLanguage":"en-GB"},{"@type":"Organization","@id":"https:\/\/product-guide.org\/#organization","name":"Product-Guide.org","url":"https:\/\/product-guide.org\/","logo":{"@type":"ImageObject","inLanguage":"en-GB","@id":"https:\/\/product-guide.org\/#\/schema\/logo\/image\/","url":"https:\/\/product-guide.org\/wp-content\/uploads\/2022\/07\/logo_transparent_background.png","contentUrl":"https:\/\/product-guide.org\/wp-content\/uploads\/2022\/07\/logo_transparent_background.png","width":3400,"height":1132,"caption":"Product-Guide.org"},"image":{"@id":"https:\/\/product-guide.org\/#\/schema\/logo\/image\/"}}]}},"_links":{"self":[{"href":"https:\/\/product-guide.org\/en\/wp-json\/wp\/v2\/product\/50140","targetHints":{"allow":["GET"]}}],"collection":[{"href":"https:\/\/product-guide.org\/en\/wp-json\/wp\/v2\/product"}],"about":[{"href":"https:\/\/product-guide.org\/en\/wp-json\/wp\/v2\/types\/product"}],"wp:featuredmedia":[{"embeddable":true,"href":"https:\/\/product-guide.org\/en\/wp-json\/wp\/v2\/media\/50139"}],"wp:attachment":[{"href":"https:\/\/product-guide.org\/en\/wp-json\/wp\/v2\/media?parent=50140"}],"wp:term":[{"taxonomy":"store","embeddable":true,"href":"https:\/\/product-guide.org\/en\/wp-json\/wp\/v2\/store?post=50140"},{"taxonomy":"product_brand","embeddable":true,"href":"https:\/\/product-guide.org\/en\/wp-json\/wp\/v2\/product_brand?post=50140"},{"taxonomy":"product_cat","embeddable":true,"href":"https:\/\/product-guide.org\/en\/wp-json\/wp\/v2\/product_cat?post=50140"},{"taxonomy":"product_tag","embeddable":true,"href":"https:\/\/product-guide.org\/en\/wp-json\/wp\/v2\/product_tag?post=50140"}],"curies":[{"name":"wp","href":"https:\/\/api.w.org\/{rel}","templated":true}]}}