{"id":50181,"date":"2025-03-17T10:52:43","date_gmt":"2025-03-17T09:52:43","guid":{"rendered":"https:\/\/product-guide.org\/produkt\/dehnfolie-aus-pvc-fur-handverpackung-10-my-50-cm-x-1500-m-verpackungsteam\/"},"modified":"2025-03-17T10:52:44","modified_gmt":"2025-03-17T09:52:44","slug":"dehnfolie-aus-pvc-fur-handverpackung-10-my-50-cm-x-1500-m-verpackungsteam","status":"publish","type":"product","link":"https:\/\/product-guide.org\/en\/produkt\/dehnfolie-aus-pvc-fur-handverpackung-10-my-50-cm-x-1500-m-verpackungsteam\/","title":{"rendered":"Dehnfolie aus PVC f\u00fcr Handverpackung 10 my, 50 cm x 1500 m | Verpackungsteam"},"content":{"rendered":"<p>PVC-Lebensmittel-Dehnfolien bieten einen zuverl\u00e4ssigen Schutz f\u00fcr Gem\u00fcse, Baguettes, Geb\u00e4ck, Kn\u00f6deln, Fleisch, Gefl\u00fcgel, K\u00e4se und anderen Frischwaren. Aufgrund ihrer sehr hohe Wasserdampfdurchl\u00e4ssigkeit wird ein Beschlagen der Folie selbst bei sehr wasserh\u00e4ltigem Inhalt verhindert &#8211; somit bleiben die verpackten Lebensmittel l\u00e4nger frisch und knackig. Diese PVC-Dehnfolie ist deshalb auch optimal f\u00fcr tiefgek\u00fchlte Lebensmittel zu verwenden. Wie &#8230;.<\/p>\n","protected":false},"excerpt":{"rendered":"<p>PVC-Lebensmittel-Dehnfolien bieten einen zuverl\u00e4ssigen Schutz f\u00fcr Gem\u00fcse, Baguettes, Geb\u00e4ck, Kn\u00f6deln, Fleisch, Gefl\u00fcgel, K\u00e4se und anderen Frischwaren. Aufgrund ihrer sehr hohe Wasserdampfdurchl\u00e4ssigkeit wird ein Beschlagen der Folie selbst bei sehr wasserh\u00e4ltigem Inhalt verhindert &#8211; somit bleiben die verpackten Lebensmittel l\u00e4nger frisch und knackig. Diese PVC-Dehnfolie ist deshalb auch optimal f\u00fcr tiefgek\u00fchlte Lebensmittel zu verwenden. Wie &#8230;.<\/p>\n","protected":false},"featured_media":50180,"template":"","meta":{"_gspb_post_css":""},"store":[],"product_brand":[1375],"product_cat":[1290],"product_tag":[],"class_list":{"0":"post-50181","1":"product","2":"type-product","3":"status-publish","4":"has-post-thumbnail","6":"product_brand-verpackungsteam","7":"product_cat-uncategorized","9":"first","10":"instock","11":"shipping-taxable","12":"purchasable","13":"product-type-simple"},"yoast_head":"<!-- This site is optimized with the Yoast SEO plugin v24.6 - https:\/\/yoast.com\/wordpress\/plugins\/seo\/ -->\n<title>Dehnfolie aus PVC f\u00fcr Handverpackung 10 my, 50 cm x 1500 m | Verpackungsteam | Product-Guide.org<\/title>\n<meta name=\"description\" content=\"Dehnfolie aus PVC f\u00fcr Handverpackung 10 my, 50 cm x 1500 m | Verpackungsteam gefunden von Product-Guide.org\" \/>\n<meta name=\"robots\" content=\"index, follow, max-snippet:-1, max-image-preview:large, max-video-preview:-1\" \/>\n<link rel=\"canonical\" href=\"https:\/\/product-guide.org\/en\/produkt\/dehnfolie-aus-pvc-fur-handverpackung-10-my-50-cm-x-1500-m-verpackungsteam\/\" \/>\n<meta property=\"og:locale\" content=\"en_GB\" \/>\n<meta property=\"og:type\" content=\"article\" \/>\n<meta property=\"og:title\" content=\"Dehnfolie aus PVC f\u00fcr Handverpackung 10 my, 50 cm x 1500 m | Verpackungsteam | Product-Guide.org\" \/>\n<meta property=\"og:description\" content=\"Dehnfolie aus PVC f\u00fcr Handverpackung 10 my, 50 cm x 1500 m | Verpackungsteam gefunden von Product-Guide.org\" \/>\n<meta property=\"og:url\" content=\"https:\/\/product-guide.org\/en\/produkt\/dehnfolie-aus-pvc-fur-handverpackung-10-my-50-cm-x-1500-m-verpackungsteam\/\" \/>\n<meta property=\"og:site_name\" content=\"Product-Guide.org\" \/>\n<meta property=\"article:modified_time\" content=\"2025-03-17T09:52:44+00:00\" \/>\n<meta name=\"twitter:card\" content=\"summary_large_image\" \/>\n<script type=\"application\/ld+json\" class=\"yoast-schema-graph\">{\"@context\":\"https:\/\/schema.org\",\"@graph\":[{\"@type\":\"WebPage\",\"@id\":\"https:\/\/product-guide.org\/produkt\/dehnfolie-aus-pvc-fur-handverpackung-10-my-50-cm-x-1500-m-verpackungsteam\/\",\"url\":\"https:\/\/product-guide.org\/produkt\/dehnfolie-aus-pvc-fur-handverpackung-10-my-50-cm-x-1500-m-verpackungsteam\/\",\"name\":\"Dehnfolie aus PVC f\u00fcr Handverpackung 10 my, 50 cm x 1500 m | Verpackungsteam | Product-Guide.org\",\"isPartOf\":{\"@id\":\"https:\/\/product-guide.org\/#website\"},\"primaryImageOfPage\":{\"@id\":\"https:\/\/product-guide.org\/produkt\/dehnfolie-aus-pvc-fur-handverpackung-10-my-50-cm-x-1500-m-verpackungsteam\/#primaryimage\"},\"image\":{\"@id\":\"https:\/\/product-guide.org\/produkt\/dehnfolie-aus-pvc-fur-handverpackung-10-my-50-cm-x-1500-m-verpackungsteam\/#primaryimage\"},\"thumbnailUrl\":\"https:\/\/product-guide.org\/wp-content\/uploads\/2025\/03\/91050.jpg\",\"datePublished\":\"2025-03-17T09:52:43+00:00\",\"dateModified\":\"2025-03-17T09:52:44+00:00\",\"description\":\"Dehnfolie aus PVC f\u00fcr Handverpackung 10 my, 50 cm x 1500 m | Verpackungsteam gefunden von Product-Guide.org\",\"breadcrumb\":{\"@id\":\"https:\/\/product-guide.org\/produkt\/dehnfolie-aus-pvc-fur-handverpackung-10-my-50-cm-x-1500-m-verpackungsteam\/#breadcrumb\"},\"inLanguage\":\"en-GB\",\"potentialAction\":[{\"@type\":\"ReadAction\",\"target\":[\"https:\/\/product-guide.org\/produkt\/dehnfolie-aus-pvc-fur-handverpackung-10-my-50-cm-x-1500-m-verpackungsteam\/\"]}]},{\"@type\":\"ImageObject\",\"inLanguage\":\"en-GB\",\"@id\":\"https:\/\/product-guide.org\/produkt\/dehnfolie-aus-pvc-fur-handverpackung-10-my-50-cm-x-1500-m-verpackungsteam\/#primaryimage\",\"url\":\"https:\/\/product-guide.org\/wp-content\/uploads\/2025\/03\/91050.jpg\",\"contentUrl\":\"https:\/\/product-guide.org\/wp-content\/uploads\/2025\/03\/91050.jpg\",\"width\":180,\"height\":180},{\"@type\":\"BreadcrumbList\",\"@id\":\"https:\/\/product-guide.org\/produkt\/dehnfolie-aus-pvc-fur-handverpackung-10-my-50-cm-x-1500-m-verpackungsteam\/#breadcrumb\",\"itemListElement\":[{\"@type\":\"ListItem\",\"position\":1,\"name\":\"Home\",\"item\":\"https:\/\/product-guide.org\/\"},{\"@type\":\"ListItem\",\"position\":2,\"name\":\"Ergebnisse\",\"item\":\"https:\/\/product-guide.org\/de\/ergebnisse\/\"},{\"@type\":\"ListItem\",\"position\":3,\"name\":\"Dehnfolie aus PVC f\u00fcr Handverpackung 10 my, 50 cm x 1500 m | Verpackungsteam\"}]},{\"@type\":\"WebSite\",\"@id\":\"https:\/\/product-guide.org\/#website\",\"url\":\"https:\/\/product-guide.org\/\",\"name\":\"Product-Guide.org\",\"description\":\"What Product are you looking for?\",\"publisher\":{\"@id\":\"https:\/\/product-guide.org\/#organization\"},\"potentialAction\":[{\"@type\":\"SearchAction\",\"target\":{\"@type\":\"EntryPoint\",\"urlTemplate\":\"https:\/\/product-guide.org\/?s={search_term_string}\"},\"query-input\":{\"@type\":\"PropertyValueSpecification\",\"valueRequired\":true,\"valueName\":\"search_term_string\"}}],\"inLanguage\":\"en-GB\"},{\"@type\":\"Organization\",\"@id\":\"https:\/\/product-guide.org\/#organization\",\"name\":\"Product-Guide.org\",\"url\":\"https:\/\/product-guide.org\/\",\"logo\":{\"@type\":\"ImageObject\",\"inLanguage\":\"en-GB\",\"@id\":\"https:\/\/product-guide.org\/#\/schema\/logo\/image\/\",\"url\":\"https:\/\/product-guide.org\/wp-content\/uploads\/2022\/07\/logo_transparent_background.png\",\"contentUrl\":\"https:\/\/product-guide.org\/wp-content\/uploads\/2022\/07\/logo_transparent_background.png\",\"width\":3400,\"height\":1132,\"caption\":\"Product-Guide.org\"},\"image\":{\"@id\":\"https:\/\/product-guide.org\/#\/schema\/logo\/image\/\"}}]}<\/script>\n<!-- \/ Yoast SEO plugin. -->","yoast_head_json":{"title":"Dehnfolie aus PVC f\u00fcr Handverpackung 10 my, 50 cm x 1500 m | Verpackungsteam | Product-Guide.org","description":"Dehnfolie aus PVC f\u00fcr Handverpackung 10 my, 50 cm x 1500 m | Verpackungsteam gefunden von Product-Guide.org","robots":{"index":"index","follow":"follow","max-snippet":"max-snippet:-1","max-image-preview":"max-image-preview:large","max-video-preview":"max-video-preview:-1"},"canonical":"https:\/\/product-guide.org\/en\/produkt\/dehnfolie-aus-pvc-fur-handverpackung-10-my-50-cm-x-1500-m-verpackungsteam\/","og_locale":"en_GB","og_type":"article","og_title":"Dehnfolie aus PVC f\u00fcr Handverpackung 10 my, 50 cm x 1500 m | Verpackungsteam | Product-Guide.org","og_description":"Dehnfolie aus PVC f\u00fcr Handverpackung 10 my, 50 cm x 1500 m | Verpackungsteam gefunden von Product-Guide.org","og_url":"https:\/\/product-guide.org\/en\/produkt\/dehnfolie-aus-pvc-fur-handverpackung-10-my-50-cm-x-1500-m-verpackungsteam\/","og_site_name":"Product-Guide.org","article_modified_time":"2025-03-17T09:52:44+00:00","twitter_card":"summary_large_image","schema":{"@context":"https:\/\/schema.org","@graph":[{"@type":"WebPage","@id":"https:\/\/product-guide.org\/produkt\/dehnfolie-aus-pvc-fur-handverpackung-10-my-50-cm-x-1500-m-verpackungsteam\/","url":"https:\/\/product-guide.org\/produkt\/dehnfolie-aus-pvc-fur-handverpackung-10-my-50-cm-x-1500-m-verpackungsteam\/","name":"Dehnfolie aus PVC f\u00fcr Handverpackung 10 my, 50 cm x 1500 m | Verpackungsteam | Product-Guide.org","isPartOf":{"@id":"https:\/\/product-guide.org\/#website"},"primaryImageOfPage":{"@id":"https:\/\/product-guide.org\/produkt\/dehnfolie-aus-pvc-fur-handverpackung-10-my-50-cm-x-1500-m-verpackungsteam\/#primaryimage"},"image":{"@id":"https:\/\/product-guide.org\/produkt\/dehnfolie-aus-pvc-fur-handverpackung-10-my-50-cm-x-1500-m-verpackungsteam\/#primaryimage"},"thumbnailUrl":"https:\/\/product-guide.org\/wp-content\/uploads\/2025\/03\/91050.jpg","datePublished":"2025-03-17T09:52:43+00:00","dateModified":"2025-03-17T09:52:44+00:00","description":"Dehnfolie aus PVC f\u00fcr Handverpackung 10 my, 50 cm x 1500 m | Verpackungsteam gefunden von Product-Guide.org","breadcrumb":{"@id":"https:\/\/product-guide.org\/produkt\/dehnfolie-aus-pvc-fur-handverpackung-10-my-50-cm-x-1500-m-verpackungsteam\/#breadcrumb"},"inLanguage":"en-GB","potentialAction":[{"@type":"ReadAction","target":["https:\/\/product-guide.org\/produkt\/dehnfolie-aus-pvc-fur-handverpackung-10-my-50-cm-x-1500-m-verpackungsteam\/"]}]},{"@type":"ImageObject","inLanguage":"en-GB","@id":"https:\/\/product-guide.org\/produkt\/dehnfolie-aus-pvc-fur-handverpackung-10-my-50-cm-x-1500-m-verpackungsteam\/#primaryimage","url":"https:\/\/product-guide.org\/wp-content\/uploads\/2025\/03\/91050.jpg","contentUrl":"https:\/\/product-guide.org\/wp-content\/uploads\/2025\/03\/91050.jpg","width":180,"height":180},{"@type":"BreadcrumbList","@id":"https:\/\/product-guide.org\/produkt\/dehnfolie-aus-pvc-fur-handverpackung-10-my-50-cm-x-1500-m-verpackungsteam\/#breadcrumb","itemListElement":[{"@type":"ListItem","position":1,"name":"Home","item":"https:\/\/product-guide.org\/"},{"@type":"ListItem","position":2,"name":"Ergebnisse","item":"https:\/\/product-guide.org\/de\/ergebnisse\/"},{"@type":"ListItem","position":3,"name":"Dehnfolie aus PVC f\u00fcr Handverpackung 10 my, 50 cm x 1500 m | Verpackungsteam"}]},{"@type":"WebSite","@id":"https:\/\/product-guide.org\/#website","url":"https:\/\/product-guide.org\/","name":"Product-Guide.org","description":"What Product are you looking for?","publisher":{"@id":"https:\/\/product-guide.org\/#organization"},"potentialAction":[{"@type":"SearchAction","target":{"@type":"EntryPoint","urlTemplate":"https:\/\/product-guide.org\/?s={search_term_string}"},"query-input":{"@type":"PropertyValueSpecification","valueRequired":true,"valueName":"search_term_string"}}],"inLanguage":"en-GB"},{"@type":"Organization","@id":"https:\/\/product-guide.org\/#organization","name":"Product-Guide.org","url":"https:\/\/product-guide.org\/","logo":{"@type":"ImageObject","inLanguage":"en-GB","@id":"https:\/\/product-guide.org\/#\/schema\/logo\/image\/","url":"https:\/\/product-guide.org\/wp-content\/uploads\/2022\/07\/logo_transparent_background.png","contentUrl":"https:\/\/product-guide.org\/wp-content\/uploads\/2022\/07\/logo_transparent_background.png","width":3400,"height":1132,"caption":"Product-Guide.org"},"image":{"@id":"https:\/\/product-guide.org\/#\/schema\/logo\/image\/"}}]}},"_links":{"self":[{"href":"https:\/\/product-guide.org\/en\/wp-json\/wp\/v2\/product\/50181","targetHints":{"allow":["GET"]}}],"collection":[{"href":"https:\/\/product-guide.org\/en\/wp-json\/wp\/v2\/product"}],"about":[{"href":"https:\/\/product-guide.org\/en\/wp-json\/wp\/v2\/types\/product"}],"wp:featuredmedia":[{"embeddable":true,"href":"https:\/\/product-guide.org\/en\/wp-json\/wp\/v2\/media\/50180"}],"wp:attachment":[{"href":"https:\/\/product-guide.org\/en\/wp-json\/wp\/v2\/media?parent=50181"}],"wp:term":[{"taxonomy":"store","embeddable":true,"href":"https:\/\/product-guide.org\/en\/wp-json\/wp\/v2\/store?post=50181"},{"taxonomy":"product_brand","embeddable":true,"href":"https:\/\/product-guide.org\/en\/wp-json\/wp\/v2\/product_brand?post=50181"},{"taxonomy":"product_cat","embeddable":true,"href":"https:\/\/product-guide.org\/en\/wp-json\/wp\/v2\/product_cat?post=50181"},{"taxonomy":"product_tag","embeddable":true,"href":"https:\/\/product-guide.org\/en\/wp-json\/wp\/v2\/product_tag?post=50181"}],"curies":[{"name":"wp","href":"https:\/\/api.w.org\/{rel}","templated":true}]}}