{"id":50213,"date":"2025-03-17T10:53:01","date_gmt":"2025-03-17T09:53:01","guid":{"rendered":"https:\/\/product-guide.org\/produkt\/acao-bio-mate-ingwer-12er-pack-motatos-de\/"},"modified":"2025-03-17T10:53:02","modified_gmt":"2025-03-17T09:53:02","slug":"acao-bio-mate-ingwer-12er-pack-motatos-de","status":"publish","type":"product","link":"https:\/\/product-guide.org\/en\/produkt\/acao-bio-mate-ingwer-12er-pack-motatos-de\/","title":{"rendered":"ac\u00e1o BIO Mate Ingwer, 12er Pack | Motatos DE"},"content":{"rendered":"<p>Das Bio 12-Pack Mate Ingwer von Ac\u00e1o (12x500ml) bietet dir eine erfrischende Kombination aus Mate und Ingwer! Mit dem nat\u00fcrlichen, belebenden Geschmack von Mate und der w\u00fcrzigen Ingwernote ist dieses Getr\u00e4nk der perfekte Durstl\u00f6scher f\u00fcr zwischendurch \u2013 ideal f\u00fcr eine nat\u00fcrliche Energiequelle!Warum gibt es das Produkt bei uns im Shop zu kaufen?Der Handel fordert bei Lebensmitteln zum Teil lange Restlaufzeiten des MHDs. Oft m\u00fcssen Produkte mehrere Monate haltbar sein, um es in den Handel zu schaffen. Da dies nicht der Fall ist, gibt es das Produkt daf\u00fcr bei uns im Shop! Kaufen Sie ac\u00e1o BIO Mate Ingwer, 12er Pack bei Motatos.<\/p>\n","protected":false},"excerpt":{"rendered":"<p>Das Bio 12-Pack Mate Ingwer von Ac\u00e1o (12x500ml) bietet dir eine erfrischende Kombination aus Mate und Ingwer! Mit dem nat\u00fcrlichen, belebenden Geschmack von Mate und der w\u00fcrzigen Ingwernote ist dieses Getr\u00e4nk der perfekte Durstl\u00f6scher f\u00fcr zwischendurch \u2013 ideal f\u00fcr eine nat\u00fcrliche Energiequelle!Warum gibt es das Produkt bei uns im Shop zu kaufen?Der Handel fordert bei [&hellip;]<\/p>\n","protected":false},"featured_media":50212,"template":"","meta":{"_gspb_post_css":""},"store":[],"product_brand":[1376],"product_cat":[1290],"product_tag":[],"class_list":{"0":"post-50213","1":"product","2":"type-product","3":"status-publish","4":"has-post-thumbnail","6":"product_brand-motatos-de","7":"product_cat-uncategorized","9":"first","10":"instock","11":"shipping-taxable","12":"purchasable","13":"product-type-simple"},"yoast_head":"<!-- This site is optimized with the Yoast SEO plugin v24.6 - https:\/\/yoast.com\/wordpress\/plugins\/seo\/ -->\n<title>ac\u00e1o BIO Mate Ingwer, 12er Pack | Motatos DE | Product-Guide.org<\/title>\n<meta name=\"description\" content=\"ac\u00e1o BIO Mate Ingwer, 12er Pack | Motatos DE gefunden von Product-Guide.org\" \/>\n<meta name=\"robots\" content=\"index, follow, max-snippet:-1, max-image-preview:large, max-video-preview:-1\" \/>\n<link rel=\"canonical\" href=\"https:\/\/product-guide.org\/en\/produkt\/acao-bio-mate-ingwer-12er-pack-motatos-de\/\" \/>\n<meta property=\"og:locale\" content=\"en_GB\" \/>\n<meta property=\"og:type\" content=\"article\" \/>\n<meta property=\"og:title\" content=\"ac\u00e1o BIO Mate Ingwer, 12er Pack | Motatos DE | Product-Guide.org\" \/>\n<meta property=\"og:description\" content=\"ac\u00e1o BIO Mate Ingwer, 12er Pack | Motatos DE gefunden von Product-Guide.org\" \/>\n<meta property=\"og:url\" content=\"https:\/\/product-guide.org\/en\/produkt\/acao-bio-mate-ingwer-12er-pack-motatos-de\/\" \/>\n<meta property=\"og:site_name\" content=\"Product-Guide.org\" \/>\n<meta property=\"article:modified_time\" content=\"2025-03-17T09:53:02+00:00\" \/>\n<meta name=\"twitter:card\" content=\"summary_large_image\" \/>\n<script type=\"application\/ld+json\" class=\"yoast-schema-graph\">{\"@context\":\"https:\/\/schema.org\",\"@graph\":[{\"@type\":\"WebPage\",\"@id\":\"https:\/\/product-guide.org\/produkt\/acao-bio-mate-ingwer-12er-pack-motatos-de\/\",\"url\":\"https:\/\/product-guide.org\/produkt\/acao-bio-mate-ingwer-12er-pack-motatos-de\/\",\"name\":\"ac\u00e1o BIO Mate Ingwer, 12er Pack | Motatos DE | Product-Guide.org\",\"isPartOf\":{\"@id\":\"https:\/\/product-guide.org\/#website\"},\"primaryImageOfPage\":{\"@id\":\"https:\/\/product-guide.org\/produkt\/acao-bio-mate-ingwer-12er-pack-motatos-de\/#primaryimage\"},\"image\":{\"@id\":\"https:\/\/product-guide.org\/produkt\/acao-bio-mate-ingwer-12er-pack-motatos-de\/#primaryimage\"},\"thumbnailUrl\":\"https:\/\/product-guide.org\/wp-content\/uploads\/2025\/03\/4260339812262_1-f1a49d0e-4cc2-4916-85aa-415be410745d.jpg\",\"datePublished\":\"2025-03-17T09:53:01+00:00\",\"dateModified\":\"2025-03-17T09:53:02+00:00\",\"description\":\"ac\u00e1o BIO Mate Ingwer, 12er Pack | Motatos DE gefunden von Product-Guide.org\",\"breadcrumb\":{\"@id\":\"https:\/\/product-guide.org\/produkt\/acao-bio-mate-ingwer-12er-pack-motatos-de\/#breadcrumb\"},\"inLanguage\":\"en-GB\",\"potentialAction\":[{\"@type\":\"ReadAction\",\"target\":[\"https:\/\/product-guide.org\/produkt\/acao-bio-mate-ingwer-12er-pack-motatos-de\/\"]}]},{\"@type\":\"ImageObject\",\"inLanguage\":\"en-GB\",\"@id\":\"https:\/\/product-guide.org\/produkt\/acao-bio-mate-ingwer-12er-pack-motatos-de\/#primaryimage\",\"url\":\"https:\/\/product-guide.org\/wp-content\/uploads\/2025\/03\/4260339812262_1-f1a49d0e-4cc2-4916-85aa-415be410745d.jpg\",\"contentUrl\":\"https:\/\/product-guide.org\/wp-content\/uploads\/2025\/03\/4260339812262_1-f1a49d0e-4cc2-4916-85aa-415be410745d.jpg\",\"width\":678,\"height\":678},{\"@type\":\"BreadcrumbList\",\"@id\":\"https:\/\/product-guide.org\/produkt\/acao-bio-mate-ingwer-12er-pack-motatos-de\/#breadcrumb\",\"itemListElement\":[{\"@type\":\"ListItem\",\"position\":1,\"name\":\"Home\",\"item\":\"https:\/\/product-guide.org\/\"},{\"@type\":\"ListItem\",\"position\":2,\"name\":\"Ergebnisse\",\"item\":\"https:\/\/product-guide.org\/de\/ergebnisse\/\"},{\"@type\":\"ListItem\",\"position\":3,\"name\":\"ac\u00e1o BIO Mate Ingwer, 12er Pack | Motatos DE\"}]},{\"@type\":\"WebSite\",\"@id\":\"https:\/\/product-guide.org\/#website\",\"url\":\"https:\/\/product-guide.org\/\",\"name\":\"Product-Guide.org\",\"description\":\"What Product are you looking for?\",\"publisher\":{\"@id\":\"https:\/\/product-guide.org\/#organization\"},\"potentialAction\":[{\"@type\":\"SearchAction\",\"target\":{\"@type\":\"EntryPoint\",\"urlTemplate\":\"https:\/\/product-guide.org\/?s={search_term_string}\"},\"query-input\":{\"@type\":\"PropertyValueSpecification\",\"valueRequired\":true,\"valueName\":\"search_term_string\"}}],\"inLanguage\":\"en-GB\"},{\"@type\":\"Organization\",\"@id\":\"https:\/\/product-guide.org\/#organization\",\"name\":\"Product-Guide.org\",\"url\":\"https:\/\/product-guide.org\/\",\"logo\":{\"@type\":\"ImageObject\",\"inLanguage\":\"en-GB\",\"@id\":\"https:\/\/product-guide.org\/#\/schema\/logo\/image\/\",\"url\":\"https:\/\/product-guide.org\/wp-content\/uploads\/2022\/07\/logo_transparent_background.png\",\"contentUrl\":\"https:\/\/product-guide.org\/wp-content\/uploads\/2022\/07\/logo_transparent_background.png\",\"width\":3400,\"height\":1132,\"caption\":\"Product-Guide.org\"},\"image\":{\"@id\":\"https:\/\/product-guide.org\/#\/schema\/logo\/image\/\"}}]}<\/script>\n<!-- \/ Yoast SEO plugin. -->","yoast_head_json":{"title":"ac\u00e1o BIO Mate Ingwer, 12er Pack | Motatos DE | Product-Guide.org","description":"ac\u00e1o BIO Mate Ingwer, 12er Pack | Motatos DE gefunden von Product-Guide.org","robots":{"index":"index","follow":"follow","max-snippet":"max-snippet:-1","max-image-preview":"max-image-preview:large","max-video-preview":"max-video-preview:-1"},"canonical":"https:\/\/product-guide.org\/en\/produkt\/acao-bio-mate-ingwer-12er-pack-motatos-de\/","og_locale":"en_GB","og_type":"article","og_title":"ac\u00e1o BIO Mate Ingwer, 12er Pack | Motatos DE | Product-Guide.org","og_description":"ac\u00e1o BIO Mate Ingwer, 12er Pack | Motatos DE gefunden von Product-Guide.org","og_url":"https:\/\/product-guide.org\/en\/produkt\/acao-bio-mate-ingwer-12er-pack-motatos-de\/","og_site_name":"Product-Guide.org","article_modified_time":"2025-03-17T09:53:02+00:00","twitter_card":"summary_large_image","schema":{"@context":"https:\/\/schema.org","@graph":[{"@type":"WebPage","@id":"https:\/\/product-guide.org\/produkt\/acao-bio-mate-ingwer-12er-pack-motatos-de\/","url":"https:\/\/product-guide.org\/produkt\/acao-bio-mate-ingwer-12er-pack-motatos-de\/","name":"ac\u00e1o BIO Mate Ingwer, 12er Pack | Motatos DE | Product-Guide.org","isPartOf":{"@id":"https:\/\/product-guide.org\/#website"},"primaryImageOfPage":{"@id":"https:\/\/product-guide.org\/produkt\/acao-bio-mate-ingwer-12er-pack-motatos-de\/#primaryimage"},"image":{"@id":"https:\/\/product-guide.org\/produkt\/acao-bio-mate-ingwer-12er-pack-motatos-de\/#primaryimage"},"thumbnailUrl":"https:\/\/product-guide.org\/wp-content\/uploads\/2025\/03\/4260339812262_1-f1a49d0e-4cc2-4916-85aa-415be410745d.jpg","datePublished":"2025-03-17T09:53:01+00:00","dateModified":"2025-03-17T09:53:02+00:00","description":"ac\u00e1o BIO Mate Ingwer, 12er Pack | Motatos DE gefunden von Product-Guide.org","breadcrumb":{"@id":"https:\/\/product-guide.org\/produkt\/acao-bio-mate-ingwer-12er-pack-motatos-de\/#breadcrumb"},"inLanguage":"en-GB","potentialAction":[{"@type":"ReadAction","target":["https:\/\/product-guide.org\/produkt\/acao-bio-mate-ingwer-12er-pack-motatos-de\/"]}]},{"@type":"ImageObject","inLanguage":"en-GB","@id":"https:\/\/product-guide.org\/produkt\/acao-bio-mate-ingwer-12er-pack-motatos-de\/#primaryimage","url":"https:\/\/product-guide.org\/wp-content\/uploads\/2025\/03\/4260339812262_1-f1a49d0e-4cc2-4916-85aa-415be410745d.jpg","contentUrl":"https:\/\/product-guide.org\/wp-content\/uploads\/2025\/03\/4260339812262_1-f1a49d0e-4cc2-4916-85aa-415be410745d.jpg","width":678,"height":678},{"@type":"BreadcrumbList","@id":"https:\/\/product-guide.org\/produkt\/acao-bio-mate-ingwer-12er-pack-motatos-de\/#breadcrumb","itemListElement":[{"@type":"ListItem","position":1,"name":"Home","item":"https:\/\/product-guide.org\/"},{"@type":"ListItem","position":2,"name":"Ergebnisse","item":"https:\/\/product-guide.org\/de\/ergebnisse\/"},{"@type":"ListItem","position":3,"name":"ac\u00e1o BIO Mate Ingwer, 12er Pack | Motatos DE"}]},{"@type":"WebSite","@id":"https:\/\/product-guide.org\/#website","url":"https:\/\/product-guide.org\/","name":"Product-Guide.org","description":"What Product are you looking for?","publisher":{"@id":"https:\/\/product-guide.org\/#organization"},"potentialAction":[{"@type":"SearchAction","target":{"@type":"EntryPoint","urlTemplate":"https:\/\/product-guide.org\/?s={search_term_string}"},"query-input":{"@type":"PropertyValueSpecification","valueRequired":true,"valueName":"search_term_string"}}],"inLanguage":"en-GB"},{"@type":"Organization","@id":"https:\/\/product-guide.org\/#organization","name":"Product-Guide.org","url":"https:\/\/product-guide.org\/","logo":{"@type":"ImageObject","inLanguage":"en-GB","@id":"https:\/\/product-guide.org\/#\/schema\/logo\/image\/","url":"https:\/\/product-guide.org\/wp-content\/uploads\/2022\/07\/logo_transparent_background.png","contentUrl":"https:\/\/product-guide.org\/wp-content\/uploads\/2022\/07\/logo_transparent_background.png","width":3400,"height":1132,"caption":"Product-Guide.org"},"image":{"@id":"https:\/\/product-guide.org\/#\/schema\/logo\/image\/"}}]}},"_links":{"self":[{"href":"https:\/\/product-guide.org\/en\/wp-json\/wp\/v2\/product\/50213","targetHints":{"allow":["GET"]}}],"collection":[{"href":"https:\/\/product-guide.org\/en\/wp-json\/wp\/v2\/product"}],"about":[{"href":"https:\/\/product-guide.org\/en\/wp-json\/wp\/v2\/types\/product"}],"wp:featuredmedia":[{"embeddable":true,"href":"https:\/\/product-guide.org\/en\/wp-json\/wp\/v2\/media\/50212"}],"wp:attachment":[{"href":"https:\/\/product-guide.org\/en\/wp-json\/wp\/v2\/media?parent=50213"}],"wp:term":[{"taxonomy":"store","embeddable":true,"href":"https:\/\/product-guide.org\/en\/wp-json\/wp\/v2\/store?post=50213"},{"taxonomy":"product_brand","embeddable":true,"href":"https:\/\/product-guide.org\/en\/wp-json\/wp\/v2\/product_brand?post=50213"},{"taxonomy":"product_cat","embeddable":true,"href":"https:\/\/product-guide.org\/en\/wp-json\/wp\/v2\/product_cat?post=50213"},{"taxonomy":"product_tag","embeddable":true,"href":"https:\/\/product-guide.org\/en\/wp-json\/wp\/v2\/product_tag?post=50213"}],"curies":[{"name":"wp","href":"https:\/\/api.w.org\/{rel}","templated":true}]}}