{"id":50245,"date":"2025-03-17T10:53:23","date_gmt":"2025-03-17T09:53:23","guid":{"rendered":"https:\/\/product-guide.org\/produkt\/hafervoll-porridge-2-go-erdnuss-nussmuss-13er-pack-motatos-de\/"},"modified":"2025-03-17T10:53:23","modified_gmt":"2025-03-17T09:53:23","slug":"hafervoll-porridge-2-go-erdnuss-nussmuss-13er-pack-motatos-de","status":"publish","type":"product","link":"https:\/\/product-guide.org\/en\/produkt\/hafervoll-porridge-2-go-erdnuss-nussmuss-13er-pack-motatos-de\/","title":{"rendered":"HAFERVOLL Porridge 2 Go Erdnuss &#038; Nussmuss, 13er Pack | Motatos DE"},"content":{"rendered":"<p>Hafervoll Porridge 2 Go in der leckeren Erdnuss &#038; Nussmuss-Variante im praktischen 13er-Pack. Der perfekte, schnelle Fr\u00fchst\u00fcckssnack f\u00fcr unterwegs \u2013 vollgepackt mit Energie und einem nussigen Geschmack. Einfach anr\u00fchren und genie\u00dfen! Du willst wissen, warum das Produkt bei uns im Shop gelandet ist? Es stammt aus einer \u00dcberproduktion und konnte in der Menge nicht vollst\u00e4ndig \u00fcber den regul\u00e4ren Weg verkauft werden. Kaufen Sie HAFERVOLL Porridge 2 Go Erdnuss &#038; Nussmuss, 13er Pack bei Motatos.<\/p>\n","protected":false},"excerpt":{"rendered":"<p>Hafervoll Porridge 2 Go in der leckeren Erdnuss &#038; Nussmuss-Variante im praktischen 13er-Pack. Der perfekte, schnelle Fr\u00fchst\u00fcckssnack f\u00fcr unterwegs \u2013 vollgepackt mit Energie und einem nussigen Geschmack. Einfach anr\u00fchren und genie\u00dfen! Du willst wissen, warum das Produkt bei uns im Shop gelandet ist? Es stammt aus einer \u00dcberproduktion und konnte in der Menge nicht vollst\u00e4ndig [&hellip;]<\/p>\n","protected":false},"featured_media":50244,"template":"","meta":{"_gspb_post_css":""},"store":[],"product_brand":[1376],"product_cat":[1290],"product_tag":[],"class_list":{"0":"post-50245","1":"product","2":"type-product","3":"status-publish","4":"has-post-thumbnail","6":"product_brand-motatos-de","7":"product_cat-uncategorized","9":"first","10":"instock","11":"shipping-taxable","12":"purchasable","13":"product-type-simple"},"yoast_head":"<!-- This site is optimized with the Yoast SEO plugin v24.6 - https:\/\/yoast.com\/wordpress\/plugins\/seo\/ -->\n<title>HAFERVOLL Porridge 2 Go Erdnuss &amp; Nussmuss, 13er Pack | Motatos DE | Product-Guide.org<\/title>\n<meta name=\"description\" content=\"HAFERVOLL Porridge 2 Go Erdnuss &amp; Nussmuss, 13er Pack | Motatos DE gefunden von Product-Guide.org\" \/>\n<meta name=\"robots\" content=\"index, follow, max-snippet:-1, max-image-preview:large, max-video-preview:-1\" \/>\n<link rel=\"canonical\" href=\"https:\/\/product-guide.org\/en\/produkt\/hafervoll-porridge-2-go-erdnuss-nussmuss-13er-pack-motatos-de\/\" \/>\n<meta property=\"og:locale\" content=\"en_GB\" \/>\n<meta property=\"og:type\" content=\"article\" \/>\n<meta property=\"og:title\" content=\"HAFERVOLL Porridge 2 Go Erdnuss &amp; Nussmuss, 13er Pack | Motatos DE | Product-Guide.org\" \/>\n<meta property=\"og:description\" content=\"HAFERVOLL Porridge 2 Go Erdnuss &amp; Nussmuss, 13er Pack | Motatos DE gefunden von Product-Guide.org\" \/>\n<meta property=\"og:url\" content=\"https:\/\/product-guide.org\/en\/produkt\/hafervoll-porridge-2-go-erdnuss-nussmuss-13er-pack-motatos-de\/\" \/>\n<meta property=\"og:site_name\" content=\"Product-Guide.org\" \/>\n<meta name=\"twitter:card\" content=\"summary_large_image\" \/>\n<script type=\"application\/ld+json\" class=\"yoast-schema-graph\">{\"@context\":\"https:\/\/schema.org\",\"@graph\":[{\"@type\":\"WebPage\",\"@id\":\"https:\/\/product-guide.org\/produkt\/hafervoll-porridge-2-go-erdnuss-nussmuss-13er-pack-motatos-de\/\",\"url\":\"https:\/\/product-guide.org\/produkt\/hafervoll-porridge-2-go-erdnuss-nussmuss-13er-pack-motatos-de\/\",\"name\":\"HAFERVOLL Porridge 2 Go Erdnuss & Nussmuss, 13er Pack | Motatos DE | Product-Guide.org\",\"isPartOf\":{\"@id\":\"https:\/\/product-guide.org\/#website\"},\"primaryImageOfPage\":{\"@id\":\"https:\/\/product-guide.org\/produkt\/hafervoll-porridge-2-go-erdnuss-nussmuss-13er-pack-motatos-de\/#primaryimage\"},\"image\":{\"@id\":\"https:\/\/product-guide.org\/produkt\/hafervoll-porridge-2-go-erdnuss-nussmuss-13er-pack-motatos-de\/#primaryimage\"},\"thumbnailUrl\":\"https:\/\/product-guide.org\/wp-content\/uploads\/2025\/03\/4064888000442_1-5f8a9fae-2b3c-47fe-8278-eceaf35b9bae.jpg\",\"datePublished\":\"2025-03-17T09:53:23+00:00\",\"description\":\"HAFERVOLL Porridge 2 Go Erdnuss & Nussmuss, 13er Pack | Motatos DE gefunden von Product-Guide.org\",\"breadcrumb\":{\"@id\":\"https:\/\/product-guide.org\/produkt\/hafervoll-porridge-2-go-erdnuss-nussmuss-13er-pack-motatos-de\/#breadcrumb\"},\"inLanguage\":\"en-GB\",\"potentialAction\":[{\"@type\":\"ReadAction\",\"target\":[\"https:\/\/product-guide.org\/produkt\/hafervoll-porridge-2-go-erdnuss-nussmuss-13er-pack-motatos-de\/\"]}]},{\"@type\":\"ImageObject\",\"inLanguage\":\"en-GB\",\"@id\":\"https:\/\/product-guide.org\/produkt\/hafervoll-porridge-2-go-erdnuss-nussmuss-13er-pack-motatos-de\/#primaryimage\",\"url\":\"https:\/\/product-guide.org\/wp-content\/uploads\/2025\/03\/4064888000442_1-5f8a9fae-2b3c-47fe-8278-eceaf35b9bae.jpg\",\"contentUrl\":\"https:\/\/product-guide.org\/wp-content\/uploads\/2025\/03\/4064888000442_1-5f8a9fae-2b3c-47fe-8278-eceaf35b9bae.jpg\",\"width\":678,\"height\":678},{\"@type\":\"BreadcrumbList\",\"@id\":\"https:\/\/product-guide.org\/produkt\/hafervoll-porridge-2-go-erdnuss-nussmuss-13er-pack-motatos-de\/#breadcrumb\",\"itemListElement\":[{\"@type\":\"ListItem\",\"position\":1,\"name\":\"Home\",\"item\":\"https:\/\/product-guide.org\/\"},{\"@type\":\"ListItem\",\"position\":2,\"name\":\"Ergebnisse\",\"item\":\"https:\/\/product-guide.org\/de\/ergebnisse\/\"},{\"@type\":\"ListItem\",\"position\":3,\"name\":\"HAFERVOLL Porridge 2 Go Erdnuss &#038; Nussmuss, 13er Pack | Motatos DE\"}]},{\"@type\":\"WebSite\",\"@id\":\"https:\/\/product-guide.org\/#website\",\"url\":\"https:\/\/product-guide.org\/\",\"name\":\"Product-Guide.org\",\"description\":\"What Product are you looking for?\",\"publisher\":{\"@id\":\"https:\/\/product-guide.org\/#organization\"},\"potentialAction\":[{\"@type\":\"SearchAction\",\"target\":{\"@type\":\"EntryPoint\",\"urlTemplate\":\"https:\/\/product-guide.org\/?s={search_term_string}\"},\"query-input\":{\"@type\":\"PropertyValueSpecification\",\"valueRequired\":true,\"valueName\":\"search_term_string\"}}],\"inLanguage\":\"en-GB\"},{\"@type\":\"Organization\",\"@id\":\"https:\/\/product-guide.org\/#organization\",\"name\":\"Product-Guide.org\",\"url\":\"https:\/\/product-guide.org\/\",\"logo\":{\"@type\":\"ImageObject\",\"inLanguage\":\"en-GB\",\"@id\":\"https:\/\/product-guide.org\/#\/schema\/logo\/image\/\",\"url\":\"https:\/\/product-guide.org\/wp-content\/uploads\/2022\/07\/logo_transparent_background.png\",\"contentUrl\":\"https:\/\/product-guide.org\/wp-content\/uploads\/2022\/07\/logo_transparent_background.png\",\"width\":3400,\"height\":1132,\"caption\":\"Product-Guide.org\"},\"image\":{\"@id\":\"https:\/\/product-guide.org\/#\/schema\/logo\/image\/\"}}]}<\/script>\n<!-- \/ Yoast SEO plugin. -->","yoast_head_json":{"title":"HAFERVOLL Porridge 2 Go Erdnuss & Nussmuss, 13er Pack | Motatos DE | Product-Guide.org","description":"HAFERVOLL Porridge 2 Go Erdnuss & Nussmuss, 13er Pack | Motatos DE gefunden von Product-Guide.org","robots":{"index":"index","follow":"follow","max-snippet":"max-snippet:-1","max-image-preview":"max-image-preview:large","max-video-preview":"max-video-preview:-1"},"canonical":"https:\/\/product-guide.org\/en\/produkt\/hafervoll-porridge-2-go-erdnuss-nussmuss-13er-pack-motatos-de\/","og_locale":"en_GB","og_type":"article","og_title":"HAFERVOLL Porridge 2 Go Erdnuss & Nussmuss, 13er Pack | Motatos DE | Product-Guide.org","og_description":"HAFERVOLL Porridge 2 Go Erdnuss & Nussmuss, 13er Pack | Motatos DE gefunden von Product-Guide.org","og_url":"https:\/\/product-guide.org\/en\/produkt\/hafervoll-porridge-2-go-erdnuss-nussmuss-13er-pack-motatos-de\/","og_site_name":"Product-Guide.org","twitter_card":"summary_large_image","schema":{"@context":"https:\/\/schema.org","@graph":[{"@type":"WebPage","@id":"https:\/\/product-guide.org\/produkt\/hafervoll-porridge-2-go-erdnuss-nussmuss-13er-pack-motatos-de\/","url":"https:\/\/product-guide.org\/produkt\/hafervoll-porridge-2-go-erdnuss-nussmuss-13er-pack-motatos-de\/","name":"HAFERVOLL Porridge 2 Go Erdnuss & Nussmuss, 13er Pack | Motatos DE | Product-Guide.org","isPartOf":{"@id":"https:\/\/product-guide.org\/#website"},"primaryImageOfPage":{"@id":"https:\/\/product-guide.org\/produkt\/hafervoll-porridge-2-go-erdnuss-nussmuss-13er-pack-motatos-de\/#primaryimage"},"image":{"@id":"https:\/\/product-guide.org\/produkt\/hafervoll-porridge-2-go-erdnuss-nussmuss-13er-pack-motatos-de\/#primaryimage"},"thumbnailUrl":"https:\/\/product-guide.org\/wp-content\/uploads\/2025\/03\/4064888000442_1-5f8a9fae-2b3c-47fe-8278-eceaf35b9bae.jpg","datePublished":"2025-03-17T09:53:23+00:00","description":"HAFERVOLL Porridge 2 Go Erdnuss & Nussmuss, 13er Pack | Motatos DE gefunden von Product-Guide.org","breadcrumb":{"@id":"https:\/\/product-guide.org\/produkt\/hafervoll-porridge-2-go-erdnuss-nussmuss-13er-pack-motatos-de\/#breadcrumb"},"inLanguage":"en-GB","potentialAction":[{"@type":"ReadAction","target":["https:\/\/product-guide.org\/produkt\/hafervoll-porridge-2-go-erdnuss-nussmuss-13er-pack-motatos-de\/"]}]},{"@type":"ImageObject","inLanguage":"en-GB","@id":"https:\/\/product-guide.org\/produkt\/hafervoll-porridge-2-go-erdnuss-nussmuss-13er-pack-motatos-de\/#primaryimage","url":"https:\/\/product-guide.org\/wp-content\/uploads\/2025\/03\/4064888000442_1-5f8a9fae-2b3c-47fe-8278-eceaf35b9bae.jpg","contentUrl":"https:\/\/product-guide.org\/wp-content\/uploads\/2025\/03\/4064888000442_1-5f8a9fae-2b3c-47fe-8278-eceaf35b9bae.jpg","width":678,"height":678},{"@type":"BreadcrumbList","@id":"https:\/\/product-guide.org\/produkt\/hafervoll-porridge-2-go-erdnuss-nussmuss-13er-pack-motatos-de\/#breadcrumb","itemListElement":[{"@type":"ListItem","position":1,"name":"Home","item":"https:\/\/product-guide.org\/"},{"@type":"ListItem","position":2,"name":"Ergebnisse","item":"https:\/\/product-guide.org\/de\/ergebnisse\/"},{"@type":"ListItem","position":3,"name":"HAFERVOLL Porridge 2 Go Erdnuss &#038; Nussmuss, 13er Pack | Motatos DE"}]},{"@type":"WebSite","@id":"https:\/\/product-guide.org\/#website","url":"https:\/\/product-guide.org\/","name":"Product-Guide.org","description":"What Product are you looking for?","publisher":{"@id":"https:\/\/product-guide.org\/#organization"},"potentialAction":[{"@type":"SearchAction","target":{"@type":"EntryPoint","urlTemplate":"https:\/\/product-guide.org\/?s={search_term_string}"},"query-input":{"@type":"PropertyValueSpecification","valueRequired":true,"valueName":"search_term_string"}}],"inLanguage":"en-GB"},{"@type":"Organization","@id":"https:\/\/product-guide.org\/#organization","name":"Product-Guide.org","url":"https:\/\/product-guide.org\/","logo":{"@type":"ImageObject","inLanguage":"en-GB","@id":"https:\/\/product-guide.org\/#\/schema\/logo\/image\/","url":"https:\/\/product-guide.org\/wp-content\/uploads\/2022\/07\/logo_transparent_background.png","contentUrl":"https:\/\/product-guide.org\/wp-content\/uploads\/2022\/07\/logo_transparent_background.png","width":3400,"height":1132,"caption":"Product-Guide.org"},"image":{"@id":"https:\/\/product-guide.org\/#\/schema\/logo\/image\/"}}]}},"_links":{"self":[{"href":"https:\/\/product-guide.org\/en\/wp-json\/wp\/v2\/product\/50245","targetHints":{"allow":["GET"]}}],"collection":[{"href":"https:\/\/product-guide.org\/en\/wp-json\/wp\/v2\/product"}],"about":[{"href":"https:\/\/product-guide.org\/en\/wp-json\/wp\/v2\/types\/product"}],"wp:featuredmedia":[{"embeddable":true,"href":"https:\/\/product-guide.org\/en\/wp-json\/wp\/v2\/media\/50244"}],"wp:attachment":[{"href":"https:\/\/product-guide.org\/en\/wp-json\/wp\/v2\/media?parent=50245"}],"wp:term":[{"taxonomy":"store","embeddable":true,"href":"https:\/\/product-guide.org\/en\/wp-json\/wp\/v2\/store?post=50245"},{"taxonomy":"product_brand","embeddable":true,"href":"https:\/\/product-guide.org\/en\/wp-json\/wp\/v2\/product_brand?post=50245"},{"taxonomy":"product_cat","embeddable":true,"href":"https:\/\/product-guide.org\/en\/wp-json\/wp\/v2\/product_cat?post=50245"},{"taxonomy":"product_tag","embeddable":true,"href":"https:\/\/product-guide.org\/en\/wp-json\/wp\/v2\/product_tag?post=50245"}],"curies":[{"name":"wp","href":"https:\/\/api.w.org\/{rel}","templated":true}]}}