{"id":50287,"date":"2025-03-17T10:53:54","date_gmt":"2025-03-17T09:53:54","guid":{"rendered":"https:\/\/product-guide.org\/produkt\/purya-bio-high-protein-shake-bourbon-vanille-motatos-de\/"},"modified":"2025-03-17T10:53:54","modified_gmt":"2025-03-17T09:53:54","slug":"purya-bio-high-protein-shake-bourbon-vanille-motatos-de","status":"publish","type":"product","link":"https:\/\/product-guide.org\/en\/produkt\/purya-bio-high-protein-shake-bourbon-vanille-motatos-de\/","title":{"rendered":"PURYA BIO High Protein Shake, Bourbon Vanille | Motatos DE"},"content":{"rendered":"<p>Der BIO High Protein Shake Bourbon Vanille (500g) ist der ideale Protein-Snack f\u00fcr unterwegs oder nach dem Training! Mit dem nat\u00fcrlichen Bourbon-Vanille-Geschmack bietet er nicht nur eine hochwertige Eiwei\u00dfquelle, sondern auch einen k\u00f6stlichen Genuss. Perfekt f\u00fcr alle, die ihre Fitnessziele mit einem leckeren Shake unterst\u00fctzen m\u00f6chten!Warum gibt es das Produkt bei uns im Shop zu kaufen?Der Handel fordert bei Lebensmitteln zum Teil lange Restlaufzeiten des MHDs. Oft m\u00fcssen Produkte mehrere Monate haltbar sein, um es in den Handel zu schaffen. Da dies nicht der Fall ist, gibt es das Produkt daf\u00fcr bei uns im Shop! Kaufen Sie PURYA BIO High Protein Shake, Bourbon Vanille bei Motatos.<\/p>\n","protected":false},"excerpt":{"rendered":"<p>Der BIO High Protein Shake Bourbon Vanille (500g) ist der ideale Protein-Snack f\u00fcr unterwegs oder nach dem Training! Mit dem nat\u00fcrlichen Bourbon-Vanille-Geschmack bietet er nicht nur eine hochwertige Eiwei\u00dfquelle, sondern auch einen k\u00f6stlichen Genuss. Perfekt f\u00fcr alle, die ihre Fitnessziele mit einem leckeren Shake unterst\u00fctzen m\u00f6chten!Warum gibt es das Produkt bei uns im Shop zu [&hellip;]<\/p>\n","protected":false},"featured_media":50286,"template":"","meta":{"_gspb_post_css":""},"store":[],"product_brand":[1376],"product_cat":[1290],"product_tag":[],"class_list":{"0":"post-50287","1":"product","2":"type-product","3":"status-publish","4":"has-post-thumbnail","6":"product_brand-motatos-de","7":"product_cat-uncategorized","9":"first","10":"instock","11":"shipping-taxable","12":"purchasable","13":"product-type-simple"},"yoast_head":"<!-- This site is optimized with the Yoast SEO plugin v24.6 - https:\/\/yoast.com\/wordpress\/plugins\/seo\/ -->\n<title>PURYA BIO High Protein Shake, Bourbon Vanille | Motatos DE | Product-Guide.org<\/title>\n<meta name=\"description\" content=\"PURYA BIO High Protein Shake, Bourbon Vanille | Motatos DE gefunden von Product-Guide.org\" \/>\n<meta name=\"robots\" content=\"index, follow, max-snippet:-1, max-image-preview:large, max-video-preview:-1\" \/>\n<link rel=\"canonical\" href=\"https:\/\/product-guide.org\/en\/produkt\/purya-bio-high-protein-shake-bourbon-vanille-motatos-de\/\" \/>\n<meta property=\"og:locale\" content=\"en_GB\" \/>\n<meta property=\"og:type\" content=\"article\" \/>\n<meta property=\"og:title\" content=\"PURYA BIO High Protein Shake, Bourbon Vanille | Motatos DE | Product-Guide.org\" \/>\n<meta property=\"og:description\" content=\"PURYA BIO High Protein Shake, Bourbon Vanille | Motatos DE gefunden von Product-Guide.org\" \/>\n<meta property=\"og:url\" content=\"https:\/\/product-guide.org\/en\/produkt\/purya-bio-high-protein-shake-bourbon-vanille-motatos-de\/\" \/>\n<meta property=\"og:site_name\" content=\"Product-Guide.org\" \/>\n<meta name=\"twitter:card\" content=\"summary_large_image\" \/>\n<script type=\"application\/ld+json\" class=\"yoast-schema-graph\">{\"@context\":\"https:\/\/schema.org\",\"@graph\":[{\"@type\":\"WebPage\",\"@id\":\"https:\/\/product-guide.org\/produkt\/purya-bio-high-protein-shake-bourbon-vanille-motatos-de\/\",\"url\":\"https:\/\/product-guide.org\/produkt\/purya-bio-high-protein-shake-bourbon-vanille-motatos-de\/\",\"name\":\"PURYA BIO High Protein Shake, Bourbon Vanille | Motatos DE | Product-Guide.org\",\"isPartOf\":{\"@id\":\"https:\/\/product-guide.org\/#website\"},\"primaryImageOfPage\":{\"@id\":\"https:\/\/product-guide.org\/produkt\/purya-bio-high-protein-shake-bourbon-vanille-motatos-de\/#primaryimage\"},\"image\":{\"@id\":\"https:\/\/product-guide.org\/produkt\/purya-bio-high-protein-shake-bourbon-vanille-motatos-de\/#primaryimage\"},\"thumbnailUrl\":\"https:\/\/product-guide.org\/wp-content\/uploads\/2025\/03\/4005394200285_1-90fd926f-dbf0-4684-9460-56b6cad56853.jpg\",\"datePublished\":\"2025-03-17T09:53:54+00:00\",\"description\":\"PURYA BIO High Protein Shake, Bourbon Vanille | Motatos DE gefunden von Product-Guide.org\",\"breadcrumb\":{\"@id\":\"https:\/\/product-guide.org\/produkt\/purya-bio-high-protein-shake-bourbon-vanille-motatos-de\/#breadcrumb\"},\"inLanguage\":\"en-GB\",\"potentialAction\":[{\"@type\":\"ReadAction\",\"target\":[\"https:\/\/product-guide.org\/produkt\/purya-bio-high-protein-shake-bourbon-vanille-motatos-de\/\"]}]},{\"@type\":\"ImageObject\",\"inLanguage\":\"en-GB\",\"@id\":\"https:\/\/product-guide.org\/produkt\/purya-bio-high-protein-shake-bourbon-vanille-motatos-de\/#primaryimage\",\"url\":\"https:\/\/product-guide.org\/wp-content\/uploads\/2025\/03\/4005394200285_1-90fd926f-dbf0-4684-9460-56b6cad56853.jpg\",\"contentUrl\":\"https:\/\/product-guide.org\/wp-content\/uploads\/2025\/03\/4005394200285_1-90fd926f-dbf0-4684-9460-56b6cad56853.jpg\",\"width\":678,\"height\":678},{\"@type\":\"BreadcrumbList\",\"@id\":\"https:\/\/product-guide.org\/produkt\/purya-bio-high-protein-shake-bourbon-vanille-motatos-de\/#breadcrumb\",\"itemListElement\":[{\"@type\":\"ListItem\",\"position\":1,\"name\":\"Home\",\"item\":\"https:\/\/product-guide.org\/\"},{\"@type\":\"ListItem\",\"position\":2,\"name\":\"Ergebnisse\",\"item\":\"https:\/\/product-guide.org\/de\/ergebnisse\/\"},{\"@type\":\"ListItem\",\"position\":3,\"name\":\"PURYA BIO High Protein Shake, Bourbon Vanille | Motatos DE\"}]},{\"@type\":\"WebSite\",\"@id\":\"https:\/\/product-guide.org\/#website\",\"url\":\"https:\/\/product-guide.org\/\",\"name\":\"Product-Guide.org\",\"description\":\"What Product are you looking for?\",\"publisher\":{\"@id\":\"https:\/\/product-guide.org\/#organization\"},\"potentialAction\":[{\"@type\":\"SearchAction\",\"target\":{\"@type\":\"EntryPoint\",\"urlTemplate\":\"https:\/\/product-guide.org\/?s={search_term_string}\"},\"query-input\":{\"@type\":\"PropertyValueSpecification\",\"valueRequired\":true,\"valueName\":\"search_term_string\"}}],\"inLanguage\":\"en-GB\"},{\"@type\":\"Organization\",\"@id\":\"https:\/\/product-guide.org\/#organization\",\"name\":\"Product-Guide.org\",\"url\":\"https:\/\/product-guide.org\/\",\"logo\":{\"@type\":\"ImageObject\",\"inLanguage\":\"en-GB\",\"@id\":\"https:\/\/product-guide.org\/#\/schema\/logo\/image\/\",\"url\":\"https:\/\/product-guide.org\/wp-content\/uploads\/2022\/07\/logo_transparent_background.png\",\"contentUrl\":\"https:\/\/product-guide.org\/wp-content\/uploads\/2022\/07\/logo_transparent_background.png\",\"width\":3400,\"height\":1132,\"caption\":\"Product-Guide.org\"},\"image\":{\"@id\":\"https:\/\/product-guide.org\/#\/schema\/logo\/image\/\"}}]}<\/script>\n<!-- \/ Yoast SEO plugin. -->","yoast_head_json":{"title":"PURYA BIO High Protein Shake, Bourbon Vanille | Motatos DE | Product-Guide.org","description":"PURYA BIO High Protein Shake, Bourbon Vanille | Motatos DE gefunden von Product-Guide.org","robots":{"index":"index","follow":"follow","max-snippet":"max-snippet:-1","max-image-preview":"max-image-preview:large","max-video-preview":"max-video-preview:-1"},"canonical":"https:\/\/product-guide.org\/en\/produkt\/purya-bio-high-protein-shake-bourbon-vanille-motatos-de\/","og_locale":"en_GB","og_type":"article","og_title":"PURYA BIO High Protein Shake, Bourbon Vanille | Motatos DE | Product-Guide.org","og_description":"PURYA BIO High Protein Shake, Bourbon Vanille | Motatos DE gefunden von Product-Guide.org","og_url":"https:\/\/product-guide.org\/en\/produkt\/purya-bio-high-protein-shake-bourbon-vanille-motatos-de\/","og_site_name":"Product-Guide.org","twitter_card":"summary_large_image","schema":{"@context":"https:\/\/schema.org","@graph":[{"@type":"WebPage","@id":"https:\/\/product-guide.org\/produkt\/purya-bio-high-protein-shake-bourbon-vanille-motatos-de\/","url":"https:\/\/product-guide.org\/produkt\/purya-bio-high-protein-shake-bourbon-vanille-motatos-de\/","name":"PURYA BIO High Protein Shake, Bourbon Vanille | Motatos DE | Product-Guide.org","isPartOf":{"@id":"https:\/\/product-guide.org\/#website"},"primaryImageOfPage":{"@id":"https:\/\/product-guide.org\/produkt\/purya-bio-high-protein-shake-bourbon-vanille-motatos-de\/#primaryimage"},"image":{"@id":"https:\/\/product-guide.org\/produkt\/purya-bio-high-protein-shake-bourbon-vanille-motatos-de\/#primaryimage"},"thumbnailUrl":"https:\/\/product-guide.org\/wp-content\/uploads\/2025\/03\/4005394200285_1-90fd926f-dbf0-4684-9460-56b6cad56853.jpg","datePublished":"2025-03-17T09:53:54+00:00","description":"PURYA BIO High Protein Shake, Bourbon Vanille | Motatos DE gefunden von Product-Guide.org","breadcrumb":{"@id":"https:\/\/product-guide.org\/produkt\/purya-bio-high-protein-shake-bourbon-vanille-motatos-de\/#breadcrumb"},"inLanguage":"en-GB","potentialAction":[{"@type":"ReadAction","target":["https:\/\/product-guide.org\/produkt\/purya-bio-high-protein-shake-bourbon-vanille-motatos-de\/"]}]},{"@type":"ImageObject","inLanguage":"en-GB","@id":"https:\/\/product-guide.org\/produkt\/purya-bio-high-protein-shake-bourbon-vanille-motatos-de\/#primaryimage","url":"https:\/\/product-guide.org\/wp-content\/uploads\/2025\/03\/4005394200285_1-90fd926f-dbf0-4684-9460-56b6cad56853.jpg","contentUrl":"https:\/\/product-guide.org\/wp-content\/uploads\/2025\/03\/4005394200285_1-90fd926f-dbf0-4684-9460-56b6cad56853.jpg","width":678,"height":678},{"@type":"BreadcrumbList","@id":"https:\/\/product-guide.org\/produkt\/purya-bio-high-protein-shake-bourbon-vanille-motatos-de\/#breadcrumb","itemListElement":[{"@type":"ListItem","position":1,"name":"Home","item":"https:\/\/product-guide.org\/"},{"@type":"ListItem","position":2,"name":"Ergebnisse","item":"https:\/\/product-guide.org\/de\/ergebnisse\/"},{"@type":"ListItem","position":3,"name":"PURYA BIO High Protein Shake, Bourbon Vanille | Motatos DE"}]},{"@type":"WebSite","@id":"https:\/\/product-guide.org\/#website","url":"https:\/\/product-guide.org\/","name":"Product-Guide.org","description":"What Product are you looking for?","publisher":{"@id":"https:\/\/product-guide.org\/#organization"},"potentialAction":[{"@type":"SearchAction","target":{"@type":"EntryPoint","urlTemplate":"https:\/\/product-guide.org\/?s={search_term_string}"},"query-input":{"@type":"PropertyValueSpecification","valueRequired":true,"valueName":"search_term_string"}}],"inLanguage":"en-GB"},{"@type":"Organization","@id":"https:\/\/product-guide.org\/#organization","name":"Product-Guide.org","url":"https:\/\/product-guide.org\/","logo":{"@type":"ImageObject","inLanguage":"en-GB","@id":"https:\/\/product-guide.org\/#\/schema\/logo\/image\/","url":"https:\/\/product-guide.org\/wp-content\/uploads\/2022\/07\/logo_transparent_background.png","contentUrl":"https:\/\/product-guide.org\/wp-content\/uploads\/2022\/07\/logo_transparent_background.png","width":3400,"height":1132,"caption":"Product-Guide.org"},"image":{"@id":"https:\/\/product-guide.org\/#\/schema\/logo\/image\/"}}]}},"_links":{"self":[{"href":"https:\/\/product-guide.org\/en\/wp-json\/wp\/v2\/product\/50287","targetHints":{"allow":["GET"]}}],"collection":[{"href":"https:\/\/product-guide.org\/en\/wp-json\/wp\/v2\/product"}],"about":[{"href":"https:\/\/product-guide.org\/en\/wp-json\/wp\/v2\/types\/product"}],"wp:featuredmedia":[{"embeddable":true,"href":"https:\/\/product-guide.org\/en\/wp-json\/wp\/v2\/media\/50286"}],"wp:attachment":[{"href":"https:\/\/product-guide.org\/en\/wp-json\/wp\/v2\/media?parent=50287"}],"wp:term":[{"taxonomy":"store","embeddable":true,"href":"https:\/\/product-guide.org\/en\/wp-json\/wp\/v2\/store?post=50287"},{"taxonomy":"product_brand","embeddable":true,"href":"https:\/\/product-guide.org\/en\/wp-json\/wp\/v2\/product_brand?post=50287"},{"taxonomy":"product_cat","embeddable":true,"href":"https:\/\/product-guide.org\/en\/wp-json\/wp\/v2\/product_cat?post=50287"},{"taxonomy":"product_tag","embeddable":true,"href":"https:\/\/product-guide.org\/en\/wp-json\/wp\/v2\/product_tag?post=50287"}],"curies":[{"name":"wp","href":"https:\/\/api.w.org\/{rel}","templated":true}]}}