{"id":50291,"date":"2025-03-17T10:53:57","date_gmt":"2025-03-17T09:53:57","guid":{"rendered":"https:\/\/product-guide.org\/produkt\/seeberger-pinienkerne-aus-dem-mittelmeerraum-motatos-de\/"},"modified":"2025-03-17T10:53:57","modified_gmt":"2025-03-17T09:53:57","slug":"seeberger-pinienkerne-aus-dem-mittelmeerraum-motatos-de","status":"publish","type":"product","link":"https:\/\/product-guide.org\/en\/produkt\/seeberger-pinienkerne-aus-dem-mittelmeerraum-motatos-de\/","title":{"rendered":"Seeberger Pinienkerne aus dem Mittelmeerraum | Motatos DE"},"content":{"rendered":"<p>Zarte Pinienkerne aus dem Mittelmeerraum von Seeberger \u2013 perfekt f\u00fcr Salate, Pesto oder zum Snacken! \ufe0fDu willst wissen, warum das Produkt bei uns im Shop gelandet ist? Es stammt aus einer \u00dcberproduktion und konnte in der Menge nicht vollst\u00e4ndig \u00fcber den regul\u00e4ren Weg verkauft werden. Kaufen Sie Seeberger Pinienkerne aus dem Mittelmeerraum bei Motatos.<\/p>\n","protected":false},"excerpt":{"rendered":"<p>Zarte Pinienkerne aus dem Mittelmeerraum von Seeberger \u2013 perfekt f\u00fcr Salate, Pesto oder zum Snacken! \ufe0fDu willst wissen, warum das Produkt bei uns im Shop gelandet ist? Es stammt aus einer \u00dcberproduktion und konnte in der Menge nicht vollst\u00e4ndig \u00fcber den regul\u00e4ren Weg verkauft werden. Kaufen Sie Seeberger Pinienkerne aus dem Mittelmeerraum bei Motatos.<\/p>\n","protected":false},"featured_media":50290,"template":"","meta":{"_gspb_post_css":""},"store":[],"product_brand":[1376],"product_cat":[1290],"product_tag":[],"class_list":{"0":"post-50291","1":"product","2":"type-product","3":"status-publish","4":"has-post-thumbnail","6":"product_brand-motatos-de","7":"product_cat-uncategorized","9":"first","10":"instock","11":"shipping-taxable","12":"purchasable","13":"product-type-simple"},"yoast_head":"<!-- This site is optimized with the Yoast SEO plugin v24.6 - https:\/\/yoast.com\/wordpress\/plugins\/seo\/ -->\n<title>Seeberger Pinienkerne aus dem Mittelmeerraum | Motatos DE | Product-Guide.org<\/title>\n<meta name=\"description\" content=\"Seeberger Pinienkerne aus dem Mittelmeerraum | Motatos DE gefunden von Product-Guide.org\" \/>\n<meta name=\"robots\" content=\"index, follow, max-snippet:-1, max-image-preview:large, max-video-preview:-1\" \/>\n<link rel=\"canonical\" href=\"https:\/\/product-guide.org\/en\/produkt\/seeberger-pinienkerne-aus-dem-mittelmeerraum-motatos-de\/\" \/>\n<meta property=\"og:locale\" content=\"en_GB\" \/>\n<meta property=\"og:type\" content=\"article\" \/>\n<meta property=\"og:title\" content=\"Seeberger Pinienkerne aus dem Mittelmeerraum | Motatos DE | Product-Guide.org\" \/>\n<meta property=\"og:description\" content=\"Seeberger Pinienkerne aus dem Mittelmeerraum | Motatos DE gefunden von Product-Guide.org\" \/>\n<meta property=\"og:url\" content=\"https:\/\/product-guide.org\/en\/produkt\/seeberger-pinienkerne-aus-dem-mittelmeerraum-motatos-de\/\" \/>\n<meta property=\"og:site_name\" content=\"Product-Guide.org\" \/>\n<meta name=\"twitter:card\" content=\"summary_large_image\" \/>\n<script type=\"application\/ld+json\" class=\"yoast-schema-graph\">{\"@context\":\"https:\/\/schema.org\",\"@graph\":[{\"@type\":\"WebPage\",\"@id\":\"https:\/\/product-guide.org\/produkt\/seeberger-pinienkerne-aus-dem-mittelmeerraum-motatos-de\/\",\"url\":\"https:\/\/product-guide.org\/produkt\/seeberger-pinienkerne-aus-dem-mittelmeerraum-motatos-de\/\",\"name\":\"Seeberger Pinienkerne aus dem Mittelmeerraum | Motatos DE | Product-Guide.org\",\"isPartOf\":{\"@id\":\"https:\/\/product-guide.org\/#website\"},\"primaryImageOfPage\":{\"@id\":\"https:\/\/product-guide.org\/produkt\/seeberger-pinienkerne-aus-dem-mittelmeerraum-motatos-de\/#primaryimage\"},\"image\":{\"@id\":\"https:\/\/product-guide.org\/produkt\/seeberger-pinienkerne-aus-dem-mittelmeerraum-motatos-de\/#primaryimage\"},\"thumbnailUrl\":\"https:\/\/product-guide.org\/wp-content\/uploads\/2025\/03\/4008258142004_1-2d6c6611-e4a6-4be5-a7ef-9032026db2c6.jpg\",\"datePublished\":\"2025-03-17T09:53:57+00:00\",\"description\":\"Seeberger Pinienkerne aus dem Mittelmeerraum | Motatos DE gefunden von Product-Guide.org\",\"breadcrumb\":{\"@id\":\"https:\/\/product-guide.org\/produkt\/seeberger-pinienkerne-aus-dem-mittelmeerraum-motatos-de\/#breadcrumb\"},\"inLanguage\":\"en-GB\",\"potentialAction\":[{\"@type\":\"ReadAction\",\"target\":[\"https:\/\/product-guide.org\/produkt\/seeberger-pinienkerne-aus-dem-mittelmeerraum-motatos-de\/\"]}]},{\"@type\":\"ImageObject\",\"inLanguage\":\"en-GB\",\"@id\":\"https:\/\/product-guide.org\/produkt\/seeberger-pinienkerne-aus-dem-mittelmeerraum-motatos-de\/#primaryimage\",\"url\":\"https:\/\/product-guide.org\/wp-content\/uploads\/2025\/03\/4008258142004_1-2d6c6611-e4a6-4be5-a7ef-9032026db2c6.jpg\",\"contentUrl\":\"https:\/\/product-guide.org\/wp-content\/uploads\/2025\/03\/4008258142004_1-2d6c6611-e4a6-4be5-a7ef-9032026db2c6.jpg\",\"width\":678,\"height\":678},{\"@type\":\"BreadcrumbList\",\"@id\":\"https:\/\/product-guide.org\/produkt\/seeberger-pinienkerne-aus-dem-mittelmeerraum-motatos-de\/#breadcrumb\",\"itemListElement\":[{\"@type\":\"ListItem\",\"position\":1,\"name\":\"Home\",\"item\":\"https:\/\/product-guide.org\/\"},{\"@type\":\"ListItem\",\"position\":2,\"name\":\"Ergebnisse\",\"item\":\"https:\/\/product-guide.org\/de\/ergebnisse\/\"},{\"@type\":\"ListItem\",\"position\":3,\"name\":\"Seeberger Pinienkerne aus dem Mittelmeerraum | Motatos DE\"}]},{\"@type\":\"WebSite\",\"@id\":\"https:\/\/product-guide.org\/#website\",\"url\":\"https:\/\/product-guide.org\/\",\"name\":\"Product-Guide.org\",\"description\":\"What Product are you looking for?\",\"publisher\":{\"@id\":\"https:\/\/product-guide.org\/#organization\"},\"potentialAction\":[{\"@type\":\"SearchAction\",\"target\":{\"@type\":\"EntryPoint\",\"urlTemplate\":\"https:\/\/product-guide.org\/?s={search_term_string}\"},\"query-input\":{\"@type\":\"PropertyValueSpecification\",\"valueRequired\":true,\"valueName\":\"search_term_string\"}}],\"inLanguage\":\"en-GB\"},{\"@type\":\"Organization\",\"@id\":\"https:\/\/product-guide.org\/#organization\",\"name\":\"Product-Guide.org\",\"url\":\"https:\/\/product-guide.org\/\",\"logo\":{\"@type\":\"ImageObject\",\"inLanguage\":\"en-GB\",\"@id\":\"https:\/\/product-guide.org\/#\/schema\/logo\/image\/\",\"url\":\"https:\/\/product-guide.org\/wp-content\/uploads\/2022\/07\/logo_transparent_background.png\",\"contentUrl\":\"https:\/\/product-guide.org\/wp-content\/uploads\/2022\/07\/logo_transparent_background.png\",\"width\":3400,\"height\":1132,\"caption\":\"Product-Guide.org\"},\"image\":{\"@id\":\"https:\/\/product-guide.org\/#\/schema\/logo\/image\/\"}}]}<\/script>\n<!-- \/ Yoast SEO plugin. -->","yoast_head_json":{"title":"Seeberger Pinienkerne aus dem Mittelmeerraum | Motatos DE | Product-Guide.org","description":"Seeberger Pinienkerne aus dem Mittelmeerraum | Motatos DE gefunden von Product-Guide.org","robots":{"index":"index","follow":"follow","max-snippet":"max-snippet:-1","max-image-preview":"max-image-preview:large","max-video-preview":"max-video-preview:-1"},"canonical":"https:\/\/product-guide.org\/en\/produkt\/seeberger-pinienkerne-aus-dem-mittelmeerraum-motatos-de\/","og_locale":"en_GB","og_type":"article","og_title":"Seeberger Pinienkerne aus dem Mittelmeerraum | Motatos DE | Product-Guide.org","og_description":"Seeberger Pinienkerne aus dem Mittelmeerraum | Motatos DE gefunden von Product-Guide.org","og_url":"https:\/\/product-guide.org\/en\/produkt\/seeberger-pinienkerne-aus-dem-mittelmeerraum-motatos-de\/","og_site_name":"Product-Guide.org","twitter_card":"summary_large_image","schema":{"@context":"https:\/\/schema.org","@graph":[{"@type":"WebPage","@id":"https:\/\/product-guide.org\/produkt\/seeberger-pinienkerne-aus-dem-mittelmeerraum-motatos-de\/","url":"https:\/\/product-guide.org\/produkt\/seeberger-pinienkerne-aus-dem-mittelmeerraum-motatos-de\/","name":"Seeberger Pinienkerne aus dem Mittelmeerraum | Motatos DE | Product-Guide.org","isPartOf":{"@id":"https:\/\/product-guide.org\/#website"},"primaryImageOfPage":{"@id":"https:\/\/product-guide.org\/produkt\/seeberger-pinienkerne-aus-dem-mittelmeerraum-motatos-de\/#primaryimage"},"image":{"@id":"https:\/\/product-guide.org\/produkt\/seeberger-pinienkerne-aus-dem-mittelmeerraum-motatos-de\/#primaryimage"},"thumbnailUrl":"https:\/\/product-guide.org\/wp-content\/uploads\/2025\/03\/4008258142004_1-2d6c6611-e4a6-4be5-a7ef-9032026db2c6.jpg","datePublished":"2025-03-17T09:53:57+00:00","description":"Seeberger Pinienkerne aus dem Mittelmeerraum | Motatos DE gefunden von Product-Guide.org","breadcrumb":{"@id":"https:\/\/product-guide.org\/produkt\/seeberger-pinienkerne-aus-dem-mittelmeerraum-motatos-de\/#breadcrumb"},"inLanguage":"en-GB","potentialAction":[{"@type":"ReadAction","target":["https:\/\/product-guide.org\/produkt\/seeberger-pinienkerne-aus-dem-mittelmeerraum-motatos-de\/"]}]},{"@type":"ImageObject","inLanguage":"en-GB","@id":"https:\/\/product-guide.org\/produkt\/seeberger-pinienkerne-aus-dem-mittelmeerraum-motatos-de\/#primaryimage","url":"https:\/\/product-guide.org\/wp-content\/uploads\/2025\/03\/4008258142004_1-2d6c6611-e4a6-4be5-a7ef-9032026db2c6.jpg","contentUrl":"https:\/\/product-guide.org\/wp-content\/uploads\/2025\/03\/4008258142004_1-2d6c6611-e4a6-4be5-a7ef-9032026db2c6.jpg","width":678,"height":678},{"@type":"BreadcrumbList","@id":"https:\/\/product-guide.org\/produkt\/seeberger-pinienkerne-aus-dem-mittelmeerraum-motatos-de\/#breadcrumb","itemListElement":[{"@type":"ListItem","position":1,"name":"Home","item":"https:\/\/product-guide.org\/"},{"@type":"ListItem","position":2,"name":"Ergebnisse","item":"https:\/\/product-guide.org\/de\/ergebnisse\/"},{"@type":"ListItem","position":3,"name":"Seeberger Pinienkerne aus dem Mittelmeerraum | Motatos DE"}]},{"@type":"WebSite","@id":"https:\/\/product-guide.org\/#website","url":"https:\/\/product-guide.org\/","name":"Product-Guide.org","description":"What Product are you looking for?","publisher":{"@id":"https:\/\/product-guide.org\/#organization"},"potentialAction":[{"@type":"SearchAction","target":{"@type":"EntryPoint","urlTemplate":"https:\/\/product-guide.org\/?s={search_term_string}"},"query-input":{"@type":"PropertyValueSpecification","valueRequired":true,"valueName":"search_term_string"}}],"inLanguage":"en-GB"},{"@type":"Organization","@id":"https:\/\/product-guide.org\/#organization","name":"Product-Guide.org","url":"https:\/\/product-guide.org\/","logo":{"@type":"ImageObject","inLanguage":"en-GB","@id":"https:\/\/product-guide.org\/#\/schema\/logo\/image\/","url":"https:\/\/product-guide.org\/wp-content\/uploads\/2022\/07\/logo_transparent_background.png","contentUrl":"https:\/\/product-guide.org\/wp-content\/uploads\/2022\/07\/logo_transparent_background.png","width":3400,"height":1132,"caption":"Product-Guide.org"},"image":{"@id":"https:\/\/product-guide.org\/#\/schema\/logo\/image\/"}}]}},"_links":{"self":[{"href":"https:\/\/product-guide.org\/en\/wp-json\/wp\/v2\/product\/50291","targetHints":{"allow":["GET"]}}],"collection":[{"href":"https:\/\/product-guide.org\/en\/wp-json\/wp\/v2\/product"}],"about":[{"href":"https:\/\/product-guide.org\/en\/wp-json\/wp\/v2\/types\/product"}],"wp:featuredmedia":[{"embeddable":true,"href":"https:\/\/product-guide.org\/en\/wp-json\/wp\/v2\/media\/50290"}],"wp:attachment":[{"href":"https:\/\/product-guide.org\/en\/wp-json\/wp\/v2\/media?parent=50291"}],"wp:term":[{"taxonomy":"store","embeddable":true,"href":"https:\/\/product-guide.org\/en\/wp-json\/wp\/v2\/store?post=50291"},{"taxonomy":"product_brand","embeddable":true,"href":"https:\/\/product-guide.org\/en\/wp-json\/wp\/v2\/product_brand?post=50291"},{"taxonomy":"product_cat","embeddable":true,"href":"https:\/\/product-guide.org\/en\/wp-json\/wp\/v2\/product_cat?post=50291"},{"taxonomy":"product_tag","embeddable":true,"href":"https:\/\/product-guide.org\/en\/wp-json\/wp\/v2\/product_tag?post=50291"}],"curies":[{"name":"wp","href":"https:\/\/api.w.org\/{rel}","templated":true}]}}