{"id":50311,"date":"2025-03-17T10:54:12","date_gmt":"2025-03-17T09:54:12","guid":{"rendered":"https:\/\/product-guide.org\/produkt\/2-x-tokimeki-panda-cookie-milk-tea-flavour-motatos-de\/"},"modified":"2025-03-17T10:54:12","modified_gmt":"2025-03-17T09:54:12","slug":"2-x-tokimeki-panda-cookie-milk-tea-flavour-motatos-de","status":"publish","type":"product","link":"https:\/\/product-guide.org\/en\/produkt\/2-x-tokimeki-panda-cookie-milk-tea-flavour-motatos-de\/","title":{"rendered":"2 x Tokimeki Panda Cookie Milk Tea Flavour | Motatos DE"},"content":{"rendered":"<p>Genie\u00dfe die s\u00fc\u00dfen Tokimeki Panda Cookies im Milk Tea Flavour \u2013 ein einzigartiger Genuss mit cremigem Milchtee-Geschmack. Warum gibt es das Produkt bei uns im Shop zu kaufen?Der Handel fordert bei Lebensmitteln zum Teil lange Restlaufzeiten des MHDs. Oft m\u00fcssen Produkte mehrere Monate haltbar sein, um es in den Handel zu schaffen. Da dies nicht der Fall ist, gibt es das Produkt daf\u00fcr bei uns im Shop! Kaufen Sie 2 x Tokimeki Panda Cookie Milk Tea Flavour bei Motatos.<\/p>\n","protected":false},"excerpt":{"rendered":"<p>Genie\u00dfe die s\u00fc\u00dfen Tokimeki Panda Cookies im Milk Tea Flavour \u2013 ein einzigartiger Genuss mit cremigem Milchtee-Geschmack. Warum gibt es das Produkt bei uns im Shop zu kaufen?Der Handel fordert bei Lebensmitteln zum Teil lange Restlaufzeiten des MHDs. Oft m\u00fcssen Produkte mehrere Monate haltbar sein, um es in den Handel zu schaffen. Da dies nicht [&hellip;]<\/p>\n","protected":false},"featured_media":50310,"template":"","meta":{"_gspb_post_css":""},"store":[],"product_brand":[1376],"product_cat":[1290],"product_tag":[],"class_list":{"0":"post-50311","1":"product","2":"type-product","3":"status-publish","4":"has-post-thumbnail","6":"product_brand-motatos-de","7":"product_cat-uncategorized","9":"first","10":"instock","11":"shipping-taxable","12":"purchasable","13":"product-type-simple"},"yoast_head":"<!-- This site is optimized with the Yoast SEO plugin v24.6 - https:\/\/yoast.com\/wordpress\/plugins\/seo\/ -->\n<title>2 x Tokimeki Panda Cookie Milk Tea Flavour | Motatos DE | Product-Guide.org<\/title>\n<meta name=\"description\" content=\"2 x Tokimeki Panda Cookie Milk Tea Flavour | Motatos DE gefunden von Product-Guide.org\" \/>\n<meta name=\"robots\" content=\"index, follow, max-snippet:-1, max-image-preview:large, max-video-preview:-1\" \/>\n<link rel=\"canonical\" href=\"https:\/\/product-guide.org\/en\/produkt\/2-x-tokimeki-panda-cookie-milk-tea-flavour-motatos-de\/\" \/>\n<meta property=\"og:locale\" content=\"en_GB\" \/>\n<meta property=\"og:type\" content=\"article\" \/>\n<meta property=\"og:title\" content=\"2 x Tokimeki Panda Cookie Milk Tea Flavour | Motatos DE | Product-Guide.org\" \/>\n<meta property=\"og:description\" content=\"2 x Tokimeki Panda Cookie Milk Tea Flavour | Motatos DE gefunden von Product-Guide.org\" \/>\n<meta property=\"og:url\" content=\"https:\/\/product-guide.org\/en\/produkt\/2-x-tokimeki-panda-cookie-milk-tea-flavour-motatos-de\/\" \/>\n<meta property=\"og:site_name\" content=\"Product-Guide.org\" \/>\n<meta name=\"twitter:card\" content=\"summary_large_image\" \/>\n<script type=\"application\/ld+json\" class=\"yoast-schema-graph\">{\"@context\":\"https:\/\/schema.org\",\"@graph\":[{\"@type\":\"WebPage\",\"@id\":\"https:\/\/product-guide.org\/produkt\/2-x-tokimeki-panda-cookie-milk-tea-flavour-motatos-de\/\",\"url\":\"https:\/\/product-guide.org\/produkt\/2-x-tokimeki-panda-cookie-milk-tea-flavour-motatos-de\/\",\"name\":\"2 x Tokimeki Panda Cookie Milk Tea Flavour | Motatos DE | Product-Guide.org\",\"isPartOf\":{\"@id\":\"https:\/\/product-guide.org\/#website\"},\"primaryImageOfPage\":{\"@id\":\"https:\/\/product-guide.org\/produkt\/2-x-tokimeki-panda-cookie-milk-tea-flavour-motatos-de\/#primaryimage\"},\"image\":{\"@id\":\"https:\/\/product-guide.org\/produkt\/2-x-tokimeki-panda-cookie-milk-tea-flavour-motatos-de\/#primaryimage\"},\"thumbnailUrl\":\"https:\/\/product-guide.org\/wp-content\/uploads\/2025\/03\/8720812771975_1-aa39e48c-b017-421c-abfb-a271e857e99d.jpg\",\"datePublished\":\"2025-03-17T09:54:12+00:00\",\"description\":\"2 x Tokimeki Panda Cookie Milk Tea Flavour | Motatos DE gefunden von Product-Guide.org\",\"breadcrumb\":{\"@id\":\"https:\/\/product-guide.org\/produkt\/2-x-tokimeki-panda-cookie-milk-tea-flavour-motatos-de\/#breadcrumb\"},\"inLanguage\":\"en-GB\",\"potentialAction\":[{\"@type\":\"ReadAction\",\"target\":[\"https:\/\/product-guide.org\/produkt\/2-x-tokimeki-panda-cookie-milk-tea-flavour-motatos-de\/\"]}]},{\"@type\":\"ImageObject\",\"inLanguage\":\"en-GB\",\"@id\":\"https:\/\/product-guide.org\/produkt\/2-x-tokimeki-panda-cookie-milk-tea-flavour-motatos-de\/#primaryimage\",\"url\":\"https:\/\/product-guide.org\/wp-content\/uploads\/2025\/03\/8720812771975_1-aa39e48c-b017-421c-abfb-a271e857e99d.jpg\",\"contentUrl\":\"https:\/\/product-guide.org\/wp-content\/uploads\/2025\/03\/8720812771975_1-aa39e48c-b017-421c-abfb-a271e857e99d.jpg\",\"width\":678,\"height\":678},{\"@type\":\"BreadcrumbList\",\"@id\":\"https:\/\/product-guide.org\/produkt\/2-x-tokimeki-panda-cookie-milk-tea-flavour-motatos-de\/#breadcrumb\",\"itemListElement\":[{\"@type\":\"ListItem\",\"position\":1,\"name\":\"Home\",\"item\":\"https:\/\/product-guide.org\/\"},{\"@type\":\"ListItem\",\"position\":2,\"name\":\"Ergebnisse\",\"item\":\"https:\/\/product-guide.org\/de\/ergebnisse\/\"},{\"@type\":\"ListItem\",\"position\":3,\"name\":\"2 x Tokimeki Panda Cookie Milk Tea Flavour | Motatos DE\"}]},{\"@type\":\"WebSite\",\"@id\":\"https:\/\/product-guide.org\/#website\",\"url\":\"https:\/\/product-guide.org\/\",\"name\":\"Product-Guide.org\",\"description\":\"What Product are you looking for?\",\"publisher\":{\"@id\":\"https:\/\/product-guide.org\/#organization\"},\"potentialAction\":[{\"@type\":\"SearchAction\",\"target\":{\"@type\":\"EntryPoint\",\"urlTemplate\":\"https:\/\/product-guide.org\/?s={search_term_string}\"},\"query-input\":{\"@type\":\"PropertyValueSpecification\",\"valueRequired\":true,\"valueName\":\"search_term_string\"}}],\"inLanguage\":\"en-GB\"},{\"@type\":\"Organization\",\"@id\":\"https:\/\/product-guide.org\/#organization\",\"name\":\"Product-Guide.org\",\"url\":\"https:\/\/product-guide.org\/\",\"logo\":{\"@type\":\"ImageObject\",\"inLanguage\":\"en-GB\",\"@id\":\"https:\/\/product-guide.org\/#\/schema\/logo\/image\/\",\"url\":\"https:\/\/product-guide.org\/wp-content\/uploads\/2022\/07\/logo_transparent_background.png\",\"contentUrl\":\"https:\/\/product-guide.org\/wp-content\/uploads\/2022\/07\/logo_transparent_background.png\",\"width\":3400,\"height\":1132,\"caption\":\"Product-Guide.org\"},\"image\":{\"@id\":\"https:\/\/product-guide.org\/#\/schema\/logo\/image\/\"}}]}<\/script>\n<!-- \/ Yoast SEO plugin. -->","yoast_head_json":{"title":"2 x Tokimeki Panda Cookie Milk Tea Flavour | Motatos DE | Product-Guide.org","description":"2 x Tokimeki Panda Cookie Milk Tea Flavour | Motatos DE gefunden von Product-Guide.org","robots":{"index":"index","follow":"follow","max-snippet":"max-snippet:-1","max-image-preview":"max-image-preview:large","max-video-preview":"max-video-preview:-1"},"canonical":"https:\/\/product-guide.org\/en\/produkt\/2-x-tokimeki-panda-cookie-milk-tea-flavour-motatos-de\/","og_locale":"en_GB","og_type":"article","og_title":"2 x Tokimeki Panda Cookie Milk Tea Flavour | Motatos DE | Product-Guide.org","og_description":"2 x Tokimeki Panda Cookie Milk Tea Flavour | Motatos DE gefunden von Product-Guide.org","og_url":"https:\/\/product-guide.org\/en\/produkt\/2-x-tokimeki-panda-cookie-milk-tea-flavour-motatos-de\/","og_site_name":"Product-Guide.org","twitter_card":"summary_large_image","schema":{"@context":"https:\/\/schema.org","@graph":[{"@type":"WebPage","@id":"https:\/\/product-guide.org\/produkt\/2-x-tokimeki-panda-cookie-milk-tea-flavour-motatos-de\/","url":"https:\/\/product-guide.org\/produkt\/2-x-tokimeki-panda-cookie-milk-tea-flavour-motatos-de\/","name":"2 x Tokimeki Panda Cookie Milk Tea Flavour | Motatos DE | Product-Guide.org","isPartOf":{"@id":"https:\/\/product-guide.org\/#website"},"primaryImageOfPage":{"@id":"https:\/\/product-guide.org\/produkt\/2-x-tokimeki-panda-cookie-milk-tea-flavour-motatos-de\/#primaryimage"},"image":{"@id":"https:\/\/product-guide.org\/produkt\/2-x-tokimeki-panda-cookie-milk-tea-flavour-motatos-de\/#primaryimage"},"thumbnailUrl":"https:\/\/product-guide.org\/wp-content\/uploads\/2025\/03\/8720812771975_1-aa39e48c-b017-421c-abfb-a271e857e99d.jpg","datePublished":"2025-03-17T09:54:12+00:00","description":"2 x Tokimeki Panda Cookie Milk Tea Flavour | Motatos DE gefunden von Product-Guide.org","breadcrumb":{"@id":"https:\/\/product-guide.org\/produkt\/2-x-tokimeki-panda-cookie-milk-tea-flavour-motatos-de\/#breadcrumb"},"inLanguage":"en-GB","potentialAction":[{"@type":"ReadAction","target":["https:\/\/product-guide.org\/produkt\/2-x-tokimeki-panda-cookie-milk-tea-flavour-motatos-de\/"]}]},{"@type":"ImageObject","inLanguage":"en-GB","@id":"https:\/\/product-guide.org\/produkt\/2-x-tokimeki-panda-cookie-milk-tea-flavour-motatos-de\/#primaryimage","url":"https:\/\/product-guide.org\/wp-content\/uploads\/2025\/03\/8720812771975_1-aa39e48c-b017-421c-abfb-a271e857e99d.jpg","contentUrl":"https:\/\/product-guide.org\/wp-content\/uploads\/2025\/03\/8720812771975_1-aa39e48c-b017-421c-abfb-a271e857e99d.jpg","width":678,"height":678},{"@type":"BreadcrumbList","@id":"https:\/\/product-guide.org\/produkt\/2-x-tokimeki-panda-cookie-milk-tea-flavour-motatos-de\/#breadcrumb","itemListElement":[{"@type":"ListItem","position":1,"name":"Home","item":"https:\/\/product-guide.org\/"},{"@type":"ListItem","position":2,"name":"Ergebnisse","item":"https:\/\/product-guide.org\/de\/ergebnisse\/"},{"@type":"ListItem","position":3,"name":"2 x Tokimeki Panda Cookie Milk Tea Flavour | Motatos DE"}]},{"@type":"WebSite","@id":"https:\/\/product-guide.org\/#website","url":"https:\/\/product-guide.org\/","name":"Product-Guide.org","description":"What Product are you looking for?","publisher":{"@id":"https:\/\/product-guide.org\/#organization"},"potentialAction":[{"@type":"SearchAction","target":{"@type":"EntryPoint","urlTemplate":"https:\/\/product-guide.org\/?s={search_term_string}"},"query-input":{"@type":"PropertyValueSpecification","valueRequired":true,"valueName":"search_term_string"}}],"inLanguage":"en-GB"},{"@type":"Organization","@id":"https:\/\/product-guide.org\/#organization","name":"Product-Guide.org","url":"https:\/\/product-guide.org\/","logo":{"@type":"ImageObject","inLanguage":"en-GB","@id":"https:\/\/product-guide.org\/#\/schema\/logo\/image\/","url":"https:\/\/product-guide.org\/wp-content\/uploads\/2022\/07\/logo_transparent_background.png","contentUrl":"https:\/\/product-guide.org\/wp-content\/uploads\/2022\/07\/logo_transparent_background.png","width":3400,"height":1132,"caption":"Product-Guide.org"},"image":{"@id":"https:\/\/product-guide.org\/#\/schema\/logo\/image\/"}}]}},"_links":{"self":[{"href":"https:\/\/product-guide.org\/en\/wp-json\/wp\/v2\/product\/50311","targetHints":{"allow":["GET"]}}],"collection":[{"href":"https:\/\/product-guide.org\/en\/wp-json\/wp\/v2\/product"}],"about":[{"href":"https:\/\/product-guide.org\/en\/wp-json\/wp\/v2\/types\/product"}],"wp:featuredmedia":[{"embeddable":true,"href":"https:\/\/product-guide.org\/en\/wp-json\/wp\/v2\/media\/50310"}],"wp:attachment":[{"href":"https:\/\/product-guide.org\/en\/wp-json\/wp\/v2\/media?parent=50311"}],"wp:term":[{"taxonomy":"store","embeddable":true,"href":"https:\/\/product-guide.org\/en\/wp-json\/wp\/v2\/store?post=50311"},{"taxonomy":"product_brand","embeddable":true,"href":"https:\/\/product-guide.org\/en\/wp-json\/wp\/v2\/product_brand?post=50311"},{"taxonomy":"product_cat","embeddable":true,"href":"https:\/\/product-guide.org\/en\/wp-json\/wp\/v2\/product_cat?post=50311"},{"taxonomy":"product_tag","embeddable":true,"href":"https:\/\/product-guide.org\/en\/wp-json\/wp\/v2\/product_tag?post=50311"}],"curies":[{"name":"wp","href":"https:\/\/api.w.org\/{rel}","templated":true}]}}