{"id":50325,"date":"2025-03-17T10:54:25","date_gmt":"2025-03-17T09:54:25","guid":{"rendered":"https:\/\/product-guide.org\/produkt\/fit-und-gesund-durch-naturliches-laufen-leguano-de\/"},"modified":"2025-03-17T10:54:26","modified_gmt":"2025-03-17T09:54:26","slug":"fit-und-gesund-durch-naturliches-laufen-leguano-de","status":"publish","type":"product","link":"https:\/\/product-guide.org\/en\/produkt\/fit-und-gesund-durch-naturliches-laufen-leguano-de\/","title":{"rendered":"Fit und Gesund durch nat\u00fcrliches Laufen | Leguano DE"},"content":{"rendered":"<p>Autor: Helmuth Ohlhoff Nichts ist nat\u00fcrlicher als Laufen. Es ist die einfachste und zweckdienlichste Sache der Welt, h\u00e4lt fit, jung und gesund. Doch bedingt durch unsere kulturellen Gewohnheiten haben wir das \u00bbrichtige Laufen\u00ab verlernt. Den Weg zur\u00fcck m\u00fcssen wir erst wieder finden. Hin zum Laufen in seiner urspr\u00fcnglichen und angeborenen Form. Denn Bewegung bedeutet Leben, und Leben ist Bewegung. Format: 13,5 x 21,5 cmSeitenzahl: 184Erscheinungsdatum 14.07.2022<\/p>\n","protected":false},"excerpt":{"rendered":"<p>Autor: Helmuth Ohlhoff Nichts ist nat\u00fcrlicher als Laufen. Es ist die einfachste und zweckdienlichste Sache der Welt, h\u00e4lt fit, jung und gesund. Doch bedingt durch unsere kulturellen Gewohnheiten haben wir das \u00bbrichtige Laufen\u00ab verlernt. Den Weg zur\u00fcck m\u00fcssen wir erst wieder finden. Hin zum Laufen in seiner urspr\u00fcnglichen und angeborenen Form. Denn Bewegung bedeutet Leben, [&hellip;]<\/p>\n","protected":false},"featured_media":50324,"template":"","meta":{"_gspb_post_css":""},"store":[],"product_brand":[1377],"product_cat":[1290],"product_tag":[],"class_list":{"0":"post-50325","1":"product","2":"type-product","3":"status-publish","4":"has-post-thumbnail","6":"product_brand-leguano-de","7":"product_cat-uncategorized","9":"first","10":"instock","11":"shipping-taxable","12":"purchasable","13":"product-type-simple"},"yoast_head":"<!-- This site is optimized with the Yoast SEO plugin v24.6 - https:\/\/yoast.com\/wordpress\/plugins\/seo\/ -->\n<title>Fit und Gesund durch nat\u00fcrliches Laufen | Leguano DE | Product-Guide.org<\/title>\n<meta name=\"description\" content=\"Fit und Gesund durch nat\u00fcrliches Laufen | Leguano DE gefunden von Product-Guide.org\" \/>\n<meta name=\"robots\" content=\"index, follow, max-snippet:-1, max-image-preview:large, max-video-preview:-1\" \/>\n<link rel=\"canonical\" href=\"https:\/\/product-guide.org\/en\/produkt\/fit-und-gesund-durch-naturliches-laufen-leguano-de\/\" \/>\n<meta property=\"og:locale\" content=\"en_GB\" \/>\n<meta property=\"og:type\" content=\"article\" \/>\n<meta property=\"og:title\" content=\"Fit und Gesund durch nat\u00fcrliches Laufen | Leguano DE | Product-Guide.org\" \/>\n<meta property=\"og:description\" content=\"Fit und Gesund durch nat\u00fcrliches Laufen | Leguano DE gefunden von Product-Guide.org\" \/>\n<meta property=\"og:url\" content=\"https:\/\/product-guide.org\/en\/produkt\/fit-und-gesund-durch-naturliches-laufen-leguano-de\/\" \/>\n<meta property=\"og:site_name\" content=\"Product-Guide.org\" \/>\n<meta property=\"article:modified_time\" content=\"2025-03-17T09:54:26+00:00\" \/>\n<meta name=\"twitter:card\" content=\"summary_large_image\" \/>\n<script type=\"application\/ld+json\" class=\"yoast-schema-graph\">{\"@context\":\"https:\/\/schema.org\",\"@graph\":[{\"@type\":\"WebPage\",\"@id\":\"https:\/\/product-guide.org\/produkt\/fit-und-gesund-durch-naturliches-laufen-leguano-de\/\",\"url\":\"https:\/\/product-guide.org\/produkt\/fit-und-gesund-durch-naturliches-laufen-leguano-de\/\",\"name\":\"Fit und Gesund durch nat\u00fcrliches Laufen | Leguano DE | Product-Guide.org\",\"isPartOf\":{\"@id\":\"https:\/\/product-guide.org\/#website\"},\"primaryImageOfPage\":{\"@id\":\"https:\/\/product-guide.org\/produkt\/fit-und-gesund-durch-naturliches-laufen-leguano-de\/#primaryimage\"},\"image\":{\"@id\":\"https:\/\/product-guide.org\/produkt\/fit-und-gesund-durch-naturliches-laufen-leguano-de\/#primaryimage\"},\"thumbnailUrl\":\"https:\/\/product-guide.org\/wp-content\/uploads\/2025\/03\/Buecher_Ohlhoff_weiss2.png\",\"datePublished\":\"2025-03-17T09:54:25+00:00\",\"dateModified\":\"2025-03-17T09:54:26+00:00\",\"description\":\"Fit und Gesund durch nat\u00fcrliches Laufen | Leguano DE gefunden von Product-Guide.org\",\"breadcrumb\":{\"@id\":\"https:\/\/product-guide.org\/produkt\/fit-und-gesund-durch-naturliches-laufen-leguano-de\/#breadcrumb\"},\"inLanguage\":\"en-GB\",\"potentialAction\":[{\"@type\":\"ReadAction\",\"target\":[\"https:\/\/product-guide.org\/produkt\/fit-und-gesund-durch-naturliches-laufen-leguano-de\/\"]}]},{\"@type\":\"ImageObject\",\"inLanguage\":\"en-GB\",\"@id\":\"https:\/\/product-guide.org\/produkt\/fit-und-gesund-durch-naturliches-laufen-leguano-de\/#primaryimage\",\"url\":\"https:\/\/product-guide.org\/wp-content\/uploads\/2025\/03\/Buecher_Ohlhoff_weiss2.png\",\"contentUrl\":\"https:\/\/product-guide.org\/wp-content\/uploads\/2025\/03\/Buecher_Ohlhoff_weiss2.png\",\"width\":1080,\"height\":1080},{\"@type\":\"BreadcrumbList\",\"@id\":\"https:\/\/product-guide.org\/produkt\/fit-und-gesund-durch-naturliches-laufen-leguano-de\/#breadcrumb\",\"itemListElement\":[{\"@type\":\"ListItem\",\"position\":1,\"name\":\"Home\",\"item\":\"https:\/\/product-guide.org\/\"},{\"@type\":\"ListItem\",\"position\":2,\"name\":\"Ergebnisse\",\"item\":\"https:\/\/product-guide.org\/de\/ergebnisse\/\"},{\"@type\":\"ListItem\",\"position\":3,\"name\":\"Fit und Gesund durch nat\u00fcrliches Laufen | Leguano DE\"}]},{\"@type\":\"WebSite\",\"@id\":\"https:\/\/product-guide.org\/#website\",\"url\":\"https:\/\/product-guide.org\/\",\"name\":\"Product-Guide.org\",\"description\":\"What Product are you looking for?\",\"publisher\":{\"@id\":\"https:\/\/product-guide.org\/#organization\"},\"potentialAction\":[{\"@type\":\"SearchAction\",\"target\":{\"@type\":\"EntryPoint\",\"urlTemplate\":\"https:\/\/product-guide.org\/?s={search_term_string}\"},\"query-input\":{\"@type\":\"PropertyValueSpecification\",\"valueRequired\":true,\"valueName\":\"search_term_string\"}}],\"inLanguage\":\"en-GB\"},{\"@type\":\"Organization\",\"@id\":\"https:\/\/product-guide.org\/#organization\",\"name\":\"Product-Guide.org\",\"url\":\"https:\/\/product-guide.org\/\",\"logo\":{\"@type\":\"ImageObject\",\"inLanguage\":\"en-GB\",\"@id\":\"https:\/\/product-guide.org\/#\/schema\/logo\/image\/\",\"url\":\"https:\/\/product-guide.org\/wp-content\/uploads\/2022\/07\/logo_transparent_background.png\",\"contentUrl\":\"https:\/\/product-guide.org\/wp-content\/uploads\/2022\/07\/logo_transparent_background.png\",\"width\":3400,\"height\":1132,\"caption\":\"Product-Guide.org\"},\"image\":{\"@id\":\"https:\/\/product-guide.org\/#\/schema\/logo\/image\/\"}}]}<\/script>\n<!-- \/ Yoast SEO plugin. -->","yoast_head_json":{"title":"Fit und Gesund durch nat\u00fcrliches Laufen | Leguano DE | Product-Guide.org","description":"Fit und Gesund durch nat\u00fcrliches Laufen | Leguano DE gefunden von Product-Guide.org","robots":{"index":"index","follow":"follow","max-snippet":"max-snippet:-1","max-image-preview":"max-image-preview:large","max-video-preview":"max-video-preview:-1"},"canonical":"https:\/\/product-guide.org\/en\/produkt\/fit-und-gesund-durch-naturliches-laufen-leguano-de\/","og_locale":"en_GB","og_type":"article","og_title":"Fit und Gesund durch nat\u00fcrliches Laufen | Leguano DE | Product-Guide.org","og_description":"Fit und Gesund durch nat\u00fcrliches Laufen | Leguano DE gefunden von Product-Guide.org","og_url":"https:\/\/product-guide.org\/en\/produkt\/fit-und-gesund-durch-naturliches-laufen-leguano-de\/","og_site_name":"Product-Guide.org","article_modified_time":"2025-03-17T09:54:26+00:00","twitter_card":"summary_large_image","schema":{"@context":"https:\/\/schema.org","@graph":[{"@type":"WebPage","@id":"https:\/\/product-guide.org\/produkt\/fit-und-gesund-durch-naturliches-laufen-leguano-de\/","url":"https:\/\/product-guide.org\/produkt\/fit-und-gesund-durch-naturliches-laufen-leguano-de\/","name":"Fit und Gesund durch nat\u00fcrliches Laufen | Leguano DE | Product-Guide.org","isPartOf":{"@id":"https:\/\/product-guide.org\/#website"},"primaryImageOfPage":{"@id":"https:\/\/product-guide.org\/produkt\/fit-und-gesund-durch-naturliches-laufen-leguano-de\/#primaryimage"},"image":{"@id":"https:\/\/product-guide.org\/produkt\/fit-und-gesund-durch-naturliches-laufen-leguano-de\/#primaryimage"},"thumbnailUrl":"https:\/\/product-guide.org\/wp-content\/uploads\/2025\/03\/Buecher_Ohlhoff_weiss2.png","datePublished":"2025-03-17T09:54:25+00:00","dateModified":"2025-03-17T09:54:26+00:00","description":"Fit und Gesund durch nat\u00fcrliches Laufen | Leguano DE gefunden von Product-Guide.org","breadcrumb":{"@id":"https:\/\/product-guide.org\/produkt\/fit-und-gesund-durch-naturliches-laufen-leguano-de\/#breadcrumb"},"inLanguage":"en-GB","potentialAction":[{"@type":"ReadAction","target":["https:\/\/product-guide.org\/produkt\/fit-und-gesund-durch-naturliches-laufen-leguano-de\/"]}]},{"@type":"ImageObject","inLanguage":"en-GB","@id":"https:\/\/product-guide.org\/produkt\/fit-und-gesund-durch-naturliches-laufen-leguano-de\/#primaryimage","url":"https:\/\/product-guide.org\/wp-content\/uploads\/2025\/03\/Buecher_Ohlhoff_weiss2.png","contentUrl":"https:\/\/product-guide.org\/wp-content\/uploads\/2025\/03\/Buecher_Ohlhoff_weiss2.png","width":1080,"height":1080},{"@type":"BreadcrumbList","@id":"https:\/\/product-guide.org\/produkt\/fit-und-gesund-durch-naturliches-laufen-leguano-de\/#breadcrumb","itemListElement":[{"@type":"ListItem","position":1,"name":"Home","item":"https:\/\/product-guide.org\/"},{"@type":"ListItem","position":2,"name":"Ergebnisse","item":"https:\/\/product-guide.org\/de\/ergebnisse\/"},{"@type":"ListItem","position":3,"name":"Fit und Gesund durch nat\u00fcrliches Laufen | Leguano DE"}]},{"@type":"WebSite","@id":"https:\/\/product-guide.org\/#website","url":"https:\/\/product-guide.org\/","name":"Product-Guide.org","description":"What Product are you looking for?","publisher":{"@id":"https:\/\/product-guide.org\/#organization"},"potentialAction":[{"@type":"SearchAction","target":{"@type":"EntryPoint","urlTemplate":"https:\/\/product-guide.org\/?s={search_term_string}"},"query-input":{"@type":"PropertyValueSpecification","valueRequired":true,"valueName":"search_term_string"}}],"inLanguage":"en-GB"},{"@type":"Organization","@id":"https:\/\/product-guide.org\/#organization","name":"Product-Guide.org","url":"https:\/\/product-guide.org\/","logo":{"@type":"ImageObject","inLanguage":"en-GB","@id":"https:\/\/product-guide.org\/#\/schema\/logo\/image\/","url":"https:\/\/product-guide.org\/wp-content\/uploads\/2022\/07\/logo_transparent_background.png","contentUrl":"https:\/\/product-guide.org\/wp-content\/uploads\/2022\/07\/logo_transparent_background.png","width":3400,"height":1132,"caption":"Product-Guide.org"},"image":{"@id":"https:\/\/product-guide.org\/#\/schema\/logo\/image\/"}}]}},"_links":{"self":[{"href":"https:\/\/product-guide.org\/en\/wp-json\/wp\/v2\/product\/50325","targetHints":{"allow":["GET"]}}],"collection":[{"href":"https:\/\/product-guide.org\/en\/wp-json\/wp\/v2\/product"}],"about":[{"href":"https:\/\/product-guide.org\/en\/wp-json\/wp\/v2\/types\/product"}],"wp:featuredmedia":[{"embeddable":true,"href":"https:\/\/product-guide.org\/en\/wp-json\/wp\/v2\/media\/50324"}],"wp:attachment":[{"href":"https:\/\/product-guide.org\/en\/wp-json\/wp\/v2\/media?parent=50325"}],"wp:term":[{"taxonomy":"store","embeddable":true,"href":"https:\/\/product-guide.org\/en\/wp-json\/wp\/v2\/store?post=50325"},{"taxonomy":"product_brand","embeddable":true,"href":"https:\/\/product-guide.org\/en\/wp-json\/wp\/v2\/product_brand?post=50325"},{"taxonomy":"product_cat","embeddable":true,"href":"https:\/\/product-guide.org\/en\/wp-json\/wp\/v2\/product_cat?post=50325"},{"taxonomy":"product_tag","embeddable":true,"href":"https:\/\/product-guide.org\/en\/wp-json\/wp\/v2\/product_tag?post=50325"}],"curies":[{"name":"wp","href":"https:\/\/api.w.org\/{rel}","templated":true}]}}