{"id":50334,"date":"2025-03-17T10:54:34","date_gmt":"2025-03-17T09:54:34","guid":{"rendered":"https:\/\/product-guide.org\/produkt\/go-seablue-leguano-de-5\/"},"modified":"2025-03-17T10:54:34","modified_gmt":"2025-03-17T09:54:34","slug":"go-seablue-leguano-de-5","status":"publish","type":"product","link":"https:\/\/product-guide.org\/en\/produkt\/go-seablue-leguano-de-5\/","title":{"rendered":"go: seablue | Leguano DE"},"content":{"rendered":"<p>Was uns alle am Meer fasziniert, ist die nat\u00fcrliche Bewegung des Wassers. Sie steht f\u00fcr Gleichm\u00e4\u00dfigkeit und Regenerationskraft. Genauso verh\u00e4lt es sich mit der Barfu\u00dfbewegung: Wie von der Natur vorgesehen, f\u00f6rdert sie ganz kontinuierlich den Aufbau von Fu\u00dfgew\u00f6lben und Muskulaturen, ebenso die Stabilit\u00e4t und Ausgeglichenheit des gesamten Bewegungsapparates. Da kommt der neue, bequeme leguano \u201eseablue\u201c in frischem Meeresblau genau richtig: Die ultraflexible Sohle pariert nicht nur jeden Befehl des Fu\u00dfes, sondern unterst\u00fctzt auch den nat\u00fcrlichen, sicheren Gang bei jedem Schritt &#8211; als w\u00e4re man barfu\u00df.<\/p>\n","protected":false},"excerpt":{"rendered":"<p>Was uns alle am Meer fasziniert, ist die nat\u00fcrliche Bewegung des Wassers. Sie steht f\u00fcr Gleichm\u00e4\u00dfigkeit und Regenerationskraft. Genauso verh\u00e4lt es sich mit der Barfu\u00dfbewegung: Wie von der Natur vorgesehen, f\u00f6rdert sie ganz kontinuierlich den Aufbau von Fu\u00dfgew\u00f6lben und Muskulaturen, ebenso die Stabilit\u00e4t und Ausgeglichenheit des gesamten Bewegungsapparates. Da kommt der neue, bequeme leguano \u201eseablue\u201c [&hellip;]<\/p>\n","protected":false},"featured_media":50329,"template":"","meta":{"_gspb_post_css":""},"store":[],"product_brand":[1377],"product_cat":[1290],"product_tag":[],"class_list":{"0":"post-50334","1":"product","2":"type-product","3":"status-publish","4":"has-post-thumbnail","6":"product_brand-leguano-de","7":"product_cat-uncategorized","9":"first","10":"instock","11":"shipping-taxable","12":"purchasable","13":"product-type-simple"},"yoast_head":"<!-- This site is optimized with the Yoast SEO plugin v24.6 - https:\/\/yoast.com\/wordpress\/plugins\/seo\/ -->\n<title>go: seablue | Leguano DE | Product-Guide.org<\/title>\n<meta name=\"description\" content=\"go: seablue | Leguano DE gefunden von Product-Guide.org\" \/>\n<meta name=\"robots\" content=\"index, follow, max-snippet:-1, max-image-preview:large, max-video-preview:-1\" \/>\n<link rel=\"canonical\" href=\"https:\/\/product-guide.org\/en\/produkt\/go-seablue-leguano-de-5\/\" \/>\n<meta property=\"og:locale\" content=\"en_GB\" \/>\n<meta property=\"og:type\" content=\"article\" \/>\n<meta property=\"og:title\" content=\"go: seablue | Leguano DE | Product-Guide.org\" \/>\n<meta property=\"og:description\" content=\"go: seablue | Leguano DE gefunden von Product-Guide.org\" \/>\n<meta property=\"og:url\" content=\"https:\/\/product-guide.org\/en\/produkt\/go-seablue-leguano-de-5\/\" \/>\n<meta property=\"og:site_name\" content=\"Product-Guide.org\" \/>\n<meta name=\"twitter:card\" content=\"summary_large_image\" \/>\n<script type=\"application\/ld+json\" class=\"yoast-schema-graph\">{\"@context\":\"https:\/\/schema.org\",\"@graph\":[{\"@type\":\"WebPage\",\"@id\":\"https:\/\/product-guide.org\/produkt\/go-seablue-leguano-de-5\/\",\"url\":\"https:\/\/product-guide.org\/produkt\/go-seablue-leguano-de-5\/\",\"name\":\"go: seablue | Leguano DE | Product-Guide.org\",\"isPartOf\":{\"@id\":\"https:\/\/product-guide.org\/#website\"},\"primaryImageOfPage\":{\"@id\":\"https:\/\/product-guide.org\/produkt\/go-seablue-leguano-de-5\/#primaryimage\"},\"image\":{\"@id\":\"https:\/\/product-guide.org\/produkt\/go-seablue-leguano-de-5\/#primaryimage\"},\"thumbnailUrl\":\"https:\/\/product-guide.org\/wp-content\/uploads\/2025\/03\/96_leguano_seablue_1.png\",\"datePublished\":\"2025-03-17T09:54:34+00:00\",\"description\":\"go: seablue | Leguano DE gefunden von Product-Guide.org\",\"breadcrumb\":{\"@id\":\"https:\/\/product-guide.org\/produkt\/go-seablue-leguano-de-5\/#breadcrumb\"},\"inLanguage\":\"en-GB\",\"potentialAction\":[{\"@type\":\"ReadAction\",\"target\":[\"https:\/\/product-guide.org\/produkt\/go-seablue-leguano-de-5\/\"]}]},{\"@type\":\"ImageObject\",\"inLanguage\":\"en-GB\",\"@id\":\"https:\/\/product-guide.org\/produkt\/go-seablue-leguano-de-5\/#primaryimage\",\"url\":\"https:\/\/product-guide.org\/wp-content\/uploads\/2025\/03\/96_leguano_seablue_1.png\",\"contentUrl\":\"https:\/\/product-guide.org\/wp-content\/uploads\/2025\/03\/96_leguano_seablue_1.png\",\"width\":1440,\"height\":1440},{\"@type\":\"BreadcrumbList\",\"@id\":\"https:\/\/product-guide.org\/produkt\/go-seablue-leguano-de-5\/#breadcrumb\",\"itemListElement\":[{\"@type\":\"ListItem\",\"position\":1,\"name\":\"Home\",\"item\":\"https:\/\/product-guide.org\/\"},{\"@type\":\"ListItem\",\"position\":2,\"name\":\"Ergebnisse\",\"item\":\"https:\/\/product-guide.org\/de\/ergebnisse\/\"},{\"@type\":\"ListItem\",\"position\":3,\"name\":\"go: seablue | Leguano DE\"}]},{\"@type\":\"WebSite\",\"@id\":\"https:\/\/product-guide.org\/#website\",\"url\":\"https:\/\/product-guide.org\/\",\"name\":\"Product-Guide.org\",\"description\":\"What Product are you looking for?\",\"publisher\":{\"@id\":\"https:\/\/product-guide.org\/#organization\"},\"potentialAction\":[{\"@type\":\"SearchAction\",\"target\":{\"@type\":\"EntryPoint\",\"urlTemplate\":\"https:\/\/product-guide.org\/?s={search_term_string}\"},\"query-input\":{\"@type\":\"PropertyValueSpecification\",\"valueRequired\":true,\"valueName\":\"search_term_string\"}}],\"inLanguage\":\"en-GB\"},{\"@type\":\"Organization\",\"@id\":\"https:\/\/product-guide.org\/#organization\",\"name\":\"Product-Guide.org\",\"url\":\"https:\/\/product-guide.org\/\",\"logo\":{\"@type\":\"ImageObject\",\"inLanguage\":\"en-GB\",\"@id\":\"https:\/\/product-guide.org\/#\/schema\/logo\/image\/\",\"url\":\"https:\/\/product-guide.org\/wp-content\/uploads\/2022\/07\/logo_transparent_background.png\",\"contentUrl\":\"https:\/\/product-guide.org\/wp-content\/uploads\/2022\/07\/logo_transparent_background.png\",\"width\":3400,\"height\":1132,\"caption\":\"Product-Guide.org\"},\"image\":{\"@id\":\"https:\/\/product-guide.org\/#\/schema\/logo\/image\/\"}}]}<\/script>\n<!-- \/ Yoast SEO plugin. -->","yoast_head_json":{"title":"go: seablue | Leguano DE | Product-Guide.org","description":"go: seablue | Leguano DE gefunden von Product-Guide.org","robots":{"index":"index","follow":"follow","max-snippet":"max-snippet:-1","max-image-preview":"max-image-preview:large","max-video-preview":"max-video-preview:-1"},"canonical":"https:\/\/product-guide.org\/en\/produkt\/go-seablue-leguano-de-5\/","og_locale":"en_GB","og_type":"article","og_title":"go: seablue | Leguano DE | Product-Guide.org","og_description":"go: seablue | Leguano DE gefunden von Product-Guide.org","og_url":"https:\/\/product-guide.org\/en\/produkt\/go-seablue-leguano-de-5\/","og_site_name":"Product-Guide.org","twitter_card":"summary_large_image","schema":{"@context":"https:\/\/schema.org","@graph":[{"@type":"WebPage","@id":"https:\/\/product-guide.org\/produkt\/go-seablue-leguano-de-5\/","url":"https:\/\/product-guide.org\/produkt\/go-seablue-leguano-de-5\/","name":"go: seablue | Leguano DE | Product-Guide.org","isPartOf":{"@id":"https:\/\/product-guide.org\/#website"},"primaryImageOfPage":{"@id":"https:\/\/product-guide.org\/produkt\/go-seablue-leguano-de-5\/#primaryimage"},"image":{"@id":"https:\/\/product-guide.org\/produkt\/go-seablue-leguano-de-5\/#primaryimage"},"thumbnailUrl":"https:\/\/product-guide.org\/wp-content\/uploads\/2025\/03\/96_leguano_seablue_1.png","datePublished":"2025-03-17T09:54:34+00:00","description":"go: seablue | Leguano DE gefunden von Product-Guide.org","breadcrumb":{"@id":"https:\/\/product-guide.org\/produkt\/go-seablue-leguano-de-5\/#breadcrumb"},"inLanguage":"en-GB","potentialAction":[{"@type":"ReadAction","target":["https:\/\/product-guide.org\/produkt\/go-seablue-leguano-de-5\/"]}]},{"@type":"ImageObject","inLanguage":"en-GB","@id":"https:\/\/product-guide.org\/produkt\/go-seablue-leguano-de-5\/#primaryimage","url":"https:\/\/product-guide.org\/wp-content\/uploads\/2025\/03\/96_leguano_seablue_1.png","contentUrl":"https:\/\/product-guide.org\/wp-content\/uploads\/2025\/03\/96_leguano_seablue_1.png","width":1440,"height":1440},{"@type":"BreadcrumbList","@id":"https:\/\/product-guide.org\/produkt\/go-seablue-leguano-de-5\/#breadcrumb","itemListElement":[{"@type":"ListItem","position":1,"name":"Home","item":"https:\/\/product-guide.org\/"},{"@type":"ListItem","position":2,"name":"Ergebnisse","item":"https:\/\/product-guide.org\/de\/ergebnisse\/"},{"@type":"ListItem","position":3,"name":"go: seablue | Leguano DE"}]},{"@type":"WebSite","@id":"https:\/\/product-guide.org\/#website","url":"https:\/\/product-guide.org\/","name":"Product-Guide.org","description":"What Product are you looking for?","publisher":{"@id":"https:\/\/product-guide.org\/#organization"},"potentialAction":[{"@type":"SearchAction","target":{"@type":"EntryPoint","urlTemplate":"https:\/\/product-guide.org\/?s={search_term_string}"},"query-input":{"@type":"PropertyValueSpecification","valueRequired":true,"valueName":"search_term_string"}}],"inLanguage":"en-GB"},{"@type":"Organization","@id":"https:\/\/product-guide.org\/#organization","name":"Product-Guide.org","url":"https:\/\/product-guide.org\/","logo":{"@type":"ImageObject","inLanguage":"en-GB","@id":"https:\/\/product-guide.org\/#\/schema\/logo\/image\/","url":"https:\/\/product-guide.org\/wp-content\/uploads\/2022\/07\/logo_transparent_background.png","contentUrl":"https:\/\/product-guide.org\/wp-content\/uploads\/2022\/07\/logo_transparent_background.png","width":3400,"height":1132,"caption":"Product-Guide.org"},"image":{"@id":"https:\/\/product-guide.org\/#\/schema\/logo\/image\/"}}]}},"_links":{"self":[{"href":"https:\/\/product-guide.org\/en\/wp-json\/wp\/v2\/product\/50334","targetHints":{"allow":["GET"]}}],"collection":[{"href":"https:\/\/product-guide.org\/en\/wp-json\/wp\/v2\/product"}],"about":[{"href":"https:\/\/product-guide.org\/en\/wp-json\/wp\/v2\/types\/product"}],"wp:featuredmedia":[{"embeddable":true,"href":"https:\/\/product-guide.org\/en\/wp-json\/wp\/v2\/media\/50329"}],"wp:attachment":[{"href":"https:\/\/product-guide.org\/en\/wp-json\/wp\/v2\/media?parent=50334"}],"wp:term":[{"taxonomy":"store","embeddable":true,"href":"https:\/\/product-guide.org\/en\/wp-json\/wp\/v2\/store?post=50334"},{"taxonomy":"product_brand","embeddable":true,"href":"https:\/\/product-guide.org\/en\/wp-json\/wp\/v2\/product_brand?post=50334"},{"taxonomy":"product_cat","embeddable":true,"href":"https:\/\/product-guide.org\/en\/wp-json\/wp\/v2\/product_cat?post=50334"},{"taxonomy":"product_tag","embeddable":true,"href":"https:\/\/product-guide.org\/en\/wp-json\/wp\/v2\/product_tag?post=50334"}],"curies":[{"name":"wp","href":"https:\/\/api.w.org\/{rel}","templated":true}]}}