{"id":50344,"date":"2025-03-17T10:54:39","date_gmt":"2025-03-17T09:54:39","guid":{"rendered":"https:\/\/product-guide.org\/produkt\/hickies-2-white-leguano-de\/"},"modified":"2025-03-17T10:54:39","modified_gmt":"2025-03-17T09:54:39","slug":"hickies-2-white-leguano-de","status":"publish","type":"product","link":"https:\/\/product-guide.org\/en\/produkt\/hickies-2-white-leguano-de\/","title":{"rendered":"Hickies 2 White | Leguano DE"},"content":{"rendered":"<p>\u00dcber den gro\u00dfen Teich geschwappt Die Revolution des Schn\u00fcrsenkels stammt aus Amerika und begeistert weltweit zunehmend mehr Fans. Schuhe tragen wir alle, aber wer hat schon Lust auf Senkel die aufgehen oder auf st\u00e4ndiges B\u00fccken? Einmal verschlossen m\u00fcssen Hickies nie wieder ge\u00f6ffnet werden, einfach reinschl\u00fcpfen \u2013 fertig.Features\u2022 Verpasst deinem Schuh ein individuelles Styling.\u2022 Jede Packung enth\u00e4lt 14 HICKIES-B\u00e4nder, ausreichend f\u00fcr 1 Paar Schuhe.\u2022 Verbessertes Band- und Verschlussdesign sorgen f\u00fcr eine erh\u00f6hte Strapazierf\u00e4higkeit und Sicherheit.\u2022 Eine Gr\u00f6\u00dfe, flexibel regulierbar. Lerne wie du sie anpasst >>Material Hergestellt aus robustem thermoplastischen Elastomer, enth\u00e4lt kein Latex!<\/p>\n","protected":false},"excerpt":{"rendered":"<p>\u00dcber den gro\u00dfen Teich geschwappt Die Revolution des Schn\u00fcrsenkels stammt aus Amerika und begeistert weltweit zunehmend mehr Fans. Schuhe tragen wir alle, aber wer hat schon Lust auf Senkel die aufgehen oder auf st\u00e4ndiges B\u00fccken? Einmal verschlossen m\u00fcssen Hickies nie wieder ge\u00f6ffnet werden, einfach reinschl\u00fcpfen \u2013 fertig.Features\u2022 Verpasst deinem Schuh ein individuelles Styling.\u2022 Jede Packung [&hellip;]<\/p>\n","protected":false},"featured_media":50343,"template":"","meta":{"_gspb_post_css":""},"store":[],"product_brand":[1377],"product_cat":[1290],"product_tag":[],"class_list":{"0":"post-50344","1":"product","2":"type-product","3":"status-publish","4":"has-post-thumbnail","6":"product_brand-leguano-de","7":"product_cat-uncategorized","9":"first","10":"instock","11":"shipping-taxable","12":"purchasable","13":"product-type-simple"},"yoast_head":"<!-- This site is optimized with the Yoast SEO plugin v24.6 - https:\/\/yoast.com\/wordpress\/plugins\/seo\/ -->\n<title>Hickies 2 White | Leguano DE | Product-Guide.org<\/title>\n<meta name=\"description\" content=\"Hickies 2 White | Leguano DE gefunden von Product-Guide.org\" \/>\n<meta name=\"robots\" content=\"index, follow, max-snippet:-1, max-image-preview:large, max-video-preview:-1\" \/>\n<link rel=\"canonical\" href=\"https:\/\/product-guide.org\/en\/produkt\/hickies-2-white-leguano-de\/\" \/>\n<meta property=\"og:locale\" content=\"en_GB\" \/>\n<meta property=\"og:type\" content=\"article\" \/>\n<meta property=\"og:title\" content=\"Hickies 2 White | Leguano DE | Product-Guide.org\" \/>\n<meta property=\"og:description\" content=\"Hickies 2 White | Leguano DE gefunden von Product-Guide.org\" \/>\n<meta property=\"og:url\" content=\"https:\/\/product-guide.org\/en\/produkt\/hickies-2-white-leguano-de\/\" \/>\n<meta property=\"og:site_name\" content=\"Product-Guide.org\" \/>\n<meta name=\"twitter:card\" content=\"summary_large_image\" \/>\n<script type=\"application\/ld+json\" class=\"yoast-schema-graph\">{\"@context\":\"https:\/\/schema.org\",\"@graph\":[{\"@type\":\"WebPage\",\"@id\":\"https:\/\/product-guide.org\/produkt\/hickies-2-white-leguano-de\/\",\"url\":\"https:\/\/product-guide.org\/produkt\/hickies-2-white-leguano-de\/\",\"name\":\"Hickies 2 White | Leguano DE | Product-Guide.org\",\"isPartOf\":{\"@id\":\"https:\/\/product-guide.org\/#website\"},\"primaryImageOfPage\":{\"@id\":\"https:\/\/product-guide.org\/produkt\/hickies-2-white-leguano-de\/#primaryimage\"},\"image\":{\"@id\":\"https:\/\/product-guide.org\/produkt\/hickies-2-white-leguano-de\/#primaryimage\"},\"thumbnailUrl\":\"https:\/\/product-guide.org\/wp-content\/uploads\/2025\/03\/Hickies-white.png\",\"datePublished\":\"2025-03-17T09:54:39+00:00\",\"description\":\"Hickies 2 White | Leguano DE gefunden von Product-Guide.org\",\"breadcrumb\":{\"@id\":\"https:\/\/product-guide.org\/produkt\/hickies-2-white-leguano-de\/#breadcrumb\"},\"inLanguage\":\"en-GB\",\"potentialAction\":[{\"@type\":\"ReadAction\",\"target\":[\"https:\/\/product-guide.org\/produkt\/hickies-2-white-leguano-de\/\"]}]},{\"@type\":\"ImageObject\",\"inLanguage\":\"en-GB\",\"@id\":\"https:\/\/product-guide.org\/produkt\/hickies-2-white-leguano-de\/#primaryimage\",\"url\":\"https:\/\/product-guide.org\/wp-content\/uploads\/2025\/03\/Hickies-white.png\",\"contentUrl\":\"https:\/\/product-guide.org\/wp-content\/uploads\/2025\/03\/Hickies-white.png\",\"width\":1000,\"height\":1000},{\"@type\":\"BreadcrumbList\",\"@id\":\"https:\/\/product-guide.org\/produkt\/hickies-2-white-leguano-de\/#breadcrumb\",\"itemListElement\":[{\"@type\":\"ListItem\",\"position\":1,\"name\":\"Home\",\"item\":\"https:\/\/product-guide.org\/\"},{\"@type\":\"ListItem\",\"position\":2,\"name\":\"Ergebnisse\",\"item\":\"https:\/\/product-guide.org\/de\/ergebnisse\/\"},{\"@type\":\"ListItem\",\"position\":3,\"name\":\"Hickies 2 White | Leguano DE\"}]},{\"@type\":\"WebSite\",\"@id\":\"https:\/\/product-guide.org\/#website\",\"url\":\"https:\/\/product-guide.org\/\",\"name\":\"Product-Guide.org\",\"description\":\"What Product are you looking for?\",\"publisher\":{\"@id\":\"https:\/\/product-guide.org\/#organization\"},\"potentialAction\":[{\"@type\":\"SearchAction\",\"target\":{\"@type\":\"EntryPoint\",\"urlTemplate\":\"https:\/\/product-guide.org\/?s={search_term_string}\"},\"query-input\":{\"@type\":\"PropertyValueSpecification\",\"valueRequired\":true,\"valueName\":\"search_term_string\"}}],\"inLanguage\":\"en-GB\"},{\"@type\":\"Organization\",\"@id\":\"https:\/\/product-guide.org\/#organization\",\"name\":\"Product-Guide.org\",\"url\":\"https:\/\/product-guide.org\/\",\"logo\":{\"@type\":\"ImageObject\",\"inLanguage\":\"en-GB\",\"@id\":\"https:\/\/product-guide.org\/#\/schema\/logo\/image\/\",\"url\":\"https:\/\/product-guide.org\/wp-content\/uploads\/2022\/07\/logo_transparent_background.png\",\"contentUrl\":\"https:\/\/product-guide.org\/wp-content\/uploads\/2022\/07\/logo_transparent_background.png\",\"width\":3400,\"height\":1132,\"caption\":\"Product-Guide.org\"},\"image\":{\"@id\":\"https:\/\/product-guide.org\/#\/schema\/logo\/image\/\"}}]}<\/script>\n<!-- \/ Yoast SEO plugin. -->","yoast_head_json":{"title":"Hickies 2 White | Leguano DE | Product-Guide.org","description":"Hickies 2 White | Leguano DE gefunden von Product-Guide.org","robots":{"index":"index","follow":"follow","max-snippet":"max-snippet:-1","max-image-preview":"max-image-preview:large","max-video-preview":"max-video-preview:-1"},"canonical":"https:\/\/product-guide.org\/en\/produkt\/hickies-2-white-leguano-de\/","og_locale":"en_GB","og_type":"article","og_title":"Hickies 2 White | Leguano DE | Product-Guide.org","og_description":"Hickies 2 White | Leguano DE gefunden von Product-Guide.org","og_url":"https:\/\/product-guide.org\/en\/produkt\/hickies-2-white-leguano-de\/","og_site_name":"Product-Guide.org","twitter_card":"summary_large_image","schema":{"@context":"https:\/\/schema.org","@graph":[{"@type":"WebPage","@id":"https:\/\/product-guide.org\/produkt\/hickies-2-white-leguano-de\/","url":"https:\/\/product-guide.org\/produkt\/hickies-2-white-leguano-de\/","name":"Hickies 2 White | Leguano DE | Product-Guide.org","isPartOf":{"@id":"https:\/\/product-guide.org\/#website"},"primaryImageOfPage":{"@id":"https:\/\/product-guide.org\/produkt\/hickies-2-white-leguano-de\/#primaryimage"},"image":{"@id":"https:\/\/product-guide.org\/produkt\/hickies-2-white-leguano-de\/#primaryimage"},"thumbnailUrl":"https:\/\/product-guide.org\/wp-content\/uploads\/2025\/03\/Hickies-white.png","datePublished":"2025-03-17T09:54:39+00:00","description":"Hickies 2 White | Leguano DE gefunden von Product-Guide.org","breadcrumb":{"@id":"https:\/\/product-guide.org\/produkt\/hickies-2-white-leguano-de\/#breadcrumb"},"inLanguage":"en-GB","potentialAction":[{"@type":"ReadAction","target":["https:\/\/product-guide.org\/produkt\/hickies-2-white-leguano-de\/"]}]},{"@type":"ImageObject","inLanguage":"en-GB","@id":"https:\/\/product-guide.org\/produkt\/hickies-2-white-leguano-de\/#primaryimage","url":"https:\/\/product-guide.org\/wp-content\/uploads\/2025\/03\/Hickies-white.png","contentUrl":"https:\/\/product-guide.org\/wp-content\/uploads\/2025\/03\/Hickies-white.png","width":1000,"height":1000},{"@type":"BreadcrumbList","@id":"https:\/\/product-guide.org\/produkt\/hickies-2-white-leguano-de\/#breadcrumb","itemListElement":[{"@type":"ListItem","position":1,"name":"Home","item":"https:\/\/product-guide.org\/"},{"@type":"ListItem","position":2,"name":"Ergebnisse","item":"https:\/\/product-guide.org\/de\/ergebnisse\/"},{"@type":"ListItem","position":3,"name":"Hickies 2 White | Leguano DE"}]},{"@type":"WebSite","@id":"https:\/\/product-guide.org\/#website","url":"https:\/\/product-guide.org\/","name":"Product-Guide.org","description":"What Product are you looking for?","publisher":{"@id":"https:\/\/product-guide.org\/#organization"},"potentialAction":[{"@type":"SearchAction","target":{"@type":"EntryPoint","urlTemplate":"https:\/\/product-guide.org\/?s={search_term_string}"},"query-input":{"@type":"PropertyValueSpecification","valueRequired":true,"valueName":"search_term_string"}}],"inLanguage":"en-GB"},{"@type":"Organization","@id":"https:\/\/product-guide.org\/#organization","name":"Product-Guide.org","url":"https:\/\/product-guide.org\/","logo":{"@type":"ImageObject","inLanguage":"en-GB","@id":"https:\/\/product-guide.org\/#\/schema\/logo\/image\/","url":"https:\/\/product-guide.org\/wp-content\/uploads\/2022\/07\/logo_transparent_background.png","contentUrl":"https:\/\/product-guide.org\/wp-content\/uploads\/2022\/07\/logo_transparent_background.png","width":3400,"height":1132,"caption":"Product-Guide.org"},"image":{"@id":"https:\/\/product-guide.org\/#\/schema\/logo\/image\/"}}]}},"_links":{"self":[{"href":"https:\/\/product-guide.org\/en\/wp-json\/wp\/v2\/product\/50344","targetHints":{"allow":["GET"]}}],"collection":[{"href":"https:\/\/product-guide.org\/en\/wp-json\/wp\/v2\/product"}],"about":[{"href":"https:\/\/product-guide.org\/en\/wp-json\/wp\/v2\/types\/product"}],"wp:featuredmedia":[{"embeddable":true,"href":"https:\/\/product-guide.org\/en\/wp-json\/wp\/v2\/media\/50343"}],"wp:attachment":[{"href":"https:\/\/product-guide.org\/en\/wp-json\/wp\/v2\/media?parent=50344"}],"wp:term":[{"taxonomy":"store","embeddable":true,"href":"https:\/\/product-guide.org\/en\/wp-json\/wp\/v2\/store?post=50344"},{"taxonomy":"product_brand","embeddable":true,"href":"https:\/\/product-guide.org\/en\/wp-json\/wp\/v2\/product_brand?post=50344"},{"taxonomy":"product_cat","embeddable":true,"href":"https:\/\/product-guide.org\/en\/wp-json\/wp\/v2\/product_cat?post=50344"},{"taxonomy":"product_tag","embeddable":true,"href":"https:\/\/product-guide.org\/en\/wp-json\/wp\/v2\/product_tag?post=50344"}],"curies":[{"name":"wp","href":"https:\/\/api.w.org\/{rel}","templated":true}]}}