{"id":50354,"date":"2025-03-17T10:54:43","date_gmt":"2025-03-17T09:54:43","guid":{"rendered":"https:\/\/product-guide.org\/produkt\/jaro-black-leguano-de-9\/"},"modified":"2025-03-17T10:54:44","modified_gmt":"2025-03-17T09:54:44","slug":"jaro-black-leguano-de-9","status":"publish","type":"product","link":"https:\/\/product-guide.org\/en\/produkt\/jaro-black-leguano-de-9\/","title":{"rendered":"jaro black | Leguano DE"},"content":{"rendered":"<p>Entdecken Sie die Herrensandale von leguano: Das elegante Schwarz und das minimalistische Design machen die jaro Sandale zum perfekten Begleiter f\u00fcr jeden Anlass. Die charakteristische, ultra-flache Sohle von leguano bietet hervorragenden Grip und sorgt f\u00fcr eine nat\u00fcrliche Standfestigkeit, egal ob in der Stadt oder in der Natur. Dank des praktischen Klettverschlusses unterhalb der Metallschnalle l\u00e4sst sich die Sandale perfekt an den Fu\u00df anpassen, gew\u00e4hrleistet uneingeschr\u00e4nkte Bewegungsfreiheit und ein Laufgef\u00fchl, als w\u00e4re man barfu\u00df.<\/p>\n","protected":false},"excerpt":{"rendered":"<p>Entdecken Sie die Herrensandale von leguano: Das elegante Schwarz und das minimalistische Design machen die jaro Sandale zum perfekten Begleiter f\u00fcr jeden Anlass. Die charakteristische, ultra-flache Sohle von leguano bietet hervorragenden Grip und sorgt f\u00fcr eine nat\u00fcrliche Standfestigkeit, egal ob in der Stadt oder in der Natur. Dank des praktischen Klettverschlusses unterhalb der Metallschnalle l\u00e4sst [&hellip;]<\/p>\n","protected":false},"featured_media":50345,"template":"","meta":{"_gspb_post_css":""},"store":[],"product_brand":[1377],"product_cat":[1290],"product_tag":[],"class_list":{"0":"post-50354","1":"product","2":"type-product","3":"status-publish","4":"has-post-thumbnail","6":"product_brand-leguano-de","7":"product_cat-uncategorized","9":"first","10":"instock","11":"shipping-taxable","12":"purchasable","13":"product-type-simple"},"yoast_head":"<!-- This site is optimized with the Yoast SEO plugin v24.6 - https:\/\/yoast.com\/wordpress\/plugins\/seo\/ -->\n<title>jaro black | Leguano DE | Product-Guide.org<\/title>\n<meta name=\"description\" content=\"jaro black | Leguano DE gefunden von Product-Guide.org\" \/>\n<meta name=\"robots\" content=\"index, follow, max-snippet:-1, max-image-preview:large, max-video-preview:-1\" \/>\n<link rel=\"canonical\" href=\"https:\/\/product-guide.org\/en\/produkt\/jaro-black-leguano-de-9\/\" \/>\n<meta property=\"og:locale\" content=\"en_GB\" \/>\n<meta property=\"og:type\" content=\"article\" \/>\n<meta property=\"og:title\" content=\"jaro black | Leguano DE | Product-Guide.org\" \/>\n<meta property=\"og:description\" content=\"jaro black | Leguano DE gefunden von Product-Guide.org\" \/>\n<meta property=\"og:url\" content=\"https:\/\/product-guide.org\/en\/produkt\/jaro-black-leguano-de-9\/\" \/>\n<meta property=\"og:site_name\" content=\"Product-Guide.org\" \/>\n<meta property=\"article:modified_time\" content=\"2025-03-17T09:54:44+00:00\" \/>\n<meta name=\"twitter:card\" content=\"summary_large_image\" \/>\n<script type=\"application\/ld+json\" class=\"yoast-schema-graph\">{\"@context\":\"https:\/\/schema.org\",\"@graph\":[{\"@type\":\"WebPage\",\"@id\":\"https:\/\/product-guide.org\/produkt\/jaro-black-leguano-de-9\/\",\"url\":\"https:\/\/product-guide.org\/produkt\/jaro-black-leguano-de-9\/\",\"name\":\"jaro black | Leguano DE | Product-Guide.org\",\"isPartOf\":{\"@id\":\"https:\/\/product-guide.org\/#website\"},\"primaryImageOfPage\":{\"@id\":\"https:\/\/product-guide.org\/produkt\/jaro-black-leguano-de-9\/#primaryimage\"},\"image\":{\"@id\":\"https:\/\/product-guide.org\/produkt\/jaro-black-leguano-de-9\/#primaryimage\"},\"thumbnailUrl\":\"https:\/\/product-guide.org\/wp-content\/uploads\/2025\/03\/leguano_jaro_schwarz_01.png\",\"datePublished\":\"2025-03-17T09:54:43+00:00\",\"dateModified\":\"2025-03-17T09:54:44+00:00\",\"description\":\"jaro black | Leguano DE gefunden von Product-Guide.org\",\"breadcrumb\":{\"@id\":\"https:\/\/product-guide.org\/produkt\/jaro-black-leguano-de-9\/#breadcrumb\"},\"inLanguage\":\"en-GB\",\"potentialAction\":[{\"@type\":\"ReadAction\",\"target\":[\"https:\/\/product-guide.org\/produkt\/jaro-black-leguano-de-9\/\"]}]},{\"@type\":\"ImageObject\",\"inLanguage\":\"en-GB\",\"@id\":\"https:\/\/product-guide.org\/produkt\/jaro-black-leguano-de-9\/#primaryimage\",\"url\":\"https:\/\/product-guide.org\/wp-content\/uploads\/2025\/03\/leguano_jaro_schwarz_01.png\",\"contentUrl\":\"https:\/\/product-guide.org\/wp-content\/uploads\/2025\/03\/leguano_jaro_schwarz_01.png\",\"width\":1080,\"height\":1080},{\"@type\":\"BreadcrumbList\",\"@id\":\"https:\/\/product-guide.org\/produkt\/jaro-black-leguano-de-9\/#breadcrumb\",\"itemListElement\":[{\"@type\":\"ListItem\",\"position\":1,\"name\":\"Home\",\"item\":\"https:\/\/product-guide.org\/\"},{\"@type\":\"ListItem\",\"position\":2,\"name\":\"Ergebnisse\",\"item\":\"https:\/\/product-guide.org\/de\/ergebnisse\/\"},{\"@type\":\"ListItem\",\"position\":3,\"name\":\"jaro black | Leguano DE\"}]},{\"@type\":\"WebSite\",\"@id\":\"https:\/\/product-guide.org\/#website\",\"url\":\"https:\/\/product-guide.org\/\",\"name\":\"Product-Guide.org\",\"description\":\"What Product are you looking for?\",\"publisher\":{\"@id\":\"https:\/\/product-guide.org\/#organization\"},\"potentialAction\":[{\"@type\":\"SearchAction\",\"target\":{\"@type\":\"EntryPoint\",\"urlTemplate\":\"https:\/\/product-guide.org\/?s={search_term_string}\"},\"query-input\":{\"@type\":\"PropertyValueSpecification\",\"valueRequired\":true,\"valueName\":\"search_term_string\"}}],\"inLanguage\":\"en-GB\"},{\"@type\":\"Organization\",\"@id\":\"https:\/\/product-guide.org\/#organization\",\"name\":\"Product-Guide.org\",\"url\":\"https:\/\/product-guide.org\/\",\"logo\":{\"@type\":\"ImageObject\",\"inLanguage\":\"en-GB\",\"@id\":\"https:\/\/product-guide.org\/#\/schema\/logo\/image\/\",\"url\":\"https:\/\/product-guide.org\/wp-content\/uploads\/2022\/07\/logo_transparent_background.png\",\"contentUrl\":\"https:\/\/product-guide.org\/wp-content\/uploads\/2022\/07\/logo_transparent_background.png\",\"width\":3400,\"height\":1132,\"caption\":\"Product-Guide.org\"},\"image\":{\"@id\":\"https:\/\/product-guide.org\/#\/schema\/logo\/image\/\"}}]}<\/script>\n<!-- \/ Yoast SEO plugin. -->","yoast_head_json":{"title":"jaro black | Leguano DE | Product-Guide.org","description":"jaro black | Leguano DE gefunden von Product-Guide.org","robots":{"index":"index","follow":"follow","max-snippet":"max-snippet:-1","max-image-preview":"max-image-preview:large","max-video-preview":"max-video-preview:-1"},"canonical":"https:\/\/product-guide.org\/en\/produkt\/jaro-black-leguano-de-9\/","og_locale":"en_GB","og_type":"article","og_title":"jaro black | Leguano DE | Product-Guide.org","og_description":"jaro black | Leguano DE gefunden von Product-Guide.org","og_url":"https:\/\/product-guide.org\/en\/produkt\/jaro-black-leguano-de-9\/","og_site_name":"Product-Guide.org","article_modified_time":"2025-03-17T09:54:44+00:00","twitter_card":"summary_large_image","schema":{"@context":"https:\/\/schema.org","@graph":[{"@type":"WebPage","@id":"https:\/\/product-guide.org\/produkt\/jaro-black-leguano-de-9\/","url":"https:\/\/product-guide.org\/produkt\/jaro-black-leguano-de-9\/","name":"jaro black | Leguano DE | Product-Guide.org","isPartOf":{"@id":"https:\/\/product-guide.org\/#website"},"primaryImageOfPage":{"@id":"https:\/\/product-guide.org\/produkt\/jaro-black-leguano-de-9\/#primaryimage"},"image":{"@id":"https:\/\/product-guide.org\/produkt\/jaro-black-leguano-de-9\/#primaryimage"},"thumbnailUrl":"https:\/\/product-guide.org\/wp-content\/uploads\/2025\/03\/leguano_jaro_schwarz_01.png","datePublished":"2025-03-17T09:54:43+00:00","dateModified":"2025-03-17T09:54:44+00:00","description":"jaro black | Leguano DE gefunden von Product-Guide.org","breadcrumb":{"@id":"https:\/\/product-guide.org\/produkt\/jaro-black-leguano-de-9\/#breadcrumb"},"inLanguage":"en-GB","potentialAction":[{"@type":"ReadAction","target":["https:\/\/product-guide.org\/produkt\/jaro-black-leguano-de-9\/"]}]},{"@type":"ImageObject","inLanguage":"en-GB","@id":"https:\/\/product-guide.org\/produkt\/jaro-black-leguano-de-9\/#primaryimage","url":"https:\/\/product-guide.org\/wp-content\/uploads\/2025\/03\/leguano_jaro_schwarz_01.png","contentUrl":"https:\/\/product-guide.org\/wp-content\/uploads\/2025\/03\/leguano_jaro_schwarz_01.png","width":1080,"height":1080},{"@type":"BreadcrumbList","@id":"https:\/\/product-guide.org\/produkt\/jaro-black-leguano-de-9\/#breadcrumb","itemListElement":[{"@type":"ListItem","position":1,"name":"Home","item":"https:\/\/product-guide.org\/"},{"@type":"ListItem","position":2,"name":"Ergebnisse","item":"https:\/\/product-guide.org\/de\/ergebnisse\/"},{"@type":"ListItem","position":3,"name":"jaro black | Leguano DE"}]},{"@type":"WebSite","@id":"https:\/\/product-guide.org\/#website","url":"https:\/\/product-guide.org\/","name":"Product-Guide.org","description":"What Product are you looking for?","publisher":{"@id":"https:\/\/product-guide.org\/#organization"},"potentialAction":[{"@type":"SearchAction","target":{"@type":"EntryPoint","urlTemplate":"https:\/\/product-guide.org\/?s={search_term_string}"},"query-input":{"@type":"PropertyValueSpecification","valueRequired":true,"valueName":"search_term_string"}}],"inLanguage":"en-GB"},{"@type":"Organization","@id":"https:\/\/product-guide.org\/#organization","name":"Product-Guide.org","url":"https:\/\/product-guide.org\/","logo":{"@type":"ImageObject","inLanguage":"en-GB","@id":"https:\/\/product-guide.org\/#\/schema\/logo\/image\/","url":"https:\/\/product-guide.org\/wp-content\/uploads\/2022\/07\/logo_transparent_background.png","contentUrl":"https:\/\/product-guide.org\/wp-content\/uploads\/2022\/07\/logo_transparent_background.png","width":3400,"height":1132,"caption":"Product-Guide.org"},"image":{"@id":"https:\/\/product-guide.org\/#\/schema\/logo\/image\/"}}]}},"_links":{"self":[{"href":"https:\/\/product-guide.org\/en\/wp-json\/wp\/v2\/product\/50354","targetHints":{"allow":["GET"]}}],"collection":[{"href":"https:\/\/product-guide.org\/en\/wp-json\/wp\/v2\/product"}],"about":[{"href":"https:\/\/product-guide.org\/en\/wp-json\/wp\/v2\/types\/product"}],"wp:featuredmedia":[{"embeddable":true,"href":"https:\/\/product-guide.org\/en\/wp-json\/wp\/v2\/media\/50345"}],"wp:attachment":[{"href":"https:\/\/product-guide.org\/en\/wp-json\/wp\/v2\/media?parent=50354"}],"wp:term":[{"taxonomy":"store","embeddable":true,"href":"https:\/\/product-guide.org\/en\/wp-json\/wp\/v2\/store?post=50354"},{"taxonomy":"product_brand","embeddable":true,"href":"https:\/\/product-guide.org\/en\/wp-json\/wp\/v2\/product_brand?post=50354"},{"taxonomy":"product_cat","embeddable":true,"href":"https:\/\/product-guide.org\/en\/wp-json\/wp\/v2\/product_cat?post=50354"},{"taxonomy":"product_tag","embeddable":true,"href":"https:\/\/product-guide.org\/en\/wp-json\/wp\/v2\/product_tag?post=50354"}],"curies":[{"name":"wp","href":"https:\/\/api.w.org\/{rel}","templated":true}]}}