{"id":50384,"date":"2025-03-17T10:55:00","date_gmt":"2025-03-17T09:55:00","guid":{"rendered":"https:\/\/product-guide.org\/produkt\/abus-akku-kamera-pro-mit-basisstation-ppic91000-alarm-laden\/"},"modified":"2025-03-17T10:55:00","modified_gmt":"2025-03-17T09:55:00","slug":"abus-akku-kamera-pro-mit-basisstation-ppic91000-alarm-laden","status":"publish","type":"product","link":"https:\/\/product-guide.org\/en\/produkt\/abus-akku-kamera-pro-mit-basisstation-ppic91000-alarm-laden\/","title":{"rendered":"ABUS Akku-Kamera Pro mit Basisstation &#8211; PPIC91000 | alarm-laden"},"content":{"rendered":"<p>Produktvorteile \u00dcberwachungskamera mit Funk, Akku, Personenerkennung, Push-Nachricht bei Bewegungsalarm, Gegensprechfunktion, Farbbildern sogar nachts, Basisstation sowie kostenfreiem Zugriff per Handy- und Tablet-App App2Cam Plus Flexible Funk-Kamera f\u00fcr drau\u00dfen &#038; drinnen; wetterfest (Schutzart IP65); 120-Grad-Blickwinkel; nach Bedarf drinnen auf ein Regalbrett legen, drau\u00dfen mit praktischer Kugelkopfhalterung Praktische Basisstation (drinnen per LAN-Kabel mit Router verbunden) verl\u00e4ngert die Funk-Reichweite; USB-Stick anstecken (Zubeh\u00f6r, bis zu 128 GB) f\u00fcr im Geb\u00e4udeinneren gespeicherte Kamera-Aufnahmen (kein Abo); insg. bis zu 4 Kameras einbindbar Schnell einsatzbereit durch einfache Inbetriebnahme (mit App-Assistent in wenigen Minuten); per App dauerhaft kostenfreier Zugriff auf Livestream, Speicher sowie alle Funktionen und pers\u00f6nlichen Einstellungen (Wei\u00dflicht-LED etc.) Vollautomatisches Erkennen von Personen inkl. automatisch startender Aufnahme (ignoriert dann z. B. Zweige, Bl\u00e4tter, Tiere, Fahrzeuge); per App Push-Benachrichtigung und Gegensprechen Privatzonen komplett ausblenden\/schw\u00e4rzen (z. B. \u00f6ffentliche Grundst\u00fccke); Datenschutz-konformes Aufzeichnen (Audio aus; je nach Einsatz vor Ort Videodaten dauerhaft speichern bzw. nach 3, 7 oder 30 Tagen automatisch l\u00f6schen) Intelligentes Akku-Management; Akku-Laufzeit dadurch bis zu 6 Monate (bei rd. 4 Aufnahmen\/Zugriffen pro Tag; bei h\u00e4ufigerer\/l\u00e4ngerer Nutzung, Hitze\/Frost oder gr\u00f6\u00dferer Entfernung zur Basisstation reduziert sich die Laufzeit) 3-Megapixel-Aufl\u00f6sung; klare und detailreiche Nachtsicht in Farbe Zusatz-Kameras erh\u00e4ltlich (max. 4 Kameras pro Basisstation); Set kompatibel mit ABUS Solarpanel Teil der ABUS Comfort-Line &#038; Smart Security World; kompatibel zur Funk-Alarmanlage Smartvest ZUSATZ-KAMERA F\u00dcR MEHR SICHERHEIT Mit der Zusatz-Kamera erg\u00e4nzt du dein Set aus ABUS Akku-Kamera Pro und Basisstation, wenn du mehrere Bereiche \u00fcber ein System \u00fcberwachen m\u00f6chtest. Insgesamt kannst du bis zu vier Kameras gleichzeitig anschlie\u00dfen. Die Zusatz-Kamera arbeitet ebenfalls zu 100 Prozent drahtlos und kann dank gro\u00dfer Funk-Reichweite flexibel angebracht werden. Dank ihres gro\u00dfz\u00fcgigen 120-Grad-Blickwinkels bietet sie eine umfassende Sicht und schreckt Eindringlinge ab \u2013 sowohl drinnen als auch drau\u00dfen. Schnell ist die zus\u00e4tzliche Akku-Kamera einsatzbereit: Die einfache Inbetriebnahme erm\u00f6glicht dir einen raschen Zugang zu Live-Bildern von deinem \u00fcberwachten Bereich \u2013 zum Beispiel via App als Push-Nachricht auf dein Smartphone. Auf Wunsch meldet dir die Kamera nur Personen und ignoriert z. B. Tiere, Fahrzeuge oder sich im Wind wiegende Bl\u00e4tter. Die integrierte Wei\u00dflicht-LED sorgt selbst bei Dunkelheit f\u00fcr klare Farbbilder. Ebenso unbeeindruckt zeigt sich die wetterfeste Kamera von Regen, Schnee und intensiver Sonneneinstrahlung. Ein weiteres Plus: App und Kamera lassen sich wie eine Gegensprechanlage nutzen \u2013 das ist praktisch, wenn der Paketbote klingelt. Das separat erh\u00e4ltliche ABUS Solarpanel verl\u00e4ngert die Akku-Laufzeit und macht die Kamera bei guten Wetterbedingungen sogar komplett autark. Lieferumfang: 1Akku-Kamera Pro 1Basisstation 1Netzteil f\u00fcr Basisstation (12 V DC, 1 A) 1Antenne f\u00fcr Akku-Kamera Pro 1USB-A- auf USB-C-Kabel 1Wandhalterung 1Netzwerkkabel (1,5 m) 2Montagematerial 1Reset-Tool 1Bohrschablone Kamera 1Bohrschablone Basisstation 1USB-Stick<\/p>\n","protected":false},"excerpt":{"rendered":"<p>Produktvorteile \u00dcberwachungskamera mit Funk, Akku, Personenerkennung, Push-Nachricht bei Bewegungsalarm, Gegensprechfunktion, Farbbildern sogar nachts, Basisstation sowie kostenfreiem Zugriff per Handy- und Tablet-App App2Cam Plus Flexible Funk-Kamera f\u00fcr drau\u00dfen &#038; drinnen; wetterfest (Schutzart IP65); 120-Grad-Blickwinkel; nach Bedarf drinnen auf ein Regalbrett legen, drau\u00dfen mit praktischer Kugelkopfhalterung Praktische Basisstation (drinnen per LAN-Kabel mit Router verbunden) verl\u00e4ngert die Funk-Reichweite; [&hellip;]<\/p>\n","protected":false},"featured_media":50383,"template":"","meta":{"_gspb_post_css":""},"store":[],"product_brand":[1378],"product_cat":[1290],"product_tag":[],"class_list":{"0":"post-50384","1":"product","2":"type-product","3":"status-publish","4":"has-post-thumbnail","6":"product_brand-alarm-laden","7":"product_cat-uncategorized","9":"first","10":"instock","11":"shipping-taxable","12":"purchasable","13":"product-type-simple"},"yoast_head":"<!-- This site is optimized with the Yoast SEO plugin v24.6 - https:\/\/yoast.com\/wordpress\/plugins\/seo\/ -->\n<title>ABUS Akku-Kamera Pro mit Basisstation - PPIC91000 | alarm-laden | Product-Guide.org<\/title>\n<meta name=\"description\" content=\"ABUS Akku-Kamera Pro mit Basisstation - PPIC91000 | alarm-laden gefunden von Product-Guide.org\" \/>\n<meta name=\"robots\" content=\"index, follow, max-snippet:-1, max-image-preview:large, max-video-preview:-1\" \/>\n<link rel=\"canonical\" href=\"https:\/\/product-guide.org\/en\/produkt\/abus-akku-kamera-pro-mit-basisstation-ppic91000-alarm-laden\/\" \/>\n<meta property=\"og:locale\" content=\"en_GB\" \/>\n<meta property=\"og:type\" content=\"article\" \/>\n<meta property=\"og:title\" content=\"ABUS Akku-Kamera Pro mit Basisstation - PPIC91000 | alarm-laden | Product-Guide.org\" \/>\n<meta property=\"og:description\" content=\"ABUS Akku-Kamera Pro mit Basisstation - PPIC91000 | alarm-laden gefunden von Product-Guide.org\" \/>\n<meta property=\"og:url\" content=\"https:\/\/product-guide.org\/en\/produkt\/abus-akku-kamera-pro-mit-basisstation-ppic91000-alarm-laden\/\" \/>\n<meta property=\"og:site_name\" content=\"Product-Guide.org\" \/>\n<meta name=\"twitter:card\" content=\"summary_large_image\" \/>\n<script type=\"application\/ld+json\" class=\"yoast-schema-graph\">{\"@context\":\"https:\/\/schema.org\",\"@graph\":[{\"@type\":\"WebPage\",\"@id\":\"https:\/\/product-guide.org\/produkt\/abus-akku-kamera-pro-mit-basisstation-ppic91000-alarm-laden\/\",\"url\":\"https:\/\/product-guide.org\/produkt\/abus-akku-kamera-pro-mit-basisstation-ppic91000-alarm-laden\/\",\"name\":\"ABUS Akku-Kamera Pro mit Basisstation - PPIC91000 | alarm-laden | Product-Guide.org\",\"isPartOf\":{\"@id\":\"https:\/\/product-guide.org\/#website\"},\"primaryImageOfPage\":{\"@id\":\"https:\/\/product-guide.org\/produkt\/abus-akku-kamera-pro-mit-basisstation-ppic91000-alarm-laden\/#primaryimage\"},\"image\":{\"@id\":\"https:\/\/product-guide.org\/produkt\/abus-akku-kamera-pro-mit-basisstation-ppic91000-alarm-laden\/#primaryimage\"},\"thumbnailUrl\":\"https:\/\/product-guide.org\/wp-content\/uploads\/2025\/03\/98145ppic91000prowfront3.jpg\",\"datePublished\":\"2025-03-17T09:55:00+00:00\",\"description\":\"ABUS Akku-Kamera Pro mit Basisstation - PPIC91000 | alarm-laden gefunden von Product-Guide.org\",\"breadcrumb\":{\"@id\":\"https:\/\/product-guide.org\/produkt\/abus-akku-kamera-pro-mit-basisstation-ppic91000-alarm-laden\/#breadcrumb\"},\"inLanguage\":\"en-GB\",\"potentialAction\":[{\"@type\":\"ReadAction\",\"target\":[\"https:\/\/product-guide.org\/produkt\/abus-akku-kamera-pro-mit-basisstation-ppic91000-alarm-laden\/\"]}]},{\"@type\":\"ImageObject\",\"inLanguage\":\"en-GB\",\"@id\":\"https:\/\/product-guide.org\/produkt\/abus-akku-kamera-pro-mit-basisstation-ppic91000-alarm-laden\/#primaryimage\",\"url\":\"https:\/\/product-guide.org\/wp-content\/uploads\/2025\/03\/98145ppic91000prowfront3.jpg\",\"contentUrl\":\"https:\/\/product-guide.org\/wp-content\/uploads\/2025\/03\/98145ppic91000prowfront3.jpg\",\"width\":924,\"height\":1000},{\"@type\":\"BreadcrumbList\",\"@id\":\"https:\/\/product-guide.org\/produkt\/abus-akku-kamera-pro-mit-basisstation-ppic91000-alarm-laden\/#breadcrumb\",\"itemListElement\":[{\"@type\":\"ListItem\",\"position\":1,\"name\":\"Home\",\"item\":\"https:\/\/product-guide.org\/\"},{\"@type\":\"ListItem\",\"position\":2,\"name\":\"Ergebnisse\",\"item\":\"https:\/\/product-guide.org\/de\/ergebnisse\/\"},{\"@type\":\"ListItem\",\"position\":3,\"name\":\"ABUS Akku-Kamera Pro mit Basisstation &#8211; PPIC91000 | alarm-laden\"}]},{\"@type\":\"WebSite\",\"@id\":\"https:\/\/product-guide.org\/#website\",\"url\":\"https:\/\/product-guide.org\/\",\"name\":\"Product-Guide.org\",\"description\":\"What Product are you looking for?\",\"publisher\":{\"@id\":\"https:\/\/product-guide.org\/#organization\"},\"potentialAction\":[{\"@type\":\"SearchAction\",\"target\":{\"@type\":\"EntryPoint\",\"urlTemplate\":\"https:\/\/product-guide.org\/?s={search_term_string}\"},\"query-input\":{\"@type\":\"PropertyValueSpecification\",\"valueRequired\":true,\"valueName\":\"search_term_string\"}}],\"inLanguage\":\"en-GB\"},{\"@type\":\"Organization\",\"@id\":\"https:\/\/product-guide.org\/#organization\",\"name\":\"Product-Guide.org\",\"url\":\"https:\/\/product-guide.org\/\",\"logo\":{\"@type\":\"ImageObject\",\"inLanguage\":\"en-GB\",\"@id\":\"https:\/\/product-guide.org\/#\/schema\/logo\/image\/\",\"url\":\"https:\/\/product-guide.org\/wp-content\/uploads\/2022\/07\/logo_transparent_background.png\",\"contentUrl\":\"https:\/\/product-guide.org\/wp-content\/uploads\/2022\/07\/logo_transparent_background.png\",\"width\":3400,\"height\":1132,\"caption\":\"Product-Guide.org\"},\"image\":{\"@id\":\"https:\/\/product-guide.org\/#\/schema\/logo\/image\/\"}}]}<\/script>\n<!-- \/ Yoast SEO plugin. -->","yoast_head_json":{"title":"ABUS Akku-Kamera Pro mit Basisstation - PPIC91000 | alarm-laden | Product-Guide.org","description":"ABUS Akku-Kamera Pro mit Basisstation - PPIC91000 | alarm-laden gefunden von Product-Guide.org","robots":{"index":"index","follow":"follow","max-snippet":"max-snippet:-1","max-image-preview":"max-image-preview:large","max-video-preview":"max-video-preview:-1"},"canonical":"https:\/\/product-guide.org\/en\/produkt\/abus-akku-kamera-pro-mit-basisstation-ppic91000-alarm-laden\/","og_locale":"en_GB","og_type":"article","og_title":"ABUS Akku-Kamera Pro mit Basisstation - PPIC91000 | alarm-laden | Product-Guide.org","og_description":"ABUS Akku-Kamera Pro mit Basisstation - PPIC91000 | alarm-laden gefunden von Product-Guide.org","og_url":"https:\/\/product-guide.org\/en\/produkt\/abus-akku-kamera-pro-mit-basisstation-ppic91000-alarm-laden\/","og_site_name":"Product-Guide.org","twitter_card":"summary_large_image","schema":{"@context":"https:\/\/schema.org","@graph":[{"@type":"WebPage","@id":"https:\/\/product-guide.org\/produkt\/abus-akku-kamera-pro-mit-basisstation-ppic91000-alarm-laden\/","url":"https:\/\/product-guide.org\/produkt\/abus-akku-kamera-pro-mit-basisstation-ppic91000-alarm-laden\/","name":"ABUS Akku-Kamera Pro mit Basisstation - PPIC91000 | alarm-laden | Product-Guide.org","isPartOf":{"@id":"https:\/\/product-guide.org\/#website"},"primaryImageOfPage":{"@id":"https:\/\/product-guide.org\/produkt\/abus-akku-kamera-pro-mit-basisstation-ppic91000-alarm-laden\/#primaryimage"},"image":{"@id":"https:\/\/product-guide.org\/produkt\/abus-akku-kamera-pro-mit-basisstation-ppic91000-alarm-laden\/#primaryimage"},"thumbnailUrl":"https:\/\/product-guide.org\/wp-content\/uploads\/2025\/03\/98145ppic91000prowfront3.jpg","datePublished":"2025-03-17T09:55:00+00:00","description":"ABUS Akku-Kamera Pro mit Basisstation - PPIC91000 | alarm-laden gefunden von Product-Guide.org","breadcrumb":{"@id":"https:\/\/product-guide.org\/produkt\/abus-akku-kamera-pro-mit-basisstation-ppic91000-alarm-laden\/#breadcrumb"},"inLanguage":"en-GB","potentialAction":[{"@type":"ReadAction","target":["https:\/\/product-guide.org\/produkt\/abus-akku-kamera-pro-mit-basisstation-ppic91000-alarm-laden\/"]}]},{"@type":"ImageObject","inLanguage":"en-GB","@id":"https:\/\/product-guide.org\/produkt\/abus-akku-kamera-pro-mit-basisstation-ppic91000-alarm-laden\/#primaryimage","url":"https:\/\/product-guide.org\/wp-content\/uploads\/2025\/03\/98145ppic91000prowfront3.jpg","contentUrl":"https:\/\/product-guide.org\/wp-content\/uploads\/2025\/03\/98145ppic91000prowfront3.jpg","width":924,"height":1000},{"@type":"BreadcrumbList","@id":"https:\/\/product-guide.org\/produkt\/abus-akku-kamera-pro-mit-basisstation-ppic91000-alarm-laden\/#breadcrumb","itemListElement":[{"@type":"ListItem","position":1,"name":"Home","item":"https:\/\/product-guide.org\/"},{"@type":"ListItem","position":2,"name":"Ergebnisse","item":"https:\/\/product-guide.org\/de\/ergebnisse\/"},{"@type":"ListItem","position":3,"name":"ABUS Akku-Kamera Pro mit Basisstation &#8211; PPIC91000 | alarm-laden"}]},{"@type":"WebSite","@id":"https:\/\/product-guide.org\/#website","url":"https:\/\/product-guide.org\/","name":"Product-Guide.org","description":"What Product are you looking for?","publisher":{"@id":"https:\/\/product-guide.org\/#organization"},"potentialAction":[{"@type":"SearchAction","target":{"@type":"EntryPoint","urlTemplate":"https:\/\/product-guide.org\/?s={search_term_string}"},"query-input":{"@type":"PropertyValueSpecification","valueRequired":true,"valueName":"search_term_string"}}],"inLanguage":"en-GB"},{"@type":"Organization","@id":"https:\/\/product-guide.org\/#organization","name":"Product-Guide.org","url":"https:\/\/product-guide.org\/","logo":{"@type":"ImageObject","inLanguage":"en-GB","@id":"https:\/\/product-guide.org\/#\/schema\/logo\/image\/","url":"https:\/\/product-guide.org\/wp-content\/uploads\/2022\/07\/logo_transparent_background.png","contentUrl":"https:\/\/product-guide.org\/wp-content\/uploads\/2022\/07\/logo_transparent_background.png","width":3400,"height":1132,"caption":"Product-Guide.org"},"image":{"@id":"https:\/\/product-guide.org\/#\/schema\/logo\/image\/"}}]}},"_links":{"self":[{"href":"https:\/\/product-guide.org\/en\/wp-json\/wp\/v2\/product\/50384","targetHints":{"allow":["GET"]}}],"collection":[{"href":"https:\/\/product-guide.org\/en\/wp-json\/wp\/v2\/product"}],"about":[{"href":"https:\/\/product-guide.org\/en\/wp-json\/wp\/v2\/types\/product"}],"wp:featuredmedia":[{"embeddable":true,"href":"https:\/\/product-guide.org\/en\/wp-json\/wp\/v2\/media\/50383"}],"wp:attachment":[{"href":"https:\/\/product-guide.org\/en\/wp-json\/wp\/v2\/media?parent=50384"}],"wp:term":[{"taxonomy":"store","embeddable":true,"href":"https:\/\/product-guide.org\/en\/wp-json\/wp\/v2\/store?post=50384"},{"taxonomy":"product_brand","embeddable":true,"href":"https:\/\/product-guide.org\/en\/wp-json\/wp\/v2\/product_brand?post=50384"},{"taxonomy":"product_cat","embeddable":true,"href":"https:\/\/product-guide.org\/en\/wp-json\/wp\/v2\/product_cat?post=50384"},{"taxonomy":"product_tag","embeddable":true,"href":"https:\/\/product-guide.org\/en\/wp-json\/wp\/v2\/product_tag?post=50384"}],"curies":[{"name":"wp","href":"https:\/\/api.w.org\/{rel}","templated":true}]}}