{"id":50394,"date":"2025-03-17T10:55:10","date_gmt":"2025-03-17T09:55:10","guid":{"rendered":"https:\/\/product-guide.org\/produkt\/abus-solarpanel-fur-akku-kamera-pro-ppic91600-alarm-laden\/"},"modified":"2025-03-17T10:55:10","modified_gmt":"2025-03-17T09:55:10","slug":"abus-solarpanel-fur-akku-kamera-pro-ppic91600-alarm-laden","status":"publish","type":"product","link":"https:\/\/product-guide.org\/en\/produkt\/abus-solarpanel-fur-akku-kamera-pro-ppic91600-alarm-laden\/","title":{"rendered":"ABUS Solarpanel f\u00fcr Akku-Kamera Pro &#8211; PPIC91600 | alarm-laden"},"content":{"rendered":"<p>Produktvorteile Praktisches Solarpanel f\u00fcr ABUS Akku-Kamera Pro Automatisch und klimafreundlich den Kamera-Akku laden, w\u00e4hrend die ABUS Akku-Kamera Pro weiterl\u00e4uft (nicht kompatibel mit der ABUS WLAN Akku Cam, Artikelnr. PPIC90000 etc.) Voller Akku nach bereits wenigen Sonnenstunden; l\u00e4dt bei Temperaturen von 0 bis 45\u00b0 C Bitte beachten f\u00fcr den automatischen Betrieb: Per App die aktuelle Firmware der Basisstation und Kamera laden und in den Einstellungen der Kamera den Betriebsmodus \u201eSolar\u201c w\u00e4hlen Verl\u00e4ngert die Akku-Laufzeit der Kamera deutlich, abh\u00e4ngig von den konkreten Bedingungen vor Ort Kein manuelles Nachladen, abh\u00e4ngig von der Anzahl der Interaktionen der Kamera und solange das Solarpanel ausreichend Sonneneinstrahlung bekommt, die Paneloberfl\u00e4che sauber ist und die Temperatur zwischen 0 und 45\u00b0 C liegt Inklusive Halterung mit praktischem Kugelkopf und 3-Meter-Kabel (USB-C-Stecker) zum bestm\u00f6glichen Ausrichten des Solarpanels zur Sonne Wetterfest (Schutzart IP65) Schickes und kompaktes Design (17 x 12 x 1 cm) NAT\u00dcRLICHE ENERGIE F\u00dcR LANGE AKKU-LAUFZEIT Unser kompaktes, wetterfestes Solarpanel l\u00e4dt Ihre Akku-Kamera Pro vollautomatisch bei Sonnenschein auf \u2013 ohne Ihr Zutun und unabh\u00e4ngig von den Stromkosten. Schon wenige Sonnenstunden reichen aus, um Ihren Akku komplett aufzuladen. Im Sommer bei viel Sonnenschein kann dadurch der manuelle Ladevorgang komplett entfallen. Das ist nachhaltig und schont ihr Portemonnaie. Sie k\u00f6nnen das Solarpanel einfach mit einem USB-C-Stecker an Ihrer ABUS Akku-Kamera Pro anschlie\u00dfen. Ein drei Meter langes Verbindungskabel bietet Ihnen die M\u00f6glichkeit, das Solarpanel dort anzubringen, wo Sie es w\u00fcnschen. Dank eines kleinen Kugelkopfes an der Halterung, die im Lieferumfang inbegriffen ist, k\u00f6nnen Sie das kompakte Solarpanel (17 x 12 x 1 cm) optimal zur Sonne ausrichten, damit m\u00f6glichst viele Strahlen aufgefangen werden. Und der Setup-Prozess? Kinderleicht! Laden Sie einfach die neueste Firmware f\u00fcr die Basisstation und die Kamera \u00fcber unsere kostenlose App herunter. W\u00e4hlen Sie dann den Betriebsmodus \u201eSolar\u201c \u2013 und schon sind Sie startklar!<\/p>\n","protected":false},"excerpt":{"rendered":"<p>Produktvorteile Praktisches Solarpanel f\u00fcr ABUS Akku-Kamera Pro Automatisch und klimafreundlich den Kamera-Akku laden, w\u00e4hrend die ABUS Akku-Kamera Pro weiterl\u00e4uft (nicht kompatibel mit der ABUS WLAN Akku Cam, Artikelnr. PPIC90000 etc.) Voller Akku nach bereits wenigen Sonnenstunden; l\u00e4dt bei Temperaturen von 0 bis 45\u00b0 C Bitte beachten f\u00fcr den automatischen Betrieb: Per App die aktuelle Firmware [&hellip;]<\/p>\n","protected":false},"featured_media":50393,"template":"","meta":{"_gspb_post_css":""},"store":[],"product_brand":[1378],"product_cat":[1290],"product_tag":[],"class_list":{"0":"post-50394","1":"product","2":"type-product","3":"status-publish","4":"has-post-thumbnail","6":"product_brand-alarm-laden","7":"product_cat-uncategorized","9":"first","10":"instock","11":"shipping-taxable","12":"purchasable","13":"product-type-simple"},"yoast_head":"<!-- This site is optimized with the Yoast SEO plugin v24.6 - https:\/\/yoast.com\/wordpress\/plugins\/seo\/ -->\n<title>ABUS Solarpanel f\u00fcr Akku-Kamera Pro - PPIC91600 | alarm-laden | Product-Guide.org<\/title>\n<meta name=\"description\" content=\"ABUS Solarpanel f\u00fcr Akku-Kamera Pro - PPIC91600 | alarm-laden gefunden von Product-Guide.org\" \/>\n<meta name=\"robots\" content=\"index, follow, max-snippet:-1, max-image-preview:large, max-video-preview:-1\" \/>\n<link rel=\"canonical\" href=\"https:\/\/product-guide.org\/en\/produkt\/abus-solarpanel-fur-akku-kamera-pro-ppic91600-alarm-laden\/\" \/>\n<meta property=\"og:locale\" content=\"en_GB\" \/>\n<meta property=\"og:type\" content=\"article\" \/>\n<meta property=\"og:title\" content=\"ABUS Solarpanel f\u00fcr Akku-Kamera Pro - PPIC91600 | alarm-laden | Product-Guide.org\" \/>\n<meta property=\"og:description\" content=\"ABUS Solarpanel f\u00fcr Akku-Kamera Pro - PPIC91600 | alarm-laden gefunden von Product-Guide.org\" \/>\n<meta property=\"og:url\" content=\"https:\/\/product-guide.org\/en\/produkt\/abus-solarpanel-fur-akku-kamera-pro-ppic91600-alarm-laden\/\" \/>\n<meta property=\"og:site_name\" content=\"Product-Guide.org\" \/>\n<meta name=\"twitter:card\" content=\"summary_large_image\" \/>\n<script type=\"application\/ld+json\" class=\"yoast-schema-graph\">{\"@context\":\"https:\/\/schema.org\",\"@graph\":[{\"@type\":\"WebPage\",\"@id\":\"https:\/\/product-guide.org\/produkt\/abus-solarpanel-fur-akku-kamera-pro-ppic91600-alarm-laden\/\",\"url\":\"https:\/\/product-guide.org\/produkt\/abus-solarpanel-fur-akku-kamera-pro-ppic91600-alarm-laden\/\",\"name\":\"ABUS Solarpanel f\u00fcr Akku-Kamera Pro - PPIC91600 | alarm-laden | Product-Guide.org\",\"isPartOf\":{\"@id\":\"https:\/\/product-guide.org\/#website\"},\"primaryImageOfPage\":{\"@id\":\"https:\/\/product-guide.org\/produkt\/abus-solarpanel-fur-akku-kamera-pro-ppic91600-alarm-laden\/#primaryimage\"},\"image\":{\"@id\":\"https:\/\/product-guide.org\/produkt\/abus-solarpanel-fur-akku-kamera-pro-ppic91600-alarm-laden\/#primaryimage\"},\"thumbnailUrl\":\"https:\/\/product-guide.org\/wp-content\/uploads\/2025\/03\/ppic91600solarpanelrighthanging3.jpg\",\"datePublished\":\"2025-03-17T09:55:10+00:00\",\"description\":\"ABUS Solarpanel f\u00fcr Akku-Kamera Pro - PPIC91600 | alarm-laden gefunden von Product-Guide.org\",\"breadcrumb\":{\"@id\":\"https:\/\/product-guide.org\/produkt\/abus-solarpanel-fur-akku-kamera-pro-ppic91600-alarm-laden\/#breadcrumb\"},\"inLanguage\":\"en-GB\",\"potentialAction\":[{\"@type\":\"ReadAction\",\"target\":[\"https:\/\/product-guide.org\/produkt\/abus-solarpanel-fur-akku-kamera-pro-ppic91600-alarm-laden\/\"]}]},{\"@type\":\"ImageObject\",\"inLanguage\":\"en-GB\",\"@id\":\"https:\/\/product-guide.org\/produkt\/abus-solarpanel-fur-akku-kamera-pro-ppic91600-alarm-laden\/#primaryimage\",\"url\":\"https:\/\/product-guide.org\/wp-content\/uploads\/2025\/03\/ppic91600solarpanelrighthanging3.jpg\",\"contentUrl\":\"https:\/\/product-guide.org\/wp-content\/uploads\/2025\/03\/ppic91600solarpanelrighthanging3.jpg\",\"width\":1000,\"height\":1000},{\"@type\":\"BreadcrumbList\",\"@id\":\"https:\/\/product-guide.org\/produkt\/abus-solarpanel-fur-akku-kamera-pro-ppic91600-alarm-laden\/#breadcrumb\",\"itemListElement\":[{\"@type\":\"ListItem\",\"position\":1,\"name\":\"Home\",\"item\":\"https:\/\/product-guide.org\/\"},{\"@type\":\"ListItem\",\"position\":2,\"name\":\"Ergebnisse\",\"item\":\"https:\/\/product-guide.org\/de\/ergebnisse\/\"},{\"@type\":\"ListItem\",\"position\":3,\"name\":\"ABUS Solarpanel f\u00fcr Akku-Kamera Pro &#8211; PPIC91600 | alarm-laden\"}]},{\"@type\":\"WebSite\",\"@id\":\"https:\/\/product-guide.org\/#website\",\"url\":\"https:\/\/product-guide.org\/\",\"name\":\"Product-Guide.org\",\"description\":\"What Product are you looking for?\",\"publisher\":{\"@id\":\"https:\/\/product-guide.org\/#organization\"},\"potentialAction\":[{\"@type\":\"SearchAction\",\"target\":{\"@type\":\"EntryPoint\",\"urlTemplate\":\"https:\/\/product-guide.org\/?s={search_term_string}\"},\"query-input\":{\"@type\":\"PropertyValueSpecification\",\"valueRequired\":true,\"valueName\":\"search_term_string\"}}],\"inLanguage\":\"en-GB\"},{\"@type\":\"Organization\",\"@id\":\"https:\/\/product-guide.org\/#organization\",\"name\":\"Product-Guide.org\",\"url\":\"https:\/\/product-guide.org\/\",\"logo\":{\"@type\":\"ImageObject\",\"inLanguage\":\"en-GB\",\"@id\":\"https:\/\/product-guide.org\/#\/schema\/logo\/image\/\",\"url\":\"https:\/\/product-guide.org\/wp-content\/uploads\/2022\/07\/logo_transparent_background.png\",\"contentUrl\":\"https:\/\/product-guide.org\/wp-content\/uploads\/2022\/07\/logo_transparent_background.png\",\"width\":3400,\"height\":1132,\"caption\":\"Product-Guide.org\"},\"image\":{\"@id\":\"https:\/\/product-guide.org\/#\/schema\/logo\/image\/\"}}]}<\/script>\n<!-- \/ Yoast SEO plugin. -->","yoast_head_json":{"title":"ABUS Solarpanel f\u00fcr Akku-Kamera Pro - PPIC91600 | alarm-laden | Product-Guide.org","description":"ABUS Solarpanel f\u00fcr Akku-Kamera Pro - PPIC91600 | alarm-laden gefunden von Product-Guide.org","robots":{"index":"index","follow":"follow","max-snippet":"max-snippet:-1","max-image-preview":"max-image-preview:large","max-video-preview":"max-video-preview:-1"},"canonical":"https:\/\/product-guide.org\/en\/produkt\/abus-solarpanel-fur-akku-kamera-pro-ppic91600-alarm-laden\/","og_locale":"en_GB","og_type":"article","og_title":"ABUS Solarpanel f\u00fcr Akku-Kamera Pro - PPIC91600 | alarm-laden | Product-Guide.org","og_description":"ABUS Solarpanel f\u00fcr Akku-Kamera Pro - PPIC91600 | alarm-laden gefunden von Product-Guide.org","og_url":"https:\/\/product-guide.org\/en\/produkt\/abus-solarpanel-fur-akku-kamera-pro-ppic91600-alarm-laden\/","og_site_name":"Product-Guide.org","twitter_card":"summary_large_image","schema":{"@context":"https:\/\/schema.org","@graph":[{"@type":"WebPage","@id":"https:\/\/product-guide.org\/produkt\/abus-solarpanel-fur-akku-kamera-pro-ppic91600-alarm-laden\/","url":"https:\/\/product-guide.org\/produkt\/abus-solarpanel-fur-akku-kamera-pro-ppic91600-alarm-laden\/","name":"ABUS Solarpanel f\u00fcr Akku-Kamera Pro - PPIC91600 | alarm-laden | Product-Guide.org","isPartOf":{"@id":"https:\/\/product-guide.org\/#website"},"primaryImageOfPage":{"@id":"https:\/\/product-guide.org\/produkt\/abus-solarpanel-fur-akku-kamera-pro-ppic91600-alarm-laden\/#primaryimage"},"image":{"@id":"https:\/\/product-guide.org\/produkt\/abus-solarpanel-fur-akku-kamera-pro-ppic91600-alarm-laden\/#primaryimage"},"thumbnailUrl":"https:\/\/product-guide.org\/wp-content\/uploads\/2025\/03\/ppic91600solarpanelrighthanging3.jpg","datePublished":"2025-03-17T09:55:10+00:00","description":"ABUS Solarpanel f\u00fcr Akku-Kamera Pro - PPIC91600 | alarm-laden gefunden von Product-Guide.org","breadcrumb":{"@id":"https:\/\/product-guide.org\/produkt\/abus-solarpanel-fur-akku-kamera-pro-ppic91600-alarm-laden\/#breadcrumb"},"inLanguage":"en-GB","potentialAction":[{"@type":"ReadAction","target":["https:\/\/product-guide.org\/produkt\/abus-solarpanel-fur-akku-kamera-pro-ppic91600-alarm-laden\/"]}]},{"@type":"ImageObject","inLanguage":"en-GB","@id":"https:\/\/product-guide.org\/produkt\/abus-solarpanel-fur-akku-kamera-pro-ppic91600-alarm-laden\/#primaryimage","url":"https:\/\/product-guide.org\/wp-content\/uploads\/2025\/03\/ppic91600solarpanelrighthanging3.jpg","contentUrl":"https:\/\/product-guide.org\/wp-content\/uploads\/2025\/03\/ppic91600solarpanelrighthanging3.jpg","width":1000,"height":1000},{"@type":"BreadcrumbList","@id":"https:\/\/product-guide.org\/produkt\/abus-solarpanel-fur-akku-kamera-pro-ppic91600-alarm-laden\/#breadcrumb","itemListElement":[{"@type":"ListItem","position":1,"name":"Home","item":"https:\/\/product-guide.org\/"},{"@type":"ListItem","position":2,"name":"Ergebnisse","item":"https:\/\/product-guide.org\/de\/ergebnisse\/"},{"@type":"ListItem","position":3,"name":"ABUS Solarpanel f\u00fcr Akku-Kamera Pro &#8211; PPIC91600 | alarm-laden"}]},{"@type":"WebSite","@id":"https:\/\/product-guide.org\/#website","url":"https:\/\/product-guide.org\/","name":"Product-Guide.org","description":"What Product are you looking for?","publisher":{"@id":"https:\/\/product-guide.org\/#organization"},"potentialAction":[{"@type":"SearchAction","target":{"@type":"EntryPoint","urlTemplate":"https:\/\/product-guide.org\/?s={search_term_string}"},"query-input":{"@type":"PropertyValueSpecification","valueRequired":true,"valueName":"search_term_string"}}],"inLanguage":"en-GB"},{"@type":"Organization","@id":"https:\/\/product-guide.org\/#organization","name":"Product-Guide.org","url":"https:\/\/product-guide.org\/","logo":{"@type":"ImageObject","inLanguage":"en-GB","@id":"https:\/\/product-guide.org\/#\/schema\/logo\/image\/","url":"https:\/\/product-guide.org\/wp-content\/uploads\/2022\/07\/logo_transparent_background.png","contentUrl":"https:\/\/product-guide.org\/wp-content\/uploads\/2022\/07\/logo_transparent_background.png","width":3400,"height":1132,"caption":"Product-Guide.org"},"image":{"@id":"https:\/\/product-guide.org\/#\/schema\/logo\/image\/"}}]}},"_links":{"self":[{"href":"https:\/\/product-guide.org\/en\/wp-json\/wp\/v2\/product\/50394","targetHints":{"allow":["GET"]}}],"collection":[{"href":"https:\/\/product-guide.org\/en\/wp-json\/wp\/v2\/product"}],"about":[{"href":"https:\/\/product-guide.org\/en\/wp-json\/wp\/v2\/types\/product"}],"wp:featuredmedia":[{"embeddable":true,"href":"https:\/\/product-guide.org\/en\/wp-json\/wp\/v2\/media\/50393"}],"wp:attachment":[{"href":"https:\/\/product-guide.org\/en\/wp-json\/wp\/v2\/media?parent=50394"}],"wp:term":[{"taxonomy":"store","embeddable":true,"href":"https:\/\/product-guide.org\/en\/wp-json\/wp\/v2\/store?post=50394"},{"taxonomy":"product_brand","embeddable":true,"href":"https:\/\/product-guide.org\/en\/wp-json\/wp\/v2\/product_brand?post=50394"},{"taxonomy":"product_cat","embeddable":true,"href":"https:\/\/product-guide.org\/en\/wp-json\/wp\/v2\/product_cat?post=50394"},{"taxonomy":"product_tag","embeddable":true,"href":"https:\/\/product-guide.org\/en\/wp-json\/wp\/v2\/product_tag?post=50394"}],"curies":[{"name":"wp","href":"https:\/\/api.w.org\/{rel}","templated":true}]}}