{"id":50405,"date":"2025-03-17T10:55:18","date_gmt":"2025-03-17T09:55:18","guid":{"rendered":"https:\/\/product-guide.org\/produkt\/wlx-pro-plus-starterkit-intrusion-schwarz-acse00035-alarm-laden-2\/"},"modified":"2025-03-17T10:55:18","modified_gmt":"2025-03-17T09:55:18","slug":"wlx-pro-plus-starterkit-intrusion-schwarz-acse00035-alarm-laden-2","status":"publish","type":"product","link":"https:\/\/product-guide.org\/en\/produkt\/wlx-pro-plus-starterkit-intrusion-schwarz-acse00035-alarm-laden-2\/","title":{"rendered":"WLX Pro Plus Starterkit Intrusion schwarz &#8211; ACSE00035 | alarm-laden"},"content":{"rendered":"<p>ABUS ACSE00035 WLX Pro Plus Starterkit Intrusion schwarzKomplettpaket des wAppLoxx Pro Plus SystemsMit wAppLoxx Pro Zylinder Intrusion 30\/30Geeignet f\u00fcr die Steuerung von EinbruchmeldeanlagenInklusive Zubeh\u00f6r wie Netzteil, Netzwerkkabel und TransponderIdeal als Einstiegspaket f\u00fcr jedes wAppLoxx Pro Plus System ALL-INCLUSIVE F\u00dcR WAPPLOXX PRO PLUS (1 ZYLINDER) Die elektronische Schlie\u00dfanlage wAppLoxx Pro Plus Digitale Zutrittskontrolle f\u00fcr Unternehmen: effizient und komfortabel, onlinef\u00e4hig und funkvernetzt. Software-Verwaltung und App f\u00fcr 160 T\u00fcren. Mittels wAppLoxx Pro PLus (Zylindervariante Intrusion) ist auch das Bedienen (Sch\u00e4rfen\/Entsch\u00e4rften) von bis zu 2 Einbruchmeldeanlagen (EMA) m\u00f6glich. Komplettpaket f\u00fcr den schnellen StartDas Starter Kit Intrusion Schwarz enth\u00e4lt die wAppLoxx Pro Control Plus Zutrittskontrollzentrale f\u00fcr bis zu 160 T\u00fcren und 1.000 Benutzer. Und einen wAppLoxx Pro Zylinder mit Au\u00dfenknauf in der Farbvariante Schwarz. ZylindervarianteBeim enthaltenen Zylinder handelt es sich um einen elektronischer Doppelknaufzylinder mit Lese-Einheit Mifare Desfire EV1 (im Secure Mode), im Standardma\u00df 30\/30, mit Aufbohrschutz Standard und mit Intrusion-Ansteuerung (mit EMA-Funktionalit\u00e4t). Umfangreiches Zubeh\u00f6rIm Lieferumfang enthalten ist das komplette Zubeh\u00f6r (Netzteil, Netzwerkkabel, Transponder, Werkzeugset) f\u00fcr die Installation und Inbetriebnahme des Zutrittskontrollsystems. Artikel-Kurzbezeichnung: Starterkit WLX-PP-I-S Breite: 277 mmH\u00f6he: 247 mmL\u00e4nge: 53 mmNeu: Nein Produktsicherheitsupdates mindestens bis: 2027-05-01 Lieferumfang1 x WLX Pro Control Plus1 x WLX Pro LA 30\/30 Intrusion1 x Internationales Steckernetzteil 12V\/1,5A1 x WLX Kabel CAT 5 1m wei\u00df1 x WLX farbige Schlie\u00dfmedien (5er Set)1 x wAppLoxx Pro Werkzeugset klein Einheit : StkArtikelnr. : ACSE00035<\/p>\n","protected":false},"excerpt":{"rendered":"<p>ABUS ACSE00035 WLX Pro Plus Starterkit Intrusion schwarzKomplettpaket des wAppLoxx Pro Plus SystemsMit wAppLoxx Pro Zylinder Intrusion 30\/30Geeignet f\u00fcr die Steuerung von EinbruchmeldeanlagenInklusive Zubeh\u00f6r wie Netzteil, Netzwerkkabel und TransponderIdeal als Einstiegspaket f\u00fcr jedes wAppLoxx Pro Plus System ALL-INCLUSIVE F\u00dcR WAPPLOXX PRO PLUS (1 ZYLINDER) Die elektronische Schlie\u00dfanlage wAppLoxx Pro Plus Digitale Zutrittskontrolle f\u00fcr Unternehmen: effizient [&hellip;]<\/p>\n","protected":false},"featured_media":50403,"template":"","meta":{"_gspb_post_css":""},"store":[],"product_brand":[1378],"product_cat":[1290],"product_tag":[],"class_list":{"0":"post-50405","1":"product","2":"type-product","3":"status-publish","4":"has-post-thumbnail","6":"product_brand-alarm-laden","7":"product_cat-uncategorized","9":"first","10":"instock","11":"shipping-taxable","12":"purchasable","13":"product-type-simple"},"yoast_head":"<!-- This site is optimized with the Yoast SEO plugin v24.6 - https:\/\/yoast.com\/wordpress\/plugins\/seo\/ -->\n<title>WLX Pro Plus Starterkit Intrusion schwarz - ACSE00035 | alarm-laden | Product-Guide.org<\/title>\n<meta name=\"description\" content=\"WLX Pro Plus Starterkit Intrusion schwarz - ACSE00035 | alarm-laden gefunden von Product-Guide.org\" \/>\n<meta name=\"robots\" content=\"index, follow, max-snippet:-1, max-image-preview:large, max-video-preview:-1\" \/>\n<link rel=\"canonical\" href=\"https:\/\/product-guide.org\/en\/produkt\/wlx-pro-plus-starterkit-intrusion-schwarz-acse00035-alarm-laden-2\/\" \/>\n<meta property=\"og:locale\" content=\"en_GB\" \/>\n<meta property=\"og:type\" content=\"article\" \/>\n<meta property=\"og:title\" content=\"WLX Pro Plus Starterkit Intrusion schwarz - ACSE00035 | alarm-laden | Product-Guide.org\" \/>\n<meta property=\"og:description\" content=\"WLX Pro Plus Starterkit Intrusion schwarz - ACSE00035 | alarm-laden gefunden von Product-Guide.org\" \/>\n<meta property=\"og:url\" content=\"https:\/\/product-guide.org\/en\/produkt\/wlx-pro-plus-starterkit-intrusion-schwarz-acse00035-alarm-laden-2\/\" \/>\n<meta property=\"og:site_name\" content=\"Product-Guide.org\" \/>\n<meta name=\"twitter:card\" content=\"summary_large_image\" \/>\n<script type=\"application\/ld+json\" class=\"yoast-schema-graph\">{\"@context\":\"https:\/\/schema.org\",\"@graph\":[{\"@type\":\"WebPage\",\"@id\":\"https:\/\/product-guide.org\/produkt\/wlx-pro-plus-starterkit-intrusion-schwarz-acse00035-alarm-laden-2\/\",\"url\":\"https:\/\/product-guide.org\/produkt\/wlx-pro-plus-starterkit-intrusion-schwarz-acse00035-alarm-laden-2\/\",\"name\":\"WLX Pro Plus Starterkit Intrusion schwarz - ACSE00035 | alarm-laden | Product-Guide.org\",\"isPartOf\":{\"@id\":\"https:\/\/product-guide.org\/#website\"},\"primaryImageOfPage\":{\"@id\":\"https:\/\/product-guide.org\/produkt\/wlx-pro-plus-starterkit-intrusion-schwarz-acse00035-alarm-laden-2\/#primaryimage\"},\"image\":{\"@id\":\"https:\/\/product-guide.org\/produkt\/wlx-pro-plus-starterkit-intrusion-schwarz-acse00035-alarm-laden-2\/#primaryimage\"},\"thumbnailUrl\":\"https:\/\/product-guide.org\/wp-content\/uploads\/2025\/03\/http___www.abus_.com_var_ImagesPIM_d110001_derivates_3_001_146_ACSE00033_webl_1.jpg\",\"datePublished\":\"2025-03-17T09:55:18+00:00\",\"description\":\"WLX Pro Plus Starterkit Intrusion schwarz - ACSE00035 | alarm-laden gefunden von Product-Guide.org\",\"breadcrumb\":{\"@id\":\"https:\/\/product-guide.org\/produkt\/wlx-pro-plus-starterkit-intrusion-schwarz-acse00035-alarm-laden-2\/#breadcrumb\"},\"inLanguage\":\"en-GB\",\"potentialAction\":[{\"@type\":\"ReadAction\",\"target\":[\"https:\/\/product-guide.org\/produkt\/wlx-pro-plus-starterkit-intrusion-schwarz-acse00035-alarm-laden-2\/\"]}]},{\"@type\":\"ImageObject\",\"inLanguage\":\"en-GB\",\"@id\":\"https:\/\/product-guide.org\/produkt\/wlx-pro-plus-starterkit-intrusion-schwarz-acse00035-alarm-laden-2\/#primaryimage\",\"url\":\"https:\/\/product-guide.org\/wp-content\/uploads\/2025\/03\/http___www.abus_.com_var_ImagesPIM_d110001_derivates_3_001_146_ACSE00033_webl_1.jpg\",\"contentUrl\":\"https:\/\/product-guide.org\/wp-content\/uploads\/2025\/03\/http___www.abus_.com_var_ImagesPIM_d110001_derivates_3_001_146_ACSE00033_webl_1.jpg\",\"width\":1000,\"height\":876},{\"@type\":\"BreadcrumbList\",\"@id\":\"https:\/\/product-guide.org\/produkt\/wlx-pro-plus-starterkit-intrusion-schwarz-acse00035-alarm-laden-2\/#breadcrumb\",\"itemListElement\":[{\"@type\":\"ListItem\",\"position\":1,\"name\":\"Home\",\"item\":\"https:\/\/product-guide.org\/\"},{\"@type\":\"ListItem\",\"position\":2,\"name\":\"Ergebnisse\",\"item\":\"https:\/\/product-guide.org\/de\/ergebnisse\/\"},{\"@type\":\"ListItem\",\"position\":3,\"name\":\"WLX Pro Plus Starterkit Intrusion schwarz &#8211; ACSE00035 | alarm-laden\"}]},{\"@type\":\"WebSite\",\"@id\":\"https:\/\/product-guide.org\/#website\",\"url\":\"https:\/\/product-guide.org\/\",\"name\":\"Product-Guide.org\",\"description\":\"What Product are you looking for?\",\"publisher\":{\"@id\":\"https:\/\/product-guide.org\/#organization\"},\"potentialAction\":[{\"@type\":\"SearchAction\",\"target\":{\"@type\":\"EntryPoint\",\"urlTemplate\":\"https:\/\/product-guide.org\/?s={search_term_string}\"},\"query-input\":{\"@type\":\"PropertyValueSpecification\",\"valueRequired\":true,\"valueName\":\"search_term_string\"}}],\"inLanguage\":\"en-GB\"},{\"@type\":\"Organization\",\"@id\":\"https:\/\/product-guide.org\/#organization\",\"name\":\"Product-Guide.org\",\"url\":\"https:\/\/product-guide.org\/\",\"logo\":{\"@type\":\"ImageObject\",\"inLanguage\":\"en-GB\",\"@id\":\"https:\/\/product-guide.org\/#\/schema\/logo\/image\/\",\"url\":\"https:\/\/product-guide.org\/wp-content\/uploads\/2022\/07\/logo_transparent_background.png\",\"contentUrl\":\"https:\/\/product-guide.org\/wp-content\/uploads\/2022\/07\/logo_transparent_background.png\",\"width\":3400,\"height\":1132,\"caption\":\"Product-Guide.org\"},\"image\":{\"@id\":\"https:\/\/product-guide.org\/#\/schema\/logo\/image\/\"}}]}<\/script>\n<!-- \/ Yoast SEO plugin. -->","yoast_head_json":{"title":"WLX Pro Plus Starterkit Intrusion schwarz - ACSE00035 | alarm-laden | Product-Guide.org","description":"WLX Pro Plus Starterkit Intrusion schwarz - ACSE00035 | alarm-laden gefunden von Product-Guide.org","robots":{"index":"index","follow":"follow","max-snippet":"max-snippet:-1","max-image-preview":"max-image-preview:large","max-video-preview":"max-video-preview:-1"},"canonical":"https:\/\/product-guide.org\/en\/produkt\/wlx-pro-plus-starterkit-intrusion-schwarz-acse00035-alarm-laden-2\/","og_locale":"en_GB","og_type":"article","og_title":"WLX Pro Plus Starterkit Intrusion schwarz - ACSE00035 | alarm-laden | Product-Guide.org","og_description":"WLX Pro Plus Starterkit Intrusion schwarz - ACSE00035 | alarm-laden gefunden von Product-Guide.org","og_url":"https:\/\/product-guide.org\/en\/produkt\/wlx-pro-plus-starterkit-intrusion-schwarz-acse00035-alarm-laden-2\/","og_site_name":"Product-Guide.org","twitter_card":"summary_large_image","schema":{"@context":"https:\/\/schema.org","@graph":[{"@type":"WebPage","@id":"https:\/\/product-guide.org\/produkt\/wlx-pro-plus-starterkit-intrusion-schwarz-acse00035-alarm-laden-2\/","url":"https:\/\/product-guide.org\/produkt\/wlx-pro-plus-starterkit-intrusion-schwarz-acse00035-alarm-laden-2\/","name":"WLX Pro Plus Starterkit Intrusion schwarz - ACSE00035 | alarm-laden | Product-Guide.org","isPartOf":{"@id":"https:\/\/product-guide.org\/#website"},"primaryImageOfPage":{"@id":"https:\/\/product-guide.org\/produkt\/wlx-pro-plus-starterkit-intrusion-schwarz-acse00035-alarm-laden-2\/#primaryimage"},"image":{"@id":"https:\/\/product-guide.org\/produkt\/wlx-pro-plus-starterkit-intrusion-schwarz-acse00035-alarm-laden-2\/#primaryimage"},"thumbnailUrl":"https:\/\/product-guide.org\/wp-content\/uploads\/2025\/03\/http___www.abus_.com_var_ImagesPIM_d110001_derivates_3_001_146_ACSE00033_webl_1.jpg","datePublished":"2025-03-17T09:55:18+00:00","description":"WLX Pro Plus Starterkit Intrusion schwarz - ACSE00035 | alarm-laden gefunden von Product-Guide.org","breadcrumb":{"@id":"https:\/\/product-guide.org\/produkt\/wlx-pro-plus-starterkit-intrusion-schwarz-acse00035-alarm-laden-2\/#breadcrumb"},"inLanguage":"en-GB","potentialAction":[{"@type":"ReadAction","target":["https:\/\/product-guide.org\/produkt\/wlx-pro-plus-starterkit-intrusion-schwarz-acse00035-alarm-laden-2\/"]}]},{"@type":"ImageObject","inLanguage":"en-GB","@id":"https:\/\/product-guide.org\/produkt\/wlx-pro-plus-starterkit-intrusion-schwarz-acse00035-alarm-laden-2\/#primaryimage","url":"https:\/\/product-guide.org\/wp-content\/uploads\/2025\/03\/http___www.abus_.com_var_ImagesPIM_d110001_derivates_3_001_146_ACSE00033_webl_1.jpg","contentUrl":"https:\/\/product-guide.org\/wp-content\/uploads\/2025\/03\/http___www.abus_.com_var_ImagesPIM_d110001_derivates_3_001_146_ACSE00033_webl_1.jpg","width":1000,"height":876},{"@type":"BreadcrumbList","@id":"https:\/\/product-guide.org\/produkt\/wlx-pro-plus-starterkit-intrusion-schwarz-acse00035-alarm-laden-2\/#breadcrumb","itemListElement":[{"@type":"ListItem","position":1,"name":"Home","item":"https:\/\/product-guide.org\/"},{"@type":"ListItem","position":2,"name":"Ergebnisse","item":"https:\/\/product-guide.org\/de\/ergebnisse\/"},{"@type":"ListItem","position":3,"name":"WLX Pro Plus Starterkit Intrusion schwarz &#8211; ACSE00035 | alarm-laden"}]},{"@type":"WebSite","@id":"https:\/\/product-guide.org\/#website","url":"https:\/\/product-guide.org\/","name":"Product-Guide.org","description":"What Product are you looking for?","publisher":{"@id":"https:\/\/product-guide.org\/#organization"},"potentialAction":[{"@type":"SearchAction","target":{"@type":"EntryPoint","urlTemplate":"https:\/\/product-guide.org\/?s={search_term_string}"},"query-input":{"@type":"PropertyValueSpecification","valueRequired":true,"valueName":"search_term_string"}}],"inLanguage":"en-GB"},{"@type":"Organization","@id":"https:\/\/product-guide.org\/#organization","name":"Product-Guide.org","url":"https:\/\/product-guide.org\/","logo":{"@type":"ImageObject","inLanguage":"en-GB","@id":"https:\/\/product-guide.org\/#\/schema\/logo\/image\/","url":"https:\/\/product-guide.org\/wp-content\/uploads\/2022\/07\/logo_transparent_background.png","contentUrl":"https:\/\/product-guide.org\/wp-content\/uploads\/2022\/07\/logo_transparent_background.png","width":3400,"height":1132,"caption":"Product-Guide.org"},"image":{"@id":"https:\/\/product-guide.org\/#\/schema\/logo\/image\/"}}]}},"_links":{"self":[{"href":"https:\/\/product-guide.org\/en\/wp-json\/wp\/v2\/product\/50405","targetHints":{"allow":["GET"]}}],"collection":[{"href":"https:\/\/product-guide.org\/en\/wp-json\/wp\/v2\/product"}],"about":[{"href":"https:\/\/product-guide.org\/en\/wp-json\/wp\/v2\/types\/product"}],"wp:featuredmedia":[{"embeddable":true,"href":"https:\/\/product-guide.org\/en\/wp-json\/wp\/v2\/media\/50403"}],"wp:attachment":[{"href":"https:\/\/product-guide.org\/en\/wp-json\/wp\/v2\/media?parent=50405"}],"wp:term":[{"taxonomy":"store","embeddable":true,"href":"https:\/\/product-guide.org\/en\/wp-json\/wp\/v2\/store?post=50405"},{"taxonomy":"product_brand","embeddable":true,"href":"https:\/\/product-guide.org\/en\/wp-json\/wp\/v2\/product_brand?post=50405"},{"taxonomy":"product_cat","embeddable":true,"href":"https:\/\/product-guide.org\/en\/wp-json\/wp\/v2\/product_cat?post=50405"},{"taxonomy":"product_tag","embeddable":true,"href":"https:\/\/product-guide.org\/en\/wp-json\/wp\/v2\/product_tag?post=50405"}],"curies":[{"name":"wp","href":"https:\/\/api.w.org\/{rel}","templated":true}]}}