{"id":50423,"date":"2025-03-17T10:55:29","date_gmt":"2025-03-17T09:55:29","guid":{"rendered":"https:\/\/product-guide.org\/produkt\/gsm-umts-lte-sprachwahlgerat-azwg10030-alarm-laden\/"},"modified":"2025-03-17T10:55:30","modified_gmt":"2025-03-17T09:55:30","slug":"gsm-umts-lte-sprachwahlgerat-azwg10030-alarm-laden","status":"publish","type":"product","link":"https:\/\/product-guide.org\/en\/produkt\/gsm-umts-lte-sprachwahlgerat-azwg10030-alarm-laden\/","title":{"rendered":"GSM\/UMTS\/LTE-Sprachw\u00e4hlger\u00e4t &#8211; AZWG10030 | alarm-laden"},"content":{"rendered":"<p>Produktvorteile Erm\u00f6glicht die Kommunikation \u00fcber das Mobilfunknetz Text- und Sprachnachrichten via GMS\/UMTS\/LTE Alarm- und Statusmeldungen an bis zu 10 gespeicherte Rufnummern 8 Drahteing\u00e4nge, 4 Schaltausg\u00e4nge, 10 Kontaktnummern hinterlegbar 8 Text- und 8 Sprachnachrichten plus Standortnachricht (1 Meldung\/Eingang) Fernzugriff via Telefon f\u00fcr die weltweite Bedienung von unterwegs H\u00f6r- und Sprechmodus zur einfachen Vor-Ort-Interaktion (Mikro, Lautsprecher) Postfachfunktion zur Weiterleitung von Meldungen (z. B. Prepaid-Guthaben) Unabh\u00e4ngig von einer Alarmanlage einsetzbar (Hausautomation, Industrie) Das W\u00e4hlger\u00e4t f\u00fcr Sprach- und Textnachrichten dient als Bindeglied zwischen Drahtalarmanlage und Telefon. Es empf\u00e4ngt Alarm- oder Statusmeldungen der Alarmzentrale und gibt sie als Sprache (Anruf mit gespeichertem Wortlaut) oder Text (SMS) aus.Stiller Alarm via TelefonBei Alarm kann eine Alarmzentrale z. B. die Sirene ausl\u00f6sen oder einen stillen Alarm via Telefon absetzen. Die Weiterleitung des stillen Alarms an das Telefonnetz erfolgt \u00fcber das W\u00e4hlger\u00e4t. Mittels Drahteingang stehen 8 Ereignisse (z. B. Einbruch, \u00dcberfall, med. Notfall, Feuer) zur Verf\u00fcgung, denen je ein Ereignistext (SMS oder Sprache) zugeordnet wird. Zudem wird eine Standortnachricht mit allgemeinen Daten (Name, Anschrift) \u00fcbermittelt.8 Nachrichten an 10 Rufnummern \u2013 via MobilfunkIm Alarmfall wird der jeweils programmierte Ereignistext aktiviert und die Nachricht an max. 10 Kontakte gesendet. Dabei erfolgt die \u00dcbermittlung via GSM\/UMTS\/LTE.Weltweiter Fernzugriff, Vor-Ort-Interaktion und PostfachfunktionDer Fernzugriff via Anruf oder SMS erlaubt den Abruf von Statusmeldungen und das Programmieren des Ger\u00e4ts von unterwegs. Mit dem H\u00f6r- und Sprechmodus (Mikro\/Lautsprecher) ist eine Vorort-Interaktion m\u00f6glich, z. B. Hineinh\u00f6ren ins Geb\u00e4ude oder Freisprechen. Praktisch: Mit der Postfachfunktion werden eingehende SMS weitergeleitet \u2013 z. B. die Info \u00fcber ein ablaufendes Guthaben einer Prepaid-SIM-Karte.Stand-alone Betrieb, 4 Schaltausg\u00e4ngeDas W\u00e4hlger\u00e4t kann \u00fcber die Drahteing\u00e4nge nicht nur Signale von einer Alarmzentrale verarbeiten, sondern auch Informationen externer Ger\u00e4te.<\/p>\n","protected":false},"excerpt":{"rendered":"<p>Produktvorteile Erm\u00f6glicht die Kommunikation \u00fcber das Mobilfunknetz Text- und Sprachnachrichten via GMS\/UMTS\/LTE Alarm- und Statusmeldungen an bis zu 10 gespeicherte Rufnummern 8 Drahteing\u00e4nge, 4 Schaltausg\u00e4nge, 10 Kontaktnummern hinterlegbar 8 Text- und 8 Sprachnachrichten plus Standortnachricht (1 Meldung\/Eingang) Fernzugriff via Telefon f\u00fcr die weltweite Bedienung von unterwegs H\u00f6r- und Sprechmodus zur einfachen Vor-Ort-Interaktion (Mikro, Lautsprecher) Postfachfunktion [&hellip;]<\/p>\n","protected":false},"featured_media":50422,"template":"","meta":{"_gspb_post_css":""},"store":[],"product_brand":[1378],"product_cat":[1290],"product_tag":[],"class_list":{"0":"post-50423","1":"product","2":"type-product","3":"status-publish","4":"has-post-thumbnail","6":"product_brand-alarm-laden","7":"product_cat-uncategorized","9":"first","10":"instock","11":"shipping-taxable","12":"purchasable","13":"product-type-simple"},"yoast_head":"<!-- This site is optimized with the Yoast SEO plugin v24.6 - https:\/\/yoast.com\/wordpress\/plugins\/seo\/ -->\n<title>GSM\/UMTS\/LTE-Sprachw\u00e4hlger\u00e4t - AZWG10030 | alarm-laden | Product-Guide.org<\/title>\n<meta name=\"description\" content=\"GSM\/UMTS\/LTE-Sprachw\u00e4hlger\u00e4t - AZWG10030 | alarm-laden gefunden von Product-Guide.org\" \/>\n<meta name=\"robots\" content=\"index, follow, max-snippet:-1, max-image-preview:large, max-video-preview:-1\" \/>\n<link rel=\"canonical\" href=\"https:\/\/product-guide.org\/en\/produkt\/gsm-umts-lte-sprachwahlgerat-azwg10030-alarm-laden\/\" \/>\n<meta property=\"og:locale\" content=\"en_GB\" \/>\n<meta property=\"og:type\" content=\"article\" \/>\n<meta property=\"og:title\" content=\"GSM\/UMTS\/LTE-Sprachw\u00e4hlger\u00e4t - AZWG10030 | alarm-laden | Product-Guide.org\" \/>\n<meta property=\"og:description\" content=\"GSM\/UMTS\/LTE-Sprachw\u00e4hlger\u00e4t - AZWG10030 | alarm-laden gefunden von Product-Guide.org\" \/>\n<meta property=\"og:url\" content=\"https:\/\/product-guide.org\/en\/produkt\/gsm-umts-lte-sprachwahlgerat-azwg10030-alarm-laden\/\" \/>\n<meta property=\"og:site_name\" content=\"Product-Guide.org\" \/>\n<meta property=\"article:modified_time\" content=\"2025-03-17T09:55:30+00:00\" \/>\n<meta name=\"twitter:card\" content=\"summary_large_image\" \/>\n<script type=\"application\/ld+json\" class=\"yoast-schema-graph\">{\"@context\":\"https:\/\/schema.org\",\"@graph\":[{\"@type\":\"WebPage\",\"@id\":\"https:\/\/product-guide.org\/produkt\/gsm-umts-lte-sprachwahlgerat-azwg10030-alarm-laden\/\",\"url\":\"https:\/\/product-guide.org\/produkt\/gsm-umts-lte-sprachwahlgerat-azwg10030-alarm-laden\/\",\"name\":\"GSM\/UMTS\/LTE-Sprachw\u00e4hlger\u00e4t - AZWG10030 | alarm-laden | Product-Guide.org\",\"isPartOf\":{\"@id\":\"https:\/\/product-guide.org\/#website\"},\"primaryImageOfPage\":{\"@id\":\"https:\/\/product-guide.org\/produkt\/gsm-umts-lte-sprachwahlgerat-azwg10030-alarm-laden\/#primaryimage\"},\"image\":{\"@id\":\"https:\/\/product-guide.org\/produkt\/gsm-umts-lte-sprachwahlgerat-azwg10030-alarm-laden\/#primaryimage\"},\"thumbnailUrl\":\"https:\/\/product-guide.org\/wp-content\/uploads\/2025\/03\/AZWG10030_webl.jpg\",\"datePublished\":\"2025-03-17T09:55:29+00:00\",\"dateModified\":\"2025-03-17T09:55:30+00:00\",\"description\":\"GSM\/UMTS\/LTE-Sprachw\u00e4hlger\u00e4t - AZWG10030 | alarm-laden gefunden von Product-Guide.org\",\"breadcrumb\":{\"@id\":\"https:\/\/product-guide.org\/produkt\/gsm-umts-lte-sprachwahlgerat-azwg10030-alarm-laden\/#breadcrumb\"},\"inLanguage\":\"en-GB\",\"potentialAction\":[{\"@type\":\"ReadAction\",\"target\":[\"https:\/\/product-guide.org\/produkt\/gsm-umts-lte-sprachwahlgerat-azwg10030-alarm-laden\/\"]}]},{\"@type\":\"ImageObject\",\"inLanguage\":\"en-GB\",\"@id\":\"https:\/\/product-guide.org\/produkt\/gsm-umts-lte-sprachwahlgerat-azwg10030-alarm-laden\/#primaryimage\",\"url\":\"https:\/\/product-guide.org\/wp-content\/uploads\/2025\/03\/AZWG10030_webl.jpg\",\"contentUrl\":\"https:\/\/product-guide.org\/wp-content\/uploads\/2025\/03\/AZWG10030_webl.jpg\",\"width\":1000,\"height\":986},{\"@type\":\"BreadcrumbList\",\"@id\":\"https:\/\/product-guide.org\/produkt\/gsm-umts-lte-sprachwahlgerat-azwg10030-alarm-laden\/#breadcrumb\",\"itemListElement\":[{\"@type\":\"ListItem\",\"position\":1,\"name\":\"Home\",\"item\":\"https:\/\/product-guide.org\/\"},{\"@type\":\"ListItem\",\"position\":2,\"name\":\"Ergebnisse\",\"item\":\"https:\/\/product-guide.org\/de\/ergebnisse\/\"},{\"@type\":\"ListItem\",\"position\":3,\"name\":\"GSM\/UMTS\/LTE-Sprachw\u00e4hlger\u00e4t &#8211; AZWG10030 | alarm-laden\"}]},{\"@type\":\"WebSite\",\"@id\":\"https:\/\/product-guide.org\/#website\",\"url\":\"https:\/\/product-guide.org\/\",\"name\":\"Product-Guide.org\",\"description\":\"What Product are you looking for?\",\"publisher\":{\"@id\":\"https:\/\/product-guide.org\/#organization\"},\"potentialAction\":[{\"@type\":\"SearchAction\",\"target\":{\"@type\":\"EntryPoint\",\"urlTemplate\":\"https:\/\/product-guide.org\/?s={search_term_string}\"},\"query-input\":{\"@type\":\"PropertyValueSpecification\",\"valueRequired\":true,\"valueName\":\"search_term_string\"}}],\"inLanguage\":\"en-GB\"},{\"@type\":\"Organization\",\"@id\":\"https:\/\/product-guide.org\/#organization\",\"name\":\"Product-Guide.org\",\"url\":\"https:\/\/product-guide.org\/\",\"logo\":{\"@type\":\"ImageObject\",\"inLanguage\":\"en-GB\",\"@id\":\"https:\/\/product-guide.org\/#\/schema\/logo\/image\/\",\"url\":\"https:\/\/product-guide.org\/wp-content\/uploads\/2022\/07\/logo_transparent_background.png\",\"contentUrl\":\"https:\/\/product-guide.org\/wp-content\/uploads\/2022\/07\/logo_transparent_background.png\",\"width\":3400,\"height\":1132,\"caption\":\"Product-Guide.org\"},\"image\":{\"@id\":\"https:\/\/product-guide.org\/#\/schema\/logo\/image\/\"}}]}<\/script>\n<!-- \/ Yoast SEO plugin. -->","yoast_head_json":{"title":"GSM\/UMTS\/LTE-Sprachw\u00e4hlger\u00e4t - AZWG10030 | alarm-laden | Product-Guide.org","description":"GSM\/UMTS\/LTE-Sprachw\u00e4hlger\u00e4t - AZWG10030 | alarm-laden gefunden von Product-Guide.org","robots":{"index":"index","follow":"follow","max-snippet":"max-snippet:-1","max-image-preview":"max-image-preview:large","max-video-preview":"max-video-preview:-1"},"canonical":"https:\/\/product-guide.org\/en\/produkt\/gsm-umts-lte-sprachwahlgerat-azwg10030-alarm-laden\/","og_locale":"en_GB","og_type":"article","og_title":"GSM\/UMTS\/LTE-Sprachw\u00e4hlger\u00e4t - AZWG10030 | alarm-laden | Product-Guide.org","og_description":"GSM\/UMTS\/LTE-Sprachw\u00e4hlger\u00e4t - AZWG10030 | alarm-laden gefunden von Product-Guide.org","og_url":"https:\/\/product-guide.org\/en\/produkt\/gsm-umts-lte-sprachwahlgerat-azwg10030-alarm-laden\/","og_site_name":"Product-Guide.org","article_modified_time":"2025-03-17T09:55:30+00:00","twitter_card":"summary_large_image","schema":{"@context":"https:\/\/schema.org","@graph":[{"@type":"WebPage","@id":"https:\/\/product-guide.org\/produkt\/gsm-umts-lte-sprachwahlgerat-azwg10030-alarm-laden\/","url":"https:\/\/product-guide.org\/produkt\/gsm-umts-lte-sprachwahlgerat-azwg10030-alarm-laden\/","name":"GSM\/UMTS\/LTE-Sprachw\u00e4hlger\u00e4t - AZWG10030 | alarm-laden | Product-Guide.org","isPartOf":{"@id":"https:\/\/product-guide.org\/#website"},"primaryImageOfPage":{"@id":"https:\/\/product-guide.org\/produkt\/gsm-umts-lte-sprachwahlgerat-azwg10030-alarm-laden\/#primaryimage"},"image":{"@id":"https:\/\/product-guide.org\/produkt\/gsm-umts-lte-sprachwahlgerat-azwg10030-alarm-laden\/#primaryimage"},"thumbnailUrl":"https:\/\/product-guide.org\/wp-content\/uploads\/2025\/03\/AZWG10030_webl.jpg","datePublished":"2025-03-17T09:55:29+00:00","dateModified":"2025-03-17T09:55:30+00:00","description":"GSM\/UMTS\/LTE-Sprachw\u00e4hlger\u00e4t - AZWG10030 | alarm-laden gefunden von Product-Guide.org","breadcrumb":{"@id":"https:\/\/product-guide.org\/produkt\/gsm-umts-lte-sprachwahlgerat-azwg10030-alarm-laden\/#breadcrumb"},"inLanguage":"en-GB","potentialAction":[{"@type":"ReadAction","target":["https:\/\/product-guide.org\/produkt\/gsm-umts-lte-sprachwahlgerat-azwg10030-alarm-laden\/"]}]},{"@type":"ImageObject","inLanguage":"en-GB","@id":"https:\/\/product-guide.org\/produkt\/gsm-umts-lte-sprachwahlgerat-azwg10030-alarm-laden\/#primaryimage","url":"https:\/\/product-guide.org\/wp-content\/uploads\/2025\/03\/AZWG10030_webl.jpg","contentUrl":"https:\/\/product-guide.org\/wp-content\/uploads\/2025\/03\/AZWG10030_webl.jpg","width":1000,"height":986},{"@type":"BreadcrumbList","@id":"https:\/\/product-guide.org\/produkt\/gsm-umts-lte-sprachwahlgerat-azwg10030-alarm-laden\/#breadcrumb","itemListElement":[{"@type":"ListItem","position":1,"name":"Home","item":"https:\/\/product-guide.org\/"},{"@type":"ListItem","position":2,"name":"Ergebnisse","item":"https:\/\/product-guide.org\/de\/ergebnisse\/"},{"@type":"ListItem","position":3,"name":"GSM\/UMTS\/LTE-Sprachw\u00e4hlger\u00e4t &#8211; AZWG10030 | alarm-laden"}]},{"@type":"WebSite","@id":"https:\/\/product-guide.org\/#website","url":"https:\/\/product-guide.org\/","name":"Product-Guide.org","description":"What Product are you looking for?","publisher":{"@id":"https:\/\/product-guide.org\/#organization"},"potentialAction":[{"@type":"SearchAction","target":{"@type":"EntryPoint","urlTemplate":"https:\/\/product-guide.org\/?s={search_term_string}"},"query-input":{"@type":"PropertyValueSpecification","valueRequired":true,"valueName":"search_term_string"}}],"inLanguage":"en-GB"},{"@type":"Organization","@id":"https:\/\/product-guide.org\/#organization","name":"Product-Guide.org","url":"https:\/\/product-guide.org\/","logo":{"@type":"ImageObject","inLanguage":"en-GB","@id":"https:\/\/product-guide.org\/#\/schema\/logo\/image\/","url":"https:\/\/product-guide.org\/wp-content\/uploads\/2022\/07\/logo_transparent_background.png","contentUrl":"https:\/\/product-guide.org\/wp-content\/uploads\/2022\/07\/logo_transparent_background.png","width":3400,"height":1132,"caption":"Product-Guide.org"},"image":{"@id":"https:\/\/product-guide.org\/#\/schema\/logo\/image\/"}}]}},"_links":{"self":[{"href":"https:\/\/product-guide.org\/en\/wp-json\/wp\/v2\/product\/50423","targetHints":{"allow":["GET"]}}],"collection":[{"href":"https:\/\/product-guide.org\/en\/wp-json\/wp\/v2\/product"}],"about":[{"href":"https:\/\/product-guide.org\/en\/wp-json\/wp\/v2\/types\/product"}],"wp:featuredmedia":[{"embeddable":true,"href":"https:\/\/product-guide.org\/en\/wp-json\/wp\/v2\/media\/50422"}],"wp:attachment":[{"href":"https:\/\/product-guide.org\/en\/wp-json\/wp\/v2\/media?parent=50423"}],"wp:term":[{"taxonomy":"store","embeddable":true,"href":"https:\/\/product-guide.org\/en\/wp-json\/wp\/v2\/store?post=50423"},{"taxonomy":"product_brand","embeddable":true,"href":"https:\/\/product-guide.org\/en\/wp-json\/wp\/v2\/product_brand?post=50423"},{"taxonomy":"product_cat","embeddable":true,"href":"https:\/\/product-guide.org\/en\/wp-json\/wp\/v2\/product_cat?post=50423"},{"taxonomy":"product_tag","embeddable":true,"href":"https:\/\/product-guide.org\/en\/wp-json\/wp\/v2\/product_tag?post=50423"}],"curies":[{"name":"wp","href":"https:\/\/api.w.org\/{rel}","templated":true}]}}