{"id":50427,"date":"2025-03-17T10:55:34","date_gmt":"2025-03-17T09:55:34","guid":{"rendered":"https:\/\/product-guide.org\/produkt\/ip-kugeldome-4-mpx-2-8-mm-wl-ipcs54511a-alarm-laden\/"},"modified":"2025-03-17T10:55:35","modified_gmt":"2025-03-17T09:55:35","slug":"ip-kugeldome-4-mpx-2-8-mm-wl-ipcs54511a-alarm-laden","status":"publish","type":"product","link":"https:\/\/product-guide.org\/en\/produkt\/ip-kugeldome-4-mpx-2-8-mm-wl-ipcs54511a-alarm-laden\/","title":{"rendered":"IP Kugeldome 4 MPx (2.8 mm, WL) &#8211; IPCS54511A | alarm-laden"},"content":{"rendered":"<p>Produktvorteile 4 MPx Aufl\u00f6sung: 2.688 x 1.520 @ 25 fps 2,8 mm Fixobjektiv (108\u00b0 Blickwinkel) Vollfarb-Tag\/Nacht-Technologie f\u00fcr detailreiche, gut verwertbare Farbbilder bei Dunkelheit; verst\u00e4rkt auch minimales Umgebungslicht effektiv mittels Spezial-Objektiv und gro\u00dfem, sehr lichtempfindlichem Bildaufnehmer Wei\u00dflicht-LEDs (bis 30 m Reichweite) f\u00fcr stichhaltige Farbbilder bei totaler Dunkelheit (z. B. Innenraum, unbeleuchtetes Gel\u00e4nde); dezente, fein dosierte Ausleuchtung f\u00fcr sensiblen Vollfarb-Tag\/Nacht-Bildsensor (f\u00fcr menschliches Auge kaum sichtbar) Objekterkennung (Mensch &#038; Fahrzeug): Video-Content-Analyse mit vollautomatischer Unterscheidung zwischen Personen\/Fahrzeugen und St\u00f6reinfl\u00fcssen (Zweige, Licht etc.) Optionale Ausgabe von 3 Videostreams in idealer Aufl\u00f6sung f\u00fcr z. B. Livebild, Aufzeichnung, mobilen Zugriff usw. Wettergesch\u00fctztes Geh\u00e4use (IP67) mit extern liegenden WL-LEDs (kein Kuppeleffekt, keine st\u00f6renden Reflexionen) Unterst\u00fctzt H.264, H.265, MJPEG (inkl. Dynamisches GOP) microSD-Kartenslot zur internen Datenspeicherung (optional: Verschl\u00fcsselung) 12 V DC &#038; PoE (802.3af) KOMPAKTE 4 MPX 24\/7 \u00dcBERWACHUNGSKAMERA Der IP-Kugeldome mit Vollfarb-Tag\/Nacht-Funktion ist der Speziallist f\u00fcr die Nacht und liefert Videostreams in 4 MPx Aufl\u00f6sung mit bis zu 25 Bilder\/s. Dank kompakter Abma\u00dfe und dem wetterfesten IP67-Geh\u00e4use mit extern liegenden WL-LEDs ist er eine dezente LAN-Kamera f\u00fcr den Au\u00dfen- und Innenbereich bei Tag und Nacht. Der mobile App-Zugriff auf die Kamera ist jederzeit m\u00f6glich. Top-\u00dcberwachung bei Dunkelheit Klare Farbbilder bei absoluter Dunkelheit dank Vollfarb-Tag\/Nacht-Technologie \u2013 detailreich f\u00fcr eine stichhaltige Beweisf\u00fchrung. Geringstes Restlicht wird vom Spezial-Objektiv und dem extra-lichtempfindlichen Bildsensor effektiv verst\u00e4rkt, die Wei\u00dflicht-LEDs liefern dem Sensor fein dosiertes Extra-Licht. Beste \u00dcbersicht Der IP-Dome IPCS54511A \u00fcberblickt einen Bereich von 108\u00b0. Das 2,8 mm Weitwinkel samt 4 MPx Aufl\u00f6sung bieten eine gute \u00dcbersicht \u00fcber gro\u00dfe R\u00e4ume und Bereiche. Alternativ: Ausf\u00fchrung IPCS54511B (4 mm Objektiv, 95\u00b0 Blickwinkel). Autom. Objekterkennung Die Sicherheitskamera unterscheidet zuverl\u00e4ssig relevante Bewegungen (Menschen, Fahrzeuge) von St\u00f6reinfl\u00fcssen (Zweige, Licht etc.) \u2013 und minimiert unn\u00f6tige Bewegungsalarme. Aufzeichnung und Kompatibilit\u00e4t Die Aufzeichnung erfolgt auf ABUS Rekordern, VMS\/Software oder lokaler microSD-Karte. Die Kamera ist kompatibel mit ABUS Secvest, Secoris und wAppLoxx Pro. Komfortable Inbetriebnahme Der IP-Dome wird an der Decke oder an der Wand montiert. Installationsbox (TVAC32500) und Wandhalter (TVAC32520) erh\u00e4ltlich. Zur schnellen Inbetriebnahme im Netzwerk ist die Gratis-Software \u201eABUS IP-Installer\u201c inkl. \u201eKamera-Finder\u201c. Hinweise: Ohne Netzteil, da Stromversorgung via PoE. Die effektive LED-Reichweite variiert je nach Einsatzort.<\/p>\n","protected":false},"excerpt":{"rendered":"<p>Produktvorteile 4 MPx Aufl\u00f6sung: 2.688 x 1.520 @ 25 fps 2,8 mm Fixobjektiv (108\u00b0 Blickwinkel) Vollfarb-Tag\/Nacht-Technologie f\u00fcr detailreiche, gut verwertbare Farbbilder bei Dunkelheit; verst\u00e4rkt auch minimales Umgebungslicht effektiv mittels Spezial-Objektiv und gro\u00dfem, sehr lichtempfindlichem Bildaufnehmer Wei\u00dflicht-LEDs (bis 30 m Reichweite) f\u00fcr stichhaltige Farbbilder bei totaler Dunkelheit (z. B. Innenraum, unbeleuchtetes Gel\u00e4nde); dezente, fein dosierte Ausleuchtung [&hellip;]<\/p>\n","protected":false},"featured_media":50426,"template":"","meta":{"_gspb_post_css":""},"store":[],"product_brand":[1378],"product_cat":[1290],"product_tag":[],"class_list":{"0":"post-50427","1":"product","2":"type-product","3":"status-publish","4":"has-post-thumbnail","6":"product_brand-alarm-laden","7":"product_cat-uncategorized","9":"first","10":"instock","11":"shipping-taxable","12":"purchasable","13":"product-type-simple"},"yoast_head":"<!-- This site is optimized with the Yoast SEO plugin v24.6 - https:\/\/yoast.com\/wordpress\/plugins\/seo\/ -->\n<title>IP Kugeldome 4 MPx (2.8 mm, WL) - IPCS54511A | alarm-laden | Product-Guide.org<\/title>\n<meta name=\"description\" content=\"IP Kugeldome 4 MPx (2.8 mm, WL) - IPCS54511A | alarm-laden gefunden von Product-Guide.org\" \/>\n<meta name=\"robots\" content=\"index, follow, max-snippet:-1, max-image-preview:large, max-video-preview:-1\" \/>\n<link rel=\"canonical\" href=\"https:\/\/product-guide.org\/en\/produkt\/ip-kugeldome-4-mpx-2-8-mm-wl-ipcs54511a-alarm-laden\/\" \/>\n<meta property=\"og:locale\" content=\"en_GB\" \/>\n<meta property=\"og:type\" content=\"article\" \/>\n<meta property=\"og:title\" content=\"IP Kugeldome 4 MPx (2.8 mm, WL) - IPCS54511A | alarm-laden | Product-Guide.org\" \/>\n<meta property=\"og:description\" content=\"IP Kugeldome 4 MPx (2.8 mm, WL) - IPCS54511A | alarm-laden gefunden von Product-Guide.org\" \/>\n<meta property=\"og:url\" content=\"https:\/\/product-guide.org\/en\/produkt\/ip-kugeldome-4-mpx-2-8-mm-wl-ipcs54511a-alarm-laden\/\" \/>\n<meta property=\"og:site_name\" content=\"Product-Guide.org\" \/>\n<meta property=\"article:modified_time\" content=\"2025-03-17T09:55:35+00:00\" \/>\n<meta name=\"twitter:card\" content=\"summary_large_image\" \/>\n<script type=\"application\/ld+json\" class=\"yoast-schema-graph\">{\"@context\":\"https:\/\/schema.org\",\"@graph\":[{\"@type\":\"WebPage\",\"@id\":\"https:\/\/product-guide.org\/produkt\/ip-kugeldome-4-mpx-2-8-mm-wl-ipcs54511a-alarm-laden\/\",\"url\":\"https:\/\/product-guide.org\/produkt\/ip-kugeldome-4-mpx-2-8-mm-wl-ipcs54511a-alarm-laden\/\",\"name\":\"IP Kugeldome 4 MPx (2.8 mm, WL) - IPCS54511A | alarm-laden | Product-Guide.org\",\"isPartOf\":{\"@id\":\"https:\/\/product-guide.org\/#website\"},\"primaryImageOfPage\":{\"@id\":\"https:\/\/product-guide.org\/produkt\/ip-kugeldome-4-mpx-2-8-mm-wl-ipcs54511a-alarm-laden\/#primaryimage\"},\"image\":{\"@id\":\"https:\/\/product-guide.org\/produkt\/ip-kugeldome-4-mpx-2-8-mm-wl-ipcs54511a-alarm-laden\/#primaryimage\"},\"thumbnailUrl\":\"https:\/\/product-guide.org\/wp-content\/uploads\/2025\/03\/ipcs54511brechtswebl.jpg\",\"datePublished\":\"2025-03-17T09:55:34+00:00\",\"dateModified\":\"2025-03-17T09:55:35+00:00\",\"description\":\"IP Kugeldome 4 MPx (2.8 mm, WL) - IPCS54511A | alarm-laden gefunden von Product-Guide.org\",\"breadcrumb\":{\"@id\":\"https:\/\/product-guide.org\/produkt\/ip-kugeldome-4-mpx-2-8-mm-wl-ipcs54511a-alarm-laden\/#breadcrumb\"},\"inLanguage\":\"en-GB\",\"potentialAction\":[{\"@type\":\"ReadAction\",\"target\":[\"https:\/\/product-guide.org\/produkt\/ip-kugeldome-4-mpx-2-8-mm-wl-ipcs54511a-alarm-laden\/\"]}]},{\"@type\":\"ImageObject\",\"inLanguage\":\"en-GB\",\"@id\":\"https:\/\/product-guide.org\/produkt\/ip-kugeldome-4-mpx-2-8-mm-wl-ipcs54511a-alarm-laden\/#primaryimage\",\"url\":\"https:\/\/product-guide.org\/wp-content\/uploads\/2025\/03\/ipcs54511brechtswebl.jpg\",\"contentUrl\":\"https:\/\/product-guide.org\/wp-content\/uploads\/2025\/03\/ipcs54511brechtswebl.jpg\",\"width\":1000,\"height\":1000},{\"@type\":\"BreadcrumbList\",\"@id\":\"https:\/\/product-guide.org\/produkt\/ip-kugeldome-4-mpx-2-8-mm-wl-ipcs54511a-alarm-laden\/#breadcrumb\",\"itemListElement\":[{\"@type\":\"ListItem\",\"position\":1,\"name\":\"Home\",\"item\":\"https:\/\/product-guide.org\/\"},{\"@type\":\"ListItem\",\"position\":2,\"name\":\"Ergebnisse\",\"item\":\"https:\/\/product-guide.org\/de\/ergebnisse\/\"},{\"@type\":\"ListItem\",\"position\":3,\"name\":\"IP Kugeldome 4 MPx (2.8 mm, WL) &#8211; IPCS54511A | alarm-laden\"}]},{\"@type\":\"WebSite\",\"@id\":\"https:\/\/product-guide.org\/#website\",\"url\":\"https:\/\/product-guide.org\/\",\"name\":\"Product-Guide.org\",\"description\":\"What Product are you looking for?\",\"publisher\":{\"@id\":\"https:\/\/product-guide.org\/#organization\"},\"potentialAction\":[{\"@type\":\"SearchAction\",\"target\":{\"@type\":\"EntryPoint\",\"urlTemplate\":\"https:\/\/product-guide.org\/?s={search_term_string}\"},\"query-input\":{\"@type\":\"PropertyValueSpecification\",\"valueRequired\":true,\"valueName\":\"search_term_string\"}}],\"inLanguage\":\"en-GB\"},{\"@type\":\"Organization\",\"@id\":\"https:\/\/product-guide.org\/#organization\",\"name\":\"Product-Guide.org\",\"url\":\"https:\/\/product-guide.org\/\",\"logo\":{\"@type\":\"ImageObject\",\"inLanguage\":\"en-GB\",\"@id\":\"https:\/\/product-guide.org\/#\/schema\/logo\/image\/\",\"url\":\"https:\/\/product-guide.org\/wp-content\/uploads\/2022\/07\/logo_transparent_background.png\",\"contentUrl\":\"https:\/\/product-guide.org\/wp-content\/uploads\/2022\/07\/logo_transparent_background.png\",\"width\":3400,\"height\":1132,\"caption\":\"Product-Guide.org\"},\"image\":{\"@id\":\"https:\/\/product-guide.org\/#\/schema\/logo\/image\/\"}}]}<\/script>\n<!-- \/ Yoast SEO plugin. -->","yoast_head_json":{"title":"IP Kugeldome 4 MPx (2.8 mm, WL) - IPCS54511A | alarm-laden | Product-Guide.org","description":"IP Kugeldome 4 MPx (2.8 mm, WL) - IPCS54511A | alarm-laden gefunden von Product-Guide.org","robots":{"index":"index","follow":"follow","max-snippet":"max-snippet:-1","max-image-preview":"max-image-preview:large","max-video-preview":"max-video-preview:-1"},"canonical":"https:\/\/product-guide.org\/en\/produkt\/ip-kugeldome-4-mpx-2-8-mm-wl-ipcs54511a-alarm-laden\/","og_locale":"en_GB","og_type":"article","og_title":"IP Kugeldome 4 MPx (2.8 mm, WL) - IPCS54511A | alarm-laden | Product-Guide.org","og_description":"IP Kugeldome 4 MPx (2.8 mm, WL) - IPCS54511A | alarm-laden gefunden von Product-Guide.org","og_url":"https:\/\/product-guide.org\/en\/produkt\/ip-kugeldome-4-mpx-2-8-mm-wl-ipcs54511a-alarm-laden\/","og_site_name":"Product-Guide.org","article_modified_time":"2025-03-17T09:55:35+00:00","twitter_card":"summary_large_image","schema":{"@context":"https:\/\/schema.org","@graph":[{"@type":"WebPage","@id":"https:\/\/product-guide.org\/produkt\/ip-kugeldome-4-mpx-2-8-mm-wl-ipcs54511a-alarm-laden\/","url":"https:\/\/product-guide.org\/produkt\/ip-kugeldome-4-mpx-2-8-mm-wl-ipcs54511a-alarm-laden\/","name":"IP Kugeldome 4 MPx (2.8 mm, WL) - IPCS54511A | alarm-laden | Product-Guide.org","isPartOf":{"@id":"https:\/\/product-guide.org\/#website"},"primaryImageOfPage":{"@id":"https:\/\/product-guide.org\/produkt\/ip-kugeldome-4-mpx-2-8-mm-wl-ipcs54511a-alarm-laden\/#primaryimage"},"image":{"@id":"https:\/\/product-guide.org\/produkt\/ip-kugeldome-4-mpx-2-8-mm-wl-ipcs54511a-alarm-laden\/#primaryimage"},"thumbnailUrl":"https:\/\/product-guide.org\/wp-content\/uploads\/2025\/03\/ipcs54511brechtswebl.jpg","datePublished":"2025-03-17T09:55:34+00:00","dateModified":"2025-03-17T09:55:35+00:00","description":"IP Kugeldome 4 MPx (2.8 mm, WL) - IPCS54511A | alarm-laden gefunden von Product-Guide.org","breadcrumb":{"@id":"https:\/\/product-guide.org\/produkt\/ip-kugeldome-4-mpx-2-8-mm-wl-ipcs54511a-alarm-laden\/#breadcrumb"},"inLanguage":"en-GB","potentialAction":[{"@type":"ReadAction","target":["https:\/\/product-guide.org\/produkt\/ip-kugeldome-4-mpx-2-8-mm-wl-ipcs54511a-alarm-laden\/"]}]},{"@type":"ImageObject","inLanguage":"en-GB","@id":"https:\/\/product-guide.org\/produkt\/ip-kugeldome-4-mpx-2-8-mm-wl-ipcs54511a-alarm-laden\/#primaryimage","url":"https:\/\/product-guide.org\/wp-content\/uploads\/2025\/03\/ipcs54511brechtswebl.jpg","contentUrl":"https:\/\/product-guide.org\/wp-content\/uploads\/2025\/03\/ipcs54511brechtswebl.jpg","width":1000,"height":1000},{"@type":"BreadcrumbList","@id":"https:\/\/product-guide.org\/produkt\/ip-kugeldome-4-mpx-2-8-mm-wl-ipcs54511a-alarm-laden\/#breadcrumb","itemListElement":[{"@type":"ListItem","position":1,"name":"Home","item":"https:\/\/product-guide.org\/"},{"@type":"ListItem","position":2,"name":"Ergebnisse","item":"https:\/\/product-guide.org\/de\/ergebnisse\/"},{"@type":"ListItem","position":3,"name":"IP Kugeldome 4 MPx (2.8 mm, WL) &#8211; IPCS54511A | alarm-laden"}]},{"@type":"WebSite","@id":"https:\/\/product-guide.org\/#website","url":"https:\/\/product-guide.org\/","name":"Product-Guide.org","description":"What Product are you looking for?","publisher":{"@id":"https:\/\/product-guide.org\/#organization"},"potentialAction":[{"@type":"SearchAction","target":{"@type":"EntryPoint","urlTemplate":"https:\/\/product-guide.org\/?s={search_term_string}"},"query-input":{"@type":"PropertyValueSpecification","valueRequired":true,"valueName":"search_term_string"}}],"inLanguage":"en-GB"},{"@type":"Organization","@id":"https:\/\/product-guide.org\/#organization","name":"Product-Guide.org","url":"https:\/\/product-guide.org\/","logo":{"@type":"ImageObject","inLanguage":"en-GB","@id":"https:\/\/product-guide.org\/#\/schema\/logo\/image\/","url":"https:\/\/product-guide.org\/wp-content\/uploads\/2022\/07\/logo_transparent_background.png","contentUrl":"https:\/\/product-guide.org\/wp-content\/uploads\/2022\/07\/logo_transparent_background.png","width":3400,"height":1132,"caption":"Product-Guide.org"},"image":{"@id":"https:\/\/product-guide.org\/#\/schema\/logo\/image\/"}}]}},"_links":{"self":[{"href":"https:\/\/product-guide.org\/en\/wp-json\/wp\/v2\/product\/50427","targetHints":{"allow":["GET"]}}],"collection":[{"href":"https:\/\/product-guide.org\/en\/wp-json\/wp\/v2\/product"}],"about":[{"href":"https:\/\/product-guide.org\/en\/wp-json\/wp\/v2\/types\/product"}],"wp:featuredmedia":[{"embeddable":true,"href":"https:\/\/product-guide.org\/en\/wp-json\/wp\/v2\/media\/50426"}],"wp:attachment":[{"href":"https:\/\/product-guide.org\/en\/wp-json\/wp\/v2\/media?parent=50427"}],"wp:term":[{"taxonomy":"store","embeddable":true,"href":"https:\/\/product-guide.org\/en\/wp-json\/wp\/v2\/store?post=50427"},{"taxonomy":"product_brand","embeddable":true,"href":"https:\/\/product-guide.org\/en\/wp-json\/wp\/v2\/product_brand?post=50427"},{"taxonomy":"product_cat","embeddable":true,"href":"https:\/\/product-guide.org\/en\/wp-json\/wp\/v2\/product_cat?post=50427"},{"taxonomy":"product_tag","embeddable":true,"href":"https:\/\/product-guide.org\/en\/wp-json\/wp\/v2\/product_tag?post=50427"}],"curies":[{"name":"wp","href":"https:\/\/api.w.org\/{rel}","templated":true}]}}