{"id":50437,"date":"2025-03-17T10:55:45","date_gmt":"2025-03-17T09:55:45","guid":{"rendered":"https:\/\/product-guide.org\/produkt\/lupus-2-kanal-outdoorsteckdose-12136-alarm-laden\/"},"modified":"2025-03-17T10:55:45","modified_gmt":"2025-03-17T09:55:45","slug":"lupus-2-kanal-outdoorsteckdose-12136-alarm-laden","status":"publish","type":"product","link":"https:\/\/product-guide.org\/en\/produkt\/lupus-2-kanal-outdoorsteckdose-12136-alarm-laden\/","title":{"rendered":"LUPUS &#8211; 2 Kanal Outdoorsteckdose &#8211; 12136 | alarm-laden"},"content":{"rendered":"<p>LUPUS &#8211; 2 Kanal OutdoorsteckdoseDer smarte Schaltgehilfe f\u00fcr Zuhause: Die 2 Kanal Outdoorsteckdose.Die Anwendungsm\u00f6glichkeiten sind vielf\u00e4ltig: So k\u00f6nnen Sie zum Beispiel die Outdoorsteckdose so konfigurieren, dass die daran angeschlossenen Ger\u00e4te bei Scharfschaltung der Alarmanlage stromlos geschaltet werden und bei Deaktivierung der Alarmanlage wieder mit Strom versorgt werden. Durch diese Smart-Home-Funktionen spart Ihre Immobilie w\u00e4hrend ihrer Abwesenheit intelligent Strom. Zudem ist es m\u00f6glich, aus der Ferne die Funksteckdose \u00fcber Ihr Smartphone zu aktivieren oder deaktivieren. Die beiden Steckdosen k\u00f6nnen unabh\u00e4ngig voneinander angesteuert werden. Einfach steuerbar via LUPUS-APPKompatibel mit anderen ZigBee 3.0 Gateways wie Amazon Alexa PlusDurch die Unterst\u00fctzung des ZigBee 3.0 Standards, l\u00e4sst sich die ZigBee Funksteckdose nicht nur mit unseren Smarthome Alarmzentralen verbinden und schalten, sondern auch mit allen Anderen Fremdhersteller-Gateways wie z.B. Amazon Alexa Plus.Im Gegensatz zu unserer Funksteckdose (Art.Nr. 12050), enth\u00e4lt diese keine Strommessfunktion und keinen ZigBee Repeater Intuitiv und modern!Ein Hersteller \u2013 eine App \u2013 \u00fcber 40 ProdukteUnsere LUPUS App erlaubt Ihnen alle unsere Produkte mit einer einzigen App zu verwalten. Egal ob Sie nur eine einzelne Kamera, ein komplettes Alarm- und Smarthome-System oder mehrere Rekorder f\u00fcr Ihre Kameras verwenden. Auf all diese Ger\u00e4te k\u00f6nnen Sie schnell und einfach mit nur einer einzigen App zugreifen.Der Einrichtungsassistent erlaubt Ihnen, im Handumdrehen neue Produkte in der App hinzuzuf\u00fcgen.Im Alarmfall erhalten Sie sofort eine Push-Nachricht, die Sie \u00fcber einen Vorfall alarmiert. Sowohl von den Sensoren Ihrer Einbruchmeldeanlage wie auch von einzelnen Kameras und Rekordern.Mit einem Klick sind Sie dann auch direkt mit dem Ger\u00e4t verbunden, das den Alarm gesendet hat. Bei einer Kamera sehen Sie das Livebild und k\u00f6nnen auf die Aufnahmen zugreifen und kontrollieren was geschehen war.Bei der Alarmanlage sehen Sie ebenfalls direkt, welcher Sensor einen Alarm gemeldet hat und k\u00f6nnen Sich sogar bei einem zu hohen oder zu niedrigem Stromverbrauch einzelner angeschlossener Ger\u00e4te benachrichtigen lassen.Das alles verwandelt Ihr Smartphone in eine Fernbedienung f\u00fcr Ihr Heim, die Sie sich ganz individuell zusammenstellen k\u00f6nnen. Zus\u00e4tzlich zu den Alarmfunktionen k\u00f6nnen Sie noch viele weitere Ger\u00e4te von LUPUS, wie auch von Drittanbietern (z. B. SONOS, Philips Hue), \u00fcber unsere App steuern.<\/p>\n","protected":false},"excerpt":{"rendered":"<p>LUPUS &#8211; 2 Kanal OutdoorsteckdoseDer smarte Schaltgehilfe f\u00fcr Zuhause: Die 2 Kanal Outdoorsteckdose.Die Anwendungsm\u00f6glichkeiten sind vielf\u00e4ltig: So k\u00f6nnen Sie zum Beispiel die Outdoorsteckdose so konfigurieren, dass die daran angeschlossenen Ger\u00e4te bei Scharfschaltung der Alarmanlage stromlos geschaltet werden und bei Deaktivierung der Alarmanlage wieder mit Strom versorgt werden. Durch diese Smart-Home-Funktionen spart Ihre Immobilie w\u00e4hrend ihrer [&hellip;]<\/p>\n","protected":false},"featured_media":50436,"template":"","meta":{"_gspb_post_css":""},"store":[],"product_brand":[1378],"product_cat":[1290],"product_tag":[],"class_list":{"0":"post-50437","1":"product","2":"type-product","3":"status-publish","4":"has-post-thumbnail","6":"product_brand-alarm-laden","7":"product_cat-uncategorized","9":"first","10":"instock","11":"shipping-taxable","12":"purchasable","13":"product-type-simple"},"yoast_head":"<!-- This site is optimized with the Yoast SEO plugin v24.6 - https:\/\/yoast.com\/wordpress\/plugins\/seo\/ -->\n<title>LUPUS - 2 Kanal Outdoorsteckdose - 12136 | alarm-laden | Product-Guide.org<\/title>\n<meta name=\"description\" content=\"LUPUS - 2 Kanal Outdoorsteckdose - 12136 | alarm-laden gefunden von Product-Guide.org\" \/>\n<meta name=\"robots\" content=\"index, follow, max-snippet:-1, max-image-preview:large, max-video-preview:-1\" \/>\n<link rel=\"canonical\" href=\"https:\/\/product-guide.org\/en\/produkt\/lupus-2-kanal-outdoorsteckdose-12136-alarm-laden\/\" \/>\n<meta property=\"og:locale\" content=\"en_GB\" \/>\n<meta property=\"og:type\" content=\"article\" \/>\n<meta property=\"og:title\" content=\"LUPUS - 2 Kanal Outdoorsteckdose - 12136 | alarm-laden | Product-Guide.org\" \/>\n<meta property=\"og:description\" content=\"LUPUS - 2 Kanal Outdoorsteckdose - 12136 | alarm-laden gefunden von Product-Guide.org\" \/>\n<meta property=\"og:url\" content=\"https:\/\/product-guide.org\/en\/produkt\/lupus-2-kanal-outdoorsteckdose-12136-alarm-laden\/\" \/>\n<meta property=\"og:site_name\" content=\"Product-Guide.org\" \/>\n<meta name=\"twitter:card\" content=\"summary_large_image\" \/>\n<script type=\"application\/ld+json\" class=\"yoast-schema-graph\">{\"@context\":\"https:\/\/schema.org\",\"@graph\":[{\"@type\":\"WebPage\",\"@id\":\"https:\/\/product-guide.org\/produkt\/lupus-2-kanal-outdoorsteckdose-12136-alarm-laden\/\",\"url\":\"https:\/\/product-guide.org\/produkt\/lupus-2-kanal-outdoorsteckdose-12136-alarm-laden\/\",\"name\":\"LUPUS - 2 Kanal Outdoorsteckdose - 12136 | alarm-laden | Product-Guide.org\",\"isPartOf\":{\"@id\":\"https:\/\/product-guide.org\/#website\"},\"primaryImageOfPage\":{\"@id\":\"https:\/\/product-guide.org\/produkt\/lupus-2-kanal-outdoorsteckdose-12136-alarm-laden\/#primaryimage\"},\"image\":{\"@id\":\"https:\/\/product-guide.org\/produkt\/lupus-2-kanal-outdoorsteckdose-12136-alarm-laden\/#primaryimage\"},\"thumbnailUrl\":\"https:\/\/product-guide.org\/wp-content\/uploads\/2025\/03\/1-1-scaled.jpg\",\"datePublished\":\"2025-03-17T09:55:45+00:00\",\"description\":\"LUPUS - 2 Kanal Outdoorsteckdose - 12136 | alarm-laden gefunden von Product-Guide.org\",\"breadcrumb\":{\"@id\":\"https:\/\/product-guide.org\/produkt\/lupus-2-kanal-outdoorsteckdose-12136-alarm-laden\/#breadcrumb\"},\"inLanguage\":\"en-GB\",\"potentialAction\":[{\"@type\":\"ReadAction\",\"target\":[\"https:\/\/product-guide.org\/produkt\/lupus-2-kanal-outdoorsteckdose-12136-alarm-laden\/\"]}]},{\"@type\":\"ImageObject\",\"inLanguage\":\"en-GB\",\"@id\":\"https:\/\/product-guide.org\/produkt\/lupus-2-kanal-outdoorsteckdose-12136-alarm-laden\/#primaryimage\",\"url\":\"https:\/\/product-guide.org\/wp-content\/uploads\/2025\/03\/1-1-scaled.jpg\",\"contentUrl\":\"https:\/\/product-guide.org\/wp-content\/uploads\/2025\/03\/1-1-scaled.jpg\",\"width\":2560,\"height\":2560},{\"@type\":\"BreadcrumbList\",\"@id\":\"https:\/\/product-guide.org\/produkt\/lupus-2-kanal-outdoorsteckdose-12136-alarm-laden\/#breadcrumb\",\"itemListElement\":[{\"@type\":\"ListItem\",\"position\":1,\"name\":\"Home\",\"item\":\"https:\/\/product-guide.org\/\"},{\"@type\":\"ListItem\",\"position\":2,\"name\":\"Ergebnisse\",\"item\":\"https:\/\/product-guide.org\/de\/ergebnisse\/\"},{\"@type\":\"ListItem\",\"position\":3,\"name\":\"LUPUS &#8211; 2 Kanal Outdoorsteckdose &#8211; 12136 | alarm-laden\"}]},{\"@type\":\"WebSite\",\"@id\":\"https:\/\/product-guide.org\/#website\",\"url\":\"https:\/\/product-guide.org\/\",\"name\":\"Product-Guide.org\",\"description\":\"What Product are you looking for?\",\"publisher\":{\"@id\":\"https:\/\/product-guide.org\/#organization\"},\"potentialAction\":[{\"@type\":\"SearchAction\",\"target\":{\"@type\":\"EntryPoint\",\"urlTemplate\":\"https:\/\/product-guide.org\/?s={search_term_string}\"},\"query-input\":{\"@type\":\"PropertyValueSpecification\",\"valueRequired\":true,\"valueName\":\"search_term_string\"}}],\"inLanguage\":\"en-GB\"},{\"@type\":\"Organization\",\"@id\":\"https:\/\/product-guide.org\/#organization\",\"name\":\"Product-Guide.org\",\"url\":\"https:\/\/product-guide.org\/\",\"logo\":{\"@type\":\"ImageObject\",\"inLanguage\":\"en-GB\",\"@id\":\"https:\/\/product-guide.org\/#\/schema\/logo\/image\/\",\"url\":\"https:\/\/product-guide.org\/wp-content\/uploads\/2022\/07\/logo_transparent_background.png\",\"contentUrl\":\"https:\/\/product-guide.org\/wp-content\/uploads\/2022\/07\/logo_transparent_background.png\",\"width\":3400,\"height\":1132,\"caption\":\"Product-Guide.org\"},\"image\":{\"@id\":\"https:\/\/product-guide.org\/#\/schema\/logo\/image\/\"}}]}<\/script>\n<!-- \/ Yoast SEO plugin. -->","yoast_head_json":{"title":"LUPUS - 2 Kanal Outdoorsteckdose - 12136 | alarm-laden | Product-Guide.org","description":"LUPUS - 2 Kanal Outdoorsteckdose - 12136 | alarm-laden gefunden von Product-Guide.org","robots":{"index":"index","follow":"follow","max-snippet":"max-snippet:-1","max-image-preview":"max-image-preview:large","max-video-preview":"max-video-preview:-1"},"canonical":"https:\/\/product-guide.org\/en\/produkt\/lupus-2-kanal-outdoorsteckdose-12136-alarm-laden\/","og_locale":"en_GB","og_type":"article","og_title":"LUPUS - 2 Kanal Outdoorsteckdose - 12136 | alarm-laden | Product-Guide.org","og_description":"LUPUS - 2 Kanal Outdoorsteckdose - 12136 | alarm-laden gefunden von Product-Guide.org","og_url":"https:\/\/product-guide.org\/en\/produkt\/lupus-2-kanal-outdoorsteckdose-12136-alarm-laden\/","og_site_name":"Product-Guide.org","twitter_card":"summary_large_image","schema":{"@context":"https:\/\/schema.org","@graph":[{"@type":"WebPage","@id":"https:\/\/product-guide.org\/produkt\/lupus-2-kanal-outdoorsteckdose-12136-alarm-laden\/","url":"https:\/\/product-guide.org\/produkt\/lupus-2-kanal-outdoorsteckdose-12136-alarm-laden\/","name":"LUPUS - 2 Kanal Outdoorsteckdose - 12136 | alarm-laden | Product-Guide.org","isPartOf":{"@id":"https:\/\/product-guide.org\/#website"},"primaryImageOfPage":{"@id":"https:\/\/product-guide.org\/produkt\/lupus-2-kanal-outdoorsteckdose-12136-alarm-laden\/#primaryimage"},"image":{"@id":"https:\/\/product-guide.org\/produkt\/lupus-2-kanal-outdoorsteckdose-12136-alarm-laden\/#primaryimage"},"thumbnailUrl":"https:\/\/product-guide.org\/wp-content\/uploads\/2025\/03\/1-1-scaled.jpg","datePublished":"2025-03-17T09:55:45+00:00","description":"LUPUS - 2 Kanal Outdoorsteckdose - 12136 | alarm-laden gefunden von Product-Guide.org","breadcrumb":{"@id":"https:\/\/product-guide.org\/produkt\/lupus-2-kanal-outdoorsteckdose-12136-alarm-laden\/#breadcrumb"},"inLanguage":"en-GB","potentialAction":[{"@type":"ReadAction","target":["https:\/\/product-guide.org\/produkt\/lupus-2-kanal-outdoorsteckdose-12136-alarm-laden\/"]}]},{"@type":"ImageObject","inLanguage":"en-GB","@id":"https:\/\/product-guide.org\/produkt\/lupus-2-kanal-outdoorsteckdose-12136-alarm-laden\/#primaryimage","url":"https:\/\/product-guide.org\/wp-content\/uploads\/2025\/03\/1-1-scaled.jpg","contentUrl":"https:\/\/product-guide.org\/wp-content\/uploads\/2025\/03\/1-1-scaled.jpg","width":2560,"height":2560},{"@type":"BreadcrumbList","@id":"https:\/\/product-guide.org\/produkt\/lupus-2-kanal-outdoorsteckdose-12136-alarm-laden\/#breadcrumb","itemListElement":[{"@type":"ListItem","position":1,"name":"Home","item":"https:\/\/product-guide.org\/"},{"@type":"ListItem","position":2,"name":"Ergebnisse","item":"https:\/\/product-guide.org\/de\/ergebnisse\/"},{"@type":"ListItem","position":3,"name":"LUPUS &#8211; 2 Kanal Outdoorsteckdose &#8211; 12136 | alarm-laden"}]},{"@type":"WebSite","@id":"https:\/\/product-guide.org\/#website","url":"https:\/\/product-guide.org\/","name":"Product-Guide.org","description":"What Product are you looking for?","publisher":{"@id":"https:\/\/product-guide.org\/#organization"},"potentialAction":[{"@type":"SearchAction","target":{"@type":"EntryPoint","urlTemplate":"https:\/\/product-guide.org\/?s={search_term_string}"},"query-input":{"@type":"PropertyValueSpecification","valueRequired":true,"valueName":"search_term_string"}}],"inLanguage":"en-GB"},{"@type":"Organization","@id":"https:\/\/product-guide.org\/#organization","name":"Product-Guide.org","url":"https:\/\/product-guide.org\/","logo":{"@type":"ImageObject","inLanguage":"en-GB","@id":"https:\/\/product-guide.org\/#\/schema\/logo\/image\/","url":"https:\/\/product-guide.org\/wp-content\/uploads\/2022\/07\/logo_transparent_background.png","contentUrl":"https:\/\/product-guide.org\/wp-content\/uploads\/2022\/07\/logo_transparent_background.png","width":3400,"height":1132,"caption":"Product-Guide.org"},"image":{"@id":"https:\/\/product-guide.org\/#\/schema\/logo\/image\/"}}]}},"_links":{"self":[{"href":"https:\/\/product-guide.org\/en\/wp-json\/wp\/v2\/product\/50437","targetHints":{"allow":["GET"]}}],"collection":[{"href":"https:\/\/product-guide.org\/en\/wp-json\/wp\/v2\/product"}],"about":[{"href":"https:\/\/product-guide.org\/en\/wp-json\/wp\/v2\/types\/product"}],"wp:featuredmedia":[{"embeddable":true,"href":"https:\/\/product-guide.org\/en\/wp-json\/wp\/v2\/media\/50436"}],"wp:attachment":[{"href":"https:\/\/product-guide.org\/en\/wp-json\/wp\/v2\/media?parent=50437"}],"wp:term":[{"taxonomy":"store","embeddable":true,"href":"https:\/\/product-guide.org\/en\/wp-json\/wp\/v2\/store?post=50437"},{"taxonomy":"product_brand","embeddable":true,"href":"https:\/\/product-guide.org\/en\/wp-json\/wp\/v2\/product_brand?post=50437"},{"taxonomy":"product_cat","embeddable":true,"href":"https:\/\/product-guide.org\/en\/wp-json\/wp\/v2\/product_cat?post=50437"},{"taxonomy":"product_tag","embeddable":true,"href":"https:\/\/product-guide.org\/en\/wp-json\/wp\/v2\/product_tag?post=50437"}],"curies":[{"name":"wp","href":"https:\/\/api.w.org\/{rel}","templated":true}]}}