{"id":50441,"date":"2025-03-17T10:55:51","date_gmt":"2025-03-17T09:55:51","guid":{"rendered":"https:\/\/product-guide.org\/produkt\/lupus-drahtloser-sensoreingang-9-fach-12125-alarm-laden\/"},"modified":"2025-03-17T10:55:52","modified_gmt":"2025-03-17T09:55:52","slug":"lupus-drahtloser-sensoreingang-9-fach-12125-alarm-laden","status":"publish","type":"product","link":"https:\/\/product-guide.org\/en\/produkt\/lupus-drahtloser-sensoreingang-9-fach-12125-alarm-laden\/","title":{"rendered":"LUPUS &#8211; Drahtloser Sensoreingang (9 fach) &#8211; 12125 | alarm-laden"},"content":{"rendered":"<p>Erm\u00f6glicht den Anschluss von 9 externen Meldern Potentialfreie Kontakte Sabotageschutz Externes Netzteil (nicht enthalten) Integrierter Notstromakku Nur kompatibel mit: XT2, XT1 Plus, XT2 Plus, XT3, XT4 LUPUS &#8211; Drahtloser Sensoreingang (9fach) Der LUPUS &#8211; drahtloser Sensoreingang (9fach) besitzt neun potentialfreie Kontakte f\u00fcr insgesamt 9 Meldegruppen oder einzelne Melder. Wird eine dieser Meldelinien ausgel\u00f6st (der Eingang kann sowohl normal geschlossen [NC] und normal offen [NO] erkennen), z.B. von einem bereits vorhandenen kabelgebundenem T\u00fcrkontakt, einem Bewegungsmelder, einem BUS-System oder \u00e4hnlichem, wird Alarm ausgel\u00f6st. Es k\u00f6nnen auch mehrere Melder an eine Meldelinie angeschlossen werden. Im WebUI Ihrer Zentrale k\u00f6nnen Sie dann der Meldelinie einen Typ (z.B. T\u00fcrkontakt oder Rauchmelder) zuweisen. Achtung: Beachten Sie bitte, dass ein separates Netzteil ben\u00f6tigt wird.<\/p>\n","protected":false},"excerpt":{"rendered":"<p>Erm\u00f6glicht den Anschluss von 9 externen Meldern Potentialfreie Kontakte Sabotageschutz Externes Netzteil (nicht enthalten) Integrierter Notstromakku Nur kompatibel mit: XT2, XT1 Plus, XT2 Plus, XT3, XT4 LUPUS &#8211; Drahtloser Sensoreingang (9fach) Der LUPUS &#8211; drahtloser Sensoreingang (9fach) besitzt neun potentialfreie Kontakte f\u00fcr insgesamt 9 Meldegruppen oder einzelne Melder. Wird eine dieser Meldelinien ausgel\u00f6st (der Eingang [&hellip;]<\/p>\n","protected":false},"featured_media":50440,"template":"","meta":{"_gspb_post_css":""},"store":[],"product_brand":[1378],"product_cat":[1290],"product_tag":[],"class_list":{"0":"post-50441","1":"product","2":"type-product","3":"status-publish","4":"has-post-thumbnail","6":"product_brand-alarm-laden","7":"product_cat-uncategorized","9":"first","10":"instock","11":"shipping-taxable","12":"purchasable","13":"product-type-simple"},"yoast_head":"<!-- This site is optimized with the Yoast SEO plugin v24.6 - https:\/\/yoast.com\/wordpress\/plugins\/seo\/ -->\n<title>LUPUS - Drahtloser Sensoreingang (9 fach) - 12125 | alarm-laden | Product-Guide.org<\/title>\n<meta name=\"description\" content=\"LUPUS - Drahtloser Sensoreingang (9 fach) - 12125 | alarm-laden gefunden von Product-Guide.org\" \/>\n<meta name=\"robots\" content=\"index, follow, max-snippet:-1, max-image-preview:large, max-video-preview:-1\" \/>\n<link rel=\"canonical\" href=\"https:\/\/product-guide.org\/en\/produkt\/lupus-drahtloser-sensoreingang-9-fach-12125-alarm-laden\/\" \/>\n<meta property=\"og:locale\" content=\"en_GB\" \/>\n<meta property=\"og:type\" content=\"article\" \/>\n<meta property=\"og:title\" content=\"LUPUS - Drahtloser Sensoreingang (9 fach) - 12125 | alarm-laden | Product-Guide.org\" \/>\n<meta property=\"og:description\" content=\"LUPUS - Drahtloser Sensoreingang (9 fach) - 12125 | alarm-laden gefunden von Product-Guide.org\" \/>\n<meta property=\"og:url\" content=\"https:\/\/product-guide.org\/en\/produkt\/lupus-drahtloser-sensoreingang-9-fach-12125-alarm-laden\/\" \/>\n<meta property=\"og:site_name\" content=\"Product-Guide.org\" \/>\n<meta property=\"article:modified_time\" content=\"2025-03-17T09:55:52+00:00\" \/>\n<meta name=\"twitter:card\" content=\"summary_large_image\" \/>\n<script type=\"application\/ld+json\" class=\"yoast-schema-graph\">{\"@context\":\"https:\/\/schema.org\",\"@graph\":[{\"@type\":\"WebPage\",\"@id\":\"https:\/\/product-guide.org\/produkt\/lupus-drahtloser-sensoreingang-9-fach-12125-alarm-laden\/\",\"url\":\"https:\/\/product-guide.org\/produkt\/lupus-drahtloser-sensoreingang-9-fach-12125-alarm-laden\/\",\"name\":\"LUPUS - Drahtloser Sensoreingang (9 fach) - 12125 | alarm-laden | Product-Guide.org\",\"isPartOf\":{\"@id\":\"https:\/\/product-guide.org\/#website\"},\"primaryImageOfPage\":{\"@id\":\"https:\/\/product-guide.org\/produkt\/lupus-drahtloser-sensoreingang-9-fach-12125-alarm-laden\/#primaryimage\"},\"image\":{\"@id\":\"https:\/\/product-guide.org\/produkt\/lupus-drahtloser-sensoreingang-9-fach-12125-alarm-laden\/#primaryimage\"},\"thumbnailUrl\":\"https:\/\/product-guide.org\/wp-content\/uploads\/2025\/03\/12125-1.png\",\"datePublished\":\"2025-03-17T09:55:51+00:00\",\"dateModified\":\"2025-03-17T09:55:52+00:00\",\"description\":\"LUPUS - Drahtloser Sensoreingang (9 fach) - 12125 | alarm-laden gefunden von Product-Guide.org\",\"breadcrumb\":{\"@id\":\"https:\/\/product-guide.org\/produkt\/lupus-drahtloser-sensoreingang-9-fach-12125-alarm-laden\/#breadcrumb\"},\"inLanguage\":\"en-GB\",\"potentialAction\":[{\"@type\":\"ReadAction\",\"target\":[\"https:\/\/product-guide.org\/produkt\/lupus-drahtloser-sensoreingang-9-fach-12125-alarm-laden\/\"]}]},{\"@type\":\"ImageObject\",\"inLanguage\":\"en-GB\",\"@id\":\"https:\/\/product-guide.org\/produkt\/lupus-drahtloser-sensoreingang-9-fach-12125-alarm-laden\/#primaryimage\",\"url\":\"https:\/\/product-guide.org\/wp-content\/uploads\/2025\/03\/12125-1.png\",\"contentUrl\":\"https:\/\/product-guide.org\/wp-content\/uploads\/2025\/03\/12125-1.png\",\"width\":2000,\"height\":2000},{\"@type\":\"BreadcrumbList\",\"@id\":\"https:\/\/product-guide.org\/produkt\/lupus-drahtloser-sensoreingang-9-fach-12125-alarm-laden\/#breadcrumb\",\"itemListElement\":[{\"@type\":\"ListItem\",\"position\":1,\"name\":\"Home\",\"item\":\"https:\/\/product-guide.org\/\"},{\"@type\":\"ListItem\",\"position\":2,\"name\":\"Ergebnisse\",\"item\":\"https:\/\/product-guide.org\/de\/ergebnisse\/\"},{\"@type\":\"ListItem\",\"position\":3,\"name\":\"LUPUS &#8211; Drahtloser Sensoreingang (9 fach) &#8211; 12125 | alarm-laden\"}]},{\"@type\":\"WebSite\",\"@id\":\"https:\/\/product-guide.org\/#website\",\"url\":\"https:\/\/product-guide.org\/\",\"name\":\"Product-Guide.org\",\"description\":\"What Product are you looking for?\",\"publisher\":{\"@id\":\"https:\/\/product-guide.org\/#organization\"},\"potentialAction\":[{\"@type\":\"SearchAction\",\"target\":{\"@type\":\"EntryPoint\",\"urlTemplate\":\"https:\/\/product-guide.org\/?s={search_term_string}\"},\"query-input\":{\"@type\":\"PropertyValueSpecification\",\"valueRequired\":true,\"valueName\":\"search_term_string\"}}],\"inLanguage\":\"en-GB\"},{\"@type\":\"Organization\",\"@id\":\"https:\/\/product-guide.org\/#organization\",\"name\":\"Product-Guide.org\",\"url\":\"https:\/\/product-guide.org\/\",\"logo\":{\"@type\":\"ImageObject\",\"inLanguage\":\"en-GB\",\"@id\":\"https:\/\/product-guide.org\/#\/schema\/logo\/image\/\",\"url\":\"https:\/\/product-guide.org\/wp-content\/uploads\/2022\/07\/logo_transparent_background.png\",\"contentUrl\":\"https:\/\/product-guide.org\/wp-content\/uploads\/2022\/07\/logo_transparent_background.png\",\"width\":3400,\"height\":1132,\"caption\":\"Product-Guide.org\"},\"image\":{\"@id\":\"https:\/\/product-guide.org\/#\/schema\/logo\/image\/\"}}]}<\/script>\n<!-- \/ Yoast SEO plugin. -->","yoast_head_json":{"title":"LUPUS - Drahtloser Sensoreingang (9 fach) - 12125 | alarm-laden | Product-Guide.org","description":"LUPUS - Drahtloser Sensoreingang (9 fach) - 12125 | alarm-laden gefunden von Product-Guide.org","robots":{"index":"index","follow":"follow","max-snippet":"max-snippet:-1","max-image-preview":"max-image-preview:large","max-video-preview":"max-video-preview:-1"},"canonical":"https:\/\/product-guide.org\/en\/produkt\/lupus-drahtloser-sensoreingang-9-fach-12125-alarm-laden\/","og_locale":"en_GB","og_type":"article","og_title":"LUPUS - Drahtloser Sensoreingang (9 fach) - 12125 | alarm-laden | Product-Guide.org","og_description":"LUPUS - Drahtloser Sensoreingang (9 fach) - 12125 | alarm-laden gefunden von Product-Guide.org","og_url":"https:\/\/product-guide.org\/en\/produkt\/lupus-drahtloser-sensoreingang-9-fach-12125-alarm-laden\/","og_site_name":"Product-Guide.org","article_modified_time":"2025-03-17T09:55:52+00:00","twitter_card":"summary_large_image","schema":{"@context":"https:\/\/schema.org","@graph":[{"@type":"WebPage","@id":"https:\/\/product-guide.org\/produkt\/lupus-drahtloser-sensoreingang-9-fach-12125-alarm-laden\/","url":"https:\/\/product-guide.org\/produkt\/lupus-drahtloser-sensoreingang-9-fach-12125-alarm-laden\/","name":"LUPUS - Drahtloser Sensoreingang (9 fach) - 12125 | alarm-laden | Product-Guide.org","isPartOf":{"@id":"https:\/\/product-guide.org\/#website"},"primaryImageOfPage":{"@id":"https:\/\/product-guide.org\/produkt\/lupus-drahtloser-sensoreingang-9-fach-12125-alarm-laden\/#primaryimage"},"image":{"@id":"https:\/\/product-guide.org\/produkt\/lupus-drahtloser-sensoreingang-9-fach-12125-alarm-laden\/#primaryimage"},"thumbnailUrl":"https:\/\/product-guide.org\/wp-content\/uploads\/2025\/03\/12125-1.png","datePublished":"2025-03-17T09:55:51+00:00","dateModified":"2025-03-17T09:55:52+00:00","description":"LUPUS - Drahtloser Sensoreingang (9 fach) - 12125 | alarm-laden gefunden von Product-Guide.org","breadcrumb":{"@id":"https:\/\/product-guide.org\/produkt\/lupus-drahtloser-sensoreingang-9-fach-12125-alarm-laden\/#breadcrumb"},"inLanguage":"en-GB","potentialAction":[{"@type":"ReadAction","target":["https:\/\/product-guide.org\/produkt\/lupus-drahtloser-sensoreingang-9-fach-12125-alarm-laden\/"]}]},{"@type":"ImageObject","inLanguage":"en-GB","@id":"https:\/\/product-guide.org\/produkt\/lupus-drahtloser-sensoreingang-9-fach-12125-alarm-laden\/#primaryimage","url":"https:\/\/product-guide.org\/wp-content\/uploads\/2025\/03\/12125-1.png","contentUrl":"https:\/\/product-guide.org\/wp-content\/uploads\/2025\/03\/12125-1.png","width":2000,"height":2000},{"@type":"BreadcrumbList","@id":"https:\/\/product-guide.org\/produkt\/lupus-drahtloser-sensoreingang-9-fach-12125-alarm-laden\/#breadcrumb","itemListElement":[{"@type":"ListItem","position":1,"name":"Home","item":"https:\/\/product-guide.org\/"},{"@type":"ListItem","position":2,"name":"Ergebnisse","item":"https:\/\/product-guide.org\/de\/ergebnisse\/"},{"@type":"ListItem","position":3,"name":"LUPUS &#8211; Drahtloser Sensoreingang (9 fach) &#8211; 12125 | alarm-laden"}]},{"@type":"WebSite","@id":"https:\/\/product-guide.org\/#website","url":"https:\/\/product-guide.org\/","name":"Product-Guide.org","description":"What Product are you looking for?","publisher":{"@id":"https:\/\/product-guide.org\/#organization"},"potentialAction":[{"@type":"SearchAction","target":{"@type":"EntryPoint","urlTemplate":"https:\/\/product-guide.org\/?s={search_term_string}"},"query-input":{"@type":"PropertyValueSpecification","valueRequired":true,"valueName":"search_term_string"}}],"inLanguage":"en-GB"},{"@type":"Organization","@id":"https:\/\/product-guide.org\/#organization","name":"Product-Guide.org","url":"https:\/\/product-guide.org\/","logo":{"@type":"ImageObject","inLanguage":"en-GB","@id":"https:\/\/product-guide.org\/#\/schema\/logo\/image\/","url":"https:\/\/product-guide.org\/wp-content\/uploads\/2022\/07\/logo_transparent_background.png","contentUrl":"https:\/\/product-guide.org\/wp-content\/uploads\/2022\/07\/logo_transparent_background.png","width":3400,"height":1132,"caption":"Product-Guide.org"},"image":{"@id":"https:\/\/product-guide.org\/#\/schema\/logo\/image\/"}}]}},"_links":{"self":[{"href":"https:\/\/product-guide.org\/en\/wp-json\/wp\/v2\/product\/50441","targetHints":{"allow":["GET"]}}],"collection":[{"href":"https:\/\/product-guide.org\/en\/wp-json\/wp\/v2\/product"}],"about":[{"href":"https:\/\/product-guide.org\/en\/wp-json\/wp\/v2\/types\/product"}],"wp:featuredmedia":[{"embeddable":true,"href":"https:\/\/product-guide.org\/en\/wp-json\/wp\/v2\/media\/50440"}],"wp:attachment":[{"href":"https:\/\/product-guide.org\/en\/wp-json\/wp\/v2\/media?parent=50441"}],"wp:term":[{"taxonomy":"store","embeddable":true,"href":"https:\/\/product-guide.org\/en\/wp-json\/wp\/v2\/store?post=50441"},{"taxonomy":"product_brand","embeddable":true,"href":"https:\/\/product-guide.org\/en\/wp-json\/wp\/v2\/product_brand?post=50441"},{"taxonomy":"product_cat","embeddable":true,"href":"https:\/\/product-guide.org\/en\/wp-json\/wp\/v2\/product_cat?post=50441"},{"taxonomy":"product_tag","embeddable":true,"href":"https:\/\/product-guide.org\/en\/wp-json\/wp\/v2\/product_tag?post=50441"}],"curies":[{"name":"wp","href":"https:\/\/api.w.org\/{rel}","templated":true}]}}