{"id":50445,"date":"2025-03-17T10:55:56","date_gmt":"2025-03-17T09:55:56","guid":{"rendered":"https:\/\/product-guide.org\/produkt\/lupus-fenster-turkontakt-pro-weis-alarm-laden\/"},"modified":"2025-03-17T10:55:56","modified_gmt":"2025-03-17T09:55:56","slug":"lupus-fenster-turkontakt-pro-weis-alarm-laden","status":"publish","type":"product","link":"https:\/\/product-guide.org\/en\/produkt\/lupus-fenster-turkontakt-pro-weis-alarm-laden\/","title":{"rendered":"LUPUS &#8211; Fenster-\/ T\u00fcrkontakt Pro wei\u00df | alarm-laden"},"content":{"rendered":"<p>Nur f\u00fcr XT4 &#8211; bis zu 2km* Reichweite Hochwertiger Magnetkontakt Kleines, modernes Geh\u00e4use Sabotageerkennung Funk\u00fcbertragung Status\u00fcbertragung Meldet sicher den Status von Fenster oder T\u00fcren ca. 5 Jahre Batterie-Lebensdauer Alarmierung im Alarmfall \u00fcber die Zentrale via. SMS, (Telefonanruf), E-Mail und Contact-ID LUPUS &#8211; Fenster-\/ T\u00fcrkontakt Pro wei\u00df LUPUSEC \u00d6ffnungsmelder V2 Funk-\u00d6ffnungsmelder Pro der LUPUS Smarthome Alarmanlage Rundum sicher. Mit dem neuen T\u00fcr\/Fenster-Kontakt Pro von LUPUS werden Fenster und T\u00fcren gegen unerw\u00fcnschten Besuch gesichert. Mit nur einem Klick lassen sich die neuen Sensoren in Ihre LUPUS XT Zentrale anlernen. Beim \u00d6ffnen registriert der Sensor innerhalb von Millisekunden den Vorgang. So ist man stets informiert und im Notfall alarmiert. Egal ob Zuhause, Betrieb, Ladengesch\u00e4ft oder B\u00fcrogeb\u00e4ude: LUPUS T\u00fcr-\/Fenster-Sensoren machen Ihr Objekt sicher. Und durch Ihr neues, formsch\u00f6nes Design passen Sie auch perfekt zu Ihren hochwertigen Fenster- und T\u00fcrrahmen. Erh\u00e4ltlich in Wei\u00df, braun oder anthrazit. Einfach, sch\u00f6n und sicher. Der Kontakt besteht aus zwei Elementen. Eines der Elemente wird an Fenster bzw. T\u00fcr, das andere Element am Rahmen angebracht. So erkennt der Sensor sofort, wenn eine T\u00fcr ge\u00f6ffnet oder geschlossen wird. An der Unterseite des Fensters angebracht, besteht weiterhin die M\u00f6glichkeit das Fenster zu kippen. Es k\u00f6nnen mehrere T\u00fcr-\/Fensterkontakte in ein System eingebunden werden (An die LUPUS-XT4 k\u00f6nnen insgesamt 480 Sensoren angeschlossen werden.) Wie alle anderen Zubeh\u00f6rteile ist auch der T\u00fcr-\/Fensterkontakt batteriebetrieben und wird per Funk an die Alarmanlage angebunden. Kabel zur Signal\u00fcbertragung oder eine Stromversorgung per Netzteil ist NICHT notwendig. Einfach die beiden Elemente anbringen, mit dem System verbinden, fertig. Immer Informiert &#8211; das Web Interface der XT2 Plus Schnell installiert, einfach automatisiert! Einmal in das System integriert, meldet der T\u00fcr-\/Fensterkontakt jede \u00c4nderung des Zustands an die Zentrale. Dies beinhaltet eine Statusmeldung bei schwacher Batterie, bei Ausl\u00f6sen des an der Hinterseite befindlichen Sabotagekontakts sowie das \u00d6ffnen und Schlie\u00dfen. Letzteres k\u00f6nnen Sie f\u00fcr zahlreiche Automatisierungen verwenden: Sie m\u00f6chten z.B. beim Betreten des Bads nur in der Nacht das Licht automatisch einschalten? Oder beim \u00d6ffnen des Fensters die Heizung herunterregeln? Kein Problem &#8211; \u00fcber das intuitiv bedienbare Webinterface sind solche Regeln im Handumdrehen erstellt.<\/p>\n","protected":false},"excerpt":{"rendered":"<p>Nur f\u00fcr XT4 &#8211; bis zu 2km* Reichweite Hochwertiger Magnetkontakt Kleines, modernes Geh\u00e4use Sabotageerkennung Funk\u00fcbertragung Status\u00fcbertragung Meldet sicher den Status von Fenster oder T\u00fcren ca. 5 Jahre Batterie-Lebensdauer Alarmierung im Alarmfall \u00fcber die Zentrale via. SMS, (Telefonanruf), E-Mail und Contact-ID LUPUS &#8211; Fenster-\/ T\u00fcrkontakt Pro wei\u00df LUPUSEC \u00d6ffnungsmelder V2 Funk-\u00d6ffnungsmelder Pro der LUPUS Smarthome Alarmanlage [&hellip;]<\/p>\n","protected":false},"featured_media":50444,"template":"","meta":{"_gspb_post_css":""},"store":[],"product_brand":[1378],"product_cat":[1290],"product_tag":[],"class_list":{"0":"post-50445","1":"product","2":"type-product","3":"status-publish","4":"has-post-thumbnail","6":"product_brand-alarm-laden","7":"product_cat-uncategorized","9":"first","10":"instock","11":"shipping-taxable","12":"purchasable","13":"product-type-simple"},"yoast_head":"<!-- This site is optimized with the Yoast SEO plugin v24.6 - https:\/\/yoast.com\/wordpress\/plugins\/seo\/ -->\n<title>LUPUS - Fenster-\/ T\u00fcrkontakt Pro wei\u00df | alarm-laden | Product-Guide.org<\/title>\n<meta name=\"description\" content=\"LUPUS - Fenster-\/ T\u00fcrkontakt Pro wei\u00df | alarm-laden gefunden von Product-Guide.org\" \/>\n<meta name=\"robots\" content=\"index, follow, max-snippet:-1, max-image-preview:large, max-video-preview:-1\" \/>\n<link rel=\"canonical\" href=\"https:\/\/product-guide.org\/en\/produkt\/lupus-fenster-turkontakt-pro-weis-alarm-laden\/\" \/>\n<meta property=\"og:locale\" content=\"en_GB\" \/>\n<meta property=\"og:type\" content=\"article\" \/>\n<meta property=\"og:title\" content=\"LUPUS - Fenster-\/ T\u00fcrkontakt Pro wei\u00df | alarm-laden | Product-Guide.org\" \/>\n<meta property=\"og:description\" content=\"LUPUS - Fenster-\/ T\u00fcrkontakt Pro wei\u00df | alarm-laden gefunden von Product-Guide.org\" \/>\n<meta property=\"og:url\" content=\"https:\/\/product-guide.org\/en\/produkt\/lupus-fenster-turkontakt-pro-weis-alarm-laden\/\" \/>\n<meta property=\"og:site_name\" content=\"Product-Guide.org\" \/>\n<meta name=\"twitter:card\" content=\"summary_large_image\" \/>\n<script type=\"application\/ld+json\" class=\"yoast-schema-graph\">{\"@context\":\"https:\/\/schema.org\",\"@graph\":[{\"@type\":\"WebPage\",\"@id\":\"https:\/\/product-guide.org\/produkt\/lupus-fenster-turkontakt-pro-weis-alarm-laden\/\",\"url\":\"https:\/\/product-guide.org\/produkt\/lupus-fenster-turkontakt-pro-weis-alarm-laden\/\",\"name\":\"LUPUS - Fenster-\/ T\u00fcrkontakt Pro wei\u00df | alarm-laden | Product-Guide.org\",\"isPartOf\":{\"@id\":\"https:\/\/product-guide.org\/#website\"},\"primaryImageOfPage\":{\"@id\":\"https:\/\/product-guide.org\/produkt\/lupus-fenster-turkontakt-pro-weis-alarm-laden\/#primaryimage\"},\"image\":{\"@id\":\"https:\/\/product-guide.org\/produkt\/lupus-fenster-turkontakt-pro-weis-alarm-laden\/#primaryimage\"},\"thumbnailUrl\":\"https:\/\/product-guide.org\/wp-content\/uploads\/2025\/03\/12113lupusectuerkontaktv272dpifrontjpg.jpg\",\"datePublished\":\"2025-03-17T09:55:56+00:00\",\"description\":\"LUPUS - Fenster-\/ T\u00fcrkontakt Pro wei\u00df | alarm-laden gefunden von Product-Guide.org\",\"breadcrumb\":{\"@id\":\"https:\/\/product-guide.org\/produkt\/lupus-fenster-turkontakt-pro-weis-alarm-laden\/#breadcrumb\"},\"inLanguage\":\"en-GB\",\"potentialAction\":[{\"@type\":\"ReadAction\",\"target\":[\"https:\/\/product-guide.org\/produkt\/lupus-fenster-turkontakt-pro-weis-alarm-laden\/\"]}]},{\"@type\":\"ImageObject\",\"inLanguage\":\"en-GB\",\"@id\":\"https:\/\/product-guide.org\/produkt\/lupus-fenster-turkontakt-pro-weis-alarm-laden\/#primaryimage\",\"url\":\"https:\/\/product-guide.org\/wp-content\/uploads\/2025\/03\/12113lupusectuerkontaktv272dpifrontjpg.jpg\",\"contentUrl\":\"https:\/\/product-guide.org\/wp-content\/uploads\/2025\/03\/12113lupusectuerkontaktv272dpifrontjpg.jpg\",\"width\":800,\"height\":533},{\"@type\":\"BreadcrumbList\",\"@id\":\"https:\/\/product-guide.org\/produkt\/lupus-fenster-turkontakt-pro-weis-alarm-laden\/#breadcrumb\",\"itemListElement\":[{\"@type\":\"ListItem\",\"position\":1,\"name\":\"Home\",\"item\":\"https:\/\/product-guide.org\/\"},{\"@type\":\"ListItem\",\"position\":2,\"name\":\"Ergebnisse\",\"item\":\"https:\/\/product-guide.org\/de\/ergebnisse\/\"},{\"@type\":\"ListItem\",\"position\":3,\"name\":\"LUPUS &#8211; Fenster-\/ T\u00fcrkontakt Pro wei\u00df | alarm-laden\"}]},{\"@type\":\"WebSite\",\"@id\":\"https:\/\/product-guide.org\/#website\",\"url\":\"https:\/\/product-guide.org\/\",\"name\":\"Product-Guide.org\",\"description\":\"What Product are you looking for?\",\"publisher\":{\"@id\":\"https:\/\/product-guide.org\/#organization\"},\"potentialAction\":[{\"@type\":\"SearchAction\",\"target\":{\"@type\":\"EntryPoint\",\"urlTemplate\":\"https:\/\/product-guide.org\/?s={search_term_string}\"},\"query-input\":{\"@type\":\"PropertyValueSpecification\",\"valueRequired\":true,\"valueName\":\"search_term_string\"}}],\"inLanguage\":\"en-GB\"},{\"@type\":\"Organization\",\"@id\":\"https:\/\/product-guide.org\/#organization\",\"name\":\"Product-Guide.org\",\"url\":\"https:\/\/product-guide.org\/\",\"logo\":{\"@type\":\"ImageObject\",\"inLanguage\":\"en-GB\",\"@id\":\"https:\/\/product-guide.org\/#\/schema\/logo\/image\/\",\"url\":\"https:\/\/product-guide.org\/wp-content\/uploads\/2022\/07\/logo_transparent_background.png\",\"contentUrl\":\"https:\/\/product-guide.org\/wp-content\/uploads\/2022\/07\/logo_transparent_background.png\",\"width\":3400,\"height\":1132,\"caption\":\"Product-Guide.org\"},\"image\":{\"@id\":\"https:\/\/product-guide.org\/#\/schema\/logo\/image\/\"}}]}<\/script>\n<!-- \/ Yoast SEO plugin. -->","yoast_head_json":{"title":"LUPUS - Fenster-\/ T\u00fcrkontakt Pro wei\u00df | alarm-laden | Product-Guide.org","description":"LUPUS - Fenster-\/ T\u00fcrkontakt Pro wei\u00df | alarm-laden gefunden von Product-Guide.org","robots":{"index":"index","follow":"follow","max-snippet":"max-snippet:-1","max-image-preview":"max-image-preview:large","max-video-preview":"max-video-preview:-1"},"canonical":"https:\/\/product-guide.org\/en\/produkt\/lupus-fenster-turkontakt-pro-weis-alarm-laden\/","og_locale":"en_GB","og_type":"article","og_title":"LUPUS - Fenster-\/ T\u00fcrkontakt Pro wei\u00df | alarm-laden | Product-Guide.org","og_description":"LUPUS - Fenster-\/ T\u00fcrkontakt Pro wei\u00df | alarm-laden gefunden von Product-Guide.org","og_url":"https:\/\/product-guide.org\/en\/produkt\/lupus-fenster-turkontakt-pro-weis-alarm-laden\/","og_site_name":"Product-Guide.org","twitter_card":"summary_large_image","schema":{"@context":"https:\/\/schema.org","@graph":[{"@type":"WebPage","@id":"https:\/\/product-guide.org\/produkt\/lupus-fenster-turkontakt-pro-weis-alarm-laden\/","url":"https:\/\/product-guide.org\/produkt\/lupus-fenster-turkontakt-pro-weis-alarm-laden\/","name":"LUPUS - Fenster-\/ T\u00fcrkontakt Pro wei\u00df | alarm-laden | Product-Guide.org","isPartOf":{"@id":"https:\/\/product-guide.org\/#website"},"primaryImageOfPage":{"@id":"https:\/\/product-guide.org\/produkt\/lupus-fenster-turkontakt-pro-weis-alarm-laden\/#primaryimage"},"image":{"@id":"https:\/\/product-guide.org\/produkt\/lupus-fenster-turkontakt-pro-weis-alarm-laden\/#primaryimage"},"thumbnailUrl":"https:\/\/product-guide.org\/wp-content\/uploads\/2025\/03\/12113lupusectuerkontaktv272dpifrontjpg.jpg","datePublished":"2025-03-17T09:55:56+00:00","description":"LUPUS - Fenster-\/ T\u00fcrkontakt Pro wei\u00df | alarm-laden gefunden von Product-Guide.org","breadcrumb":{"@id":"https:\/\/product-guide.org\/produkt\/lupus-fenster-turkontakt-pro-weis-alarm-laden\/#breadcrumb"},"inLanguage":"en-GB","potentialAction":[{"@type":"ReadAction","target":["https:\/\/product-guide.org\/produkt\/lupus-fenster-turkontakt-pro-weis-alarm-laden\/"]}]},{"@type":"ImageObject","inLanguage":"en-GB","@id":"https:\/\/product-guide.org\/produkt\/lupus-fenster-turkontakt-pro-weis-alarm-laden\/#primaryimage","url":"https:\/\/product-guide.org\/wp-content\/uploads\/2025\/03\/12113lupusectuerkontaktv272dpifrontjpg.jpg","contentUrl":"https:\/\/product-guide.org\/wp-content\/uploads\/2025\/03\/12113lupusectuerkontaktv272dpifrontjpg.jpg","width":800,"height":533},{"@type":"BreadcrumbList","@id":"https:\/\/product-guide.org\/produkt\/lupus-fenster-turkontakt-pro-weis-alarm-laden\/#breadcrumb","itemListElement":[{"@type":"ListItem","position":1,"name":"Home","item":"https:\/\/product-guide.org\/"},{"@type":"ListItem","position":2,"name":"Ergebnisse","item":"https:\/\/product-guide.org\/de\/ergebnisse\/"},{"@type":"ListItem","position":3,"name":"LUPUS &#8211; Fenster-\/ T\u00fcrkontakt Pro wei\u00df | alarm-laden"}]},{"@type":"WebSite","@id":"https:\/\/product-guide.org\/#website","url":"https:\/\/product-guide.org\/","name":"Product-Guide.org","description":"What Product are you looking for?","publisher":{"@id":"https:\/\/product-guide.org\/#organization"},"potentialAction":[{"@type":"SearchAction","target":{"@type":"EntryPoint","urlTemplate":"https:\/\/product-guide.org\/?s={search_term_string}"},"query-input":{"@type":"PropertyValueSpecification","valueRequired":true,"valueName":"search_term_string"}}],"inLanguage":"en-GB"},{"@type":"Organization","@id":"https:\/\/product-guide.org\/#organization","name":"Product-Guide.org","url":"https:\/\/product-guide.org\/","logo":{"@type":"ImageObject","inLanguage":"en-GB","@id":"https:\/\/product-guide.org\/#\/schema\/logo\/image\/","url":"https:\/\/product-guide.org\/wp-content\/uploads\/2022\/07\/logo_transparent_background.png","contentUrl":"https:\/\/product-guide.org\/wp-content\/uploads\/2022\/07\/logo_transparent_background.png","width":3400,"height":1132,"caption":"Product-Guide.org"},"image":{"@id":"https:\/\/product-guide.org\/#\/schema\/logo\/image\/"}}]}},"_links":{"self":[{"href":"https:\/\/product-guide.org\/en\/wp-json\/wp\/v2\/product\/50445","targetHints":{"allow":["GET"]}}],"collection":[{"href":"https:\/\/product-guide.org\/en\/wp-json\/wp\/v2\/product"}],"about":[{"href":"https:\/\/product-guide.org\/en\/wp-json\/wp\/v2\/types\/product"}],"wp:featuredmedia":[{"embeddable":true,"href":"https:\/\/product-guide.org\/en\/wp-json\/wp\/v2\/media\/50444"}],"wp:attachment":[{"href":"https:\/\/product-guide.org\/en\/wp-json\/wp\/v2\/media?parent=50445"}],"wp:term":[{"taxonomy":"store","embeddable":true,"href":"https:\/\/product-guide.org\/en\/wp-json\/wp\/v2\/store?post=50445"},{"taxonomy":"product_brand","embeddable":true,"href":"https:\/\/product-guide.org\/en\/wp-json\/wp\/v2\/product_brand?post=50445"},{"taxonomy":"product_cat","embeddable":true,"href":"https:\/\/product-guide.org\/en\/wp-json\/wp\/v2\/product_cat?post=50445"},{"taxonomy":"product_tag","embeddable":true,"href":"https:\/\/product-guide.org\/en\/wp-json\/wp\/v2\/product_tag?post=50445"}],"curies":[{"name":"wp","href":"https:\/\/api.w.org\/{rel}","templated":true}]}}