{"id":50481,"date":"2025-03-17T10:56:50","date_gmt":"2025-03-17T09:56:50","guid":{"rendered":"https:\/\/product-guide.org\/produkt\/secvest-funkalarmanlage-open-fur-alte-melder-fuaa50100-alarm-laden\/"},"modified":"2025-03-17T10:56:50","modified_gmt":"2025-03-17T09:56:50","slug":"secvest-funkalarmanlage-open-fur-alte-melder-fuaa50100-alarm-laden","status":"publish","type":"product","link":"https:\/\/product-guide.org\/en\/produkt\/secvest-funkalarmanlage-open-fur-alte-melder-fuaa50100-alarm-laden\/","title":{"rendered":"Secvest Funkalarmanlage &#8220;open&#8221; (f\u00fcr alte Melder) &#8211; FUAA50100 | alarm-laden"},"content":{"rendered":"<p>Diese Version ist in der Lage die neuen und die &#8220;alten&#8221; Melder zu nutzen! Produktvorteile Komfortable Bedienung und Programmierung an der Zentrale und am integrierten Web Server Einfache Konfiguration und Diagnosem\u00f6glichkeiten durch zeitsparende Software-Features \u00fcber die Zentrale und Webserver Aktiver Einbruchschutz in Kombination mit mechatronischen Funk-Fenster-\/T\u00fcrzusatzsicherungen Videoverifikation mit bis zu 6 ABUS Netzwerkkameras Bis zu 48 einzeln identifizierbare Funkmelder, 8 Bedienteile, 50 Fernbedienungen Integriertes PSTN-W\u00e4hlger\u00e4t, Leitstellenprotokolle (auch IP-basiert) und E-Mail-Benachrichtigung VdS-Home-zertifiziert sowie EN 50131-1 Grad 2 Der bew\u00e4hrte Rundumschutz \u2013 jetzt noch besserDie Secvest Funkalarmanlage ist die konsequente Weiterentwicklung der seit Jahren auf dem Sicherheitsmarkt erfolgreichen Secvest 2WAY. Neben den klassischen Alarmfunktionen zum Schutz vor Einbruch, Feuer, Wasser und im Notfall integriert die Secvest jetzt auch Videoverifikation, eine mobile Steuerung per Webbrowser und App sowie weiterhin den einzigartigen mechatronischen Einbruchschutz, den es bislang nur von ABUS gibt.Gro\u00dfe Meldervielfalt und mobile BedienoptionenMit bis zu 48 \u00fcber Funk kommunizierenden Meldern sowie bis zu vier verdrahteten Meldern bietet die Secvest Funkalarmanlage f\u00fcr bis zu 50 Nutzer ein Maximum an Sicherheit. Verschiedene Bedienoptionen wie Codeeingabe, Proximity Chipschl\u00fcssel oder Fernbedienung entsprechen verschiedenen Anwendungsvorlieben. Ein neues Highlight ist die Steuerung der Zentrale via App. Das System kann damit vom Mobiltelefon aus bedient werden \u2013 und der beruhigende Blick in die eigenen vier W\u00e4nde jederzeit von \u00fcberall aus f\u00fcr die Gewissheit sorgen, dass Zuhause alles in Ordnung ist.L\u00fcckenlose Live-Video\u00fcberwachung und \u2013verifikation per AppDie aktuellen Videobilder von bis zu sechs IP-Kameras sind jederzeit abrufbar. S\u00e4mtliche Steuerungen wie das Aktivieren und Deaktivieren der Alarmanlage oder die Abfrage von Statusberichten sind ebenfalls mit der Secvest App f\u00fcr Android oder iOS m\u00f6glich.Aktiver Schutz vor EinbruchAn Fenstern und T\u00fcren angebrachte Melder fungieren als mechanische und elektronische Sicherung in einem und bieten so den ber\u00fchmten doppelten Einbruchschutz, der ABUS Mechatronik-Melder auszeichnet: Durch solide ineinander verkrallende Stahlriegel, die Einbrechern einen Widerstand von bis zu einer Tonne entgegen setzen sowie eine besonders sensible Detektion, die bereits den ersten Aufhebelversuch erkennt und der Alarmzentrale meldet \u2013 noch bevor der T\u00e4ter im Haus ist.Anwesenheit simulieren und Vorg\u00e4nge rund ums Haus steuern\u00dcber beliebig viele Funksteckdosen erm\u00f6glicht die Secvest eine automatische Steuerung des Lichts, der Stereoanlage oder \u00c4hnlichem, um etwa im Urlaub oder im Alarmfall Anwesenheit vorzut\u00e4uschen. \u00dcber 32 Funk- und vier verdrahtete Ausg\u00e4nge k\u00f6nnen beispielsweise das Licht im Haus oder Garagentore gesteuert werden.Bitte beachten Sie, dass die Secvest 2WAY Melder nicht mit der neuen Secvest Zentrale kompatibel sind.<\/p>\n","protected":false},"excerpt":{"rendered":"<p>Diese Version ist in der Lage die neuen und die &#8220;alten&#8221; Melder zu nutzen! Produktvorteile Komfortable Bedienung und Programmierung an der Zentrale und am integrierten Web Server Einfache Konfiguration und Diagnosem\u00f6glichkeiten durch zeitsparende Software-Features \u00fcber die Zentrale und Webserver Aktiver Einbruchschutz in Kombination mit mechatronischen Funk-Fenster-\/T\u00fcrzusatzsicherungen Videoverifikation mit bis zu 6 ABUS Netzwerkkameras Bis zu [&hellip;]<\/p>\n","protected":false},"featured_media":50480,"template":"","meta":{"_gspb_post_css":""},"store":[],"product_brand":[1378],"product_cat":[1290],"product_tag":[],"class_list":{"0":"post-50481","1":"product","2":"type-product","3":"status-publish","4":"has-post-thumbnail","6":"product_brand-alarm-laden","7":"product_cat-uncategorized","9":"first","10":"instock","11":"shipping-taxable","12":"purchasable","13":"product-type-simple"},"yoast_head":"<!-- This site is optimized with the Yoast SEO plugin v24.6 - https:\/\/yoast.com\/wordpress\/plugins\/seo\/ -->\n<title>Secvest Funkalarmanlage &quot;open&quot; (f\u00fcr alte Melder) - FUAA50100 | alarm-laden | Product-Guide.org<\/title>\n<meta name=\"description\" content=\"Secvest Funkalarmanlage &quot;open&quot; (f\u00fcr alte Melder) - FUAA50100 | alarm-laden gefunden von Product-Guide.org\" \/>\n<meta name=\"robots\" content=\"index, follow, max-snippet:-1, max-image-preview:large, max-video-preview:-1\" \/>\n<link rel=\"canonical\" href=\"https:\/\/product-guide.org\/en\/produkt\/secvest-funkalarmanlage-open-fur-alte-melder-fuaa50100-alarm-laden\/\" \/>\n<meta property=\"og:locale\" content=\"en_GB\" \/>\n<meta property=\"og:type\" content=\"article\" \/>\n<meta property=\"og:title\" content=\"Secvest Funkalarmanlage &quot;open&quot; (f\u00fcr alte Melder) - FUAA50100 | alarm-laden | Product-Guide.org\" \/>\n<meta property=\"og:description\" content=\"Secvest Funkalarmanlage &quot;open&quot; (f\u00fcr alte Melder) - FUAA50100 | alarm-laden gefunden von Product-Guide.org\" \/>\n<meta property=\"og:url\" content=\"https:\/\/product-guide.org\/en\/produkt\/secvest-funkalarmanlage-open-fur-alte-melder-fuaa50100-alarm-laden\/\" \/>\n<meta property=\"og:site_name\" content=\"Product-Guide.org\" \/>\n<meta name=\"twitter:card\" content=\"summary_large_image\" \/>\n<script type=\"application\/ld+json\" class=\"yoast-schema-graph\">{\"@context\":\"https:\/\/schema.org\",\"@graph\":[{\"@type\":\"WebPage\",\"@id\":\"https:\/\/product-guide.org\/produkt\/secvest-funkalarmanlage-open-fur-alte-melder-fuaa50100-alarm-laden\/\",\"url\":\"https:\/\/product-guide.org\/produkt\/secvest-funkalarmanlage-open-fur-alte-melder-fuaa50100-alarm-laden\/\",\"name\":\"Secvest Funkalarmanlage \\\"open\\\" (f\u00fcr alte Melder) - FUAA50100 | alarm-laden | Product-Guide.org\",\"isPartOf\":{\"@id\":\"https:\/\/product-guide.org\/#website\"},\"primaryImageOfPage\":{\"@id\":\"https:\/\/product-guide.org\/produkt\/secvest-funkalarmanlage-open-fur-alte-melder-fuaa50100-alarm-laden\/#primaryimage\"},\"image\":{\"@id\":\"https:\/\/product-guide.org\/produkt\/secvest-funkalarmanlage-open-fur-alte-melder-fuaa50100-alarm-laden\/#primaryimage\"},\"thumbnailUrl\":\"https:\/\/product-guide.org\/wp-content\/uploads\/2025\/03\/FUAA50000-rechts-2021_webs.jpg\",\"datePublished\":\"2025-03-17T09:56:50+00:00\",\"description\":\"Secvest Funkalarmanlage \\\"open\\\" (f\u00fcr alte Melder) - FUAA50100 | alarm-laden gefunden von Product-Guide.org\",\"breadcrumb\":{\"@id\":\"https:\/\/product-guide.org\/produkt\/secvest-funkalarmanlage-open-fur-alte-melder-fuaa50100-alarm-laden\/#breadcrumb\"},\"inLanguage\":\"en-GB\",\"potentialAction\":[{\"@type\":\"ReadAction\",\"target\":[\"https:\/\/product-guide.org\/produkt\/secvest-funkalarmanlage-open-fur-alte-melder-fuaa50100-alarm-laden\/\"]}]},{\"@type\":\"ImageObject\",\"inLanguage\":\"en-GB\",\"@id\":\"https:\/\/product-guide.org\/produkt\/secvest-funkalarmanlage-open-fur-alte-melder-fuaa50100-alarm-laden\/#primaryimage\",\"url\":\"https:\/\/product-guide.org\/wp-content\/uploads\/2025\/03\/FUAA50000-rechts-2021_webs.jpg\",\"contentUrl\":\"https:\/\/product-guide.org\/wp-content\/uploads\/2025\/03\/FUAA50000-rechts-2021_webs.jpg\",\"width\":180,\"height\":252},{\"@type\":\"BreadcrumbList\",\"@id\":\"https:\/\/product-guide.org\/produkt\/secvest-funkalarmanlage-open-fur-alte-melder-fuaa50100-alarm-laden\/#breadcrumb\",\"itemListElement\":[{\"@type\":\"ListItem\",\"position\":1,\"name\":\"Home\",\"item\":\"https:\/\/product-guide.org\/\"},{\"@type\":\"ListItem\",\"position\":2,\"name\":\"Ergebnisse\",\"item\":\"https:\/\/product-guide.org\/de\/ergebnisse\/\"},{\"@type\":\"ListItem\",\"position\":3,\"name\":\"Secvest Funkalarmanlage &#8220;open&#8221; (f\u00fcr alte Melder) &#8211; FUAA50100 | alarm-laden\"}]},{\"@type\":\"WebSite\",\"@id\":\"https:\/\/product-guide.org\/#website\",\"url\":\"https:\/\/product-guide.org\/\",\"name\":\"Product-Guide.org\",\"description\":\"What Product are you looking for?\",\"publisher\":{\"@id\":\"https:\/\/product-guide.org\/#organization\"},\"potentialAction\":[{\"@type\":\"SearchAction\",\"target\":{\"@type\":\"EntryPoint\",\"urlTemplate\":\"https:\/\/product-guide.org\/?s={search_term_string}\"},\"query-input\":{\"@type\":\"PropertyValueSpecification\",\"valueRequired\":true,\"valueName\":\"search_term_string\"}}],\"inLanguage\":\"en-GB\"},{\"@type\":\"Organization\",\"@id\":\"https:\/\/product-guide.org\/#organization\",\"name\":\"Product-Guide.org\",\"url\":\"https:\/\/product-guide.org\/\",\"logo\":{\"@type\":\"ImageObject\",\"inLanguage\":\"en-GB\",\"@id\":\"https:\/\/product-guide.org\/#\/schema\/logo\/image\/\",\"url\":\"https:\/\/product-guide.org\/wp-content\/uploads\/2022\/07\/logo_transparent_background.png\",\"contentUrl\":\"https:\/\/product-guide.org\/wp-content\/uploads\/2022\/07\/logo_transparent_background.png\",\"width\":3400,\"height\":1132,\"caption\":\"Product-Guide.org\"},\"image\":{\"@id\":\"https:\/\/product-guide.org\/#\/schema\/logo\/image\/\"}}]}<\/script>\n<!-- \/ Yoast SEO plugin. -->","yoast_head_json":{"title":"Secvest Funkalarmanlage \"open\" (f\u00fcr alte Melder) - FUAA50100 | alarm-laden | Product-Guide.org","description":"Secvest Funkalarmanlage \"open\" (f\u00fcr alte Melder) - FUAA50100 | alarm-laden gefunden von Product-Guide.org","robots":{"index":"index","follow":"follow","max-snippet":"max-snippet:-1","max-image-preview":"max-image-preview:large","max-video-preview":"max-video-preview:-1"},"canonical":"https:\/\/product-guide.org\/en\/produkt\/secvest-funkalarmanlage-open-fur-alte-melder-fuaa50100-alarm-laden\/","og_locale":"en_GB","og_type":"article","og_title":"Secvest Funkalarmanlage \"open\" (f\u00fcr alte Melder) - FUAA50100 | alarm-laden | Product-Guide.org","og_description":"Secvest Funkalarmanlage \"open\" (f\u00fcr alte Melder) - FUAA50100 | alarm-laden gefunden von Product-Guide.org","og_url":"https:\/\/product-guide.org\/en\/produkt\/secvest-funkalarmanlage-open-fur-alte-melder-fuaa50100-alarm-laden\/","og_site_name":"Product-Guide.org","twitter_card":"summary_large_image","schema":{"@context":"https:\/\/schema.org","@graph":[{"@type":"WebPage","@id":"https:\/\/product-guide.org\/produkt\/secvest-funkalarmanlage-open-fur-alte-melder-fuaa50100-alarm-laden\/","url":"https:\/\/product-guide.org\/produkt\/secvest-funkalarmanlage-open-fur-alte-melder-fuaa50100-alarm-laden\/","name":"Secvest Funkalarmanlage \"open\" (f\u00fcr alte Melder) - FUAA50100 | alarm-laden | Product-Guide.org","isPartOf":{"@id":"https:\/\/product-guide.org\/#website"},"primaryImageOfPage":{"@id":"https:\/\/product-guide.org\/produkt\/secvest-funkalarmanlage-open-fur-alte-melder-fuaa50100-alarm-laden\/#primaryimage"},"image":{"@id":"https:\/\/product-guide.org\/produkt\/secvest-funkalarmanlage-open-fur-alte-melder-fuaa50100-alarm-laden\/#primaryimage"},"thumbnailUrl":"https:\/\/product-guide.org\/wp-content\/uploads\/2025\/03\/FUAA50000-rechts-2021_webs.jpg","datePublished":"2025-03-17T09:56:50+00:00","description":"Secvest Funkalarmanlage \"open\" (f\u00fcr alte Melder) - FUAA50100 | alarm-laden gefunden von Product-Guide.org","breadcrumb":{"@id":"https:\/\/product-guide.org\/produkt\/secvest-funkalarmanlage-open-fur-alte-melder-fuaa50100-alarm-laden\/#breadcrumb"},"inLanguage":"en-GB","potentialAction":[{"@type":"ReadAction","target":["https:\/\/product-guide.org\/produkt\/secvest-funkalarmanlage-open-fur-alte-melder-fuaa50100-alarm-laden\/"]}]},{"@type":"ImageObject","inLanguage":"en-GB","@id":"https:\/\/product-guide.org\/produkt\/secvest-funkalarmanlage-open-fur-alte-melder-fuaa50100-alarm-laden\/#primaryimage","url":"https:\/\/product-guide.org\/wp-content\/uploads\/2025\/03\/FUAA50000-rechts-2021_webs.jpg","contentUrl":"https:\/\/product-guide.org\/wp-content\/uploads\/2025\/03\/FUAA50000-rechts-2021_webs.jpg","width":180,"height":252},{"@type":"BreadcrumbList","@id":"https:\/\/product-guide.org\/produkt\/secvest-funkalarmanlage-open-fur-alte-melder-fuaa50100-alarm-laden\/#breadcrumb","itemListElement":[{"@type":"ListItem","position":1,"name":"Home","item":"https:\/\/product-guide.org\/"},{"@type":"ListItem","position":2,"name":"Ergebnisse","item":"https:\/\/product-guide.org\/de\/ergebnisse\/"},{"@type":"ListItem","position":3,"name":"Secvest Funkalarmanlage &#8220;open&#8221; (f\u00fcr alte Melder) &#8211; FUAA50100 | alarm-laden"}]},{"@type":"WebSite","@id":"https:\/\/product-guide.org\/#website","url":"https:\/\/product-guide.org\/","name":"Product-Guide.org","description":"What Product are you looking for?","publisher":{"@id":"https:\/\/product-guide.org\/#organization"},"potentialAction":[{"@type":"SearchAction","target":{"@type":"EntryPoint","urlTemplate":"https:\/\/product-guide.org\/?s={search_term_string}"},"query-input":{"@type":"PropertyValueSpecification","valueRequired":true,"valueName":"search_term_string"}}],"inLanguage":"en-GB"},{"@type":"Organization","@id":"https:\/\/product-guide.org\/#organization","name":"Product-Guide.org","url":"https:\/\/product-guide.org\/","logo":{"@type":"ImageObject","inLanguage":"en-GB","@id":"https:\/\/product-guide.org\/#\/schema\/logo\/image\/","url":"https:\/\/product-guide.org\/wp-content\/uploads\/2022\/07\/logo_transparent_background.png","contentUrl":"https:\/\/product-guide.org\/wp-content\/uploads\/2022\/07\/logo_transparent_background.png","width":3400,"height":1132,"caption":"Product-Guide.org"},"image":{"@id":"https:\/\/product-guide.org\/#\/schema\/logo\/image\/"}}]}},"_links":{"self":[{"href":"https:\/\/product-guide.org\/en\/wp-json\/wp\/v2\/product\/50481","targetHints":{"allow":["GET"]}}],"collection":[{"href":"https:\/\/product-guide.org\/en\/wp-json\/wp\/v2\/product"}],"about":[{"href":"https:\/\/product-guide.org\/en\/wp-json\/wp\/v2\/types\/product"}],"wp:featuredmedia":[{"embeddable":true,"href":"https:\/\/product-guide.org\/en\/wp-json\/wp\/v2\/media\/50480"}],"wp:attachment":[{"href":"https:\/\/product-guide.org\/en\/wp-json\/wp\/v2\/media?parent=50481"}],"wp:term":[{"taxonomy":"store","embeddable":true,"href":"https:\/\/product-guide.org\/en\/wp-json\/wp\/v2\/store?post=50481"},{"taxonomy":"product_brand","embeddable":true,"href":"https:\/\/product-guide.org\/en\/wp-json\/wp\/v2\/product_brand?post=50481"},{"taxonomy":"product_cat","embeddable":true,"href":"https:\/\/product-guide.org\/en\/wp-json\/wp\/v2\/product_cat?post=50481"},{"taxonomy":"product_tag","embeddable":true,"href":"https:\/\/product-guide.org\/en\/wp-json\/wp\/v2\/product_tag?post=50481"}],"curies":[{"name":"wp","href":"https:\/\/api.w.org\/{rel}","templated":true}]}}