{"id":50488,"date":"2025-03-17T10:56:55","date_gmt":"2025-03-17T09:56:55","guid":{"rendered":"https:\/\/product-guide.org\/produkt\/terxon-sx-starterset-2023-azaa10100-alarm-laden\/"},"modified":"2025-03-17T10:56:55","modified_gmt":"2025-03-17T09:56:55","slug":"terxon-sx-starterset-2023-azaa10100-alarm-laden","status":"publish","type":"product","link":"https:\/\/product-guide.org\/en\/produkt\/terxon-sx-starterset-2023-azaa10100-alarm-laden\/","title":{"rendered":"Terxon SX Starterset &#8211; 2023 &#8211; AZAA10100 | alarm-laden"},"content":{"rendered":"<p>Produktvorteile Starterset f\u00fcr den idealen Einstieg in die drahtgebundene Alarmtechnik Inkl. Bedienteil, Sirene, Bewegungsmelder, 2 \u00d6ffnungsmeldern und 50 m Alarmkabel Jederzeit flexibel erweiterbar Mit 8 frei programmierbaren Zonen Terxon Alarmanlage SX als Starterset Im Terxon SX Starterset sind alle Komponenten f\u00fcr einen effektiven Erstschutz enthalten. Bei Bedarf ist eine Erweiterung der Anlage jederzeit m\u00f6glich. Das Terxon SX Starterset bietet alle Vorteile der Terxon SX. Bei der Installation stehen 8 frei programmierbare Zonen zur Verf\u00fcgung. Wirksamer Sabotageschutz: Die 9. Zone ist die Sabotagezone. Angeschlossen werden k\u00f6nnen ausschlie\u00dflich NC-Melder. Die Art der Verdrahtung kann frei gew\u00e4hlt werden. Die Innensirene ist im Paket enthalten und hat ihre eigene reservierte Zone auf der Hauptplatine. Komfortable Aktivierung\/Deaktivierung via Code Neben der Zentrale, dem Herzst\u00fcck der Anlage, sind auch ein Bedienteil zur Aktivierung und Deaktivierung der Zentrale sowie ein Bewegungsmelder und 2 \u00d6ffnungsmelder in diesem Set enthalten. Lieferumfang 1Terxon SX Alarmzentrale 1Bedienteil 1Draht-Kombisignalgeber rot 1Alarmkabel 50 m (8-adrig) 1VdS Akkumulator 12 V, 7 Ah 1Draht-Bewegungsmelder 2Draht-NC-\u00d6ffnungsmelder (wei\u00df) 1Bedienungsanleitung<\/p>\n","protected":false},"excerpt":{"rendered":"<p>Produktvorteile Starterset f\u00fcr den idealen Einstieg in die drahtgebundene Alarmtechnik Inkl. Bedienteil, Sirene, Bewegungsmelder, 2 \u00d6ffnungsmeldern und 50 m Alarmkabel Jederzeit flexibel erweiterbar Mit 8 frei programmierbaren Zonen Terxon Alarmanlage SX als Starterset Im Terxon SX Starterset sind alle Komponenten f\u00fcr einen effektiven Erstschutz enthalten. Bei Bedarf ist eine Erweiterung der Anlage jederzeit m\u00f6glich. Das [&hellip;]<\/p>\n","protected":false},"featured_media":50487,"template":"","meta":{"_gspb_post_css":""},"store":[],"product_brand":[1378],"product_cat":[1290],"product_tag":[],"class_list":{"0":"post-50488","1":"product","2":"type-product","3":"status-publish","4":"has-post-thumbnail","6":"product_brand-alarm-laden","7":"product_cat-uncategorized","9":"first","10":"instock","11":"shipping-taxable","12":"purchasable","13":"product-type-simple"},"yoast_head":"<!-- This site is optimized with the Yoast SEO plugin v24.6 - https:\/\/yoast.com\/wordpress\/plugins\/seo\/ -->\n<title>Terxon SX Starterset - 2023 - AZAA10100 | alarm-laden | Product-Guide.org<\/title>\n<meta name=\"description\" content=\"Terxon SX Starterset - 2023 - AZAA10100 | alarm-laden gefunden von Product-Guide.org\" \/>\n<meta name=\"robots\" content=\"index, follow, max-snippet:-1, max-image-preview:large, max-video-preview:-1\" \/>\n<link rel=\"canonical\" href=\"https:\/\/product-guide.org\/en\/produkt\/terxon-sx-starterset-2023-azaa10100-alarm-laden\/\" \/>\n<meta property=\"og:locale\" content=\"en_GB\" \/>\n<meta property=\"og:type\" content=\"article\" \/>\n<meta property=\"og:title\" content=\"Terxon SX Starterset - 2023 - AZAA10100 | alarm-laden | Product-Guide.org\" \/>\n<meta property=\"og:description\" content=\"Terxon SX Starterset - 2023 - AZAA10100 | alarm-laden gefunden von Product-Guide.org\" \/>\n<meta property=\"og:url\" content=\"https:\/\/product-guide.org\/en\/produkt\/terxon-sx-starterset-2023-azaa10100-alarm-laden\/\" \/>\n<meta property=\"og:site_name\" content=\"Product-Guide.org\" \/>\n<meta name=\"twitter:card\" content=\"summary_large_image\" \/>\n<script type=\"application\/ld+json\" class=\"yoast-schema-graph\">{\"@context\":\"https:\/\/schema.org\",\"@graph\":[{\"@type\":\"WebPage\",\"@id\":\"https:\/\/product-guide.org\/produkt\/terxon-sx-starterset-2023-azaa10100-alarm-laden\/\",\"url\":\"https:\/\/product-guide.org\/produkt\/terxon-sx-starterset-2023-azaa10100-alarm-laden\/\",\"name\":\"Terxon SX Starterset - 2023 - AZAA10100 | alarm-laden | Product-Guide.org\",\"isPartOf\":{\"@id\":\"https:\/\/product-guide.org\/#website\"},\"primaryImageOfPage\":{\"@id\":\"https:\/\/product-guide.org\/produkt\/terxon-sx-starterset-2023-azaa10100-alarm-laden\/#primaryimage\"},\"image\":{\"@id\":\"https:\/\/product-guide.org\/produkt\/terxon-sx-starterset-2023-azaa10100-alarm-laden\/#primaryimage\"},\"thumbnailUrl\":\"https:\/\/product-guide.org\/wp-content\/uploads\/2025\/03\/azaa10100rechtswebl.jpg\",\"datePublished\":\"2025-03-17T09:56:55+00:00\",\"description\":\"Terxon SX Starterset - 2023 - AZAA10100 | alarm-laden gefunden von Product-Guide.org\",\"breadcrumb\":{\"@id\":\"https:\/\/product-guide.org\/produkt\/terxon-sx-starterset-2023-azaa10100-alarm-laden\/#breadcrumb\"},\"inLanguage\":\"en-GB\",\"potentialAction\":[{\"@type\":\"ReadAction\",\"target\":[\"https:\/\/product-guide.org\/produkt\/terxon-sx-starterset-2023-azaa10100-alarm-laden\/\"]}]},{\"@type\":\"ImageObject\",\"inLanguage\":\"en-GB\",\"@id\":\"https:\/\/product-guide.org\/produkt\/terxon-sx-starterset-2023-azaa10100-alarm-laden\/#primaryimage\",\"url\":\"https:\/\/product-guide.org\/wp-content\/uploads\/2025\/03\/azaa10100rechtswebl.jpg\",\"contentUrl\":\"https:\/\/product-guide.org\/wp-content\/uploads\/2025\/03\/azaa10100rechtswebl.jpg\",\"width\":1000,\"height\":798},{\"@type\":\"BreadcrumbList\",\"@id\":\"https:\/\/product-guide.org\/produkt\/terxon-sx-starterset-2023-azaa10100-alarm-laden\/#breadcrumb\",\"itemListElement\":[{\"@type\":\"ListItem\",\"position\":1,\"name\":\"Home\",\"item\":\"https:\/\/product-guide.org\/\"},{\"@type\":\"ListItem\",\"position\":2,\"name\":\"Ergebnisse\",\"item\":\"https:\/\/product-guide.org\/de\/ergebnisse\/\"},{\"@type\":\"ListItem\",\"position\":3,\"name\":\"Terxon SX Starterset &#8211; 2023 &#8211; AZAA10100 | alarm-laden\"}]},{\"@type\":\"WebSite\",\"@id\":\"https:\/\/product-guide.org\/#website\",\"url\":\"https:\/\/product-guide.org\/\",\"name\":\"Product-Guide.org\",\"description\":\"What Product are you looking for?\",\"publisher\":{\"@id\":\"https:\/\/product-guide.org\/#organization\"},\"potentialAction\":[{\"@type\":\"SearchAction\",\"target\":{\"@type\":\"EntryPoint\",\"urlTemplate\":\"https:\/\/product-guide.org\/?s={search_term_string}\"},\"query-input\":{\"@type\":\"PropertyValueSpecification\",\"valueRequired\":true,\"valueName\":\"search_term_string\"}}],\"inLanguage\":\"en-GB\"},{\"@type\":\"Organization\",\"@id\":\"https:\/\/product-guide.org\/#organization\",\"name\":\"Product-Guide.org\",\"url\":\"https:\/\/product-guide.org\/\",\"logo\":{\"@type\":\"ImageObject\",\"inLanguage\":\"en-GB\",\"@id\":\"https:\/\/product-guide.org\/#\/schema\/logo\/image\/\",\"url\":\"https:\/\/product-guide.org\/wp-content\/uploads\/2022\/07\/logo_transparent_background.png\",\"contentUrl\":\"https:\/\/product-guide.org\/wp-content\/uploads\/2022\/07\/logo_transparent_background.png\",\"width\":3400,\"height\":1132,\"caption\":\"Product-Guide.org\"},\"image\":{\"@id\":\"https:\/\/product-guide.org\/#\/schema\/logo\/image\/\"}}]}<\/script>\n<!-- \/ Yoast SEO plugin. -->","yoast_head_json":{"title":"Terxon SX Starterset - 2023 - AZAA10100 | alarm-laden | Product-Guide.org","description":"Terxon SX Starterset - 2023 - AZAA10100 | alarm-laden gefunden von Product-Guide.org","robots":{"index":"index","follow":"follow","max-snippet":"max-snippet:-1","max-image-preview":"max-image-preview:large","max-video-preview":"max-video-preview:-1"},"canonical":"https:\/\/product-guide.org\/en\/produkt\/terxon-sx-starterset-2023-azaa10100-alarm-laden\/","og_locale":"en_GB","og_type":"article","og_title":"Terxon SX Starterset - 2023 - AZAA10100 | alarm-laden | Product-Guide.org","og_description":"Terxon SX Starterset - 2023 - AZAA10100 | alarm-laden gefunden von Product-Guide.org","og_url":"https:\/\/product-guide.org\/en\/produkt\/terxon-sx-starterset-2023-azaa10100-alarm-laden\/","og_site_name":"Product-Guide.org","twitter_card":"summary_large_image","schema":{"@context":"https:\/\/schema.org","@graph":[{"@type":"WebPage","@id":"https:\/\/product-guide.org\/produkt\/terxon-sx-starterset-2023-azaa10100-alarm-laden\/","url":"https:\/\/product-guide.org\/produkt\/terxon-sx-starterset-2023-azaa10100-alarm-laden\/","name":"Terxon SX Starterset - 2023 - AZAA10100 | alarm-laden | Product-Guide.org","isPartOf":{"@id":"https:\/\/product-guide.org\/#website"},"primaryImageOfPage":{"@id":"https:\/\/product-guide.org\/produkt\/terxon-sx-starterset-2023-azaa10100-alarm-laden\/#primaryimage"},"image":{"@id":"https:\/\/product-guide.org\/produkt\/terxon-sx-starterset-2023-azaa10100-alarm-laden\/#primaryimage"},"thumbnailUrl":"https:\/\/product-guide.org\/wp-content\/uploads\/2025\/03\/azaa10100rechtswebl.jpg","datePublished":"2025-03-17T09:56:55+00:00","description":"Terxon SX Starterset - 2023 - AZAA10100 | alarm-laden gefunden von Product-Guide.org","breadcrumb":{"@id":"https:\/\/product-guide.org\/produkt\/terxon-sx-starterset-2023-azaa10100-alarm-laden\/#breadcrumb"},"inLanguage":"en-GB","potentialAction":[{"@type":"ReadAction","target":["https:\/\/product-guide.org\/produkt\/terxon-sx-starterset-2023-azaa10100-alarm-laden\/"]}]},{"@type":"ImageObject","inLanguage":"en-GB","@id":"https:\/\/product-guide.org\/produkt\/terxon-sx-starterset-2023-azaa10100-alarm-laden\/#primaryimage","url":"https:\/\/product-guide.org\/wp-content\/uploads\/2025\/03\/azaa10100rechtswebl.jpg","contentUrl":"https:\/\/product-guide.org\/wp-content\/uploads\/2025\/03\/azaa10100rechtswebl.jpg","width":1000,"height":798},{"@type":"BreadcrumbList","@id":"https:\/\/product-guide.org\/produkt\/terxon-sx-starterset-2023-azaa10100-alarm-laden\/#breadcrumb","itemListElement":[{"@type":"ListItem","position":1,"name":"Home","item":"https:\/\/product-guide.org\/"},{"@type":"ListItem","position":2,"name":"Ergebnisse","item":"https:\/\/product-guide.org\/de\/ergebnisse\/"},{"@type":"ListItem","position":3,"name":"Terxon SX Starterset &#8211; 2023 &#8211; AZAA10100 | alarm-laden"}]},{"@type":"WebSite","@id":"https:\/\/product-guide.org\/#website","url":"https:\/\/product-guide.org\/","name":"Product-Guide.org","description":"What Product are you looking for?","publisher":{"@id":"https:\/\/product-guide.org\/#organization"},"potentialAction":[{"@type":"SearchAction","target":{"@type":"EntryPoint","urlTemplate":"https:\/\/product-guide.org\/?s={search_term_string}"},"query-input":{"@type":"PropertyValueSpecification","valueRequired":true,"valueName":"search_term_string"}}],"inLanguage":"en-GB"},{"@type":"Organization","@id":"https:\/\/product-guide.org\/#organization","name":"Product-Guide.org","url":"https:\/\/product-guide.org\/","logo":{"@type":"ImageObject","inLanguage":"en-GB","@id":"https:\/\/product-guide.org\/#\/schema\/logo\/image\/","url":"https:\/\/product-guide.org\/wp-content\/uploads\/2022\/07\/logo_transparent_background.png","contentUrl":"https:\/\/product-guide.org\/wp-content\/uploads\/2022\/07\/logo_transparent_background.png","width":3400,"height":1132,"caption":"Product-Guide.org"},"image":{"@id":"https:\/\/product-guide.org\/#\/schema\/logo\/image\/"}}]}},"_links":{"self":[{"href":"https:\/\/product-guide.org\/en\/wp-json\/wp\/v2\/product\/50488","targetHints":{"allow":["GET"]}}],"collection":[{"href":"https:\/\/product-guide.org\/en\/wp-json\/wp\/v2\/product"}],"about":[{"href":"https:\/\/product-guide.org\/en\/wp-json\/wp\/v2\/types\/product"}],"wp:featuredmedia":[{"embeddable":true,"href":"https:\/\/product-guide.org\/en\/wp-json\/wp\/v2\/media\/50487"}],"wp:attachment":[{"href":"https:\/\/product-guide.org\/en\/wp-json\/wp\/v2\/media?parent=50488"}],"wp:term":[{"taxonomy":"store","embeddable":true,"href":"https:\/\/product-guide.org\/en\/wp-json\/wp\/v2\/store?post=50488"},{"taxonomy":"product_brand","embeddable":true,"href":"https:\/\/product-guide.org\/en\/wp-json\/wp\/v2\/product_brand?post=50488"},{"taxonomy":"product_cat","embeddable":true,"href":"https:\/\/product-guide.org\/en\/wp-json\/wp\/v2\/product_cat?post=50488"},{"taxonomy":"product_tag","embeddable":true,"href":"https:\/\/product-guide.org\/en\/wp-json\/wp\/v2\/product_tag?post=50488"}],"curies":[{"name":"wp","href":"https:\/\/api.w.org\/{rel}","templated":true}]}}