{"id":50496,"date":"2025-03-17T10:56:59","date_gmt":"2025-03-17T09:56:59","guid":{"rendered":"https:\/\/product-guide.org\/produkt\/unterputz-lotverteiler-19-polig-vds-c-alarm-laden-5\/"},"modified":"2025-03-17T10:56:59","modified_gmt":"2025-03-17T09:56:59","slug":"unterputz-lotverteiler-19-polig-vds-c-alarm-laden-5","status":"publish","type":"product","link":"https:\/\/product-guide.org\/en\/produkt\/unterputz-lotverteiler-19-polig-vds-c-alarm-laden-5\/","title":{"rendered":"Unterputz-L\u00f6tverteiler 19-polig VdS C | alarm-laden"},"content":{"rendered":"<p>Produktvorteile Unterputzmontage Korrosionsfeste, verzinnte L\u00f6tkontakte Kunststoffdeckel mit Clip Sabotage\u00fcberwachung durch Deckelkontakt Mit einem L\u00f6tverteiler sorgen Sie f\u00fcr eine \u00fcbersichtliche Verdrahtung. Vor allem bei der Installation mehrerer Bedienteile und Melder sollten Sie an den Knotenpunkten Ihres Geb\u00e4udes einen Verteiler anbringen. Der Unterputz-L\u00f6tverteiler ist durch seinen Deckelkontakt vor Sabotage gesch\u00fctzt. Er eignet sich hervorragend f\u00fcr die Montage in 55 mm Schalterdosen. Mit wei\u00dfer Kunststoffabdeckung und einem Clip f\u00fcr die Schraubenabdeckung ist er praktisch unsichtbar. Der Unterputz-L\u00f6tverteiler hat 19 Doppel-L\u00f6tanschl\u00fcsse &#8211; alle verzinkt und damit vor Rost gesch\u00fctzt. Der Unterputz-L\u00f6tverteiler ist VdS zertifiziert.<\/p>\n","protected":false},"excerpt":{"rendered":"<p>Produktvorteile Unterputzmontage Korrosionsfeste, verzinnte L\u00f6tkontakte Kunststoffdeckel mit Clip Sabotage\u00fcberwachung durch Deckelkontakt Mit einem L\u00f6tverteiler sorgen Sie f\u00fcr eine \u00fcbersichtliche Verdrahtung. Vor allem bei der Installation mehrerer Bedienteile und Melder sollten Sie an den Knotenpunkten Ihres Geb\u00e4udes einen Verteiler anbringen. Der Unterputz-L\u00f6tverteiler ist durch seinen Deckelkontakt vor Sabotage gesch\u00fctzt. Er eignet sich hervorragend f\u00fcr die Montage [&hellip;]<\/p>\n","protected":false},"featured_media":50495,"template":"","meta":{"_gspb_post_css":""},"store":[],"product_brand":[1378],"product_cat":[1290],"product_tag":[],"class_list":{"0":"post-50496","1":"product","2":"type-product","3":"status-publish","4":"has-post-thumbnail","6":"product_brand-alarm-laden","7":"product_cat-uncategorized","9":"first","10":"instock","11":"shipping-taxable","12":"purchasable","13":"product-type-simple"},"yoast_head":"<!-- This site is optimized with the Yoast SEO plugin v24.6 - https:\/\/yoast.com\/wordpress\/plugins\/seo\/ -->\n<title>Unterputz-L\u00f6tverteiler 19-polig VdS C | alarm-laden | Product-Guide.org<\/title>\n<meta name=\"description\" content=\"Unterputz-L\u00f6tverteiler 19-polig VdS C | alarm-laden gefunden von Product-Guide.org\" \/>\n<meta name=\"robots\" content=\"index, follow, max-snippet:-1, max-image-preview:large, max-video-preview:-1\" \/>\n<link rel=\"canonical\" href=\"https:\/\/product-guide.org\/en\/produkt\/unterputz-lotverteiler-19-polig-vds-c-alarm-laden-5\/\" \/>\n<meta property=\"og:locale\" content=\"en_GB\" \/>\n<meta property=\"og:type\" content=\"article\" \/>\n<meta property=\"og:title\" content=\"Unterputz-L\u00f6tverteiler 19-polig VdS C | alarm-laden | Product-Guide.org\" \/>\n<meta property=\"og:description\" content=\"Unterputz-L\u00f6tverteiler 19-polig VdS C | alarm-laden gefunden von Product-Guide.org\" \/>\n<meta property=\"og:url\" content=\"https:\/\/product-guide.org\/en\/produkt\/unterputz-lotverteiler-19-polig-vds-c-alarm-laden-5\/\" \/>\n<meta property=\"og:site_name\" content=\"Product-Guide.org\" \/>\n<meta name=\"twitter:card\" content=\"summary_large_image\" \/>\n<script type=\"application\/ld+json\" class=\"yoast-schema-graph\">{\"@context\":\"https:\/\/schema.org\",\"@graph\":[{\"@type\":\"WebPage\",\"@id\":\"https:\/\/product-guide.org\/produkt\/unterputz-lotverteiler-19-polig-vds-c-alarm-laden-5\/\",\"url\":\"https:\/\/product-guide.org\/produkt\/unterputz-lotverteiler-19-polig-vds-c-alarm-laden-5\/\",\"name\":\"Unterputz-L\u00f6tverteiler 19-polig VdS C | alarm-laden | Product-Guide.org\",\"isPartOf\":{\"@id\":\"https:\/\/product-guide.org\/#website\"},\"primaryImageOfPage\":{\"@id\":\"https:\/\/product-guide.org\/produkt\/unterputz-lotverteiler-19-polig-vds-c-alarm-laden-5\/#primaryimage\"},\"image\":{\"@id\":\"https:\/\/product-guide.org\/produkt\/unterputz-lotverteiler-19-polig-vds-c-alarm-laden-5\/#primaryimage\"},\"thumbnailUrl\":\"https:\/\/product-guide.org\/wp-content\/uploads\/2025\/03\/VT4200_webs.jpg\",\"datePublished\":\"2025-03-17T09:56:59+00:00\",\"description\":\"Unterputz-L\u00f6tverteiler 19-polig VdS C | alarm-laden gefunden von Product-Guide.org\",\"breadcrumb\":{\"@id\":\"https:\/\/product-guide.org\/produkt\/unterputz-lotverteiler-19-polig-vds-c-alarm-laden-5\/#breadcrumb\"},\"inLanguage\":\"en-GB\",\"potentialAction\":[{\"@type\":\"ReadAction\",\"target\":[\"https:\/\/product-guide.org\/produkt\/unterputz-lotverteiler-19-polig-vds-c-alarm-laden-5\/\"]}]},{\"@type\":\"ImageObject\",\"inLanguage\":\"en-GB\",\"@id\":\"https:\/\/product-guide.org\/produkt\/unterputz-lotverteiler-19-polig-vds-c-alarm-laden-5\/#primaryimage\",\"url\":\"https:\/\/product-guide.org\/wp-content\/uploads\/2025\/03\/VT4200_webs.jpg\",\"contentUrl\":\"https:\/\/product-guide.org\/wp-content\/uploads\/2025\/03\/VT4200_webs.jpg\",\"width\":444,\"height\":233},{\"@type\":\"BreadcrumbList\",\"@id\":\"https:\/\/product-guide.org\/produkt\/unterputz-lotverteiler-19-polig-vds-c-alarm-laden-5\/#breadcrumb\",\"itemListElement\":[{\"@type\":\"ListItem\",\"position\":1,\"name\":\"Home\",\"item\":\"https:\/\/product-guide.org\/\"},{\"@type\":\"ListItem\",\"position\":2,\"name\":\"Ergebnisse\",\"item\":\"https:\/\/product-guide.org\/de\/ergebnisse\/\"},{\"@type\":\"ListItem\",\"position\":3,\"name\":\"Unterputz-L\u00f6tverteiler 19-polig VdS C | alarm-laden\"}]},{\"@type\":\"WebSite\",\"@id\":\"https:\/\/product-guide.org\/#website\",\"url\":\"https:\/\/product-guide.org\/\",\"name\":\"Product-Guide.org\",\"description\":\"What Product are you looking for?\",\"publisher\":{\"@id\":\"https:\/\/product-guide.org\/#organization\"},\"potentialAction\":[{\"@type\":\"SearchAction\",\"target\":{\"@type\":\"EntryPoint\",\"urlTemplate\":\"https:\/\/product-guide.org\/?s={search_term_string}\"},\"query-input\":{\"@type\":\"PropertyValueSpecification\",\"valueRequired\":true,\"valueName\":\"search_term_string\"}}],\"inLanguage\":\"en-GB\"},{\"@type\":\"Organization\",\"@id\":\"https:\/\/product-guide.org\/#organization\",\"name\":\"Product-Guide.org\",\"url\":\"https:\/\/product-guide.org\/\",\"logo\":{\"@type\":\"ImageObject\",\"inLanguage\":\"en-GB\",\"@id\":\"https:\/\/product-guide.org\/#\/schema\/logo\/image\/\",\"url\":\"https:\/\/product-guide.org\/wp-content\/uploads\/2022\/07\/logo_transparent_background.png\",\"contentUrl\":\"https:\/\/product-guide.org\/wp-content\/uploads\/2022\/07\/logo_transparent_background.png\",\"width\":3400,\"height\":1132,\"caption\":\"Product-Guide.org\"},\"image\":{\"@id\":\"https:\/\/product-guide.org\/#\/schema\/logo\/image\/\"}}]}<\/script>\n<!-- \/ Yoast SEO plugin. -->","yoast_head_json":{"title":"Unterputz-L\u00f6tverteiler 19-polig VdS C | alarm-laden | Product-Guide.org","description":"Unterputz-L\u00f6tverteiler 19-polig VdS C | alarm-laden gefunden von Product-Guide.org","robots":{"index":"index","follow":"follow","max-snippet":"max-snippet:-1","max-image-preview":"max-image-preview:large","max-video-preview":"max-video-preview:-1"},"canonical":"https:\/\/product-guide.org\/en\/produkt\/unterputz-lotverteiler-19-polig-vds-c-alarm-laden-5\/","og_locale":"en_GB","og_type":"article","og_title":"Unterputz-L\u00f6tverteiler 19-polig VdS C | alarm-laden | Product-Guide.org","og_description":"Unterputz-L\u00f6tverteiler 19-polig VdS C | alarm-laden gefunden von Product-Guide.org","og_url":"https:\/\/product-guide.org\/en\/produkt\/unterputz-lotverteiler-19-polig-vds-c-alarm-laden-5\/","og_site_name":"Product-Guide.org","twitter_card":"summary_large_image","schema":{"@context":"https:\/\/schema.org","@graph":[{"@type":"WebPage","@id":"https:\/\/product-guide.org\/produkt\/unterputz-lotverteiler-19-polig-vds-c-alarm-laden-5\/","url":"https:\/\/product-guide.org\/produkt\/unterputz-lotverteiler-19-polig-vds-c-alarm-laden-5\/","name":"Unterputz-L\u00f6tverteiler 19-polig VdS C | alarm-laden | Product-Guide.org","isPartOf":{"@id":"https:\/\/product-guide.org\/#website"},"primaryImageOfPage":{"@id":"https:\/\/product-guide.org\/produkt\/unterputz-lotverteiler-19-polig-vds-c-alarm-laden-5\/#primaryimage"},"image":{"@id":"https:\/\/product-guide.org\/produkt\/unterputz-lotverteiler-19-polig-vds-c-alarm-laden-5\/#primaryimage"},"thumbnailUrl":"https:\/\/product-guide.org\/wp-content\/uploads\/2025\/03\/VT4200_webs.jpg","datePublished":"2025-03-17T09:56:59+00:00","description":"Unterputz-L\u00f6tverteiler 19-polig VdS C | alarm-laden gefunden von Product-Guide.org","breadcrumb":{"@id":"https:\/\/product-guide.org\/produkt\/unterputz-lotverteiler-19-polig-vds-c-alarm-laden-5\/#breadcrumb"},"inLanguage":"en-GB","potentialAction":[{"@type":"ReadAction","target":["https:\/\/product-guide.org\/produkt\/unterputz-lotverteiler-19-polig-vds-c-alarm-laden-5\/"]}]},{"@type":"ImageObject","inLanguage":"en-GB","@id":"https:\/\/product-guide.org\/produkt\/unterputz-lotverteiler-19-polig-vds-c-alarm-laden-5\/#primaryimage","url":"https:\/\/product-guide.org\/wp-content\/uploads\/2025\/03\/VT4200_webs.jpg","contentUrl":"https:\/\/product-guide.org\/wp-content\/uploads\/2025\/03\/VT4200_webs.jpg","width":444,"height":233},{"@type":"BreadcrumbList","@id":"https:\/\/product-guide.org\/produkt\/unterputz-lotverteiler-19-polig-vds-c-alarm-laden-5\/#breadcrumb","itemListElement":[{"@type":"ListItem","position":1,"name":"Home","item":"https:\/\/product-guide.org\/"},{"@type":"ListItem","position":2,"name":"Ergebnisse","item":"https:\/\/product-guide.org\/de\/ergebnisse\/"},{"@type":"ListItem","position":3,"name":"Unterputz-L\u00f6tverteiler 19-polig VdS C | alarm-laden"}]},{"@type":"WebSite","@id":"https:\/\/product-guide.org\/#website","url":"https:\/\/product-guide.org\/","name":"Product-Guide.org","description":"What Product are you looking for?","publisher":{"@id":"https:\/\/product-guide.org\/#organization"},"potentialAction":[{"@type":"SearchAction","target":{"@type":"EntryPoint","urlTemplate":"https:\/\/product-guide.org\/?s={search_term_string}"},"query-input":{"@type":"PropertyValueSpecification","valueRequired":true,"valueName":"search_term_string"}}],"inLanguage":"en-GB"},{"@type":"Organization","@id":"https:\/\/product-guide.org\/#organization","name":"Product-Guide.org","url":"https:\/\/product-guide.org\/","logo":{"@type":"ImageObject","inLanguage":"en-GB","@id":"https:\/\/product-guide.org\/#\/schema\/logo\/image\/","url":"https:\/\/product-guide.org\/wp-content\/uploads\/2022\/07\/logo_transparent_background.png","contentUrl":"https:\/\/product-guide.org\/wp-content\/uploads\/2022\/07\/logo_transparent_background.png","width":3400,"height":1132,"caption":"Product-Guide.org"},"image":{"@id":"https:\/\/product-guide.org\/#\/schema\/logo\/image\/"}}]}},"_links":{"self":[{"href":"https:\/\/product-guide.org\/en\/wp-json\/wp\/v2\/product\/50496","targetHints":{"allow":["GET"]}}],"collection":[{"href":"https:\/\/product-guide.org\/en\/wp-json\/wp\/v2\/product"}],"about":[{"href":"https:\/\/product-guide.org\/en\/wp-json\/wp\/v2\/types\/product"}],"wp:featuredmedia":[{"embeddable":true,"href":"https:\/\/product-guide.org\/en\/wp-json\/wp\/v2\/media\/50495"}],"wp:attachment":[{"href":"https:\/\/product-guide.org\/en\/wp-json\/wp\/v2\/media?parent=50496"}],"wp:term":[{"taxonomy":"store","embeddable":true,"href":"https:\/\/product-guide.org\/en\/wp-json\/wp\/v2\/store?post=50496"},{"taxonomy":"product_brand","embeddable":true,"href":"https:\/\/product-guide.org\/en\/wp-json\/wp\/v2\/product_brand?post=50496"},{"taxonomy":"product_cat","embeddable":true,"href":"https:\/\/product-guide.org\/en\/wp-json\/wp\/v2\/product_cat?post=50496"},{"taxonomy":"product_tag","embeddable":true,"href":"https:\/\/product-guide.org\/en\/wp-json\/wp\/v2\/product_tag?post=50496"}],"curies":[{"name":"wp","href":"https:\/\/api.w.org\/{rel}","templated":true}]}}