{"id":50499,"date":"2025-03-17T10:57:01","date_gmt":"2025-03-17T09:57:01","guid":{"rendered":"https:\/\/product-guide.org\/produkt\/zusatz-kamera-fur-abus-akku-kamera-pro-ppic91520-alarm-laden\/"},"modified":"2025-03-17T10:57:02","modified_gmt":"2025-03-17T09:57:02","slug":"zusatz-kamera-fur-abus-akku-kamera-pro-ppic91520-alarm-laden","status":"publish","type":"product","link":"https:\/\/product-guide.org\/en\/produkt\/zusatz-kamera-fur-abus-akku-kamera-pro-ppic91520-alarm-laden\/","title":{"rendered":"Zusatz-Kamera f\u00fcr ABUS Akku-Kamera Pro &#8211; PPIC91520 | alarm-laden"},"content":{"rendered":"<p>Produktvorteile \u00dcberwachungskamera mit Funk, Akku, Personenerkennung, Push-Nachricht bei Bewegungsalarm, Gegensprechfunktion, Farbbildern sogar nachts sowie kostenfreiem Zugriff per Handy- und Tablet-App App2Cam Plus F\u00fcr den Betrieb erforderlich: ABUS Akku-Kamera Pro mit Basisstation Flexible Funk-Kamera f\u00fcr drau\u00dfen &#038; drinnen; wetterfest (Schutzart IP65); 120-Grad-Blickwinkel; nach Bedarf drinnen auf ein Regalbrett legen, drau\u00dfen mit praktischer Kugelkopfhalterung Schnell einsatzbereit durch einfache Inbetriebnahme (mit App-Assistent in wenigen Minuten); per App dauerhaft kostenfreier Zugriff auf Livestream, Speicher sowie alle Funktionen und pers\u00f6nlichen Einstellungen (Wei\u00dflicht-LED etc.) Vollautomatisches Erkennen von Personen inkl. automatisch startender Aufnahme (ignoriert dann z. B. Zweige, Bl\u00e4tter, Tiere, Fahrzeuge); per App Push-Benachrichtigung und Gegensprechen Privatzonen komplett ausblenden\/schw\u00e4rzen (z. B. \u00f6ffentliche Grundst\u00fccke); Datenschutz-konformes Aufzeichnen (Audio aus; je nach Einsatz vor Ort Videodaten dauerhaft speichern bzw. nach 3, 7 oder 30 Tagen automatisch l\u00f6schen) Intelligentes Akku-Management; Akku-Laufzeit dadurch bis zu 6 Monate (bei rd. 4 Aufnahmen\/Zugriffen pro Tag; bei h\u00e4ufigerer\/l\u00e4ngerer Nutzung, Hitze\/Frost oder gr\u00f6\u00dferer Entfernung zur Basisstation reduziert sich die Laufzeit) 3-Megapixel-Aufl\u00f6sung; klare und detailreiche Nachtsicht in Farbe Teil der ABUS Comfort-Line &#038; Smart Security World; kompatibel zur Funk-Alarmanlage Smartvest Einfach. Vielseitig. Sicher Diese Zusatz-Kamera erg\u00e4nzt eine ABUS WLAN Akku-Kamera mit Basisstation. Insgesamt kannst du bis zu 4 Kameras pro Basisstation betreiben. Video\u00fcberwachung schnell und sauber installiert, super einfach in Betrieb zu nehmen: das bekommst du auch mit dieser smarten Zusatz-Kamera. So einfach gehts: Verpackung \u00f6ffnen, Kamera anschalten, QR-Code scannen \u2013 alles Weitere erkl\u00e4rt dir die App dann Schritt f\u00fcr Schritt. Anschlie\u00dfend l\u00e4sst sich die Kamera dank gro\u00dfer Funk-Reichweite und dem praktischen Design flexibel platzieren \u2013 unabh\u00e4ngig eines Stromanschlusses. Per App konfigurierst du im Handumdrehen deine pers\u00f6nlichen Einstellungen: Ganz nach Lage vor Ort blendest du private oder \u00f6ffentliche Bereiche im Bild komplett aus. Auf Wunsch meldet dir die Kamera nur Personen per Push-Nachricht \u2013 und ignoriert somit z. B. Tiere, Fahrzeuge oder sich im Wind wiegende Bl\u00e4tter. Die wetterfeste Kamera h\u00e4lt Regen, Schnee und starker Sonneneinstrahlung problemlos stand. Die integrierte Wei\u00dflicht-LED sorgt selbst bei Dunkelheit f\u00fcr klare Farbbilder. Ob drinnen oder drau\u00dfen: So beh\u00e4ltst du dein Zuhause und deine Liebsten im Blick, schreckst Eindringlinge ab. Praktisch: App und Kamera lassen sich wie eine Gegensprechanlage nutzen (Paketbote oder Freunde an der Haust\u00fcr). Beachte: F\u00fcr den Betrieb ist die entsprechende Basisstation erforderlich. Mit einer Basisstation lassen sich bis zu 4 Akku-Kameras betreiben. Tipp: Das separat erh\u00e4ltliche ABUS Solarpanel verl\u00e4ngert die Akku-Laufzeit und macht die Kamera bei guten Bedingungen sogar komplett autark. Lieferumfang 1Akku-Kamera Pro 1Antenne f\u00fcr Akku-Kamera Pro 1Wandhalterung 1Bohrschablone Kamera 1USB-A- auf USB-C-Kabel 1Montagematerial 1Reset-Tool<\/p>\n","protected":false},"excerpt":{"rendered":"<p>Produktvorteile \u00dcberwachungskamera mit Funk, Akku, Personenerkennung, Push-Nachricht bei Bewegungsalarm, Gegensprechfunktion, Farbbildern sogar nachts sowie kostenfreiem Zugriff per Handy- und Tablet-App App2Cam Plus F\u00fcr den Betrieb erforderlich: ABUS Akku-Kamera Pro mit Basisstation Flexible Funk-Kamera f\u00fcr drau\u00dfen &#038; drinnen; wetterfest (Schutzart IP65); 120-Grad-Blickwinkel; nach Bedarf drinnen auf ein Regalbrett legen, drau\u00dfen mit praktischer Kugelkopfhalterung Schnell einsatzbereit durch [&hellip;]<\/p>\n","protected":false},"featured_media":50498,"template":"","meta":{"_gspb_post_css":""},"store":[],"product_brand":[1378],"product_cat":[1290],"product_tag":[],"class_list":{"0":"post-50499","1":"product","2":"type-product","3":"status-publish","4":"has-post-thumbnail","6":"product_brand-alarm-laden","7":"product_cat-uncategorized","9":"first","10":"instock","11":"shipping-taxable","12":"purchasable","13":"product-type-simple"},"yoast_head":"<!-- This site is optimized with the Yoast SEO plugin v24.6 - https:\/\/yoast.com\/wordpress\/plugins\/seo\/ -->\n<title>Zusatz-Kamera f\u00fcr ABUS Akku-Kamera Pro - PPIC91520 | alarm-laden | Product-Guide.org<\/title>\n<meta name=\"description\" content=\"Zusatz-Kamera f\u00fcr ABUS Akku-Kamera Pro - PPIC91520 | alarm-laden gefunden von Product-Guide.org\" \/>\n<meta name=\"robots\" content=\"index, follow, max-snippet:-1, max-image-preview:large, max-video-preview:-1\" \/>\n<link rel=\"canonical\" href=\"https:\/\/product-guide.org\/en\/produkt\/zusatz-kamera-fur-abus-akku-kamera-pro-ppic91520-alarm-laden\/\" \/>\n<meta property=\"og:locale\" content=\"en_GB\" \/>\n<meta property=\"og:type\" content=\"article\" \/>\n<meta property=\"og:title\" content=\"Zusatz-Kamera f\u00fcr ABUS Akku-Kamera Pro - PPIC91520 | alarm-laden | Product-Guide.org\" \/>\n<meta property=\"og:description\" content=\"Zusatz-Kamera f\u00fcr ABUS Akku-Kamera Pro - PPIC91520 | alarm-laden gefunden von Product-Guide.org\" \/>\n<meta property=\"og:url\" content=\"https:\/\/product-guide.org\/en\/produkt\/zusatz-kamera-fur-abus-akku-kamera-pro-ppic91520-alarm-laden\/\" \/>\n<meta property=\"og:site_name\" content=\"Product-Guide.org\" \/>\n<meta property=\"article:modified_time\" content=\"2025-03-17T09:57:02+00:00\" \/>\n<meta name=\"twitter:card\" content=\"summary_large_image\" \/>\n<script type=\"application\/ld+json\" class=\"yoast-schema-graph\">{\"@context\":\"https:\/\/schema.org\",\"@graph\":[{\"@type\":\"WebPage\",\"@id\":\"https:\/\/product-guide.org\/produkt\/zusatz-kamera-fur-abus-akku-kamera-pro-ppic91520-alarm-laden\/\",\"url\":\"https:\/\/product-guide.org\/produkt\/zusatz-kamera-fur-abus-akku-kamera-pro-ppic91520-alarm-laden\/\",\"name\":\"Zusatz-Kamera f\u00fcr ABUS Akku-Kamera Pro - PPIC91520 | alarm-laden | Product-Guide.org\",\"isPartOf\":{\"@id\":\"https:\/\/product-guide.org\/#website\"},\"primaryImageOfPage\":{\"@id\":\"https:\/\/product-guide.org\/produkt\/zusatz-kamera-fur-abus-akku-kamera-pro-ppic91520-alarm-laden\/#primaryimage\"},\"image\":{\"@id\":\"https:\/\/product-guide.org\/produkt\/zusatz-kamera-fur-abus-akku-kamera-pro-ppic91520-alarm-laden\/#primaryimage\"},\"thumbnailUrl\":\"https:\/\/product-guide.org\/wp-content\/uploads\/2025\/03\/ppic91520rechtswebl.jpg\",\"datePublished\":\"2025-03-17T09:57:01+00:00\",\"dateModified\":\"2025-03-17T09:57:02+00:00\",\"description\":\"Zusatz-Kamera f\u00fcr ABUS Akku-Kamera Pro - PPIC91520 | alarm-laden gefunden von Product-Guide.org\",\"breadcrumb\":{\"@id\":\"https:\/\/product-guide.org\/produkt\/zusatz-kamera-fur-abus-akku-kamera-pro-ppic91520-alarm-laden\/#breadcrumb\"},\"inLanguage\":\"en-GB\",\"potentialAction\":[{\"@type\":\"ReadAction\",\"target\":[\"https:\/\/product-guide.org\/produkt\/zusatz-kamera-fur-abus-akku-kamera-pro-ppic91520-alarm-laden\/\"]}]},{\"@type\":\"ImageObject\",\"inLanguage\":\"en-GB\",\"@id\":\"https:\/\/product-guide.org\/produkt\/zusatz-kamera-fur-abus-akku-kamera-pro-ppic91520-alarm-laden\/#primaryimage\",\"url\":\"https:\/\/product-guide.org\/wp-content\/uploads\/2025\/03\/ppic91520rechtswebl.jpg\",\"contentUrl\":\"https:\/\/product-guide.org\/wp-content\/uploads\/2025\/03\/ppic91520rechtswebl.jpg\",\"width\":1000,\"height\":1000},{\"@type\":\"BreadcrumbList\",\"@id\":\"https:\/\/product-guide.org\/produkt\/zusatz-kamera-fur-abus-akku-kamera-pro-ppic91520-alarm-laden\/#breadcrumb\",\"itemListElement\":[{\"@type\":\"ListItem\",\"position\":1,\"name\":\"Home\",\"item\":\"https:\/\/product-guide.org\/\"},{\"@type\":\"ListItem\",\"position\":2,\"name\":\"Ergebnisse\",\"item\":\"https:\/\/product-guide.org\/de\/ergebnisse\/\"},{\"@type\":\"ListItem\",\"position\":3,\"name\":\"Zusatz-Kamera f\u00fcr ABUS Akku-Kamera Pro &#8211; PPIC91520 | alarm-laden\"}]},{\"@type\":\"WebSite\",\"@id\":\"https:\/\/product-guide.org\/#website\",\"url\":\"https:\/\/product-guide.org\/\",\"name\":\"Product-Guide.org\",\"description\":\"What Product are you looking for?\",\"publisher\":{\"@id\":\"https:\/\/product-guide.org\/#organization\"},\"potentialAction\":[{\"@type\":\"SearchAction\",\"target\":{\"@type\":\"EntryPoint\",\"urlTemplate\":\"https:\/\/product-guide.org\/?s={search_term_string}\"},\"query-input\":{\"@type\":\"PropertyValueSpecification\",\"valueRequired\":true,\"valueName\":\"search_term_string\"}}],\"inLanguage\":\"en-GB\"},{\"@type\":\"Organization\",\"@id\":\"https:\/\/product-guide.org\/#organization\",\"name\":\"Product-Guide.org\",\"url\":\"https:\/\/product-guide.org\/\",\"logo\":{\"@type\":\"ImageObject\",\"inLanguage\":\"en-GB\",\"@id\":\"https:\/\/product-guide.org\/#\/schema\/logo\/image\/\",\"url\":\"https:\/\/product-guide.org\/wp-content\/uploads\/2022\/07\/logo_transparent_background.png\",\"contentUrl\":\"https:\/\/product-guide.org\/wp-content\/uploads\/2022\/07\/logo_transparent_background.png\",\"width\":3400,\"height\":1132,\"caption\":\"Product-Guide.org\"},\"image\":{\"@id\":\"https:\/\/product-guide.org\/#\/schema\/logo\/image\/\"}}]}<\/script>\n<!-- \/ Yoast SEO plugin. -->","yoast_head_json":{"title":"Zusatz-Kamera f\u00fcr ABUS Akku-Kamera Pro - PPIC91520 | alarm-laden | Product-Guide.org","description":"Zusatz-Kamera f\u00fcr ABUS Akku-Kamera Pro - PPIC91520 | alarm-laden gefunden von Product-Guide.org","robots":{"index":"index","follow":"follow","max-snippet":"max-snippet:-1","max-image-preview":"max-image-preview:large","max-video-preview":"max-video-preview:-1"},"canonical":"https:\/\/product-guide.org\/en\/produkt\/zusatz-kamera-fur-abus-akku-kamera-pro-ppic91520-alarm-laden\/","og_locale":"en_GB","og_type":"article","og_title":"Zusatz-Kamera f\u00fcr ABUS Akku-Kamera Pro - PPIC91520 | alarm-laden | Product-Guide.org","og_description":"Zusatz-Kamera f\u00fcr ABUS Akku-Kamera Pro - PPIC91520 | alarm-laden gefunden von Product-Guide.org","og_url":"https:\/\/product-guide.org\/en\/produkt\/zusatz-kamera-fur-abus-akku-kamera-pro-ppic91520-alarm-laden\/","og_site_name":"Product-Guide.org","article_modified_time":"2025-03-17T09:57:02+00:00","twitter_card":"summary_large_image","schema":{"@context":"https:\/\/schema.org","@graph":[{"@type":"WebPage","@id":"https:\/\/product-guide.org\/produkt\/zusatz-kamera-fur-abus-akku-kamera-pro-ppic91520-alarm-laden\/","url":"https:\/\/product-guide.org\/produkt\/zusatz-kamera-fur-abus-akku-kamera-pro-ppic91520-alarm-laden\/","name":"Zusatz-Kamera f\u00fcr ABUS Akku-Kamera Pro - PPIC91520 | alarm-laden | Product-Guide.org","isPartOf":{"@id":"https:\/\/product-guide.org\/#website"},"primaryImageOfPage":{"@id":"https:\/\/product-guide.org\/produkt\/zusatz-kamera-fur-abus-akku-kamera-pro-ppic91520-alarm-laden\/#primaryimage"},"image":{"@id":"https:\/\/product-guide.org\/produkt\/zusatz-kamera-fur-abus-akku-kamera-pro-ppic91520-alarm-laden\/#primaryimage"},"thumbnailUrl":"https:\/\/product-guide.org\/wp-content\/uploads\/2025\/03\/ppic91520rechtswebl.jpg","datePublished":"2025-03-17T09:57:01+00:00","dateModified":"2025-03-17T09:57:02+00:00","description":"Zusatz-Kamera f\u00fcr ABUS Akku-Kamera Pro - PPIC91520 | alarm-laden gefunden von Product-Guide.org","breadcrumb":{"@id":"https:\/\/product-guide.org\/produkt\/zusatz-kamera-fur-abus-akku-kamera-pro-ppic91520-alarm-laden\/#breadcrumb"},"inLanguage":"en-GB","potentialAction":[{"@type":"ReadAction","target":["https:\/\/product-guide.org\/produkt\/zusatz-kamera-fur-abus-akku-kamera-pro-ppic91520-alarm-laden\/"]}]},{"@type":"ImageObject","inLanguage":"en-GB","@id":"https:\/\/product-guide.org\/produkt\/zusatz-kamera-fur-abus-akku-kamera-pro-ppic91520-alarm-laden\/#primaryimage","url":"https:\/\/product-guide.org\/wp-content\/uploads\/2025\/03\/ppic91520rechtswebl.jpg","contentUrl":"https:\/\/product-guide.org\/wp-content\/uploads\/2025\/03\/ppic91520rechtswebl.jpg","width":1000,"height":1000},{"@type":"BreadcrumbList","@id":"https:\/\/product-guide.org\/produkt\/zusatz-kamera-fur-abus-akku-kamera-pro-ppic91520-alarm-laden\/#breadcrumb","itemListElement":[{"@type":"ListItem","position":1,"name":"Home","item":"https:\/\/product-guide.org\/"},{"@type":"ListItem","position":2,"name":"Ergebnisse","item":"https:\/\/product-guide.org\/de\/ergebnisse\/"},{"@type":"ListItem","position":3,"name":"Zusatz-Kamera f\u00fcr ABUS Akku-Kamera Pro &#8211; PPIC91520 | alarm-laden"}]},{"@type":"WebSite","@id":"https:\/\/product-guide.org\/#website","url":"https:\/\/product-guide.org\/","name":"Product-Guide.org","description":"What Product are you looking for?","publisher":{"@id":"https:\/\/product-guide.org\/#organization"},"potentialAction":[{"@type":"SearchAction","target":{"@type":"EntryPoint","urlTemplate":"https:\/\/product-guide.org\/?s={search_term_string}"},"query-input":{"@type":"PropertyValueSpecification","valueRequired":true,"valueName":"search_term_string"}}],"inLanguage":"en-GB"},{"@type":"Organization","@id":"https:\/\/product-guide.org\/#organization","name":"Product-Guide.org","url":"https:\/\/product-guide.org\/","logo":{"@type":"ImageObject","inLanguage":"en-GB","@id":"https:\/\/product-guide.org\/#\/schema\/logo\/image\/","url":"https:\/\/product-guide.org\/wp-content\/uploads\/2022\/07\/logo_transparent_background.png","contentUrl":"https:\/\/product-guide.org\/wp-content\/uploads\/2022\/07\/logo_transparent_background.png","width":3400,"height":1132,"caption":"Product-Guide.org"},"image":{"@id":"https:\/\/product-guide.org\/#\/schema\/logo\/image\/"}}]}},"_links":{"self":[{"href":"https:\/\/product-guide.org\/en\/wp-json\/wp\/v2\/product\/50499","targetHints":{"allow":["GET"]}}],"collection":[{"href":"https:\/\/product-guide.org\/en\/wp-json\/wp\/v2\/product"}],"about":[{"href":"https:\/\/product-guide.org\/en\/wp-json\/wp\/v2\/types\/product"}],"wp:featuredmedia":[{"embeddable":true,"href":"https:\/\/product-guide.org\/en\/wp-json\/wp\/v2\/media\/50498"}],"wp:attachment":[{"href":"https:\/\/product-guide.org\/en\/wp-json\/wp\/v2\/media?parent=50499"}],"wp:term":[{"taxonomy":"store","embeddable":true,"href":"https:\/\/product-guide.org\/en\/wp-json\/wp\/v2\/store?post=50499"},{"taxonomy":"product_brand","embeddable":true,"href":"https:\/\/product-guide.org\/en\/wp-json\/wp\/v2\/product_brand?post=50499"},{"taxonomy":"product_cat","embeddable":true,"href":"https:\/\/product-guide.org\/en\/wp-json\/wp\/v2\/product_cat?post=50499"},{"taxonomy":"product_tag","embeddable":true,"href":"https:\/\/product-guide.org\/en\/wp-json\/wp\/v2\/product_tag?post=50499"}],"curies":[{"name":"wp","href":"https:\/\/api.w.org\/{rel}","templated":true}]}}