{"id":50613,"date":"2025-03-17T10:59:07","date_gmt":"2025-03-17T09:59:07","guid":{"rendered":"https:\/\/product-guide.org\/produkt\/apple-ipad-pro-13-m4-zustand-sehr-gut-shifter-de\/"},"modified":"2025-03-17T10:59:07","modified_gmt":"2025-03-17T09:59:07","slug":"apple-ipad-pro-13-m4-zustand-sehr-gut-shifter-de","status":"publish","type":"product","link":"https:\/\/product-guide.org\/en\/produkt\/apple-ipad-pro-13-m4-zustand-sehr-gut-shifter-de\/","title":{"rendered":"Apple iPad Pro 13&#8243; (M4) \u2013 Zustand: sehr gut | shifter DE"},"content":{"rendered":"<p>iPad Pro. Power, unverd\u00fcnnt. Das neue iPad Pro packt unfassbare Power in ein unglaublich d\u00fcnnes, leichtes und mobiles Design. Verschiebe die Grenzen des M\u00f6glichen auf dem iPad mit dem supermobilen 11&#8243; Modell oder dem gr\u00f6\u00dferen 13&#8243; Modell \u2013 das d\u00fcnnste Produkt, das Apple je entwickelt hat . Das weltweit fortschrittlichste Display. Das neue Ultra Retina XDR Display kommt mit bahnbrechender Tandem OLED Technologie. Extreme Helligkeit, unglaublich pr\u00e4ziser Kontrast und fortschrittliche Technologien wie ProMotion und True Tone sorgen f\u00fcr ein beeindruckendes visuelles Erlebnis. Und der Referenzmodus bringt Farbgenauigkeit in deine Workflows. 1.000 Nits Helligkeit auf dem ganzen Bildschirm 1.600 Nits HDR Spitzenhelligkeit 2.000.000:1 Kontrastverh\u00e4ltnis True Tone f\u00fcr entspanntes Sehen ProMotion adaptive 10\u2013120 Hz Bildwiederholrate P3 gro\u00dfer Farbraum Ein Monster von einem Chip. Der neue M4, die n\u00e4chste Generation von Apple Chips, liefert unfassbare Performance im extrem d\u00fcnnen und leichten Design des iPad Pro. Eine v\u00f6llig neue Display Engine erm\u00f6glicht beeindruckende Pr\u00e4zision, Farbe und Helligkeit. Eine leistungsstarke GPU mit Hardware beschleunigtem Raytracing rendert wegweisende Grafik. Und die Neural Engine im M4 macht das iPad Pro zum absoluten Kraftpaket f\u00fcr KI. Bis zu 4x schnellere Pro Rendering Performance als beim M2 3 Bis zu 1,5x schnellere CPU Performance als beim M2 4 iPadOS und Apps. Workflow wird Wowflow. iPadOS gibt dir genug Power f\u00fcr anspruchsvolle Workflows und l\u00e4sst dich alles, was du liebst , ganz einfach machen. Verwende Pro Apps, spiel Games mit hoher Performance und erledige kreative Projekte jeder Gr\u00f6\u00dfe \u2013 alles mit intuitiver Touchbedienung. Apple Pencil Pro. Entwickelt f\u00fcr Kreativit\u00e4t ohne Limits. Zeichnen, malen, per Hand schreiben und Notizen machen \u2013 der Apple Pencil zeigt, wie sich das anf\u00fchlen sollte: intuitiv, pr\u00e4zise und wie magisch. Alles mit pixelgenauer Pr\u00e4zision, niedriger Latenz, Neigungssensitivit\u00e4t und Unterst\u00fctzung f\u00fcr Handfl\u00e4chenerkennung. Der ganz neue Apple Pencil Pro gibt dir noch mehr M\u00f6glichkeiten, deine Ideen umzusetzen. 1 Magic Keyboard. Tippe auf Innovation. Das Magic Keyboard kommt in einem eleganten, mobilen neuen Design aus Aluminium f\u00fcr ein fantastisches Tipp\u2010 und Trackpad-Erlebnis. 1 Die Tastatur hat eine Reihe mit Funktionstasten und ein gr\u00f6\u00dferes Trackpad aus Glas mit haptischem Feedback f\u00fcr pr\u00e4zises Arbeiten und Multi-Touch Gesten. Mikros. Kameras. Action. Dreh, schneide und teile Videos auf einem einzigen Ger\u00e4t mit einem Pro Kamera-System mit LiDAR Scanner, Mikrofonen in Studioqualit\u00e4t und vier Lautsprechern. Nimm 4K ProRes Videos auf, Videoanrufe mit der neuen Querformat Frontkamera an und mach deutlich bessere, mit KI optimierte Scans von Dokumenten. 12 MP Weitwinkel-Kamera mit adaptivem True Tone Blitz. 12 MP Querformat Ultraweitwinkel-Kamera mit Unterst\u00fctzung f\u00fcr Folgemodus. Mikrofone in Studioqualit\u00e4t f\u00fcr gro\u00dfartige Videoanrufe. 4\u2010Lautsprecher-System f\u00fcr sattes Audio. Gro\u00df tr\u00e4umen. Schnell verbinden. Pro Konnektivit\u00e4t bringt eine ganz neue Dimension von Vielseitigkeit auf das iPad Pro. Verwende hochaufl\u00f6sende externe Displays bis zu 6K und schlie\u00dfe Speichermedien mit Thunderbolt an. Und mit superschnellem WLAN 6E und 5G bleibst du verbunden, egal wo du bist. 8 Bis zu 40Gbit\/s schnelle Datentransfers WLAN 6E 5G Gemacht, um einen Unterschied zu machen. Was dir wichtig ist, ist auch Apple wichtig. Angefangen bei der Verwendung von mehr recycelten Materialien, um die Umweltauswirkungen zu minimieren, \u00fcber Funktionen zum Schutz deiner Privatsph\u00e4re, die dir mehr Kontrolle \u00fcber deine Daten geben, bis zu neuen integrierten Features, die das iPad allen Menschen zug\u00e4nglich machen. Das neue iPad Pro hat ein robustes Design mit einem Geh\u00e4use aus 100 % recyceltem Aluminium. Privatsph\u00e4re ist ein grundlegendes Menschenrecht. Deshalb entwickeln wir unsere Produkte und Services so, dass sie deine Daten sch\u00fctzen. Die beste Technologie funktioniert f\u00fcr alle. Deshalb werden unsere Produkte und Services von Anfang an inklusiv gedacht. 1. Zubeh\u00f6r ist separat erh\u00e4ltlich. 2. Das 13&#8243; iPad Pro ist 5,1 mm d\u00fcnn und das 11&#8243; iPad Pro ist 5,3 mm d\u00fcnn. 3. Die Tests&#8230;<\/p>\n","protected":false},"excerpt":{"rendered":"<p>iPad Pro. Power, unverd\u00fcnnt. Das neue iPad Pro packt unfassbare Power in ein unglaublich d\u00fcnnes, leichtes und mobiles Design. Verschiebe die Grenzen des M\u00f6glichen auf dem iPad mit dem supermobilen 11&#8243; Modell oder dem gr\u00f6\u00dferen 13&#8243; Modell \u2013 das d\u00fcnnste Produkt, das Apple je entwickelt hat . Das weltweit fortschrittlichste Display. Das neue Ultra Retina [&hellip;]<\/p>\n","protected":false},"featured_media":50612,"template":"","meta":{"_gspb_post_css":""},"store":[],"product_brand":[1380],"product_cat":[1290],"product_tag":[],"class_list":{"0":"post-50613","1":"product","2":"type-product","3":"status-publish","4":"has-post-thumbnail","6":"product_brand-shifter-de","7":"product_cat-uncategorized","9":"first","10":"instock","11":"shipping-taxable","12":"purchasable","13":"product-type-simple"},"yoast_head":"<!-- This site is optimized with the Yoast SEO plugin v24.6 - https:\/\/yoast.com\/wordpress\/plugins\/seo\/ -->\n<title>Apple iPad Pro 13&quot; (M4) \u2013 Zustand: sehr gut | shifter DE | Product-Guide.org<\/title>\n<meta name=\"description\" content=\"Apple iPad Pro 13&quot; (M4) \u2013 Zustand: sehr gut | shifter DE gefunden von Product-Guide.org\" \/>\n<meta name=\"robots\" content=\"index, follow, max-snippet:-1, max-image-preview:large, max-video-preview:-1\" \/>\n<link rel=\"canonical\" href=\"https:\/\/product-guide.org\/en\/produkt\/apple-ipad-pro-13-m4-zustand-sehr-gut-shifter-de\/\" \/>\n<meta property=\"og:locale\" content=\"en_GB\" \/>\n<meta property=\"og:type\" content=\"article\" \/>\n<meta property=\"og:title\" content=\"Apple iPad Pro 13&quot; (M4) \u2013 Zustand: sehr gut | shifter DE | Product-Guide.org\" \/>\n<meta property=\"og:description\" content=\"Apple iPad Pro 13&quot; (M4) \u2013 Zustand: sehr gut | shifter DE gefunden von Product-Guide.org\" \/>\n<meta property=\"og:url\" content=\"https:\/\/product-guide.org\/en\/produkt\/apple-ipad-pro-13-m4-zustand-sehr-gut-shifter-de\/\" \/>\n<meta property=\"og:site_name\" content=\"Product-Guide.org\" \/>\n<meta name=\"twitter:card\" content=\"summary_large_image\" \/>\n<script type=\"application\/ld+json\" class=\"yoast-schema-graph\">{\"@context\":\"https:\/\/schema.org\",\"@graph\":[{\"@type\":\"WebPage\",\"@id\":\"https:\/\/product-guide.org\/produkt\/apple-ipad-pro-13-m4-zustand-sehr-gut-shifter-de\/\",\"url\":\"https:\/\/product-guide.org\/produkt\/apple-ipad-pro-13-m4-zustand-sehr-gut-shifter-de\/\",\"name\":\"Apple iPad Pro 13\\\" (M4) \u2013 Zustand: sehr gut | shifter DE | Product-Guide.org\",\"isPartOf\":{\"@id\":\"https:\/\/product-guide.org\/#website\"},\"primaryImageOfPage\":{\"@id\":\"https:\/\/product-guide.org\/produkt\/apple-ipad-pro-13-m4-zustand-sehr-gut-shifter-de\/#primaryimage\"},\"image\":{\"@id\":\"https:\/\/product-guide.org\/produkt\/apple-ipad-pro-13-m4-zustand-sehr-gut-shifter-de\/#primaryimage\"},\"thumbnailUrl\":\"https:\/\/product-guide.org\/wp-content\/uploads\/2025\/03\/Artikel_1032105_1-scaled.jpg\",\"datePublished\":\"2025-03-17T09:59:07+00:00\",\"description\":\"Apple iPad Pro 13\\\" (M4) \u2013 Zustand: sehr gut | shifter DE gefunden von Product-Guide.org\",\"breadcrumb\":{\"@id\":\"https:\/\/product-guide.org\/produkt\/apple-ipad-pro-13-m4-zustand-sehr-gut-shifter-de\/#breadcrumb\"},\"inLanguage\":\"en-GB\",\"potentialAction\":[{\"@type\":\"ReadAction\",\"target\":[\"https:\/\/product-guide.org\/produkt\/apple-ipad-pro-13-m4-zustand-sehr-gut-shifter-de\/\"]}]},{\"@type\":\"ImageObject\",\"inLanguage\":\"en-GB\",\"@id\":\"https:\/\/product-guide.org\/produkt\/apple-ipad-pro-13-m4-zustand-sehr-gut-shifter-de\/#primaryimage\",\"url\":\"https:\/\/product-guide.org\/wp-content\/uploads\/2025\/03\/Artikel_1032105_1-scaled.jpg\",\"contentUrl\":\"https:\/\/product-guide.org\/wp-content\/uploads\/2025\/03\/Artikel_1032105_1-scaled.jpg\",\"width\":2560,\"height\":2560},{\"@type\":\"BreadcrumbList\",\"@id\":\"https:\/\/product-guide.org\/produkt\/apple-ipad-pro-13-m4-zustand-sehr-gut-shifter-de\/#breadcrumb\",\"itemListElement\":[{\"@type\":\"ListItem\",\"position\":1,\"name\":\"Home\",\"item\":\"https:\/\/product-guide.org\/\"},{\"@type\":\"ListItem\",\"position\":2,\"name\":\"Ergebnisse\",\"item\":\"https:\/\/product-guide.org\/de\/ergebnisse\/\"},{\"@type\":\"ListItem\",\"position\":3,\"name\":\"Apple iPad Pro 13&#8243; (M4) \u2013 Zustand: sehr gut | shifter DE\"}]},{\"@type\":\"WebSite\",\"@id\":\"https:\/\/product-guide.org\/#website\",\"url\":\"https:\/\/product-guide.org\/\",\"name\":\"Product-Guide.org\",\"description\":\"What Product are you looking for?\",\"publisher\":{\"@id\":\"https:\/\/product-guide.org\/#organization\"},\"potentialAction\":[{\"@type\":\"SearchAction\",\"target\":{\"@type\":\"EntryPoint\",\"urlTemplate\":\"https:\/\/product-guide.org\/?s={search_term_string}\"},\"query-input\":{\"@type\":\"PropertyValueSpecification\",\"valueRequired\":true,\"valueName\":\"search_term_string\"}}],\"inLanguage\":\"en-GB\"},{\"@type\":\"Organization\",\"@id\":\"https:\/\/product-guide.org\/#organization\",\"name\":\"Product-Guide.org\",\"url\":\"https:\/\/product-guide.org\/\",\"logo\":{\"@type\":\"ImageObject\",\"inLanguage\":\"en-GB\",\"@id\":\"https:\/\/product-guide.org\/#\/schema\/logo\/image\/\",\"url\":\"https:\/\/product-guide.org\/wp-content\/uploads\/2022\/07\/logo_transparent_background.png\",\"contentUrl\":\"https:\/\/product-guide.org\/wp-content\/uploads\/2022\/07\/logo_transparent_background.png\",\"width\":3400,\"height\":1132,\"caption\":\"Product-Guide.org\"},\"image\":{\"@id\":\"https:\/\/product-guide.org\/#\/schema\/logo\/image\/\"}}]}<\/script>\n<!-- \/ Yoast SEO plugin. -->","yoast_head_json":{"title":"Apple iPad Pro 13\" (M4) \u2013 Zustand: sehr gut | shifter DE | Product-Guide.org","description":"Apple iPad Pro 13\" (M4) \u2013 Zustand: sehr gut | shifter DE gefunden von Product-Guide.org","robots":{"index":"index","follow":"follow","max-snippet":"max-snippet:-1","max-image-preview":"max-image-preview:large","max-video-preview":"max-video-preview:-1"},"canonical":"https:\/\/product-guide.org\/en\/produkt\/apple-ipad-pro-13-m4-zustand-sehr-gut-shifter-de\/","og_locale":"en_GB","og_type":"article","og_title":"Apple iPad Pro 13\" (M4) \u2013 Zustand: sehr gut | shifter DE | Product-Guide.org","og_description":"Apple iPad Pro 13\" (M4) \u2013 Zustand: sehr gut | shifter DE gefunden von Product-Guide.org","og_url":"https:\/\/product-guide.org\/en\/produkt\/apple-ipad-pro-13-m4-zustand-sehr-gut-shifter-de\/","og_site_name":"Product-Guide.org","twitter_card":"summary_large_image","schema":{"@context":"https:\/\/schema.org","@graph":[{"@type":"WebPage","@id":"https:\/\/product-guide.org\/produkt\/apple-ipad-pro-13-m4-zustand-sehr-gut-shifter-de\/","url":"https:\/\/product-guide.org\/produkt\/apple-ipad-pro-13-m4-zustand-sehr-gut-shifter-de\/","name":"Apple iPad Pro 13\" (M4) \u2013 Zustand: sehr gut | shifter DE | Product-Guide.org","isPartOf":{"@id":"https:\/\/product-guide.org\/#website"},"primaryImageOfPage":{"@id":"https:\/\/product-guide.org\/produkt\/apple-ipad-pro-13-m4-zustand-sehr-gut-shifter-de\/#primaryimage"},"image":{"@id":"https:\/\/product-guide.org\/produkt\/apple-ipad-pro-13-m4-zustand-sehr-gut-shifter-de\/#primaryimage"},"thumbnailUrl":"https:\/\/product-guide.org\/wp-content\/uploads\/2025\/03\/Artikel_1032105_1-scaled.jpg","datePublished":"2025-03-17T09:59:07+00:00","description":"Apple iPad Pro 13\" (M4) \u2013 Zustand: sehr gut | shifter DE gefunden von Product-Guide.org","breadcrumb":{"@id":"https:\/\/product-guide.org\/produkt\/apple-ipad-pro-13-m4-zustand-sehr-gut-shifter-de\/#breadcrumb"},"inLanguage":"en-GB","potentialAction":[{"@type":"ReadAction","target":["https:\/\/product-guide.org\/produkt\/apple-ipad-pro-13-m4-zustand-sehr-gut-shifter-de\/"]}]},{"@type":"ImageObject","inLanguage":"en-GB","@id":"https:\/\/product-guide.org\/produkt\/apple-ipad-pro-13-m4-zustand-sehr-gut-shifter-de\/#primaryimage","url":"https:\/\/product-guide.org\/wp-content\/uploads\/2025\/03\/Artikel_1032105_1-scaled.jpg","contentUrl":"https:\/\/product-guide.org\/wp-content\/uploads\/2025\/03\/Artikel_1032105_1-scaled.jpg","width":2560,"height":2560},{"@type":"BreadcrumbList","@id":"https:\/\/product-guide.org\/produkt\/apple-ipad-pro-13-m4-zustand-sehr-gut-shifter-de\/#breadcrumb","itemListElement":[{"@type":"ListItem","position":1,"name":"Home","item":"https:\/\/product-guide.org\/"},{"@type":"ListItem","position":2,"name":"Ergebnisse","item":"https:\/\/product-guide.org\/de\/ergebnisse\/"},{"@type":"ListItem","position":3,"name":"Apple iPad Pro 13&#8243; (M4) \u2013 Zustand: sehr gut | shifter DE"}]},{"@type":"WebSite","@id":"https:\/\/product-guide.org\/#website","url":"https:\/\/product-guide.org\/","name":"Product-Guide.org","description":"What Product are you looking for?","publisher":{"@id":"https:\/\/product-guide.org\/#organization"},"potentialAction":[{"@type":"SearchAction","target":{"@type":"EntryPoint","urlTemplate":"https:\/\/product-guide.org\/?s={search_term_string}"},"query-input":{"@type":"PropertyValueSpecification","valueRequired":true,"valueName":"search_term_string"}}],"inLanguage":"en-GB"},{"@type":"Organization","@id":"https:\/\/product-guide.org\/#organization","name":"Product-Guide.org","url":"https:\/\/product-guide.org\/","logo":{"@type":"ImageObject","inLanguage":"en-GB","@id":"https:\/\/product-guide.org\/#\/schema\/logo\/image\/","url":"https:\/\/product-guide.org\/wp-content\/uploads\/2022\/07\/logo_transparent_background.png","contentUrl":"https:\/\/product-guide.org\/wp-content\/uploads\/2022\/07\/logo_transparent_background.png","width":3400,"height":1132,"caption":"Product-Guide.org"},"image":{"@id":"https:\/\/product-guide.org\/#\/schema\/logo\/image\/"}}]}},"_links":{"self":[{"href":"https:\/\/product-guide.org\/en\/wp-json\/wp\/v2\/product\/50613","targetHints":{"allow":["GET"]}}],"collection":[{"href":"https:\/\/product-guide.org\/en\/wp-json\/wp\/v2\/product"}],"about":[{"href":"https:\/\/product-guide.org\/en\/wp-json\/wp\/v2\/types\/product"}],"wp:featuredmedia":[{"embeddable":true,"href":"https:\/\/product-guide.org\/en\/wp-json\/wp\/v2\/media\/50612"}],"wp:attachment":[{"href":"https:\/\/product-guide.org\/en\/wp-json\/wp\/v2\/media?parent=50613"}],"wp:term":[{"taxonomy":"store","embeddable":true,"href":"https:\/\/product-guide.org\/en\/wp-json\/wp\/v2\/store?post=50613"},{"taxonomy":"product_brand","embeddable":true,"href":"https:\/\/product-guide.org\/en\/wp-json\/wp\/v2\/product_brand?post=50613"},{"taxonomy":"product_cat","embeddable":true,"href":"https:\/\/product-guide.org\/en\/wp-json\/wp\/v2\/product_cat?post=50613"},{"taxonomy":"product_tag","embeddable":true,"href":"https:\/\/product-guide.org\/en\/wp-json\/wp\/v2\/product_tag?post=50613"}],"curies":[{"name":"wp","href":"https:\/\/api.w.org\/{rel}","templated":true}]}}