{"id":50621,"date":"2025-03-17T10:59:14","date_gmt":"2025-03-17T09:59:14","guid":{"rendered":"https:\/\/product-guide.org\/produkt\/apple-macbook-pro-14-late-2023-shifter-de\/"},"modified":"2025-03-17T10:59:15","modified_gmt":"2025-03-17T09:59:15","slug":"apple-macbook-pro-14-late-2023-shifter-de","status":"publish","type":"product","link":"https:\/\/product-guide.org\/en\/produkt\/apple-macbook-pro-14-late-2023-shifter-de\/","title":{"rendered":"Apple MacBook Pro 14&#8243; (LATE 2023) | shifter DE"},"content":{"rendered":"<p>14&#8243; MacBook Pro. Mit der Power des M3. Das 14&#8243; MacBook Pro macht einen gigantischen Sprung mit dem unglaublich fortschrittlichen M3 Chip, der f\u00fcr beeindruckende Geschwindigkeiten und M\u00f6glichkeiten sorgt. Mit der besten Batterielaufzeit seiner Klasse \u2013 bis zu 22 Stunden \u2013 und einem brillanten Liquid Retina XDR Display, ist es ein Pro Laptop wie kein anderer. Mit der Power des M3 Mit einer 8-Core CPU und einer 10-Core GPU mit Hardware beschleunigtem Raytracing erm\u00f6glicht der Apple M3 Chip superschnelles Multitasking und erledigt professionelle Projekte wie das Bearbeiten von Tausenden Fotos oder 4K Video. Bis zu 22 Stunden Batterielaufzeit. Mit dem energieeffizienten Design der Apple Chips reicht die Batterie den ganzen Tag. Das MacBook Pro liefert die gleiche au\u00dfergew\u00f6hnliche Performance, egal ob es mit Batterie l\u00e4uft oder am Strom angeschlossen ist. Reationsschneller gemeinsamer Arbeitsspeicher und Speicher. Bis zu 24 GB gemeinsamer Arbeitsspeicher, damit alles, was du machst, schnell und fl\u00fcssig geht. Bis zu 2 TB superschneller SSD Speicher startet Apps und \u00f6ffnet Dateien sofort. Brillantes Pro Display. Das 16,2&#8243; Liquid Retina XDR Display kommt mit extremem Dynamikbereich, 1.000 Nits durchgehende Helligkeit f\u00fcr beeindruckende HDR Inhalte, bis zu 600 Nits Helligkeit f\u00fcr SDR Inhalte und Pro Referenzmodi, damit du unterwegs perfekt arbeiten kannst. Vollst\u00e4ndig kompatibel. Alle deine Pro Apps laufen superschnell \u2013 auch Adobe Creative Cloud, Apple Xcode, Microsoft 365, SideFX Houdini, MathWorks MATLAB, Medivis SurgicalAR und viele deiner Lieblingsapps f\u00fcr das iPhone und iPad. Und mit macOS kannst du auf deinem Mac noch besser arbeiten und spielen. Werde in Videoanrufen pr\u00e4senter. Nutze neue Arten, um auf Informationen zuzugreifen. Und entdecke noch mehr M\u00f6glichkeiten, wie du deinen Mac personalisieren kannst. Fortschrittlich bei Kamera und Sound. Mit einer 1080p FaceTime HD Kamera, einem Ring aus drei Mikrofonen in Studioqualit\u00e4t und einem 6Lautsprecher-System mit 3D Audio siehst du immer gro\u00dfartig aus und klingst auch so. Verbinde alles. Dieses MacBook Pro hat einen MagSafe Ladeanschluss, drei Thunderbolt 4 Anschl\u00fcsse, einen SDXC Kartensteckplatz, einen HDMI Anschluss und einen Kopfh\u00f6reranschluss. Es unterst\u00fctzt schnelle drahtlose Verbindungen mit WLAN 6E und Bluetooth 5.3. Und du kannst bis zu zwei externe Displays mit dem M3 Pro und bis zu vier mit dem M3 Max anschlie\u00dfen. Magic Keyboard mit Touch ID. Das beleuchtete Magic Keyboard hat Funktionstasten in voller Gr\u00f6\u00dfe. Und mit Touch ID kannst du schnell, einfach und sicher dein Laptop entsperren und dich bei Apps und Websites anmelden. Fortschrittliche Sicherheit. Jeder Mac kommt mit Verschl\u00fcsselung, zuverl\u00e4ssigem Virenschutz und einem leistungsstarken Firewall System. Und mit kostenlosen Sicherheits-Updates bleibt dein Mac gesch\u00fctzt. Funktioniert mit allen deinen Apple Ger\u00e4te. Jeder Mac kommt mit Verschl\u00fcsselung, zuverl\u00e4ssigem Virenschutz und einem leistungsstarken Firewall System. Und mit kostenlosen Sicherheits-Updates bleibt dein Mac gesch\u00fctzt. Gebaut, um zu halten. Das Aluminiumgeh\u00e4use ist besonders robust und kommt in Space Schwarz und Silber. Kostenlose Software-Updates sorgen daf\u00fcr, dass auch in Zukunft alles funktioniert.<\/p>\n","protected":false},"excerpt":{"rendered":"<p>14&#8243; MacBook Pro. Mit der Power des M3. Das 14&#8243; MacBook Pro macht einen gigantischen Sprung mit dem unglaublich fortschrittlichen M3 Chip, der f\u00fcr beeindruckende Geschwindigkeiten und M\u00f6glichkeiten sorgt. Mit der besten Batterielaufzeit seiner Klasse \u2013 bis zu 22 Stunden \u2013 und einem brillanten Liquid Retina XDR Display, ist es ein Pro Laptop wie kein [&hellip;]<\/p>\n","protected":false},"featured_media":50620,"template":"","meta":{"_gspb_post_css":""},"store":[],"product_brand":[1380],"product_cat":[1290],"product_tag":[],"class_list":{"0":"post-50621","1":"product","2":"type-product","3":"status-publish","4":"has-post-thumbnail","6":"product_brand-shifter-de","7":"product_cat-uncategorized","9":"first","10":"instock","11":"shipping-taxable","12":"purchasable","13":"product-type-simple"},"yoast_head":"<!-- This site is optimized with the Yoast SEO plugin v24.6 - https:\/\/yoast.com\/wordpress\/plugins\/seo\/ -->\n<title>Apple MacBook Pro 14&quot; (LATE 2023) | shifter DE | Product-Guide.org<\/title>\n<meta name=\"description\" content=\"Apple MacBook Pro 14&quot; (LATE 2023) | shifter DE gefunden von Product-Guide.org\" \/>\n<meta name=\"robots\" content=\"index, follow, max-snippet:-1, max-image-preview:large, max-video-preview:-1\" \/>\n<link rel=\"canonical\" href=\"https:\/\/product-guide.org\/en\/produkt\/apple-macbook-pro-14-late-2023-shifter-de\/\" \/>\n<meta property=\"og:locale\" content=\"en_GB\" \/>\n<meta property=\"og:type\" content=\"article\" \/>\n<meta property=\"og:title\" content=\"Apple MacBook Pro 14&quot; (LATE 2023) | shifter DE | Product-Guide.org\" \/>\n<meta property=\"og:description\" content=\"Apple MacBook Pro 14&quot; (LATE 2023) | shifter DE gefunden von Product-Guide.org\" \/>\n<meta property=\"og:url\" content=\"https:\/\/product-guide.org\/en\/produkt\/apple-macbook-pro-14-late-2023-shifter-de\/\" \/>\n<meta property=\"og:site_name\" content=\"Product-Guide.org\" \/>\n<meta property=\"article:modified_time\" content=\"2025-03-17T09:59:15+00:00\" \/>\n<meta name=\"twitter:card\" content=\"summary_large_image\" \/>\n<script type=\"application\/ld+json\" class=\"yoast-schema-graph\">{\"@context\":\"https:\/\/schema.org\",\"@graph\":[{\"@type\":\"WebPage\",\"@id\":\"https:\/\/product-guide.org\/produkt\/apple-macbook-pro-14-late-2023-shifter-de\/\",\"url\":\"https:\/\/product-guide.org\/produkt\/apple-macbook-pro-14-late-2023-shifter-de\/\",\"name\":\"Apple MacBook Pro 14\\\" (LATE 2023) | shifter DE | Product-Guide.org\",\"isPartOf\":{\"@id\":\"https:\/\/product-guide.org\/#website\"},\"primaryImageOfPage\":{\"@id\":\"https:\/\/product-guide.org\/produkt\/apple-macbook-pro-14-late-2023-shifter-de\/#primaryimage\"},\"image\":{\"@id\":\"https:\/\/product-guide.org\/produkt\/apple-macbook-pro-14-late-2023-shifter-de\/#primaryimage\"},\"thumbnailUrl\":\"https:\/\/product-guide.org\/wp-content\/uploads\/2025\/03\/Artikel_1022173_5nhAX5uIIQagz8.jpg\",\"datePublished\":\"2025-03-17T09:59:14+00:00\",\"dateModified\":\"2025-03-17T09:59:15+00:00\",\"description\":\"Apple MacBook Pro 14\\\" (LATE 2023) | shifter DE gefunden von Product-Guide.org\",\"breadcrumb\":{\"@id\":\"https:\/\/product-guide.org\/produkt\/apple-macbook-pro-14-late-2023-shifter-de\/#breadcrumb\"},\"inLanguage\":\"en-GB\",\"potentialAction\":[{\"@type\":\"ReadAction\",\"target\":[\"https:\/\/product-guide.org\/produkt\/apple-macbook-pro-14-late-2023-shifter-de\/\"]}]},{\"@type\":\"ImageObject\",\"inLanguage\":\"en-GB\",\"@id\":\"https:\/\/product-guide.org\/produkt\/apple-macbook-pro-14-late-2023-shifter-de\/#primaryimage\",\"url\":\"https:\/\/product-guide.org\/wp-content\/uploads\/2025\/03\/Artikel_1022173_5nhAX5uIIQagz8.jpg\",\"contentUrl\":\"https:\/\/product-guide.org\/wp-content\/uploads\/2025\/03\/Artikel_1022173_5nhAX5uIIQagz8.jpg\",\"width\":1000,\"height\":1000},{\"@type\":\"BreadcrumbList\",\"@id\":\"https:\/\/product-guide.org\/produkt\/apple-macbook-pro-14-late-2023-shifter-de\/#breadcrumb\",\"itemListElement\":[{\"@type\":\"ListItem\",\"position\":1,\"name\":\"Home\",\"item\":\"https:\/\/product-guide.org\/\"},{\"@type\":\"ListItem\",\"position\":2,\"name\":\"Ergebnisse\",\"item\":\"https:\/\/product-guide.org\/de\/ergebnisse\/\"},{\"@type\":\"ListItem\",\"position\":3,\"name\":\"Apple MacBook Pro 14&#8243; (LATE 2023) | shifter DE\"}]},{\"@type\":\"WebSite\",\"@id\":\"https:\/\/product-guide.org\/#website\",\"url\":\"https:\/\/product-guide.org\/\",\"name\":\"Product-Guide.org\",\"description\":\"What Product are you looking for?\",\"publisher\":{\"@id\":\"https:\/\/product-guide.org\/#organization\"},\"potentialAction\":[{\"@type\":\"SearchAction\",\"target\":{\"@type\":\"EntryPoint\",\"urlTemplate\":\"https:\/\/product-guide.org\/?s={search_term_string}\"},\"query-input\":{\"@type\":\"PropertyValueSpecification\",\"valueRequired\":true,\"valueName\":\"search_term_string\"}}],\"inLanguage\":\"en-GB\"},{\"@type\":\"Organization\",\"@id\":\"https:\/\/product-guide.org\/#organization\",\"name\":\"Product-Guide.org\",\"url\":\"https:\/\/product-guide.org\/\",\"logo\":{\"@type\":\"ImageObject\",\"inLanguage\":\"en-GB\",\"@id\":\"https:\/\/product-guide.org\/#\/schema\/logo\/image\/\",\"url\":\"https:\/\/product-guide.org\/wp-content\/uploads\/2022\/07\/logo_transparent_background.png\",\"contentUrl\":\"https:\/\/product-guide.org\/wp-content\/uploads\/2022\/07\/logo_transparent_background.png\",\"width\":3400,\"height\":1132,\"caption\":\"Product-Guide.org\"},\"image\":{\"@id\":\"https:\/\/product-guide.org\/#\/schema\/logo\/image\/\"}}]}<\/script>\n<!-- \/ Yoast SEO plugin. -->","yoast_head_json":{"title":"Apple MacBook Pro 14\" (LATE 2023) | shifter DE | Product-Guide.org","description":"Apple MacBook Pro 14\" (LATE 2023) | shifter DE gefunden von Product-Guide.org","robots":{"index":"index","follow":"follow","max-snippet":"max-snippet:-1","max-image-preview":"max-image-preview:large","max-video-preview":"max-video-preview:-1"},"canonical":"https:\/\/product-guide.org\/en\/produkt\/apple-macbook-pro-14-late-2023-shifter-de\/","og_locale":"en_GB","og_type":"article","og_title":"Apple MacBook Pro 14\" (LATE 2023) | shifter DE | Product-Guide.org","og_description":"Apple MacBook Pro 14\" (LATE 2023) | shifter DE gefunden von Product-Guide.org","og_url":"https:\/\/product-guide.org\/en\/produkt\/apple-macbook-pro-14-late-2023-shifter-de\/","og_site_name":"Product-Guide.org","article_modified_time":"2025-03-17T09:59:15+00:00","twitter_card":"summary_large_image","schema":{"@context":"https:\/\/schema.org","@graph":[{"@type":"WebPage","@id":"https:\/\/product-guide.org\/produkt\/apple-macbook-pro-14-late-2023-shifter-de\/","url":"https:\/\/product-guide.org\/produkt\/apple-macbook-pro-14-late-2023-shifter-de\/","name":"Apple MacBook Pro 14\" (LATE 2023) | shifter DE | Product-Guide.org","isPartOf":{"@id":"https:\/\/product-guide.org\/#website"},"primaryImageOfPage":{"@id":"https:\/\/product-guide.org\/produkt\/apple-macbook-pro-14-late-2023-shifter-de\/#primaryimage"},"image":{"@id":"https:\/\/product-guide.org\/produkt\/apple-macbook-pro-14-late-2023-shifter-de\/#primaryimage"},"thumbnailUrl":"https:\/\/product-guide.org\/wp-content\/uploads\/2025\/03\/Artikel_1022173_5nhAX5uIIQagz8.jpg","datePublished":"2025-03-17T09:59:14+00:00","dateModified":"2025-03-17T09:59:15+00:00","description":"Apple MacBook Pro 14\" (LATE 2023) | shifter DE gefunden von Product-Guide.org","breadcrumb":{"@id":"https:\/\/product-guide.org\/produkt\/apple-macbook-pro-14-late-2023-shifter-de\/#breadcrumb"},"inLanguage":"en-GB","potentialAction":[{"@type":"ReadAction","target":["https:\/\/product-guide.org\/produkt\/apple-macbook-pro-14-late-2023-shifter-de\/"]}]},{"@type":"ImageObject","inLanguage":"en-GB","@id":"https:\/\/product-guide.org\/produkt\/apple-macbook-pro-14-late-2023-shifter-de\/#primaryimage","url":"https:\/\/product-guide.org\/wp-content\/uploads\/2025\/03\/Artikel_1022173_5nhAX5uIIQagz8.jpg","contentUrl":"https:\/\/product-guide.org\/wp-content\/uploads\/2025\/03\/Artikel_1022173_5nhAX5uIIQagz8.jpg","width":1000,"height":1000},{"@type":"BreadcrumbList","@id":"https:\/\/product-guide.org\/produkt\/apple-macbook-pro-14-late-2023-shifter-de\/#breadcrumb","itemListElement":[{"@type":"ListItem","position":1,"name":"Home","item":"https:\/\/product-guide.org\/"},{"@type":"ListItem","position":2,"name":"Ergebnisse","item":"https:\/\/product-guide.org\/de\/ergebnisse\/"},{"@type":"ListItem","position":3,"name":"Apple MacBook Pro 14&#8243; (LATE 2023) | shifter DE"}]},{"@type":"WebSite","@id":"https:\/\/product-guide.org\/#website","url":"https:\/\/product-guide.org\/","name":"Product-Guide.org","description":"What Product are you looking for?","publisher":{"@id":"https:\/\/product-guide.org\/#organization"},"potentialAction":[{"@type":"SearchAction","target":{"@type":"EntryPoint","urlTemplate":"https:\/\/product-guide.org\/?s={search_term_string}"},"query-input":{"@type":"PropertyValueSpecification","valueRequired":true,"valueName":"search_term_string"}}],"inLanguage":"en-GB"},{"@type":"Organization","@id":"https:\/\/product-guide.org\/#organization","name":"Product-Guide.org","url":"https:\/\/product-guide.org\/","logo":{"@type":"ImageObject","inLanguage":"en-GB","@id":"https:\/\/product-guide.org\/#\/schema\/logo\/image\/","url":"https:\/\/product-guide.org\/wp-content\/uploads\/2022\/07\/logo_transparent_background.png","contentUrl":"https:\/\/product-guide.org\/wp-content\/uploads\/2022\/07\/logo_transparent_background.png","width":3400,"height":1132,"caption":"Product-Guide.org"},"image":{"@id":"https:\/\/product-guide.org\/#\/schema\/logo\/image\/"}}]}},"_links":{"self":[{"href":"https:\/\/product-guide.org\/en\/wp-json\/wp\/v2\/product\/50621","targetHints":{"allow":["GET"]}}],"collection":[{"href":"https:\/\/product-guide.org\/en\/wp-json\/wp\/v2\/product"}],"about":[{"href":"https:\/\/product-guide.org\/en\/wp-json\/wp\/v2\/types\/product"}],"wp:featuredmedia":[{"embeddable":true,"href":"https:\/\/product-guide.org\/en\/wp-json\/wp\/v2\/media\/50620"}],"wp:attachment":[{"href":"https:\/\/product-guide.org\/en\/wp-json\/wp\/v2\/media?parent=50621"}],"wp:term":[{"taxonomy":"store","embeddable":true,"href":"https:\/\/product-guide.org\/en\/wp-json\/wp\/v2\/store?post=50621"},{"taxonomy":"product_brand","embeddable":true,"href":"https:\/\/product-guide.org\/en\/wp-json\/wp\/v2\/product_brand?post=50621"},{"taxonomy":"product_cat","embeddable":true,"href":"https:\/\/product-guide.org\/en\/wp-json\/wp\/v2\/product_cat?post=50621"},{"taxonomy":"product_tag","embeddable":true,"href":"https:\/\/product-guide.org\/en\/wp-json\/wp\/v2\/product_tag?post=50621"}],"curies":[{"name":"wp","href":"https:\/\/api.w.org\/{rel}","templated":true}]}}