{"id":50629,"date":"2025-03-17T10:59:25","date_gmt":"2025-03-17T09:59:25","guid":{"rendered":"https:\/\/product-guide.org\/produkt\/apple-macbook-air-13-2022-shifter-de\/"},"modified":"2025-03-17T10:59:25","modified_gmt":"2025-03-17T09:59:25","slug":"apple-macbook-air-13-2022-shifter-de","status":"publish","type":"product","link":"https:\/\/product-guide.org\/en\/produkt\/apple-macbook-air-13-2022-shifter-de\/","title":{"rendered":"Apple MacBook Air 13&#8243; (2022) | shifter DE"},"content":{"rendered":"<p>MacBook Air Leicht hat es in sich. Das MacBook Air wurde um den M2 Chip der n\u00e4chsten Generation herum neu entwickelt. Es ist ultrad\u00fcnn und bringt dir unglaubliche Schnelligkeit und Energieeffizienz in einem robusten Aluminiumgeh\u00e4use. Mit diesem extrem schnellen und leistungsf\u00e4higen Laptop kannst du ohne Grenzen arbeiten, spielen und kreativ sein \u2013 \u00fcberall. Strahlt von Mitternacht bis Polarstern. Das MacBook Air kommt in vier fantastischen Farben. Und jede hat ein passendes MagSafe Ladekabel. Mitternacht Polarstern Space Grau Silber Volle Leistung, vollkommen lautlos. Durch die Effizienz des M2 Chip liefert das MacBook Air eine unglaubliche Performance ohne L\u00fcfter. Es bleibt immer absolut leise, egal wie intensiv die Aufgabe ist. H\u00e4lt l\u00e4nger. Und schont die Erde. Das MacBook Air ist verantwortungsvoll produziert und robust, mit einem kompaktem Geh\u00e4use, gemacht aus 100% recyceltem Aluminium. 1 Bereit zum Abheben Der M2 Chip startet die n\u00e4chste Generation von Apple Chips, mit noch mehr Speed und Energieeffizienz als beim M1. Mit der leistungsst\u00e4rkeren 8\u2010Core CPU schaffst du mehr, und das schneller. Erstelle faszinierende Bilder und Animationen, mit einer bis zu 10\u2010Core GPU. Arbeite mit mehr 4K und 8K ProRes Videostreams dank der hochleistungsf\u00e4higen Media Engine. Und mit bis zu 18 Stunden Batterielaufzeit kannst du den ganzen Tag und bis in die Nacht arbeiten \u2013 oder spielen. 2 Bis zu 1,4x schneller als das M1 Modell 3 Bis zu 15x schneller als das Intel basierte Modell 4 Bis zu 18 Std. Batterielaufzeit 5 Fantastisch ganz klar. Das faszinierende 13,6&#8243; Liquid Retina Display ist das gr\u00f6\u00dfte und hellste, das es je bei einem MacBook Air gab, mit Unterst\u00fctzung f\u00fcr eine Milliarde Farben. Text ist gestochen scharf und Fotos und Filme sehen brillanter und lebensechter aus, mit hohem Kontrast und klaren Details. 500 Nits Helligkeit Grpo\u00dfer P3 Farbraum True Tone Technologie Kamera. Ton. Perfektion. Mit der 1080p FaceTime HD Kamera und dem Ring aus drei Mikrofonen machst du in jedem Videocall einen gro\u00dfartigen Eindruck. Und das 4\u2010Lautsprecher-System mit 3D Audio umgibt dich mit umfassendem r\u00e4umlichen Klang. Das MacBook Air wurde designt, um alle Sinne zu begeistern. 1080p Face Time HD Kamera Du siehst immer gut aus, denn die Kamera hat eine doppelt so hohe Aufl\u00f6sung und Leistung bei wenig Licht wie die vorherige Generation. Ring aus drei Mikrofonen Weil der Ring aus drei Mikrofonen mit fortschrittlichen Beamforming Algorithmen sauberes Audio aufnimmt, kommst du \u00fcberall laut und klar r\u00fcber. 4-Lautsprecher-System mit 3D Audio Tauche ganz in Filme und Musik ein \u2013 mit besserer Stereotrennung und Stimmklarheit durch zwei Hocht\u00f6ner und zwei ultrad\u00fcnne Tieft\u00f6ner. 3D Audio mit Unterst\u00fctzung f\u00fcr Dolby Atmos verteilt den Sound \u00fcberall um dich herum. So k\u00f6nnen deine Finger arbeiten. Auf dem Magic Keyboard tippt es sich leise und angenehm. \u00dcber die Reihe mit Funktionstasten in voller Gr\u00f6\u00dfe greifst du schnell auf deine wichtigsten Steuerelemente und Kurzbefehle zu. Mit Touch ID kannst du deinen Mac ganz leicht entsperren, Passw\u00f6rter eingeben und sicher einkaufen oder bezahlen \u2013 nur mit einer Ber\u00fchrung deines Fingers. Und mit dem gr\u00f6\u00dferen Force Touch Trackpad hast du mehr Platz, um pr\u00e4zise zu arbeiten. Touch ID Entsperre deinen Mac Zahle mit Apple Pay \u00d6ffne passwortgesch\u00fctzte Dokumente Kaufe etwas in der Apple TV App Immer Anschluss finden. Der leicht l\u00f6sbare MagSafe Netzanschluss verbindet und l\u00f6st sich magnetisch und verhindert versehentliches Runterfallen. Mit zwei Thunderbolt Anschl\u00fcssen kannst du Highspeed Zubeh\u00f6r verbinden und mit Strom versorgen oder ein Display mit bis zu 6K anschlie\u00dfen. Der Kopfh\u00f6reranschluss unterst\u00fctzt auch Kopfh\u00f6rer mit hoher Impedanz. Beim Design haben wir auch an die Erde gedacht. Recycelte Materialien. Eine gr\u00fcnere Lieferkette. Nachhaltige Verpackung. Das MacBook Air wurde entwickelt, um leicht zu sein \u2013 und schonender f\u00fcr die Umwelt. Die Aussage zum recycelten Material bezieht sich auf das Geh\u00e4use und basiert auf \u00dcberpr\u00fcfungen der UL LLC. Die Tests wurden von Apple im Mai 2022 durchgef\u00fchrt mit Prototypen von MacBook Air Systemen mit Apple M2, 8\u2010Core CPU, 8\u2010Core GPU, 8 GB RAM und 256 GB SSD. Der Test f\u00fcr drahtloses Surfen misst die&#8230;<\/p>\n","protected":false},"excerpt":{"rendered":"<p>MacBook Air Leicht hat es in sich. Das MacBook Air wurde um den M2 Chip der n\u00e4chsten Generation herum neu entwickelt. Es ist ultrad\u00fcnn und bringt dir unglaubliche Schnelligkeit und Energieeffizienz in einem robusten Aluminiumgeh\u00e4use. Mit diesem extrem schnellen und leistungsf\u00e4higen Laptop kannst du ohne Grenzen arbeiten, spielen und kreativ sein \u2013 \u00fcberall. Strahlt von [&hellip;]<\/p>\n","protected":false},"featured_media":50628,"template":"","meta":{"_gspb_post_css":""},"store":[],"product_brand":[1380],"product_cat":[1290],"product_tag":[],"class_list":{"0":"post-50629","1":"product","2":"type-product","3":"status-publish","4":"has-post-thumbnail","6":"product_brand-shifter-de","7":"product_cat-uncategorized","9":"first","10":"instock","11":"shipping-taxable","12":"purchasable","13":"product-type-simple"},"yoast_head":"<!-- This site is optimized with the Yoast SEO plugin v24.6 - https:\/\/yoast.com\/wordpress\/plugins\/seo\/ -->\n<title>Apple MacBook Air 13&quot; (2022) | shifter DE | Product-Guide.org<\/title>\n<meta name=\"description\" content=\"Apple MacBook Air 13&quot; (2022) | shifter DE gefunden von Product-Guide.org\" \/>\n<meta name=\"robots\" content=\"index, follow, max-snippet:-1, max-image-preview:large, max-video-preview:-1\" \/>\n<link rel=\"canonical\" href=\"https:\/\/product-guide.org\/en\/produkt\/apple-macbook-air-13-2022-shifter-de\/\" \/>\n<meta property=\"og:locale\" content=\"en_GB\" \/>\n<meta property=\"og:type\" content=\"article\" \/>\n<meta property=\"og:title\" content=\"Apple MacBook Air 13&quot; (2022) | shifter DE | Product-Guide.org\" \/>\n<meta property=\"og:description\" content=\"Apple MacBook Air 13&quot; (2022) | shifter DE gefunden von Product-Guide.org\" \/>\n<meta property=\"og:url\" content=\"https:\/\/product-guide.org\/en\/produkt\/apple-macbook-air-13-2022-shifter-de\/\" \/>\n<meta property=\"og:site_name\" content=\"Product-Guide.org\" \/>\n<meta name=\"twitter:card\" content=\"summary_large_image\" \/>\n<script type=\"application\/ld+json\" class=\"yoast-schema-graph\">{\"@context\":\"https:\/\/schema.org\",\"@graph\":[{\"@type\":\"WebPage\",\"@id\":\"https:\/\/product-guide.org\/produkt\/apple-macbook-air-13-2022-shifter-de\/\",\"url\":\"https:\/\/product-guide.org\/produkt\/apple-macbook-air-13-2022-shifter-de\/\",\"name\":\"Apple MacBook Air 13\\\" (2022) | shifter DE | Product-Guide.org\",\"isPartOf\":{\"@id\":\"https:\/\/product-guide.org\/#website\"},\"primaryImageOfPage\":{\"@id\":\"https:\/\/product-guide.org\/produkt\/apple-macbook-air-13-2022-shifter-de\/#primaryimage\"},\"image\":{\"@id\":\"https:\/\/product-guide.org\/produkt\/apple-macbook-air-13-2022-shifter-de\/#primaryimage\"},\"thumbnailUrl\":\"https:\/\/product-guide.org\/wp-content\/uploads\/2025\/03\/Artikel_1010090_134ZbygJlHpCWk.jpg\",\"datePublished\":\"2025-03-17T09:59:25+00:00\",\"description\":\"Apple MacBook Air 13\\\" (2022) | shifter DE gefunden von Product-Guide.org\",\"breadcrumb\":{\"@id\":\"https:\/\/product-guide.org\/produkt\/apple-macbook-air-13-2022-shifter-de\/#breadcrumb\"},\"inLanguage\":\"en-GB\",\"potentialAction\":[{\"@type\":\"ReadAction\",\"target\":[\"https:\/\/product-guide.org\/produkt\/apple-macbook-air-13-2022-shifter-de\/\"]}]},{\"@type\":\"ImageObject\",\"inLanguage\":\"en-GB\",\"@id\":\"https:\/\/product-guide.org\/produkt\/apple-macbook-air-13-2022-shifter-de\/#primaryimage\",\"url\":\"https:\/\/product-guide.org\/wp-content\/uploads\/2025\/03\/Artikel_1010090_134ZbygJlHpCWk.jpg\",\"contentUrl\":\"https:\/\/product-guide.org\/wp-content\/uploads\/2025\/03\/Artikel_1010090_134ZbygJlHpCWk.jpg\",\"width\":1000,\"height\":1000},{\"@type\":\"BreadcrumbList\",\"@id\":\"https:\/\/product-guide.org\/produkt\/apple-macbook-air-13-2022-shifter-de\/#breadcrumb\",\"itemListElement\":[{\"@type\":\"ListItem\",\"position\":1,\"name\":\"Home\",\"item\":\"https:\/\/product-guide.org\/\"},{\"@type\":\"ListItem\",\"position\":2,\"name\":\"Ergebnisse\",\"item\":\"https:\/\/product-guide.org\/de\/ergebnisse\/\"},{\"@type\":\"ListItem\",\"position\":3,\"name\":\"Apple MacBook Air 13&#8243; (2022) | shifter DE\"}]},{\"@type\":\"WebSite\",\"@id\":\"https:\/\/product-guide.org\/#website\",\"url\":\"https:\/\/product-guide.org\/\",\"name\":\"Product-Guide.org\",\"description\":\"What Product are you looking for?\",\"publisher\":{\"@id\":\"https:\/\/product-guide.org\/#organization\"},\"potentialAction\":[{\"@type\":\"SearchAction\",\"target\":{\"@type\":\"EntryPoint\",\"urlTemplate\":\"https:\/\/product-guide.org\/?s={search_term_string}\"},\"query-input\":{\"@type\":\"PropertyValueSpecification\",\"valueRequired\":true,\"valueName\":\"search_term_string\"}}],\"inLanguage\":\"en-GB\"},{\"@type\":\"Organization\",\"@id\":\"https:\/\/product-guide.org\/#organization\",\"name\":\"Product-Guide.org\",\"url\":\"https:\/\/product-guide.org\/\",\"logo\":{\"@type\":\"ImageObject\",\"inLanguage\":\"en-GB\",\"@id\":\"https:\/\/product-guide.org\/#\/schema\/logo\/image\/\",\"url\":\"https:\/\/product-guide.org\/wp-content\/uploads\/2022\/07\/logo_transparent_background.png\",\"contentUrl\":\"https:\/\/product-guide.org\/wp-content\/uploads\/2022\/07\/logo_transparent_background.png\",\"width\":3400,\"height\":1132,\"caption\":\"Product-Guide.org\"},\"image\":{\"@id\":\"https:\/\/product-guide.org\/#\/schema\/logo\/image\/\"}}]}<\/script>\n<!-- \/ Yoast SEO plugin. -->","yoast_head_json":{"title":"Apple MacBook Air 13\" (2022) | shifter DE | Product-Guide.org","description":"Apple MacBook Air 13\" (2022) | shifter DE gefunden von Product-Guide.org","robots":{"index":"index","follow":"follow","max-snippet":"max-snippet:-1","max-image-preview":"max-image-preview:large","max-video-preview":"max-video-preview:-1"},"canonical":"https:\/\/product-guide.org\/en\/produkt\/apple-macbook-air-13-2022-shifter-de\/","og_locale":"en_GB","og_type":"article","og_title":"Apple MacBook Air 13\" (2022) | shifter DE | Product-Guide.org","og_description":"Apple MacBook Air 13\" (2022) | shifter DE gefunden von Product-Guide.org","og_url":"https:\/\/product-guide.org\/en\/produkt\/apple-macbook-air-13-2022-shifter-de\/","og_site_name":"Product-Guide.org","twitter_card":"summary_large_image","schema":{"@context":"https:\/\/schema.org","@graph":[{"@type":"WebPage","@id":"https:\/\/product-guide.org\/produkt\/apple-macbook-air-13-2022-shifter-de\/","url":"https:\/\/product-guide.org\/produkt\/apple-macbook-air-13-2022-shifter-de\/","name":"Apple MacBook Air 13\" (2022) | shifter DE | Product-Guide.org","isPartOf":{"@id":"https:\/\/product-guide.org\/#website"},"primaryImageOfPage":{"@id":"https:\/\/product-guide.org\/produkt\/apple-macbook-air-13-2022-shifter-de\/#primaryimage"},"image":{"@id":"https:\/\/product-guide.org\/produkt\/apple-macbook-air-13-2022-shifter-de\/#primaryimage"},"thumbnailUrl":"https:\/\/product-guide.org\/wp-content\/uploads\/2025\/03\/Artikel_1010090_134ZbygJlHpCWk.jpg","datePublished":"2025-03-17T09:59:25+00:00","description":"Apple MacBook Air 13\" (2022) | shifter DE gefunden von Product-Guide.org","breadcrumb":{"@id":"https:\/\/product-guide.org\/produkt\/apple-macbook-air-13-2022-shifter-de\/#breadcrumb"},"inLanguage":"en-GB","potentialAction":[{"@type":"ReadAction","target":["https:\/\/product-guide.org\/produkt\/apple-macbook-air-13-2022-shifter-de\/"]}]},{"@type":"ImageObject","inLanguage":"en-GB","@id":"https:\/\/product-guide.org\/produkt\/apple-macbook-air-13-2022-shifter-de\/#primaryimage","url":"https:\/\/product-guide.org\/wp-content\/uploads\/2025\/03\/Artikel_1010090_134ZbygJlHpCWk.jpg","contentUrl":"https:\/\/product-guide.org\/wp-content\/uploads\/2025\/03\/Artikel_1010090_134ZbygJlHpCWk.jpg","width":1000,"height":1000},{"@type":"BreadcrumbList","@id":"https:\/\/product-guide.org\/produkt\/apple-macbook-air-13-2022-shifter-de\/#breadcrumb","itemListElement":[{"@type":"ListItem","position":1,"name":"Home","item":"https:\/\/product-guide.org\/"},{"@type":"ListItem","position":2,"name":"Ergebnisse","item":"https:\/\/product-guide.org\/de\/ergebnisse\/"},{"@type":"ListItem","position":3,"name":"Apple MacBook Air 13&#8243; (2022) | shifter DE"}]},{"@type":"WebSite","@id":"https:\/\/product-guide.org\/#website","url":"https:\/\/product-guide.org\/","name":"Product-Guide.org","description":"What Product are you looking for?","publisher":{"@id":"https:\/\/product-guide.org\/#organization"},"potentialAction":[{"@type":"SearchAction","target":{"@type":"EntryPoint","urlTemplate":"https:\/\/product-guide.org\/?s={search_term_string}"},"query-input":{"@type":"PropertyValueSpecification","valueRequired":true,"valueName":"search_term_string"}}],"inLanguage":"en-GB"},{"@type":"Organization","@id":"https:\/\/product-guide.org\/#organization","name":"Product-Guide.org","url":"https:\/\/product-guide.org\/","logo":{"@type":"ImageObject","inLanguage":"en-GB","@id":"https:\/\/product-guide.org\/#\/schema\/logo\/image\/","url":"https:\/\/product-guide.org\/wp-content\/uploads\/2022\/07\/logo_transparent_background.png","contentUrl":"https:\/\/product-guide.org\/wp-content\/uploads\/2022\/07\/logo_transparent_background.png","width":3400,"height":1132,"caption":"Product-Guide.org"},"image":{"@id":"https:\/\/product-guide.org\/#\/schema\/logo\/image\/"}}]}},"_links":{"self":[{"href":"https:\/\/product-guide.org\/en\/wp-json\/wp\/v2\/product\/50629","targetHints":{"allow":["GET"]}}],"collection":[{"href":"https:\/\/product-guide.org\/en\/wp-json\/wp\/v2\/product"}],"about":[{"href":"https:\/\/product-guide.org\/en\/wp-json\/wp\/v2\/types\/product"}],"wp:featuredmedia":[{"embeddable":true,"href":"https:\/\/product-guide.org\/en\/wp-json\/wp\/v2\/media\/50628"}],"wp:attachment":[{"href":"https:\/\/product-guide.org\/en\/wp-json\/wp\/v2\/media?parent=50629"}],"wp:term":[{"taxonomy":"store","embeddable":true,"href":"https:\/\/product-guide.org\/en\/wp-json\/wp\/v2\/store?post=50629"},{"taxonomy":"product_brand","embeddable":true,"href":"https:\/\/product-guide.org\/en\/wp-json\/wp\/v2\/product_brand?post=50629"},{"taxonomy":"product_cat","embeddable":true,"href":"https:\/\/product-guide.org\/en\/wp-json\/wp\/v2\/product_cat?post=50629"},{"taxonomy":"product_tag","embeddable":true,"href":"https:\/\/product-guide.org\/en\/wp-json\/wp\/v2\/product_tag?post=50629"}],"curies":[{"name":"wp","href":"https:\/\/api.w.org\/{rel}","templated":true}]}}