{"id":50645,"date":"2025-03-17T10:59:37","date_gmt":"2025-03-17T09:59:37","guid":{"rendered":"https:\/\/product-guide.org\/produkt\/belkin-soundform-bolt-shifter-de\/"},"modified":"2025-03-17T10:59:37","modified_gmt":"2025-03-17T09:59:37","slug":"belkin-soundform-bolt-shifter-de","status":"publish","type":"product","link":"https:\/\/product-guide.org\/en\/produkt\/belkin-soundform-bolt-shifter-de\/","title":{"rendered":"Belkin SoundForm Bolt | shifter DE"},"content":{"rendered":"<p>Der bequeme kabellose In-Ear-Kopfh\u00f6rer bietet einen hervorragenden Klang und eine Akkulaufzeit f\u00fcr einen ganzen Tag. Er l\u00e4sst sich einfach koppeln und ist spritzwassergesch\u00fctzt. Deshalb eignet er sich perfekt f\u00fcr die Nutzung im Alltag. Hi-Fi-Sound und erstklassige Funktionen Sie k\u00f6nnen l\u00e4nger Musik h\u00f6ren \u2013 bis zu 28 Stunden \u2013 und nahtlos eine Verbindung mit Ger\u00e4ten mit Bluetooth 5.2-Technologie herstellen und zwischen diesen umschalten. Dynamische 6-mm-Treiber liefern konstant einwandfreien, klaren Sound. Da die Ohrst\u00f6psel ergonomisch geformt sind, sitzen sie auch bei langem Gebrauch bequem. Materialien, die der Schutzart IPX4 entsprechen, eignen sich auch zur Verwendung bei Regen, oder wenn Sie beim Training schwitzen. Der Mono-Modus erm\u00f6glicht die getrennte Nutzung beider Ohrh\u00f6rer, sodass die Akkulaufzeit verl\u00e4ngert werden kann und Sie auf Umgebungsger\u00e4usche achten k\u00f6nnen. Lange Akkulaufzeit Die Akkulaufzeit betr\u00e4gt bis zu 28 Stunden \u2013 nach dem Aufladen 9 Stunden Wiedergabe \u00fcber den Kopfh\u00f6rer und weitere 19 Stunden \u00fcber das Ladecase. Der Mono-Modus erm\u00f6glicht die getrennte Nutzung beider Ohrh\u00f6rer, sodass die Akkulaufzeit verl\u00e4ngert werden kann und Sie auf Umgebungsger\u00e4usche achten k\u00f6nnen. Schnelle Kopplung Der zuverl\u00e4ssige Bluetooth 5.2-Chipsatz erm\u00f6glicht eine leichte Verbindung und Kopplung in einem Abstand von bis zu 10 Metern. Sie brauchen sich also nur noch Gedanken dar\u00fcber zu machen, was Sie zuerst h\u00f6ren m\u00f6chten. Gro\u00dfartiger Klang f\u00fcr jeden Tag Dynamische 6-mm-Treiber sorgen best\u00e4ndig f\u00fcr eine reibungslose, klare Audiowiedergabe beim t\u00e4glichen Gebrauch, sodass Sie Ihre Lieblings-Playlists mit perfektem Sound genie\u00dfen k\u00f6nnen. Bequemer Sitz Der leichte, ergonomische Kopfh\u00f6rer ist bequem und sitzt wie angegossen in Ihren Ohren. Sie k\u00f6nnen damit stundenlang telefonieren und Playlists abspielen. Zur Bedienung einfach antippen Die Bedienung ohne Tasten und Kabel erfolgt \u00fcber Touch-Bedienelemente auf beiden Ohrh\u00f6rern, die eine einfache Anpassung der Lautst\u00e4rke, das \u00dcberspringen von Titeln und die Annahme und Beendigung von Telefonaten erm\u00f6glichen. Spritzwasserschutz? Kein Problem! Auch bei leichtem Regen oder einem anstrengenden Training wird Ihre Verbindung nicht unterbrochen. Unsere kabellosen In-Ear-Kopfh\u00f6rer entsprechen der Schutzart IPX4. Das bedeutet, dass sie schwei\u00df- und spritzwasserfest sind und den Herausforderungen des Alltags standhalten. Hinweis: Da es sich bei diesem Artikel um einen Hygieneartikel handelt, sind diese nach dem \u00d6ffnen der Umverpackung vom Umtausch ausgeschlossen.<\/p>\n","protected":false},"excerpt":{"rendered":"<p>Der bequeme kabellose In-Ear-Kopfh\u00f6rer bietet einen hervorragenden Klang und eine Akkulaufzeit f\u00fcr einen ganzen Tag. Er l\u00e4sst sich einfach koppeln und ist spritzwassergesch\u00fctzt. Deshalb eignet er sich perfekt f\u00fcr die Nutzung im Alltag. Hi-Fi-Sound und erstklassige Funktionen Sie k\u00f6nnen l\u00e4nger Musik h\u00f6ren \u2013 bis zu 28 Stunden \u2013 und nahtlos eine Verbindung mit Ger\u00e4ten mit [&hellip;]<\/p>\n","protected":false},"featured_media":50644,"template":"","meta":{"_gspb_post_css":""},"store":[],"product_brand":[1380],"product_cat":[1290],"product_tag":[],"class_list":{"0":"post-50645","1":"product","2":"type-product","3":"status-publish","4":"has-post-thumbnail","6":"product_brand-shifter-de","7":"product_cat-uncategorized","9":"first","10":"instock","11":"shipping-taxable","12":"purchasable","13":"product-type-simple"},"yoast_head":"<!-- This site is optimized with the Yoast SEO plugin v24.6 - https:\/\/yoast.com\/wordpress\/plugins\/seo\/ -->\n<title>Belkin SoundForm Bolt | shifter DE | Product-Guide.org<\/title>\n<meta name=\"description\" content=\"Belkin SoundForm Bolt | shifter DE gefunden von Product-Guide.org\" \/>\n<meta name=\"robots\" content=\"index, follow, max-snippet:-1, max-image-preview:large, max-video-preview:-1\" \/>\n<link rel=\"canonical\" href=\"https:\/\/product-guide.org\/en\/produkt\/belkin-soundform-bolt-shifter-de\/\" \/>\n<meta property=\"og:locale\" content=\"en_GB\" \/>\n<meta property=\"og:type\" content=\"article\" \/>\n<meta property=\"og:title\" content=\"Belkin SoundForm Bolt | shifter DE | Product-Guide.org\" \/>\n<meta property=\"og:description\" content=\"Belkin SoundForm Bolt | shifter DE gefunden von Product-Guide.org\" \/>\n<meta property=\"og:url\" content=\"https:\/\/product-guide.org\/en\/produkt\/belkin-soundform-bolt-shifter-de\/\" \/>\n<meta property=\"og:site_name\" content=\"Product-Guide.org\" \/>\n<meta name=\"twitter:card\" content=\"summary_large_image\" \/>\n<script type=\"application\/ld+json\" class=\"yoast-schema-graph\">{\"@context\":\"https:\/\/schema.org\",\"@graph\":[{\"@type\":\"WebPage\",\"@id\":\"https:\/\/product-guide.org\/produkt\/belkin-soundform-bolt-shifter-de\/\",\"url\":\"https:\/\/product-guide.org\/produkt\/belkin-soundform-bolt-shifter-de\/\",\"name\":\"Belkin SoundForm Bolt | shifter DE | Product-Guide.org\",\"isPartOf\":{\"@id\":\"https:\/\/product-guide.org\/#website\"},\"primaryImageOfPage\":{\"@id\":\"https:\/\/product-guide.org\/produkt\/belkin-soundform-bolt-shifter-de\/#primaryimage\"},\"image\":{\"@id\":\"https:\/\/product-guide.org\/produkt\/belkin-soundform-bolt-shifter-de\/#primaryimage\"},\"thumbnailUrl\":\"https:\/\/product-guide.org\/wp-content\/uploads\/2025\/03\/Artikel_1031194_3.jpg\",\"datePublished\":\"2025-03-17T09:59:37+00:00\",\"description\":\"Belkin SoundForm Bolt | shifter DE gefunden von Product-Guide.org\",\"breadcrumb\":{\"@id\":\"https:\/\/product-guide.org\/produkt\/belkin-soundform-bolt-shifter-de\/#breadcrumb\"},\"inLanguage\":\"en-GB\",\"potentialAction\":[{\"@type\":\"ReadAction\",\"target\":[\"https:\/\/product-guide.org\/produkt\/belkin-soundform-bolt-shifter-de\/\"]}]},{\"@type\":\"ImageObject\",\"inLanguage\":\"en-GB\",\"@id\":\"https:\/\/product-guide.org\/produkt\/belkin-soundform-bolt-shifter-de\/#primaryimage\",\"url\":\"https:\/\/product-guide.org\/wp-content\/uploads\/2025\/03\/Artikel_1031194_3.jpg\",\"contentUrl\":\"https:\/\/product-guide.org\/wp-content\/uploads\/2025\/03\/Artikel_1031194_3.jpg\",\"width\":2400,\"height\":1800},{\"@type\":\"BreadcrumbList\",\"@id\":\"https:\/\/product-guide.org\/produkt\/belkin-soundform-bolt-shifter-de\/#breadcrumb\",\"itemListElement\":[{\"@type\":\"ListItem\",\"position\":1,\"name\":\"Home\",\"item\":\"https:\/\/product-guide.org\/\"},{\"@type\":\"ListItem\",\"position\":2,\"name\":\"Ergebnisse\",\"item\":\"https:\/\/product-guide.org\/de\/ergebnisse\/\"},{\"@type\":\"ListItem\",\"position\":3,\"name\":\"Belkin SoundForm Bolt | shifter DE\"}]},{\"@type\":\"WebSite\",\"@id\":\"https:\/\/product-guide.org\/#website\",\"url\":\"https:\/\/product-guide.org\/\",\"name\":\"Product-Guide.org\",\"description\":\"What Product are you looking for?\",\"publisher\":{\"@id\":\"https:\/\/product-guide.org\/#organization\"},\"potentialAction\":[{\"@type\":\"SearchAction\",\"target\":{\"@type\":\"EntryPoint\",\"urlTemplate\":\"https:\/\/product-guide.org\/?s={search_term_string}\"},\"query-input\":{\"@type\":\"PropertyValueSpecification\",\"valueRequired\":true,\"valueName\":\"search_term_string\"}}],\"inLanguage\":\"en-GB\"},{\"@type\":\"Organization\",\"@id\":\"https:\/\/product-guide.org\/#organization\",\"name\":\"Product-Guide.org\",\"url\":\"https:\/\/product-guide.org\/\",\"logo\":{\"@type\":\"ImageObject\",\"inLanguage\":\"en-GB\",\"@id\":\"https:\/\/product-guide.org\/#\/schema\/logo\/image\/\",\"url\":\"https:\/\/product-guide.org\/wp-content\/uploads\/2022\/07\/logo_transparent_background.png\",\"contentUrl\":\"https:\/\/product-guide.org\/wp-content\/uploads\/2022\/07\/logo_transparent_background.png\",\"width\":3400,\"height\":1132,\"caption\":\"Product-Guide.org\"},\"image\":{\"@id\":\"https:\/\/product-guide.org\/#\/schema\/logo\/image\/\"}}]}<\/script>\n<!-- \/ Yoast SEO plugin. -->","yoast_head_json":{"title":"Belkin SoundForm Bolt | shifter DE | Product-Guide.org","description":"Belkin SoundForm Bolt | shifter DE gefunden von Product-Guide.org","robots":{"index":"index","follow":"follow","max-snippet":"max-snippet:-1","max-image-preview":"max-image-preview:large","max-video-preview":"max-video-preview:-1"},"canonical":"https:\/\/product-guide.org\/en\/produkt\/belkin-soundform-bolt-shifter-de\/","og_locale":"en_GB","og_type":"article","og_title":"Belkin SoundForm Bolt | shifter DE | Product-Guide.org","og_description":"Belkin SoundForm Bolt | shifter DE gefunden von Product-Guide.org","og_url":"https:\/\/product-guide.org\/en\/produkt\/belkin-soundform-bolt-shifter-de\/","og_site_name":"Product-Guide.org","twitter_card":"summary_large_image","schema":{"@context":"https:\/\/schema.org","@graph":[{"@type":"WebPage","@id":"https:\/\/product-guide.org\/produkt\/belkin-soundform-bolt-shifter-de\/","url":"https:\/\/product-guide.org\/produkt\/belkin-soundform-bolt-shifter-de\/","name":"Belkin SoundForm Bolt | shifter DE | Product-Guide.org","isPartOf":{"@id":"https:\/\/product-guide.org\/#website"},"primaryImageOfPage":{"@id":"https:\/\/product-guide.org\/produkt\/belkin-soundform-bolt-shifter-de\/#primaryimage"},"image":{"@id":"https:\/\/product-guide.org\/produkt\/belkin-soundform-bolt-shifter-de\/#primaryimage"},"thumbnailUrl":"https:\/\/product-guide.org\/wp-content\/uploads\/2025\/03\/Artikel_1031194_3.jpg","datePublished":"2025-03-17T09:59:37+00:00","description":"Belkin SoundForm Bolt | shifter DE gefunden von Product-Guide.org","breadcrumb":{"@id":"https:\/\/product-guide.org\/produkt\/belkin-soundform-bolt-shifter-de\/#breadcrumb"},"inLanguage":"en-GB","potentialAction":[{"@type":"ReadAction","target":["https:\/\/product-guide.org\/produkt\/belkin-soundform-bolt-shifter-de\/"]}]},{"@type":"ImageObject","inLanguage":"en-GB","@id":"https:\/\/product-guide.org\/produkt\/belkin-soundform-bolt-shifter-de\/#primaryimage","url":"https:\/\/product-guide.org\/wp-content\/uploads\/2025\/03\/Artikel_1031194_3.jpg","contentUrl":"https:\/\/product-guide.org\/wp-content\/uploads\/2025\/03\/Artikel_1031194_3.jpg","width":2400,"height":1800},{"@type":"BreadcrumbList","@id":"https:\/\/product-guide.org\/produkt\/belkin-soundform-bolt-shifter-de\/#breadcrumb","itemListElement":[{"@type":"ListItem","position":1,"name":"Home","item":"https:\/\/product-guide.org\/"},{"@type":"ListItem","position":2,"name":"Ergebnisse","item":"https:\/\/product-guide.org\/de\/ergebnisse\/"},{"@type":"ListItem","position":3,"name":"Belkin SoundForm Bolt | shifter DE"}]},{"@type":"WebSite","@id":"https:\/\/product-guide.org\/#website","url":"https:\/\/product-guide.org\/","name":"Product-Guide.org","description":"What Product are you looking for?","publisher":{"@id":"https:\/\/product-guide.org\/#organization"},"potentialAction":[{"@type":"SearchAction","target":{"@type":"EntryPoint","urlTemplate":"https:\/\/product-guide.org\/?s={search_term_string}"},"query-input":{"@type":"PropertyValueSpecification","valueRequired":true,"valueName":"search_term_string"}}],"inLanguage":"en-GB"},{"@type":"Organization","@id":"https:\/\/product-guide.org\/#organization","name":"Product-Guide.org","url":"https:\/\/product-guide.org\/","logo":{"@type":"ImageObject","inLanguage":"en-GB","@id":"https:\/\/product-guide.org\/#\/schema\/logo\/image\/","url":"https:\/\/product-guide.org\/wp-content\/uploads\/2022\/07\/logo_transparent_background.png","contentUrl":"https:\/\/product-guide.org\/wp-content\/uploads\/2022\/07\/logo_transparent_background.png","width":3400,"height":1132,"caption":"Product-Guide.org"},"image":{"@id":"https:\/\/product-guide.org\/#\/schema\/logo\/image\/"}}]}},"_links":{"self":[{"href":"https:\/\/product-guide.org\/en\/wp-json\/wp\/v2\/product\/50645","targetHints":{"allow":["GET"]}}],"collection":[{"href":"https:\/\/product-guide.org\/en\/wp-json\/wp\/v2\/product"}],"about":[{"href":"https:\/\/product-guide.org\/en\/wp-json\/wp\/v2\/types\/product"}],"wp:featuredmedia":[{"embeddable":true,"href":"https:\/\/product-guide.org\/en\/wp-json\/wp\/v2\/media\/50644"}],"wp:attachment":[{"href":"https:\/\/product-guide.org\/en\/wp-json\/wp\/v2\/media?parent=50645"}],"wp:term":[{"taxonomy":"store","embeddable":true,"href":"https:\/\/product-guide.org\/en\/wp-json\/wp\/v2\/store?post=50645"},{"taxonomy":"product_brand","embeddable":true,"href":"https:\/\/product-guide.org\/en\/wp-json\/wp\/v2\/product_brand?post=50645"},{"taxonomy":"product_cat","embeddable":true,"href":"https:\/\/product-guide.org\/en\/wp-json\/wp\/v2\/product_cat?post=50645"},{"taxonomy":"product_tag","embeddable":true,"href":"https:\/\/product-guide.org\/en\/wp-json\/wp\/v2\/product_tag?post=50645"}],"curies":[{"name":"wp","href":"https:\/\/api.w.org\/{rel}","templated":true}]}}