{"id":50690,"date":"2025-03-17T11:00:25","date_gmt":"2025-03-17T10:00:25","guid":{"rendered":"https:\/\/product-guide.org\/produkt\/apple-pencil-2-generation-zustand-sehr-gut-shifter-de\/"},"modified":"2025-03-17T11:00:25","modified_gmt":"2025-03-17T10:00:25","slug":"apple-pencil-2-generation-zustand-sehr-gut-shifter-de","status":"publish","type":"product","link":"https:\/\/product-guide.org\/en\/produkt\/apple-pencil-2-generation-zustand-sehr-gut-shifter-de\/","title":{"rendered":"Apple Pencil (2. Generation) \u2013 Zustand: sehr gut | shifter DE"},"content":{"rendered":"<p>Der Apple Pencil (2. Generation) liefert pixelgenaue Pr\u00e4zision und eine branchenf\u00fchrende niedrige Latenz. Damit ist er ideal zum Zeichnen, Skizzieren, Ausmalen, Notizen machen, PDFs kommentieren und mehr. Und er l\u00e4sst sich genauso einfach und nat\u00fcrlich benutzen wie ein normaler Stift. Durch die intuitive Touch Oberfl\u00e4che, die Doppeltippen unterst\u00fctzt, kannst du mit dem Apple Pencil (2. Generation) au\u00dferdem Werkzeuge wechseln, ohne ihn abzusetzen. Er wurde f\u00fcr das iPad Pro 11 &#8221; (ab Gen. 1), iPad Pro 12.9&#8243; (ab Gen. 3) , iPad Air (ab Gen. 4) und iPad mini (ab Gen. 6) entwickelt und hat eine flache Seite, die magnetisch am Ger\u00e4t haftet und so automatisches Laden und Koppeln erm\u00f6glicht.<\/p>\n","protected":false},"excerpt":{"rendered":"<p>Der Apple Pencil (2. Generation) liefert pixelgenaue Pr\u00e4zision und eine branchenf\u00fchrende niedrige Latenz. Damit ist er ideal zum Zeichnen, Skizzieren, Ausmalen, Notizen machen, PDFs kommentieren und mehr. Und er l\u00e4sst sich genauso einfach und nat\u00fcrlich benutzen wie ein normaler Stift. Durch die intuitive Touch Oberfl\u00e4che, die Doppeltippen unterst\u00fctzt, kannst du mit dem Apple Pencil (2. [&hellip;]<\/p>\n","protected":false},"featured_media":50689,"template":"","meta":{"_gspb_post_css":""},"store":[],"product_brand":[1380],"product_cat":[1290],"product_tag":[],"class_list":{"0":"post-50690","1":"product","2":"type-product","3":"status-publish","4":"has-post-thumbnail","6":"product_brand-shifter-de","7":"product_cat-uncategorized","9":"first","10":"instock","11":"shipping-taxable","12":"purchasable","13":"product-type-simple"},"yoast_head":"<!-- This site is optimized with the Yoast SEO plugin v24.6 - https:\/\/yoast.com\/wordpress\/plugins\/seo\/ -->\n<title>Apple Pencil (2. Generation) \u2013 Zustand: sehr gut | shifter DE | Product-Guide.org<\/title>\n<meta name=\"description\" content=\"Apple Pencil (2. Generation) \u2013 Zustand: sehr gut | shifter DE gefunden von Product-Guide.org\" \/>\n<meta name=\"robots\" content=\"index, follow, max-snippet:-1, max-image-preview:large, max-video-preview:-1\" \/>\n<link rel=\"canonical\" href=\"https:\/\/product-guide.org\/en\/produkt\/apple-pencil-2-generation-zustand-sehr-gut-shifter-de\/\" \/>\n<meta property=\"og:locale\" content=\"en_GB\" \/>\n<meta property=\"og:type\" content=\"article\" \/>\n<meta property=\"og:title\" content=\"Apple Pencil (2. Generation) \u2013 Zustand: sehr gut | shifter DE | Product-Guide.org\" \/>\n<meta property=\"og:description\" content=\"Apple Pencil (2. Generation) \u2013 Zustand: sehr gut | shifter DE gefunden von Product-Guide.org\" \/>\n<meta property=\"og:url\" content=\"https:\/\/product-guide.org\/en\/produkt\/apple-pencil-2-generation-zustand-sehr-gut-shifter-de\/\" \/>\n<meta property=\"og:site_name\" content=\"Product-Guide.org\" \/>\n<meta name=\"twitter:card\" content=\"summary_large_image\" \/>\n<script type=\"application\/ld+json\" class=\"yoast-schema-graph\">{\"@context\":\"https:\/\/schema.org\",\"@graph\":[{\"@type\":\"WebPage\",\"@id\":\"https:\/\/product-guide.org\/produkt\/apple-pencil-2-generation-zustand-sehr-gut-shifter-de\/\",\"url\":\"https:\/\/product-guide.org\/produkt\/apple-pencil-2-generation-zustand-sehr-gut-shifter-de\/\",\"name\":\"Apple Pencil (2. Generation) \u2013 Zustand: sehr gut | shifter DE | Product-Guide.org\",\"isPartOf\":{\"@id\":\"https:\/\/product-guide.org\/#website\"},\"primaryImageOfPage\":{\"@id\":\"https:\/\/product-guide.org\/produkt\/apple-pencil-2-generation-zustand-sehr-gut-shifter-de\/#primaryimage\"},\"image\":{\"@id\":\"https:\/\/product-guide.org\/produkt\/apple-pencil-2-generation-zustand-sehr-gut-shifter-de\/#primaryimage\"},\"thumbnailUrl\":\"https:\/\/product-guide.org\/wp-content\/uploads\/2025\/03\/Artikel_700089_1HmhyotZ1Ifo6F.jpg\",\"datePublished\":\"2025-03-17T10:00:25+00:00\",\"description\":\"Apple Pencil (2. Generation) \u2013 Zustand: sehr gut | shifter DE gefunden von Product-Guide.org\",\"breadcrumb\":{\"@id\":\"https:\/\/product-guide.org\/produkt\/apple-pencil-2-generation-zustand-sehr-gut-shifter-de\/#breadcrumb\"},\"inLanguage\":\"en-GB\",\"potentialAction\":[{\"@type\":\"ReadAction\",\"target\":[\"https:\/\/product-guide.org\/produkt\/apple-pencil-2-generation-zustand-sehr-gut-shifter-de\/\"]}]},{\"@type\":\"ImageObject\",\"inLanguage\":\"en-GB\",\"@id\":\"https:\/\/product-guide.org\/produkt\/apple-pencil-2-generation-zustand-sehr-gut-shifter-de\/#primaryimage\",\"url\":\"https:\/\/product-guide.org\/wp-content\/uploads\/2025\/03\/Artikel_700089_1HmhyotZ1Ifo6F.jpg\",\"contentUrl\":\"https:\/\/product-guide.org\/wp-content\/uploads\/2025\/03\/Artikel_700089_1HmhyotZ1Ifo6F.jpg\",\"width\":2400,\"height\":1800},{\"@type\":\"BreadcrumbList\",\"@id\":\"https:\/\/product-guide.org\/produkt\/apple-pencil-2-generation-zustand-sehr-gut-shifter-de\/#breadcrumb\",\"itemListElement\":[{\"@type\":\"ListItem\",\"position\":1,\"name\":\"Home\",\"item\":\"https:\/\/product-guide.org\/\"},{\"@type\":\"ListItem\",\"position\":2,\"name\":\"Ergebnisse\",\"item\":\"https:\/\/product-guide.org\/de\/ergebnisse\/\"},{\"@type\":\"ListItem\",\"position\":3,\"name\":\"Apple Pencil (2. Generation) \u2013 Zustand: sehr gut | shifter DE\"}]},{\"@type\":\"WebSite\",\"@id\":\"https:\/\/product-guide.org\/#website\",\"url\":\"https:\/\/product-guide.org\/\",\"name\":\"Product-Guide.org\",\"description\":\"What Product are you looking for?\",\"publisher\":{\"@id\":\"https:\/\/product-guide.org\/#organization\"},\"potentialAction\":[{\"@type\":\"SearchAction\",\"target\":{\"@type\":\"EntryPoint\",\"urlTemplate\":\"https:\/\/product-guide.org\/?s={search_term_string}\"},\"query-input\":{\"@type\":\"PropertyValueSpecification\",\"valueRequired\":true,\"valueName\":\"search_term_string\"}}],\"inLanguage\":\"en-GB\"},{\"@type\":\"Organization\",\"@id\":\"https:\/\/product-guide.org\/#organization\",\"name\":\"Product-Guide.org\",\"url\":\"https:\/\/product-guide.org\/\",\"logo\":{\"@type\":\"ImageObject\",\"inLanguage\":\"en-GB\",\"@id\":\"https:\/\/product-guide.org\/#\/schema\/logo\/image\/\",\"url\":\"https:\/\/product-guide.org\/wp-content\/uploads\/2022\/07\/logo_transparent_background.png\",\"contentUrl\":\"https:\/\/product-guide.org\/wp-content\/uploads\/2022\/07\/logo_transparent_background.png\",\"width\":3400,\"height\":1132,\"caption\":\"Product-Guide.org\"},\"image\":{\"@id\":\"https:\/\/product-guide.org\/#\/schema\/logo\/image\/\"}}]}<\/script>\n<!-- \/ Yoast SEO plugin. -->","yoast_head_json":{"title":"Apple Pencil (2. Generation) \u2013 Zustand: sehr gut | shifter DE | Product-Guide.org","description":"Apple Pencil (2. Generation) \u2013 Zustand: sehr gut | shifter DE gefunden von Product-Guide.org","robots":{"index":"index","follow":"follow","max-snippet":"max-snippet:-1","max-image-preview":"max-image-preview:large","max-video-preview":"max-video-preview:-1"},"canonical":"https:\/\/product-guide.org\/en\/produkt\/apple-pencil-2-generation-zustand-sehr-gut-shifter-de\/","og_locale":"en_GB","og_type":"article","og_title":"Apple Pencil (2. Generation) \u2013 Zustand: sehr gut | shifter DE | Product-Guide.org","og_description":"Apple Pencil (2. Generation) \u2013 Zustand: sehr gut | shifter DE gefunden von Product-Guide.org","og_url":"https:\/\/product-guide.org\/en\/produkt\/apple-pencil-2-generation-zustand-sehr-gut-shifter-de\/","og_site_name":"Product-Guide.org","twitter_card":"summary_large_image","schema":{"@context":"https:\/\/schema.org","@graph":[{"@type":"WebPage","@id":"https:\/\/product-guide.org\/produkt\/apple-pencil-2-generation-zustand-sehr-gut-shifter-de\/","url":"https:\/\/product-guide.org\/produkt\/apple-pencil-2-generation-zustand-sehr-gut-shifter-de\/","name":"Apple Pencil (2. Generation) \u2013 Zustand: sehr gut | shifter DE | Product-Guide.org","isPartOf":{"@id":"https:\/\/product-guide.org\/#website"},"primaryImageOfPage":{"@id":"https:\/\/product-guide.org\/produkt\/apple-pencil-2-generation-zustand-sehr-gut-shifter-de\/#primaryimage"},"image":{"@id":"https:\/\/product-guide.org\/produkt\/apple-pencil-2-generation-zustand-sehr-gut-shifter-de\/#primaryimage"},"thumbnailUrl":"https:\/\/product-guide.org\/wp-content\/uploads\/2025\/03\/Artikel_700089_1HmhyotZ1Ifo6F.jpg","datePublished":"2025-03-17T10:00:25+00:00","description":"Apple Pencil (2. Generation) \u2013 Zustand: sehr gut | shifter DE gefunden von Product-Guide.org","breadcrumb":{"@id":"https:\/\/product-guide.org\/produkt\/apple-pencil-2-generation-zustand-sehr-gut-shifter-de\/#breadcrumb"},"inLanguage":"en-GB","potentialAction":[{"@type":"ReadAction","target":["https:\/\/product-guide.org\/produkt\/apple-pencil-2-generation-zustand-sehr-gut-shifter-de\/"]}]},{"@type":"ImageObject","inLanguage":"en-GB","@id":"https:\/\/product-guide.org\/produkt\/apple-pencil-2-generation-zustand-sehr-gut-shifter-de\/#primaryimage","url":"https:\/\/product-guide.org\/wp-content\/uploads\/2025\/03\/Artikel_700089_1HmhyotZ1Ifo6F.jpg","contentUrl":"https:\/\/product-guide.org\/wp-content\/uploads\/2025\/03\/Artikel_700089_1HmhyotZ1Ifo6F.jpg","width":2400,"height":1800},{"@type":"BreadcrumbList","@id":"https:\/\/product-guide.org\/produkt\/apple-pencil-2-generation-zustand-sehr-gut-shifter-de\/#breadcrumb","itemListElement":[{"@type":"ListItem","position":1,"name":"Home","item":"https:\/\/product-guide.org\/"},{"@type":"ListItem","position":2,"name":"Ergebnisse","item":"https:\/\/product-guide.org\/de\/ergebnisse\/"},{"@type":"ListItem","position":3,"name":"Apple Pencil (2. Generation) \u2013 Zustand: sehr gut | shifter DE"}]},{"@type":"WebSite","@id":"https:\/\/product-guide.org\/#website","url":"https:\/\/product-guide.org\/","name":"Product-Guide.org","description":"What Product are you looking for?","publisher":{"@id":"https:\/\/product-guide.org\/#organization"},"potentialAction":[{"@type":"SearchAction","target":{"@type":"EntryPoint","urlTemplate":"https:\/\/product-guide.org\/?s={search_term_string}"},"query-input":{"@type":"PropertyValueSpecification","valueRequired":true,"valueName":"search_term_string"}}],"inLanguage":"en-GB"},{"@type":"Organization","@id":"https:\/\/product-guide.org\/#organization","name":"Product-Guide.org","url":"https:\/\/product-guide.org\/","logo":{"@type":"ImageObject","inLanguage":"en-GB","@id":"https:\/\/product-guide.org\/#\/schema\/logo\/image\/","url":"https:\/\/product-guide.org\/wp-content\/uploads\/2022\/07\/logo_transparent_background.png","contentUrl":"https:\/\/product-guide.org\/wp-content\/uploads\/2022\/07\/logo_transparent_background.png","width":3400,"height":1132,"caption":"Product-Guide.org"},"image":{"@id":"https:\/\/product-guide.org\/#\/schema\/logo\/image\/"}}]}},"_links":{"self":[{"href":"https:\/\/product-guide.org\/en\/wp-json\/wp\/v2\/product\/50690","targetHints":{"allow":["GET"]}}],"collection":[{"href":"https:\/\/product-guide.org\/en\/wp-json\/wp\/v2\/product"}],"about":[{"href":"https:\/\/product-guide.org\/en\/wp-json\/wp\/v2\/types\/product"}],"wp:featuredmedia":[{"embeddable":true,"href":"https:\/\/product-guide.org\/en\/wp-json\/wp\/v2\/media\/50689"}],"wp:attachment":[{"href":"https:\/\/product-guide.org\/en\/wp-json\/wp\/v2\/media?parent=50690"}],"wp:term":[{"taxonomy":"store","embeddable":true,"href":"https:\/\/product-guide.org\/en\/wp-json\/wp\/v2\/store?post=50690"},{"taxonomy":"product_brand","embeddable":true,"href":"https:\/\/product-guide.org\/en\/wp-json\/wp\/v2\/product_brand?post=50690"},{"taxonomy":"product_cat","embeddable":true,"href":"https:\/\/product-guide.org\/en\/wp-json\/wp\/v2\/product_cat?post=50690"},{"taxonomy":"product_tag","embeddable":true,"href":"https:\/\/product-guide.org\/en\/wp-json\/wp\/v2\/product_tag?post=50690"}],"curies":[{"name":"wp","href":"https:\/\/api.w.org\/{rel}","templated":true}]}}