{"id":50734,"date":"2025-03-17T11:01:42","date_gmt":"2025-03-17T10:01:42","guid":{"rendered":"https:\/\/product-guide.org\/produkt\/belcanto-lungo-k-fee\/"},"modified":"2025-03-17T11:01:43","modified_gmt":"2025-03-17T10:01:43","slug":"belcanto-lungo-k-fee","status":"publish","type":"product","link":"https:\/\/product-guide.org\/en\/produkt\/belcanto-lungo-k-fee\/","title":{"rendered":"Belcanto Lungo | K-fee"},"content":{"rendered":"<p>Der ESPRESTO Belcanto Lungo \u00fcberzeugt mit leichter s\u00fc\u00dflicher Zitrusfrische und einer malzigen Note. Perfekt ger\u00f6stete Arabica-Bohnen aus drei Kontinenten sorgen f\u00fcr ein ausgewogenes, mildes und genussvolles Kaffeeerlebnis \u2013 ideal f\u00fcr entspannte Momente.<\/p>\n","protected":false},"excerpt":{"rendered":"<p>Der ESPRESTO Belcanto Lungo \u00fcberzeugt mit leichter s\u00fc\u00dflicher Zitrusfrische und einer malzigen Note. Perfekt ger\u00f6stete Arabica-Bohnen aus drei Kontinenten sorgen f\u00fcr ein ausgewogenes, mildes und genussvolles Kaffeeerlebnis \u2013 ideal f\u00fcr entspannte Momente.<\/p>\n","protected":false},"featured_media":50733,"template":"","meta":{"_gspb_post_css":""},"store":[],"product_brand":[1381],"product_cat":[1290],"product_tag":[],"class_list":{"0":"post-50734","1":"product","2":"type-product","3":"status-publish","4":"has-post-thumbnail","6":"product_brand-k-fee-de","7":"product_cat-uncategorized","9":"first","10":"instock","11":"shipping-taxable","12":"purchasable","13":"product-type-simple"},"yoast_head":"<!-- This site is optimized with the Yoast SEO plugin v24.6 - https:\/\/yoast.com\/wordpress\/plugins\/seo\/ -->\n<title>Belcanto Lungo | K-fee | Product-Guide.org<\/title>\n<meta name=\"description\" content=\"Belcanto Lungo | K-fee gefunden von Product-Guide.org\" \/>\n<meta name=\"robots\" content=\"index, follow, max-snippet:-1, max-image-preview:large, max-video-preview:-1\" \/>\n<link rel=\"canonical\" href=\"https:\/\/product-guide.org\/en\/produkt\/belcanto-lungo-k-fee\/\" \/>\n<meta property=\"og:locale\" content=\"en_GB\" \/>\n<meta property=\"og:type\" content=\"article\" \/>\n<meta property=\"og:title\" content=\"Belcanto Lungo | K-fee | Product-Guide.org\" \/>\n<meta property=\"og:description\" content=\"Belcanto Lungo | K-fee gefunden von Product-Guide.org\" \/>\n<meta property=\"og:url\" content=\"https:\/\/product-guide.org\/en\/produkt\/belcanto-lungo-k-fee\/\" \/>\n<meta property=\"og:site_name\" content=\"Product-Guide.org\" \/>\n<meta property=\"article:modified_time\" content=\"2025-03-17T10:01:43+00:00\" \/>\n<meta name=\"twitter:card\" content=\"summary_large_image\" \/>\n<script type=\"application\/ld+json\" class=\"yoast-schema-graph\">{\"@context\":\"https:\/\/schema.org\",\"@graph\":[{\"@type\":\"WebPage\",\"@id\":\"https:\/\/product-guide.org\/produkt\/belcanto-lungo-k-fee\/\",\"url\":\"https:\/\/product-guide.org\/produkt\/belcanto-lungo-k-fee\/\",\"name\":\"Belcanto Lungo | K-fee | Product-Guide.org\",\"isPartOf\":{\"@id\":\"https:\/\/product-guide.org\/#website\"},\"primaryImageOfPage\":{\"@id\":\"https:\/\/product-guide.org\/produkt\/belcanto-lungo-k-fee\/#primaryimage\"},\"image\":{\"@id\":\"https:\/\/product-guide.org\/produkt\/belcanto-lungo-k-fee\/#primaryimage\"},\"thumbnailUrl\":\"https:\/\/product-guide.org\/wp-content\/uploads\/2025\/03\/ESPRESTO_BelcantoLungo_Package_16_Frontal.png\",\"datePublished\":\"2025-03-17T10:01:42+00:00\",\"dateModified\":\"2025-03-17T10:01:43+00:00\",\"description\":\"Belcanto Lungo | K-fee gefunden von Product-Guide.org\",\"breadcrumb\":{\"@id\":\"https:\/\/product-guide.org\/produkt\/belcanto-lungo-k-fee\/#breadcrumb\"},\"inLanguage\":\"en-GB\",\"potentialAction\":[{\"@type\":\"ReadAction\",\"target\":[\"https:\/\/product-guide.org\/produkt\/belcanto-lungo-k-fee\/\"]}]},{\"@type\":\"ImageObject\",\"inLanguage\":\"en-GB\",\"@id\":\"https:\/\/product-guide.org\/produkt\/belcanto-lungo-k-fee\/#primaryimage\",\"url\":\"https:\/\/product-guide.org\/wp-content\/uploads\/2025\/03\/ESPRESTO_BelcantoLungo_Package_16_Frontal.png\",\"contentUrl\":\"https:\/\/product-guide.org\/wp-content\/uploads\/2025\/03\/ESPRESTO_BelcantoLungo_Package_16_Frontal.png\",\"width\":1298,\"height\":1298},{\"@type\":\"BreadcrumbList\",\"@id\":\"https:\/\/product-guide.org\/produkt\/belcanto-lungo-k-fee\/#breadcrumb\",\"itemListElement\":[{\"@type\":\"ListItem\",\"position\":1,\"name\":\"Home\",\"item\":\"https:\/\/product-guide.org\/\"},{\"@type\":\"ListItem\",\"position\":2,\"name\":\"Ergebnisse\",\"item\":\"https:\/\/product-guide.org\/de\/ergebnisse\/\"},{\"@type\":\"ListItem\",\"position\":3,\"name\":\"Belcanto Lungo | K-fee\"}]},{\"@type\":\"WebSite\",\"@id\":\"https:\/\/product-guide.org\/#website\",\"url\":\"https:\/\/product-guide.org\/\",\"name\":\"Product-Guide.org\",\"description\":\"What Product are you looking for?\",\"publisher\":{\"@id\":\"https:\/\/product-guide.org\/#organization\"},\"potentialAction\":[{\"@type\":\"SearchAction\",\"target\":{\"@type\":\"EntryPoint\",\"urlTemplate\":\"https:\/\/product-guide.org\/?s={search_term_string}\"},\"query-input\":{\"@type\":\"PropertyValueSpecification\",\"valueRequired\":true,\"valueName\":\"search_term_string\"}}],\"inLanguage\":\"en-GB\"},{\"@type\":\"Organization\",\"@id\":\"https:\/\/product-guide.org\/#organization\",\"name\":\"Product-Guide.org\",\"url\":\"https:\/\/product-guide.org\/\",\"logo\":{\"@type\":\"ImageObject\",\"inLanguage\":\"en-GB\",\"@id\":\"https:\/\/product-guide.org\/#\/schema\/logo\/image\/\",\"url\":\"https:\/\/product-guide.org\/wp-content\/uploads\/2022\/07\/logo_transparent_background.png\",\"contentUrl\":\"https:\/\/product-guide.org\/wp-content\/uploads\/2022\/07\/logo_transparent_background.png\",\"width\":3400,\"height\":1132,\"caption\":\"Product-Guide.org\"},\"image\":{\"@id\":\"https:\/\/product-guide.org\/#\/schema\/logo\/image\/\"}}]}<\/script>\n<!-- \/ Yoast SEO plugin. -->","yoast_head_json":{"title":"Belcanto Lungo | K-fee | Product-Guide.org","description":"Belcanto Lungo | K-fee gefunden von Product-Guide.org","robots":{"index":"index","follow":"follow","max-snippet":"max-snippet:-1","max-image-preview":"max-image-preview:large","max-video-preview":"max-video-preview:-1"},"canonical":"https:\/\/product-guide.org\/en\/produkt\/belcanto-lungo-k-fee\/","og_locale":"en_GB","og_type":"article","og_title":"Belcanto Lungo | K-fee | Product-Guide.org","og_description":"Belcanto Lungo | K-fee gefunden von Product-Guide.org","og_url":"https:\/\/product-guide.org\/en\/produkt\/belcanto-lungo-k-fee\/","og_site_name":"Product-Guide.org","article_modified_time":"2025-03-17T10:01:43+00:00","twitter_card":"summary_large_image","schema":{"@context":"https:\/\/schema.org","@graph":[{"@type":"WebPage","@id":"https:\/\/product-guide.org\/produkt\/belcanto-lungo-k-fee\/","url":"https:\/\/product-guide.org\/produkt\/belcanto-lungo-k-fee\/","name":"Belcanto Lungo | K-fee | Product-Guide.org","isPartOf":{"@id":"https:\/\/product-guide.org\/#website"},"primaryImageOfPage":{"@id":"https:\/\/product-guide.org\/produkt\/belcanto-lungo-k-fee\/#primaryimage"},"image":{"@id":"https:\/\/product-guide.org\/produkt\/belcanto-lungo-k-fee\/#primaryimage"},"thumbnailUrl":"https:\/\/product-guide.org\/wp-content\/uploads\/2025\/03\/ESPRESTO_BelcantoLungo_Package_16_Frontal.png","datePublished":"2025-03-17T10:01:42+00:00","dateModified":"2025-03-17T10:01:43+00:00","description":"Belcanto Lungo | K-fee gefunden von Product-Guide.org","breadcrumb":{"@id":"https:\/\/product-guide.org\/produkt\/belcanto-lungo-k-fee\/#breadcrumb"},"inLanguage":"en-GB","potentialAction":[{"@type":"ReadAction","target":["https:\/\/product-guide.org\/produkt\/belcanto-lungo-k-fee\/"]}]},{"@type":"ImageObject","inLanguage":"en-GB","@id":"https:\/\/product-guide.org\/produkt\/belcanto-lungo-k-fee\/#primaryimage","url":"https:\/\/product-guide.org\/wp-content\/uploads\/2025\/03\/ESPRESTO_BelcantoLungo_Package_16_Frontal.png","contentUrl":"https:\/\/product-guide.org\/wp-content\/uploads\/2025\/03\/ESPRESTO_BelcantoLungo_Package_16_Frontal.png","width":1298,"height":1298},{"@type":"BreadcrumbList","@id":"https:\/\/product-guide.org\/produkt\/belcanto-lungo-k-fee\/#breadcrumb","itemListElement":[{"@type":"ListItem","position":1,"name":"Home","item":"https:\/\/product-guide.org\/"},{"@type":"ListItem","position":2,"name":"Ergebnisse","item":"https:\/\/product-guide.org\/de\/ergebnisse\/"},{"@type":"ListItem","position":3,"name":"Belcanto Lungo | K-fee"}]},{"@type":"WebSite","@id":"https:\/\/product-guide.org\/#website","url":"https:\/\/product-guide.org\/","name":"Product-Guide.org","description":"What Product are you looking for?","publisher":{"@id":"https:\/\/product-guide.org\/#organization"},"potentialAction":[{"@type":"SearchAction","target":{"@type":"EntryPoint","urlTemplate":"https:\/\/product-guide.org\/?s={search_term_string}"},"query-input":{"@type":"PropertyValueSpecification","valueRequired":true,"valueName":"search_term_string"}}],"inLanguage":"en-GB"},{"@type":"Organization","@id":"https:\/\/product-guide.org\/#organization","name":"Product-Guide.org","url":"https:\/\/product-guide.org\/","logo":{"@type":"ImageObject","inLanguage":"en-GB","@id":"https:\/\/product-guide.org\/#\/schema\/logo\/image\/","url":"https:\/\/product-guide.org\/wp-content\/uploads\/2022\/07\/logo_transparent_background.png","contentUrl":"https:\/\/product-guide.org\/wp-content\/uploads\/2022\/07\/logo_transparent_background.png","width":3400,"height":1132,"caption":"Product-Guide.org"},"image":{"@id":"https:\/\/product-guide.org\/#\/schema\/logo\/image\/"}}]}},"_links":{"self":[{"href":"https:\/\/product-guide.org\/en\/wp-json\/wp\/v2\/product\/50734","targetHints":{"allow":["GET"]}}],"collection":[{"href":"https:\/\/product-guide.org\/en\/wp-json\/wp\/v2\/product"}],"about":[{"href":"https:\/\/product-guide.org\/en\/wp-json\/wp\/v2\/types\/product"}],"wp:featuredmedia":[{"embeddable":true,"href":"https:\/\/product-guide.org\/en\/wp-json\/wp\/v2\/media\/50733"}],"wp:attachment":[{"href":"https:\/\/product-guide.org\/en\/wp-json\/wp\/v2\/media?parent=50734"}],"wp:term":[{"taxonomy":"store","embeddable":true,"href":"https:\/\/product-guide.org\/en\/wp-json\/wp\/v2\/store?post=50734"},{"taxonomy":"product_brand","embeddable":true,"href":"https:\/\/product-guide.org\/en\/wp-json\/wp\/v2\/product_brand?post=50734"},{"taxonomy":"product_cat","embeddable":true,"href":"https:\/\/product-guide.org\/en\/wp-json\/wp\/v2\/product_cat?post=50734"},{"taxonomy":"product_tag","embeddable":true,"href":"https:\/\/product-guide.org\/en\/wp-json\/wp\/v2\/product_tag?post=50734"}],"curies":[{"name":"wp","href":"https:\/\/api.w.org\/{rel}","templated":true}]}}