{"id":50774,"date":"2025-03-17T11:03:15","date_gmt":"2025-03-17T10:03:15","guid":{"rendered":"https:\/\/product-guide.org\/produkt\/caffe-crema-aromatisch-12-packungen-k-fee\/"},"modified":"2025-03-17T11:03:15","modified_gmt":"2025-03-17T10:03:15","slug":"caffe-crema-aromatisch-12-packungen-k-fee","status":"publish","type":"product","link":"https:\/\/product-guide.org\/en\/produkt\/caffe-crema-aromatisch-12-packungen-k-fee\/","title":{"rendered":"Caffe Crema Aromatisch &#8211; 12 Packungen | K-fee"},"content":{"rendered":"<p>Erleben Sie den harmonischen Genuss des Mr &#038; Mrs Mill Caff\u00e8 Crema Aromatisch: 100% Arabica-Bohnen aus Lateinamerika, feine Fruchtnoten, samtige Crema. Perfekt f\u00fcr Caff\u00e8 Crema und Milchkaffee-Spezialit\u00e4ten \u2013 ein Genussmoment f\u00fcr jeden Tag.<\/p>\n","protected":false},"excerpt":{"rendered":"<p>Erleben Sie den harmonischen Genuss des Mr &#038; Mrs Mill Caff\u00e8 Crema Aromatisch: 100% Arabica-Bohnen aus Lateinamerika, feine Fruchtnoten, samtige Crema. Perfekt f\u00fcr Caff\u00e8 Crema und Milchkaffee-Spezialit\u00e4ten \u2013 ein Genussmoment f\u00fcr jeden Tag.<\/p>\n","protected":false},"featured_media":50773,"template":"","meta":{"_gspb_post_css":""},"store":[],"product_brand":[1381],"product_cat":[1290],"product_tag":[],"class_list":{"0":"post-50774","1":"product","2":"type-product","3":"status-publish","4":"has-post-thumbnail","6":"product_brand-k-fee-de","7":"product_cat-uncategorized","9":"first","10":"instock","11":"shipping-taxable","12":"purchasable","13":"product-type-simple"},"yoast_head":"<!-- This site is optimized with the Yoast SEO plugin v24.6 - https:\/\/yoast.com\/wordpress\/plugins\/seo\/ -->\n<title>Caffe Crema Aromatisch - 12 Packungen | K-fee | Product-Guide.org<\/title>\n<meta name=\"description\" content=\"Caffe Crema Aromatisch - 12 Packungen | K-fee gefunden von Product-Guide.org\" \/>\n<meta name=\"robots\" content=\"index, follow, max-snippet:-1, max-image-preview:large, max-video-preview:-1\" \/>\n<link rel=\"canonical\" href=\"https:\/\/product-guide.org\/en\/produkt\/caffe-crema-aromatisch-12-packungen-k-fee\/\" \/>\n<meta property=\"og:locale\" content=\"en_GB\" \/>\n<meta property=\"og:type\" content=\"article\" \/>\n<meta property=\"og:title\" content=\"Caffe Crema Aromatisch - 12 Packungen | K-fee | Product-Guide.org\" \/>\n<meta property=\"og:description\" content=\"Caffe Crema Aromatisch - 12 Packungen | K-fee gefunden von Product-Guide.org\" \/>\n<meta property=\"og:url\" content=\"https:\/\/product-guide.org\/en\/produkt\/caffe-crema-aromatisch-12-packungen-k-fee\/\" \/>\n<meta property=\"og:site_name\" content=\"Product-Guide.org\" \/>\n<meta name=\"twitter:card\" content=\"summary_large_image\" \/>\n<script type=\"application\/ld+json\" class=\"yoast-schema-graph\">{\"@context\":\"https:\/\/schema.org\",\"@graph\":[{\"@type\":\"WebPage\",\"@id\":\"https:\/\/product-guide.org\/produkt\/caffe-crema-aromatisch-12-packungen-k-fee\/\",\"url\":\"https:\/\/product-guide.org\/produkt\/caffe-crema-aromatisch-12-packungen-k-fee\/\",\"name\":\"Caffe Crema Aromatisch - 12 Packungen | K-fee | Product-Guide.org\",\"isPartOf\":{\"@id\":\"https:\/\/product-guide.org\/#website\"},\"primaryImageOfPage\":{\"@id\":\"https:\/\/product-guide.org\/produkt\/caffe-crema-aromatisch-12-packungen-k-fee\/#primaryimage\"},\"image\":{\"@id\":\"https:\/\/product-guide.org\/produkt\/caffe-crema-aromatisch-12-packungen-k-fee\/#primaryimage\"},\"thumbnailUrl\":\"https:\/\/product-guide.org\/wp-content\/uploads\/2025\/03\/MMM_Caffe_Crema_Aromatsisch_Package_10_Tray_2.png\",\"datePublished\":\"2025-03-17T10:03:15+00:00\",\"description\":\"Caffe Crema Aromatisch - 12 Packungen | K-fee gefunden von Product-Guide.org\",\"breadcrumb\":{\"@id\":\"https:\/\/product-guide.org\/produkt\/caffe-crema-aromatisch-12-packungen-k-fee\/#breadcrumb\"},\"inLanguage\":\"en-GB\",\"potentialAction\":[{\"@type\":\"ReadAction\",\"target\":[\"https:\/\/product-guide.org\/produkt\/caffe-crema-aromatisch-12-packungen-k-fee\/\"]}]},{\"@type\":\"ImageObject\",\"inLanguage\":\"en-GB\",\"@id\":\"https:\/\/product-guide.org\/produkt\/caffe-crema-aromatisch-12-packungen-k-fee\/#primaryimage\",\"url\":\"https:\/\/product-guide.org\/wp-content\/uploads\/2025\/03\/MMM_Caffe_Crema_Aromatsisch_Package_10_Tray_2.png\",\"contentUrl\":\"https:\/\/product-guide.org\/wp-content\/uploads\/2025\/03\/MMM_Caffe_Crema_Aromatsisch_Package_10_Tray_2.png\",\"width\":1440,\"height\":1440},{\"@type\":\"BreadcrumbList\",\"@id\":\"https:\/\/product-guide.org\/produkt\/caffe-crema-aromatisch-12-packungen-k-fee\/#breadcrumb\",\"itemListElement\":[{\"@type\":\"ListItem\",\"position\":1,\"name\":\"Home\",\"item\":\"https:\/\/product-guide.org\/\"},{\"@type\":\"ListItem\",\"position\":2,\"name\":\"Ergebnisse\",\"item\":\"https:\/\/product-guide.org\/de\/ergebnisse\/\"},{\"@type\":\"ListItem\",\"position\":3,\"name\":\"Caffe Crema Aromatisch &#8211; 12 Packungen | K-fee\"}]},{\"@type\":\"WebSite\",\"@id\":\"https:\/\/product-guide.org\/#website\",\"url\":\"https:\/\/product-guide.org\/\",\"name\":\"Product-Guide.org\",\"description\":\"What Product are you looking for?\",\"publisher\":{\"@id\":\"https:\/\/product-guide.org\/#organization\"},\"potentialAction\":[{\"@type\":\"SearchAction\",\"target\":{\"@type\":\"EntryPoint\",\"urlTemplate\":\"https:\/\/product-guide.org\/?s={search_term_string}\"},\"query-input\":{\"@type\":\"PropertyValueSpecification\",\"valueRequired\":true,\"valueName\":\"search_term_string\"}}],\"inLanguage\":\"en-GB\"},{\"@type\":\"Organization\",\"@id\":\"https:\/\/product-guide.org\/#organization\",\"name\":\"Product-Guide.org\",\"url\":\"https:\/\/product-guide.org\/\",\"logo\":{\"@type\":\"ImageObject\",\"inLanguage\":\"en-GB\",\"@id\":\"https:\/\/product-guide.org\/#\/schema\/logo\/image\/\",\"url\":\"https:\/\/product-guide.org\/wp-content\/uploads\/2022\/07\/logo_transparent_background.png\",\"contentUrl\":\"https:\/\/product-guide.org\/wp-content\/uploads\/2022\/07\/logo_transparent_background.png\",\"width\":3400,\"height\":1132,\"caption\":\"Product-Guide.org\"},\"image\":{\"@id\":\"https:\/\/product-guide.org\/#\/schema\/logo\/image\/\"}}]}<\/script>\n<!-- \/ Yoast SEO plugin. -->","yoast_head_json":{"title":"Caffe Crema Aromatisch - 12 Packungen | K-fee | Product-Guide.org","description":"Caffe Crema Aromatisch - 12 Packungen | K-fee gefunden von Product-Guide.org","robots":{"index":"index","follow":"follow","max-snippet":"max-snippet:-1","max-image-preview":"max-image-preview:large","max-video-preview":"max-video-preview:-1"},"canonical":"https:\/\/product-guide.org\/en\/produkt\/caffe-crema-aromatisch-12-packungen-k-fee\/","og_locale":"en_GB","og_type":"article","og_title":"Caffe Crema Aromatisch - 12 Packungen | K-fee | Product-Guide.org","og_description":"Caffe Crema Aromatisch - 12 Packungen | K-fee gefunden von Product-Guide.org","og_url":"https:\/\/product-guide.org\/en\/produkt\/caffe-crema-aromatisch-12-packungen-k-fee\/","og_site_name":"Product-Guide.org","twitter_card":"summary_large_image","schema":{"@context":"https:\/\/schema.org","@graph":[{"@type":"WebPage","@id":"https:\/\/product-guide.org\/produkt\/caffe-crema-aromatisch-12-packungen-k-fee\/","url":"https:\/\/product-guide.org\/produkt\/caffe-crema-aromatisch-12-packungen-k-fee\/","name":"Caffe Crema Aromatisch - 12 Packungen | K-fee | Product-Guide.org","isPartOf":{"@id":"https:\/\/product-guide.org\/#website"},"primaryImageOfPage":{"@id":"https:\/\/product-guide.org\/produkt\/caffe-crema-aromatisch-12-packungen-k-fee\/#primaryimage"},"image":{"@id":"https:\/\/product-guide.org\/produkt\/caffe-crema-aromatisch-12-packungen-k-fee\/#primaryimage"},"thumbnailUrl":"https:\/\/product-guide.org\/wp-content\/uploads\/2025\/03\/MMM_Caffe_Crema_Aromatsisch_Package_10_Tray_2.png","datePublished":"2025-03-17T10:03:15+00:00","description":"Caffe Crema Aromatisch - 12 Packungen | K-fee gefunden von Product-Guide.org","breadcrumb":{"@id":"https:\/\/product-guide.org\/produkt\/caffe-crema-aromatisch-12-packungen-k-fee\/#breadcrumb"},"inLanguage":"en-GB","potentialAction":[{"@type":"ReadAction","target":["https:\/\/product-guide.org\/produkt\/caffe-crema-aromatisch-12-packungen-k-fee\/"]}]},{"@type":"ImageObject","inLanguage":"en-GB","@id":"https:\/\/product-guide.org\/produkt\/caffe-crema-aromatisch-12-packungen-k-fee\/#primaryimage","url":"https:\/\/product-guide.org\/wp-content\/uploads\/2025\/03\/MMM_Caffe_Crema_Aromatsisch_Package_10_Tray_2.png","contentUrl":"https:\/\/product-guide.org\/wp-content\/uploads\/2025\/03\/MMM_Caffe_Crema_Aromatsisch_Package_10_Tray_2.png","width":1440,"height":1440},{"@type":"BreadcrumbList","@id":"https:\/\/product-guide.org\/produkt\/caffe-crema-aromatisch-12-packungen-k-fee\/#breadcrumb","itemListElement":[{"@type":"ListItem","position":1,"name":"Home","item":"https:\/\/product-guide.org\/"},{"@type":"ListItem","position":2,"name":"Ergebnisse","item":"https:\/\/product-guide.org\/de\/ergebnisse\/"},{"@type":"ListItem","position":3,"name":"Caffe Crema Aromatisch &#8211; 12 Packungen | K-fee"}]},{"@type":"WebSite","@id":"https:\/\/product-guide.org\/#website","url":"https:\/\/product-guide.org\/","name":"Product-Guide.org","description":"What Product are you looking for?","publisher":{"@id":"https:\/\/product-guide.org\/#organization"},"potentialAction":[{"@type":"SearchAction","target":{"@type":"EntryPoint","urlTemplate":"https:\/\/product-guide.org\/?s={search_term_string}"},"query-input":{"@type":"PropertyValueSpecification","valueRequired":true,"valueName":"search_term_string"}}],"inLanguage":"en-GB"},{"@type":"Organization","@id":"https:\/\/product-guide.org\/#organization","name":"Product-Guide.org","url":"https:\/\/product-guide.org\/","logo":{"@type":"ImageObject","inLanguage":"en-GB","@id":"https:\/\/product-guide.org\/#\/schema\/logo\/image\/","url":"https:\/\/product-guide.org\/wp-content\/uploads\/2022\/07\/logo_transparent_background.png","contentUrl":"https:\/\/product-guide.org\/wp-content\/uploads\/2022\/07\/logo_transparent_background.png","width":3400,"height":1132,"caption":"Product-Guide.org"},"image":{"@id":"https:\/\/product-guide.org\/#\/schema\/logo\/image\/"}}]}},"_links":{"self":[{"href":"https:\/\/product-guide.org\/en\/wp-json\/wp\/v2\/product\/50774","targetHints":{"allow":["GET"]}}],"collection":[{"href":"https:\/\/product-guide.org\/en\/wp-json\/wp\/v2\/product"}],"about":[{"href":"https:\/\/product-guide.org\/en\/wp-json\/wp\/v2\/types\/product"}],"wp:featuredmedia":[{"embeddable":true,"href":"https:\/\/product-guide.org\/en\/wp-json\/wp\/v2\/media\/50773"}],"wp:attachment":[{"href":"https:\/\/product-guide.org\/en\/wp-json\/wp\/v2\/media?parent=50774"}],"wp:term":[{"taxonomy":"store","embeddable":true,"href":"https:\/\/product-guide.org\/en\/wp-json\/wp\/v2\/store?post=50774"},{"taxonomy":"product_brand","embeddable":true,"href":"https:\/\/product-guide.org\/en\/wp-json\/wp\/v2\/product_brand?post=50774"},{"taxonomy":"product_cat","embeddable":true,"href":"https:\/\/product-guide.org\/en\/wp-json\/wp\/v2\/product_cat?post=50774"},{"taxonomy":"product_tag","embeddable":true,"href":"https:\/\/product-guide.org\/en\/wp-json\/wp\/v2\/product_tag?post=50774"}],"curies":[{"name":"wp","href":"https:\/\/api.w.org\/{rel}","templated":true}]}}