{"id":51052,"date":"2025-03-17T11:07:49","date_gmt":"2025-03-17T10:07:49","guid":{"rendered":"https:\/\/product-guide.org\/produkt\/kask-schutzhelm-superplasma-hi-viz-schutzhelm-drehrad-reflexstreifen-en-397-farbedunkelblau-wilpeg-gmbh\/"},"modified":"2025-03-17T11:07:50","modified_gmt":"2025-03-17T10:07:50","slug":"kask-schutzhelm-superplasma-hi-viz-schutzhelm-drehrad-reflexstreifen-en-397-farbedunkelblau-wilpeg-gmbh","status":"publish","type":"product","link":"https:\/\/product-guide.org\/en\/produkt\/kask-schutzhelm-superplasma-hi-viz-schutzhelm-drehrad-reflexstreifen-en-397-farbedunkelblau-wilpeg-gmbh\/","title":{"rendered":"KASK Schutzhelm Superplasma HI VIZ Schutzhelm Drehrad Reflexstreifen EN 397 Farbe:dunkelblau | Wilpeg GmbH"},"content":{"rendered":"<p>Der reflektierende Schutzhelm Superplasma AQ Hi Viz ist der Nachfolger zum Plasma Hi Viz AQNeben dem verbesserten Drehrad-System und dem Schutznetz der Bel\u00fcftgungsschlitze, hat KASK die farbcodierte Schnalle erg\u00e4nzt sowie Verbesserungen an den Halteclips, Innenpolster und Kinnriemen vorgenommen. Fluoriszierende HelmschaleGut sichtbare Schale aus Leuchtfarbe. Nur in den Farben gelb, orange, rot und hellgr\u00fcn (lime).ReflexstreifenReflektierende Aufkleber sorgen f\u00fcr eine erh\u00f6hte Sicherheit.Bel\u00fcftungMaximale Ventilation dank der zehn Bel\u00fcftungsschlitze. Die Bel\u00fcftungs\u00f6ffnungen und die internen Abflusskan\u00e4le garantieren eine optimale Ventilation.SchutzgitterDie Bel\u00fcftungsschlitze sind mit Mesh-Gewebe versehen, das das Eindringen von Schmutz vermeidet und f\u00fcr die Bel\u00fcftung des Helms sorgen.Nachleuchtende Halteclips f\u00fcr StirnlampenDer Helm ist mit 4 \u00e4u\u00dferen Halteclips aus Nylon ausgestattet, die f\u00fcr alle handels\u00fcblichen Stirnlampen mit Gummiband eingesetzt werden k\u00f6nnen.Kinnriemen EN 397Kinnriemen mit vier Befestigungspunkten ohne Verwendung von Metallnieten an der Au\u00dfenschale befestigt. Schnellverschluss und Schnell\u00f6ffnung gem\u00e4\u00df EN 397. Seitliche Justierung f\u00fcr die L\u00e4ngeneinstellung der B\u00e4nder. Mit Farbcodierung f\u00fcr die jeweilige Norm (Orange = EN 397 \/ Gr\u00fcn = EN 12492).HelmhalterungMit einer speziellen Schleife am Kinnriemen befestigt, sodass der Helm am Gurtzeug oder anderen Gegenst\u00e4nden befestigt werden kann.2DRY InnenpolsterDieser Stoff ist hoch technologisch und bietet maximalen Komfort; er trocknet sehr schnell, indem er die Dispersion der Feuchtigkeit nach au\u00dfen beg\u00fcnstigt und hinterl\u00e4sst ein angenehmes Frischegef\u00fchl am K\u00f6rper. Das Helmpolster ist austauschbar.Individuelle Gr\u00f6\u00dfenverstellungDie Gr\u00f6\u00dfeneinstellung mit Hilfe des Drehrades und der dadurch individuellen Passform im hinteren Bereich des Helms, garantiert eine schnelle und pr\u00e4zise Einstellung auch beim Tragen von Handschuhen. Mit besserer Stabilit\u00e4t im Nacken zum Vorg\u00e4nger Plasma AQ.VisierbefestigungDie Befestigungspunkte erm\u00f6glichen eine Schraubbefestigung eines Visiers am Helm.Geh\u00f6rschutzbefestigungF\u00fcr den Einsatz des Steckadapters f\u00fcr Geh\u00f6rschutz mit Bajonettverschluss (der Geh\u00f6rschutz-Bajonett-Adapter ist nicht im Lieferumfang enthalten). Kompatibel mit dem Geh\u00f6rschutz von KASK. Material Au\u00dfenschaleHD PolypropylenMaterial InnenschaleEPS mit doppelter DichteMaterial KopfbandWeiches Nylon PAGr\u00f6\u00dfeUniversal einstellbar von 52 bis 63 cmZulassungEN 397 Schutz gegen Aufprall von oben, von vorne, von hinten und von der Seite gem\u00e4\u00df EN 12492 Abschnitte 4.2.1.2, 4.2.1.3, 4.2.1.4 Aufprallenergieaufnahmeverm\u00f6gen &#8211; Abschnitt 4.2.2 Durchdringung &#8211; Abschnitt 4.1.4 Bel\u00fcftung &#8211; EN 397 zus\u00e4tzliche Pr\u00fcfungen: -30\u00b0C \/ LD \/ MMEinsatztemperaturbereichvon -30 Grad bis +50 Grad CelsiusGewicht390 g Biozid: 0<\/p>\n","protected":false},"excerpt":{"rendered":"<p>Der reflektierende Schutzhelm Superplasma AQ Hi Viz ist der Nachfolger zum Plasma Hi Viz AQNeben dem verbesserten Drehrad-System und dem Schutznetz der Bel\u00fcftgungsschlitze, hat KASK die farbcodierte Schnalle erg\u00e4nzt sowie Verbesserungen an den Halteclips, Innenpolster und Kinnriemen vorgenommen. Fluoriszierende HelmschaleGut sichtbare Schale aus Leuchtfarbe. Nur in den Farben gelb, orange, rot und hellgr\u00fcn (lime).ReflexstreifenReflektierende Aufkleber [&hellip;]<\/p>\n","protected":false},"featured_media":51050,"template":"","meta":{"_gspb_post_css":""},"store":[],"product_brand":[1384],"product_cat":[1290],"product_tag":[],"class_list":{"0":"post-51052","1":"product","2":"type-product","3":"status-publish","4":"has-post-thumbnail","6":"product_brand-wilpeg-gmbh","7":"product_cat-uncategorized","9":"first","10":"instock","11":"shipping-taxable","12":"purchasable","13":"product-type-simple"},"yoast_head":"<!-- This site is optimized with the Yoast SEO plugin v24.6 - https:\/\/yoast.com\/wordpress\/plugins\/seo\/ -->\n<title>KASK Schutzhelm Superplasma HI VIZ Schutzhelm Drehrad Reflexstreifen EN 397 Farbe:dunkelblau | Wilpeg GmbH | Product-Guide.org<\/title>\n<meta name=\"description\" content=\"KASK Schutzhelm Superplasma HI VIZ Schutzhelm Drehrad Reflexstreifen EN 397 Farbe:dunkelblau | Wilpeg GmbH gefunden von Product-Guide.org\" \/>\n<meta name=\"robots\" content=\"index, follow, max-snippet:-1, max-image-preview:large, max-video-preview:-1\" \/>\n<link rel=\"canonical\" href=\"https:\/\/product-guide.org\/en\/produkt\/kask-schutzhelm-superplasma-hi-viz-schutzhelm-drehrad-reflexstreifen-en-397-farbedunkelblau-wilpeg-gmbh\/\" \/>\n<meta property=\"og:locale\" content=\"en_GB\" \/>\n<meta property=\"og:type\" content=\"article\" \/>\n<meta property=\"og:title\" content=\"KASK Schutzhelm Superplasma HI VIZ Schutzhelm Drehrad Reflexstreifen EN 397 Farbe:dunkelblau | Wilpeg GmbH | Product-Guide.org\" \/>\n<meta property=\"og:description\" content=\"KASK Schutzhelm Superplasma HI VIZ Schutzhelm Drehrad Reflexstreifen EN 397 Farbe:dunkelblau | Wilpeg GmbH gefunden von Product-Guide.org\" \/>\n<meta property=\"og:url\" content=\"https:\/\/product-guide.org\/en\/produkt\/kask-schutzhelm-superplasma-hi-viz-schutzhelm-drehrad-reflexstreifen-en-397-farbedunkelblau-wilpeg-gmbh\/\" \/>\n<meta property=\"og:site_name\" content=\"Product-Guide.org\" \/>\n<meta property=\"article:modified_time\" content=\"2025-03-17T10:07:50+00:00\" \/>\n<meta name=\"twitter:card\" content=\"summary_large_image\" \/>\n<script type=\"application\/ld+json\" class=\"yoast-schema-graph\">{\"@context\":\"https:\/\/schema.org\",\"@graph\":[{\"@type\":\"WebPage\",\"@id\":\"https:\/\/product-guide.org\/produkt\/kask-schutzhelm-superplasma-hi-viz-schutzhelm-drehrad-reflexstreifen-en-397-farbedunkelblau-wilpeg-gmbh\/\",\"url\":\"https:\/\/product-guide.org\/produkt\/kask-schutzhelm-superplasma-hi-viz-schutzhelm-drehrad-reflexstreifen-en-397-farbedunkelblau-wilpeg-gmbh\/\",\"name\":\"KASK Schutzhelm Superplasma HI VIZ Schutzhelm Drehrad Reflexstreifen EN 397 Farbe:dunkelblau | Wilpeg GmbH | Product-Guide.org\",\"isPartOf\":{\"@id\":\"https:\/\/product-guide.org\/#website\"},\"primaryImageOfPage\":{\"@id\":\"https:\/\/product-guide.org\/produkt\/kask-schutzhelm-superplasma-hi-viz-schutzhelm-drehrad-reflexstreifen-en-397-farbedunkelblau-wilpeg-gmbh\/#primaryimage\"},\"image\":{\"@id\":\"https:\/\/product-guide.org\/produkt\/kask-schutzhelm-superplasma-hi-viz-schutzhelm-drehrad-reflexstreifen-en-397-farbedunkelblau-wilpeg-gmbh\/#primaryimage\"},\"thumbnailUrl\":\"https:\/\/product-guide.org\/wp-content\/uploads\/2025\/03\/KASK-Schutzhelm-Superplasma-HI-VIZ-Arbeitsschutzhelm-Drehrad-Reflexstreifen-EN-397-995143855_13.jpg\",\"datePublished\":\"2025-03-17T10:07:49+00:00\",\"dateModified\":\"2025-03-17T10:07:50+00:00\",\"description\":\"KASK Schutzhelm Superplasma HI VIZ Schutzhelm Drehrad Reflexstreifen EN 397 Farbe:dunkelblau | Wilpeg GmbH gefunden von Product-Guide.org\",\"breadcrumb\":{\"@id\":\"https:\/\/product-guide.org\/produkt\/kask-schutzhelm-superplasma-hi-viz-schutzhelm-drehrad-reflexstreifen-en-397-farbedunkelblau-wilpeg-gmbh\/#breadcrumb\"},\"inLanguage\":\"en-GB\",\"potentialAction\":[{\"@type\":\"ReadAction\",\"target\":[\"https:\/\/product-guide.org\/produkt\/kask-schutzhelm-superplasma-hi-viz-schutzhelm-drehrad-reflexstreifen-en-397-farbedunkelblau-wilpeg-gmbh\/\"]}]},{\"@type\":\"ImageObject\",\"inLanguage\":\"en-GB\",\"@id\":\"https:\/\/product-guide.org\/produkt\/kask-schutzhelm-superplasma-hi-viz-schutzhelm-drehrad-reflexstreifen-en-397-farbedunkelblau-wilpeg-gmbh\/#primaryimage\",\"url\":\"https:\/\/product-guide.org\/wp-content\/uploads\/2025\/03\/KASK-Schutzhelm-Superplasma-HI-VIZ-Arbeitsschutzhelm-Drehrad-Reflexstreifen-EN-397-995143855_13.jpg\",\"contentUrl\":\"https:\/\/product-guide.org\/wp-content\/uploads\/2025\/03\/KASK-Schutzhelm-Superplasma-HI-VIZ-Arbeitsschutzhelm-Drehrad-Reflexstreifen-EN-397-995143855_13.jpg\",\"width\":1600,\"height\":1600},{\"@type\":\"BreadcrumbList\",\"@id\":\"https:\/\/product-guide.org\/produkt\/kask-schutzhelm-superplasma-hi-viz-schutzhelm-drehrad-reflexstreifen-en-397-farbedunkelblau-wilpeg-gmbh\/#breadcrumb\",\"itemListElement\":[{\"@type\":\"ListItem\",\"position\":1,\"name\":\"Home\",\"item\":\"https:\/\/product-guide.org\/\"},{\"@type\":\"ListItem\",\"position\":2,\"name\":\"Ergebnisse\",\"item\":\"https:\/\/product-guide.org\/de\/ergebnisse\/\"},{\"@type\":\"ListItem\",\"position\":3,\"name\":\"KASK Schutzhelm Superplasma HI VIZ Schutzhelm Drehrad Reflexstreifen EN 397 Farbe:dunkelblau | Wilpeg GmbH\"}]},{\"@type\":\"WebSite\",\"@id\":\"https:\/\/product-guide.org\/#website\",\"url\":\"https:\/\/product-guide.org\/\",\"name\":\"Product-Guide.org\",\"description\":\"What Product are you looking for?\",\"publisher\":{\"@id\":\"https:\/\/product-guide.org\/#organization\"},\"potentialAction\":[{\"@type\":\"SearchAction\",\"target\":{\"@type\":\"EntryPoint\",\"urlTemplate\":\"https:\/\/product-guide.org\/?s={search_term_string}\"},\"query-input\":{\"@type\":\"PropertyValueSpecification\",\"valueRequired\":true,\"valueName\":\"search_term_string\"}}],\"inLanguage\":\"en-GB\"},{\"@type\":\"Organization\",\"@id\":\"https:\/\/product-guide.org\/#organization\",\"name\":\"Product-Guide.org\",\"url\":\"https:\/\/product-guide.org\/\",\"logo\":{\"@type\":\"ImageObject\",\"inLanguage\":\"en-GB\",\"@id\":\"https:\/\/product-guide.org\/#\/schema\/logo\/image\/\",\"url\":\"https:\/\/product-guide.org\/wp-content\/uploads\/2022\/07\/logo_transparent_background.png\",\"contentUrl\":\"https:\/\/product-guide.org\/wp-content\/uploads\/2022\/07\/logo_transparent_background.png\",\"width\":3400,\"height\":1132,\"caption\":\"Product-Guide.org\"},\"image\":{\"@id\":\"https:\/\/product-guide.org\/#\/schema\/logo\/image\/\"}}]}<\/script>\n<!-- \/ Yoast SEO plugin. -->","yoast_head_json":{"title":"KASK Schutzhelm Superplasma HI VIZ Schutzhelm Drehrad Reflexstreifen EN 397 Farbe:dunkelblau | Wilpeg GmbH | Product-Guide.org","description":"KASK Schutzhelm Superplasma HI VIZ Schutzhelm Drehrad Reflexstreifen EN 397 Farbe:dunkelblau | Wilpeg GmbH gefunden von Product-Guide.org","robots":{"index":"index","follow":"follow","max-snippet":"max-snippet:-1","max-image-preview":"max-image-preview:large","max-video-preview":"max-video-preview:-1"},"canonical":"https:\/\/product-guide.org\/en\/produkt\/kask-schutzhelm-superplasma-hi-viz-schutzhelm-drehrad-reflexstreifen-en-397-farbedunkelblau-wilpeg-gmbh\/","og_locale":"en_GB","og_type":"article","og_title":"KASK Schutzhelm Superplasma HI VIZ Schutzhelm Drehrad Reflexstreifen EN 397 Farbe:dunkelblau | Wilpeg GmbH | Product-Guide.org","og_description":"KASK Schutzhelm Superplasma HI VIZ Schutzhelm Drehrad Reflexstreifen EN 397 Farbe:dunkelblau | Wilpeg GmbH gefunden von Product-Guide.org","og_url":"https:\/\/product-guide.org\/en\/produkt\/kask-schutzhelm-superplasma-hi-viz-schutzhelm-drehrad-reflexstreifen-en-397-farbedunkelblau-wilpeg-gmbh\/","og_site_name":"Product-Guide.org","article_modified_time":"2025-03-17T10:07:50+00:00","twitter_card":"summary_large_image","schema":{"@context":"https:\/\/schema.org","@graph":[{"@type":"WebPage","@id":"https:\/\/product-guide.org\/produkt\/kask-schutzhelm-superplasma-hi-viz-schutzhelm-drehrad-reflexstreifen-en-397-farbedunkelblau-wilpeg-gmbh\/","url":"https:\/\/product-guide.org\/produkt\/kask-schutzhelm-superplasma-hi-viz-schutzhelm-drehrad-reflexstreifen-en-397-farbedunkelblau-wilpeg-gmbh\/","name":"KASK Schutzhelm Superplasma HI VIZ Schutzhelm Drehrad Reflexstreifen EN 397 Farbe:dunkelblau | Wilpeg GmbH | Product-Guide.org","isPartOf":{"@id":"https:\/\/product-guide.org\/#website"},"primaryImageOfPage":{"@id":"https:\/\/product-guide.org\/produkt\/kask-schutzhelm-superplasma-hi-viz-schutzhelm-drehrad-reflexstreifen-en-397-farbedunkelblau-wilpeg-gmbh\/#primaryimage"},"image":{"@id":"https:\/\/product-guide.org\/produkt\/kask-schutzhelm-superplasma-hi-viz-schutzhelm-drehrad-reflexstreifen-en-397-farbedunkelblau-wilpeg-gmbh\/#primaryimage"},"thumbnailUrl":"https:\/\/product-guide.org\/wp-content\/uploads\/2025\/03\/KASK-Schutzhelm-Superplasma-HI-VIZ-Arbeitsschutzhelm-Drehrad-Reflexstreifen-EN-397-995143855_13.jpg","datePublished":"2025-03-17T10:07:49+00:00","dateModified":"2025-03-17T10:07:50+00:00","description":"KASK Schutzhelm Superplasma HI VIZ Schutzhelm Drehrad Reflexstreifen EN 397 Farbe:dunkelblau | Wilpeg GmbH gefunden von Product-Guide.org","breadcrumb":{"@id":"https:\/\/product-guide.org\/produkt\/kask-schutzhelm-superplasma-hi-viz-schutzhelm-drehrad-reflexstreifen-en-397-farbedunkelblau-wilpeg-gmbh\/#breadcrumb"},"inLanguage":"en-GB","potentialAction":[{"@type":"ReadAction","target":["https:\/\/product-guide.org\/produkt\/kask-schutzhelm-superplasma-hi-viz-schutzhelm-drehrad-reflexstreifen-en-397-farbedunkelblau-wilpeg-gmbh\/"]}]},{"@type":"ImageObject","inLanguage":"en-GB","@id":"https:\/\/product-guide.org\/produkt\/kask-schutzhelm-superplasma-hi-viz-schutzhelm-drehrad-reflexstreifen-en-397-farbedunkelblau-wilpeg-gmbh\/#primaryimage","url":"https:\/\/product-guide.org\/wp-content\/uploads\/2025\/03\/KASK-Schutzhelm-Superplasma-HI-VIZ-Arbeitsschutzhelm-Drehrad-Reflexstreifen-EN-397-995143855_13.jpg","contentUrl":"https:\/\/product-guide.org\/wp-content\/uploads\/2025\/03\/KASK-Schutzhelm-Superplasma-HI-VIZ-Arbeitsschutzhelm-Drehrad-Reflexstreifen-EN-397-995143855_13.jpg","width":1600,"height":1600},{"@type":"BreadcrumbList","@id":"https:\/\/product-guide.org\/produkt\/kask-schutzhelm-superplasma-hi-viz-schutzhelm-drehrad-reflexstreifen-en-397-farbedunkelblau-wilpeg-gmbh\/#breadcrumb","itemListElement":[{"@type":"ListItem","position":1,"name":"Home","item":"https:\/\/product-guide.org\/"},{"@type":"ListItem","position":2,"name":"Ergebnisse","item":"https:\/\/product-guide.org\/de\/ergebnisse\/"},{"@type":"ListItem","position":3,"name":"KASK Schutzhelm Superplasma HI VIZ Schutzhelm Drehrad Reflexstreifen EN 397 Farbe:dunkelblau | Wilpeg GmbH"}]},{"@type":"WebSite","@id":"https:\/\/product-guide.org\/#website","url":"https:\/\/product-guide.org\/","name":"Product-Guide.org","description":"What Product are you looking for?","publisher":{"@id":"https:\/\/product-guide.org\/#organization"},"potentialAction":[{"@type":"SearchAction","target":{"@type":"EntryPoint","urlTemplate":"https:\/\/product-guide.org\/?s={search_term_string}"},"query-input":{"@type":"PropertyValueSpecification","valueRequired":true,"valueName":"search_term_string"}}],"inLanguage":"en-GB"},{"@type":"Organization","@id":"https:\/\/product-guide.org\/#organization","name":"Product-Guide.org","url":"https:\/\/product-guide.org\/","logo":{"@type":"ImageObject","inLanguage":"en-GB","@id":"https:\/\/product-guide.org\/#\/schema\/logo\/image\/","url":"https:\/\/product-guide.org\/wp-content\/uploads\/2022\/07\/logo_transparent_background.png","contentUrl":"https:\/\/product-guide.org\/wp-content\/uploads\/2022\/07\/logo_transparent_background.png","width":3400,"height":1132,"caption":"Product-Guide.org"},"image":{"@id":"https:\/\/product-guide.org\/#\/schema\/logo\/image\/"}}]}},"_links":{"self":[{"href":"https:\/\/product-guide.org\/en\/wp-json\/wp\/v2\/product\/51052","targetHints":{"allow":["GET"]}}],"collection":[{"href":"https:\/\/product-guide.org\/en\/wp-json\/wp\/v2\/product"}],"about":[{"href":"https:\/\/product-guide.org\/en\/wp-json\/wp\/v2\/types\/product"}],"wp:featuredmedia":[{"embeddable":true,"href":"https:\/\/product-guide.org\/en\/wp-json\/wp\/v2\/media\/51050"}],"wp:attachment":[{"href":"https:\/\/product-guide.org\/en\/wp-json\/wp\/v2\/media?parent=51052"}],"wp:term":[{"taxonomy":"store","embeddable":true,"href":"https:\/\/product-guide.org\/en\/wp-json\/wp\/v2\/store?post=51052"},{"taxonomy":"product_brand","embeddable":true,"href":"https:\/\/product-guide.org\/en\/wp-json\/wp\/v2\/product_brand?post=51052"},{"taxonomy":"product_cat","embeddable":true,"href":"https:\/\/product-guide.org\/en\/wp-json\/wp\/v2\/product_cat?post=51052"},{"taxonomy":"product_tag","embeddable":true,"href":"https:\/\/product-guide.org\/en\/wp-json\/wp\/v2\/product_tag?post=51052"}],"curies":[{"name":"wp","href":"https:\/\/api.w.org\/{rel}","templated":true}]}}