{"id":51061,"date":"2025-03-17T11:07:55","date_gmt":"2025-03-17T10:07:55","guid":{"rendered":"https:\/\/product-guide.org\/produkt\/haix-sicherheitsschuhe-black-eagle-safety-50-mid-schwarz-s3-arbeitsschuhe-esd-groseeu-44-uk-9-5-wilpeg-gmbh\/"},"modified":"2025-03-17T11:07:55","modified_gmt":"2025-03-17T10:07:55","slug":"haix-sicherheitsschuhe-black-eagle-safety-50-mid-schwarz-s3-arbeitsschuhe-esd-groseeu-44-uk-9-5-wilpeg-gmbh","status":"publish","type":"product","link":"https:\/\/product-guide.org\/en\/produkt\/haix-sicherheitsschuhe-black-eagle-safety-50-mid-schwarz-s3-arbeitsschuhe-esd-groseeu-44-uk-9-5-wilpeg-gmbh\/","title":{"rendered":"HAIX Sicherheitsschuhe BLACK EAGLE Safety 50 mid schwarz, S3 Arbeitsschuhe, ESD Gr\u00f6\u00dfe:EU 44 \/ UK 9.5 | Wilpeg GmbH"},"content":{"rendered":"<p>Metallfreie halbhoher S3 Arbeitstiefel Moderner und leichter Sportschuh mit robustem Au\u00dfenleder. Der BLACK EAGLE Safety 50 mid ist wasserdicht, atmungsaktiv und antistatisch. Der Sicherheitsschuh ist durchtrittsicher und bietet Komfort f\u00fcr einen ganzen Tag auf den Beinen.ObermaterialDas Leder ist hydrophobiert, atmungsaktiv und widerstandsf\u00e4hig.GORE-TEX Extended InnenfutterDas 3-lagige GORE-TEX Laminat ist wasserdicht und hoch atmungsaktiv. Abriebfester Futterstoff mit h\u00f6chstem Klimakomfort, insbesondere f\u00fcr flexiblen Wechseleinsatz im Innen- und Aussenbereich und bei w\u00e4rmeren Temperaturen.EinlageKomfortabel, d\u00e4mpfend und feuchtigkeitsableitend und antibakteriell. Separate Fersenschale sorgt f\u00fcr gute D\u00e4mpfung und Fu\u00dff\u00fchrung. \u201eAIRFLOW\u201c Kan\u00e4le. Mit \u201ePerfect-Fit\u201c Markierung f\u00fcr eine optimale \u00dcberpr\u00fcfung der korrekten Schuhgr\u00f6\u00dfe. Die durchtrittshemmende Sohleneinlage ist flexibel, leicht und metallfrei.Anti SlipSehr gute Haftung auf unterschiedlichem Terrain durch die Profilgestaltung und den verwendeten Spezialgummi.SohleSohlenaufbau mit Gummi\/PU Stra\u00dfen-\/ Gel\u00e4ndeprofil, erh\u00f6htem Abrollkomfort, hoch abriebfest und rutschsicher &#8211; auch bei K\u00e4lte. Der PU-D\u00e4mpfungskeil mit seinem geringem Gewicht sorgt f\u00fcr hervorragende Laufeigenschaften. Sehr gute Isolation gegen K\u00e4lte, \u00f6l- und benzinbest\u00e4ndig, nicht kreidend. Gem\u00e4\u00df EN ISO 20345:2011.ESDElektrostatisch ableitende Schuhe gepr\u00fcft nach DIN EN 61340-4-3:2002. Perfekt f\u00fcr Arbeiten mit elektronischen Bauteilen.HAIX Composite SchutzkappeAnatomisch geformte, ultraleichte Schutzkappe aus faserverst\u00e4rktem Kunststoff f\u00fcr h\u00f6chste Sicherheitsanforderungen.HAIX Vario Wide Fit SystemDurch 3 verschiedene Einlegesohlen kann der Schuh in der Weite individuell angepasst werden. Die rote Einlage (medium) wird mit dem Schuh geliefert. Eine Einlegesohle in Gelb (wide) und Blau (narrow) muss separat bestellt werden.HAIX Climate SystemDas HAIX Climate System nutzt die Pumpbewegung, die beim Gehen entsteht und transportiert Feuchtigkeit zu den Ventilations\u00f6ffnungen an Schaft und Zunge.Sun ReflectReduziert den Aufheizeffekt des Oberleders durch Sonneneinstrahlung. Sonnenlicht wird vom Leder reflektiert, damit wird weniger W\u00e4rme zum Fu\u00df geleitet.Orthop\u00e4dische EinlagenDer Schuh wurde nach der Norm DGUV 112-191 (BGR 191) gepr\u00fcft und ist daher f\u00fcr orthop\u00e4dische Einlagen zugelassen. Dadurch kann der Black Eagle Safety 50 mid noch optimaler an den Fu\u00df angepasst und dessen anatomischer Aufbau unterst\u00fctzt werden.Weitere Schuhgr\u00f6\u00dfen auf Anfrage. Zertifizierung gem\u00e4\u00df: EN ISO 20345:2011 S3 HRO HI CI WR SRCFarbe: schwarzH\u00f6he in cm: 13 cmObermaterial: LederSchnittschutzklasse: kein SchnittschutzSicherheitsklasse: S3Verschluss: Klassische Schn\u00fcrungWasserdicht: wasserdicht durch GORE-TEX Lederdicke: 1,8 &#8211; 2,0 Biozid: 0<\/p>\n","protected":false},"excerpt":{"rendered":"<p>Metallfreie halbhoher S3 Arbeitstiefel Moderner und leichter Sportschuh mit robustem Au\u00dfenleder. Der BLACK EAGLE Safety 50 mid ist wasserdicht, atmungsaktiv und antistatisch. Der Sicherheitsschuh ist durchtrittsicher und bietet Komfort f\u00fcr einen ganzen Tag auf den Beinen.ObermaterialDas Leder ist hydrophobiert, atmungsaktiv und widerstandsf\u00e4hig.GORE-TEX Extended InnenfutterDas 3-lagige GORE-TEX Laminat ist wasserdicht und hoch atmungsaktiv. Abriebfester Futterstoff mit [&hellip;]<\/p>\n","protected":false},"featured_media":51059,"template":"","meta":{"_gspb_post_css":""},"store":[],"product_brand":[1384],"product_cat":[1290],"product_tag":[],"class_list":{"0":"post-51061","1":"product","2":"type-product","3":"status-publish","4":"has-post-thumbnail","6":"product_brand-wilpeg-gmbh","7":"product_cat-uncategorized","9":"first","10":"instock","11":"shipping-taxable","12":"purchasable","13":"product-type-simple"},"yoast_head":"<!-- This site is optimized with the Yoast SEO plugin v24.6 - https:\/\/yoast.com\/wordpress\/plugins\/seo\/ -->\n<title>HAIX Sicherheitsschuhe BLACK EAGLE Safety 50 mid schwarz, S3 Arbeitsschuhe, ESD Gr\u00f6\u00dfe:EU 44 \/ UK 9.5 | Wilpeg GmbH | Product-Guide.org<\/title>\n<meta name=\"description\" content=\"HAIX Sicherheitsschuhe BLACK EAGLE Safety 50 mid schwarz, S3 Arbeitsschuhe, ESD Gr\u00f6\u00dfe:EU 44 \/ UK 9.5 | Wilpeg GmbH gefunden von Product-Guide.org\" \/>\n<meta name=\"robots\" content=\"index, follow, max-snippet:-1, max-image-preview:large, max-video-preview:-1\" \/>\n<link rel=\"canonical\" href=\"https:\/\/product-guide.org\/en\/produkt\/haix-sicherheitsschuhe-black-eagle-safety-50-mid-schwarz-s3-arbeitsschuhe-esd-groseeu-44-uk-9-5-wilpeg-gmbh\/\" \/>\n<meta property=\"og:locale\" content=\"en_GB\" \/>\n<meta property=\"og:type\" content=\"article\" \/>\n<meta property=\"og:title\" content=\"HAIX Sicherheitsschuhe BLACK EAGLE Safety 50 mid schwarz, S3 Arbeitsschuhe, ESD Gr\u00f6\u00dfe:EU 44 \/ UK 9.5 | Wilpeg GmbH | Product-Guide.org\" \/>\n<meta property=\"og:description\" content=\"HAIX Sicherheitsschuhe BLACK EAGLE Safety 50 mid schwarz, S3 Arbeitsschuhe, ESD Gr\u00f6\u00dfe:EU 44 \/ UK 9.5 | Wilpeg GmbH gefunden von Product-Guide.org\" \/>\n<meta property=\"og:url\" content=\"https:\/\/product-guide.org\/en\/produkt\/haix-sicherheitsschuhe-black-eagle-safety-50-mid-schwarz-s3-arbeitsschuhe-esd-groseeu-44-uk-9-5-wilpeg-gmbh\/\" \/>\n<meta property=\"og:site_name\" content=\"Product-Guide.org\" \/>\n<meta name=\"twitter:card\" content=\"summary_large_image\" \/>\n<script type=\"application\/ld+json\" class=\"yoast-schema-graph\">{\"@context\":\"https:\/\/schema.org\",\"@graph\":[{\"@type\":\"WebPage\",\"@id\":\"https:\/\/product-guide.org\/produkt\/haix-sicherheitsschuhe-black-eagle-safety-50-mid-schwarz-s3-arbeitsschuhe-esd-groseeu-44-uk-9-5-wilpeg-gmbh\/\",\"url\":\"https:\/\/product-guide.org\/produkt\/haix-sicherheitsschuhe-black-eagle-safety-50-mid-schwarz-s3-arbeitsschuhe-esd-groseeu-44-uk-9-5-wilpeg-gmbh\/\",\"name\":\"HAIX Sicherheitsschuhe BLACK EAGLE Safety 50 mid schwarz, S3 Arbeitsschuhe, ESD Gr\u00f6\u00dfe:EU 44 \/ UK 9.5 | Wilpeg GmbH | Product-Guide.org\",\"isPartOf\":{\"@id\":\"https:\/\/product-guide.org\/#website\"},\"primaryImageOfPage\":{\"@id\":\"https:\/\/product-guide.org\/produkt\/haix-sicherheitsschuhe-black-eagle-safety-50-mid-schwarz-s3-arbeitsschuhe-esd-groseeu-44-uk-9-5-wilpeg-gmbh\/#primaryimage\"},\"image\":{\"@id\":\"https:\/\/product-guide.org\/produkt\/haix-sicherheitsschuhe-black-eagle-safety-50-mid-schwarz-s3-arbeitsschuhe-esd-groseeu-44-uk-9-5-wilpeg-gmbh\/#primaryimage\"},\"thumbnailUrl\":\"https:\/\/product-guide.org\/wp-content\/uploads\/2025\/03\/HAIX-Sicherheitsschuhe-BLACK-EAGLE-Safety-53-mid-schwarz-S3-Arbeitsschuhe-wasserdicht-metallfrei-ESD-Sohle-atmungsaktiv-Sun-Reflect-995142050.jpg\",\"datePublished\":\"2025-03-17T10:07:55+00:00\",\"description\":\"HAIX Sicherheitsschuhe BLACK EAGLE Safety 50 mid schwarz, S3 Arbeitsschuhe, ESD Gr\u00f6\u00dfe:EU 44 \/ UK 9.5 | Wilpeg GmbH gefunden von Product-Guide.org\",\"breadcrumb\":{\"@id\":\"https:\/\/product-guide.org\/produkt\/haix-sicherheitsschuhe-black-eagle-safety-50-mid-schwarz-s3-arbeitsschuhe-esd-groseeu-44-uk-9-5-wilpeg-gmbh\/#breadcrumb\"},\"inLanguage\":\"en-GB\",\"potentialAction\":[{\"@type\":\"ReadAction\",\"target\":[\"https:\/\/product-guide.org\/produkt\/haix-sicherheitsschuhe-black-eagle-safety-50-mid-schwarz-s3-arbeitsschuhe-esd-groseeu-44-uk-9-5-wilpeg-gmbh\/\"]}]},{\"@type\":\"ImageObject\",\"inLanguage\":\"en-GB\",\"@id\":\"https:\/\/product-guide.org\/produkt\/haix-sicherheitsschuhe-black-eagle-safety-50-mid-schwarz-s3-arbeitsschuhe-esd-groseeu-44-uk-9-5-wilpeg-gmbh\/#primaryimage\",\"url\":\"https:\/\/product-guide.org\/wp-content\/uploads\/2025\/03\/HAIX-Sicherheitsschuhe-BLACK-EAGLE-Safety-53-mid-schwarz-S3-Arbeitsschuhe-wasserdicht-metallfrei-ESD-Sohle-atmungsaktiv-Sun-Reflect-995142050.jpg\",\"contentUrl\":\"https:\/\/product-guide.org\/wp-content\/uploads\/2025\/03\/HAIX-Sicherheitsschuhe-BLACK-EAGLE-Safety-53-mid-schwarz-S3-Arbeitsschuhe-wasserdicht-metallfrei-ESD-Sohle-atmungsaktiv-Sun-Reflect-995142050.jpg\",\"width\":1600,\"height\":1600},{\"@type\":\"BreadcrumbList\",\"@id\":\"https:\/\/product-guide.org\/produkt\/haix-sicherheitsschuhe-black-eagle-safety-50-mid-schwarz-s3-arbeitsschuhe-esd-groseeu-44-uk-9-5-wilpeg-gmbh\/#breadcrumb\",\"itemListElement\":[{\"@type\":\"ListItem\",\"position\":1,\"name\":\"Home\",\"item\":\"https:\/\/product-guide.org\/\"},{\"@type\":\"ListItem\",\"position\":2,\"name\":\"Ergebnisse\",\"item\":\"https:\/\/product-guide.org\/de\/ergebnisse\/\"},{\"@type\":\"ListItem\",\"position\":3,\"name\":\"HAIX Sicherheitsschuhe BLACK EAGLE Safety 50 mid schwarz, S3 Arbeitsschuhe, ESD Gr\u00f6\u00dfe:EU 44 \/ UK 9.5 | Wilpeg GmbH\"}]},{\"@type\":\"WebSite\",\"@id\":\"https:\/\/product-guide.org\/#website\",\"url\":\"https:\/\/product-guide.org\/\",\"name\":\"Product-Guide.org\",\"description\":\"What Product are you looking for?\",\"publisher\":{\"@id\":\"https:\/\/product-guide.org\/#organization\"},\"potentialAction\":[{\"@type\":\"SearchAction\",\"target\":{\"@type\":\"EntryPoint\",\"urlTemplate\":\"https:\/\/product-guide.org\/?s={search_term_string}\"},\"query-input\":{\"@type\":\"PropertyValueSpecification\",\"valueRequired\":true,\"valueName\":\"search_term_string\"}}],\"inLanguage\":\"en-GB\"},{\"@type\":\"Organization\",\"@id\":\"https:\/\/product-guide.org\/#organization\",\"name\":\"Product-Guide.org\",\"url\":\"https:\/\/product-guide.org\/\",\"logo\":{\"@type\":\"ImageObject\",\"inLanguage\":\"en-GB\",\"@id\":\"https:\/\/product-guide.org\/#\/schema\/logo\/image\/\",\"url\":\"https:\/\/product-guide.org\/wp-content\/uploads\/2022\/07\/logo_transparent_background.png\",\"contentUrl\":\"https:\/\/product-guide.org\/wp-content\/uploads\/2022\/07\/logo_transparent_background.png\",\"width\":3400,\"height\":1132,\"caption\":\"Product-Guide.org\"},\"image\":{\"@id\":\"https:\/\/product-guide.org\/#\/schema\/logo\/image\/\"}}]}<\/script>\n<!-- \/ Yoast SEO plugin. -->","yoast_head_json":{"title":"HAIX Sicherheitsschuhe BLACK EAGLE Safety 50 mid schwarz, S3 Arbeitsschuhe, ESD Gr\u00f6\u00dfe:EU 44 \/ UK 9.5 | Wilpeg GmbH | Product-Guide.org","description":"HAIX Sicherheitsschuhe BLACK EAGLE Safety 50 mid schwarz, S3 Arbeitsschuhe, ESD Gr\u00f6\u00dfe:EU 44 \/ UK 9.5 | Wilpeg GmbH gefunden von Product-Guide.org","robots":{"index":"index","follow":"follow","max-snippet":"max-snippet:-1","max-image-preview":"max-image-preview:large","max-video-preview":"max-video-preview:-1"},"canonical":"https:\/\/product-guide.org\/en\/produkt\/haix-sicherheitsschuhe-black-eagle-safety-50-mid-schwarz-s3-arbeitsschuhe-esd-groseeu-44-uk-9-5-wilpeg-gmbh\/","og_locale":"en_GB","og_type":"article","og_title":"HAIX Sicherheitsschuhe BLACK EAGLE Safety 50 mid schwarz, S3 Arbeitsschuhe, ESD Gr\u00f6\u00dfe:EU 44 \/ UK 9.5 | Wilpeg GmbH | Product-Guide.org","og_description":"HAIX Sicherheitsschuhe BLACK EAGLE Safety 50 mid schwarz, S3 Arbeitsschuhe, ESD Gr\u00f6\u00dfe:EU 44 \/ UK 9.5 | Wilpeg GmbH gefunden von Product-Guide.org","og_url":"https:\/\/product-guide.org\/en\/produkt\/haix-sicherheitsschuhe-black-eagle-safety-50-mid-schwarz-s3-arbeitsschuhe-esd-groseeu-44-uk-9-5-wilpeg-gmbh\/","og_site_name":"Product-Guide.org","twitter_card":"summary_large_image","schema":{"@context":"https:\/\/schema.org","@graph":[{"@type":"WebPage","@id":"https:\/\/product-guide.org\/produkt\/haix-sicherheitsschuhe-black-eagle-safety-50-mid-schwarz-s3-arbeitsschuhe-esd-groseeu-44-uk-9-5-wilpeg-gmbh\/","url":"https:\/\/product-guide.org\/produkt\/haix-sicherheitsschuhe-black-eagle-safety-50-mid-schwarz-s3-arbeitsschuhe-esd-groseeu-44-uk-9-5-wilpeg-gmbh\/","name":"HAIX Sicherheitsschuhe BLACK EAGLE Safety 50 mid schwarz, S3 Arbeitsschuhe, ESD Gr\u00f6\u00dfe:EU 44 \/ UK 9.5 | Wilpeg GmbH | Product-Guide.org","isPartOf":{"@id":"https:\/\/product-guide.org\/#website"},"primaryImageOfPage":{"@id":"https:\/\/product-guide.org\/produkt\/haix-sicherheitsschuhe-black-eagle-safety-50-mid-schwarz-s3-arbeitsschuhe-esd-groseeu-44-uk-9-5-wilpeg-gmbh\/#primaryimage"},"image":{"@id":"https:\/\/product-guide.org\/produkt\/haix-sicherheitsschuhe-black-eagle-safety-50-mid-schwarz-s3-arbeitsschuhe-esd-groseeu-44-uk-9-5-wilpeg-gmbh\/#primaryimage"},"thumbnailUrl":"https:\/\/product-guide.org\/wp-content\/uploads\/2025\/03\/HAIX-Sicherheitsschuhe-BLACK-EAGLE-Safety-53-mid-schwarz-S3-Arbeitsschuhe-wasserdicht-metallfrei-ESD-Sohle-atmungsaktiv-Sun-Reflect-995142050.jpg","datePublished":"2025-03-17T10:07:55+00:00","description":"HAIX Sicherheitsschuhe BLACK EAGLE Safety 50 mid schwarz, S3 Arbeitsschuhe, ESD Gr\u00f6\u00dfe:EU 44 \/ UK 9.5 | Wilpeg GmbH gefunden von Product-Guide.org","breadcrumb":{"@id":"https:\/\/product-guide.org\/produkt\/haix-sicherheitsschuhe-black-eagle-safety-50-mid-schwarz-s3-arbeitsschuhe-esd-groseeu-44-uk-9-5-wilpeg-gmbh\/#breadcrumb"},"inLanguage":"en-GB","potentialAction":[{"@type":"ReadAction","target":["https:\/\/product-guide.org\/produkt\/haix-sicherheitsschuhe-black-eagle-safety-50-mid-schwarz-s3-arbeitsschuhe-esd-groseeu-44-uk-9-5-wilpeg-gmbh\/"]}]},{"@type":"ImageObject","inLanguage":"en-GB","@id":"https:\/\/product-guide.org\/produkt\/haix-sicherheitsschuhe-black-eagle-safety-50-mid-schwarz-s3-arbeitsschuhe-esd-groseeu-44-uk-9-5-wilpeg-gmbh\/#primaryimage","url":"https:\/\/product-guide.org\/wp-content\/uploads\/2025\/03\/HAIX-Sicherheitsschuhe-BLACK-EAGLE-Safety-53-mid-schwarz-S3-Arbeitsschuhe-wasserdicht-metallfrei-ESD-Sohle-atmungsaktiv-Sun-Reflect-995142050.jpg","contentUrl":"https:\/\/product-guide.org\/wp-content\/uploads\/2025\/03\/HAIX-Sicherheitsschuhe-BLACK-EAGLE-Safety-53-mid-schwarz-S3-Arbeitsschuhe-wasserdicht-metallfrei-ESD-Sohle-atmungsaktiv-Sun-Reflect-995142050.jpg","width":1600,"height":1600},{"@type":"BreadcrumbList","@id":"https:\/\/product-guide.org\/produkt\/haix-sicherheitsschuhe-black-eagle-safety-50-mid-schwarz-s3-arbeitsschuhe-esd-groseeu-44-uk-9-5-wilpeg-gmbh\/#breadcrumb","itemListElement":[{"@type":"ListItem","position":1,"name":"Home","item":"https:\/\/product-guide.org\/"},{"@type":"ListItem","position":2,"name":"Ergebnisse","item":"https:\/\/product-guide.org\/de\/ergebnisse\/"},{"@type":"ListItem","position":3,"name":"HAIX Sicherheitsschuhe BLACK EAGLE Safety 50 mid schwarz, S3 Arbeitsschuhe, ESD Gr\u00f6\u00dfe:EU 44 \/ UK 9.5 | Wilpeg GmbH"}]},{"@type":"WebSite","@id":"https:\/\/product-guide.org\/#website","url":"https:\/\/product-guide.org\/","name":"Product-Guide.org","description":"What Product are you looking for?","publisher":{"@id":"https:\/\/product-guide.org\/#organization"},"potentialAction":[{"@type":"SearchAction","target":{"@type":"EntryPoint","urlTemplate":"https:\/\/product-guide.org\/?s={search_term_string}"},"query-input":{"@type":"PropertyValueSpecification","valueRequired":true,"valueName":"search_term_string"}}],"inLanguage":"en-GB"},{"@type":"Organization","@id":"https:\/\/product-guide.org\/#organization","name":"Product-Guide.org","url":"https:\/\/product-guide.org\/","logo":{"@type":"ImageObject","inLanguage":"en-GB","@id":"https:\/\/product-guide.org\/#\/schema\/logo\/image\/","url":"https:\/\/product-guide.org\/wp-content\/uploads\/2022\/07\/logo_transparent_background.png","contentUrl":"https:\/\/product-guide.org\/wp-content\/uploads\/2022\/07\/logo_transparent_background.png","width":3400,"height":1132,"caption":"Product-Guide.org"},"image":{"@id":"https:\/\/product-guide.org\/#\/schema\/logo\/image\/"}}]}},"_links":{"self":[{"href":"https:\/\/product-guide.org\/en\/wp-json\/wp\/v2\/product\/51061","targetHints":{"allow":["GET"]}}],"collection":[{"href":"https:\/\/product-guide.org\/en\/wp-json\/wp\/v2\/product"}],"about":[{"href":"https:\/\/product-guide.org\/en\/wp-json\/wp\/v2\/types\/product"}],"wp:featuredmedia":[{"embeddable":true,"href":"https:\/\/product-guide.org\/en\/wp-json\/wp\/v2\/media\/51059"}],"wp:attachment":[{"href":"https:\/\/product-guide.org\/en\/wp-json\/wp\/v2\/media?parent=51061"}],"wp:term":[{"taxonomy":"store","embeddable":true,"href":"https:\/\/product-guide.org\/en\/wp-json\/wp\/v2\/store?post=51061"},{"taxonomy":"product_brand","embeddable":true,"href":"https:\/\/product-guide.org\/en\/wp-json\/wp\/v2\/product_brand?post=51061"},{"taxonomy":"product_cat","embeddable":true,"href":"https:\/\/product-guide.org\/en\/wp-json\/wp\/v2\/product_cat?post=51061"},{"taxonomy":"product_tag","embeddable":true,"href":"https:\/\/product-guide.org\/en\/wp-json\/wp\/v2\/product_tag?post=51061"}],"curies":[{"name":"wp","href":"https:\/\/api.w.org\/{rel}","templated":true}]}}