{"id":51066,"date":"2025-03-17T11:07:58","date_gmt":"2025-03-17T10:07:58","guid":{"rendered":"https:\/\/product-guide.org\/produkt\/haix-sicherheitsschuhe-black-eagle-safety-56-low-arbeitsschuhe-atmungsaktiv-s3-groseeu-45-uk-10-wilpeg-gmbh\/"},"modified":"2025-03-17T11:07:58","modified_gmt":"2025-03-17T10:07:58","slug":"haix-sicherheitsschuhe-black-eagle-safety-56-low-arbeitsschuhe-atmungsaktiv-s3-groseeu-45-uk-10-wilpeg-gmbh","status":"publish","type":"product","link":"https:\/\/product-guide.org\/en\/produkt\/haix-sicherheitsschuhe-black-eagle-safety-56-low-arbeitsschuhe-atmungsaktiv-s3-groseeu-45-uk-10-wilpeg-gmbh\/","title":{"rendered":"HAIX Sicherheitsschuhe BLACK EAGLE Safety 56 low, Arbeitsschuhe atmungsaktiv S3 Gr\u00f6\u00dfe:EU 45 \/ UK 10 | Wilpeg GmbH"},"content":{"rendered":"<p>Luftiger Halbschuh mit erh\u00f6tem AbrollkomfortBLACK EAGLE Safety 56 low mit robustem Au\u00dfenleder. Der komfortable Schuh ist antistatisch, atmungsaktiv und mit einer entlastenden D\u00e4mpfung ausgestattet. Der Schuh hat einen erh\u00f6hten Abrollkomfort dank seiner leichten PU-Sohle. Zudem ist eine Neubesohlung des Arbeitsschuhs m\u00f6glich.Antistatisch dank ESDF\u00fcr die Arbeit mit elektronischen Bauteilen. DerBlack Eagle Safety 56 low ist elektrostatisch ableitend. Daf\u00fcr sorgt ESD nach DIN-EN 61340-5.Widerstandsf\u00e4hig dank Protective capDer Black Eagle Safety 56 low h\u00e4lt den Widerst\u00e4nden im Arbeitsalltag stand: Ideal f\u00fcr Jobs mit Ecken und Kanten. Die Protective cap ist eine Au\u00dfenkappe, die den Schuh l\u00e4ngere Lebensdauer garantiert, denn sie sorgt f\u00fcr zus\u00e4tzlichen Schutz und h\u00f6chste Widerstandsf\u00e4higkeit gegen Abrieb.Robust und sicher durch Au\u00dfenlederDie F\u00fc\u00dfe bleiben unversehrt, denn der Sicherheitsschuh erweist sich als extrem robust. Daf\u00fcr sorgt das widerstandsf\u00e4hige Au\u00dfenleder, dem spitze Gegenst\u00e4nde oder scharfe Kanten nichts anhaben k\u00f6nnen.Maximale Sicherheit durch Sicherheitsklasse S3Die Gesundheit ist wichtig. Der Bauschuh bietet Rundumschutz f\u00fcr den Fu\u00df, denn er ist durchtrittsicher, wasserdicht, rutschhemmend und sto\u00dffest. Daf\u00fcr sorgen die hohen Anspr\u00fcche der h\u00f6chsten Sicherheitsklasse S3.Entlastende D\u00e4mpfung mit HAIX AbsorptionAngenehmes Tragegef\u00fchl, selbst wenn man mehrere Stunden unterwegs ist. Denn der eingearbeitete D\u00e4mpfungskeil im Inneren federt jeden Schritt ab.Passgenau dank spezieller LeistenDer passende Schuh f\u00fcr jeden Fu\u00df. Dank speziell entwickelter Leisten sitzt der Black Eagle Safety 56 low perfekt und sorgt so f\u00fcr das H\u00f6chstma\u00df an Tragekomfort, den ganzen Tag.Orthop\u00e4dische EinlagenDer Schuh wurde nach der Norm DGUV 112-191 (BGR 191) gepr\u00fcft und ist daher f\u00fcr orthop\u00e4dische Einlagen zugelassen. Dadurch kann der Schuh noch optimaler an den Fu\u00df angepasst und dessen anatomischer Aufbau unterst\u00fctzt werden.Weitere Schuhgr\u00f6\u00dfen auf Anfrage. Zertifizierung gem\u00e4\u00df: EN ISO 20345:2011 S3 HRO HI CI WR SRCFarbe: schwarzH\u00f6he in cm: 8 cmObermaterial: LederSchnittschutzklasse: kein SchnittschutzSicherheitsklasse: S3Verschluss: klassische Schn\u00fcrungWasserdicht: wasserabweisendLederdicke: 2,0 &#8211; 2,2 Biozid: 0<\/p>\n","protected":false},"excerpt":{"rendered":"<p>Luftiger Halbschuh mit erh\u00f6tem AbrollkomfortBLACK EAGLE Safety 56 low mit robustem Au\u00dfenleder. Der komfortable Schuh ist antistatisch, atmungsaktiv und mit einer entlastenden D\u00e4mpfung ausgestattet. Der Schuh hat einen erh\u00f6hten Abrollkomfort dank seiner leichten PU-Sohle. Zudem ist eine Neubesohlung des Arbeitsschuhs m\u00f6glich.Antistatisch dank ESDF\u00fcr die Arbeit mit elektronischen Bauteilen. DerBlack Eagle Safety 56 low ist elektrostatisch [&hellip;]<\/p>\n","protected":false},"featured_media":51062,"template":"","meta":{"_gspb_post_css":""},"store":[],"product_brand":[1384],"product_cat":[1290],"product_tag":[],"class_list":{"0":"post-51066","1":"product","2":"type-product","3":"status-publish","4":"has-post-thumbnail","6":"product_brand-wilpeg-gmbh","7":"product_cat-uncategorized","9":"first","10":"instock","11":"shipping-taxable","12":"purchasable","13":"product-type-simple"},"yoast_head":"<!-- This site is optimized with the Yoast SEO plugin v24.6 - https:\/\/yoast.com\/wordpress\/plugins\/seo\/ -->\n<title>HAIX Sicherheitsschuhe BLACK EAGLE Safety 56 low, Arbeitsschuhe atmungsaktiv S3 Gr\u00f6\u00dfe:EU 45 \/ UK 10 | Wilpeg GmbH | Product-Guide.org<\/title>\n<meta name=\"description\" content=\"HAIX Sicherheitsschuhe BLACK EAGLE Safety 56 low, Arbeitsschuhe atmungsaktiv S3 Gr\u00f6\u00dfe:EU 45 \/ UK 10 | Wilpeg GmbH gefunden von Product-Guide.org\" \/>\n<meta name=\"robots\" content=\"index, follow, max-snippet:-1, max-image-preview:large, max-video-preview:-1\" \/>\n<link rel=\"canonical\" href=\"https:\/\/product-guide.org\/en\/produkt\/haix-sicherheitsschuhe-black-eagle-safety-56-low-arbeitsschuhe-atmungsaktiv-s3-groseeu-45-uk-10-wilpeg-gmbh\/\" \/>\n<meta property=\"og:locale\" content=\"en_GB\" \/>\n<meta property=\"og:type\" content=\"article\" \/>\n<meta property=\"og:title\" content=\"HAIX Sicherheitsschuhe BLACK EAGLE Safety 56 low, Arbeitsschuhe atmungsaktiv S3 Gr\u00f6\u00dfe:EU 45 \/ UK 10 | Wilpeg GmbH | Product-Guide.org\" \/>\n<meta property=\"og:description\" content=\"HAIX Sicherheitsschuhe BLACK EAGLE Safety 56 low, Arbeitsschuhe atmungsaktiv S3 Gr\u00f6\u00dfe:EU 45 \/ UK 10 | Wilpeg GmbH gefunden von Product-Guide.org\" \/>\n<meta property=\"og:url\" content=\"https:\/\/product-guide.org\/en\/produkt\/haix-sicherheitsschuhe-black-eagle-safety-56-low-arbeitsschuhe-atmungsaktiv-s3-groseeu-45-uk-10-wilpeg-gmbh\/\" \/>\n<meta property=\"og:site_name\" content=\"Product-Guide.org\" \/>\n<meta name=\"twitter:card\" content=\"summary_large_image\" \/>\n<script type=\"application\/ld+json\" class=\"yoast-schema-graph\">{\"@context\":\"https:\/\/schema.org\",\"@graph\":[{\"@type\":\"WebPage\",\"@id\":\"https:\/\/product-guide.org\/produkt\/haix-sicherheitsschuhe-black-eagle-safety-56-low-arbeitsschuhe-atmungsaktiv-s3-groseeu-45-uk-10-wilpeg-gmbh\/\",\"url\":\"https:\/\/product-guide.org\/produkt\/haix-sicherheitsschuhe-black-eagle-safety-56-low-arbeitsschuhe-atmungsaktiv-s3-groseeu-45-uk-10-wilpeg-gmbh\/\",\"name\":\"HAIX Sicherheitsschuhe BLACK EAGLE Safety 56 low, Arbeitsschuhe atmungsaktiv S3 Gr\u00f6\u00dfe:EU 45 \/ UK 10 | Wilpeg GmbH | Product-Guide.org\",\"isPartOf\":{\"@id\":\"https:\/\/product-guide.org\/#website\"},\"primaryImageOfPage\":{\"@id\":\"https:\/\/product-guide.org\/produkt\/haix-sicherheitsschuhe-black-eagle-safety-56-low-arbeitsschuhe-atmungsaktiv-s3-groseeu-45-uk-10-wilpeg-gmbh\/#primaryimage\"},\"image\":{\"@id\":\"https:\/\/product-guide.org\/produkt\/haix-sicherheitsschuhe-black-eagle-safety-56-low-arbeitsschuhe-atmungsaktiv-s3-groseeu-45-uk-10-wilpeg-gmbh\/#primaryimage\"},\"thumbnailUrl\":\"https:\/\/product-guide.org\/wp-content\/uploads\/2025\/03\/HAIX-Sicherheitsschuhe-BLACK-EAGLE-Safety-56-low-schwarz-Arbeitsschuhe-atmungsaktiv-robust-S3-610012-995142054_1.jpg\",\"datePublished\":\"2025-03-17T10:07:58+00:00\",\"description\":\"HAIX Sicherheitsschuhe BLACK EAGLE Safety 56 low, Arbeitsschuhe atmungsaktiv S3 Gr\u00f6\u00dfe:EU 45 \/ UK 10 | Wilpeg GmbH gefunden von Product-Guide.org\",\"breadcrumb\":{\"@id\":\"https:\/\/product-guide.org\/produkt\/haix-sicherheitsschuhe-black-eagle-safety-56-low-arbeitsschuhe-atmungsaktiv-s3-groseeu-45-uk-10-wilpeg-gmbh\/#breadcrumb\"},\"inLanguage\":\"en-GB\",\"potentialAction\":[{\"@type\":\"ReadAction\",\"target\":[\"https:\/\/product-guide.org\/produkt\/haix-sicherheitsschuhe-black-eagle-safety-56-low-arbeitsschuhe-atmungsaktiv-s3-groseeu-45-uk-10-wilpeg-gmbh\/\"]}]},{\"@type\":\"ImageObject\",\"inLanguage\":\"en-GB\",\"@id\":\"https:\/\/product-guide.org\/produkt\/haix-sicherheitsschuhe-black-eagle-safety-56-low-arbeitsschuhe-atmungsaktiv-s3-groseeu-45-uk-10-wilpeg-gmbh\/#primaryimage\",\"url\":\"https:\/\/product-guide.org\/wp-content\/uploads\/2025\/03\/HAIX-Sicherheitsschuhe-BLACK-EAGLE-Safety-56-low-schwarz-Arbeitsschuhe-atmungsaktiv-robust-S3-610012-995142054_1.jpg\",\"contentUrl\":\"https:\/\/product-guide.org\/wp-content\/uploads\/2025\/03\/HAIX-Sicherheitsschuhe-BLACK-EAGLE-Safety-56-low-schwarz-Arbeitsschuhe-atmungsaktiv-robust-S3-610012-995142054_1.jpg\",\"width\":1600,\"height\":1600},{\"@type\":\"BreadcrumbList\",\"@id\":\"https:\/\/product-guide.org\/produkt\/haix-sicherheitsschuhe-black-eagle-safety-56-low-arbeitsschuhe-atmungsaktiv-s3-groseeu-45-uk-10-wilpeg-gmbh\/#breadcrumb\",\"itemListElement\":[{\"@type\":\"ListItem\",\"position\":1,\"name\":\"Home\",\"item\":\"https:\/\/product-guide.org\/\"},{\"@type\":\"ListItem\",\"position\":2,\"name\":\"Ergebnisse\",\"item\":\"https:\/\/product-guide.org\/de\/ergebnisse\/\"},{\"@type\":\"ListItem\",\"position\":3,\"name\":\"HAIX Sicherheitsschuhe BLACK EAGLE Safety 56 low, Arbeitsschuhe atmungsaktiv S3 Gr\u00f6\u00dfe:EU 45 \/ UK 10 | Wilpeg GmbH\"}]},{\"@type\":\"WebSite\",\"@id\":\"https:\/\/product-guide.org\/#website\",\"url\":\"https:\/\/product-guide.org\/\",\"name\":\"Product-Guide.org\",\"description\":\"What Product are you looking for?\",\"publisher\":{\"@id\":\"https:\/\/product-guide.org\/#organization\"},\"potentialAction\":[{\"@type\":\"SearchAction\",\"target\":{\"@type\":\"EntryPoint\",\"urlTemplate\":\"https:\/\/product-guide.org\/?s={search_term_string}\"},\"query-input\":{\"@type\":\"PropertyValueSpecification\",\"valueRequired\":true,\"valueName\":\"search_term_string\"}}],\"inLanguage\":\"en-GB\"},{\"@type\":\"Organization\",\"@id\":\"https:\/\/product-guide.org\/#organization\",\"name\":\"Product-Guide.org\",\"url\":\"https:\/\/product-guide.org\/\",\"logo\":{\"@type\":\"ImageObject\",\"inLanguage\":\"en-GB\",\"@id\":\"https:\/\/product-guide.org\/#\/schema\/logo\/image\/\",\"url\":\"https:\/\/product-guide.org\/wp-content\/uploads\/2022\/07\/logo_transparent_background.png\",\"contentUrl\":\"https:\/\/product-guide.org\/wp-content\/uploads\/2022\/07\/logo_transparent_background.png\",\"width\":3400,\"height\":1132,\"caption\":\"Product-Guide.org\"},\"image\":{\"@id\":\"https:\/\/product-guide.org\/#\/schema\/logo\/image\/\"}}]}<\/script>\n<!-- \/ Yoast SEO plugin. -->","yoast_head_json":{"title":"HAIX Sicherheitsschuhe BLACK EAGLE Safety 56 low, Arbeitsschuhe atmungsaktiv S3 Gr\u00f6\u00dfe:EU 45 \/ UK 10 | Wilpeg GmbH | Product-Guide.org","description":"HAIX Sicherheitsschuhe BLACK EAGLE Safety 56 low, Arbeitsschuhe atmungsaktiv S3 Gr\u00f6\u00dfe:EU 45 \/ UK 10 | Wilpeg GmbH gefunden von Product-Guide.org","robots":{"index":"index","follow":"follow","max-snippet":"max-snippet:-1","max-image-preview":"max-image-preview:large","max-video-preview":"max-video-preview:-1"},"canonical":"https:\/\/product-guide.org\/en\/produkt\/haix-sicherheitsschuhe-black-eagle-safety-56-low-arbeitsschuhe-atmungsaktiv-s3-groseeu-45-uk-10-wilpeg-gmbh\/","og_locale":"en_GB","og_type":"article","og_title":"HAIX Sicherheitsschuhe BLACK EAGLE Safety 56 low, Arbeitsschuhe atmungsaktiv S3 Gr\u00f6\u00dfe:EU 45 \/ UK 10 | Wilpeg GmbH | Product-Guide.org","og_description":"HAIX Sicherheitsschuhe BLACK EAGLE Safety 56 low, Arbeitsschuhe atmungsaktiv S3 Gr\u00f6\u00dfe:EU 45 \/ UK 10 | Wilpeg GmbH gefunden von Product-Guide.org","og_url":"https:\/\/product-guide.org\/en\/produkt\/haix-sicherheitsschuhe-black-eagle-safety-56-low-arbeitsschuhe-atmungsaktiv-s3-groseeu-45-uk-10-wilpeg-gmbh\/","og_site_name":"Product-Guide.org","twitter_card":"summary_large_image","schema":{"@context":"https:\/\/schema.org","@graph":[{"@type":"WebPage","@id":"https:\/\/product-guide.org\/produkt\/haix-sicherheitsschuhe-black-eagle-safety-56-low-arbeitsschuhe-atmungsaktiv-s3-groseeu-45-uk-10-wilpeg-gmbh\/","url":"https:\/\/product-guide.org\/produkt\/haix-sicherheitsschuhe-black-eagle-safety-56-low-arbeitsschuhe-atmungsaktiv-s3-groseeu-45-uk-10-wilpeg-gmbh\/","name":"HAIX Sicherheitsschuhe BLACK EAGLE Safety 56 low, Arbeitsschuhe atmungsaktiv S3 Gr\u00f6\u00dfe:EU 45 \/ UK 10 | Wilpeg GmbH | Product-Guide.org","isPartOf":{"@id":"https:\/\/product-guide.org\/#website"},"primaryImageOfPage":{"@id":"https:\/\/product-guide.org\/produkt\/haix-sicherheitsschuhe-black-eagle-safety-56-low-arbeitsschuhe-atmungsaktiv-s3-groseeu-45-uk-10-wilpeg-gmbh\/#primaryimage"},"image":{"@id":"https:\/\/product-guide.org\/produkt\/haix-sicherheitsschuhe-black-eagle-safety-56-low-arbeitsschuhe-atmungsaktiv-s3-groseeu-45-uk-10-wilpeg-gmbh\/#primaryimage"},"thumbnailUrl":"https:\/\/product-guide.org\/wp-content\/uploads\/2025\/03\/HAIX-Sicherheitsschuhe-BLACK-EAGLE-Safety-56-low-schwarz-Arbeitsschuhe-atmungsaktiv-robust-S3-610012-995142054_1.jpg","datePublished":"2025-03-17T10:07:58+00:00","description":"HAIX Sicherheitsschuhe BLACK EAGLE Safety 56 low, Arbeitsschuhe atmungsaktiv S3 Gr\u00f6\u00dfe:EU 45 \/ UK 10 | Wilpeg GmbH gefunden von Product-Guide.org","breadcrumb":{"@id":"https:\/\/product-guide.org\/produkt\/haix-sicherheitsschuhe-black-eagle-safety-56-low-arbeitsschuhe-atmungsaktiv-s3-groseeu-45-uk-10-wilpeg-gmbh\/#breadcrumb"},"inLanguage":"en-GB","potentialAction":[{"@type":"ReadAction","target":["https:\/\/product-guide.org\/produkt\/haix-sicherheitsschuhe-black-eagle-safety-56-low-arbeitsschuhe-atmungsaktiv-s3-groseeu-45-uk-10-wilpeg-gmbh\/"]}]},{"@type":"ImageObject","inLanguage":"en-GB","@id":"https:\/\/product-guide.org\/produkt\/haix-sicherheitsschuhe-black-eagle-safety-56-low-arbeitsschuhe-atmungsaktiv-s3-groseeu-45-uk-10-wilpeg-gmbh\/#primaryimage","url":"https:\/\/product-guide.org\/wp-content\/uploads\/2025\/03\/HAIX-Sicherheitsschuhe-BLACK-EAGLE-Safety-56-low-schwarz-Arbeitsschuhe-atmungsaktiv-robust-S3-610012-995142054_1.jpg","contentUrl":"https:\/\/product-guide.org\/wp-content\/uploads\/2025\/03\/HAIX-Sicherheitsschuhe-BLACK-EAGLE-Safety-56-low-schwarz-Arbeitsschuhe-atmungsaktiv-robust-S3-610012-995142054_1.jpg","width":1600,"height":1600},{"@type":"BreadcrumbList","@id":"https:\/\/product-guide.org\/produkt\/haix-sicherheitsschuhe-black-eagle-safety-56-low-arbeitsschuhe-atmungsaktiv-s3-groseeu-45-uk-10-wilpeg-gmbh\/#breadcrumb","itemListElement":[{"@type":"ListItem","position":1,"name":"Home","item":"https:\/\/product-guide.org\/"},{"@type":"ListItem","position":2,"name":"Ergebnisse","item":"https:\/\/product-guide.org\/de\/ergebnisse\/"},{"@type":"ListItem","position":3,"name":"HAIX Sicherheitsschuhe BLACK EAGLE Safety 56 low, Arbeitsschuhe atmungsaktiv S3 Gr\u00f6\u00dfe:EU 45 \/ UK 10 | Wilpeg GmbH"}]},{"@type":"WebSite","@id":"https:\/\/product-guide.org\/#website","url":"https:\/\/product-guide.org\/","name":"Product-Guide.org","description":"What Product are you looking for?","publisher":{"@id":"https:\/\/product-guide.org\/#organization"},"potentialAction":[{"@type":"SearchAction","target":{"@type":"EntryPoint","urlTemplate":"https:\/\/product-guide.org\/?s={search_term_string}"},"query-input":{"@type":"PropertyValueSpecification","valueRequired":true,"valueName":"search_term_string"}}],"inLanguage":"en-GB"},{"@type":"Organization","@id":"https:\/\/product-guide.org\/#organization","name":"Product-Guide.org","url":"https:\/\/product-guide.org\/","logo":{"@type":"ImageObject","inLanguage":"en-GB","@id":"https:\/\/product-guide.org\/#\/schema\/logo\/image\/","url":"https:\/\/product-guide.org\/wp-content\/uploads\/2022\/07\/logo_transparent_background.png","contentUrl":"https:\/\/product-guide.org\/wp-content\/uploads\/2022\/07\/logo_transparent_background.png","width":3400,"height":1132,"caption":"Product-Guide.org"},"image":{"@id":"https:\/\/product-guide.org\/#\/schema\/logo\/image\/"}}]}},"_links":{"self":[{"href":"https:\/\/product-guide.org\/en\/wp-json\/wp\/v2\/product\/51066","targetHints":{"allow":["GET"]}}],"collection":[{"href":"https:\/\/product-guide.org\/en\/wp-json\/wp\/v2\/product"}],"about":[{"href":"https:\/\/product-guide.org\/en\/wp-json\/wp\/v2\/types\/product"}],"wp:featuredmedia":[{"embeddable":true,"href":"https:\/\/product-guide.org\/en\/wp-json\/wp\/v2\/media\/51062"}],"wp:attachment":[{"href":"https:\/\/product-guide.org\/en\/wp-json\/wp\/v2\/media?parent=51066"}],"wp:term":[{"taxonomy":"store","embeddable":true,"href":"https:\/\/product-guide.org\/en\/wp-json\/wp\/v2\/store?post=51066"},{"taxonomy":"product_brand","embeddable":true,"href":"https:\/\/product-guide.org\/en\/wp-json\/wp\/v2\/product_brand?post=51066"},{"taxonomy":"product_cat","embeddable":true,"href":"https:\/\/product-guide.org\/en\/wp-json\/wp\/v2\/product_cat?post=51066"},{"taxonomy":"product_tag","embeddable":true,"href":"https:\/\/product-guide.org\/en\/wp-json\/wp\/v2\/product_tag?post=51066"}],"curies":[{"name":"wp","href":"https:\/\/api.w.org\/{rel}","templated":true}]}}