{"id":51285,"date":"2025-03-17T11:11:17","date_gmt":"2025-03-17T10:11:17","guid":{"rendered":"https:\/\/product-guide.org\/produkt\/2-pack-scarlet-long-singlet-gina-tricot-de-10\/"},"modified":"2025-03-17T11:11:17","modified_gmt":"2025-03-17T10:11:17","slug":"2-pack-scarlet-long-singlet-gina-tricot-de-10","status":"publish","type":"product","link":"https:\/\/product-guide.org\/en\/produkt\/2-pack-scarlet-long-singlet-gina-tricot-de-10\/","title":{"rendered":"2-pack scarlet long singlet | Gina Tricot DE"},"content":{"rendered":"<p>2er-Pack Leibchen mit d\u00fcnnen Tr\u00e4gerb\u00e4ndern. Die Leibchen sind schwarz und wei\u03b2 und haben l\u00e4ngere Passform.<\/p>\n","protected":false},"excerpt":{"rendered":"<p>2er-Pack Leibchen mit d\u00fcnnen Tr\u00e4gerb\u00e4ndern. Die Leibchen sind schwarz und wei\u03b2 und haben l\u00e4ngere Passform.<\/p>\n","protected":false},"featured_media":51280,"template":"","meta":{"_gspb_post_css":""},"store":[],"product_brand":[1386],"product_cat":[1290],"product_tag":[],"class_list":{"0":"post-51285","1":"product","2":"type-product","3":"status-publish","4":"has-post-thumbnail","6":"product_brand-gina-tricot-de","7":"product_cat-uncategorized","9":"first","10":"instock","11":"shipping-taxable","12":"purchasable","13":"product-type-simple"},"yoast_head":"<!-- This site is optimized with the Yoast SEO plugin v24.6 - https:\/\/yoast.com\/wordpress\/plugins\/seo\/ -->\n<title>2-pack scarlet long singlet | Gina Tricot DE | Product-Guide.org<\/title>\n<meta name=\"description\" content=\"2-pack scarlet long singlet | Gina Tricot DE gefunden von Product-Guide.org\" \/>\n<meta name=\"robots\" content=\"index, follow, max-snippet:-1, max-image-preview:large, max-video-preview:-1\" \/>\n<link rel=\"canonical\" href=\"https:\/\/product-guide.org\/en\/produkt\/2-pack-scarlet-long-singlet-gina-tricot-de-10\/\" \/>\n<meta property=\"og:locale\" content=\"en_GB\" \/>\n<meta property=\"og:type\" content=\"article\" \/>\n<meta property=\"og:title\" content=\"2-pack scarlet long singlet | Gina Tricot DE | Product-Guide.org\" \/>\n<meta property=\"og:description\" content=\"2-pack scarlet long singlet | Gina Tricot DE gefunden von Product-Guide.org\" \/>\n<meta property=\"og:url\" content=\"https:\/\/product-guide.org\/en\/produkt\/2-pack-scarlet-long-singlet-gina-tricot-de-10\/\" \/>\n<meta property=\"og:site_name\" content=\"Product-Guide.org\" \/>\n<meta name=\"twitter:card\" content=\"summary_large_image\" \/>\n<script type=\"application\/ld+json\" class=\"yoast-schema-graph\">{\"@context\":\"https:\/\/schema.org\",\"@graph\":[{\"@type\":\"WebPage\",\"@id\":\"https:\/\/product-guide.org\/produkt\/2-pack-scarlet-long-singlet-gina-tricot-de-10\/\",\"url\":\"https:\/\/product-guide.org\/produkt\/2-pack-scarlet-long-singlet-gina-tricot-de-10\/\",\"name\":\"2-pack scarlet long singlet | Gina Tricot DE | Product-Guide.org\",\"isPartOf\":{\"@id\":\"https:\/\/product-guide.org\/#website\"},\"primaryImageOfPage\":{\"@id\":\"https:\/\/product-guide.org\/produkt\/2-pack-scarlet-long-singlet-gina-tricot-de-10\/#primaryimage\"},\"image\":{\"@id\":\"https:\/\/product-guide.org\/produkt\/2-pack-scarlet-long-singlet-gina-tricot-de-10\/#primaryimage\"},\"thumbnailUrl\":\"https:\/\/product-guide.org\/wp-content\/uploads\/2025\/03\/87835905001.jpg\",\"datePublished\":\"2025-03-17T10:11:17+00:00\",\"description\":\"2-pack scarlet long singlet | Gina Tricot DE gefunden von Product-Guide.org\",\"breadcrumb\":{\"@id\":\"https:\/\/product-guide.org\/produkt\/2-pack-scarlet-long-singlet-gina-tricot-de-10\/#breadcrumb\"},\"inLanguage\":\"en-GB\",\"potentialAction\":[{\"@type\":\"ReadAction\",\"target\":[\"https:\/\/product-guide.org\/produkt\/2-pack-scarlet-long-singlet-gina-tricot-de-10\/\"]}]},{\"@type\":\"ImageObject\",\"inLanguage\":\"en-GB\",\"@id\":\"https:\/\/product-guide.org\/produkt\/2-pack-scarlet-long-singlet-gina-tricot-de-10\/#primaryimage\",\"url\":\"https:\/\/product-guide.org\/wp-content\/uploads\/2025\/03\/87835905001.jpg\",\"contentUrl\":\"https:\/\/product-guide.org\/wp-content\/uploads\/2025\/03\/87835905001.jpg\",\"width\":950,\"height\":1425},{\"@type\":\"BreadcrumbList\",\"@id\":\"https:\/\/product-guide.org\/produkt\/2-pack-scarlet-long-singlet-gina-tricot-de-10\/#breadcrumb\",\"itemListElement\":[{\"@type\":\"ListItem\",\"position\":1,\"name\":\"Home\",\"item\":\"https:\/\/product-guide.org\/\"},{\"@type\":\"ListItem\",\"position\":2,\"name\":\"Ergebnisse\",\"item\":\"https:\/\/product-guide.org\/de\/ergebnisse\/\"},{\"@type\":\"ListItem\",\"position\":3,\"name\":\"2-pack scarlet long singlet | Gina Tricot DE\"}]},{\"@type\":\"WebSite\",\"@id\":\"https:\/\/product-guide.org\/#website\",\"url\":\"https:\/\/product-guide.org\/\",\"name\":\"Product-Guide.org\",\"description\":\"What Product are you looking for?\",\"publisher\":{\"@id\":\"https:\/\/product-guide.org\/#organization\"},\"potentialAction\":[{\"@type\":\"SearchAction\",\"target\":{\"@type\":\"EntryPoint\",\"urlTemplate\":\"https:\/\/product-guide.org\/?s={search_term_string}\"},\"query-input\":{\"@type\":\"PropertyValueSpecification\",\"valueRequired\":true,\"valueName\":\"search_term_string\"}}],\"inLanguage\":\"en-GB\"},{\"@type\":\"Organization\",\"@id\":\"https:\/\/product-guide.org\/#organization\",\"name\":\"Product-Guide.org\",\"url\":\"https:\/\/product-guide.org\/\",\"logo\":{\"@type\":\"ImageObject\",\"inLanguage\":\"en-GB\",\"@id\":\"https:\/\/product-guide.org\/#\/schema\/logo\/image\/\",\"url\":\"https:\/\/product-guide.org\/wp-content\/uploads\/2022\/07\/logo_transparent_background.png\",\"contentUrl\":\"https:\/\/product-guide.org\/wp-content\/uploads\/2022\/07\/logo_transparent_background.png\",\"width\":3400,\"height\":1132,\"caption\":\"Product-Guide.org\"},\"image\":{\"@id\":\"https:\/\/product-guide.org\/#\/schema\/logo\/image\/\"}}]}<\/script>\n<!-- \/ Yoast SEO plugin. -->","yoast_head_json":{"title":"2-pack scarlet long singlet | Gina Tricot DE | Product-Guide.org","description":"2-pack scarlet long singlet | Gina Tricot DE gefunden von Product-Guide.org","robots":{"index":"index","follow":"follow","max-snippet":"max-snippet:-1","max-image-preview":"max-image-preview:large","max-video-preview":"max-video-preview:-1"},"canonical":"https:\/\/product-guide.org\/en\/produkt\/2-pack-scarlet-long-singlet-gina-tricot-de-10\/","og_locale":"en_GB","og_type":"article","og_title":"2-pack scarlet long singlet | Gina Tricot DE | Product-Guide.org","og_description":"2-pack scarlet long singlet | Gina Tricot DE gefunden von Product-Guide.org","og_url":"https:\/\/product-guide.org\/en\/produkt\/2-pack-scarlet-long-singlet-gina-tricot-de-10\/","og_site_name":"Product-Guide.org","twitter_card":"summary_large_image","schema":{"@context":"https:\/\/schema.org","@graph":[{"@type":"WebPage","@id":"https:\/\/product-guide.org\/produkt\/2-pack-scarlet-long-singlet-gina-tricot-de-10\/","url":"https:\/\/product-guide.org\/produkt\/2-pack-scarlet-long-singlet-gina-tricot-de-10\/","name":"2-pack scarlet long singlet | Gina Tricot DE | Product-Guide.org","isPartOf":{"@id":"https:\/\/product-guide.org\/#website"},"primaryImageOfPage":{"@id":"https:\/\/product-guide.org\/produkt\/2-pack-scarlet-long-singlet-gina-tricot-de-10\/#primaryimage"},"image":{"@id":"https:\/\/product-guide.org\/produkt\/2-pack-scarlet-long-singlet-gina-tricot-de-10\/#primaryimage"},"thumbnailUrl":"https:\/\/product-guide.org\/wp-content\/uploads\/2025\/03\/87835905001.jpg","datePublished":"2025-03-17T10:11:17+00:00","description":"2-pack scarlet long singlet | Gina Tricot DE gefunden von Product-Guide.org","breadcrumb":{"@id":"https:\/\/product-guide.org\/produkt\/2-pack-scarlet-long-singlet-gina-tricot-de-10\/#breadcrumb"},"inLanguage":"en-GB","potentialAction":[{"@type":"ReadAction","target":["https:\/\/product-guide.org\/produkt\/2-pack-scarlet-long-singlet-gina-tricot-de-10\/"]}]},{"@type":"ImageObject","inLanguage":"en-GB","@id":"https:\/\/product-guide.org\/produkt\/2-pack-scarlet-long-singlet-gina-tricot-de-10\/#primaryimage","url":"https:\/\/product-guide.org\/wp-content\/uploads\/2025\/03\/87835905001.jpg","contentUrl":"https:\/\/product-guide.org\/wp-content\/uploads\/2025\/03\/87835905001.jpg","width":950,"height":1425},{"@type":"BreadcrumbList","@id":"https:\/\/product-guide.org\/produkt\/2-pack-scarlet-long-singlet-gina-tricot-de-10\/#breadcrumb","itemListElement":[{"@type":"ListItem","position":1,"name":"Home","item":"https:\/\/product-guide.org\/"},{"@type":"ListItem","position":2,"name":"Ergebnisse","item":"https:\/\/product-guide.org\/de\/ergebnisse\/"},{"@type":"ListItem","position":3,"name":"2-pack scarlet long singlet | Gina Tricot DE"}]},{"@type":"WebSite","@id":"https:\/\/product-guide.org\/#website","url":"https:\/\/product-guide.org\/","name":"Product-Guide.org","description":"What Product are you looking for?","publisher":{"@id":"https:\/\/product-guide.org\/#organization"},"potentialAction":[{"@type":"SearchAction","target":{"@type":"EntryPoint","urlTemplate":"https:\/\/product-guide.org\/?s={search_term_string}"},"query-input":{"@type":"PropertyValueSpecification","valueRequired":true,"valueName":"search_term_string"}}],"inLanguage":"en-GB"},{"@type":"Organization","@id":"https:\/\/product-guide.org\/#organization","name":"Product-Guide.org","url":"https:\/\/product-guide.org\/","logo":{"@type":"ImageObject","inLanguage":"en-GB","@id":"https:\/\/product-guide.org\/#\/schema\/logo\/image\/","url":"https:\/\/product-guide.org\/wp-content\/uploads\/2022\/07\/logo_transparent_background.png","contentUrl":"https:\/\/product-guide.org\/wp-content\/uploads\/2022\/07\/logo_transparent_background.png","width":3400,"height":1132,"caption":"Product-Guide.org"},"image":{"@id":"https:\/\/product-guide.org\/#\/schema\/logo\/image\/"}}]}},"_links":{"self":[{"href":"https:\/\/product-guide.org\/en\/wp-json\/wp\/v2\/product\/51285","targetHints":{"allow":["GET"]}}],"collection":[{"href":"https:\/\/product-guide.org\/en\/wp-json\/wp\/v2\/product"}],"about":[{"href":"https:\/\/product-guide.org\/en\/wp-json\/wp\/v2\/types\/product"}],"wp:featuredmedia":[{"embeddable":true,"href":"https:\/\/product-guide.org\/en\/wp-json\/wp\/v2\/media\/51280"}],"wp:attachment":[{"href":"https:\/\/product-guide.org\/en\/wp-json\/wp\/v2\/media?parent=51285"}],"wp:term":[{"taxonomy":"store","embeddable":true,"href":"https:\/\/product-guide.org\/en\/wp-json\/wp\/v2\/store?post=51285"},{"taxonomy":"product_brand","embeddable":true,"href":"https:\/\/product-guide.org\/en\/wp-json\/wp\/v2\/product_brand?post=51285"},{"taxonomy":"product_cat","embeddable":true,"href":"https:\/\/product-guide.org\/en\/wp-json\/wp\/v2\/product_cat?post=51285"},{"taxonomy":"product_tag","embeddable":true,"href":"https:\/\/product-guide.org\/en\/wp-json\/wp\/v2\/product_tag?post=51285"}],"curies":[{"name":"wp","href":"https:\/\/api.w.org\/{rel}","templated":true}]}}