{"id":51427,"date":"2025-03-17T11:13:31","date_gmt":"2025-03-17T10:13:31","guid":{"rendered":"https:\/\/product-guide.org\/produkt\/gahns-hydrozone-ointment-50-ml-gents-de\/"},"modified":"2025-03-17T11:13:31","modified_gmt":"2025-03-17T10:13:31","slug":"gahns-hydrozone-ointment-50-ml-gents-de","status":"publish","type":"product","link":"https:\/\/product-guide.org\/en\/produkt\/gahns-hydrozone-ointment-50-ml-gents-de\/","title":{"rendered":"Gahn&#8217;s Hydrozone Ointment (50 ml) | Gents DE"},"content":{"rendered":"<p>Die Hydrozonensalbe von Gahn hilft bei kleinen Wunden, Insektenstichen oder leichten Hautreizungen. Sie enth\u00e4lt Menthol, das die Haut k\u00fchlt. Au\u00dferdem enth\u00e4lt sie Bisabolol, das die gesch\u00e4digte Haut beruhigt und Hautrissen vorbeugt. Trockene Haut wird aufgeweicht und rote Schnupfennasen finden Linderung. Die Salbe ist frei von Parf\u00fcm und Farbstoffen. Dieser Klassiker, der seit 1910 erh\u00e4ltlich ist, ist eine perfekte Erg\u00e4nzung f\u00fcr Ihre Hausapotheke. Inhalt: 50 ml<\/p>\n","protected":false},"excerpt":{"rendered":"<p>Die Hydrozonensalbe von Gahn hilft bei kleinen Wunden, Insektenstichen oder leichten Hautreizungen. Sie enth\u00e4lt Menthol, das die Haut k\u00fchlt. Au\u00dferdem enth\u00e4lt sie Bisabolol, das die gesch\u00e4digte Haut beruhigt und Hautrissen vorbeugt. Trockene Haut wird aufgeweicht und rote Schnupfennasen finden Linderung. Die Salbe ist frei von Parf\u00fcm und Farbstoffen. Dieser Klassiker, der seit 1910 erh\u00e4ltlich ist, [&hellip;]<\/p>\n","protected":false},"featured_media":51426,"template":"","meta":{"_gspb_post_css":""},"store":[],"product_brand":[1389],"product_cat":[1290],"product_tag":[],"class_list":{"0":"post-51427","1":"product","2":"type-product","3":"status-publish","4":"has-post-thumbnail","6":"product_brand-gents-de","7":"product_cat-uncategorized","9":"first","10":"instock","11":"shipping-taxable","12":"purchasable","13":"product-type-simple"},"yoast_head":"<!-- This site is optimized with the Yoast SEO plugin v24.6 - https:\/\/yoast.com\/wordpress\/plugins\/seo\/ -->\n<title>Gahn&#039;s Hydrozone Ointment (50 ml) | Gents DE | Product-Guide.org<\/title>\n<meta name=\"description\" content=\"Gahn&#039;s Hydrozone Ointment (50 ml) | Gents DE gefunden von Product-Guide.org\" \/>\n<meta name=\"robots\" content=\"index, follow, max-snippet:-1, max-image-preview:large, max-video-preview:-1\" \/>\n<link rel=\"canonical\" href=\"https:\/\/product-guide.org\/en\/produkt\/gahns-hydrozone-ointment-50-ml-gents-de\/\" \/>\n<meta property=\"og:locale\" content=\"en_GB\" \/>\n<meta property=\"og:type\" content=\"article\" \/>\n<meta property=\"og:title\" content=\"Gahn&#039;s Hydrozone Ointment (50 ml) | Gents DE | Product-Guide.org\" \/>\n<meta property=\"og:description\" content=\"Gahn&#039;s Hydrozone Ointment (50 ml) | Gents DE gefunden von Product-Guide.org\" \/>\n<meta property=\"og:url\" content=\"https:\/\/product-guide.org\/en\/produkt\/gahns-hydrozone-ointment-50-ml-gents-de\/\" \/>\n<meta property=\"og:site_name\" content=\"Product-Guide.org\" \/>\n<meta name=\"twitter:card\" content=\"summary_large_image\" \/>\n<script type=\"application\/ld+json\" class=\"yoast-schema-graph\">{\"@context\":\"https:\/\/schema.org\",\"@graph\":[{\"@type\":\"WebPage\",\"@id\":\"https:\/\/product-guide.org\/produkt\/gahns-hydrozone-ointment-50-ml-gents-de\/\",\"url\":\"https:\/\/product-guide.org\/produkt\/gahns-hydrozone-ointment-50-ml-gents-de\/\",\"name\":\"Gahn's Hydrozone Ointment (50 ml) | Gents DE | Product-Guide.org\",\"isPartOf\":{\"@id\":\"https:\/\/product-guide.org\/#website\"},\"primaryImageOfPage\":{\"@id\":\"https:\/\/product-guide.org\/produkt\/gahns-hydrozone-ointment-50-ml-gents-de\/#primaryimage\"},\"image\":{\"@id\":\"https:\/\/product-guide.org\/produkt\/gahns-hydrozone-ointment-50-ml-gents-de\/#primaryimage\"},\"thumbnailUrl\":\"https:\/\/product-guide.org\/wp-content\/uploads\/2025\/03\/77222.jpeg\",\"datePublished\":\"2025-03-17T10:13:31+00:00\",\"description\":\"Gahn's Hydrozone Ointment (50 ml) | Gents DE gefunden von Product-Guide.org\",\"breadcrumb\":{\"@id\":\"https:\/\/product-guide.org\/produkt\/gahns-hydrozone-ointment-50-ml-gents-de\/#breadcrumb\"},\"inLanguage\":\"en-GB\",\"potentialAction\":[{\"@type\":\"ReadAction\",\"target\":[\"https:\/\/product-guide.org\/produkt\/gahns-hydrozone-ointment-50-ml-gents-de\/\"]}]},{\"@type\":\"ImageObject\",\"inLanguage\":\"en-GB\",\"@id\":\"https:\/\/product-guide.org\/produkt\/gahns-hydrozone-ointment-50-ml-gents-de\/#primaryimage\",\"url\":\"https:\/\/product-guide.org\/wp-content\/uploads\/2025\/03\/77222.jpeg\",\"contentUrl\":\"https:\/\/product-guide.org\/wp-content\/uploads\/2025\/03\/77222.jpeg\",\"width\":1200,\"height\":1200},{\"@type\":\"BreadcrumbList\",\"@id\":\"https:\/\/product-guide.org\/produkt\/gahns-hydrozone-ointment-50-ml-gents-de\/#breadcrumb\",\"itemListElement\":[{\"@type\":\"ListItem\",\"position\":1,\"name\":\"Home\",\"item\":\"https:\/\/product-guide.org\/\"},{\"@type\":\"ListItem\",\"position\":2,\"name\":\"Ergebnisse\",\"item\":\"https:\/\/product-guide.org\/de\/ergebnisse\/\"},{\"@type\":\"ListItem\",\"position\":3,\"name\":\"Gahn&#8217;s Hydrozone Ointment (50 ml) | Gents DE\"}]},{\"@type\":\"WebSite\",\"@id\":\"https:\/\/product-guide.org\/#website\",\"url\":\"https:\/\/product-guide.org\/\",\"name\":\"Product-Guide.org\",\"description\":\"What Product are you looking for?\",\"publisher\":{\"@id\":\"https:\/\/product-guide.org\/#organization\"},\"potentialAction\":[{\"@type\":\"SearchAction\",\"target\":{\"@type\":\"EntryPoint\",\"urlTemplate\":\"https:\/\/product-guide.org\/?s={search_term_string}\"},\"query-input\":{\"@type\":\"PropertyValueSpecification\",\"valueRequired\":true,\"valueName\":\"search_term_string\"}}],\"inLanguage\":\"en-GB\"},{\"@type\":\"Organization\",\"@id\":\"https:\/\/product-guide.org\/#organization\",\"name\":\"Product-Guide.org\",\"url\":\"https:\/\/product-guide.org\/\",\"logo\":{\"@type\":\"ImageObject\",\"inLanguage\":\"en-GB\",\"@id\":\"https:\/\/product-guide.org\/#\/schema\/logo\/image\/\",\"url\":\"https:\/\/product-guide.org\/wp-content\/uploads\/2022\/07\/logo_transparent_background.png\",\"contentUrl\":\"https:\/\/product-guide.org\/wp-content\/uploads\/2022\/07\/logo_transparent_background.png\",\"width\":3400,\"height\":1132,\"caption\":\"Product-Guide.org\"},\"image\":{\"@id\":\"https:\/\/product-guide.org\/#\/schema\/logo\/image\/\"}}]}<\/script>\n<!-- \/ Yoast SEO plugin. -->","yoast_head_json":{"title":"Gahn's Hydrozone Ointment (50 ml) | Gents DE | Product-Guide.org","description":"Gahn's Hydrozone Ointment (50 ml) | Gents DE gefunden von Product-Guide.org","robots":{"index":"index","follow":"follow","max-snippet":"max-snippet:-1","max-image-preview":"max-image-preview:large","max-video-preview":"max-video-preview:-1"},"canonical":"https:\/\/product-guide.org\/en\/produkt\/gahns-hydrozone-ointment-50-ml-gents-de\/","og_locale":"en_GB","og_type":"article","og_title":"Gahn's Hydrozone Ointment (50 ml) | Gents DE | Product-Guide.org","og_description":"Gahn's Hydrozone Ointment (50 ml) | Gents DE gefunden von Product-Guide.org","og_url":"https:\/\/product-guide.org\/en\/produkt\/gahns-hydrozone-ointment-50-ml-gents-de\/","og_site_name":"Product-Guide.org","twitter_card":"summary_large_image","schema":{"@context":"https:\/\/schema.org","@graph":[{"@type":"WebPage","@id":"https:\/\/product-guide.org\/produkt\/gahns-hydrozone-ointment-50-ml-gents-de\/","url":"https:\/\/product-guide.org\/produkt\/gahns-hydrozone-ointment-50-ml-gents-de\/","name":"Gahn's Hydrozone Ointment (50 ml) | Gents DE | Product-Guide.org","isPartOf":{"@id":"https:\/\/product-guide.org\/#website"},"primaryImageOfPage":{"@id":"https:\/\/product-guide.org\/produkt\/gahns-hydrozone-ointment-50-ml-gents-de\/#primaryimage"},"image":{"@id":"https:\/\/product-guide.org\/produkt\/gahns-hydrozone-ointment-50-ml-gents-de\/#primaryimage"},"thumbnailUrl":"https:\/\/product-guide.org\/wp-content\/uploads\/2025\/03\/77222.jpeg","datePublished":"2025-03-17T10:13:31+00:00","description":"Gahn's Hydrozone Ointment (50 ml) | Gents DE gefunden von Product-Guide.org","breadcrumb":{"@id":"https:\/\/product-guide.org\/produkt\/gahns-hydrozone-ointment-50-ml-gents-de\/#breadcrumb"},"inLanguage":"en-GB","potentialAction":[{"@type":"ReadAction","target":["https:\/\/product-guide.org\/produkt\/gahns-hydrozone-ointment-50-ml-gents-de\/"]}]},{"@type":"ImageObject","inLanguage":"en-GB","@id":"https:\/\/product-guide.org\/produkt\/gahns-hydrozone-ointment-50-ml-gents-de\/#primaryimage","url":"https:\/\/product-guide.org\/wp-content\/uploads\/2025\/03\/77222.jpeg","contentUrl":"https:\/\/product-guide.org\/wp-content\/uploads\/2025\/03\/77222.jpeg","width":1200,"height":1200},{"@type":"BreadcrumbList","@id":"https:\/\/product-guide.org\/produkt\/gahns-hydrozone-ointment-50-ml-gents-de\/#breadcrumb","itemListElement":[{"@type":"ListItem","position":1,"name":"Home","item":"https:\/\/product-guide.org\/"},{"@type":"ListItem","position":2,"name":"Ergebnisse","item":"https:\/\/product-guide.org\/de\/ergebnisse\/"},{"@type":"ListItem","position":3,"name":"Gahn&#8217;s Hydrozone Ointment (50 ml) | Gents DE"}]},{"@type":"WebSite","@id":"https:\/\/product-guide.org\/#website","url":"https:\/\/product-guide.org\/","name":"Product-Guide.org","description":"What Product are you looking for?","publisher":{"@id":"https:\/\/product-guide.org\/#organization"},"potentialAction":[{"@type":"SearchAction","target":{"@type":"EntryPoint","urlTemplate":"https:\/\/product-guide.org\/?s={search_term_string}"},"query-input":{"@type":"PropertyValueSpecification","valueRequired":true,"valueName":"search_term_string"}}],"inLanguage":"en-GB"},{"@type":"Organization","@id":"https:\/\/product-guide.org\/#organization","name":"Product-Guide.org","url":"https:\/\/product-guide.org\/","logo":{"@type":"ImageObject","inLanguage":"en-GB","@id":"https:\/\/product-guide.org\/#\/schema\/logo\/image\/","url":"https:\/\/product-guide.org\/wp-content\/uploads\/2022\/07\/logo_transparent_background.png","contentUrl":"https:\/\/product-guide.org\/wp-content\/uploads\/2022\/07\/logo_transparent_background.png","width":3400,"height":1132,"caption":"Product-Guide.org"},"image":{"@id":"https:\/\/product-guide.org\/#\/schema\/logo\/image\/"}}]}},"_links":{"self":[{"href":"https:\/\/product-guide.org\/en\/wp-json\/wp\/v2\/product\/51427","targetHints":{"allow":["GET"]}}],"collection":[{"href":"https:\/\/product-guide.org\/en\/wp-json\/wp\/v2\/product"}],"about":[{"href":"https:\/\/product-guide.org\/en\/wp-json\/wp\/v2\/types\/product"}],"wp:featuredmedia":[{"embeddable":true,"href":"https:\/\/product-guide.org\/en\/wp-json\/wp\/v2\/media\/51426"}],"wp:attachment":[{"href":"https:\/\/product-guide.org\/en\/wp-json\/wp\/v2\/media?parent=51427"}],"wp:term":[{"taxonomy":"store","embeddable":true,"href":"https:\/\/product-guide.org\/en\/wp-json\/wp\/v2\/store?post=51427"},{"taxonomy":"product_brand","embeddable":true,"href":"https:\/\/product-guide.org\/en\/wp-json\/wp\/v2\/product_brand?post=51427"},{"taxonomy":"product_cat","embeddable":true,"href":"https:\/\/product-guide.org\/en\/wp-json\/wp\/v2\/product_cat?post=51427"},{"taxonomy":"product_tag","embeddable":true,"href":"https:\/\/product-guide.org\/en\/wp-json\/wp\/v2\/product_tag?post=51427"}],"curies":[{"name":"wp","href":"https:\/\/api.w.org\/{rel}","templated":true}]}}