{"id":51429,"date":"2025-03-17T11:13:32","date_gmt":"2025-03-17T10:13:32","guid":{"rendered":"https:\/\/product-guide.org\/produkt\/gahns-bath-soap-forest-flowers-200-g-gents-de\/"},"modified":"2025-03-17T11:13:33","modified_gmt":"2025-03-17T10:13:33","slug":"gahns-bath-soap-forest-flowers-200-g-gents-de","status":"publish","type":"product","link":"https:\/\/product-guide.org\/en\/produkt\/gahns-bath-soap-forest-flowers-200-g-gents-de\/","title":{"rendered":"Gahns Bath Soap Forest Flowers (200 g) | Gents DE"},"content":{"rendered":"<p>Gahn&#8217;s Badkloss ist eine herrlich sch\u00e4umende Seife, die ein Klassiker im Badezimmer ist. Sie duftet frisch nach Waldblumen. Das Badkloss funktioniert in der Dusche genauso gut wie in der Badewanne, es h\u00e4ngt an seinem Platz, ohne zu kleben. Er verf\u00fcgt \u00fcber ein Baumwollseil, das w\u00e4hrend der Benutzung um das Handgelenk geh\u00e4ngt werden kann oder an dem die Seife in der Dusche oder Badewanne aufgeh\u00e4ngt werden kann. Durch sein spezielles Design h\u00e4lt der Badeblock l\u00e4nger als viele andere Seifen und trocknet zwischen den Anwendungen. Das Produkt ist vegan. Auch in der Duftrichtung Wiesenblume erh\u00e4ltlich.<\/p>\n","protected":false},"excerpt":{"rendered":"<p>Gahn&#8217;s Badkloss ist eine herrlich sch\u00e4umende Seife, die ein Klassiker im Badezimmer ist. Sie duftet frisch nach Waldblumen. Das Badkloss funktioniert in der Dusche genauso gut wie in der Badewanne, es h\u00e4ngt an seinem Platz, ohne zu kleben. Er verf\u00fcgt \u00fcber ein Baumwollseil, das w\u00e4hrend der Benutzung um das Handgelenk geh\u00e4ngt werden kann oder an [&hellip;]<\/p>\n","protected":false},"featured_media":51428,"template":"","meta":{"_gspb_post_css":""},"store":[],"product_brand":[1389],"product_cat":[1290],"product_tag":[],"class_list":{"0":"post-51429","1":"product","2":"type-product","3":"status-publish","4":"has-post-thumbnail","6":"product_brand-gents-de","7":"product_cat-uncategorized","9":"first","10":"instock","11":"shipping-taxable","12":"purchasable","13":"product-type-simple"},"yoast_head":"<!-- This site is optimized with the Yoast SEO plugin v24.6 - https:\/\/yoast.com\/wordpress\/plugins\/seo\/ -->\n<title>Gahns Bath Soap Forest Flowers (200 g) | Gents DE | Product-Guide.org<\/title>\n<meta name=\"description\" content=\"Gahns Bath Soap Forest Flowers (200 g) | Gents DE gefunden von Product-Guide.org\" \/>\n<meta name=\"robots\" content=\"index, follow, max-snippet:-1, max-image-preview:large, max-video-preview:-1\" \/>\n<link rel=\"canonical\" href=\"https:\/\/product-guide.org\/en\/produkt\/gahns-bath-soap-forest-flowers-200-g-gents-de\/\" \/>\n<meta property=\"og:locale\" content=\"en_GB\" \/>\n<meta property=\"og:type\" content=\"article\" \/>\n<meta property=\"og:title\" content=\"Gahns Bath Soap Forest Flowers (200 g) | Gents DE | Product-Guide.org\" \/>\n<meta property=\"og:description\" content=\"Gahns Bath Soap Forest Flowers (200 g) | Gents DE gefunden von Product-Guide.org\" \/>\n<meta property=\"og:url\" content=\"https:\/\/product-guide.org\/en\/produkt\/gahns-bath-soap-forest-flowers-200-g-gents-de\/\" \/>\n<meta property=\"og:site_name\" content=\"Product-Guide.org\" \/>\n<meta property=\"article:modified_time\" content=\"2025-03-17T10:13:33+00:00\" \/>\n<meta name=\"twitter:card\" content=\"summary_large_image\" \/>\n<script type=\"application\/ld+json\" class=\"yoast-schema-graph\">{\"@context\":\"https:\/\/schema.org\",\"@graph\":[{\"@type\":\"WebPage\",\"@id\":\"https:\/\/product-guide.org\/produkt\/gahns-bath-soap-forest-flowers-200-g-gents-de\/\",\"url\":\"https:\/\/product-guide.org\/produkt\/gahns-bath-soap-forest-flowers-200-g-gents-de\/\",\"name\":\"Gahns Bath Soap Forest Flowers (200 g) | Gents DE | Product-Guide.org\",\"isPartOf\":{\"@id\":\"https:\/\/product-guide.org\/#website\"},\"primaryImageOfPage\":{\"@id\":\"https:\/\/product-guide.org\/produkt\/gahns-bath-soap-forest-flowers-200-g-gents-de\/#primaryimage\"},\"image\":{\"@id\":\"https:\/\/product-guide.org\/produkt\/gahns-bath-soap-forest-flowers-200-g-gents-de\/#primaryimage\"},\"thumbnailUrl\":\"https:\/\/product-guide.org\/wp-content\/uploads\/2025\/03\/77185.jpeg\",\"datePublished\":\"2025-03-17T10:13:32+00:00\",\"dateModified\":\"2025-03-17T10:13:33+00:00\",\"description\":\"Gahns Bath Soap Forest Flowers (200 g) | Gents DE gefunden von Product-Guide.org\",\"breadcrumb\":{\"@id\":\"https:\/\/product-guide.org\/produkt\/gahns-bath-soap-forest-flowers-200-g-gents-de\/#breadcrumb\"},\"inLanguage\":\"en-GB\",\"potentialAction\":[{\"@type\":\"ReadAction\",\"target\":[\"https:\/\/product-guide.org\/produkt\/gahns-bath-soap-forest-flowers-200-g-gents-de\/\"]}]},{\"@type\":\"ImageObject\",\"inLanguage\":\"en-GB\",\"@id\":\"https:\/\/product-guide.org\/produkt\/gahns-bath-soap-forest-flowers-200-g-gents-de\/#primaryimage\",\"url\":\"https:\/\/product-guide.org\/wp-content\/uploads\/2025\/03\/77185.jpeg\",\"contentUrl\":\"https:\/\/product-guide.org\/wp-content\/uploads\/2025\/03\/77185.jpeg\",\"width\":1200,\"height\":1200},{\"@type\":\"BreadcrumbList\",\"@id\":\"https:\/\/product-guide.org\/produkt\/gahns-bath-soap-forest-flowers-200-g-gents-de\/#breadcrumb\",\"itemListElement\":[{\"@type\":\"ListItem\",\"position\":1,\"name\":\"Home\",\"item\":\"https:\/\/product-guide.org\/\"},{\"@type\":\"ListItem\",\"position\":2,\"name\":\"Ergebnisse\",\"item\":\"https:\/\/product-guide.org\/de\/ergebnisse\/\"},{\"@type\":\"ListItem\",\"position\":3,\"name\":\"Gahns Bath Soap Forest Flowers (200 g) | Gents DE\"}]},{\"@type\":\"WebSite\",\"@id\":\"https:\/\/product-guide.org\/#website\",\"url\":\"https:\/\/product-guide.org\/\",\"name\":\"Product-Guide.org\",\"description\":\"What Product are you looking for?\",\"publisher\":{\"@id\":\"https:\/\/product-guide.org\/#organization\"},\"potentialAction\":[{\"@type\":\"SearchAction\",\"target\":{\"@type\":\"EntryPoint\",\"urlTemplate\":\"https:\/\/product-guide.org\/?s={search_term_string}\"},\"query-input\":{\"@type\":\"PropertyValueSpecification\",\"valueRequired\":true,\"valueName\":\"search_term_string\"}}],\"inLanguage\":\"en-GB\"},{\"@type\":\"Organization\",\"@id\":\"https:\/\/product-guide.org\/#organization\",\"name\":\"Product-Guide.org\",\"url\":\"https:\/\/product-guide.org\/\",\"logo\":{\"@type\":\"ImageObject\",\"inLanguage\":\"en-GB\",\"@id\":\"https:\/\/product-guide.org\/#\/schema\/logo\/image\/\",\"url\":\"https:\/\/product-guide.org\/wp-content\/uploads\/2022\/07\/logo_transparent_background.png\",\"contentUrl\":\"https:\/\/product-guide.org\/wp-content\/uploads\/2022\/07\/logo_transparent_background.png\",\"width\":3400,\"height\":1132,\"caption\":\"Product-Guide.org\"},\"image\":{\"@id\":\"https:\/\/product-guide.org\/#\/schema\/logo\/image\/\"}}]}<\/script>\n<!-- \/ Yoast SEO plugin. -->","yoast_head_json":{"title":"Gahns Bath Soap Forest Flowers (200 g) | Gents DE | Product-Guide.org","description":"Gahns Bath Soap Forest Flowers (200 g) | Gents DE gefunden von Product-Guide.org","robots":{"index":"index","follow":"follow","max-snippet":"max-snippet:-1","max-image-preview":"max-image-preview:large","max-video-preview":"max-video-preview:-1"},"canonical":"https:\/\/product-guide.org\/en\/produkt\/gahns-bath-soap-forest-flowers-200-g-gents-de\/","og_locale":"en_GB","og_type":"article","og_title":"Gahns Bath Soap Forest Flowers (200 g) | Gents DE | Product-Guide.org","og_description":"Gahns Bath Soap Forest Flowers (200 g) | Gents DE gefunden von Product-Guide.org","og_url":"https:\/\/product-guide.org\/en\/produkt\/gahns-bath-soap-forest-flowers-200-g-gents-de\/","og_site_name":"Product-Guide.org","article_modified_time":"2025-03-17T10:13:33+00:00","twitter_card":"summary_large_image","schema":{"@context":"https:\/\/schema.org","@graph":[{"@type":"WebPage","@id":"https:\/\/product-guide.org\/produkt\/gahns-bath-soap-forest-flowers-200-g-gents-de\/","url":"https:\/\/product-guide.org\/produkt\/gahns-bath-soap-forest-flowers-200-g-gents-de\/","name":"Gahns Bath Soap Forest Flowers (200 g) | Gents DE | Product-Guide.org","isPartOf":{"@id":"https:\/\/product-guide.org\/#website"},"primaryImageOfPage":{"@id":"https:\/\/product-guide.org\/produkt\/gahns-bath-soap-forest-flowers-200-g-gents-de\/#primaryimage"},"image":{"@id":"https:\/\/product-guide.org\/produkt\/gahns-bath-soap-forest-flowers-200-g-gents-de\/#primaryimage"},"thumbnailUrl":"https:\/\/product-guide.org\/wp-content\/uploads\/2025\/03\/77185.jpeg","datePublished":"2025-03-17T10:13:32+00:00","dateModified":"2025-03-17T10:13:33+00:00","description":"Gahns Bath Soap Forest Flowers (200 g) | Gents DE gefunden von Product-Guide.org","breadcrumb":{"@id":"https:\/\/product-guide.org\/produkt\/gahns-bath-soap-forest-flowers-200-g-gents-de\/#breadcrumb"},"inLanguage":"en-GB","potentialAction":[{"@type":"ReadAction","target":["https:\/\/product-guide.org\/produkt\/gahns-bath-soap-forest-flowers-200-g-gents-de\/"]}]},{"@type":"ImageObject","inLanguage":"en-GB","@id":"https:\/\/product-guide.org\/produkt\/gahns-bath-soap-forest-flowers-200-g-gents-de\/#primaryimage","url":"https:\/\/product-guide.org\/wp-content\/uploads\/2025\/03\/77185.jpeg","contentUrl":"https:\/\/product-guide.org\/wp-content\/uploads\/2025\/03\/77185.jpeg","width":1200,"height":1200},{"@type":"BreadcrumbList","@id":"https:\/\/product-guide.org\/produkt\/gahns-bath-soap-forest-flowers-200-g-gents-de\/#breadcrumb","itemListElement":[{"@type":"ListItem","position":1,"name":"Home","item":"https:\/\/product-guide.org\/"},{"@type":"ListItem","position":2,"name":"Ergebnisse","item":"https:\/\/product-guide.org\/de\/ergebnisse\/"},{"@type":"ListItem","position":3,"name":"Gahns Bath Soap Forest Flowers (200 g) | Gents DE"}]},{"@type":"WebSite","@id":"https:\/\/product-guide.org\/#website","url":"https:\/\/product-guide.org\/","name":"Product-Guide.org","description":"What Product are you looking for?","publisher":{"@id":"https:\/\/product-guide.org\/#organization"},"potentialAction":[{"@type":"SearchAction","target":{"@type":"EntryPoint","urlTemplate":"https:\/\/product-guide.org\/?s={search_term_string}"},"query-input":{"@type":"PropertyValueSpecification","valueRequired":true,"valueName":"search_term_string"}}],"inLanguage":"en-GB"},{"@type":"Organization","@id":"https:\/\/product-guide.org\/#organization","name":"Product-Guide.org","url":"https:\/\/product-guide.org\/","logo":{"@type":"ImageObject","inLanguage":"en-GB","@id":"https:\/\/product-guide.org\/#\/schema\/logo\/image\/","url":"https:\/\/product-guide.org\/wp-content\/uploads\/2022\/07\/logo_transparent_background.png","contentUrl":"https:\/\/product-guide.org\/wp-content\/uploads\/2022\/07\/logo_transparent_background.png","width":3400,"height":1132,"caption":"Product-Guide.org"},"image":{"@id":"https:\/\/product-guide.org\/#\/schema\/logo\/image\/"}}]}},"_links":{"self":[{"href":"https:\/\/product-guide.org\/en\/wp-json\/wp\/v2\/product\/51429","targetHints":{"allow":["GET"]}}],"collection":[{"href":"https:\/\/product-guide.org\/en\/wp-json\/wp\/v2\/product"}],"about":[{"href":"https:\/\/product-guide.org\/en\/wp-json\/wp\/v2\/types\/product"}],"wp:featuredmedia":[{"embeddable":true,"href":"https:\/\/product-guide.org\/en\/wp-json\/wp\/v2\/media\/51428"}],"wp:attachment":[{"href":"https:\/\/product-guide.org\/en\/wp-json\/wp\/v2\/media?parent=51429"}],"wp:term":[{"taxonomy":"store","embeddable":true,"href":"https:\/\/product-guide.org\/en\/wp-json\/wp\/v2\/store?post=51429"},{"taxonomy":"product_brand","embeddable":true,"href":"https:\/\/product-guide.org\/en\/wp-json\/wp\/v2\/product_brand?post=51429"},{"taxonomy":"product_cat","embeddable":true,"href":"https:\/\/product-guide.org\/en\/wp-json\/wp\/v2\/product_cat?post=51429"},{"taxonomy":"product_tag","embeddable":true,"href":"https:\/\/product-guide.org\/en\/wp-json\/wp\/v2\/product_tag?post=51429"}],"curies":[{"name":"wp","href":"https:\/\/api.w.org\/{rel}","templated":true}]}}