{"id":51456,"date":"2025-03-17T11:13:56","date_gmt":"2025-03-17T10:13:56","guid":{"rendered":"https:\/\/product-guide.org\/produkt\/geo-f-trumper-seaweed-body-lotion-200-ml-gents-de\/"},"modified":"2025-03-17T11:13:57","modified_gmt":"2025-03-17T10:13:57","slug":"geo-f-trumper-seaweed-body-lotion-200-ml-gents-de","status":"publish","type":"product","link":"https:\/\/product-guide.org\/en\/produkt\/geo-f-trumper-seaweed-body-lotion-200-ml-gents-de\/","title":{"rendered":"Geo F Trumper Seaweed Body Lotion (200 ml) | Gents DE"},"content":{"rendered":"<p>Geo F Trumpers Seaweed Body Lotion ist eine mit Algen angereicherte Feuchtigkeitscreme f\u00fcr den K\u00f6rper, die leicht einzieht und nicht klebt. Sie enth\u00e4lt die gleiche angereicherte Formel wie die Gesichtscreme mit Meeresalgenextrakt, die Sie hier finden. Sie enth\u00e4lt au\u00dferdem Vitamin C-Ester sowie leichtes Haselnuss- und Macadamia-\u00d6l. Geo F Trumper testet keines seiner Produkte an Tieren. Inhalt: 200 ml<\/p>\n","protected":false},"excerpt":{"rendered":"<p>Geo F Trumpers Seaweed Body Lotion ist eine mit Algen angereicherte Feuchtigkeitscreme f\u00fcr den K\u00f6rper, die leicht einzieht und nicht klebt. Sie enth\u00e4lt die gleiche angereicherte Formel wie die Gesichtscreme mit Meeresalgenextrakt, die Sie hier finden. Sie enth\u00e4lt au\u00dferdem Vitamin C-Ester sowie leichtes Haselnuss- und Macadamia-\u00d6l. Geo F Trumper testet keines seiner Produkte an Tieren. [&hellip;]<\/p>\n","protected":false},"featured_media":51455,"template":"","meta":{"_gspb_post_css":""},"store":[],"product_brand":[1389],"product_cat":[1290],"product_tag":[],"class_list":{"0":"post-51456","1":"product","2":"type-product","3":"status-publish","4":"has-post-thumbnail","6":"product_brand-gents-de","7":"product_cat-uncategorized","9":"first","10":"instock","11":"shipping-taxable","12":"purchasable","13":"product-type-simple"},"yoast_head":"<!-- This site is optimized with the Yoast SEO plugin v24.6 - https:\/\/yoast.com\/wordpress\/plugins\/seo\/ -->\n<title>Geo F Trumper Seaweed Body Lotion (200 ml) | Gents DE | Product-Guide.org<\/title>\n<meta name=\"description\" content=\"Geo F Trumper Seaweed Body Lotion (200 ml) | Gents DE gefunden von Product-Guide.org\" \/>\n<meta name=\"robots\" content=\"index, follow, max-snippet:-1, max-image-preview:large, max-video-preview:-1\" \/>\n<link rel=\"canonical\" href=\"https:\/\/product-guide.org\/en\/produkt\/geo-f-trumper-seaweed-body-lotion-200-ml-gents-de\/\" \/>\n<meta property=\"og:locale\" content=\"en_GB\" \/>\n<meta property=\"og:type\" content=\"article\" \/>\n<meta property=\"og:title\" content=\"Geo F Trumper Seaweed Body Lotion (200 ml) | Gents DE | Product-Guide.org\" \/>\n<meta property=\"og:description\" content=\"Geo F Trumper Seaweed Body Lotion (200 ml) | Gents DE gefunden von Product-Guide.org\" \/>\n<meta property=\"og:url\" content=\"https:\/\/product-guide.org\/en\/produkt\/geo-f-trumper-seaweed-body-lotion-200-ml-gents-de\/\" \/>\n<meta property=\"og:site_name\" content=\"Product-Guide.org\" \/>\n<meta property=\"article:modified_time\" content=\"2025-03-17T10:13:57+00:00\" \/>\n<meta name=\"twitter:card\" content=\"summary_large_image\" \/>\n<script type=\"application\/ld+json\" class=\"yoast-schema-graph\">{\"@context\":\"https:\/\/schema.org\",\"@graph\":[{\"@type\":\"WebPage\",\"@id\":\"https:\/\/product-guide.org\/produkt\/geo-f-trumper-seaweed-body-lotion-200-ml-gents-de\/\",\"url\":\"https:\/\/product-guide.org\/produkt\/geo-f-trumper-seaweed-body-lotion-200-ml-gents-de\/\",\"name\":\"Geo F Trumper Seaweed Body Lotion (200 ml) | Gents DE | Product-Guide.org\",\"isPartOf\":{\"@id\":\"https:\/\/product-guide.org\/#website\"},\"primaryImageOfPage\":{\"@id\":\"https:\/\/product-guide.org\/produkt\/geo-f-trumper-seaweed-body-lotion-200-ml-gents-de\/#primaryimage\"},\"image\":{\"@id\":\"https:\/\/product-guide.org\/produkt\/geo-f-trumper-seaweed-body-lotion-200-ml-gents-de\/#primaryimage\"},\"thumbnailUrl\":\"https:\/\/product-guide.org\/wp-content\/uploads\/2025\/03\/67634.jpg\",\"datePublished\":\"2025-03-17T10:13:56+00:00\",\"dateModified\":\"2025-03-17T10:13:57+00:00\",\"description\":\"Geo F Trumper Seaweed Body Lotion (200 ml) | Gents DE gefunden von Product-Guide.org\",\"breadcrumb\":{\"@id\":\"https:\/\/product-guide.org\/produkt\/geo-f-trumper-seaweed-body-lotion-200-ml-gents-de\/#breadcrumb\"},\"inLanguage\":\"en-GB\",\"potentialAction\":[{\"@type\":\"ReadAction\",\"target\":[\"https:\/\/product-guide.org\/produkt\/geo-f-trumper-seaweed-body-lotion-200-ml-gents-de\/\"]}]},{\"@type\":\"ImageObject\",\"inLanguage\":\"en-GB\",\"@id\":\"https:\/\/product-guide.org\/produkt\/geo-f-trumper-seaweed-body-lotion-200-ml-gents-de\/#primaryimage\",\"url\":\"https:\/\/product-guide.org\/wp-content\/uploads\/2025\/03\/67634.jpg\",\"contentUrl\":\"https:\/\/product-guide.org\/wp-content\/uploads\/2025\/03\/67634.jpg\",\"width\":1200,\"height\":1200},{\"@type\":\"BreadcrumbList\",\"@id\":\"https:\/\/product-guide.org\/produkt\/geo-f-trumper-seaweed-body-lotion-200-ml-gents-de\/#breadcrumb\",\"itemListElement\":[{\"@type\":\"ListItem\",\"position\":1,\"name\":\"Home\",\"item\":\"https:\/\/product-guide.org\/\"},{\"@type\":\"ListItem\",\"position\":2,\"name\":\"Ergebnisse\",\"item\":\"https:\/\/product-guide.org\/de\/ergebnisse\/\"},{\"@type\":\"ListItem\",\"position\":3,\"name\":\"Geo F Trumper Seaweed Body Lotion (200 ml) | Gents DE\"}]},{\"@type\":\"WebSite\",\"@id\":\"https:\/\/product-guide.org\/#website\",\"url\":\"https:\/\/product-guide.org\/\",\"name\":\"Product-Guide.org\",\"description\":\"What Product are you looking for?\",\"publisher\":{\"@id\":\"https:\/\/product-guide.org\/#organization\"},\"potentialAction\":[{\"@type\":\"SearchAction\",\"target\":{\"@type\":\"EntryPoint\",\"urlTemplate\":\"https:\/\/product-guide.org\/?s={search_term_string}\"},\"query-input\":{\"@type\":\"PropertyValueSpecification\",\"valueRequired\":true,\"valueName\":\"search_term_string\"}}],\"inLanguage\":\"en-GB\"},{\"@type\":\"Organization\",\"@id\":\"https:\/\/product-guide.org\/#organization\",\"name\":\"Product-Guide.org\",\"url\":\"https:\/\/product-guide.org\/\",\"logo\":{\"@type\":\"ImageObject\",\"inLanguage\":\"en-GB\",\"@id\":\"https:\/\/product-guide.org\/#\/schema\/logo\/image\/\",\"url\":\"https:\/\/product-guide.org\/wp-content\/uploads\/2022\/07\/logo_transparent_background.png\",\"contentUrl\":\"https:\/\/product-guide.org\/wp-content\/uploads\/2022\/07\/logo_transparent_background.png\",\"width\":3400,\"height\":1132,\"caption\":\"Product-Guide.org\"},\"image\":{\"@id\":\"https:\/\/product-guide.org\/#\/schema\/logo\/image\/\"}}]}<\/script>\n<!-- \/ Yoast SEO plugin. -->","yoast_head_json":{"title":"Geo F Trumper Seaweed Body Lotion (200 ml) | Gents DE | Product-Guide.org","description":"Geo F Trumper Seaweed Body Lotion (200 ml) | Gents DE gefunden von Product-Guide.org","robots":{"index":"index","follow":"follow","max-snippet":"max-snippet:-1","max-image-preview":"max-image-preview:large","max-video-preview":"max-video-preview:-1"},"canonical":"https:\/\/product-guide.org\/en\/produkt\/geo-f-trumper-seaweed-body-lotion-200-ml-gents-de\/","og_locale":"en_GB","og_type":"article","og_title":"Geo F Trumper Seaweed Body Lotion (200 ml) | Gents DE | Product-Guide.org","og_description":"Geo F Trumper Seaweed Body Lotion (200 ml) | Gents DE gefunden von Product-Guide.org","og_url":"https:\/\/product-guide.org\/en\/produkt\/geo-f-trumper-seaweed-body-lotion-200-ml-gents-de\/","og_site_name":"Product-Guide.org","article_modified_time":"2025-03-17T10:13:57+00:00","twitter_card":"summary_large_image","schema":{"@context":"https:\/\/schema.org","@graph":[{"@type":"WebPage","@id":"https:\/\/product-guide.org\/produkt\/geo-f-trumper-seaweed-body-lotion-200-ml-gents-de\/","url":"https:\/\/product-guide.org\/produkt\/geo-f-trumper-seaweed-body-lotion-200-ml-gents-de\/","name":"Geo F Trumper Seaweed Body Lotion (200 ml) | Gents DE | Product-Guide.org","isPartOf":{"@id":"https:\/\/product-guide.org\/#website"},"primaryImageOfPage":{"@id":"https:\/\/product-guide.org\/produkt\/geo-f-trumper-seaweed-body-lotion-200-ml-gents-de\/#primaryimage"},"image":{"@id":"https:\/\/product-guide.org\/produkt\/geo-f-trumper-seaweed-body-lotion-200-ml-gents-de\/#primaryimage"},"thumbnailUrl":"https:\/\/product-guide.org\/wp-content\/uploads\/2025\/03\/67634.jpg","datePublished":"2025-03-17T10:13:56+00:00","dateModified":"2025-03-17T10:13:57+00:00","description":"Geo F Trumper Seaweed Body Lotion (200 ml) | Gents DE gefunden von Product-Guide.org","breadcrumb":{"@id":"https:\/\/product-guide.org\/produkt\/geo-f-trumper-seaweed-body-lotion-200-ml-gents-de\/#breadcrumb"},"inLanguage":"en-GB","potentialAction":[{"@type":"ReadAction","target":["https:\/\/product-guide.org\/produkt\/geo-f-trumper-seaweed-body-lotion-200-ml-gents-de\/"]}]},{"@type":"ImageObject","inLanguage":"en-GB","@id":"https:\/\/product-guide.org\/produkt\/geo-f-trumper-seaweed-body-lotion-200-ml-gents-de\/#primaryimage","url":"https:\/\/product-guide.org\/wp-content\/uploads\/2025\/03\/67634.jpg","contentUrl":"https:\/\/product-guide.org\/wp-content\/uploads\/2025\/03\/67634.jpg","width":1200,"height":1200},{"@type":"BreadcrumbList","@id":"https:\/\/product-guide.org\/produkt\/geo-f-trumper-seaweed-body-lotion-200-ml-gents-de\/#breadcrumb","itemListElement":[{"@type":"ListItem","position":1,"name":"Home","item":"https:\/\/product-guide.org\/"},{"@type":"ListItem","position":2,"name":"Ergebnisse","item":"https:\/\/product-guide.org\/de\/ergebnisse\/"},{"@type":"ListItem","position":3,"name":"Geo F Trumper Seaweed Body Lotion (200 ml) | Gents DE"}]},{"@type":"WebSite","@id":"https:\/\/product-guide.org\/#website","url":"https:\/\/product-guide.org\/","name":"Product-Guide.org","description":"What Product are you looking for?","publisher":{"@id":"https:\/\/product-guide.org\/#organization"},"potentialAction":[{"@type":"SearchAction","target":{"@type":"EntryPoint","urlTemplate":"https:\/\/product-guide.org\/?s={search_term_string}"},"query-input":{"@type":"PropertyValueSpecification","valueRequired":true,"valueName":"search_term_string"}}],"inLanguage":"en-GB"},{"@type":"Organization","@id":"https:\/\/product-guide.org\/#organization","name":"Product-Guide.org","url":"https:\/\/product-guide.org\/","logo":{"@type":"ImageObject","inLanguage":"en-GB","@id":"https:\/\/product-guide.org\/#\/schema\/logo\/image\/","url":"https:\/\/product-guide.org\/wp-content\/uploads\/2022\/07\/logo_transparent_background.png","contentUrl":"https:\/\/product-guide.org\/wp-content\/uploads\/2022\/07\/logo_transparent_background.png","width":3400,"height":1132,"caption":"Product-Guide.org"},"image":{"@id":"https:\/\/product-guide.org\/#\/schema\/logo\/image\/"}}]}},"_links":{"self":[{"href":"https:\/\/product-guide.org\/en\/wp-json\/wp\/v2\/product\/51456","targetHints":{"allow":["GET"]}}],"collection":[{"href":"https:\/\/product-guide.org\/en\/wp-json\/wp\/v2\/product"}],"about":[{"href":"https:\/\/product-guide.org\/en\/wp-json\/wp\/v2\/types\/product"}],"wp:featuredmedia":[{"embeddable":true,"href":"https:\/\/product-guide.org\/en\/wp-json\/wp\/v2\/media\/51455"}],"wp:attachment":[{"href":"https:\/\/product-guide.org\/en\/wp-json\/wp\/v2\/media?parent=51456"}],"wp:term":[{"taxonomy":"store","embeddable":true,"href":"https:\/\/product-guide.org\/en\/wp-json\/wp\/v2\/store?post=51456"},{"taxonomy":"product_brand","embeddable":true,"href":"https:\/\/product-guide.org\/en\/wp-json\/wp\/v2\/product_brand?post=51456"},{"taxonomy":"product_cat","embeddable":true,"href":"https:\/\/product-guide.org\/en\/wp-json\/wp\/v2\/product_cat?post=51456"},{"taxonomy":"product_tag","embeddable":true,"href":"https:\/\/product-guide.org\/en\/wp-json\/wp\/v2\/product_tag?post=51456"}],"curies":[{"name":"wp","href":"https:\/\/api.w.org\/{rel}","templated":true}]}}